{"id":99974,"date":"2026-04-25T07:05:32","date_gmt":"2026-04-25T05:05:32","guid":{"rendered":"https:\/\/animefigurer.se\/?post_type=product&#038;p=99974"},"modified":"2026-04-25T10:20:51","modified_gmt":"2026-04-25T08:20:51","slug":"chained-soldier-tenka-izumo-swimsuit-ver-figure","status":"publish","type":"product","link":"https:\/\/animefigurer.se\/en\/figurer\/chained-soldier\/chained-soldier-tenka-izumo-swimsuit-ver-figure\/","title":{"rendered":"Chained Soldier: Tenka Izumo Swimsuit Ver (Figure)"},"content":{"rendered":"<p>En elegant figur av Tenka Izumo fr\u00e5n serien Chained Soldier, avbildad i en stilren baddr\u00e4ktsdesign som framh\u00e4ver karakt\u00e4rens sj\u00e4lvs\u00e4kra och charmiga uttryck. Skulpturen f\u00e5ngar fina detaljer och proportioner som ger ett imponerande helhetsintryck.Med h\u00f6gkvalitativa material och en stabil bas \u00e4r denna figur perfekt f\u00f6r b\u00e5de visning och samling, och ett m\u00e5ste f\u00f6r fans av serien.<\/p>","protected":false},"excerpt":{"rendered":"<p>En elegant figur av Tenka Izumo fr\u00e5n serien Chained Soldier, avbildad i en stilren baddr\u00e4ktsdesign som framh\u00e4ver karakt\u00e4rens sj\u00e4lvs\u00e4kra och charmiga uttryck. Skulpturen f\u00e5ngar fina detaljer och proportioner som ger ett imponerande helhetsintryck.Med h\u00f6gkvalitativa material och en stabil bas \u00e4r denna figur perfekt f\u00f6r b\u00e5de visning och samling, och ett m\u00e5ste f\u00f6r fans av serien.<\/p>","protected":false},"featured_media":99973,"comment_status":"closed","ping_status":"closed","template":"","meta":{"_acf_changed":false,"_monsterinsights_skip_tracking":false,"_monsterinsights_sitenote_active":false,"_monsterinsights_sitenote_note":"","_monsterinsights_sitenote_category":0},"product_brand":[7171],"product_cat":[1220],"product_tag":[26],"giftcard-category":[],"class_list":{"0":"post-99974","1":"product","2":"type-product","3":"status-publish","4":"has-post-thumbnail","6":"product_brand-union-creative","7":"product_cat-chained-soldier","8":"product_tag-pre-order","9":"pa_franchise-chained-soldier","10":"pa_karaktar-tenka-izumo","11":"pa_material-abs","12":"pa_material-pvc","13":"pa_skala-41","14":"pa_storlek-26-5-cm","16":"first","17":"instock","18":"taxable","19":"shipping-taxable","20":"purchasable","21":"product-type-simple"},"acf":[],"yoast_head":"<!-- This site is optimized with the Yoast SEO Premium plugin v24.6 (Yoast SEO v27.3) - https:\/\/yoast.com\/product\/yoast-seo-premium-wordpress\/ -->\n<title>Chained Soldier: Tenka Izumo Swimsuit Ver (Figure) | Animefigurer.se<\/title>\n<meta name=\"robots\" content=\"index, follow, max-snippet:-1, max-image-preview:large, max-video-preview:-1\" \/>\n<link rel=\"canonical\" href=\"https:\/\/animefigurer.se\/en\/figurer\/chained-soldier\/chained-soldier-tenka-izumo-swimsuit-ver-figure\/\" \/>\n<meta property=\"og:locale\" content=\"en_GB\" \/>\n<meta property=\"og:type\" content=\"article\" \/>\n<meta property=\"og:title\" content=\"Chained Soldier: Tenka Izumo Swimsuit Ver (Figure)\" \/>\n<meta property=\"og:description\" content=\"En elegant figur av Tenka Izumo fr\u00e5n serien Chained Soldier, avbildad i en stilren baddr\u00e4ktsdesign som framh\u00e4ver karakt\u00e4rens sj\u00e4lvs\u00e4kra och charmiga uttryck. Skulpturen f\u00e5ngar fina detaljer och proportioner som ger ett imponerande helhetsintryck.Med h\u00f6gkvalitativa material och en stabil bas \u00e4r denna figur perfekt f\u00f6r b\u00e5de visning och samling, och ett m\u00e5ste f\u00f6r fans av serien.\" \/>\n<meta property=\"og:url\" content=\"https:\/\/animefigurer.se\/en\/figurer\/chained-soldier\/chained-soldier-tenka-izumo-swimsuit-ver-figure\/\" \/>\n<meta property=\"og:site_name\" content=\"Animefigurer.se\" \/>\n<meta property=\"article:publisher\" content=\"https:\/\/www.facebook.com\/profile.php?id=61581826539670\" \/>\n<meta property=\"article:modified_time\" content=\"2026-04-25T08:20:51+00:00\" \/>\n<meta property=\"og:image\" content=\"https:\/\/animefigurer.se\/wp-content\/uploads\/2026\/04\/11375759a.jpg\" \/>\n\t<meta property=\"og:image:width\" content=\"1200\" \/>\n\t<meta property=\"og:image:height\" content=\"1200\" \/>\n\t<meta property=\"og:image:type\" content=\"image\/jpeg\" \/>\n<meta name=\"twitter:card\" content=\"summary_large_image\" \/>\n<meta name=\"twitter:label1\" content=\"Estimated reading time\" \/>\n\t<meta name=\"twitter:data1\" content=\"1 minute\" \/>\n<script type=\"application\/ld+json\" class=\"yoast-schema-graph\">{\"@context\":\"https:\\\/\\\/schema.org\",\"@graph\":[{\"@type\":\"WebPage\",\"@id\":\"https:\\\/\\\/animefigurer.se\\\/figurer\\\/chained-soldier\\\/chained-soldier-tenka-izumo-swimsuit-ver-figure\\\/\",\"url\":\"https:\\\/\\\/animefigurer.se\\\/figurer\\\/chained-soldier\\\/chained-soldier-tenka-izumo-swimsuit-ver-figure\\\/\",\"name\":\"Chained Soldier: Tenka Izumo Swimsuit Ver (Figure) | Animefigurer.se\",\"isPartOf\":{\"@id\":\"https:\\\/\\\/animefigurer.se\\\/#website\"},\"primaryImageOfPage\":{\"@id\":\"https:\\\/\\\/animefigurer.se\\\/figurer\\\/chained-soldier\\\/chained-soldier-tenka-izumo-swimsuit-ver-figure\\\/#primaryimage\"},\"image\":{\"@id\":\"https:\\\/\\\/animefigurer.se\\\/figurer\\\/chained-soldier\\\/chained-soldier-tenka-izumo-swimsuit-ver-figure\\\/#primaryimage\"},\"thumbnailUrl\":\"https:\\\/\\\/animefigurer.se\\\/wp-content\\\/uploads\\\/2026\\\/04\\\/11375759a.jpg\",\"datePublished\":\"2026-04-25T05:05:32+00:00\",\"dateModified\":\"2026-04-25T08:20:51+00:00\",\"breadcrumb\":{\"@id\":\"https:\\\/\\\/animefigurer.se\\\/figurer\\\/chained-soldier\\\/chained-soldier-tenka-izumo-swimsuit-ver-figure\\\/#breadcrumb\"},\"inLanguage\":\"en-GB\",\"potentialAction\":[{\"@type\":\"ReadAction\",\"target\":[\"https:\\\/\\\/animefigurer.se\\\/figurer\\\/chained-soldier\\\/chained-soldier-tenka-izumo-swimsuit-ver-figure\\\/\"]}]},{\"@type\":\"ImageObject\",\"inLanguage\":\"en-GB\",\"@id\":\"https:\\\/\\\/animefigurer.se\\\/figurer\\\/chained-soldier\\\/chained-soldier-tenka-izumo-swimsuit-ver-figure\\\/#primaryimage\",\"url\":\"https:\\\/\\\/animefigurer.se\\\/wp-content\\\/uploads\\\/2026\\\/04\\\/11375759a.jpg\",\"contentUrl\":\"https:\\\/\\\/animefigurer.se\\\/wp-content\\\/uploads\\\/2026\\\/04\\\/11375759a.jpg\",\"width\":1200,\"height\":1200},{\"@type\":\"BreadcrumbList\",\"@id\":\"https:\\\/\\\/animefigurer.se\\\/figurer\\\/chained-soldier\\\/chained-soldier-tenka-izumo-swimsuit-ver-figure\\\/#breadcrumb\",\"itemListElement\":[{\"@type\":\"ListItem\",\"position\":1,\"name\":\"Home\",\"item\":\"https:\\\/\\\/animefigurer.se\\\/\"},{\"@type\":\"ListItem\",\"position\":2,\"name\":\"Butik\",\"item\":\"https:\\\/\\\/animefigurer.se\\\/figurer\\\/\"},{\"@type\":\"ListItem\",\"position\":3,\"name\":\"Chained Soldier: Tenka Izumo Swimsuit Ver (Figure)\"}]},{\"@type\":\"WebSite\",\"@id\":\"https:\\\/\\\/animefigurer.se\\\/#website\",\"url\":\"https:\\\/\\\/animefigurer.se\\\/\",\"name\":\"Animefigurer.se\",\"description\":\"Anime figurer fr\u00e5n \u00f6ver 300 olika anime serier med \u00f6ver 9000 produkter | Anime Shop\",\"publisher\":{\"@id\":\"https:\\\/\\\/animefigurer.se\\\/#organization\"},\"potentialAction\":[{\"@type\":\"SearchAction\",\"target\":{\"@type\":\"EntryPoint\",\"urlTemplate\":\"https:\\\/\\\/animefigurer.se\\\/?s={search_term_string}\"},\"query-input\":{\"@type\":\"PropertyValueSpecification\",\"valueRequired\":true,\"valueName\":\"search_term_string\"}}],\"inLanguage\":\"en-GB\"},{\"@type\":\"Organization\",\"@id\":\"https:\\\/\\\/animefigurer.se\\\/#organization\",\"name\":\"Animefigurer.se\",\"alternateName\":\"Anime figurer | Anime shop\",\"url\":\"https:\\\/\\\/animefigurer.se\\\/\",\"logo\":{\"@type\":\"ImageObject\",\"inLanguage\":\"en-GB\",\"@id\":\"https:\\\/\\\/animefigurer.se\\\/#\\\/schema\\\/logo\\\/image\\\/\",\"url\":\"https:\\\/\\\/animefigurer.se\\\/wp-content\\\/uploads\\\/2025\\\/12\\\/Animefigurer_logowhite.png\",\"contentUrl\":\"https:\\\/\\\/animefigurer.se\\\/wp-content\\\/uploads\\\/2025\\\/12\\\/Animefigurer_logowhite.png\",\"width\":1890,\"height\":1417,\"caption\":\"Animefigurer.se\"},\"image\":{\"@id\":\"https:\\\/\\\/animefigurer.se\\\/#\\\/schema\\\/logo\\\/image\\\/\"},\"sameAs\":[\"https:\\\/\\\/www.facebook.com\\\/profile.php?id=61581826539670\",\"https:\\\/\\\/www.instagram.com\\\/animefigurer.se\\\/\"],\"email\":\"info@animefigurer.se\"}]}<\/script>\n<!-- \/ Yoast SEO Premium plugin. -->","yoast_head_json":{"title":"Chained Soldier: Tenka Izumo Swimsuit Ver (Figure) | Animefigurer.se","robots":{"index":"index","follow":"follow","max-snippet":"max-snippet:-1","max-image-preview":"max-image-preview:large","max-video-preview":"max-video-preview:-1"},"canonical":"https:\/\/animefigurer.se\/en\/figurer\/chained-soldier\/chained-soldier-tenka-izumo-swimsuit-ver-figure\/","og_locale":"en_GB","og_type":"article","og_title":"Chained Soldier: Tenka Izumo Swimsuit Ver (Figure)","og_description":"En elegant figur av Tenka Izumo fr\u00e5n serien Chained Soldier, avbildad i en stilren baddr\u00e4ktsdesign som framh\u00e4ver karakt\u00e4rens sj\u00e4lvs\u00e4kra och charmiga uttryck. Skulpturen f\u00e5ngar fina detaljer och proportioner som ger ett imponerande helhetsintryck.Med h\u00f6gkvalitativa material och en stabil bas \u00e4r denna figur perfekt f\u00f6r b\u00e5de visning och samling, och ett m\u00e5ste f\u00f6r fans av serien.","og_url":"https:\/\/animefigurer.se\/en\/figurer\/chained-soldier\/chained-soldier-tenka-izumo-swimsuit-ver-figure\/","og_site_name":"Animefigurer.se","article_publisher":"https:\/\/www.facebook.com\/profile.php?id=61581826539670","article_modified_time":"2026-04-25T08:20:51+00:00","og_image":[{"width":1200,"height":1200,"url":"https:\/\/animefigurer.se\/wp-content\/uploads\/2026\/04\/11375759a.jpg","type":"image\/jpeg"}],"twitter_card":"summary_large_image","twitter_misc":{"Estimated reading time":"1 minute"},"schema":{"@context":"https:\/\/schema.org","@graph":[{"@type":"WebPage","@id":"https:\/\/animefigurer.se\/figurer\/chained-soldier\/chained-soldier-tenka-izumo-swimsuit-ver-figure\/","url":"https:\/\/animefigurer.se\/figurer\/chained-soldier\/chained-soldier-tenka-izumo-swimsuit-ver-figure\/","name":"Chained Soldier: Tenka Izumo Swimsuit Ver (Figure) | Animefigurer.se","isPartOf":{"@id":"https:\/\/animefigurer.se\/#website"},"primaryImageOfPage":{"@id":"https:\/\/animefigurer.se\/figurer\/chained-soldier\/chained-soldier-tenka-izumo-swimsuit-ver-figure\/#primaryimage"},"image":{"@id":"https:\/\/animefigurer.se\/figurer\/chained-soldier\/chained-soldier-tenka-izumo-swimsuit-ver-figure\/#primaryimage"},"thumbnailUrl":"https:\/\/animefigurer.se\/wp-content\/uploads\/2026\/04\/11375759a.jpg","datePublished":"2026-04-25T05:05:32+00:00","dateModified":"2026-04-25T08:20:51+00:00","breadcrumb":{"@id":"https:\/\/animefigurer.se\/figurer\/chained-soldier\/chained-soldier-tenka-izumo-swimsuit-ver-figure\/#breadcrumb"},"inLanguage":"en-GB","potentialAction":[{"@type":"ReadAction","target":["https:\/\/animefigurer.se\/figurer\/chained-soldier\/chained-soldier-tenka-izumo-swimsuit-ver-figure\/"]}]},{"@type":"ImageObject","inLanguage":"en-GB","@id":"https:\/\/animefigurer.se\/figurer\/chained-soldier\/chained-soldier-tenka-izumo-swimsuit-ver-figure\/#primaryimage","url":"https:\/\/animefigurer.se\/wp-content\/uploads\/2026\/04\/11375759a.jpg","contentUrl":"https:\/\/animefigurer.se\/wp-content\/uploads\/2026\/04\/11375759a.jpg","width":1200,"height":1200},{"@type":"BreadcrumbList","@id":"https:\/\/animefigurer.se\/figurer\/chained-soldier\/chained-soldier-tenka-izumo-swimsuit-ver-figure\/#breadcrumb","itemListElement":[{"@type":"ListItem","position":1,"name":"Home","item":"https:\/\/animefigurer.se\/"},{"@type":"ListItem","position":2,"name":"Butik","item":"https:\/\/animefigurer.se\/figurer\/"},{"@type":"ListItem","position":3,"name":"Chained Soldier: Tenka Izumo Swimsuit Ver (Figure)"}]},{"@type":"WebSite","@id":"https:\/\/animefigurer.se\/#website","url":"https:\/\/animefigurer.se\/","name":"Animefigurer.se","description":"Anime figures from over 300 different anime series with over 9000 products | Anime Shop","publisher":{"@id":"https:\/\/animefigurer.se\/#organization"},"potentialAction":[{"@type":"SearchAction","target":{"@type":"EntryPoint","urlTemplate":"https:\/\/animefigurer.se\/?s={search_term_string}"},"query-input":{"@type":"PropertyValueSpecification","valueRequired":true,"valueName":"search_term_string"}}],"inLanguage":"en-GB"},{"@type":"Organization","@id":"https:\/\/animefigurer.se\/#organization","name":"Animefigurer.se","alternateName":"Anime figurer | Anime shop","url":"https:\/\/animefigurer.se\/","logo":{"@type":"ImageObject","inLanguage":"en-GB","@id":"https:\/\/animefigurer.se\/#\/schema\/logo\/image\/","url":"https:\/\/animefigurer.se\/wp-content\/uploads\/2025\/12\/Animefigurer_logowhite.png","contentUrl":"https:\/\/animefigurer.se\/wp-content\/uploads\/2025\/12\/Animefigurer_logowhite.png","width":1890,"height":1417,"caption":"Animefigurer.se"},"image":{"@id":"https:\/\/animefigurer.se\/#\/schema\/logo\/image\/"},"sameAs":["https:\/\/www.facebook.com\/profile.php?id=61581826539670","https:\/\/www.instagram.com\/animefigurer.se\/"],"email":"info@animefigurer.se"}]}},"_links":{"self":[{"href":"https:\/\/animefigurer.se\/en\/wp-json\/wp\/v2\/product\/99974","targetHints":{"allow":["GET"]}}],"collection":[{"href":"https:\/\/animefigurer.se\/en\/wp-json\/wp\/v2\/product"}],"about":[{"href":"https:\/\/animefigurer.se\/en\/wp-json\/wp\/v2\/types\/product"}],"replies":[{"embeddable":true,"href":"https:\/\/animefigurer.se\/en\/wp-json\/wp\/v2\/comments?post=99974"}],"wp:featuredmedia":[{"embeddable":true,"href":"https:\/\/animefigurer.se\/en\/wp-json\/wp\/v2\/media\/99973"}],"wp:attachment":[{"href":"https:\/\/animefigurer.se\/en\/wp-json\/wp\/v2\/media?parent=99974"}],"wp:term":[{"taxonomy":"product_brand","embeddable":true,"href":"https:\/\/animefigurer.se\/en\/wp-json\/wp\/v2\/product_brand?post=99974"},{"taxonomy":"product_cat","embeddable":true,"href":"https:\/\/animefigurer.se\/en\/wp-json\/wp\/v2\/product_cat?post=99974"},{"taxonomy":"product_tag","embeddable":true,"href":"https:\/\/animefigurer.se\/en\/wp-json\/wp\/v2\/product_tag?post=99974"},{"taxonomy":"giftcard-category","embeddable":true,"href":"https:\/\/animefigurer.se\/en\/wp-json\/wp\/v2\/giftcard-category?post=99974"}],"curies":[{"name":"wp","href":"https:\/\/api.w.org\/{rel}","templated":true}]}}