{"id":9993,"date":"2025-10-20T16:55:46","date_gmt":"2025-10-20T14:55:46","guid":{"rendered":"https:\/\/animefigurer.se\/produkt\/bleach-thousand-year-blood-war-akihabara-legend-ichigo-kurosaki-1-8-scale-figure\/"},"modified":"2026-03-19T06:42:29","modified_gmt":"2026-03-19T05:42:29","slug":"bleach-thousand-year-blood-war-akihabara-legend-ichigo-kurosaki-1-8-scale-figure","status":"publish","type":"product","link":"https:\/\/animefigurer.se\/en\/figurer\/bleach\/bleach-thousand-year-blood-war-akihabara-legend-ichigo-kurosaki-1-8-scale-figure\/","title":{"rendered":"Bleach: Thousand-Year Blood War Akihabara Legend Ichigo Kurosaki 1\/8 Scale Figure"},"content":{"rendered":"<p>Akihabara Legend Figure (ALF) is a collaboration between Chibi Akihabara and Kitsune Statue that captures iconic moments from your favorite manga. This edition depicts Ichigo Kurosaki from Bleach: Thousand-Year Blood War in his first appearance as a Shinigami.<\/p>\n<p>The statue depicts Ichigo saving two Shinigami from a Hollow attack, his sword resting on his shoulder and spiritual pressure preparing him for battle. The Kitsune Statue has chosen the moment just before the activation of his Bankai, where he smiles and is ready to protect Karakura from the night&#039;s intrusion.<\/p>\n<p>The base is designed as the top of the building that cracked during the first battles, and details like tattoos and the chain on the sword flying over his shoulder are carefully reproduced.<\/p>","protected":false},"excerpt":{"rendered":"<p>Akihabara Legend Figure (ALF) is a collaboration between Chibi Akihabara and Kitsune Statue that captures iconic moments from your favorite manga. This edition depicts Ichigo Kurosaki from Bleach: Thousand-Year Blood War in his first appearance as a Shinigami.<\/p>\n<p>The statue shows Ichigo rescuing t<\/p>","protected":false},"featured_media":9994,"comment_status":"closed","ping_status":"closed","template":"","meta":{"_acf_changed":false,"_monsterinsights_skip_tracking":false,"_monsterinsights_sitenote_active":false,"_monsterinsights_sitenote_note":"","_monsterinsights_sitenote_category":0},"product_brand":[7042],"product_cat":[946],"product_tag":[24],"giftcard-category":[],"class_list":{"0":"post-9993","1":"product","2":"type-product","3":"status-publish","4":"has-post-thumbnail","6":"product_brand-kitsune-statue","7":"product_cat-bleach","8":"product_tag-2-3-weeks","9":"pa_franchise-bleach-thousand-year-blood-war","10":"pa_karaktar-ichigo","11":"pa_material-pvc","12":"pa_skala-554","13":"pa_storlek-29-cm","15":"first","16":"instock","17":"taxable","18":"shipping-taxable","19":"purchasable","20":"product-type-simple"},"acf":[],"yoast_head":"<!-- This site is optimized with the Yoast SEO Premium plugin v24.6 (Yoast SEO v27.4) - https:\/\/yoast.com\/product\/yoast-seo-premium-wordpress\/ -->\n<title>Bleach: Thousand-Year Blood War Akihabara Legend Ichigo Kurosaki 1\/8 Scale Figure | Animefigurer.se<\/title>\n<meta name=\"robots\" content=\"index, follow, max-snippet:-1, max-image-preview:large, max-video-preview:-1\" \/>\n<link rel=\"canonical\" href=\"https:\/\/animefigurer.se\/en\/figurer\/bleach\/bleach-thousand-year-blood-war-akihabara-legend-ichigo-kurosaki-1-8-scale-figure\/\" \/>\n<meta property=\"og:locale\" content=\"en_GB\" \/>\n<meta property=\"og:type\" content=\"article\" \/>\n<meta property=\"og:title\" content=\"Bleach: Thousand-Year Blood War Akihabara Legend Ichigo Kurosaki 1\/8 Scale Figure\" \/>\n<meta property=\"og:description\" content=\"Akihabara Legend Figure (ALF) \u00e4r ett samarbete mellan Chibi Akihabara och Kitsune Statue som f\u00e5ngar ikoniska \u00f6gonblick fr\u00e5n din favoritmanga. I denna utg\u00e5va framst\u00e4lls Ichigo Kurosaki fr\u00e5n Bleach: Thousand-Year Blood War i sitt f\u00f6rsta framtr\u00e4dande som Shinigami.  Statyn visar Ichigo n\u00e4r han r\u00e4ddar t\" \/>\n<meta property=\"og:url\" content=\"https:\/\/animefigurer.se\/en\/figurer\/bleach\/bleach-thousand-year-blood-war-akihabara-legend-ichigo-kurosaki-1-8-scale-figure\/\" \/>\n<meta property=\"og:site_name\" content=\"Animefigurer.se\" \/>\n<meta property=\"article:publisher\" content=\"https:\/\/www.facebook.com\/profile.php?id=61581826539670\" \/>\n<meta property=\"article:modified_time\" content=\"2026-03-19T05:42:29+00:00\" \/>\n<meta property=\"og:image\" content=\"https:\/\/animefigurer.se\/wp-content\/uploads\/2025\/12\/Animefigurer_logowhite.png\" \/>\n\t<meta property=\"og:image:width\" content=\"1890\" \/>\n\t<meta property=\"og:image:height\" content=\"1417\" \/>\n\t<meta property=\"og:image:type\" content=\"image\/png\" \/>\n<meta name=\"twitter:card\" content=\"summary_large_image\" \/>\n<meta name=\"twitter:label1\" content=\"Estimated reading time\" \/>\n\t<meta name=\"twitter:data1\" content=\"1 minute\" \/>\n<script type=\"application\/ld+json\" class=\"yoast-schema-graph\">{\"@context\":\"https:\\\/\\\/schema.org\",\"@graph\":[{\"@type\":\"WebPage\",\"@id\":\"https:\\\/\\\/animefigurer.se\\\/figurer\\\/bleach\\\/bleach-thousand-year-blood-war-akihabara-legend-ichigo-kurosaki-1-8-scale-figure\\\/\",\"url\":\"https:\\\/\\\/animefigurer.se\\\/figurer\\\/bleach\\\/bleach-thousand-year-blood-war-akihabara-legend-ichigo-kurosaki-1-8-scale-figure\\\/\",\"name\":\"Bleach: Thousand-Year Blood War Akihabara Legend Ichigo Kurosaki 1\\\/8 Scale Figure | Animefigurer.se\",\"isPartOf\":{\"@id\":\"https:\\\/\\\/animefigurer.se\\\/#website\"},\"primaryImageOfPage\":{\"@id\":\"https:\\\/\\\/animefigurer.se\\\/figurer\\\/bleach\\\/bleach-thousand-year-blood-war-akihabara-legend-ichigo-kurosaki-1-8-scale-figure\\\/#primaryimage\"},\"image\":{\"@id\":\"https:\\\/\\\/animefigurer.se\\\/figurer\\\/bleach\\\/bleach-thousand-year-blood-war-akihabara-legend-ichigo-kurosaki-1-8-scale-figure\\\/#primaryimage\"},\"thumbnailUrl\":\"https:\\\/\\\/animefigurer.se\\\/wp-content\\\/uploads\\\/2025\\\/10\\\/675c53c2e5f74.jpeg\",\"datePublished\":\"2025-10-20T14:55:46+00:00\",\"dateModified\":\"2026-03-19T05:42:29+00:00\",\"breadcrumb\":{\"@id\":\"https:\\\/\\\/animefigurer.se\\\/figurer\\\/bleach\\\/bleach-thousand-year-blood-war-akihabara-legend-ichigo-kurosaki-1-8-scale-figure\\\/#breadcrumb\"},\"inLanguage\":\"en-GB\",\"potentialAction\":[{\"@type\":\"ReadAction\",\"target\":[\"https:\\\/\\\/animefigurer.se\\\/figurer\\\/bleach\\\/bleach-thousand-year-blood-war-akihabara-legend-ichigo-kurosaki-1-8-scale-figure\\\/\"]}]},{\"@type\":\"ImageObject\",\"inLanguage\":\"en-GB\",\"@id\":\"https:\\\/\\\/animefigurer.se\\\/figurer\\\/bleach\\\/bleach-thousand-year-blood-war-akihabara-legend-ichigo-kurosaki-1-8-scale-figure\\\/#primaryimage\",\"url\":\"https:\\\/\\\/animefigurer.se\\\/wp-content\\\/uploads\\\/2025\\\/10\\\/675c53c2e5f74.jpeg\",\"contentUrl\":\"https:\\\/\\\/animefigurer.se\\\/wp-content\\\/uploads\\\/2025\\\/10\\\/675c53c2e5f74.jpeg\",\"width\":720,\"height\":540},{\"@type\":\"BreadcrumbList\",\"@id\":\"https:\\\/\\\/animefigurer.se\\\/figurer\\\/bleach\\\/bleach-thousand-year-blood-war-akihabara-legend-ichigo-kurosaki-1-8-scale-figure\\\/#breadcrumb\",\"itemListElement\":[{\"@type\":\"ListItem\",\"position\":1,\"name\":\"Home\",\"item\":\"https:\\\/\\\/animefigurer.se\\\/\"},{\"@type\":\"ListItem\",\"position\":2,\"name\":\"Butik\",\"item\":\"https:\\\/\\\/animefigurer.se\\\/figurer\\\/\"},{\"@type\":\"ListItem\",\"position\":3,\"name\":\"Bleach: Thousand-Year Blood War Akihabara Legend Ichigo Kurosaki 1\\\/8 Scale Figure\"}]},{\"@type\":\"WebSite\",\"@id\":\"https:\\\/\\\/animefigurer.se\\\/#website\",\"url\":\"https:\\\/\\\/animefigurer.se\\\/\",\"name\":\"Animefigurer.se\",\"description\":\"Anime figurer fr\u00e5n \u00f6ver 300 olika anime serier med \u00f6ver 9000 produkter | Anime Shop\",\"publisher\":{\"@id\":\"https:\\\/\\\/animefigurer.se\\\/#organization\"},\"potentialAction\":[{\"@type\":\"SearchAction\",\"target\":{\"@type\":\"EntryPoint\",\"urlTemplate\":\"https:\\\/\\\/animefigurer.se\\\/?s={search_term_string}\"},\"query-input\":{\"@type\":\"PropertyValueSpecification\",\"valueRequired\":true,\"valueName\":\"search_term_string\"}}],\"inLanguage\":\"en-GB\"},{\"@type\":\"Organization\",\"@id\":\"https:\\\/\\\/animefigurer.se\\\/#organization\",\"name\":\"Animefigurer.se\",\"alternateName\":\"Anime figurer | Anime shop\",\"url\":\"https:\\\/\\\/animefigurer.se\\\/\",\"logo\":{\"@type\":\"ImageObject\",\"inLanguage\":\"en-GB\",\"@id\":\"https:\\\/\\\/animefigurer.se\\\/#\\\/schema\\\/logo\\\/image\\\/\",\"url\":\"https:\\\/\\\/animefigurer.se\\\/wp-content\\\/uploads\\\/2025\\\/12\\\/Animefigurer_logowhite.png\",\"contentUrl\":\"https:\\\/\\\/animefigurer.se\\\/wp-content\\\/uploads\\\/2025\\\/12\\\/Animefigurer_logowhite.png\",\"width\":1890,\"height\":1417,\"caption\":\"Animefigurer.se\"},\"image\":{\"@id\":\"https:\\\/\\\/animefigurer.se\\\/#\\\/schema\\\/logo\\\/image\\\/\"},\"sameAs\":[\"https:\\\/\\\/www.facebook.com\\\/profile.php?id=61581826539670\",\"https:\\\/\\\/www.instagram.com\\\/animefigurer.se\\\/\"],\"email\":\"info@animefigurer.se\"}]}<\/script>\n<!-- \/ Yoast SEO Premium plugin. -->","yoast_head_json":{"title":"Bleach: Thousand-Year Blood War Akihabara Legend Ichigo Kurosaki 1\/8 Scale Figure | Animefigurer.se","robots":{"index":"index","follow":"follow","max-snippet":"max-snippet:-1","max-image-preview":"max-image-preview:large","max-video-preview":"max-video-preview:-1"},"canonical":"https:\/\/animefigurer.se\/en\/figurer\/bleach\/bleach-thousand-year-blood-war-akihabara-legend-ichigo-kurosaki-1-8-scale-figure\/","og_locale":"en_GB","og_type":"article","og_title":"Bleach: Thousand-Year Blood War Akihabara Legend Ichigo Kurosaki 1\/8 Scale Figure","og_description":"Akihabara Legend Figure (ALF) \u00e4r ett samarbete mellan Chibi Akihabara och Kitsune Statue som f\u00e5ngar ikoniska \u00f6gonblick fr\u00e5n din favoritmanga. I denna utg\u00e5va framst\u00e4lls Ichigo Kurosaki fr\u00e5n Bleach: Thousand-Year Blood War i sitt f\u00f6rsta framtr\u00e4dande som Shinigami.  Statyn visar Ichigo n\u00e4r han r\u00e4ddar t","og_url":"https:\/\/animefigurer.se\/en\/figurer\/bleach\/bleach-thousand-year-blood-war-akihabara-legend-ichigo-kurosaki-1-8-scale-figure\/","og_site_name":"Animefigurer.se","article_publisher":"https:\/\/www.facebook.com\/profile.php?id=61581826539670","article_modified_time":"2026-03-19T05:42:29+00:00","og_image":[{"width":1890,"height":1417,"url":"https:\/\/animefigurer.se\/wp-content\/uploads\/2025\/12\/Animefigurer_logowhite.png","type":"image\/png"}],"twitter_card":"summary_large_image","twitter_misc":{"Estimated reading time":"1 minute"},"schema":{"@context":"https:\/\/schema.org","@graph":[{"@type":"WebPage","@id":"https:\/\/animefigurer.se\/figurer\/bleach\/bleach-thousand-year-blood-war-akihabara-legend-ichigo-kurosaki-1-8-scale-figure\/","url":"https:\/\/animefigurer.se\/figurer\/bleach\/bleach-thousand-year-blood-war-akihabara-legend-ichigo-kurosaki-1-8-scale-figure\/","name":"Bleach: Thousand-Year Blood War Akihabara Legend Ichigo Kurosaki 1\/8 Scale Figure | Animefigurer.se","isPartOf":{"@id":"https:\/\/animefigurer.se\/#website"},"primaryImageOfPage":{"@id":"https:\/\/animefigurer.se\/figurer\/bleach\/bleach-thousand-year-blood-war-akihabara-legend-ichigo-kurosaki-1-8-scale-figure\/#primaryimage"},"image":{"@id":"https:\/\/animefigurer.se\/figurer\/bleach\/bleach-thousand-year-blood-war-akihabara-legend-ichigo-kurosaki-1-8-scale-figure\/#primaryimage"},"thumbnailUrl":"https:\/\/animefigurer.se\/wp-content\/uploads\/2025\/10\/675c53c2e5f74.jpeg","datePublished":"2025-10-20T14:55:46+00:00","dateModified":"2026-03-19T05:42:29+00:00","breadcrumb":{"@id":"https:\/\/animefigurer.se\/figurer\/bleach\/bleach-thousand-year-blood-war-akihabara-legend-ichigo-kurosaki-1-8-scale-figure\/#breadcrumb"},"inLanguage":"en-GB","potentialAction":[{"@type":"ReadAction","target":["https:\/\/animefigurer.se\/figurer\/bleach\/bleach-thousand-year-blood-war-akihabara-legend-ichigo-kurosaki-1-8-scale-figure\/"]}]},{"@type":"ImageObject","inLanguage":"en-GB","@id":"https:\/\/animefigurer.se\/figurer\/bleach\/bleach-thousand-year-blood-war-akihabara-legend-ichigo-kurosaki-1-8-scale-figure\/#primaryimage","url":"https:\/\/animefigurer.se\/wp-content\/uploads\/2025\/10\/675c53c2e5f74.jpeg","contentUrl":"https:\/\/animefigurer.se\/wp-content\/uploads\/2025\/10\/675c53c2e5f74.jpeg","width":720,"height":540},{"@type":"BreadcrumbList","@id":"https:\/\/animefigurer.se\/figurer\/bleach\/bleach-thousand-year-blood-war-akihabara-legend-ichigo-kurosaki-1-8-scale-figure\/#breadcrumb","itemListElement":[{"@type":"ListItem","position":1,"name":"Home","item":"https:\/\/animefigurer.se\/"},{"@type":"ListItem","position":2,"name":"Butik","item":"https:\/\/animefigurer.se\/figurer\/"},{"@type":"ListItem","position":3,"name":"Bleach: Thousand-Year Blood War Akihabara Legend Ichigo Kurosaki 1\/8 Scale Figure"}]},{"@type":"WebSite","@id":"https:\/\/animefigurer.se\/#website","url":"https:\/\/animefigurer.se\/","name":"Animefigurer.se","description":"Anime figures from over 300 different anime series with over 9000 products | Anime Shop","publisher":{"@id":"https:\/\/animefigurer.se\/#organization"},"potentialAction":[{"@type":"SearchAction","target":{"@type":"EntryPoint","urlTemplate":"https:\/\/animefigurer.se\/?s={search_term_string}"},"query-input":{"@type":"PropertyValueSpecification","valueRequired":true,"valueName":"search_term_string"}}],"inLanguage":"en-GB"},{"@type":"Organization","@id":"https:\/\/animefigurer.se\/#organization","name":"Animefigurer.se","alternateName":"Anime figurer | Anime shop","url":"https:\/\/animefigurer.se\/","logo":{"@type":"ImageObject","inLanguage":"en-GB","@id":"https:\/\/animefigurer.se\/#\/schema\/logo\/image\/","url":"https:\/\/animefigurer.se\/wp-content\/uploads\/2025\/12\/Animefigurer_logowhite.png","contentUrl":"https:\/\/animefigurer.se\/wp-content\/uploads\/2025\/12\/Animefigurer_logowhite.png","width":1890,"height":1417,"caption":"Animefigurer.se"},"image":{"@id":"https:\/\/animefigurer.se\/#\/schema\/logo\/image\/"},"sameAs":["https:\/\/www.facebook.com\/profile.php?id=61581826539670","https:\/\/www.instagram.com\/animefigurer.se\/"],"email":"info@animefigurer.se"}]}},"_links":{"self":[{"href":"https:\/\/animefigurer.se\/en\/wp-json\/wp\/v2\/product\/9993","targetHints":{"allow":["GET"]}}],"collection":[{"href":"https:\/\/animefigurer.se\/en\/wp-json\/wp\/v2\/product"}],"about":[{"href":"https:\/\/animefigurer.se\/en\/wp-json\/wp\/v2\/types\/product"}],"replies":[{"embeddable":true,"href":"https:\/\/animefigurer.se\/en\/wp-json\/wp\/v2\/comments?post=9993"}],"wp:featuredmedia":[{"embeddable":true,"href":"https:\/\/animefigurer.se\/en\/wp-json\/wp\/v2\/media\/9994"}],"wp:attachment":[{"href":"https:\/\/animefigurer.se\/en\/wp-json\/wp\/v2\/media?parent=9993"}],"wp:term":[{"taxonomy":"product_brand","embeddable":true,"href":"https:\/\/animefigurer.se\/en\/wp-json\/wp\/v2\/product_brand?post=9993"},{"taxonomy":"product_cat","embeddable":true,"href":"https:\/\/animefigurer.se\/en\/wp-json\/wp\/v2\/product_cat?post=9993"},{"taxonomy":"product_tag","embeddable":true,"href":"https:\/\/animefigurer.se\/en\/wp-json\/wp\/v2\/product_tag?post=9993"},{"taxonomy":"giftcard-category","embeddable":true,"href":"https:\/\/animefigurer.se\/en\/wp-json\/wp\/v2\/giftcard-category?post=9993"}],"curies":[{"name":"wp","href":"https:\/\/api.w.org\/{rel}","templated":true}]}}