{"id":99809,"date":"2026-04-25T07:04:24","date_gmt":"2026-04-25T05:04:24","guid":{"rendered":"https:\/\/animefigurer.se\/?post_type=product&#038;p=99809"},"modified":"2026-04-25T10:35:35","modified_gmt":"2026-04-25T08:35:35","slug":"girls-frontline-2-exilium-figma-action-figure-tololo-15-cm","status":"publish","type":"product","link":"https:\/\/animefigurer.se\/en\/figurer\/girls-frontline\/girls-frontline-2-exilium-figma-action-figure-tololo-15-cm\/","title":{"rendered":"Girls&#8217; Frontline 2: Exilium Figma Action Figure Tololo 15 cm"},"content":{"rendered":"<p>En detaljerad figma-actionfigur av Tololo fr\u00e5n Girls&#8217; Frontline 2: Exilium. Figuren har flera utbytbara ansiktsuttryck och tillbeh\u00f6r som ger stor flexibilitet f\u00f6r olika poser och displayalternativ.Levereras med vapen och dr\u00f6nare samt artikulerade delar, vilket g\u00f6r den perfekt f\u00f6r b\u00e5de samlare och fans som vill \u00e5terskapa dynamiska scener.<\/p>","protected":false},"excerpt":{"rendered":"<p>En detaljerad figma-actionfigur av Tololo fr\u00e5n Girls&#8217; Frontline 2: Exilium. Figuren har flera utbytbara ansiktsuttryck och tillbeh\u00f6r som ger stor flexibilitet f\u00f6r olika poser och displayalternativ.Levereras med vapen och dr\u00f6nare samt artikulerade delar, vilket g\u00f6r den perfekt f\u00f6r b\u00e5de samlare och fans som vill \u00e5terskapa dynamiska scener.<\/p>","protected":false},"featured_media":99808,"comment_status":"closed","ping_status":"closed","template":"","meta":{"_acf_changed":false,"_monsterinsights_skip_tracking":false,"_monsterinsights_sitenote_active":false,"_monsterinsights_sitenote_note":"","_monsterinsights_sitenote_category":0},"product_brand":[7055],"product_cat":[2517],"product_tag":[26],"giftcard-category":[],"class_list":{"0":"post-99809","1":"product","2":"type-product","3":"status-publish","4":"has-post-thumbnail","6":"product_brand-max-factory","7":"product_cat-girls-frontline","8":"product_tag-pre-order","9":"pa_franchise-girls-frontline","10":"pa_karaktar-tololo","11":"pa_material-plastic","12":"pa_produktserie-figma","13":"pa_storlek-15-cm","15":"first","16":"instock","17":"taxable","18":"shipping-taxable","19":"purchasable","20":"product-type-simple"},"acf":[],"yoast_head":"<!-- This site is optimized with the Yoast SEO Premium plugin v24.6 (Yoast SEO v27.4) - https:\/\/yoast.com\/product\/yoast-seo-premium-wordpress\/ -->\n<title>Girls&#039; Frontline 2: Exilium Figma Action Figure Tololo 15 cm | Animefigurer.se<\/title>\n<meta name=\"robots\" content=\"index, follow, max-snippet:-1, max-image-preview:large, max-video-preview:-1\" \/>\n<link rel=\"canonical\" href=\"https:\/\/animefigurer.se\/en\/figurer\/girls-frontline\/girls-frontline-2-exilium-figma-action-figure-tololo-15-cm\/\" \/>\n<meta property=\"og:locale\" content=\"en_GB\" \/>\n<meta property=\"og:type\" content=\"article\" \/>\n<meta property=\"og:title\" content=\"Girls&#039; Frontline 2: Exilium Figma Action Figure Tololo 15 cm\" \/>\n<meta property=\"og:description\" content=\"En detaljerad figma-actionfigur av Tololo fr\u00e5n Girls&#8217; Frontline 2: Exilium. Figuren har flera utbytbara ansiktsuttryck och tillbeh\u00f6r som ger stor flexibilitet f\u00f6r olika poser och displayalternativ.Levereras med vapen och dr\u00f6nare samt artikulerade delar, vilket g\u00f6r den perfekt f\u00f6r b\u00e5de samlare och fans som vill \u00e5terskapa dynamiska scener.\" \/>\n<meta property=\"og:url\" content=\"https:\/\/animefigurer.se\/en\/figurer\/girls-frontline\/girls-frontline-2-exilium-figma-action-figure-tololo-15-cm\/\" \/>\n<meta property=\"og:site_name\" content=\"Animefigurer.se\" \/>\n<meta property=\"article:publisher\" content=\"https:\/\/www.facebook.com\/profile.php?id=61581826539670\" \/>\n<meta property=\"article:modified_time\" content=\"2026-04-25T08:35:35+00:00\" \/>\n<meta property=\"og:image\" content=\"https:\/\/animefigurer.se\/wp-content\/uploads\/2026\/04\/x_mafc07035.jpg\" \/>\n\t<meta property=\"og:image:width\" content=\"749\" \/>\n\t<meta property=\"og:image:height\" content=\"1000\" \/>\n\t<meta property=\"og:image:type\" content=\"image\/jpeg\" \/>\n<meta name=\"twitter:card\" content=\"summary_large_image\" \/>\n<meta name=\"twitter:label1\" content=\"Estimated reading time\" \/>\n\t<meta name=\"twitter:data1\" content=\"1 minute\" \/>\n<script type=\"application\/ld+json\" class=\"yoast-schema-graph\">{\"@context\":\"https:\\\/\\\/schema.org\",\"@graph\":[{\"@type\":\"WebPage\",\"@id\":\"https:\\\/\\\/animefigurer.se\\\/figurer\\\/girls-frontline\\\/girls-frontline-2-exilium-figma-action-figure-tololo-15-cm\\\/\",\"url\":\"https:\\\/\\\/animefigurer.se\\\/figurer\\\/girls-frontline\\\/girls-frontline-2-exilium-figma-action-figure-tololo-15-cm\\\/\",\"name\":\"Girls' Frontline 2: Exilium Figma Action Figure Tololo 15 cm | Animefigurer.se\",\"isPartOf\":{\"@id\":\"https:\\\/\\\/animefigurer.se\\\/#website\"},\"primaryImageOfPage\":{\"@id\":\"https:\\\/\\\/animefigurer.se\\\/figurer\\\/girls-frontline\\\/girls-frontline-2-exilium-figma-action-figure-tololo-15-cm\\\/#primaryimage\"},\"image\":{\"@id\":\"https:\\\/\\\/animefigurer.se\\\/figurer\\\/girls-frontline\\\/girls-frontline-2-exilium-figma-action-figure-tololo-15-cm\\\/#primaryimage\"},\"thumbnailUrl\":\"https:\\\/\\\/animefigurer.se\\\/wp-content\\\/uploads\\\/2026\\\/04\\\/x_mafc07035.jpg\",\"datePublished\":\"2026-04-25T05:04:24+00:00\",\"dateModified\":\"2026-04-25T08:35:35+00:00\",\"breadcrumb\":{\"@id\":\"https:\\\/\\\/animefigurer.se\\\/figurer\\\/girls-frontline\\\/girls-frontline-2-exilium-figma-action-figure-tololo-15-cm\\\/#breadcrumb\"},\"inLanguage\":\"en-GB\",\"potentialAction\":[{\"@type\":\"ReadAction\",\"target\":[\"https:\\\/\\\/animefigurer.se\\\/figurer\\\/girls-frontline\\\/girls-frontline-2-exilium-figma-action-figure-tololo-15-cm\\\/\"]}]},{\"@type\":\"ImageObject\",\"inLanguage\":\"en-GB\",\"@id\":\"https:\\\/\\\/animefigurer.se\\\/figurer\\\/girls-frontline\\\/girls-frontline-2-exilium-figma-action-figure-tololo-15-cm\\\/#primaryimage\",\"url\":\"https:\\\/\\\/animefigurer.se\\\/wp-content\\\/uploads\\\/2026\\\/04\\\/x_mafc07035.jpg\",\"contentUrl\":\"https:\\\/\\\/animefigurer.se\\\/wp-content\\\/uploads\\\/2026\\\/04\\\/x_mafc07035.jpg\",\"width\":749,\"height\":1000},{\"@type\":\"BreadcrumbList\",\"@id\":\"https:\\\/\\\/animefigurer.se\\\/figurer\\\/girls-frontline\\\/girls-frontline-2-exilium-figma-action-figure-tololo-15-cm\\\/#breadcrumb\",\"itemListElement\":[{\"@type\":\"ListItem\",\"position\":1,\"name\":\"Home\",\"item\":\"https:\\\/\\\/animefigurer.se\\\/\"},{\"@type\":\"ListItem\",\"position\":2,\"name\":\"Butik\",\"item\":\"https:\\\/\\\/animefigurer.se\\\/figurer\\\/\"},{\"@type\":\"ListItem\",\"position\":3,\"name\":\"Girls&#8217; Frontline 2: Exilium Figma Action Figure Tololo 15 cm\"}]},{\"@type\":\"WebSite\",\"@id\":\"https:\\\/\\\/animefigurer.se\\\/#website\",\"url\":\"https:\\\/\\\/animefigurer.se\\\/\",\"name\":\"Animefigurer.se\",\"description\":\"Anime figurer fr\u00e5n \u00f6ver 300 olika anime serier med \u00f6ver 9000 produkter | Anime Shop\",\"publisher\":{\"@id\":\"https:\\\/\\\/animefigurer.se\\\/#organization\"},\"potentialAction\":[{\"@type\":\"SearchAction\",\"target\":{\"@type\":\"EntryPoint\",\"urlTemplate\":\"https:\\\/\\\/animefigurer.se\\\/?s={search_term_string}\"},\"query-input\":{\"@type\":\"PropertyValueSpecification\",\"valueRequired\":true,\"valueName\":\"search_term_string\"}}],\"inLanguage\":\"en-GB\"},{\"@type\":\"Organization\",\"@id\":\"https:\\\/\\\/animefigurer.se\\\/#organization\",\"name\":\"Animefigurer.se\",\"alternateName\":\"Anime figurer | Anime shop\",\"url\":\"https:\\\/\\\/animefigurer.se\\\/\",\"logo\":{\"@type\":\"ImageObject\",\"inLanguage\":\"en-GB\",\"@id\":\"https:\\\/\\\/animefigurer.se\\\/#\\\/schema\\\/logo\\\/image\\\/\",\"url\":\"https:\\\/\\\/animefigurer.se\\\/wp-content\\\/uploads\\\/2025\\\/12\\\/Animefigurer_logowhite.png\",\"contentUrl\":\"https:\\\/\\\/animefigurer.se\\\/wp-content\\\/uploads\\\/2025\\\/12\\\/Animefigurer_logowhite.png\",\"width\":1890,\"height\":1417,\"caption\":\"Animefigurer.se\"},\"image\":{\"@id\":\"https:\\\/\\\/animefigurer.se\\\/#\\\/schema\\\/logo\\\/image\\\/\"},\"sameAs\":[\"https:\\\/\\\/www.facebook.com\\\/profile.php?id=61581826539670\",\"https:\\\/\\\/www.instagram.com\\\/animefigurer.se\\\/\"],\"email\":\"info@animefigurer.se\"}]}<\/script>\n<!-- \/ Yoast SEO Premium plugin. -->","yoast_head_json":{"title":"Girls' Frontline 2: Exilium Figma Action Figure Tololo 15 cm | Animefigurer.se","robots":{"index":"index","follow":"follow","max-snippet":"max-snippet:-1","max-image-preview":"max-image-preview:large","max-video-preview":"max-video-preview:-1"},"canonical":"https:\/\/animefigurer.se\/en\/figurer\/girls-frontline\/girls-frontline-2-exilium-figma-action-figure-tololo-15-cm\/","og_locale":"en_GB","og_type":"article","og_title":"Girls' Frontline 2: Exilium Figma Action Figure Tololo 15 cm","og_description":"En detaljerad figma-actionfigur av Tololo fr\u00e5n Girls&#8217; Frontline 2: Exilium. Figuren har flera utbytbara ansiktsuttryck och tillbeh\u00f6r som ger stor flexibilitet f\u00f6r olika poser och displayalternativ.Levereras med vapen och dr\u00f6nare samt artikulerade delar, vilket g\u00f6r den perfekt f\u00f6r b\u00e5de samlare och fans som vill \u00e5terskapa dynamiska scener.","og_url":"https:\/\/animefigurer.se\/en\/figurer\/girls-frontline\/girls-frontline-2-exilium-figma-action-figure-tololo-15-cm\/","og_site_name":"Animefigurer.se","article_publisher":"https:\/\/www.facebook.com\/profile.php?id=61581826539670","article_modified_time":"2026-04-25T08:35:35+00:00","og_image":[{"width":749,"height":1000,"url":"https:\/\/animefigurer.se\/wp-content\/uploads\/2026\/04\/x_mafc07035.jpg","type":"image\/jpeg"}],"twitter_card":"summary_large_image","twitter_misc":{"Estimated reading time":"1 minute"},"schema":{"@context":"https:\/\/schema.org","@graph":[{"@type":"WebPage","@id":"https:\/\/animefigurer.se\/figurer\/girls-frontline\/girls-frontline-2-exilium-figma-action-figure-tololo-15-cm\/","url":"https:\/\/animefigurer.se\/figurer\/girls-frontline\/girls-frontline-2-exilium-figma-action-figure-tololo-15-cm\/","name":"Girls' Frontline 2: Exilium Figma Action Figure Tololo 15 cm | Animefigurer.se","isPartOf":{"@id":"https:\/\/animefigurer.se\/#website"},"primaryImageOfPage":{"@id":"https:\/\/animefigurer.se\/figurer\/girls-frontline\/girls-frontline-2-exilium-figma-action-figure-tololo-15-cm\/#primaryimage"},"image":{"@id":"https:\/\/animefigurer.se\/figurer\/girls-frontline\/girls-frontline-2-exilium-figma-action-figure-tololo-15-cm\/#primaryimage"},"thumbnailUrl":"https:\/\/animefigurer.se\/wp-content\/uploads\/2026\/04\/x_mafc07035.jpg","datePublished":"2026-04-25T05:04:24+00:00","dateModified":"2026-04-25T08:35:35+00:00","breadcrumb":{"@id":"https:\/\/animefigurer.se\/figurer\/girls-frontline\/girls-frontline-2-exilium-figma-action-figure-tololo-15-cm\/#breadcrumb"},"inLanguage":"en-GB","potentialAction":[{"@type":"ReadAction","target":["https:\/\/animefigurer.se\/figurer\/girls-frontline\/girls-frontline-2-exilium-figma-action-figure-tololo-15-cm\/"]}]},{"@type":"ImageObject","inLanguage":"en-GB","@id":"https:\/\/animefigurer.se\/figurer\/girls-frontline\/girls-frontline-2-exilium-figma-action-figure-tololo-15-cm\/#primaryimage","url":"https:\/\/animefigurer.se\/wp-content\/uploads\/2026\/04\/x_mafc07035.jpg","contentUrl":"https:\/\/animefigurer.se\/wp-content\/uploads\/2026\/04\/x_mafc07035.jpg","width":749,"height":1000},{"@type":"BreadcrumbList","@id":"https:\/\/animefigurer.se\/figurer\/girls-frontline\/girls-frontline-2-exilium-figma-action-figure-tololo-15-cm\/#breadcrumb","itemListElement":[{"@type":"ListItem","position":1,"name":"Home","item":"https:\/\/animefigurer.se\/"},{"@type":"ListItem","position":2,"name":"Butik","item":"https:\/\/animefigurer.se\/figurer\/"},{"@type":"ListItem","position":3,"name":"Girls&#8217; Frontline 2: Exilium Figma Action Figure Tololo 15 cm"}]},{"@type":"WebSite","@id":"https:\/\/animefigurer.se\/#website","url":"https:\/\/animefigurer.se\/","name":"Animefigurer.se","description":"Anime figures from over 300 different anime series with over 9000 products | Anime Shop","publisher":{"@id":"https:\/\/animefigurer.se\/#organization"},"potentialAction":[{"@type":"SearchAction","target":{"@type":"EntryPoint","urlTemplate":"https:\/\/animefigurer.se\/?s={search_term_string}"},"query-input":{"@type":"PropertyValueSpecification","valueRequired":true,"valueName":"search_term_string"}}],"inLanguage":"en-GB"},{"@type":"Organization","@id":"https:\/\/animefigurer.se\/#organization","name":"Animefigurer.se","alternateName":"Anime figurer | Anime shop","url":"https:\/\/animefigurer.se\/","logo":{"@type":"ImageObject","inLanguage":"en-GB","@id":"https:\/\/animefigurer.se\/#\/schema\/logo\/image\/","url":"https:\/\/animefigurer.se\/wp-content\/uploads\/2025\/12\/Animefigurer_logowhite.png","contentUrl":"https:\/\/animefigurer.se\/wp-content\/uploads\/2025\/12\/Animefigurer_logowhite.png","width":1890,"height":1417,"caption":"Animefigurer.se"},"image":{"@id":"https:\/\/animefigurer.se\/#\/schema\/logo\/image\/"},"sameAs":["https:\/\/www.facebook.com\/profile.php?id=61581826539670","https:\/\/www.instagram.com\/animefigurer.se\/"],"email":"info@animefigurer.se"}]}},"_links":{"self":[{"href":"https:\/\/animefigurer.se\/en\/wp-json\/wp\/v2\/product\/99809","targetHints":{"allow":["GET"]}}],"collection":[{"href":"https:\/\/animefigurer.se\/en\/wp-json\/wp\/v2\/product"}],"about":[{"href":"https:\/\/animefigurer.se\/en\/wp-json\/wp\/v2\/types\/product"}],"replies":[{"embeddable":true,"href":"https:\/\/animefigurer.se\/en\/wp-json\/wp\/v2\/comments?post=99809"}],"wp:featuredmedia":[{"embeddable":true,"href":"https:\/\/animefigurer.se\/en\/wp-json\/wp\/v2\/media\/99808"}],"wp:attachment":[{"href":"https:\/\/animefigurer.se\/en\/wp-json\/wp\/v2\/media?parent=99809"}],"wp:term":[{"taxonomy":"product_brand","embeddable":true,"href":"https:\/\/animefigurer.se\/en\/wp-json\/wp\/v2\/product_brand?post=99809"},{"taxonomy":"product_cat","embeddable":true,"href":"https:\/\/animefigurer.se\/en\/wp-json\/wp\/v2\/product_cat?post=99809"},{"taxonomy":"product_tag","embeddable":true,"href":"https:\/\/animefigurer.se\/en\/wp-json\/wp\/v2\/product_tag?post=99809"},{"taxonomy":"giftcard-category","embeddable":true,"href":"https:\/\/animefigurer.se\/en\/wp-json\/wp\/v2\/giftcard-category?post=99809"}],"curies":[{"name":"wp","href":"https:\/\/api.w.org\/{rel}","templated":true}]}}