{"id":99739,"date":"2026-04-25T07:03:41","date_gmt":"2026-04-25T05:03:41","guid":{"rendered":"https:\/\/animefigurer.se\/?post_type=product&#038;p=99739"},"modified":"2026-04-25T10:27:41","modified_gmt":"2026-04-25T08:27:41","slug":"frame-arms-girl-shingen-kai-plastic-model","status":"publish","type":"product","link":"https:\/\/animefigurer.se\/en\/figurer\/frame-arms-girl\/frame-arms-girl-shingen-kai-plastic-model\/","title":{"rendered":"Frame Arms Girl Shingen Kai (Plastic Model)"},"content":{"rendered":"<p>En detaljerad modellkit fr\u00e5n Frame Arms Girl-serien som kombinerar mekanisk design med en stiliserad karakt\u00e4r. Shingen Kai-versionen har uppgraderade rustningsdelar och f\u00f6rb\u00e4ttrade f\u00e4rgdetaljer f\u00f6r en mer dynamisk och imponerande presentation.Inneh\u00e5ller flera utbytbara ansiktsuttryck och delar som g\u00f6r det m\u00f6jligt att skapa olika poser och konfigurationer. Perfekt f\u00f6r modellbyggare och samlare som vill ha b\u00e5de flexibilitet och h\u00f6g detaljniv\u00e5.<\/p>","protected":false},"excerpt":{"rendered":"<p>En detaljerad modellkit fr\u00e5n Frame Arms Girl-serien som kombinerar mekanisk design med en stiliserad karakt\u00e4r. Shingen Kai-versionen har uppgraderade rustningsdelar och f\u00f6rb\u00e4ttrade f\u00e4rgdetaljer f\u00f6r en mer dynamisk och imponerande presentation.Inneh\u00e5ller flera utbytbara ansiktsuttryck och delar som g\u00f6r det m\u00f6jligt att skapa olika poser och konfigurationer. Perfekt f\u00f6r modellbyggare och samlare som vill ha b\u00e5de flexibilitet [&hellip;]<\/p>\n","protected":false},"featured_media":99738,"comment_status":"closed","ping_status":"closed","template":"","meta":{"_acf_changed":false,"_monsterinsights_skip_tracking":false,"_monsterinsights_sitenote_active":false,"_monsterinsights_sitenote_note":"","_monsterinsights_sitenote_category":0},"product_brand":[6892],"product_cat":[2333],"product_tag":[26],"giftcard-category":[],"class_list":{"0":"post-99739","1":"product","2":"type-product","3":"status-publish","4":"has-post-thumbnail","6":"product_brand-kotobukiya","7":"product_cat-frame-arms-girl","8":"product_tag-pre-order","9":"pa_franchise-frame-arms-girl","10":"pa_karaktar-shingen","11":"pa_material-plastic","12":"pa_storlek-16-2-cm","14":"first","15":"instock","16":"taxable","17":"shipping-taxable","18":"purchasable","19":"product-type-simple"},"acf":[],"yoast_head":"<!-- This site is optimized with the Yoast SEO Premium plugin v24.6 (Yoast SEO v27.3) - https:\/\/yoast.com\/product\/yoast-seo-premium-wordpress\/ -->\n<title>Frame Arms Girl Shingen Kai (Plastic Model) | Animefigurer.se<\/title>\n<meta name=\"robots\" content=\"index, follow, max-snippet:-1, max-image-preview:large, max-video-preview:-1\" \/>\n<link rel=\"canonical\" href=\"https:\/\/animefigurer.se\/en\/figurer\/frame-arms-girl\/frame-arms-girl-shingen-kai-plastic-model\/\" \/>\n<meta property=\"og:locale\" content=\"en_GB\" \/>\n<meta property=\"og:type\" content=\"article\" \/>\n<meta property=\"og:title\" content=\"Frame Arms Girl Shingen Kai (Plastic Model)\" \/>\n<meta property=\"og:description\" content=\"En detaljerad modellkit fr\u00e5n Frame Arms Girl-serien som kombinerar mekanisk design med en stiliserad karakt\u00e4r. Shingen Kai-versionen har uppgraderade rustningsdelar och f\u00f6rb\u00e4ttrade f\u00e4rgdetaljer f\u00f6r en mer dynamisk och imponerande presentation.Inneh\u00e5ller flera utbytbara ansiktsuttryck och delar som g\u00f6r det m\u00f6jligt att skapa olika poser och konfigurationer. Perfekt f\u00f6r modellbyggare och samlare som vill ha b\u00e5de flexibilitet [&hellip;]\" \/>\n<meta property=\"og:url\" content=\"https:\/\/animefigurer.se\/en\/figurer\/frame-arms-girl\/frame-arms-girl-shingen-kai-plastic-model\/\" \/>\n<meta property=\"og:site_name\" content=\"Animefigurer.se\" \/>\n<meta property=\"article:publisher\" content=\"https:\/\/www.facebook.com\/profile.php?id=61581826539670\" \/>\n<meta property=\"article:modified_time\" content=\"2026-04-25T08:27:41+00:00\" \/>\n<meta property=\"og:image\" content=\"https:\/\/animefigurer.se\/wp-content\/uploads\/2026\/04\/11375241a.jpg\" \/>\n\t<meta property=\"og:image:width\" content=\"1000\" \/>\n\t<meta property=\"og:image:height\" content=\"667\" \/>\n\t<meta property=\"og:image:type\" content=\"image\/jpeg\" \/>\n<meta name=\"twitter:card\" content=\"summary_large_image\" \/>\n<meta name=\"twitter:label1\" content=\"Estimated reading time\" \/>\n\t<meta name=\"twitter:data1\" content=\"1 minute\" \/>\n<script type=\"application\/ld+json\" class=\"yoast-schema-graph\">{\"@context\":\"https:\\\/\\\/schema.org\",\"@graph\":[{\"@type\":\"WebPage\",\"@id\":\"https:\\\/\\\/animefigurer.se\\\/figurer\\\/frame-arms-girl\\\/frame-arms-girl-shingen-kai-plastic-model\\\/\",\"url\":\"https:\\\/\\\/animefigurer.se\\\/figurer\\\/frame-arms-girl\\\/frame-arms-girl-shingen-kai-plastic-model\\\/\",\"name\":\"Frame Arms Girl Shingen Kai (Plastic Model) | Animefigurer.se\",\"isPartOf\":{\"@id\":\"https:\\\/\\\/animefigurer.se\\\/#website\"},\"primaryImageOfPage\":{\"@id\":\"https:\\\/\\\/animefigurer.se\\\/figurer\\\/frame-arms-girl\\\/frame-arms-girl-shingen-kai-plastic-model\\\/#primaryimage\"},\"image\":{\"@id\":\"https:\\\/\\\/animefigurer.se\\\/figurer\\\/frame-arms-girl\\\/frame-arms-girl-shingen-kai-plastic-model\\\/#primaryimage\"},\"thumbnailUrl\":\"https:\\\/\\\/animefigurer.se\\\/wp-content\\\/uploads\\\/2026\\\/04\\\/11375241a.jpg\",\"datePublished\":\"2026-04-25T05:03:41+00:00\",\"dateModified\":\"2026-04-25T08:27:41+00:00\",\"breadcrumb\":{\"@id\":\"https:\\\/\\\/animefigurer.se\\\/figurer\\\/frame-arms-girl\\\/frame-arms-girl-shingen-kai-plastic-model\\\/#breadcrumb\"},\"inLanguage\":\"en-GB\",\"potentialAction\":[{\"@type\":\"ReadAction\",\"target\":[\"https:\\\/\\\/animefigurer.se\\\/figurer\\\/frame-arms-girl\\\/frame-arms-girl-shingen-kai-plastic-model\\\/\"]}]},{\"@type\":\"ImageObject\",\"inLanguage\":\"en-GB\",\"@id\":\"https:\\\/\\\/animefigurer.se\\\/figurer\\\/frame-arms-girl\\\/frame-arms-girl-shingen-kai-plastic-model\\\/#primaryimage\",\"url\":\"https:\\\/\\\/animefigurer.se\\\/wp-content\\\/uploads\\\/2026\\\/04\\\/11375241a.jpg\",\"contentUrl\":\"https:\\\/\\\/animefigurer.se\\\/wp-content\\\/uploads\\\/2026\\\/04\\\/11375241a.jpg\",\"width\":1000,\"height\":667},{\"@type\":\"BreadcrumbList\",\"@id\":\"https:\\\/\\\/animefigurer.se\\\/figurer\\\/frame-arms-girl\\\/frame-arms-girl-shingen-kai-plastic-model\\\/#breadcrumb\",\"itemListElement\":[{\"@type\":\"ListItem\",\"position\":1,\"name\":\"Home\",\"item\":\"https:\\\/\\\/animefigurer.se\\\/\"},{\"@type\":\"ListItem\",\"position\":2,\"name\":\"Butik\",\"item\":\"https:\\\/\\\/animefigurer.se\\\/figurer\\\/\"},{\"@type\":\"ListItem\",\"position\":3,\"name\":\"Frame Arms Girl Shingen Kai (Plastic Model)\"}]},{\"@type\":\"WebSite\",\"@id\":\"https:\\\/\\\/animefigurer.se\\\/#website\",\"url\":\"https:\\\/\\\/animefigurer.se\\\/\",\"name\":\"Animefigurer.se\",\"description\":\"Anime figurer fr\u00e5n \u00f6ver 300 olika anime serier med \u00f6ver 9000 produkter | Anime Shop\",\"publisher\":{\"@id\":\"https:\\\/\\\/animefigurer.se\\\/#organization\"},\"potentialAction\":[{\"@type\":\"SearchAction\",\"target\":{\"@type\":\"EntryPoint\",\"urlTemplate\":\"https:\\\/\\\/animefigurer.se\\\/?s={search_term_string}\"},\"query-input\":{\"@type\":\"PropertyValueSpecification\",\"valueRequired\":true,\"valueName\":\"search_term_string\"}}],\"inLanguage\":\"en-GB\"},{\"@type\":\"Organization\",\"@id\":\"https:\\\/\\\/animefigurer.se\\\/#organization\",\"name\":\"Animefigurer.se\",\"alternateName\":\"Anime figurer | Anime shop\",\"url\":\"https:\\\/\\\/animefigurer.se\\\/\",\"logo\":{\"@type\":\"ImageObject\",\"inLanguage\":\"en-GB\",\"@id\":\"https:\\\/\\\/animefigurer.se\\\/#\\\/schema\\\/logo\\\/image\\\/\",\"url\":\"https:\\\/\\\/animefigurer.se\\\/wp-content\\\/uploads\\\/2025\\\/12\\\/Animefigurer_logowhite.png\",\"contentUrl\":\"https:\\\/\\\/animefigurer.se\\\/wp-content\\\/uploads\\\/2025\\\/12\\\/Animefigurer_logowhite.png\",\"width\":1890,\"height\":1417,\"caption\":\"Animefigurer.se\"},\"image\":{\"@id\":\"https:\\\/\\\/animefigurer.se\\\/#\\\/schema\\\/logo\\\/image\\\/\"},\"sameAs\":[\"https:\\\/\\\/www.facebook.com\\\/profile.php?id=61581826539670\",\"https:\\\/\\\/www.instagram.com\\\/animefigurer.se\\\/\"],\"email\":\"info@animefigurer.se\"}]}<\/script>\n<!-- \/ Yoast SEO Premium plugin. -->","yoast_head_json":{"title":"Frame Arms Girl Shingen Kai (Plastic Model) | Animefigurer.se","robots":{"index":"index","follow":"follow","max-snippet":"max-snippet:-1","max-image-preview":"max-image-preview:large","max-video-preview":"max-video-preview:-1"},"canonical":"https:\/\/animefigurer.se\/en\/figurer\/frame-arms-girl\/frame-arms-girl-shingen-kai-plastic-model\/","og_locale":"en_GB","og_type":"article","og_title":"Frame Arms Girl Shingen Kai (Plastic Model)","og_description":"En detaljerad modellkit fr\u00e5n Frame Arms Girl-serien som kombinerar mekanisk design med en stiliserad karakt\u00e4r. Shingen Kai-versionen har uppgraderade rustningsdelar och f\u00f6rb\u00e4ttrade f\u00e4rgdetaljer f\u00f6r en mer dynamisk och imponerande presentation.Inneh\u00e5ller flera utbytbara ansiktsuttryck och delar som g\u00f6r det m\u00f6jligt att skapa olika poser och konfigurationer. Perfekt f\u00f6r modellbyggare och samlare som vill ha b\u00e5de flexibilitet [&hellip;]","og_url":"https:\/\/animefigurer.se\/en\/figurer\/frame-arms-girl\/frame-arms-girl-shingen-kai-plastic-model\/","og_site_name":"Animefigurer.se","article_publisher":"https:\/\/www.facebook.com\/profile.php?id=61581826539670","article_modified_time":"2026-04-25T08:27:41+00:00","og_image":[{"width":1000,"height":667,"url":"https:\/\/animefigurer.se\/wp-content\/uploads\/2026\/04\/11375241a.jpg","type":"image\/jpeg"}],"twitter_card":"summary_large_image","twitter_misc":{"Estimated reading time":"1 minute"},"schema":{"@context":"https:\/\/schema.org","@graph":[{"@type":"WebPage","@id":"https:\/\/animefigurer.se\/figurer\/frame-arms-girl\/frame-arms-girl-shingen-kai-plastic-model\/","url":"https:\/\/animefigurer.se\/figurer\/frame-arms-girl\/frame-arms-girl-shingen-kai-plastic-model\/","name":"Frame Arms Girl Shingen Kai (Plastic Model) | Animefigurer.se","isPartOf":{"@id":"https:\/\/animefigurer.se\/#website"},"primaryImageOfPage":{"@id":"https:\/\/animefigurer.se\/figurer\/frame-arms-girl\/frame-arms-girl-shingen-kai-plastic-model\/#primaryimage"},"image":{"@id":"https:\/\/animefigurer.se\/figurer\/frame-arms-girl\/frame-arms-girl-shingen-kai-plastic-model\/#primaryimage"},"thumbnailUrl":"https:\/\/animefigurer.se\/wp-content\/uploads\/2026\/04\/11375241a.jpg","datePublished":"2026-04-25T05:03:41+00:00","dateModified":"2026-04-25T08:27:41+00:00","breadcrumb":{"@id":"https:\/\/animefigurer.se\/figurer\/frame-arms-girl\/frame-arms-girl-shingen-kai-plastic-model\/#breadcrumb"},"inLanguage":"en-GB","potentialAction":[{"@type":"ReadAction","target":["https:\/\/animefigurer.se\/figurer\/frame-arms-girl\/frame-arms-girl-shingen-kai-plastic-model\/"]}]},{"@type":"ImageObject","inLanguage":"en-GB","@id":"https:\/\/animefigurer.se\/figurer\/frame-arms-girl\/frame-arms-girl-shingen-kai-plastic-model\/#primaryimage","url":"https:\/\/animefigurer.se\/wp-content\/uploads\/2026\/04\/11375241a.jpg","contentUrl":"https:\/\/animefigurer.se\/wp-content\/uploads\/2026\/04\/11375241a.jpg","width":1000,"height":667},{"@type":"BreadcrumbList","@id":"https:\/\/animefigurer.se\/figurer\/frame-arms-girl\/frame-arms-girl-shingen-kai-plastic-model\/#breadcrumb","itemListElement":[{"@type":"ListItem","position":1,"name":"Home","item":"https:\/\/animefigurer.se\/"},{"@type":"ListItem","position":2,"name":"Butik","item":"https:\/\/animefigurer.se\/figurer\/"},{"@type":"ListItem","position":3,"name":"Frame Arms Girl Shingen Kai (Plastic Model)"}]},{"@type":"WebSite","@id":"https:\/\/animefigurer.se\/#website","url":"https:\/\/animefigurer.se\/","name":"Animefigurer.se","description":"Anime figures from over 300 different anime series with over 9000 products | Anime Shop","publisher":{"@id":"https:\/\/animefigurer.se\/#organization"},"potentialAction":[{"@type":"SearchAction","target":{"@type":"EntryPoint","urlTemplate":"https:\/\/animefigurer.se\/?s={search_term_string}"},"query-input":{"@type":"PropertyValueSpecification","valueRequired":true,"valueName":"search_term_string"}}],"inLanguage":"en-GB"},{"@type":"Organization","@id":"https:\/\/animefigurer.se\/#organization","name":"Animefigurer.se","alternateName":"Anime figurer | Anime shop","url":"https:\/\/animefigurer.se\/","logo":{"@type":"ImageObject","inLanguage":"en-GB","@id":"https:\/\/animefigurer.se\/#\/schema\/logo\/image\/","url":"https:\/\/animefigurer.se\/wp-content\/uploads\/2025\/12\/Animefigurer_logowhite.png","contentUrl":"https:\/\/animefigurer.se\/wp-content\/uploads\/2025\/12\/Animefigurer_logowhite.png","width":1890,"height":1417,"caption":"Animefigurer.se"},"image":{"@id":"https:\/\/animefigurer.se\/#\/schema\/logo\/image\/"},"sameAs":["https:\/\/www.facebook.com\/profile.php?id=61581826539670","https:\/\/www.instagram.com\/animefigurer.se\/"],"email":"info@animefigurer.se"}]}},"_links":{"self":[{"href":"https:\/\/animefigurer.se\/en\/wp-json\/wp\/v2\/product\/99739","targetHints":{"allow":["GET"]}}],"collection":[{"href":"https:\/\/animefigurer.se\/en\/wp-json\/wp\/v2\/product"}],"about":[{"href":"https:\/\/animefigurer.se\/en\/wp-json\/wp\/v2\/types\/product"}],"replies":[{"embeddable":true,"href":"https:\/\/animefigurer.se\/en\/wp-json\/wp\/v2\/comments?post=99739"}],"wp:featuredmedia":[{"embeddable":true,"href":"https:\/\/animefigurer.se\/en\/wp-json\/wp\/v2\/media\/99738"}],"wp:attachment":[{"href":"https:\/\/animefigurer.se\/en\/wp-json\/wp\/v2\/media?parent=99739"}],"wp:term":[{"taxonomy":"product_brand","embeddable":true,"href":"https:\/\/animefigurer.se\/en\/wp-json\/wp\/v2\/product_brand?post=99739"},{"taxonomy":"product_cat","embeddable":true,"href":"https:\/\/animefigurer.se\/en\/wp-json\/wp\/v2\/product_cat?post=99739"},{"taxonomy":"product_tag","embeddable":true,"href":"https:\/\/animefigurer.se\/en\/wp-json\/wp\/v2\/product_tag?post=99739"},{"taxonomy":"giftcard-category","embeddable":true,"href":"https:\/\/animefigurer.se\/en\/wp-json\/wp\/v2\/giftcard-category?post=99739"}],"curies":[{"name":"wp","href":"https:\/\/api.w.org\/{rel}","templated":true}]}}