{"id":99620,"date":"2026-04-25T07:01:07","date_gmt":"2026-04-25T05:01:07","guid":{"rendered":"https:\/\/animefigurer.se\/?post_type=product&#038;p=99620"},"modified":"2026-04-25T10:29:57","modified_gmt":"2026-04-25T08:29:57","slug":"baki-hanma-action-figure-doppo-orochi-special-edition-figure","status":"publish","type":"product","link":"https:\/\/animefigurer.se\/en\/figurer\/baki\/baki-hanma-action-figure-doppo-orochi-special-edition-figure\/","title":{"rendered":"[Baki Hanma] Action Figure Doppo Orochi Special Edition (Figure)"},"content":{"rendered":"<p>Uppt\u00e4ck Doppo Orochi fr\u00e5n Baki Hanma i denna detaljerade actionfigur. Figuren visar karakt\u00e4ren i en dynamisk stridspose med realistiska detaljer och autentisk design, vilket g\u00f6r den perfekt f\u00f6r fans av kampsportsanime och samlarfigurer.Denna actionfigur har utbytbara delar som g\u00f6r det m\u00f6jligt att \u00e5terskapa olika stridsscener. Ett utm\u00e4rkt val f\u00f6r samlare som s\u00f6ker h\u00f6gkvalitativa figurer fr\u00e5n Baki the Grappler-serien.<\/p>","protected":false},"excerpt":{"rendered":"<p>Uppt\u00e4ck Doppo Orochi fr\u00e5n Baki Hanma i denna detaljerade actionfigur. Figuren visar karakt\u00e4ren i en dynamisk stridspose med realistiska detaljer och autentisk design, vilket g\u00f6r den perfekt f\u00f6r fans av kampsportsanime och samlarfigurer.Denna actionfigur har utbytbara delar som g\u00f6r det m\u00f6jligt att \u00e5terskapa olika stridsscener. Ett utm\u00e4rkt val f\u00f6r samlare som s\u00f6ker h\u00f6gkvalitativa figurer fr\u00e5n [&hellip;]<\/p>\n","protected":false},"featured_media":99619,"comment_status":"closed","ping_status":"closed","template":"","meta":{"_acf_changed":false,"_monsterinsights_skip_tracking":false,"_monsterinsights_sitenote_active":false,"_monsterinsights_sitenote_note":"","_monsterinsights_sitenote_category":0},"product_brand":[7149],"product_cat":[838],"product_tag":[26],"giftcard-category":[],"class_list":{"0":"post-99620","1":"product","2":"type-product","3":"status-publish","4":"has-post-thumbnail","6":"product_brand-storm-collectibles","7":"product_cat-baki","8":"product_tag-pre-order","9":"pa_franchise-baki","10":"pa_karaktar-doppo-orochi","11":"pa_storlek-17-8-cm","13":"first","14":"instock","15":"taxable","16":"shipping-taxable","17":"purchasable","18":"product-type-simple"},"acf":[],"yoast_head":"<!-- This site is optimized with the Yoast SEO Premium plugin v24.6 (Yoast SEO v27.4) - https:\/\/yoast.com\/product\/yoast-seo-premium-wordpress\/ -->\n<title>[Baki Hanma] Action Figure Doppo Orochi Special Edition (Figure) | Animefigurer.se<\/title>\n<meta name=\"robots\" content=\"index, follow, max-snippet:-1, max-image-preview:large, max-video-preview:-1\" \/>\n<link rel=\"canonical\" href=\"https:\/\/animefigurer.se\/en\/figurer\/baki\/baki-hanma-action-figure-doppo-orochi-special-edition-figure\/\" \/>\n<meta property=\"og:locale\" content=\"en_GB\" \/>\n<meta property=\"og:type\" content=\"article\" \/>\n<meta property=\"og:title\" content=\"[Baki Hanma] Action Figure Doppo Orochi Special Edition (Figure)\" \/>\n<meta property=\"og:description\" content=\"Uppt\u00e4ck Doppo Orochi fr\u00e5n Baki Hanma i denna detaljerade actionfigur. Figuren visar karakt\u00e4ren i en dynamisk stridspose med realistiska detaljer och autentisk design, vilket g\u00f6r den perfekt f\u00f6r fans av kampsportsanime och samlarfigurer.Denna actionfigur har utbytbara delar som g\u00f6r det m\u00f6jligt att \u00e5terskapa olika stridsscener. Ett utm\u00e4rkt val f\u00f6r samlare som s\u00f6ker h\u00f6gkvalitativa figurer fr\u00e5n [&hellip;]\" \/>\n<meta property=\"og:url\" content=\"https:\/\/animefigurer.se\/en\/figurer\/baki\/baki-hanma-action-figure-doppo-orochi-special-edition-figure\/\" \/>\n<meta property=\"og:site_name\" content=\"Animefigurer.se\" \/>\n<meta property=\"article:publisher\" content=\"https:\/\/www.facebook.com\/profile.php?id=61581826539670\" \/>\n<meta property=\"article:modified_time\" content=\"2026-04-25T08:29:57+00:00\" \/>\n<meta property=\"og:image\" content=\"https:\/\/animefigurer.se\/wp-content\/uploads\/2026\/04\/11362255a.jpg\" \/>\n\t<meta property=\"og:image:width\" content=\"800\" \/>\n\t<meta property=\"og:image:height\" content=\"800\" \/>\n\t<meta property=\"og:image:type\" content=\"image\/jpeg\" \/>\n<meta name=\"twitter:card\" content=\"summary_large_image\" \/>\n<meta name=\"twitter:label1\" content=\"Estimated reading time\" \/>\n\t<meta name=\"twitter:data1\" content=\"1 minute\" \/>\n<script type=\"application\/ld+json\" class=\"yoast-schema-graph\">{\"@context\":\"https:\\\/\\\/schema.org\",\"@graph\":[{\"@type\":\"WebPage\",\"@id\":\"https:\\\/\\\/animefigurer.se\\\/figurer\\\/baki\\\/baki-hanma-action-figure-doppo-orochi-special-edition-figure\\\/\",\"url\":\"https:\\\/\\\/animefigurer.se\\\/figurer\\\/baki\\\/baki-hanma-action-figure-doppo-orochi-special-edition-figure\\\/\",\"name\":\"[Baki Hanma] Action Figure Doppo Orochi Special Edition (Figure) | Animefigurer.se\",\"isPartOf\":{\"@id\":\"https:\\\/\\\/animefigurer.se\\\/#website\"},\"primaryImageOfPage\":{\"@id\":\"https:\\\/\\\/animefigurer.se\\\/figurer\\\/baki\\\/baki-hanma-action-figure-doppo-orochi-special-edition-figure\\\/#primaryimage\"},\"image\":{\"@id\":\"https:\\\/\\\/animefigurer.se\\\/figurer\\\/baki\\\/baki-hanma-action-figure-doppo-orochi-special-edition-figure\\\/#primaryimage\"},\"thumbnailUrl\":\"https:\\\/\\\/animefigurer.se\\\/wp-content\\\/uploads\\\/2026\\\/04\\\/11362255a.jpg\",\"datePublished\":\"2026-04-25T05:01:07+00:00\",\"dateModified\":\"2026-04-25T08:29:57+00:00\",\"breadcrumb\":{\"@id\":\"https:\\\/\\\/animefigurer.se\\\/figurer\\\/baki\\\/baki-hanma-action-figure-doppo-orochi-special-edition-figure\\\/#breadcrumb\"},\"inLanguage\":\"en-GB\",\"potentialAction\":[{\"@type\":\"ReadAction\",\"target\":[\"https:\\\/\\\/animefigurer.se\\\/figurer\\\/baki\\\/baki-hanma-action-figure-doppo-orochi-special-edition-figure\\\/\"]}]},{\"@type\":\"ImageObject\",\"inLanguage\":\"en-GB\",\"@id\":\"https:\\\/\\\/animefigurer.se\\\/figurer\\\/baki\\\/baki-hanma-action-figure-doppo-orochi-special-edition-figure\\\/#primaryimage\",\"url\":\"https:\\\/\\\/animefigurer.se\\\/wp-content\\\/uploads\\\/2026\\\/04\\\/11362255a.jpg\",\"contentUrl\":\"https:\\\/\\\/animefigurer.se\\\/wp-content\\\/uploads\\\/2026\\\/04\\\/11362255a.jpg\",\"width\":800,\"height\":800},{\"@type\":\"BreadcrumbList\",\"@id\":\"https:\\\/\\\/animefigurer.se\\\/figurer\\\/baki\\\/baki-hanma-action-figure-doppo-orochi-special-edition-figure\\\/#breadcrumb\",\"itemListElement\":[{\"@type\":\"ListItem\",\"position\":1,\"name\":\"Home\",\"item\":\"https:\\\/\\\/animefigurer.se\\\/\"},{\"@type\":\"ListItem\",\"position\":2,\"name\":\"Butik\",\"item\":\"https:\\\/\\\/animefigurer.se\\\/figurer\\\/\"},{\"@type\":\"ListItem\",\"position\":3,\"name\":\"[Baki Hanma] Action Figure Doppo Orochi Special Edition (Figure)\"}]},{\"@type\":\"WebSite\",\"@id\":\"https:\\\/\\\/animefigurer.se\\\/#website\",\"url\":\"https:\\\/\\\/animefigurer.se\\\/\",\"name\":\"Animefigurer.se\",\"description\":\"Anime figurer fr\u00e5n \u00f6ver 300 olika anime serier med \u00f6ver 9000 produkter | Anime Shop\",\"publisher\":{\"@id\":\"https:\\\/\\\/animefigurer.se\\\/#organization\"},\"potentialAction\":[{\"@type\":\"SearchAction\",\"target\":{\"@type\":\"EntryPoint\",\"urlTemplate\":\"https:\\\/\\\/animefigurer.se\\\/?s={search_term_string}\"},\"query-input\":{\"@type\":\"PropertyValueSpecification\",\"valueRequired\":true,\"valueName\":\"search_term_string\"}}],\"inLanguage\":\"en-GB\"},{\"@type\":\"Organization\",\"@id\":\"https:\\\/\\\/animefigurer.se\\\/#organization\",\"name\":\"Animefigurer.se\",\"alternateName\":\"Anime figurer | Anime shop\",\"url\":\"https:\\\/\\\/animefigurer.se\\\/\",\"logo\":{\"@type\":\"ImageObject\",\"inLanguage\":\"en-GB\",\"@id\":\"https:\\\/\\\/animefigurer.se\\\/#\\\/schema\\\/logo\\\/image\\\/\",\"url\":\"https:\\\/\\\/animefigurer.se\\\/wp-content\\\/uploads\\\/2025\\\/12\\\/Animefigurer_logowhite.png\",\"contentUrl\":\"https:\\\/\\\/animefigurer.se\\\/wp-content\\\/uploads\\\/2025\\\/12\\\/Animefigurer_logowhite.png\",\"width\":1890,\"height\":1417,\"caption\":\"Animefigurer.se\"},\"image\":{\"@id\":\"https:\\\/\\\/animefigurer.se\\\/#\\\/schema\\\/logo\\\/image\\\/\"},\"sameAs\":[\"https:\\\/\\\/www.facebook.com\\\/profile.php?id=61581826539670\",\"https:\\\/\\\/www.instagram.com\\\/animefigurer.se\\\/\"],\"email\":\"info@animefigurer.se\"}]}<\/script>\n<!-- \/ Yoast SEO Premium plugin. -->","yoast_head_json":{"title":"[Baki Hanma] Action Figure Doppo Orochi Special Edition (Figure) | Animefigurer.se","robots":{"index":"index","follow":"follow","max-snippet":"max-snippet:-1","max-image-preview":"max-image-preview:large","max-video-preview":"max-video-preview:-1"},"canonical":"https:\/\/animefigurer.se\/en\/figurer\/baki\/baki-hanma-action-figure-doppo-orochi-special-edition-figure\/","og_locale":"en_GB","og_type":"article","og_title":"[Baki Hanma] Action Figure Doppo Orochi Special Edition (Figure)","og_description":"Uppt\u00e4ck Doppo Orochi fr\u00e5n Baki Hanma i denna detaljerade actionfigur. Figuren visar karakt\u00e4ren i en dynamisk stridspose med realistiska detaljer och autentisk design, vilket g\u00f6r den perfekt f\u00f6r fans av kampsportsanime och samlarfigurer.Denna actionfigur har utbytbara delar som g\u00f6r det m\u00f6jligt att \u00e5terskapa olika stridsscener. Ett utm\u00e4rkt val f\u00f6r samlare som s\u00f6ker h\u00f6gkvalitativa figurer fr\u00e5n [&hellip;]","og_url":"https:\/\/animefigurer.se\/en\/figurer\/baki\/baki-hanma-action-figure-doppo-orochi-special-edition-figure\/","og_site_name":"Animefigurer.se","article_publisher":"https:\/\/www.facebook.com\/profile.php?id=61581826539670","article_modified_time":"2026-04-25T08:29:57+00:00","og_image":[{"width":800,"height":800,"url":"https:\/\/animefigurer.se\/wp-content\/uploads\/2026\/04\/11362255a.jpg","type":"image\/jpeg"}],"twitter_card":"summary_large_image","twitter_misc":{"Estimated reading time":"1 minute"},"schema":{"@context":"https:\/\/schema.org","@graph":[{"@type":"WebPage","@id":"https:\/\/animefigurer.se\/figurer\/baki\/baki-hanma-action-figure-doppo-orochi-special-edition-figure\/","url":"https:\/\/animefigurer.se\/figurer\/baki\/baki-hanma-action-figure-doppo-orochi-special-edition-figure\/","name":"[Baki Hanma] Action Figure Doppo Orochi Special Edition (Figure) | Animefigurer.se","isPartOf":{"@id":"https:\/\/animefigurer.se\/#website"},"primaryImageOfPage":{"@id":"https:\/\/animefigurer.se\/figurer\/baki\/baki-hanma-action-figure-doppo-orochi-special-edition-figure\/#primaryimage"},"image":{"@id":"https:\/\/animefigurer.se\/figurer\/baki\/baki-hanma-action-figure-doppo-orochi-special-edition-figure\/#primaryimage"},"thumbnailUrl":"https:\/\/animefigurer.se\/wp-content\/uploads\/2026\/04\/11362255a.jpg","datePublished":"2026-04-25T05:01:07+00:00","dateModified":"2026-04-25T08:29:57+00:00","breadcrumb":{"@id":"https:\/\/animefigurer.se\/figurer\/baki\/baki-hanma-action-figure-doppo-orochi-special-edition-figure\/#breadcrumb"},"inLanguage":"en-GB","potentialAction":[{"@type":"ReadAction","target":["https:\/\/animefigurer.se\/figurer\/baki\/baki-hanma-action-figure-doppo-orochi-special-edition-figure\/"]}]},{"@type":"ImageObject","inLanguage":"en-GB","@id":"https:\/\/animefigurer.se\/figurer\/baki\/baki-hanma-action-figure-doppo-orochi-special-edition-figure\/#primaryimage","url":"https:\/\/animefigurer.se\/wp-content\/uploads\/2026\/04\/11362255a.jpg","contentUrl":"https:\/\/animefigurer.se\/wp-content\/uploads\/2026\/04\/11362255a.jpg","width":800,"height":800},{"@type":"BreadcrumbList","@id":"https:\/\/animefigurer.se\/figurer\/baki\/baki-hanma-action-figure-doppo-orochi-special-edition-figure\/#breadcrumb","itemListElement":[{"@type":"ListItem","position":1,"name":"Home","item":"https:\/\/animefigurer.se\/"},{"@type":"ListItem","position":2,"name":"Butik","item":"https:\/\/animefigurer.se\/figurer\/"},{"@type":"ListItem","position":3,"name":"[Baki Hanma] Action Figure Doppo Orochi Special Edition (Figure)"}]},{"@type":"WebSite","@id":"https:\/\/animefigurer.se\/#website","url":"https:\/\/animefigurer.se\/","name":"Animefigurer.se","description":"Anime figures from over 300 different anime series with over 9000 products | Anime Shop","publisher":{"@id":"https:\/\/animefigurer.se\/#organization"},"potentialAction":[{"@type":"SearchAction","target":{"@type":"EntryPoint","urlTemplate":"https:\/\/animefigurer.se\/?s={search_term_string}"},"query-input":{"@type":"PropertyValueSpecification","valueRequired":true,"valueName":"search_term_string"}}],"inLanguage":"en-GB"},{"@type":"Organization","@id":"https:\/\/animefigurer.se\/#organization","name":"Animefigurer.se","alternateName":"Anime figurer | Anime shop","url":"https:\/\/animefigurer.se\/","logo":{"@type":"ImageObject","inLanguage":"en-GB","@id":"https:\/\/animefigurer.se\/#\/schema\/logo\/image\/","url":"https:\/\/animefigurer.se\/wp-content\/uploads\/2025\/12\/Animefigurer_logowhite.png","contentUrl":"https:\/\/animefigurer.se\/wp-content\/uploads\/2025\/12\/Animefigurer_logowhite.png","width":1890,"height":1417,"caption":"Animefigurer.se"},"image":{"@id":"https:\/\/animefigurer.se\/#\/schema\/logo\/image\/"},"sameAs":["https:\/\/www.facebook.com\/profile.php?id=61581826539670","https:\/\/www.instagram.com\/animefigurer.se\/"],"email":"info@animefigurer.se"}]}},"_links":{"self":[{"href":"https:\/\/animefigurer.se\/en\/wp-json\/wp\/v2\/product\/99620","targetHints":{"allow":["GET"]}}],"collection":[{"href":"https:\/\/animefigurer.se\/en\/wp-json\/wp\/v2\/product"}],"about":[{"href":"https:\/\/animefigurer.se\/en\/wp-json\/wp\/v2\/types\/product"}],"replies":[{"embeddable":true,"href":"https:\/\/animefigurer.se\/en\/wp-json\/wp\/v2\/comments?post=99620"}],"wp:featuredmedia":[{"embeddable":true,"href":"https:\/\/animefigurer.se\/en\/wp-json\/wp\/v2\/media\/99619"}],"wp:attachment":[{"href":"https:\/\/animefigurer.se\/en\/wp-json\/wp\/v2\/media?parent=99620"}],"wp:term":[{"taxonomy":"product_brand","embeddable":true,"href":"https:\/\/animefigurer.se\/en\/wp-json\/wp\/v2\/product_brand?post=99620"},{"taxonomy":"product_cat","embeddable":true,"href":"https:\/\/animefigurer.se\/en\/wp-json\/wp\/v2\/product_cat?post=99620"},{"taxonomy":"product_tag","embeddable":true,"href":"https:\/\/animefigurer.se\/en\/wp-json\/wp\/v2\/product_tag?post=99620"},{"taxonomy":"giftcard-category","embeddable":true,"href":"https:\/\/animefigurer.se\/en\/wp-json\/wp\/v2\/giftcard-category?post=99620"}],"curies":[{"name":"wp","href":"https:\/\/api.w.org\/{rel}","templated":true}]}}