{"id":99527,"date":"2026-04-24T21:55:49","date_gmt":"2026-04-24T19:55:49","guid":{"rendered":"https:\/\/animefigurer.se\/?post_type=product&#038;p=99527"},"modified":"2026-04-24T21:55:50","modified_gmt":"2026-04-24T19:55:50","slug":"hatsune-miku-tote-bag-energy","status":"publish","type":"product","link":"https:\/\/animefigurer.se\/en\/figurer\/hatsune-miku\/hatsune-miku-tote-bag-energy\/","title":{"rendered":"Hatsune Miku Tote Bag Energy"},"content":{"rendered":"<p>B\u00e4r med dig din k\u00e4rlek f\u00f6r v\u00e4rldens mest k\u00e4nda virtuella idol med denna snygga <strong>Hatsune Miku &#8221;Energy&#8221; tygv\u00e4ska<\/strong>. Med ett f\u00e4rgstarkt och dynamiskt tryck som sprudlar av energi, \u00e4r denna v\u00e4ska den perfekta accessoaren f\u00f6r anime-fans som vill kombinera stil med praktisk funktion. Oavsett om du ska till skolan, jobbet eller n\u00e4sta konvent, kommer Miku att sprida gl\u00e4dje p\u00e5 v\u00e4gen.<\/p>\n<p>V\u00e4skan \u00e4r tillverkad av <strong>100 % h\u00f6gkvalitativ bomull<\/strong>, vilket g\u00f6r den b\u00e5de slitstark och milj\u00f6v\u00e4nlig. Med sina rymliga m\u00e5tt p\u00e5 35 x 40 cm f\u00e5r du enkelt plats med b\u00f6cker, matvaror eller dina senaste anime-merch-fynd. De l\u00e5nga och bekv\u00e4ma handtagen g\u00f6r den enkel att b\u00e4ra \u00f6ver axeln hela dagen.<\/p>","protected":false},"excerpt":{"rendered":"<p>B\u00e4r med dig din k\u00e4rlek f\u00f6r v\u00e4rldens mest k\u00e4nda virtuella idol med denna snygga Hatsune Miku &#8221;Energy&#8221; tygv\u00e4ska. Med ett f\u00e4rgstarkt och dynamiskt tryck som sprudlar av energi, \u00e4r denna v\u00e4ska den perfekta accessoaren f\u00f6r anime-fans som vill kombinera stil med praktisk funktion. Oavsett om du ska till skolan, jobbet eller n\u00e4sta konvent, kommer Miku [&hellip;]<\/p>\n","protected":false},"featured_media":99528,"comment_status":"open","ping_status":"closed","template":"","meta":{"_acf_changed":false,"_monsterinsights_skip_tracking":false,"_monsterinsights_sitenote_active":false,"_monsterinsights_sitenote_note":"","_monsterinsights_sitenote_category":0},"product_brand":[7108],"product_cat":[2832],"product_tag":[24],"giftcard-category":[],"class_list":{"0":"post-99527","1":"product","2":"type-product","3":"status-publish","4":"has-post-thumbnail","6":"product_brand-popbuddies","7":"product_cat-hatsune-miku","8":"product_tag-2-3-weeks","9":"pa_franchise-hatsune-miku","10":"pa_material-100-cotton","12":"first","13":"instock","14":"taxable","15":"shipping-taxable","16":"purchasable","17":"product-type-simple"},"acf":[],"yoast_head":"<!-- This site is optimized with the Yoast SEO Premium plugin v24.6 (Yoast SEO v27.3) - https:\/\/yoast.com\/product\/yoast-seo-premium-wordpress\/ -->\n<title>Hatsune Miku Tote Bag Energy | Animefigurer.se<\/title>\n<meta name=\"robots\" content=\"index, follow, max-snippet:-1, max-image-preview:large, max-video-preview:-1\" \/>\n<link rel=\"canonical\" href=\"https:\/\/animefigurer.se\/en\/figurer\/hatsune-miku\/hatsune-miku-tote-bag-energy\/\" \/>\n<meta property=\"og:locale\" content=\"en_GB\" \/>\n<meta property=\"og:type\" content=\"article\" \/>\n<meta property=\"og:title\" content=\"Hatsune Miku Tote Bag Energy\" \/>\n<meta property=\"og:description\" content=\"B\u00e4r med dig din k\u00e4rlek f\u00f6r v\u00e4rldens mest k\u00e4nda virtuella idol med denna snygga Hatsune Miku &#8221;Energy&#8221; tygv\u00e4ska. Med ett f\u00e4rgstarkt och dynamiskt tryck som sprudlar av energi, \u00e4r denna v\u00e4ska den perfekta accessoaren f\u00f6r anime-fans som vill kombinera stil med praktisk funktion. Oavsett om du ska till skolan, jobbet eller n\u00e4sta konvent, kommer Miku [&hellip;]\" \/>\n<meta property=\"og:url\" content=\"https:\/\/animefigurer.se\/en\/figurer\/hatsune-miku\/hatsune-miku-tote-bag-energy\/\" \/>\n<meta property=\"og:site_name\" content=\"Animefigurer.se\" \/>\n<meta property=\"article:publisher\" content=\"https:\/\/www.facebook.com\/profile.php?id=61581826539670\" \/>\n<meta property=\"article:modified_time\" content=\"2026-04-24T19:55:50+00:00\" \/>\n<meta property=\"og:image\" content=\"https:\/\/animefigurer.se\/wp-content\/uploads\/2026\/04\/x_popb-pbtb01.jpg\" \/>\n\t<meta property=\"og:image:width\" content=\"1000\" \/>\n\t<meta property=\"og:image:height\" content=\"1000\" \/>\n\t<meta property=\"og:image:type\" content=\"image\/jpeg\" \/>\n<meta name=\"twitter:card\" content=\"summary_large_image\" \/>\n<meta name=\"twitter:label1\" content=\"Estimated reading time\" \/>\n\t<meta name=\"twitter:data1\" content=\"1 minute\" \/>\n<script type=\"application\/ld+json\" class=\"yoast-schema-graph\">{\"@context\":\"https:\\\/\\\/schema.org\",\"@graph\":[{\"@type\":\"WebPage\",\"@id\":\"https:\\\/\\\/animefigurer.se\\\/figurer\\\/hatsune-miku\\\/hatsune-miku-tote-bag-energy\\\/\",\"url\":\"https:\\\/\\\/animefigurer.se\\\/figurer\\\/hatsune-miku\\\/hatsune-miku-tote-bag-energy\\\/\",\"name\":\"Hatsune Miku Tote Bag Energy | Animefigurer.se\",\"isPartOf\":{\"@id\":\"https:\\\/\\\/animefigurer.se\\\/#website\"},\"primaryImageOfPage\":{\"@id\":\"https:\\\/\\\/animefigurer.se\\\/figurer\\\/hatsune-miku\\\/hatsune-miku-tote-bag-energy\\\/#primaryimage\"},\"image\":{\"@id\":\"https:\\\/\\\/animefigurer.se\\\/figurer\\\/hatsune-miku\\\/hatsune-miku-tote-bag-energy\\\/#primaryimage\"},\"thumbnailUrl\":\"https:\\\/\\\/animefigurer.se\\\/wp-content\\\/uploads\\\/2026\\\/04\\\/x_popb-pbtb01.jpg\",\"datePublished\":\"2026-04-24T19:55:49+00:00\",\"dateModified\":\"2026-04-24T19:55:50+00:00\",\"breadcrumb\":{\"@id\":\"https:\\\/\\\/animefigurer.se\\\/figurer\\\/hatsune-miku\\\/hatsune-miku-tote-bag-energy\\\/#breadcrumb\"},\"inLanguage\":\"en-GB\",\"potentialAction\":[{\"@type\":\"ReadAction\",\"target\":[\"https:\\\/\\\/animefigurer.se\\\/figurer\\\/hatsune-miku\\\/hatsune-miku-tote-bag-energy\\\/\"]}]},{\"@type\":\"ImageObject\",\"inLanguage\":\"en-GB\",\"@id\":\"https:\\\/\\\/animefigurer.se\\\/figurer\\\/hatsune-miku\\\/hatsune-miku-tote-bag-energy\\\/#primaryimage\",\"url\":\"https:\\\/\\\/animefigurer.se\\\/wp-content\\\/uploads\\\/2026\\\/04\\\/x_popb-pbtb01.jpg\",\"contentUrl\":\"https:\\\/\\\/animefigurer.se\\\/wp-content\\\/uploads\\\/2026\\\/04\\\/x_popb-pbtb01.jpg\",\"width\":1000,\"height\":1000,\"caption\":\"Hatsune Miku Tote Bag Energy\"},{\"@type\":\"BreadcrumbList\",\"@id\":\"https:\\\/\\\/animefigurer.se\\\/figurer\\\/hatsune-miku\\\/hatsune-miku-tote-bag-energy\\\/#breadcrumb\",\"itemListElement\":[{\"@type\":\"ListItem\",\"position\":1,\"name\":\"Home\",\"item\":\"https:\\\/\\\/animefigurer.se\\\/\"},{\"@type\":\"ListItem\",\"position\":2,\"name\":\"Butik\",\"item\":\"https:\\\/\\\/animefigurer.se\\\/figurer\\\/\"},{\"@type\":\"ListItem\",\"position\":3,\"name\":\"Hatsune Miku Tote Bag Energy\"}]},{\"@type\":\"WebSite\",\"@id\":\"https:\\\/\\\/animefigurer.se\\\/#website\",\"url\":\"https:\\\/\\\/animefigurer.se\\\/\",\"name\":\"Animefigurer.se\",\"description\":\"Anime figurer fr\u00e5n \u00f6ver 300 olika anime serier med \u00f6ver 9000 produkter | Anime Shop\",\"publisher\":{\"@id\":\"https:\\\/\\\/animefigurer.se\\\/#organization\"},\"potentialAction\":[{\"@type\":\"SearchAction\",\"target\":{\"@type\":\"EntryPoint\",\"urlTemplate\":\"https:\\\/\\\/animefigurer.se\\\/?s={search_term_string}\"},\"query-input\":{\"@type\":\"PropertyValueSpecification\",\"valueRequired\":true,\"valueName\":\"search_term_string\"}}],\"inLanguage\":\"en-GB\"},{\"@type\":\"Organization\",\"@id\":\"https:\\\/\\\/animefigurer.se\\\/#organization\",\"name\":\"Animefigurer.se\",\"alternateName\":\"Anime figurer | Anime shop\",\"url\":\"https:\\\/\\\/animefigurer.se\\\/\",\"logo\":{\"@type\":\"ImageObject\",\"inLanguage\":\"en-GB\",\"@id\":\"https:\\\/\\\/animefigurer.se\\\/#\\\/schema\\\/logo\\\/image\\\/\",\"url\":\"https:\\\/\\\/animefigurer.se\\\/wp-content\\\/uploads\\\/2025\\\/12\\\/Animefigurer_logowhite.png\",\"contentUrl\":\"https:\\\/\\\/animefigurer.se\\\/wp-content\\\/uploads\\\/2025\\\/12\\\/Animefigurer_logowhite.png\",\"width\":1890,\"height\":1417,\"caption\":\"Animefigurer.se\"},\"image\":{\"@id\":\"https:\\\/\\\/animefigurer.se\\\/#\\\/schema\\\/logo\\\/image\\\/\"},\"sameAs\":[\"https:\\\/\\\/www.facebook.com\\\/profile.php?id=61581826539670\",\"https:\\\/\\\/www.instagram.com\\\/animefigurer.se\\\/\"],\"email\":\"info@animefigurer.se\"}]}<\/script>\n<!-- \/ Yoast SEO Premium plugin. -->","yoast_head_json":{"title":"Hatsune Miku Tote Bag Energy | Animefigurer.se","robots":{"index":"index","follow":"follow","max-snippet":"max-snippet:-1","max-image-preview":"max-image-preview:large","max-video-preview":"max-video-preview:-1"},"canonical":"https:\/\/animefigurer.se\/en\/figurer\/hatsune-miku\/hatsune-miku-tote-bag-energy\/","og_locale":"en_GB","og_type":"article","og_title":"Hatsune Miku Tote Bag Energy","og_description":"B\u00e4r med dig din k\u00e4rlek f\u00f6r v\u00e4rldens mest k\u00e4nda virtuella idol med denna snygga Hatsune Miku &#8221;Energy&#8221; tygv\u00e4ska. Med ett f\u00e4rgstarkt och dynamiskt tryck som sprudlar av energi, \u00e4r denna v\u00e4ska den perfekta accessoaren f\u00f6r anime-fans som vill kombinera stil med praktisk funktion. Oavsett om du ska till skolan, jobbet eller n\u00e4sta konvent, kommer Miku [&hellip;]","og_url":"https:\/\/animefigurer.se\/en\/figurer\/hatsune-miku\/hatsune-miku-tote-bag-energy\/","og_site_name":"Animefigurer.se","article_publisher":"https:\/\/www.facebook.com\/profile.php?id=61581826539670","article_modified_time":"2026-04-24T19:55:50+00:00","og_image":[{"width":1000,"height":1000,"url":"https:\/\/animefigurer.se\/wp-content\/uploads\/2026\/04\/x_popb-pbtb01.jpg","type":"image\/jpeg"}],"twitter_card":"summary_large_image","twitter_misc":{"Estimated reading time":"1 minute"},"schema":{"@context":"https:\/\/schema.org","@graph":[{"@type":"WebPage","@id":"https:\/\/animefigurer.se\/figurer\/hatsune-miku\/hatsune-miku-tote-bag-energy\/","url":"https:\/\/animefigurer.se\/figurer\/hatsune-miku\/hatsune-miku-tote-bag-energy\/","name":"Hatsune Miku Tote Bag Energy | Animefigurer.se","isPartOf":{"@id":"https:\/\/animefigurer.se\/#website"},"primaryImageOfPage":{"@id":"https:\/\/animefigurer.se\/figurer\/hatsune-miku\/hatsune-miku-tote-bag-energy\/#primaryimage"},"image":{"@id":"https:\/\/animefigurer.se\/figurer\/hatsune-miku\/hatsune-miku-tote-bag-energy\/#primaryimage"},"thumbnailUrl":"https:\/\/animefigurer.se\/wp-content\/uploads\/2026\/04\/x_popb-pbtb01.jpg","datePublished":"2026-04-24T19:55:49+00:00","dateModified":"2026-04-24T19:55:50+00:00","breadcrumb":{"@id":"https:\/\/animefigurer.se\/figurer\/hatsune-miku\/hatsune-miku-tote-bag-energy\/#breadcrumb"},"inLanguage":"en-GB","potentialAction":[{"@type":"ReadAction","target":["https:\/\/animefigurer.se\/figurer\/hatsune-miku\/hatsune-miku-tote-bag-energy\/"]}]},{"@type":"ImageObject","inLanguage":"en-GB","@id":"https:\/\/animefigurer.se\/figurer\/hatsune-miku\/hatsune-miku-tote-bag-energy\/#primaryimage","url":"https:\/\/animefigurer.se\/wp-content\/uploads\/2026\/04\/x_popb-pbtb01.jpg","contentUrl":"https:\/\/animefigurer.se\/wp-content\/uploads\/2026\/04\/x_popb-pbtb01.jpg","width":1000,"height":1000,"caption":"Hatsune Miku Tote Bag Energy"},{"@type":"BreadcrumbList","@id":"https:\/\/animefigurer.se\/figurer\/hatsune-miku\/hatsune-miku-tote-bag-energy\/#breadcrumb","itemListElement":[{"@type":"ListItem","position":1,"name":"Home","item":"https:\/\/animefigurer.se\/"},{"@type":"ListItem","position":2,"name":"Butik","item":"https:\/\/animefigurer.se\/figurer\/"},{"@type":"ListItem","position":3,"name":"Hatsune Miku Tote Bag Energy"}]},{"@type":"WebSite","@id":"https:\/\/animefigurer.se\/#website","url":"https:\/\/animefigurer.se\/","name":"Animefigurer.se","description":"Anime figures from over 300 different anime series with over 9000 products | Anime Shop","publisher":{"@id":"https:\/\/animefigurer.se\/#organization"},"potentialAction":[{"@type":"SearchAction","target":{"@type":"EntryPoint","urlTemplate":"https:\/\/animefigurer.se\/?s={search_term_string}"},"query-input":{"@type":"PropertyValueSpecification","valueRequired":true,"valueName":"search_term_string"}}],"inLanguage":"en-GB"},{"@type":"Organization","@id":"https:\/\/animefigurer.se\/#organization","name":"Animefigurer.se","alternateName":"Anime figurer | Anime shop","url":"https:\/\/animefigurer.se\/","logo":{"@type":"ImageObject","inLanguage":"en-GB","@id":"https:\/\/animefigurer.se\/#\/schema\/logo\/image\/","url":"https:\/\/animefigurer.se\/wp-content\/uploads\/2025\/12\/Animefigurer_logowhite.png","contentUrl":"https:\/\/animefigurer.se\/wp-content\/uploads\/2025\/12\/Animefigurer_logowhite.png","width":1890,"height":1417,"caption":"Animefigurer.se"},"image":{"@id":"https:\/\/animefigurer.se\/#\/schema\/logo\/image\/"},"sameAs":["https:\/\/www.facebook.com\/profile.php?id=61581826539670","https:\/\/www.instagram.com\/animefigurer.se\/"],"email":"info@animefigurer.se"}]}},"_links":{"self":[{"href":"https:\/\/animefigurer.se\/en\/wp-json\/wp\/v2\/product\/99527","targetHints":{"allow":["GET"]}}],"collection":[{"href":"https:\/\/animefigurer.se\/en\/wp-json\/wp\/v2\/product"}],"about":[{"href":"https:\/\/animefigurer.se\/en\/wp-json\/wp\/v2\/types\/product"}],"replies":[{"embeddable":true,"href":"https:\/\/animefigurer.se\/en\/wp-json\/wp\/v2\/comments?post=99527"}],"wp:featuredmedia":[{"embeddable":true,"href":"https:\/\/animefigurer.se\/en\/wp-json\/wp\/v2\/media\/99528"}],"wp:attachment":[{"href":"https:\/\/animefigurer.se\/en\/wp-json\/wp\/v2\/media?parent=99527"}],"wp:term":[{"taxonomy":"product_brand","embeddable":true,"href":"https:\/\/animefigurer.se\/en\/wp-json\/wp\/v2\/product_brand?post=99527"},{"taxonomy":"product_cat","embeddable":true,"href":"https:\/\/animefigurer.se\/en\/wp-json\/wp\/v2\/product_cat?post=99527"},{"taxonomy":"product_tag","embeddable":true,"href":"https:\/\/animefigurer.se\/en\/wp-json\/wp\/v2\/product_tag?post=99527"},{"taxonomy":"giftcard-category","embeddable":true,"href":"https:\/\/animefigurer.se\/en\/wp-json\/wp\/v2\/giftcard-category?post=99527"}],"curies":[{"name":"wp","href":"https:\/\/api.w.org\/{rel}","templated":true}]}}