{"id":99319,"date":"2026-04-23T11:41:31","date_gmt":"2026-04-23T09:41:31","guid":{"rendered":"https:\/\/animefigurer.se\/?post_type=product&#038;p=99319"},"modified":"2026-04-23T14:03:36","modified_gmt":"2026-04-23T12:03:36","slug":"to-love-ru-darkness-pvc-statue-aqua-float-girls-darkness-momo-10-cm","status":"publish","type":"product","link":"https:\/\/animefigurer.se\/en\/figurer\/to-love-ru-darkness\/to-love-ru-darkness-pvc-statue-aqua-float-girls-darkness-momo-10-cm\/","title":{"rendered":"To Love-Ru Darkness PVC Statue Aqua Float Girls Darkness Momo 10 cm"},"content":{"rendered":"<p>Ge din samling en somrig k\u00e4nsla med denna fantastiska <strong>Momo Belia Deviluke-staty<\/strong> fr\u00e5n Taito. Som en del av den popul\u00e4ra &#8221;Aqua Float Girls&#8221;-serien ser vi h\u00e4r Momo i en bed\u00e5rande bikini, avslappnat sittandes p\u00e5 en detaljerad badring som flyter p\u00e5 en transparent bl\u00e5 vattenbas. Denna figur f\u00e5ngar verkligen karakt\u00e4rens lekfulla och charmiga personlighet fr\u00e5n <em>To Love-Ru Darkness<\/em>.<\/p>\n<p>Trots sin kompakta storlek p\u00e5 10 cm \u00e4r statyn fylld med fina detaljer, fr\u00e5n hennes ikoniska rosa h\u00e5r till den karakteristiska dj\u00e4vulssvansen. Den \u00e4r tillverkad av h\u00f6gkvalitativ PVC och \u00e4r designad f\u00f6r att se fantastisk ut fr\u00e5n alla vinklar. En perfekt inredningsdetalj f\u00f6r anime-entusiaster och samlare som letar efter en unik och h\u00f6gkvalitativ figur till hyllan.<\/p>\n<h3>Specifications:<\/h3>\n<ul>\n<li><strong>Varum\u00e4rke:<\/strong> Taito (Officiellt licensierad).<\/li>\n<li><strong>Serie:<\/strong> Aqua Float Girls &#8211; To Love-Ru Darkness.<\/li>\n<li><strong>Karakt\u00e4r:<\/strong> Momo Belia Deviluke.<\/li>\n<li><strong>Material:<\/strong> H\u00f6gkvalitativ PVC.<\/li>\n<li><strong>Size:<\/strong> Ca 10 cm h\u00f6g.<\/li>\n<li><strong>Includes:<\/strong> Specialdesignad vattenbas och badring.<\/li>\n<\/ul>","protected":false},"excerpt":{"rendered":"<p>Ge din samling en somrig k\u00e4nsla med denna fantastiska Momo Belia Deviluke-staty fr\u00e5n Taito. Som en del av den popul\u00e4ra &#8221;Aqua Float Girls&#8221;-serien ser vi h\u00e4r Momo i en bed\u00e5rande bikini, avslappnat sittandes p\u00e5 en detaljerad badring som flyter p\u00e5 en transparent bl\u00e5 vattenbas. Denna figur f\u00e5ngar verkligen karakt\u00e4rens lekfulla och charmiga personlighet fr\u00e5n To [&hellip;]<\/p>\n","protected":false},"featured_media":99318,"comment_status":"closed","ping_status":"closed","template":"","meta":{"_acf_changed":false,"_monsterinsights_skip_tracking":false,"_monsterinsights_sitenote_active":false,"_monsterinsights_sitenote_note":"","_monsterinsights_sitenote_category":0},"product_brand":[7161],"product_cat":[5735],"product_tag":[26],"giftcard-category":[],"class_list":{"0":"post-99319","1":"product","2":"type-product","3":"status-publish","4":"has-post-thumbnail","6":"product_brand-taito-prize","7":"product_cat-to-love-ru-darkness","8":"product_tag-pre-order","9":"pa_franchise-to-love-ru-darkness","10":"pa_karaktar-momo","11":"pa_storlek-10-cm","13":"first","14":"instock","15":"taxable","16":"shipping-taxable","17":"purchasable","18":"product-type-simple"},"acf":[],"yoast_head":"<!-- This site is optimized with the Yoast SEO Premium plugin v24.6 (Yoast SEO v27.3) - https:\/\/yoast.com\/product\/yoast-seo-premium-wordpress\/ -->\n<title>To Love-Ru Darkness PVC Statue Aqua Float Girls Darkness Momo 10 cm | Animefigurer.se<\/title>\n<meta name=\"robots\" content=\"index, follow, max-snippet:-1, max-image-preview:large, max-video-preview:-1\" \/>\n<link rel=\"canonical\" href=\"https:\/\/animefigurer.se\/en\/figurer\/to-love-ru-darkness\/to-love-ru-darkness-pvc-statue-aqua-float-girls-darkness-momo-10-cm\/\" \/>\n<meta property=\"og:locale\" content=\"en_GB\" \/>\n<meta property=\"og:type\" content=\"article\" \/>\n<meta property=\"og:title\" content=\"To Love-Ru Darkness PVC Statue Aqua Float Girls Darkness Momo 10 cm\" \/>\n<meta property=\"og:description\" content=\"Ge din samling en somrig k\u00e4nsla med denna fantastiska Momo Belia Deviluke-staty fr\u00e5n Taito. Som en del av den popul\u00e4ra &#8221;Aqua Float Girls&#8221;-serien ser vi h\u00e4r Momo i en bed\u00e5rande bikini, avslappnat sittandes p\u00e5 en detaljerad badring som flyter p\u00e5 en transparent bl\u00e5 vattenbas. Denna figur f\u00e5ngar verkligen karakt\u00e4rens lekfulla och charmiga personlighet fr\u00e5n To [&hellip;]\" \/>\n<meta property=\"og:url\" content=\"https:\/\/animefigurer.se\/en\/figurer\/to-love-ru-darkness\/to-love-ru-darkness-pvc-statue-aqua-float-girls-darkness-momo-10-cm\/\" \/>\n<meta property=\"og:site_name\" content=\"Animefigurer.se\" \/>\n<meta property=\"article:publisher\" content=\"https:\/\/www.facebook.com\/profile.php?id=61581826539670\" \/>\n<meta property=\"article:modified_time\" content=\"2026-04-23T12:03:36+00:00\" \/>\n<meta property=\"og:image\" content=\"https:\/\/animefigurer.se\/wp-content\/uploads\/2026\/04\/x_tapr452018100.jpg\" \/>\n\t<meta property=\"og:image:width\" content=\"1000\" \/>\n\t<meta property=\"og:image:height\" content=\"1000\" \/>\n\t<meta property=\"og:image:type\" content=\"image\/jpeg\" \/>\n<meta name=\"twitter:card\" content=\"summary_large_image\" \/>\n<meta name=\"twitter:label1\" content=\"Estimated reading time\" \/>\n\t<meta name=\"twitter:data1\" content=\"1 minute\" \/>\n<script type=\"application\/ld+json\" class=\"yoast-schema-graph\">{\"@context\":\"https:\\\/\\\/schema.org\",\"@graph\":[{\"@type\":\"WebPage\",\"@id\":\"https:\\\/\\\/animefigurer.se\\\/figurer\\\/to-love-ru-darkness\\\/to-love-ru-darkness-pvc-statue-aqua-float-girls-darkness-momo-10-cm\\\/\",\"url\":\"https:\\\/\\\/animefigurer.se\\\/figurer\\\/to-love-ru-darkness\\\/to-love-ru-darkness-pvc-statue-aqua-float-girls-darkness-momo-10-cm\\\/\",\"name\":\"To Love-Ru Darkness PVC Statue Aqua Float Girls Darkness Momo 10 cm | Animefigurer.se\",\"isPartOf\":{\"@id\":\"https:\\\/\\\/animefigurer.se\\\/#website\"},\"primaryImageOfPage\":{\"@id\":\"https:\\\/\\\/animefigurer.se\\\/figurer\\\/to-love-ru-darkness\\\/to-love-ru-darkness-pvc-statue-aqua-float-girls-darkness-momo-10-cm\\\/#primaryimage\"},\"image\":{\"@id\":\"https:\\\/\\\/animefigurer.se\\\/figurer\\\/to-love-ru-darkness\\\/to-love-ru-darkness-pvc-statue-aqua-float-girls-darkness-momo-10-cm\\\/#primaryimage\"},\"thumbnailUrl\":\"https:\\\/\\\/animefigurer.se\\\/wp-content\\\/uploads\\\/2026\\\/04\\\/x_tapr452018100.jpg\",\"datePublished\":\"2026-04-23T09:41:31+00:00\",\"dateModified\":\"2026-04-23T12:03:36+00:00\",\"breadcrumb\":{\"@id\":\"https:\\\/\\\/animefigurer.se\\\/figurer\\\/to-love-ru-darkness\\\/to-love-ru-darkness-pvc-statue-aqua-float-girls-darkness-momo-10-cm\\\/#breadcrumb\"},\"inLanguage\":\"en-GB\",\"potentialAction\":[{\"@type\":\"ReadAction\",\"target\":[\"https:\\\/\\\/animefigurer.se\\\/figurer\\\/to-love-ru-darkness\\\/to-love-ru-darkness-pvc-statue-aqua-float-girls-darkness-momo-10-cm\\\/\"]}]},{\"@type\":\"ImageObject\",\"inLanguage\":\"en-GB\",\"@id\":\"https:\\\/\\\/animefigurer.se\\\/figurer\\\/to-love-ru-darkness\\\/to-love-ru-darkness-pvc-statue-aqua-float-girls-darkness-momo-10-cm\\\/#primaryimage\",\"url\":\"https:\\\/\\\/animefigurer.se\\\/wp-content\\\/uploads\\\/2026\\\/04\\\/x_tapr452018100.jpg\",\"contentUrl\":\"https:\\\/\\\/animefigurer.se\\\/wp-content\\\/uploads\\\/2026\\\/04\\\/x_tapr452018100.jpg\",\"width\":1000,\"height\":1000},{\"@type\":\"BreadcrumbList\",\"@id\":\"https:\\\/\\\/animefigurer.se\\\/figurer\\\/to-love-ru-darkness\\\/to-love-ru-darkness-pvc-statue-aqua-float-girls-darkness-momo-10-cm\\\/#breadcrumb\",\"itemListElement\":[{\"@type\":\"ListItem\",\"position\":1,\"name\":\"Home\",\"item\":\"https:\\\/\\\/animefigurer.se\\\/\"},{\"@type\":\"ListItem\",\"position\":2,\"name\":\"Butik\",\"item\":\"https:\\\/\\\/animefigurer.se\\\/figurer\\\/\"},{\"@type\":\"ListItem\",\"position\":3,\"name\":\"To Love-Ru Darkness PVC Statue Aqua Float Girls Darkness Momo 10 cm\"}]},{\"@type\":\"WebSite\",\"@id\":\"https:\\\/\\\/animefigurer.se\\\/#website\",\"url\":\"https:\\\/\\\/animefigurer.se\\\/\",\"name\":\"Animefigurer.se\",\"description\":\"Anime figurer fr\u00e5n \u00f6ver 300 olika anime serier med \u00f6ver 9000 produkter | Anime Shop\",\"publisher\":{\"@id\":\"https:\\\/\\\/animefigurer.se\\\/#organization\"},\"potentialAction\":[{\"@type\":\"SearchAction\",\"target\":{\"@type\":\"EntryPoint\",\"urlTemplate\":\"https:\\\/\\\/animefigurer.se\\\/?s={search_term_string}\"},\"query-input\":{\"@type\":\"PropertyValueSpecification\",\"valueRequired\":true,\"valueName\":\"search_term_string\"}}],\"inLanguage\":\"en-GB\"},{\"@type\":\"Organization\",\"@id\":\"https:\\\/\\\/animefigurer.se\\\/#organization\",\"name\":\"Animefigurer.se\",\"alternateName\":\"Anime figurer | Anime shop\",\"url\":\"https:\\\/\\\/animefigurer.se\\\/\",\"logo\":{\"@type\":\"ImageObject\",\"inLanguage\":\"en-GB\",\"@id\":\"https:\\\/\\\/animefigurer.se\\\/#\\\/schema\\\/logo\\\/image\\\/\",\"url\":\"https:\\\/\\\/animefigurer.se\\\/wp-content\\\/uploads\\\/2025\\\/12\\\/Animefigurer_logowhite.png\",\"contentUrl\":\"https:\\\/\\\/animefigurer.se\\\/wp-content\\\/uploads\\\/2025\\\/12\\\/Animefigurer_logowhite.png\",\"width\":1890,\"height\":1417,\"caption\":\"Animefigurer.se\"},\"image\":{\"@id\":\"https:\\\/\\\/animefigurer.se\\\/#\\\/schema\\\/logo\\\/image\\\/\"},\"sameAs\":[\"https:\\\/\\\/www.facebook.com\\\/profile.php?id=61581826539670\",\"https:\\\/\\\/www.instagram.com\\\/animefigurer.se\\\/\"],\"email\":\"info@animefigurer.se\"}]}<\/script>\n<!-- \/ Yoast SEO Premium plugin. -->","yoast_head_json":{"title":"To Love-Ru Darkness PVC Statue Aqua Float Girls Darkness Momo 10 cm | Animefigurer.se","robots":{"index":"index","follow":"follow","max-snippet":"max-snippet:-1","max-image-preview":"max-image-preview:large","max-video-preview":"max-video-preview:-1"},"canonical":"https:\/\/animefigurer.se\/en\/figurer\/to-love-ru-darkness\/to-love-ru-darkness-pvc-statue-aqua-float-girls-darkness-momo-10-cm\/","og_locale":"en_GB","og_type":"article","og_title":"To Love-Ru Darkness PVC Statue Aqua Float Girls Darkness Momo 10 cm","og_description":"Ge din samling en somrig k\u00e4nsla med denna fantastiska Momo Belia Deviluke-staty fr\u00e5n Taito. Som en del av den popul\u00e4ra &#8221;Aqua Float Girls&#8221;-serien ser vi h\u00e4r Momo i en bed\u00e5rande bikini, avslappnat sittandes p\u00e5 en detaljerad badring som flyter p\u00e5 en transparent bl\u00e5 vattenbas. Denna figur f\u00e5ngar verkligen karakt\u00e4rens lekfulla och charmiga personlighet fr\u00e5n To [&hellip;]","og_url":"https:\/\/animefigurer.se\/en\/figurer\/to-love-ru-darkness\/to-love-ru-darkness-pvc-statue-aqua-float-girls-darkness-momo-10-cm\/","og_site_name":"Animefigurer.se","article_publisher":"https:\/\/www.facebook.com\/profile.php?id=61581826539670","article_modified_time":"2026-04-23T12:03:36+00:00","og_image":[{"width":1000,"height":1000,"url":"https:\/\/animefigurer.se\/wp-content\/uploads\/2026\/04\/x_tapr452018100.jpg","type":"image\/jpeg"}],"twitter_card":"summary_large_image","twitter_misc":{"Estimated reading time":"1 minute"},"schema":{"@context":"https:\/\/schema.org","@graph":[{"@type":"WebPage","@id":"https:\/\/animefigurer.se\/figurer\/to-love-ru-darkness\/to-love-ru-darkness-pvc-statue-aqua-float-girls-darkness-momo-10-cm\/","url":"https:\/\/animefigurer.se\/figurer\/to-love-ru-darkness\/to-love-ru-darkness-pvc-statue-aqua-float-girls-darkness-momo-10-cm\/","name":"To Love-Ru Darkness PVC Statue Aqua Float Girls Darkness Momo 10 cm | Animefigurer.se","isPartOf":{"@id":"https:\/\/animefigurer.se\/#website"},"primaryImageOfPage":{"@id":"https:\/\/animefigurer.se\/figurer\/to-love-ru-darkness\/to-love-ru-darkness-pvc-statue-aqua-float-girls-darkness-momo-10-cm\/#primaryimage"},"image":{"@id":"https:\/\/animefigurer.se\/figurer\/to-love-ru-darkness\/to-love-ru-darkness-pvc-statue-aqua-float-girls-darkness-momo-10-cm\/#primaryimage"},"thumbnailUrl":"https:\/\/animefigurer.se\/wp-content\/uploads\/2026\/04\/x_tapr452018100.jpg","datePublished":"2026-04-23T09:41:31+00:00","dateModified":"2026-04-23T12:03:36+00:00","breadcrumb":{"@id":"https:\/\/animefigurer.se\/figurer\/to-love-ru-darkness\/to-love-ru-darkness-pvc-statue-aqua-float-girls-darkness-momo-10-cm\/#breadcrumb"},"inLanguage":"en-GB","potentialAction":[{"@type":"ReadAction","target":["https:\/\/animefigurer.se\/figurer\/to-love-ru-darkness\/to-love-ru-darkness-pvc-statue-aqua-float-girls-darkness-momo-10-cm\/"]}]},{"@type":"ImageObject","inLanguage":"en-GB","@id":"https:\/\/animefigurer.se\/figurer\/to-love-ru-darkness\/to-love-ru-darkness-pvc-statue-aqua-float-girls-darkness-momo-10-cm\/#primaryimage","url":"https:\/\/animefigurer.se\/wp-content\/uploads\/2026\/04\/x_tapr452018100.jpg","contentUrl":"https:\/\/animefigurer.se\/wp-content\/uploads\/2026\/04\/x_tapr452018100.jpg","width":1000,"height":1000},{"@type":"BreadcrumbList","@id":"https:\/\/animefigurer.se\/figurer\/to-love-ru-darkness\/to-love-ru-darkness-pvc-statue-aqua-float-girls-darkness-momo-10-cm\/#breadcrumb","itemListElement":[{"@type":"ListItem","position":1,"name":"Home","item":"https:\/\/animefigurer.se\/"},{"@type":"ListItem","position":2,"name":"Butik","item":"https:\/\/animefigurer.se\/figurer\/"},{"@type":"ListItem","position":3,"name":"To Love-Ru Darkness PVC Statue Aqua Float Girls Darkness Momo 10 cm"}]},{"@type":"WebSite","@id":"https:\/\/animefigurer.se\/#website","url":"https:\/\/animefigurer.se\/","name":"Animefigurer.se","description":"Anime figures from over 300 different anime series with over 9000 products | Anime Shop","publisher":{"@id":"https:\/\/animefigurer.se\/#organization"},"potentialAction":[{"@type":"SearchAction","target":{"@type":"EntryPoint","urlTemplate":"https:\/\/animefigurer.se\/?s={search_term_string}"},"query-input":{"@type":"PropertyValueSpecification","valueRequired":true,"valueName":"search_term_string"}}],"inLanguage":"en-GB"},{"@type":"Organization","@id":"https:\/\/animefigurer.se\/#organization","name":"Animefigurer.se","alternateName":"Anime figurer | Anime shop","url":"https:\/\/animefigurer.se\/","logo":{"@type":"ImageObject","inLanguage":"en-GB","@id":"https:\/\/animefigurer.se\/#\/schema\/logo\/image\/","url":"https:\/\/animefigurer.se\/wp-content\/uploads\/2025\/12\/Animefigurer_logowhite.png","contentUrl":"https:\/\/animefigurer.se\/wp-content\/uploads\/2025\/12\/Animefigurer_logowhite.png","width":1890,"height":1417,"caption":"Animefigurer.se"},"image":{"@id":"https:\/\/animefigurer.se\/#\/schema\/logo\/image\/"},"sameAs":["https:\/\/www.facebook.com\/profile.php?id=61581826539670","https:\/\/www.instagram.com\/animefigurer.se\/"],"email":"info@animefigurer.se"}]}},"_links":{"self":[{"href":"https:\/\/animefigurer.se\/en\/wp-json\/wp\/v2\/product\/99319","targetHints":{"allow":["GET"]}}],"collection":[{"href":"https:\/\/animefigurer.se\/en\/wp-json\/wp\/v2\/product"}],"about":[{"href":"https:\/\/animefigurer.se\/en\/wp-json\/wp\/v2\/types\/product"}],"replies":[{"embeddable":true,"href":"https:\/\/animefigurer.se\/en\/wp-json\/wp\/v2\/comments?post=99319"}],"wp:featuredmedia":[{"embeddable":true,"href":"https:\/\/animefigurer.se\/en\/wp-json\/wp\/v2\/media\/99318"}],"wp:attachment":[{"href":"https:\/\/animefigurer.se\/en\/wp-json\/wp\/v2\/media?parent=99319"}],"wp:term":[{"taxonomy":"product_brand","embeddable":true,"href":"https:\/\/animefigurer.se\/en\/wp-json\/wp\/v2\/product_brand?post=99319"},{"taxonomy":"product_cat","embeddable":true,"href":"https:\/\/animefigurer.se\/en\/wp-json\/wp\/v2\/product_cat?post=99319"},{"taxonomy":"product_tag","embeddable":true,"href":"https:\/\/animefigurer.se\/en\/wp-json\/wp\/v2\/product_tag?post=99319"},{"taxonomy":"giftcard-category","embeddable":true,"href":"https:\/\/animefigurer.se\/en\/wp-json\/wp\/v2\/giftcard-category?post=99319"}],"curies":[{"name":"wp","href":"https:\/\/api.w.org\/{rel}","templated":true}]}}