{"id":99218,"date":"2026-04-23T11:40:59","date_gmt":"2026-04-23T09:40:59","guid":{"rendered":"https:\/\/animefigurer.se\/?post_type=product&#038;p=99218"},"modified":"2026-04-23T14:00:47","modified_gmt":"2026-04-23T12:00:47","slug":"pokemon-backpack-gotta-catch-em-all-35-cm","status":"publish","type":"product","link":"https:\/\/animefigurer.se\/en\/figurer\/pokemon-2\/pokemon-backpack-gotta-catch-em-all-35-cm\/","title":{"rendered":"Pok\u00e9mon Backpack Gotta Catch &#8217;Em All! 35 cm"},"content":{"rendered":"<p>G\u00f6r dig redo f\u00f6r n\u00e4sta \u00e4ventyr med denna energiska <strong>Pok\u00e9mon Pikachu-ryggs\u00e4ck<\/strong>. Med ett dynamiskt tryck av allas favorit-Pok\u00e9mon, Pikachu, och den klassiska texten &#8221;Gotta Catch &#8217;Em All!&#8221;, \u00e4r denna v\u00e4ska det perfekta valet f\u00f6r skolan, utflykten eller tr\u00e4ningen. Ryggs\u00e4cken kombinerar en cool estetik med praktisk funktion f\u00f6r alla blivande Pok\u00e9mon-m\u00e4stare.<\/p>\n<p>V\u00e4skan \u00e4r tillverkad i <strong>100% polyester<\/strong> och har m\u00e5tten <strong>35 x 27 x 18 cm<\/strong>, vilket ger gott om plats f\u00f6r b\u00f6cker, mellanm\u00e5l och andra f\u00f6rn\u00f6denheter. Den \u00e4r officiellt licensierad och utrustad med justerbara axelremmar f\u00f6r optimal komfort hela dagen. En oumb\u00e4rlig accessoar f\u00f6r alla som vill visa upp sin k\u00e4rlek f\u00f6r Pok\u00e9mon-v\u00e4rlden p\u00e5 ett snyggt s\u00e4tt!<\/p>","protected":false},"excerpt":{"rendered":"<p>G\u00f6r dig redo f\u00f6r n\u00e4sta \u00e4ventyr med denna energiska Pok\u00e9mon Pikachu-ryggs\u00e4ck. Med ett dynamiskt tryck av allas favorit-Pok\u00e9mon, Pikachu, och den klassiska texten &#8221;Gotta Catch &#8217;Em All!&#8221;, \u00e4r denna v\u00e4ska det perfekta valet f\u00f6r skolan, utflykten eller tr\u00e4ningen. Ryggs\u00e4cken kombinerar en cool estetik med praktisk funktion f\u00f6r alla blivande Pok\u00e9mon-m\u00e4stare. V\u00e4skan \u00e4r tillverkad i 100% [&hellip;]<\/p>\n","protected":false},"featured_media":99217,"comment_status":"closed","ping_status":"closed","template":"","meta":{"_acf_changed":false,"_monsterinsights_skip_tracking":false,"_monsterinsights_sitenote_active":false,"_monsterinsights_sitenote_note":"","_monsterinsights_sitenote_category":0},"product_brand":[7614],"product_cat":[8088],"product_tag":[26],"giftcard-category":[],"class_list":{"0":"post-99218","1":"product","2":"type-product","3":"status-publish","4":"has-post-thumbnail","6":"product_brand-vadobag","7":"product_cat-pokemon-2","8":"product_tag-pre-order","9":"pa_franchise-pokemon","10":"pa_karaktar-pikachu","11":"pa_material-pvc","12":"pa_produktserie-desktop-cute","14":"first","15":"instock","16":"taxable","17":"shipping-taxable","18":"purchasable","19":"product-type-simple"},"acf":[],"yoast_head":"<!-- This site is optimized with the Yoast SEO Premium plugin v24.6 (Yoast SEO v27.3) - https:\/\/yoast.com\/product\/yoast-seo-premium-wordpress\/ -->\n<title>Pok\u00e9mon Backpack Gotta Catch &#039;Em All! 35 cm | Animefigurer.se<\/title>\n<meta name=\"robots\" content=\"index, follow, max-snippet:-1, max-image-preview:large, max-video-preview:-1\" \/>\n<link rel=\"canonical\" href=\"https:\/\/animefigurer.se\/en\/figurer\/pokemon-2\/pokemon-backpack-gotta-catch-em-all-35-cm\/\" \/>\n<meta property=\"og:locale\" content=\"en_GB\" \/>\n<meta property=\"og:type\" content=\"article\" \/>\n<meta property=\"og:title\" content=\"Pok\u00e9mon Backpack Gotta Catch &#039;Em All! 35 cm\" \/>\n<meta property=\"og:description\" content=\"G\u00f6r dig redo f\u00f6r n\u00e4sta \u00e4ventyr med denna energiska Pok\u00e9mon Pikachu-ryggs\u00e4ck. Med ett dynamiskt tryck av allas favorit-Pok\u00e9mon, Pikachu, och den klassiska texten &#8221;Gotta Catch &#8217;Em All!&#8221;, \u00e4r denna v\u00e4ska det perfekta valet f\u00f6r skolan, utflykten eller tr\u00e4ningen. Ryggs\u00e4cken kombinerar en cool estetik med praktisk funktion f\u00f6r alla blivande Pok\u00e9mon-m\u00e4stare. V\u00e4skan \u00e4r tillverkad i 100% [&hellip;]\" \/>\n<meta property=\"og:url\" content=\"https:\/\/animefigurer.se\/en\/figurer\/pokemon-2\/pokemon-backpack-gotta-catch-em-all-35-cm\/\" \/>\n<meta property=\"og:site_name\" content=\"Animefigurer.se\" \/>\n<meta property=\"article:publisher\" content=\"https:\/\/www.facebook.com\/profile.php?id=61581826539670\" \/>\n<meta property=\"article:modified_time\" content=\"2026-04-23T12:00:47+00:00\" \/>\n<meta property=\"og:image\" content=\"https:\/\/animefigurer.se\/wp-content\/uploads\/2026\/04\/x_vado640-00486.jpg\" \/>\n\t<meta property=\"og:image:width\" content=\"1000\" \/>\n\t<meta property=\"og:image:height\" content=\"1000\" \/>\n\t<meta property=\"og:image:type\" content=\"image\/jpeg\" \/>\n<meta name=\"twitter:card\" content=\"summary_large_image\" \/>\n<meta name=\"twitter:label1\" content=\"Estimated reading time\" \/>\n\t<meta name=\"twitter:data1\" content=\"1 minute\" \/>\n<script type=\"application\/ld+json\" class=\"yoast-schema-graph\">{\"@context\":\"https:\\\/\\\/schema.org\",\"@graph\":[{\"@type\":\"WebPage\",\"@id\":\"https:\\\/\\\/animefigurer.se\\\/figurer\\\/pokemon-2\\\/pokemon-backpack-gotta-catch-em-all-35-cm\\\/\",\"url\":\"https:\\\/\\\/animefigurer.se\\\/figurer\\\/pokemon-2\\\/pokemon-backpack-gotta-catch-em-all-35-cm\\\/\",\"name\":\"Pok\u00e9mon Backpack Gotta Catch 'Em All! 35 cm | Animefigurer.se\",\"isPartOf\":{\"@id\":\"https:\\\/\\\/animefigurer.se\\\/#website\"},\"primaryImageOfPage\":{\"@id\":\"https:\\\/\\\/animefigurer.se\\\/figurer\\\/pokemon-2\\\/pokemon-backpack-gotta-catch-em-all-35-cm\\\/#primaryimage\"},\"image\":{\"@id\":\"https:\\\/\\\/animefigurer.se\\\/figurer\\\/pokemon-2\\\/pokemon-backpack-gotta-catch-em-all-35-cm\\\/#primaryimage\"},\"thumbnailUrl\":\"https:\\\/\\\/animefigurer.se\\\/wp-content\\\/uploads\\\/2026\\\/04\\\/x_vado640-00486.jpg\",\"datePublished\":\"2026-04-23T09:40:59+00:00\",\"dateModified\":\"2026-04-23T12:00:47+00:00\",\"breadcrumb\":{\"@id\":\"https:\\\/\\\/animefigurer.se\\\/figurer\\\/pokemon-2\\\/pokemon-backpack-gotta-catch-em-all-35-cm\\\/#breadcrumb\"},\"inLanguage\":\"en-GB\",\"potentialAction\":[{\"@type\":\"ReadAction\",\"target\":[\"https:\\\/\\\/animefigurer.se\\\/figurer\\\/pokemon-2\\\/pokemon-backpack-gotta-catch-em-all-35-cm\\\/\"]}]},{\"@type\":\"ImageObject\",\"inLanguage\":\"en-GB\",\"@id\":\"https:\\\/\\\/animefigurer.se\\\/figurer\\\/pokemon-2\\\/pokemon-backpack-gotta-catch-em-all-35-cm\\\/#primaryimage\",\"url\":\"https:\\\/\\\/animefigurer.se\\\/wp-content\\\/uploads\\\/2026\\\/04\\\/x_vado640-00486.jpg\",\"contentUrl\":\"https:\\\/\\\/animefigurer.se\\\/wp-content\\\/uploads\\\/2026\\\/04\\\/x_vado640-00486.jpg\",\"width\":1000,\"height\":1000},{\"@type\":\"BreadcrumbList\",\"@id\":\"https:\\\/\\\/animefigurer.se\\\/figurer\\\/pokemon-2\\\/pokemon-backpack-gotta-catch-em-all-35-cm\\\/#breadcrumb\",\"itemListElement\":[{\"@type\":\"ListItem\",\"position\":1,\"name\":\"Home\",\"item\":\"https:\\\/\\\/animefigurer.se\\\/\"},{\"@type\":\"ListItem\",\"position\":2,\"name\":\"Butik\",\"item\":\"https:\\\/\\\/animefigurer.se\\\/figurer\\\/\"},{\"@type\":\"ListItem\",\"position\":3,\"name\":\"Pok\u00e9mon Backpack Gotta Catch &#8216;Em All! 35 cm\"}]},{\"@type\":\"WebSite\",\"@id\":\"https:\\\/\\\/animefigurer.se\\\/#website\",\"url\":\"https:\\\/\\\/animefigurer.se\\\/\",\"name\":\"Animefigurer.se\",\"description\":\"Anime figurer fr\u00e5n \u00f6ver 300 olika anime serier med \u00f6ver 9000 produkter | Anime Shop\",\"publisher\":{\"@id\":\"https:\\\/\\\/animefigurer.se\\\/#organization\"},\"potentialAction\":[{\"@type\":\"SearchAction\",\"target\":{\"@type\":\"EntryPoint\",\"urlTemplate\":\"https:\\\/\\\/animefigurer.se\\\/?s={search_term_string}\"},\"query-input\":{\"@type\":\"PropertyValueSpecification\",\"valueRequired\":true,\"valueName\":\"search_term_string\"}}],\"inLanguage\":\"en-GB\"},{\"@type\":\"Organization\",\"@id\":\"https:\\\/\\\/animefigurer.se\\\/#organization\",\"name\":\"Animefigurer.se\",\"alternateName\":\"Anime figurer | Anime shop\",\"url\":\"https:\\\/\\\/animefigurer.se\\\/\",\"logo\":{\"@type\":\"ImageObject\",\"inLanguage\":\"en-GB\",\"@id\":\"https:\\\/\\\/animefigurer.se\\\/#\\\/schema\\\/logo\\\/image\\\/\",\"url\":\"https:\\\/\\\/animefigurer.se\\\/wp-content\\\/uploads\\\/2025\\\/12\\\/Animefigurer_logowhite.png\",\"contentUrl\":\"https:\\\/\\\/animefigurer.se\\\/wp-content\\\/uploads\\\/2025\\\/12\\\/Animefigurer_logowhite.png\",\"width\":1890,\"height\":1417,\"caption\":\"Animefigurer.se\"},\"image\":{\"@id\":\"https:\\\/\\\/animefigurer.se\\\/#\\\/schema\\\/logo\\\/image\\\/\"},\"sameAs\":[\"https:\\\/\\\/www.facebook.com\\\/profile.php?id=61581826539670\",\"https:\\\/\\\/www.instagram.com\\\/animefigurer.se\\\/\"],\"email\":\"info@animefigurer.se\"}]}<\/script>\n<!-- \/ Yoast SEO Premium plugin. -->","yoast_head_json":{"title":"Pok\u00e9mon Backpack Gotta Catch 'Em All! 35 cm | Animefigurer.se","robots":{"index":"index","follow":"follow","max-snippet":"max-snippet:-1","max-image-preview":"max-image-preview:large","max-video-preview":"max-video-preview:-1"},"canonical":"https:\/\/animefigurer.se\/en\/figurer\/pokemon-2\/pokemon-backpack-gotta-catch-em-all-35-cm\/","og_locale":"en_GB","og_type":"article","og_title":"Pok\u00e9mon Backpack Gotta Catch 'Em All! 35 cm","og_description":"G\u00f6r dig redo f\u00f6r n\u00e4sta \u00e4ventyr med denna energiska Pok\u00e9mon Pikachu-ryggs\u00e4ck. Med ett dynamiskt tryck av allas favorit-Pok\u00e9mon, Pikachu, och den klassiska texten &#8221;Gotta Catch &#8217;Em All!&#8221;, \u00e4r denna v\u00e4ska det perfekta valet f\u00f6r skolan, utflykten eller tr\u00e4ningen. Ryggs\u00e4cken kombinerar en cool estetik med praktisk funktion f\u00f6r alla blivande Pok\u00e9mon-m\u00e4stare. V\u00e4skan \u00e4r tillverkad i 100% [&hellip;]","og_url":"https:\/\/animefigurer.se\/en\/figurer\/pokemon-2\/pokemon-backpack-gotta-catch-em-all-35-cm\/","og_site_name":"Animefigurer.se","article_publisher":"https:\/\/www.facebook.com\/profile.php?id=61581826539670","article_modified_time":"2026-04-23T12:00:47+00:00","og_image":[{"width":1000,"height":1000,"url":"https:\/\/animefigurer.se\/wp-content\/uploads\/2026\/04\/x_vado640-00486.jpg","type":"image\/jpeg"}],"twitter_card":"summary_large_image","twitter_misc":{"Estimated reading time":"1 minute"},"schema":{"@context":"https:\/\/schema.org","@graph":[{"@type":"WebPage","@id":"https:\/\/animefigurer.se\/figurer\/pokemon-2\/pokemon-backpack-gotta-catch-em-all-35-cm\/","url":"https:\/\/animefigurer.se\/figurer\/pokemon-2\/pokemon-backpack-gotta-catch-em-all-35-cm\/","name":"Pok\u00e9mon Backpack Gotta Catch 'Em All! 35 cm | Animefigurer.se","isPartOf":{"@id":"https:\/\/animefigurer.se\/#website"},"primaryImageOfPage":{"@id":"https:\/\/animefigurer.se\/figurer\/pokemon-2\/pokemon-backpack-gotta-catch-em-all-35-cm\/#primaryimage"},"image":{"@id":"https:\/\/animefigurer.se\/figurer\/pokemon-2\/pokemon-backpack-gotta-catch-em-all-35-cm\/#primaryimage"},"thumbnailUrl":"https:\/\/animefigurer.se\/wp-content\/uploads\/2026\/04\/x_vado640-00486.jpg","datePublished":"2026-04-23T09:40:59+00:00","dateModified":"2026-04-23T12:00:47+00:00","breadcrumb":{"@id":"https:\/\/animefigurer.se\/figurer\/pokemon-2\/pokemon-backpack-gotta-catch-em-all-35-cm\/#breadcrumb"},"inLanguage":"en-GB","potentialAction":[{"@type":"ReadAction","target":["https:\/\/animefigurer.se\/figurer\/pokemon-2\/pokemon-backpack-gotta-catch-em-all-35-cm\/"]}]},{"@type":"ImageObject","inLanguage":"en-GB","@id":"https:\/\/animefigurer.se\/figurer\/pokemon-2\/pokemon-backpack-gotta-catch-em-all-35-cm\/#primaryimage","url":"https:\/\/animefigurer.se\/wp-content\/uploads\/2026\/04\/x_vado640-00486.jpg","contentUrl":"https:\/\/animefigurer.se\/wp-content\/uploads\/2026\/04\/x_vado640-00486.jpg","width":1000,"height":1000},{"@type":"BreadcrumbList","@id":"https:\/\/animefigurer.se\/figurer\/pokemon-2\/pokemon-backpack-gotta-catch-em-all-35-cm\/#breadcrumb","itemListElement":[{"@type":"ListItem","position":1,"name":"Home","item":"https:\/\/animefigurer.se\/"},{"@type":"ListItem","position":2,"name":"Butik","item":"https:\/\/animefigurer.se\/figurer\/"},{"@type":"ListItem","position":3,"name":"Pok\u00e9mon Backpack Gotta Catch &#8216;Em All! 35 cm"}]},{"@type":"WebSite","@id":"https:\/\/animefigurer.se\/#website","url":"https:\/\/animefigurer.se\/","name":"Animefigurer.se","description":"Anime figures from over 300 different anime series with over 9000 products | Anime Shop","publisher":{"@id":"https:\/\/animefigurer.se\/#organization"},"potentialAction":[{"@type":"SearchAction","target":{"@type":"EntryPoint","urlTemplate":"https:\/\/animefigurer.se\/?s={search_term_string}"},"query-input":{"@type":"PropertyValueSpecification","valueRequired":true,"valueName":"search_term_string"}}],"inLanguage":"en-GB"},{"@type":"Organization","@id":"https:\/\/animefigurer.se\/#organization","name":"Animefigurer.se","alternateName":"Anime figurer | Anime shop","url":"https:\/\/animefigurer.se\/","logo":{"@type":"ImageObject","inLanguage":"en-GB","@id":"https:\/\/animefigurer.se\/#\/schema\/logo\/image\/","url":"https:\/\/animefigurer.se\/wp-content\/uploads\/2025\/12\/Animefigurer_logowhite.png","contentUrl":"https:\/\/animefigurer.se\/wp-content\/uploads\/2025\/12\/Animefigurer_logowhite.png","width":1890,"height":1417,"caption":"Animefigurer.se"},"image":{"@id":"https:\/\/animefigurer.se\/#\/schema\/logo\/image\/"},"sameAs":["https:\/\/www.facebook.com\/profile.php?id=61581826539670","https:\/\/www.instagram.com\/animefigurer.se\/"],"email":"info@animefigurer.se"}]}},"_links":{"self":[{"href":"https:\/\/animefigurer.se\/en\/wp-json\/wp\/v2\/product\/99218","targetHints":{"allow":["GET"]}}],"collection":[{"href":"https:\/\/animefigurer.se\/en\/wp-json\/wp\/v2\/product"}],"about":[{"href":"https:\/\/animefigurer.se\/en\/wp-json\/wp\/v2\/types\/product"}],"replies":[{"embeddable":true,"href":"https:\/\/animefigurer.se\/en\/wp-json\/wp\/v2\/comments?post=99218"}],"wp:featuredmedia":[{"embeddable":true,"href":"https:\/\/animefigurer.se\/en\/wp-json\/wp\/v2\/media\/99217"}],"wp:attachment":[{"href":"https:\/\/animefigurer.se\/en\/wp-json\/wp\/v2\/media?parent=99218"}],"wp:term":[{"taxonomy":"product_brand","embeddable":true,"href":"https:\/\/animefigurer.se\/en\/wp-json\/wp\/v2\/product_brand?post=99218"},{"taxonomy":"product_cat","embeddable":true,"href":"https:\/\/animefigurer.se\/en\/wp-json\/wp\/v2\/product_cat?post=99218"},{"taxonomy":"product_tag","embeddable":true,"href":"https:\/\/animefigurer.se\/en\/wp-json\/wp\/v2\/product_tag?post=99218"},{"taxonomy":"giftcard-category","embeddable":true,"href":"https:\/\/animefigurer.se\/en\/wp-json\/wp\/v2\/giftcard-category?post=99218"}],"curies":[{"name":"wp","href":"https:\/\/api.w.org\/{rel}","templated":true}]}}