{"id":99189,"date":"2026-04-23T11:40:48","date_gmt":"2026-04-23T09:40:48","guid":{"rendered":"https:\/\/animefigurer.se\/?post_type=product&#038;p=99189"},"modified":"2026-04-23T14:09:17","modified_gmt":"2026-04-23T12:09:17","slug":"naruto-3d-foam-bag-clips-series-8-display-24","status":"publish","type":"product","link":"https:\/\/animefigurer.se\/en\/figurer\/naruto\/naruto-3d-foam-bag-clips-series-8-display-24\/","title":{"rendered":"Naruto 3D Foam Bag Clips Series 8 Display (24)"},"content":{"rendered":"<p>Ta din k\u00e4rlek f\u00f6r anime till n\u00e4sta niv\u00e5 med <strong>Naruto 3D Foam Bag Clips Series 8<\/strong>. Denna kompletta displaybox inneh\u00e5ller <strong>24 stycken blind bags<\/strong>, d\u00e4r varje p\u00e5se d\u00f6ljer en detaljerad och officiellt licensierad karakt\u00e4r i mjukt skummaterial. Perfekt f\u00f6r samlare som vill hitta sina favoritninja-hj\u00e4ltar eller f\u00f6r butiks\u00e4gare som vill erbjuda sp\u00e4nnande \u00f6verraskningar till sina kunder.<\/p>\n<p>Varje samlarfigur \u00e4r utrustad med ett praktiskt clip, vilket g\u00f6r dem idealiska att f\u00e4sta p\u00e5 ryggs\u00e4cken, nyckelknippan eller jackan. Med karakt\u00e4rer fr\u00e5n det legendariska <strong>Naruto-universumet<\/strong> \u00e4r dessa 3D-clips den ultimata accessoaren f\u00f6r alla fans. Samla dem alla och b\u00e4r med dig din ninja-v\u00e4g vart du \u00e4n g\u00e5r!<\/p>","protected":false},"excerpt":{"rendered":"<p>Ta din k\u00e4rlek f\u00f6r anime till n\u00e4sta niv\u00e5 med Naruto 3D Foam Bag Clips Series 8. Denna kompletta displaybox inneh\u00e5ller 24 stycken blind bags, d\u00e4r varje p\u00e5se d\u00f6ljer en detaljerad och officiellt licensierad karakt\u00e4r i mjukt skummaterial. Perfekt f\u00f6r samlare som vill hitta sina favoritninja-hj\u00e4ltar eller f\u00f6r butiks\u00e4gare som vill erbjuda sp\u00e4nnande \u00f6verraskningar till sina [&hellip;]<\/p>\n","protected":false},"featured_media":99188,"comment_status":"closed","ping_status":"closed","template":"","meta":{"_acf_changed":false,"_monsterinsights_skip_tracking":false,"_monsterinsights_sitenote_active":false,"_monsterinsights_sitenote_note":"","_monsterinsights_sitenote_category":0},"product_brand":[8086],"product_cat":[17],"product_tag":[26],"giftcard-category":[],"class_list":{"0":"post-99189","1":"product","2":"type-product","3":"status-publish","4":"has-post-thumbnail","6":"product_brand-monogram-international","7":"product_cat-naruto","8":"product_tag-pre-order","9":"pa_franchise-naruto","11":"first","12":"instock","13":"taxable","14":"shipping-taxable","15":"purchasable","16":"product-type-simple"},"acf":[],"yoast_head":"<!-- This site is optimized with the Yoast SEO Premium plugin v24.6 (Yoast SEO v27.3) - https:\/\/yoast.com\/product\/yoast-seo-premium-wordpress\/ -->\n<title>Naruto 3D Foam Bag Clips Series 8 Display (24) | Animefigurer.se<\/title>\n<meta name=\"robots\" content=\"index, follow, max-snippet:-1, max-image-preview:large, max-video-preview:-1\" \/>\n<link rel=\"canonical\" href=\"https:\/\/animefigurer.se\/en\/figurer\/naruto\/naruto-3d-foam-bag-clips-series-8-display-24\/\" \/>\n<meta property=\"og:locale\" content=\"en_GB\" \/>\n<meta property=\"og:type\" content=\"article\" \/>\n<meta property=\"og:title\" content=\"Naruto 3D Foam Bag Clips Series 8 Display (24)\" \/>\n<meta property=\"og:description\" content=\"Ta din k\u00e4rlek f\u00f6r anime till n\u00e4sta niv\u00e5 med Naruto 3D Foam Bag Clips Series 8. Denna kompletta displaybox inneh\u00e5ller 24 stycken blind bags, d\u00e4r varje p\u00e5se d\u00f6ljer en detaljerad och officiellt licensierad karakt\u00e4r i mjukt skummaterial. Perfekt f\u00f6r samlare som vill hitta sina favoritninja-hj\u00e4ltar eller f\u00f6r butiks\u00e4gare som vill erbjuda sp\u00e4nnande \u00f6verraskningar till sina [&hellip;]\" \/>\n<meta property=\"og:url\" content=\"https:\/\/animefigurer.se\/en\/figurer\/naruto\/naruto-3d-foam-bag-clips-series-8-display-24\/\" \/>\n<meta property=\"og:site_name\" content=\"Animefigurer.se\" \/>\n<meta property=\"article:publisher\" content=\"https:\/\/www.facebook.com\/profile.php?id=61581826539670\" \/>\n<meta property=\"article:modified_time\" content=\"2026-04-23T12:09:17+00:00\" \/>\n<meta property=\"og:image\" content=\"https:\/\/animefigurer.se\/wp-content\/uploads\/2026\/04\/x_mngm73035.jpg\" \/>\n\t<meta property=\"og:image:width\" content=\"944\" \/>\n\t<meta property=\"og:image:height\" content=\"1000\" \/>\n\t<meta property=\"og:image:type\" content=\"image\/jpeg\" \/>\n<meta name=\"twitter:card\" content=\"summary_large_image\" \/>\n<meta name=\"twitter:label1\" content=\"Estimated reading time\" \/>\n\t<meta name=\"twitter:data1\" content=\"1 minute\" \/>\n<script type=\"application\/ld+json\" class=\"yoast-schema-graph\">{\"@context\":\"https:\\\/\\\/schema.org\",\"@graph\":[{\"@type\":\"WebPage\",\"@id\":\"https:\\\/\\\/animefigurer.se\\\/figurer\\\/naruto\\\/naruto-3d-foam-bag-clips-series-8-display-24\\\/\",\"url\":\"https:\\\/\\\/animefigurer.se\\\/figurer\\\/naruto\\\/naruto-3d-foam-bag-clips-series-8-display-24\\\/\",\"name\":\"Naruto 3D Foam Bag Clips Series 8 Display (24) | Animefigurer.se\",\"isPartOf\":{\"@id\":\"https:\\\/\\\/animefigurer.se\\\/#website\"},\"primaryImageOfPage\":{\"@id\":\"https:\\\/\\\/animefigurer.se\\\/figurer\\\/naruto\\\/naruto-3d-foam-bag-clips-series-8-display-24\\\/#primaryimage\"},\"image\":{\"@id\":\"https:\\\/\\\/animefigurer.se\\\/figurer\\\/naruto\\\/naruto-3d-foam-bag-clips-series-8-display-24\\\/#primaryimage\"},\"thumbnailUrl\":\"https:\\\/\\\/animefigurer.se\\\/wp-content\\\/uploads\\\/2026\\\/04\\\/x_mngm73035.jpg\",\"datePublished\":\"2026-04-23T09:40:48+00:00\",\"dateModified\":\"2026-04-23T12:09:17+00:00\",\"breadcrumb\":{\"@id\":\"https:\\\/\\\/animefigurer.se\\\/figurer\\\/naruto\\\/naruto-3d-foam-bag-clips-series-8-display-24\\\/#breadcrumb\"},\"inLanguage\":\"en-GB\",\"potentialAction\":[{\"@type\":\"ReadAction\",\"target\":[\"https:\\\/\\\/animefigurer.se\\\/figurer\\\/naruto\\\/naruto-3d-foam-bag-clips-series-8-display-24\\\/\"]}]},{\"@type\":\"ImageObject\",\"inLanguage\":\"en-GB\",\"@id\":\"https:\\\/\\\/animefigurer.se\\\/figurer\\\/naruto\\\/naruto-3d-foam-bag-clips-series-8-display-24\\\/#primaryimage\",\"url\":\"https:\\\/\\\/animefigurer.se\\\/wp-content\\\/uploads\\\/2026\\\/04\\\/x_mngm73035.jpg\",\"contentUrl\":\"https:\\\/\\\/animefigurer.se\\\/wp-content\\\/uploads\\\/2026\\\/04\\\/x_mngm73035.jpg\",\"width\":944,\"height\":1000},{\"@type\":\"BreadcrumbList\",\"@id\":\"https:\\\/\\\/animefigurer.se\\\/figurer\\\/naruto\\\/naruto-3d-foam-bag-clips-series-8-display-24\\\/#breadcrumb\",\"itemListElement\":[{\"@type\":\"ListItem\",\"position\":1,\"name\":\"Home\",\"item\":\"https:\\\/\\\/animefigurer.se\\\/\"},{\"@type\":\"ListItem\",\"position\":2,\"name\":\"Butik\",\"item\":\"https:\\\/\\\/animefigurer.se\\\/figurer\\\/\"},{\"@type\":\"ListItem\",\"position\":3,\"name\":\"Naruto 3D Foam Bag Clips Series 8 Display (24)\"}]},{\"@type\":\"WebSite\",\"@id\":\"https:\\\/\\\/animefigurer.se\\\/#website\",\"url\":\"https:\\\/\\\/animefigurer.se\\\/\",\"name\":\"Animefigurer.se\",\"description\":\"Anime figurer fr\u00e5n \u00f6ver 300 olika anime serier med \u00f6ver 9000 produkter | Anime Shop\",\"publisher\":{\"@id\":\"https:\\\/\\\/animefigurer.se\\\/#organization\"},\"potentialAction\":[{\"@type\":\"SearchAction\",\"target\":{\"@type\":\"EntryPoint\",\"urlTemplate\":\"https:\\\/\\\/animefigurer.se\\\/?s={search_term_string}\"},\"query-input\":{\"@type\":\"PropertyValueSpecification\",\"valueRequired\":true,\"valueName\":\"search_term_string\"}}],\"inLanguage\":\"en-GB\"},{\"@type\":\"Organization\",\"@id\":\"https:\\\/\\\/animefigurer.se\\\/#organization\",\"name\":\"Animefigurer.se\",\"alternateName\":\"Anime figurer | Anime shop\",\"url\":\"https:\\\/\\\/animefigurer.se\\\/\",\"logo\":{\"@type\":\"ImageObject\",\"inLanguage\":\"en-GB\",\"@id\":\"https:\\\/\\\/animefigurer.se\\\/#\\\/schema\\\/logo\\\/image\\\/\",\"url\":\"https:\\\/\\\/animefigurer.se\\\/wp-content\\\/uploads\\\/2025\\\/12\\\/Animefigurer_logowhite.png\",\"contentUrl\":\"https:\\\/\\\/animefigurer.se\\\/wp-content\\\/uploads\\\/2025\\\/12\\\/Animefigurer_logowhite.png\",\"width\":1890,\"height\":1417,\"caption\":\"Animefigurer.se\"},\"image\":{\"@id\":\"https:\\\/\\\/animefigurer.se\\\/#\\\/schema\\\/logo\\\/image\\\/\"},\"sameAs\":[\"https:\\\/\\\/www.facebook.com\\\/profile.php?id=61581826539670\",\"https:\\\/\\\/www.instagram.com\\\/animefigurer.se\\\/\"],\"email\":\"info@animefigurer.se\"}]}<\/script>\n<!-- \/ Yoast SEO Premium plugin. -->","yoast_head_json":{"title":"Naruto 3D Foam Bag Clips Series 8 Display (24) | Animefigurer.se","robots":{"index":"index","follow":"follow","max-snippet":"max-snippet:-1","max-image-preview":"max-image-preview:large","max-video-preview":"max-video-preview:-1"},"canonical":"https:\/\/animefigurer.se\/en\/figurer\/naruto\/naruto-3d-foam-bag-clips-series-8-display-24\/","og_locale":"en_GB","og_type":"article","og_title":"Naruto 3D Foam Bag Clips Series 8 Display (24)","og_description":"Ta din k\u00e4rlek f\u00f6r anime till n\u00e4sta niv\u00e5 med Naruto 3D Foam Bag Clips Series 8. Denna kompletta displaybox inneh\u00e5ller 24 stycken blind bags, d\u00e4r varje p\u00e5se d\u00f6ljer en detaljerad och officiellt licensierad karakt\u00e4r i mjukt skummaterial. Perfekt f\u00f6r samlare som vill hitta sina favoritninja-hj\u00e4ltar eller f\u00f6r butiks\u00e4gare som vill erbjuda sp\u00e4nnande \u00f6verraskningar till sina [&hellip;]","og_url":"https:\/\/animefigurer.se\/en\/figurer\/naruto\/naruto-3d-foam-bag-clips-series-8-display-24\/","og_site_name":"Animefigurer.se","article_publisher":"https:\/\/www.facebook.com\/profile.php?id=61581826539670","article_modified_time":"2026-04-23T12:09:17+00:00","og_image":[{"width":944,"height":1000,"url":"https:\/\/animefigurer.se\/wp-content\/uploads\/2026\/04\/x_mngm73035.jpg","type":"image\/jpeg"}],"twitter_card":"summary_large_image","twitter_misc":{"Estimated reading time":"1 minute"},"schema":{"@context":"https:\/\/schema.org","@graph":[{"@type":"WebPage","@id":"https:\/\/animefigurer.se\/figurer\/naruto\/naruto-3d-foam-bag-clips-series-8-display-24\/","url":"https:\/\/animefigurer.se\/figurer\/naruto\/naruto-3d-foam-bag-clips-series-8-display-24\/","name":"Naruto 3D Foam Bag Clips Series 8 Display (24) | Animefigurer.se","isPartOf":{"@id":"https:\/\/animefigurer.se\/#website"},"primaryImageOfPage":{"@id":"https:\/\/animefigurer.se\/figurer\/naruto\/naruto-3d-foam-bag-clips-series-8-display-24\/#primaryimage"},"image":{"@id":"https:\/\/animefigurer.se\/figurer\/naruto\/naruto-3d-foam-bag-clips-series-8-display-24\/#primaryimage"},"thumbnailUrl":"https:\/\/animefigurer.se\/wp-content\/uploads\/2026\/04\/x_mngm73035.jpg","datePublished":"2026-04-23T09:40:48+00:00","dateModified":"2026-04-23T12:09:17+00:00","breadcrumb":{"@id":"https:\/\/animefigurer.se\/figurer\/naruto\/naruto-3d-foam-bag-clips-series-8-display-24\/#breadcrumb"},"inLanguage":"en-GB","potentialAction":[{"@type":"ReadAction","target":["https:\/\/animefigurer.se\/figurer\/naruto\/naruto-3d-foam-bag-clips-series-8-display-24\/"]}]},{"@type":"ImageObject","inLanguage":"en-GB","@id":"https:\/\/animefigurer.se\/figurer\/naruto\/naruto-3d-foam-bag-clips-series-8-display-24\/#primaryimage","url":"https:\/\/animefigurer.se\/wp-content\/uploads\/2026\/04\/x_mngm73035.jpg","contentUrl":"https:\/\/animefigurer.se\/wp-content\/uploads\/2026\/04\/x_mngm73035.jpg","width":944,"height":1000},{"@type":"BreadcrumbList","@id":"https:\/\/animefigurer.se\/figurer\/naruto\/naruto-3d-foam-bag-clips-series-8-display-24\/#breadcrumb","itemListElement":[{"@type":"ListItem","position":1,"name":"Home","item":"https:\/\/animefigurer.se\/"},{"@type":"ListItem","position":2,"name":"Butik","item":"https:\/\/animefigurer.se\/figurer\/"},{"@type":"ListItem","position":3,"name":"Naruto 3D Foam Bag Clips Series 8 Display (24)"}]},{"@type":"WebSite","@id":"https:\/\/animefigurer.se\/#website","url":"https:\/\/animefigurer.se\/","name":"Animefigurer.se","description":"Anime figures from over 300 different anime series with over 9000 products | Anime Shop","publisher":{"@id":"https:\/\/animefigurer.se\/#organization"},"potentialAction":[{"@type":"SearchAction","target":{"@type":"EntryPoint","urlTemplate":"https:\/\/animefigurer.se\/?s={search_term_string}"},"query-input":{"@type":"PropertyValueSpecification","valueRequired":true,"valueName":"search_term_string"}}],"inLanguage":"en-GB"},{"@type":"Organization","@id":"https:\/\/animefigurer.se\/#organization","name":"Animefigurer.se","alternateName":"Anime figurer | Anime shop","url":"https:\/\/animefigurer.se\/","logo":{"@type":"ImageObject","inLanguage":"en-GB","@id":"https:\/\/animefigurer.se\/#\/schema\/logo\/image\/","url":"https:\/\/animefigurer.se\/wp-content\/uploads\/2025\/12\/Animefigurer_logowhite.png","contentUrl":"https:\/\/animefigurer.se\/wp-content\/uploads\/2025\/12\/Animefigurer_logowhite.png","width":1890,"height":1417,"caption":"Animefigurer.se"},"image":{"@id":"https:\/\/animefigurer.se\/#\/schema\/logo\/image\/"},"sameAs":["https:\/\/www.facebook.com\/profile.php?id=61581826539670","https:\/\/www.instagram.com\/animefigurer.se\/"],"email":"info@animefigurer.se"}]}},"_links":{"self":[{"href":"https:\/\/animefigurer.se\/en\/wp-json\/wp\/v2\/product\/99189","targetHints":{"allow":["GET"]}}],"collection":[{"href":"https:\/\/animefigurer.se\/en\/wp-json\/wp\/v2\/product"}],"about":[{"href":"https:\/\/animefigurer.se\/en\/wp-json\/wp\/v2\/types\/product"}],"replies":[{"embeddable":true,"href":"https:\/\/animefigurer.se\/en\/wp-json\/wp\/v2\/comments?post=99189"}],"wp:featuredmedia":[{"embeddable":true,"href":"https:\/\/animefigurer.se\/en\/wp-json\/wp\/v2\/media\/99188"}],"wp:attachment":[{"href":"https:\/\/animefigurer.se\/en\/wp-json\/wp\/v2\/media?parent=99189"}],"wp:term":[{"taxonomy":"product_brand","embeddable":true,"href":"https:\/\/animefigurer.se\/en\/wp-json\/wp\/v2\/product_brand?post=99189"},{"taxonomy":"product_cat","embeddable":true,"href":"https:\/\/animefigurer.se\/en\/wp-json\/wp\/v2\/product_cat?post=99189"},{"taxonomy":"product_tag","embeddable":true,"href":"https:\/\/animefigurer.se\/en\/wp-json\/wp\/v2\/product_tag?post=99189"},{"taxonomy":"giftcard-category","embeddable":true,"href":"https:\/\/animefigurer.se\/en\/wp-json\/wp\/v2\/giftcard-category?post=99189"}],"curies":[{"name":"wp","href":"https:\/\/api.w.org\/{rel}","templated":true}]}}