{"id":97861,"date":"2026-04-17T15:39:54","date_gmt":"2026-04-17T13:39:54","guid":{"rendered":"https:\/\/animefigurer.se\/?post_type=product&#038;p=97861"},"modified":"2026-04-23T14:09:28","modified_gmt":"2026-04-23T12:09:28","slug":"chainsaw-man-rubber-keychain-pochita-sitting","status":"publish","type":"product","link":"https:\/\/animefigurer.se\/en\/figurer\/chainsaw-man\/chainsaw-man-rubber-keychain-pochita-sitting\/","title":{"rendered":"Chainsaw Man Rubber Keychain Pochita Sitting"},"content":{"rendered":"<div class=\"product-description\">\n<h3>S\u00e4tt lite f\u00e4rg p\u00e5 vardagen med Pochita Sitting nyckelring<\/h3>\n<p>Ta med dig den mest lojala f\u00f6ljeslagaren fr\u00e5n <em>Chainsaw Man<\/em> vart du \u00e4n g\u00e5r! Denna officiellt licensierade <strong>Pochita Sitting Rubber Keychain<\/strong> visar den \u00e4lskv\u00e4rda motors\u00e5gsdj\u00e4vulen i en s\u00f6t sittande pose. Med sina stora \u00f6gon och ikoniska motors\u00e5g i pannan \u00e4r detta den ultimata accessoaren f\u00f6r fans som vill visa sin k\u00e4rlek till serien p\u00e5 ett subtilt men charmigt s\u00e4tt.<\/p>\n<h3>Slitstark design f\u00f6r v\u00e4skor och nycklar<\/h3>\n<p>Nyckelringen \u00e4r tillverkad av h\u00f6gkvalitativt, flexibelt gummi fr\u00e5n Difuzed och har en total l\u00e4ngd p\u00e5 ca <strong>16 cm<\/strong>. Den robusta metallkedjan och ringen g\u00f6r den enkel att f\u00e4sta p\u00e5 ryggs\u00e4cken, handv\u00e4skan eller nyckelknippan. Denna sittande version av Pochita \u00e4r ett perfekt litet samlarobjekt som kombinerar funktionalitet med oemotst\u00e5ndlig anime-design, vilket g\u00f6r den till en idealisk present f\u00f6r alla Chainsaw Man-entusiaster.<\/p>\n<\/div>","protected":false},"excerpt":{"rendered":"<p>S\u00e4tt lite f\u00e4rg p\u00e5 vardagen med Pochita Sitting nyckelring Ta med dig den mest lojala f\u00f6ljeslagaren fr\u00e5n Chainsaw Man vart du \u00e4n g\u00e5r! Denna officiellt licensierade Pochita Sitting Rubber Keychain visar den \u00e4lskv\u00e4rda motors\u00e5gsdj\u00e4vulen i en s\u00f6t sittande pose. Med sina stora \u00f6gon och ikoniska motors\u00e5g i pannan \u00e4r detta den ultimata accessoaren f\u00f6r fans [&hellip;]<\/p>\n","protected":false},"featured_media":98395,"comment_status":"closed","ping_status":"closed","template":"","meta":{"_acf_changed":false,"_monsterinsights_skip_tracking":false,"_monsterinsights_sitenote_active":false,"_monsterinsights_sitenote_note":"","_monsterinsights_sitenote_category":0},"product_brand":[8008],"product_cat":[1224],"product_tag":[24],"giftcard-category":[],"class_list":{"0":"post-97861","1":"product","2":"type-product","3":"status-publish","4":"has-post-thumbnail","6":"product_brand-difused","7":"product_cat-chainsaw-man","8":"product_tag-2-3-weeks","9":"pa_franchise-chainsaw-man","10":"pa_karaktar-pochita","11":"pa_storlek-16-cm","13":"first","14":"instock","15":"taxable","16":"shipping-taxable","17":"purchasable","18":"product-type-simple"},"acf":[],"yoast_head":"<!-- This site is optimized with the Yoast SEO Premium plugin v24.6 (Yoast SEO v27.3) - https:\/\/yoast.com\/product\/yoast-seo-premium-wordpress\/ -->\n<title>Chainsaw Man Rubber Keychain Pochita Sitting | Animefigurer.se<\/title>\n<meta name=\"robots\" content=\"index, follow, max-snippet:-1, max-image-preview:large, max-video-preview:-1\" \/>\n<link rel=\"canonical\" href=\"https:\/\/animefigurer.se\/en\/figurer\/chainsaw-man\/chainsaw-man-rubber-keychain-pochita-sitting\/\" \/>\n<meta property=\"og:locale\" content=\"en_GB\" \/>\n<meta property=\"og:type\" content=\"article\" \/>\n<meta property=\"og:title\" content=\"Chainsaw Man Rubber Keychain Pochita Sitting\" \/>\n<meta property=\"og:description\" content=\"S\u00e4tt lite f\u00e4rg p\u00e5 vardagen med Pochita Sitting nyckelring Ta med dig den mest lojala f\u00f6ljeslagaren fr\u00e5n Chainsaw Man vart du \u00e4n g\u00e5r! Denna officiellt licensierade Pochita Sitting Rubber Keychain visar den \u00e4lskv\u00e4rda motors\u00e5gsdj\u00e4vulen i en s\u00f6t sittande pose. Med sina stora \u00f6gon och ikoniska motors\u00e5g i pannan \u00e4r detta den ultimata accessoaren f\u00f6r fans [&hellip;]\" \/>\n<meta property=\"og:url\" content=\"https:\/\/animefigurer.se\/en\/figurer\/chainsaw-man\/chainsaw-man-rubber-keychain-pochita-sitting\/\" \/>\n<meta property=\"og:site_name\" content=\"Animefigurer.se\" \/>\n<meta property=\"article:publisher\" content=\"https:\/\/www.facebook.com\/profile.php?id=61581826539670\" \/>\n<meta property=\"article:modified_time\" content=\"2026-04-23T12:09:28+00:00\" \/>\n<meta property=\"og:image\" content=\"https:\/\/animefigurer.se\/wp-content\/uploads\/2026\/04\/x_ke126677csm.jpg\" \/>\n\t<meta property=\"og:image:width\" content=\"1000\" \/>\n\t<meta property=\"og:image:height\" content=\"1000\" \/>\n\t<meta property=\"og:image:type\" content=\"image\/jpeg\" \/>\n<meta name=\"twitter:card\" content=\"summary_large_image\" \/>\n<meta name=\"twitter:label1\" content=\"Estimated reading time\" \/>\n\t<meta name=\"twitter:data1\" content=\"1 minute\" \/>\n<script type=\"application\/ld+json\" class=\"yoast-schema-graph\">{\"@context\":\"https:\\\/\\\/schema.org\",\"@graph\":[{\"@type\":\"WebPage\",\"@id\":\"https:\\\/\\\/animefigurer.se\\\/figurer\\\/chainsaw-man\\\/chainsaw-man-rubber-keychain-pochita-sitting\\\/\",\"url\":\"https:\\\/\\\/animefigurer.se\\\/figurer\\\/chainsaw-man\\\/chainsaw-man-rubber-keychain-pochita-sitting\\\/\",\"name\":\"Chainsaw Man Rubber Keychain Pochita Sitting | Animefigurer.se\",\"isPartOf\":{\"@id\":\"https:\\\/\\\/animefigurer.se\\\/#website\"},\"primaryImageOfPage\":{\"@id\":\"https:\\\/\\\/animefigurer.se\\\/figurer\\\/chainsaw-man\\\/chainsaw-man-rubber-keychain-pochita-sitting\\\/#primaryimage\"},\"image\":{\"@id\":\"https:\\\/\\\/animefigurer.se\\\/figurer\\\/chainsaw-man\\\/chainsaw-man-rubber-keychain-pochita-sitting\\\/#primaryimage\"},\"thumbnailUrl\":\"https:\\\/\\\/animefigurer.se\\\/wp-content\\\/uploads\\\/2026\\\/04\\\/x_ke126677csm.jpg\",\"datePublished\":\"2026-04-17T13:39:54+00:00\",\"dateModified\":\"2026-04-23T12:09:28+00:00\",\"breadcrumb\":{\"@id\":\"https:\\\/\\\/animefigurer.se\\\/figurer\\\/chainsaw-man\\\/chainsaw-man-rubber-keychain-pochita-sitting\\\/#breadcrumb\"},\"inLanguage\":\"en-GB\",\"potentialAction\":[{\"@type\":\"ReadAction\",\"target\":[\"https:\\\/\\\/animefigurer.se\\\/figurer\\\/chainsaw-man\\\/chainsaw-man-rubber-keychain-pochita-sitting\\\/\"]}]},{\"@type\":\"ImageObject\",\"inLanguage\":\"en-GB\",\"@id\":\"https:\\\/\\\/animefigurer.se\\\/figurer\\\/chainsaw-man\\\/chainsaw-man-rubber-keychain-pochita-sitting\\\/#primaryimage\",\"url\":\"https:\\\/\\\/animefigurer.se\\\/wp-content\\\/uploads\\\/2026\\\/04\\\/x_ke126677csm.jpg\",\"contentUrl\":\"https:\\\/\\\/animefigurer.se\\\/wp-content\\\/uploads\\\/2026\\\/04\\\/x_ke126677csm.jpg\",\"width\":1000,\"height\":1000,\"caption\":\"Chainsaw Man Rubber Keychain Pochita Sitting\"},{\"@type\":\"BreadcrumbList\",\"@id\":\"https:\\\/\\\/animefigurer.se\\\/figurer\\\/chainsaw-man\\\/chainsaw-man-rubber-keychain-pochita-sitting\\\/#breadcrumb\",\"itemListElement\":[{\"@type\":\"ListItem\",\"position\":1,\"name\":\"Home\",\"item\":\"https:\\\/\\\/animefigurer.se\\\/\"},{\"@type\":\"ListItem\",\"position\":2,\"name\":\"Butik\",\"item\":\"https:\\\/\\\/animefigurer.se\\\/figurer\\\/\"},{\"@type\":\"ListItem\",\"position\":3,\"name\":\"Chainsaw Man Rubber Keychain Pochita Sitting\"}]},{\"@type\":\"WebSite\",\"@id\":\"https:\\\/\\\/animefigurer.se\\\/#website\",\"url\":\"https:\\\/\\\/animefigurer.se\\\/\",\"name\":\"Animefigurer.se\",\"description\":\"Anime figurer fr\u00e5n \u00f6ver 300 olika anime serier med \u00f6ver 9000 produkter | Anime Shop\",\"publisher\":{\"@id\":\"https:\\\/\\\/animefigurer.se\\\/#organization\"},\"potentialAction\":[{\"@type\":\"SearchAction\",\"target\":{\"@type\":\"EntryPoint\",\"urlTemplate\":\"https:\\\/\\\/animefigurer.se\\\/?s={search_term_string}\"},\"query-input\":{\"@type\":\"PropertyValueSpecification\",\"valueRequired\":true,\"valueName\":\"search_term_string\"}}],\"inLanguage\":\"en-GB\"},{\"@type\":\"Organization\",\"@id\":\"https:\\\/\\\/animefigurer.se\\\/#organization\",\"name\":\"Animefigurer.se\",\"alternateName\":\"Anime figurer | Anime shop\",\"url\":\"https:\\\/\\\/animefigurer.se\\\/\",\"logo\":{\"@type\":\"ImageObject\",\"inLanguage\":\"en-GB\",\"@id\":\"https:\\\/\\\/animefigurer.se\\\/#\\\/schema\\\/logo\\\/image\\\/\",\"url\":\"https:\\\/\\\/animefigurer.se\\\/wp-content\\\/uploads\\\/2025\\\/12\\\/Animefigurer_logowhite.png\",\"contentUrl\":\"https:\\\/\\\/animefigurer.se\\\/wp-content\\\/uploads\\\/2025\\\/12\\\/Animefigurer_logowhite.png\",\"width\":1890,\"height\":1417,\"caption\":\"Animefigurer.se\"},\"image\":{\"@id\":\"https:\\\/\\\/animefigurer.se\\\/#\\\/schema\\\/logo\\\/image\\\/\"},\"sameAs\":[\"https:\\\/\\\/www.facebook.com\\\/profile.php?id=61581826539670\",\"https:\\\/\\\/www.instagram.com\\\/animefigurer.se\\\/\"],\"email\":\"info@animefigurer.se\"}]}<\/script>\n<!-- \/ Yoast SEO Premium plugin. -->","yoast_head_json":{"title":"Chainsaw Man Rubber Keychain Pochita Sitting | Animefigurer.se","robots":{"index":"index","follow":"follow","max-snippet":"max-snippet:-1","max-image-preview":"max-image-preview:large","max-video-preview":"max-video-preview:-1"},"canonical":"https:\/\/animefigurer.se\/en\/figurer\/chainsaw-man\/chainsaw-man-rubber-keychain-pochita-sitting\/","og_locale":"en_GB","og_type":"article","og_title":"Chainsaw Man Rubber Keychain Pochita Sitting","og_description":"S\u00e4tt lite f\u00e4rg p\u00e5 vardagen med Pochita Sitting nyckelring Ta med dig den mest lojala f\u00f6ljeslagaren fr\u00e5n Chainsaw Man vart du \u00e4n g\u00e5r! Denna officiellt licensierade Pochita Sitting Rubber Keychain visar den \u00e4lskv\u00e4rda motors\u00e5gsdj\u00e4vulen i en s\u00f6t sittande pose. Med sina stora \u00f6gon och ikoniska motors\u00e5g i pannan \u00e4r detta den ultimata accessoaren f\u00f6r fans [&hellip;]","og_url":"https:\/\/animefigurer.se\/en\/figurer\/chainsaw-man\/chainsaw-man-rubber-keychain-pochita-sitting\/","og_site_name":"Animefigurer.se","article_publisher":"https:\/\/www.facebook.com\/profile.php?id=61581826539670","article_modified_time":"2026-04-23T12:09:28+00:00","og_image":[{"width":1000,"height":1000,"url":"https:\/\/animefigurer.se\/wp-content\/uploads\/2026\/04\/x_ke126677csm.jpg","type":"image\/jpeg"}],"twitter_card":"summary_large_image","twitter_misc":{"Estimated reading time":"1 minute"},"schema":{"@context":"https:\/\/schema.org","@graph":[{"@type":"WebPage","@id":"https:\/\/animefigurer.se\/figurer\/chainsaw-man\/chainsaw-man-rubber-keychain-pochita-sitting\/","url":"https:\/\/animefigurer.se\/figurer\/chainsaw-man\/chainsaw-man-rubber-keychain-pochita-sitting\/","name":"Chainsaw Man Rubber Keychain Pochita Sitting | Animefigurer.se","isPartOf":{"@id":"https:\/\/animefigurer.se\/#website"},"primaryImageOfPage":{"@id":"https:\/\/animefigurer.se\/figurer\/chainsaw-man\/chainsaw-man-rubber-keychain-pochita-sitting\/#primaryimage"},"image":{"@id":"https:\/\/animefigurer.se\/figurer\/chainsaw-man\/chainsaw-man-rubber-keychain-pochita-sitting\/#primaryimage"},"thumbnailUrl":"https:\/\/animefigurer.se\/wp-content\/uploads\/2026\/04\/x_ke126677csm.jpg","datePublished":"2026-04-17T13:39:54+00:00","dateModified":"2026-04-23T12:09:28+00:00","breadcrumb":{"@id":"https:\/\/animefigurer.se\/figurer\/chainsaw-man\/chainsaw-man-rubber-keychain-pochita-sitting\/#breadcrumb"},"inLanguage":"en-GB","potentialAction":[{"@type":"ReadAction","target":["https:\/\/animefigurer.se\/figurer\/chainsaw-man\/chainsaw-man-rubber-keychain-pochita-sitting\/"]}]},{"@type":"ImageObject","inLanguage":"en-GB","@id":"https:\/\/animefigurer.se\/figurer\/chainsaw-man\/chainsaw-man-rubber-keychain-pochita-sitting\/#primaryimage","url":"https:\/\/animefigurer.se\/wp-content\/uploads\/2026\/04\/x_ke126677csm.jpg","contentUrl":"https:\/\/animefigurer.se\/wp-content\/uploads\/2026\/04\/x_ke126677csm.jpg","width":1000,"height":1000,"caption":"Chainsaw Man Rubber Keychain Pochita Sitting"},{"@type":"BreadcrumbList","@id":"https:\/\/animefigurer.se\/figurer\/chainsaw-man\/chainsaw-man-rubber-keychain-pochita-sitting\/#breadcrumb","itemListElement":[{"@type":"ListItem","position":1,"name":"Home","item":"https:\/\/animefigurer.se\/"},{"@type":"ListItem","position":2,"name":"Butik","item":"https:\/\/animefigurer.se\/figurer\/"},{"@type":"ListItem","position":3,"name":"Chainsaw Man Rubber Keychain Pochita Sitting"}]},{"@type":"WebSite","@id":"https:\/\/animefigurer.se\/#website","url":"https:\/\/animefigurer.se\/","name":"Animefigurer.se","description":"Anime figures from over 300 different anime series with over 9000 products | Anime Shop","publisher":{"@id":"https:\/\/animefigurer.se\/#organization"},"potentialAction":[{"@type":"SearchAction","target":{"@type":"EntryPoint","urlTemplate":"https:\/\/animefigurer.se\/?s={search_term_string}"},"query-input":{"@type":"PropertyValueSpecification","valueRequired":true,"valueName":"search_term_string"}}],"inLanguage":"en-GB"},{"@type":"Organization","@id":"https:\/\/animefigurer.se\/#organization","name":"Animefigurer.se","alternateName":"Anime figurer | Anime shop","url":"https:\/\/animefigurer.se\/","logo":{"@type":"ImageObject","inLanguage":"en-GB","@id":"https:\/\/animefigurer.se\/#\/schema\/logo\/image\/","url":"https:\/\/animefigurer.se\/wp-content\/uploads\/2025\/12\/Animefigurer_logowhite.png","contentUrl":"https:\/\/animefigurer.se\/wp-content\/uploads\/2025\/12\/Animefigurer_logowhite.png","width":1890,"height":1417,"caption":"Animefigurer.se"},"image":{"@id":"https:\/\/animefigurer.se\/#\/schema\/logo\/image\/"},"sameAs":["https:\/\/www.facebook.com\/profile.php?id=61581826539670","https:\/\/www.instagram.com\/animefigurer.se\/"],"email":"info@animefigurer.se"}]}},"_links":{"self":[{"href":"https:\/\/animefigurer.se\/en\/wp-json\/wp\/v2\/product\/97861","targetHints":{"allow":["GET"]}}],"collection":[{"href":"https:\/\/animefigurer.se\/en\/wp-json\/wp\/v2\/product"}],"about":[{"href":"https:\/\/animefigurer.se\/en\/wp-json\/wp\/v2\/types\/product"}],"replies":[{"embeddable":true,"href":"https:\/\/animefigurer.se\/en\/wp-json\/wp\/v2\/comments?post=97861"}],"wp:featuredmedia":[{"embeddable":true,"href":"https:\/\/animefigurer.se\/en\/wp-json\/wp\/v2\/media\/98395"}],"wp:attachment":[{"href":"https:\/\/animefigurer.se\/en\/wp-json\/wp\/v2\/media?parent=97861"}],"wp:term":[{"taxonomy":"product_brand","embeddable":true,"href":"https:\/\/animefigurer.se\/en\/wp-json\/wp\/v2\/product_brand?post=97861"},{"taxonomy":"product_cat","embeddable":true,"href":"https:\/\/animefigurer.se\/en\/wp-json\/wp\/v2\/product_cat?post=97861"},{"taxonomy":"product_tag","embeddable":true,"href":"https:\/\/animefigurer.se\/en\/wp-json\/wp\/v2\/product_tag?post=97861"},{"taxonomy":"giftcard-category","embeddable":true,"href":"https:\/\/animefigurer.se\/en\/wp-json\/wp\/v2\/giftcard-category?post=97861"}],"curies":[{"name":"wp","href":"https:\/\/api.w.org\/{rel}","templated":true}]}}