{"id":9766,"date":"2025-10-20T16:54:55","date_gmt":"2025-10-20T14:54:55","guid":{"rendered":"https:\/\/animefigurer.se\/produkt\/black-myth-wukong-inart-the-destined-one-in-bronze-armor-premium-ver-1-12-scale-action-figure\/"},"modified":"2025-12-21T19:25:24","modified_gmt":"2025-12-21T18:25:24","slug":"black-myth-wukong-inart-the-destined-one-in-bronze-armor-premium-ver-1-12-scale-action-figure","status":"publish","type":"product","link":"https:\/\/animefigurer.se\/en\/figurer\/black-myth-wukong\/black-myth-wukong-inart-the-destined-one-in-bronze-armor-premium-ver-1-12-scale-action-figure\/","title":{"rendered":"Black Myth: Wukong InArt The Destined One in Bronze Armor (Premium Ver.) 1\/12 Scale Action Figure"},"content":{"rendered":"<p>The Destined One, the protagonist of Game Science&#039;s acclaimed Black Myth: Wukong, hone his spellcasting skills to survive and explore the dangerous world.<\/p>\n<p>This 1\/12th scale action figure (Premium version) is officially licensed and features advanced articulation, including toe joints, for superior poseability. The Premium version also includes an unmasked portrait and additional accessories for more display options.<\/p>\n<p>Content:<br \/>\n\u2013 1 x Figure<br \/>\n\u2013 1 x The predetermined head<br \/>\n\u2013 1 x Masked head<br \/>\n\u2013 7 x Sets of interchangeable hands<br \/>\n\u2013 6 x Accessories<br \/>\n\u2013 1 x Base<\/p>","protected":false},"excerpt":{"rendered":"<p>The Destined One, the protagonist of Game Science&#039;s acclaimed Black Myth: Wukong, hone his spellcasting skills to survive and explore the dangerous world.<\/p>\n<p>This 1\/12th scale action figure (Premium version) is officially licensed and offers advanced articulation, including toe joints, for superior poseability. Pr<\/p>","protected":false},"featured_media":9767,"comment_status":"closed","ping_status":"open","template":"","meta":{"_acf_changed":false,"_monsterinsights_skip_tracking":false,"_monsterinsights_sitenote_active":false,"_monsterinsights_sitenote_note":"","_monsterinsights_sitenote_category":0},"product_brand":[7117],"product_cat":[923,7233],"product_tag":[26],"giftcard-category":[],"class_list":{"0":"post-9766","1":"product","2":"type-product","3":"status-publish","4":"has-post-thumbnail","6":"product_brand-queen-studios","7":"product_cat-black-myth-wukong","8":"product_cat-pre-order","9":"product_tag-pre-order","10":"pa_franchise-black-myth-wukong","11":"pa_karaktar-the-destined-one","12":"pa_material-abs-pvc-pok-fabric-and-die-cast","13":"pa_skala-921","14":"pa_storlek-16-cm","16":"first","17":"instock","18":"taxable","19":"shipping-taxable","20":"purchasable","21":"product-type-simple"},"acf":[],"yoast_head":"<!-- This site is optimized with the Yoast SEO Premium plugin v24.6 (Yoast SEO v27.3) - https:\/\/yoast.com\/product\/yoast-seo-premium-wordpress\/ -->\n<title>Black Myth: Wukong InArt The Destined One in Bronze Armor (Premium Ver.) 1\/12 Scale Action Figure | Animefigurer.se<\/title>\n<meta name=\"robots\" content=\"index, follow, max-snippet:-1, max-image-preview:large, max-video-preview:-1\" \/>\n<link rel=\"canonical\" href=\"https:\/\/animefigurer.se\/en\/figurer\/black-myth-wukong\/black-myth-wukong-inart-the-destined-one-in-bronze-armor-premium-ver-1-12-scale-action-figure\/\" \/>\n<meta property=\"og:locale\" content=\"en_GB\" \/>\n<meta property=\"og:type\" content=\"article\" \/>\n<meta property=\"og:title\" content=\"Black Myth: Wukong InArt The Destined One in Bronze Armor (Premium Ver.) 1\/12 Scale Action Figure\" \/>\n<meta property=\"og:description\" content=\"The Destined One, protagonisten i Game Sciences hyllade Black Myth: Wukong, slipar sin stavkonst f\u00f6r att \u00f6verleva och utforska den farliga v\u00e4rlden. Denna 1\/12-actionfigur (Premium-version) \u00e4r officiellt licensierad och erbjuder avancerad artikulation, inklusive t\u00e5leder, f\u00f6r \u00f6verl\u00e4gsen posbarhet. Pr\" \/>\n<meta property=\"og:url\" content=\"https:\/\/animefigurer.se\/en\/figurer\/black-myth-wukong\/black-myth-wukong-inart-the-destined-one-in-bronze-armor-premium-ver-1-12-scale-action-figure\/\" \/>\n<meta property=\"og:site_name\" content=\"Animefigurer.se\" \/>\n<meta property=\"article:publisher\" content=\"https:\/\/www.facebook.com\/profile.php?id=61581826539670\" \/>\n<meta property=\"article:modified_time\" content=\"2025-12-21T18:25:24+00:00\" \/>\n<meta property=\"og:image\" content=\"https:\/\/animefigurer.se\/wp-content\/uploads\/2025\/12\/Animefigurer_logowhite.png\" \/>\n\t<meta property=\"og:image:width\" content=\"1890\" \/>\n\t<meta property=\"og:image:height\" content=\"1417\" \/>\n\t<meta property=\"og:image:type\" content=\"image\/png\" \/>\n<meta name=\"twitter:card\" content=\"summary_large_image\" \/>\n<script type=\"application\/ld+json\" class=\"yoast-schema-graph\">{\"@context\":\"https:\\\/\\\/schema.org\",\"@graph\":[{\"@type\":\"WebPage\",\"@id\":\"https:\\\/\\\/animefigurer.se\\\/figurer\\\/black-myth-wukong\\\/black-myth-wukong-inart-the-destined-one-in-bronze-armor-premium-ver-1-12-scale-action-figure\\\/\",\"url\":\"https:\\\/\\\/animefigurer.se\\\/figurer\\\/black-myth-wukong\\\/black-myth-wukong-inart-the-destined-one-in-bronze-armor-premium-ver-1-12-scale-action-figure\\\/\",\"name\":\"Black Myth: Wukong InArt The Destined One in Bronze Armor (Premium Ver.) 1\\\/12 Scale Action Figure | Animefigurer.se\",\"isPartOf\":{\"@id\":\"https:\\\/\\\/animefigurer.se\\\/#website\"},\"primaryImageOfPage\":{\"@id\":\"https:\\\/\\\/animefigurer.se\\\/figurer\\\/black-myth-wukong\\\/black-myth-wukong-inart-the-destined-one-in-bronze-armor-premium-ver-1-12-scale-action-figure\\\/#primaryimage\"},\"image\":{\"@id\":\"https:\\\/\\\/animefigurer.se\\\/figurer\\\/black-myth-wukong\\\/black-myth-wukong-inart-the-destined-one-in-bronze-armor-premium-ver-1-12-scale-action-figure\\\/#primaryimage\"},\"thumbnailUrl\":\"https:\\\/\\\/animefigurer.se\\\/wp-content\\\/uploads\\\/2025\\\/10\\\/686eb8d5c5f21.jpeg\",\"datePublished\":\"2025-10-20T14:54:55+00:00\",\"dateModified\":\"2025-12-21T18:25:24+00:00\",\"breadcrumb\":{\"@id\":\"https:\\\/\\\/animefigurer.se\\\/figurer\\\/black-myth-wukong\\\/black-myth-wukong-inart-the-destined-one-in-bronze-armor-premium-ver-1-12-scale-action-figure\\\/#breadcrumb\"},\"inLanguage\":\"en-GB\",\"potentialAction\":[{\"@type\":\"ReadAction\",\"target\":[\"https:\\\/\\\/animefigurer.se\\\/figurer\\\/black-myth-wukong\\\/black-myth-wukong-inart-the-destined-one-in-bronze-armor-premium-ver-1-12-scale-action-figure\\\/\"]}]},{\"@type\":\"ImageObject\",\"inLanguage\":\"en-GB\",\"@id\":\"https:\\\/\\\/animefigurer.se\\\/figurer\\\/black-myth-wukong\\\/black-myth-wukong-inart-the-destined-one-in-bronze-armor-premium-ver-1-12-scale-action-figure\\\/#primaryimage\",\"url\":\"https:\\\/\\\/animefigurer.se\\\/wp-content\\\/uploads\\\/2025\\\/10\\\/686eb8d5c5f21.jpeg\",\"contentUrl\":\"https:\\\/\\\/animefigurer.se\\\/wp-content\\\/uploads\\\/2025\\\/10\\\/686eb8d5c5f21.jpeg\",\"width\":1000,\"height\":750},{\"@type\":\"BreadcrumbList\",\"@id\":\"https:\\\/\\\/animefigurer.se\\\/figurer\\\/black-myth-wukong\\\/black-myth-wukong-inart-the-destined-one-in-bronze-armor-premium-ver-1-12-scale-action-figure\\\/#breadcrumb\",\"itemListElement\":[{\"@type\":\"ListItem\",\"position\":1,\"name\":\"Home\",\"item\":\"https:\\\/\\\/animefigurer.se\\\/\"},{\"@type\":\"ListItem\",\"position\":2,\"name\":\"Butik\",\"item\":\"https:\\\/\\\/animefigurer.se\\\/figurer\\\/\"},{\"@type\":\"ListItem\",\"position\":3,\"name\":\"Black Myth: Wukong InArt The Destined One in Bronze Armor (Premium Ver.) 1\\\/12 Scale Action Figure\"}]},{\"@type\":\"WebSite\",\"@id\":\"https:\\\/\\\/animefigurer.se\\\/#website\",\"url\":\"https:\\\/\\\/animefigurer.se\\\/\",\"name\":\"Animefigurer.se\",\"description\":\"Anime figurer fr\u00e5n \u00f6ver 300 olika anime serier med \u00f6ver 9000 produkter | Anime Shop\",\"publisher\":{\"@id\":\"https:\\\/\\\/animefigurer.se\\\/#organization\"},\"potentialAction\":[{\"@type\":\"SearchAction\",\"target\":{\"@type\":\"EntryPoint\",\"urlTemplate\":\"https:\\\/\\\/animefigurer.se\\\/?s={search_term_string}\"},\"query-input\":{\"@type\":\"PropertyValueSpecification\",\"valueRequired\":true,\"valueName\":\"search_term_string\"}}],\"inLanguage\":\"en-GB\"},{\"@type\":\"Organization\",\"@id\":\"https:\\\/\\\/animefigurer.se\\\/#organization\",\"name\":\"Animefigurer.se\",\"alternateName\":\"Anime figurer | Anime shop\",\"url\":\"https:\\\/\\\/animefigurer.se\\\/\",\"logo\":{\"@type\":\"ImageObject\",\"inLanguage\":\"en-GB\",\"@id\":\"https:\\\/\\\/animefigurer.se\\\/#\\\/schema\\\/logo\\\/image\\\/\",\"url\":\"https:\\\/\\\/animefigurer.se\\\/wp-content\\\/uploads\\\/2025\\\/12\\\/Animefigurer_logowhite.png\",\"contentUrl\":\"https:\\\/\\\/animefigurer.se\\\/wp-content\\\/uploads\\\/2025\\\/12\\\/Animefigurer_logowhite.png\",\"width\":1890,\"height\":1417,\"caption\":\"Animefigurer.se\"},\"image\":{\"@id\":\"https:\\\/\\\/animefigurer.se\\\/#\\\/schema\\\/logo\\\/image\\\/\"},\"sameAs\":[\"https:\\\/\\\/www.facebook.com\\\/profile.php?id=61581826539670\",\"https:\\\/\\\/www.instagram.com\\\/animefigurer.se\\\/\"],\"email\":\"info@animefigurer.se\"}]}<\/script>\n<!-- \/ Yoast SEO Premium plugin. -->","yoast_head_json":{"title":"Black Myth: Wukong InArt The Destined One in Bronze Armor (Premium Ver.) 1\/12 Scale Action Figure | Animefigurer.se","robots":{"index":"index","follow":"follow","max-snippet":"max-snippet:-1","max-image-preview":"max-image-preview:large","max-video-preview":"max-video-preview:-1"},"canonical":"https:\/\/animefigurer.se\/en\/figurer\/black-myth-wukong\/black-myth-wukong-inart-the-destined-one-in-bronze-armor-premium-ver-1-12-scale-action-figure\/","og_locale":"en_GB","og_type":"article","og_title":"Black Myth: Wukong InArt The Destined One in Bronze Armor (Premium Ver.) 1\/12 Scale Action Figure","og_description":"The Destined One, protagonisten i Game Sciences hyllade Black Myth: Wukong, slipar sin stavkonst f\u00f6r att \u00f6verleva och utforska den farliga v\u00e4rlden. Denna 1\/12-actionfigur (Premium-version) \u00e4r officiellt licensierad och erbjuder avancerad artikulation, inklusive t\u00e5leder, f\u00f6r \u00f6verl\u00e4gsen posbarhet. Pr","og_url":"https:\/\/animefigurer.se\/en\/figurer\/black-myth-wukong\/black-myth-wukong-inart-the-destined-one-in-bronze-armor-premium-ver-1-12-scale-action-figure\/","og_site_name":"Animefigurer.se","article_publisher":"https:\/\/www.facebook.com\/profile.php?id=61581826539670","article_modified_time":"2025-12-21T18:25:24+00:00","og_image":[{"width":1890,"height":1417,"url":"https:\/\/animefigurer.se\/wp-content\/uploads\/2025\/12\/Animefigurer_logowhite.png","type":"image\/png"}],"twitter_card":"summary_large_image","schema":{"@context":"https:\/\/schema.org","@graph":[{"@type":"WebPage","@id":"https:\/\/animefigurer.se\/figurer\/black-myth-wukong\/black-myth-wukong-inart-the-destined-one-in-bronze-armor-premium-ver-1-12-scale-action-figure\/","url":"https:\/\/animefigurer.se\/figurer\/black-myth-wukong\/black-myth-wukong-inart-the-destined-one-in-bronze-armor-premium-ver-1-12-scale-action-figure\/","name":"Black Myth: Wukong InArt The Destined One in Bronze Armor (Premium Ver.) 1\/12 Scale Action Figure | Animefigurer.se","isPartOf":{"@id":"https:\/\/animefigurer.se\/#website"},"primaryImageOfPage":{"@id":"https:\/\/animefigurer.se\/figurer\/black-myth-wukong\/black-myth-wukong-inart-the-destined-one-in-bronze-armor-premium-ver-1-12-scale-action-figure\/#primaryimage"},"image":{"@id":"https:\/\/animefigurer.se\/figurer\/black-myth-wukong\/black-myth-wukong-inart-the-destined-one-in-bronze-armor-premium-ver-1-12-scale-action-figure\/#primaryimage"},"thumbnailUrl":"https:\/\/animefigurer.se\/wp-content\/uploads\/2025\/10\/686eb8d5c5f21.jpeg","datePublished":"2025-10-20T14:54:55+00:00","dateModified":"2025-12-21T18:25:24+00:00","breadcrumb":{"@id":"https:\/\/animefigurer.se\/figurer\/black-myth-wukong\/black-myth-wukong-inart-the-destined-one-in-bronze-armor-premium-ver-1-12-scale-action-figure\/#breadcrumb"},"inLanguage":"en-GB","potentialAction":[{"@type":"ReadAction","target":["https:\/\/animefigurer.se\/figurer\/black-myth-wukong\/black-myth-wukong-inart-the-destined-one-in-bronze-armor-premium-ver-1-12-scale-action-figure\/"]}]},{"@type":"ImageObject","inLanguage":"en-GB","@id":"https:\/\/animefigurer.se\/figurer\/black-myth-wukong\/black-myth-wukong-inart-the-destined-one-in-bronze-armor-premium-ver-1-12-scale-action-figure\/#primaryimage","url":"https:\/\/animefigurer.se\/wp-content\/uploads\/2025\/10\/686eb8d5c5f21.jpeg","contentUrl":"https:\/\/animefigurer.se\/wp-content\/uploads\/2025\/10\/686eb8d5c5f21.jpeg","width":1000,"height":750},{"@type":"BreadcrumbList","@id":"https:\/\/animefigurer.se\/figurer\/black-myth-wukong\/black-myth-wukong-inart-the-destined-one-in-bronze-armor-premium-ver-1-12-scale-action-figure\/#breadcrumb","itemListElement":[{"@type":"ListItem","position":1,"name":"Home","item":"https:\/\/animefigurer.se\/"},{"@type":"ListItem","position":2,"name":"Butik","item":"https:\/\/animefigurer.se\/figurer\/"},{"@type":"ListItem","position":3,"name":"Black Myth: Wukong InArt The Destined One in Bronze Armor (Premium Ver.) 1\/12 Scale Action Figure"}]},{"@type":"WebSite","@id":"https:\/\/animefigurer.se\/#website","url":"https:\/\/animefigurer.se\/","name":"Animefigurer.se","description":"Anime figures from over 300 different anime series with over 9000 products | Anime Shop","publisher":{"@id":"https:\/\/animefigurer.se\/#organization"},"potentialAction":[{"@type":"SearchAction","target":{"@type":"EntryPoint","urlTemplate":"https:\/\/animefigurer.se\/?s={search_term_string}"},"query-input":{"@type":"PropertyValueSpecification","valueRequired":true,"valueName":"search_term_string"}}],"inLanguage":"en-GB"},{"@type":"Organization","@id":"https:\/\/animefigurer.se\/#organization","name":"Animefigurer.se","alternateName":"Anime figurer | Anime shop","url":"https:\/\/animefigurer.se\/","logo":{"@type":"ImageObject","inLanguage":"en-GB","@id":"https:\/\/animefigurer.se\/#\/schema\/logo\/image\/","url":"https:\/\/animefigurer.se\/wp-content\/uploads\/2025\/12\/Animefigurer_logowhite.png","contentUrl":"https:\/\/animefigurer.se\/wp-content\/uploads\/2025\/12\/Animefigurer_logowhite.png","width":1890,"height":1417,"caption":"Animefigurer.se"},"image":{"@id":"https:\/\/animefigurer.se\/#\/schema\/logo\/image\/"},"sameAs":["https:\/\/www.facebook.com\/profile.php?id=61581826539670","https:\/\/www.instagram.com\/animefigurer.se\/"],"email":"info@animefigurer.se"}]}},"_links":{"self":[{"href":"https:\/\/animefigurer.se\/en\/wp-json\/wp\/v2\/product\/9766","targetHints":{"allow":["GET"]}}],"collection":[{"href":"https:\/\/animefigurer.se\/en\/wp-json\/wp\/v2\/product"}],"about":[{"href":"https:\/\/animefigurer.se\/en\/wp-json\/wp\/v2\/types\/product"}],"replies":[{"embeddable":true,"href":"https:\/\/animefigurer.se\/en\/wp-json\/wp\/v2\/comments?post=9766"}],"wp:featuredmedia":[{"embeddable":true,"href":"https:\/\/animefigurer.se\/en\/wp-json\/wp\/v2\/media\/9767"}],"wp:attachment":[{"href":"https:\/\/animefigurer.se\/en\/wp-json\/wp\/v2\/media?parent=9766"}],"wp:term":[{"taxonomy":"product_brand","embeddable":true,"href":"https:\/\/animefigurer.se\/en\/wp-json\/wp\/v2\/product_brand?post=9766"},{"taxonomy":"product_cat","embeddable":true,"href":"https:\/\/animefigurer.se\/en\/wp-json\/wp\/v2\/product_cat?post=9766"},{"taxonomy":"product_tag","embeddable":true,"href":"https:\/\/animefigurer.se\/en\/wp-json\/wp\/v2\/product_tag?post=9766"},{"taxonomy":"giftcard-category","embeddable":true,"href":"https:\/\/animefigurer.se\/en\/wp-json\/wp\/v2\/giftcard-category?post=9766"}],"curies":[{"name":"wp","href":"https:\/\/api.w.org\/{rel}","templated":true}]}}