{"id":97481,"date":"2026-04-17T15:37:51","date_gmt":"2026-04-17T13:37:51","guid":{"rendered":"https:\/\/animefigurer.se\/?post_type=product&#038;p=97481"},"modified":"2026-04-23T14:07:54","modified_gmt":"2026-04-23T12:07:54","slug":"warhammer-the-horus-heresy-action-figure-1-18-legio-custodes-aquilon-terminator-squad-aquilon-with-twin-linked-adrathic-destructor-14-cm","status":"publish","type":"product","link":"https:\/\/animefigurer.se\/en\/figurer\/warhammer\/warhammer-the-horus-heresy-action-figure-1-18-legio-custodes-aquilon-terminator-squad-aquilon-with-twin-linked-adrathic-destructor-14-cm\/","title":{"rendered":"Warhammer The Horus Heresy Action Figure 1\/18 Legio Custodes Aquilon Terminator Squad Aquilon with twin-linked Adrathic Destructor 14 cm"},"content":{"rendered":"<p>Upplev kraften hos kejsarens fr\u00e4msta beskyddare med denna <strong>Warhammer The Horus Heresy<\/strong> actionfigur fr\u00e5n <strong>Joy Toy<\/strong>. Denna detaljerade modell i skala 1\/18 f\u00f6rest\u00e4ller en krigare ur Legio Custodes Aquilon Terminator Squad, bev\u00e4pnad med en f\u00f6r\u00f6dande twin-linked Adrathic Destructor. Med en imponerande h\u00f6jd p\u00e5 14 cm och full r\u00f6rlighet \u00e4r detta det perfekta tillskottet f\u00f6r alla som samlar p\u00e5 h\u00f6gkvalitativa Warhammer-merch.<\/p>\n<p>Figuren \u00e4r minuti\u00f6st utformad f\u00f6r att \u00e5terspegla den ikoniska gyllene rustningen och levereras med utbytbara h\u00e4nder och vapentillbeh\u00f6r. Oavsett om den pryder din hylla eller anv\u00e4nds i dynamiska scener, levererar denna officiellt licensierade produkt en autentisk k\u00e4nsla av Horus Heresy-eran.<\/p>\n<h3>Product specifications:<\/h3>\n<ul>\n<li><strong>Skala:<\/strong> 1\/18 (14 cm)<\/li>\n<li><strong>Material:<\/strong> H\u00e5llbar plast<\/li>\n<li><strong>Serie:<\/strong> Warhammer The Horus Heresy<\/li>\n<li><strong>M\u00e4rke:<\/strong> Joy Toy<\/li>\n<li>Helt r\u00f6rliga leder f\u00f6r dynamiska poser<\/li>\n<li>Inkluderar tillbeh\u00f6r och utbytbara delar<\/li>\n<\/ul>","protected":false},"excerpt":{"rendered":"<p>Upplev kraften hos kejsarens fr\u00e4msta beskyddare med denna Warhammer The Horus Heresy actionfigur fr\u00e5n Joy Toy. Denna detaljerade modell i skala 1\/18 f\u00f6rest\u00e4ller en krigare ur Legio Custodes Aquilon Terminator Squad, bev\u00e4pnad med en f\u00f6r\u00f6dande twin-linked Adrathic Destructor. Med en imponerande h\u00f6jd p\u00e5 14 cm och full r\u00f6rlighet \u00e4r detta det perfekta tillskottet f\u00f6r alla [&hellip;]<\/p>\n","protected":false},"featured_media":98143,"comment_status":"closed","ping_status":"closed","template":"","meta":{"_acf_changed":false,"_monsterinsights_skip_tracking":false,"_monsterinsights_sitenote_active":false,"_monsterinsights_sitenote_note":"","_monsterinsights_sitenote_category":0},"product_brand":[7038],"product_cat":[5980],"product_tag":[24],"giftcard-category":[],"class_list":{"0":"post-97481","1":"product","2":"type-product","3":"status-publish","4":"has-post-thumbnail","6":"product_brand-joy-toy","7":"product_cat-warhammer","8":"product_tag-2-3-weeks","9":"pa_franchise-warhammer","10":"pa_karaktar-adrathic-destructor","11":"pa_material-plastic","12":"pa_skala-853","13":"pa_storlek-14-cm","15":"first","16":"instock","17":"taxable","18":"shipping-taxable","19":"purchasable","20":"product-type-simple"},"acf":[],"yoast_head":"<!-- This site is optimized with the Yoast SEO Premium plugin v24.6 (Yoast SEO v27.3) - https:\/\/yoast.com\/product\/yoast-seo-premium-wordpress\/ -->\n<title>Warhammer The Horus Heresy Action Figure 1\/18 Legio Custodes Aquilon Terminator Squad Aquilon with twin-linked Adrathic Destructor 14 cm | Animefigurer.se<\/title>\n<meta name=\"robots\" content=\"index, follow, max-snippet:-1, max-image-preview:large, max-video-preview:-1\" \/>\n<link rel=\"canonical\" href=\"https:\/\/animefigurer.se\/en\/figurer\/warhammer\/warhammer-the-horus-heresy-action-figure-1-18-legio-custodes-aquilon-terminator-squad-aquilon-with-twin-linked-adrathic-destructor-14-cm\/\" \/>\n<meta property=\"og:locale\" content=\"en_GB\" \/>\n<meta property=\"og:type\" content=\"article\" \/>\n<meta property=\"og:title\" content=\"Warhammer The Horus Heresy Action Figure 1\/18 Legio Custodes Aquilon Terminator Squad Aquilon with twin-linked Adrathic Destructor 14 cm\" \/>\n<meta property=\"og:description\" content=\"Upplev kraften hos kejsarens fr\u00e4msta beskyddare med denna Warhammer The Horus Heresy actionfigur fr\u00e5n Joy Toy. Denna detaljerade modell i skala 1\/18 f\u00f6rest\u00e4ller en krigare ur Legio Custodes Aquilon Terminator Squad, bev\u00e4pnad med en f\u00f6r\u00f6dande twin-linked Adrathic Destructor. Med en imponerande h\u00f6jd p\u00e5 14 cm och full r\u00f6rlighet \u00e4r detta det perfekta tillskottet f\u00f6r alla [&hellip;]\" \/>\n<meta property=\"og:url\" content=\"https:\/\/animefigurer.se\/en\/figurer\/warhammer\/warhammer-the-horus-heresy-action-figure-1-18-legio-custodes-aquilon-terminator-squad-aquilon-with-twin-linked-adrathic-destructor-14-cm\/\" \/>\n<meta property=\"og:site_name\" content=\"Animefigurer.se\" \/>\n<meta property=\"article:publisher\" content=\"https:\/\/www.facebook.com\/profile.php?id=61581826539670\" \/>\n<meta property=\"article:modified_time\" content=\"2026-04-23T12:07:54+00:00\" \/>\n<meta property=\"og:image\" content=\"https:\/\/animefigurer.se\/wp-content\/uploads\/2026\/04\/x_jt00751.jpg\" \/>\n\t<meta property=\"og:image:width\" content=\"667\" \/>\n\t<meta property=\"og:image:height\" content=\"1000\" \/>\n\t<meta property=\"og:image:type\" content=\"image\/jpeg\" \/>\n<meta name=\"twitter:card\" content=\"summary_large_image\" \/>\n<meta name=\"twitter:label1\" content=\"Estimated reading time\" \/>\n\t<meta name=\"twitter:data1\" content=\"1 minute\" \/>\n<script type=\"application\/ld+json\" class=\"yoast-schema-graph\">{\"@context\":\"https:\\\/\\\/schema.org\",\"@graph\":[{\"@type\":\"WebPage\",\"@id\":\"https:\\\/\\\/animefigurer.se\\\/figurer\\\/warhammer\\\/warhammer-the-horus-heresy-action-figure-1-18-legio-custodes-aquilon-terminator-squad-aquilon-with-twin-linked-adrathic-destructor-14-cm\\\/\",\"url\":\"https:\\\/\\\/animefigurer.se\\\/figurer\\\/warhammer\\\/warhammer-the-horus-heresy-action-figure-1-18-legio-custodes-aquilon-terminator-squad-aquilon-with-twin-linked-adrathic-destructor-14-cm\\\/\",\"name\":\"Warhammer The Horus Heresy Action Figure 1\\\/18 Legio Custodes Aquilon Terminator Squad Aquilon with twin-linked Adrathic Destructor 14 cm | Animefigurer.se\",\"isPartOf\":{\"@id\":\"https:\\\/\\\/animefigurer.se\\\/#website\"},\"primaryImageOfPage\":{\"@id\":\"https:\\\/\\\/animefigurer.se\\\/figurer\\\/warhammer\\\/warhammer-the-horus-heresy-action-figure-1-18-legio-custodes-aquilon-terminator-squad-aquilon-with-twin-linked-adrathic-destructor-14-cm\\\/#primaryimage\"},\"image\":{\"@id\":\"https:\\\/\\\/animefigurer.se\\\/figurer\\\/warhammer\\\/warhammer-the-horus-heresy-action-figure-1-18-legio-custodes-aquilon-terminator-squad-aquilon-with-twin-linked-adrathic-destructor-14-cm\\\/#primaryimage\"},\"thumbnailUrl\":\"https:\\\/\\\/animefigurer.se\\\/wp-content\\\/uploads\\\/2026\\\/04\\\/x_jt00751.jpg\",\"datePublished\":\"2026-04-17T13:37:51+00:00\",\"dateModified\":\"2026-04-23T12:07:54+00:00\",\"breadcrumb\":{\"@id\":\"https:\\\/\\\/animefigurer.se\\\/figurer\\\/warhammer\\\/warhammer-the-horus-heresy-action-figure-1-18-legio-custodes-aquilon-terminator-squad-aquilon-with-twin-linked-adrathic-destructor-14-cm\\\/#breadcrumb\"},\"inLanguage\":\"en-GB\",\"potentialAction\":[{\"@type\":\"ReadAction\",\"target\":[\"https:\\\/\\\/animefigurer.se\\\/figurer\\\/warhammer\\\/warhammer-the-horus-heresy-action-figure-1-18-legio-custodes-aquilon-terminator-squad-aquilon-with-twin-linked-adrathic-destructor-14-cm\\\/\"]}]},{\"@type\":\"ImageObject\",\"inLanguage\":\"en-GB\",\"@id\":\"https:\\\/\\\/animefigurer.se\\\/figurer\\\/warhammer\\\/warhammer-the-horus-heresy-action-figure-1-18-legio-custodes-aquilon-terminator-squad-aquilon-with-twin-linked-adrathic-destructor-14-cm\\\/#primaryimage\",\"url\":\"https:\\\/\\\/animefigurer.se\\\/wp-content\\\/uploads\\\/2026\\\/04\\\/x_jt00751.jpg\",\"contentUrl\":\"https:\\\/\\\/animefigurer.se\\\/wp-content\\\/uploads\\\/2026\\\/04\\\/x_jt00751.jpg\",\"width\":667,\"height\":1000,\"caption\":\"Warhammer The Horus Heresy Action Figure 1\\\/18 Legio Custodes Aquilon Terminator Squad Aquilon with twin-linked Adrathic Destructor 14 cm\"},{\"@type\":\"BreadcrumbList\",\"@id\":\"https:\\\/\\\/animefigurer.se\\\/figurer\\\/warhammer\\\/warhammer-the-horus-heresy-action-figure-1-18-legio-custodes-aquilon-terminator-squad-aquilon-with-twin-linked-adrathic-destructor-14-cm\\\/#breadcrumb\",\"itemListElement\":[{\"@type\":\"ListItem\",\"position\":1,\"name\":\"Home\",\"item\":\"https:\\\/\\\/animefigurer.se\\\/\"},{\"@type\":\"ListItem\",\"position\":2,\"name\":\"Butik\",\"item\":\"https:\\\/\\\/animefigurer.se\\\/figurer\\\/\"},{\"@type\":\"ListItem\",\"position\":3,\"name\":\"Warhammer The Horus Heresy Action Figure 1\\\/18 Legio Custodes Aquilon Terminator Squad Aquilon with twin-linked Adrathic Destructor 14 cm\"}]},{\"@type\":\"WebSite\",\"@id\":\"https:\\\/\\\/animefigurer.se\\\/#website\",\"url\":\"https:\\\/\\\/animefigurer.se\\\/\",\"name\":\"Animefigurer.se\",\"description\":\"Anime figurer fr\u00e5n \u00f6ver 300 olika anime serier med \u00f6ver 9000 produkter | Anime Shop\",\"publisher\":{\"@id\":\"https:\\\/\\\/animefigurer.se\\\/#organization\"},\"potentialAction\":[{\"@type\":\"SearchAction\",\"target\":{\"@type\":\"EntryPoint\",\"urlTemplate\":\"https:\\\/\\\/animefigurer.se\\\/?s={search_term_string}\"},\"query-input\":{\"@type\":\"PropertyValueSpecification\",\"valueRequired\":true,\"valueName\":\"search_term_string\"}}],\"inLanguage\":\"en-GB\"},{\"@type\":\"Organization\",\"@id\":\"https:\\\/\\\/animefigurer.se\\\/#organization\",\"name\":\"Animefigurer.se\",\"alternateName\":\"Anime figurer | Anime shop\",\"url\":\"https:\\\/\\\/animefigurer.se\\\/\",\"logo\":{\"@type\":\"ImageObject\",\"inLanguage\":\"en-GB\",\"@id\":\"https:\\\/\\\/animefigurer.se\\\/#\\\/schema\\\/logo\\\/image\\\/\",\"url\":\"https:\\\/\\\/animefigurer.se\\\/wp-content\\\/uploads\\\/2025\\\/12\\\/Animefigurer_logowhite.png\",\"contentUrl\":\"https:\\\/\\\/animefigurer.se\\\/wp-content\\\/uploads\\\/2025\\\/12\\\/Animefigurer_logowhite.png\",\"width\":1890,\"height\":1417,\"caption\":\"Animefigurer.se\"},\"image\":{\"@id\":\"https:\\\/\\\/animefigurer.se\\\/#\\\/schema\\\/logo\\\/image\\\/\"},\"sameAs\":[\"https:\\\/\\\/www.facebook.com\\\/profile.php?id=61581826539670\",\"https:\\\/\\\/www.instagram.com\\\/animefigurer.se\\\/\"],\"email\":\"info@animefigurer.se\"}]}<\/script>\n<!-- \/ Yoast SEO Premium plugin. -->","yoast_head_json":{"title":"Warhammer The Horus Heresy Action Figure 1\/18 Legio Custodes Aquilon Terminator Squad Aquilon with twin-linked Adrathic Destructor 14 cm | Animefigurer.se","robots":{"index":"index","follow":"follow","max-snippet":"max-snippet:-1","max-image-preview":"max-image-preview:large","max-video-preview":"max-video-preview:-1"},"canonical":"https:\/\/animefigurer.se\/en\/figurer\/warhammer\/warhammer-the-horus-heresy-action-figure-1-18-legio-custodes-aquilon-terminator-squad-aquilon-with-twin-linked-adrathic-destructor-14-cm\/","og_locale":"en_GB","og_type":"article","og_title":"Warhammer The Horus Heresy Action Figure 1\/18 Legio Custodes Aquilon Terminator Squad Aquilon with twin-linked Adrathic Destructor 14 cm","og_description":"Upplev kraften hos kejsarens fr\u00e4msta beskyddare med denna Warhammer The Horus Heresy actionfigur fr\u00e5n Joy Toy. Denna detaljerade modell i skala 1\/18 f\u00f6rest\u00e4ller en krigare ur Legio Custodes Aquilon Terminator Squad, bev\u00e4pnad med en f\u00f6r\u00f6dande twin-linked Adrathic Destructor. Med en imponerande h\u00f6jd p\u00e5 14 cm och full r\u00f6rlighet \u00e4r detta det perfekta tillskottet f\u00f6r alla [&hellip;]","og_url":"https:\/\/animefigurer.se\/en\/figurer\/warhammer\/warhammer-the-horus-heresy-action-figure-1-18-legio-custodes-aquilon-terminator-squad-aquilon-with-twin-linked-adrathic-destructor-14-cm\/","og_site_name":"Animefigurer.se","article_publisher":"https:\/\/www.facebook.com\/profile.php?id=61581826539670","article_modified_time":"2026-04-23T12:07:54+00:00","og_image":[{"width":667,"height":1000,"url":"https:\/\/animefigurer.se\/wp-content\/uploads\/2026\/04\/x_jt00751.jpg","type":"image\/jpeg"}],"twitter_card":"summary_large_image","twitter_misc":{"Estimated reading time":"1 minute"},"schema":{"@context":"https:\/\/schema.org","@graph":[{"@type":"WebPage","@id":"https:\/\/animefigurer.se\/figurer\/warhammer\/warhammer-the-horus-heresy-action-figure-1-18-legio-custodes-aquilon-terminator-squad-aquilon-with-twin-linked-adrathic-destructor-14-cm\/","url":"https:\/\/animefigurer.se\/figurer\/warhammer\/warhammer-the-horus-heresy-action-figure-1-18-legio-custodes-aquilon-terminator-squad-aquilon-with-twin-linked-adrathic-destructor-14-cm\/","name":"Warhammer The Horus Heresy Action Figure 1\/18 Legio Custodes Aquilon Terminator Squad Aquilon with twin-linked Adrathic Destructor 14 cm | Animefigurer.se","isPartOf":{"@id":"https:\/\/animefigurer.se\/#website"},"primaryImageOfPage":{"@id":"https:\/\/animefigurer.se\/figurer\/warhammer\/warhammer-the-horus-heresy-action-figure-1-18-legio-custodes-aquilon-terminator-squad-aquilon-with-twin-linked-adrathic-destructor-14-cm\/#primaryimage"},"image":{"@id":"https:\/\/animefigurer.se\/figurer\/warhammer\/warhammer-the-horus-heresy-action-figure-1-18-legio-custodes-aquilon-terminator-squad-aquilon-with-twin-linked-adrathic-destructor-14-cm\/#primaryimage"},"thumbnailUrl":"https:\/\/animefigurer.se\/wp-content\/uploads\/2026\/04\/x_jt00751.jpg","datePublished":"2026-04-17T13:37:51+00:00","dateModified":"2026-04-23T12:07:54+00:00","breadcrumb":{"@id":"https:\/\/animefigurer.se\/figurer\/warhammer\/warhammer-the-horus-heresy-action-figure-1-18-legio-custodes-aquilon-terminator-squad-aquilon-with-twin-linked-adrathic-destructor-14-cm\/#breadcrumb"},"inLanguage":"en-GB","potentialAction":[{"@type":"ReadAction","target":["https:\/\/animefigurer.se\/figurer\/warhammer\/warhammer-the-horus-heresy-action-figure-1-18-legio-custodes-aquilon-terminator-squad-aquilon-with-twin-linked-adrathic-destructor-14-cm\/"]}]},{"@type":"ImageObject","inLanguage":"en-GB","@id":"https:\/\/animefigurer.se\/figurer\/warhammer\/warhammer-the-horus-heresy-action-figure-1-18-legio-custodes-aquilon-terminator-squad-aquilon-with-twin-linked-adrathic-destructor-14-cm\/#primaryimage","url":"https:\/\/animefigurer.se\/wp-content\/uploads\/2026\/04\/x_jt00751.jpg","contentUrl":"https:\/\/animefigurer.se\/wp-content\/uploads\/2026\/04\/x_jt00751.jpg","width":667,"height":1000,"caption":"Warhammer The Horus Heresy Action Figure 1\/18 Legio Custodes Aquilon Terminator Squad Aquilon with twin-linked Adrathic Destructor 14 cm"},{"@type":"BreadcrumbList","@id":"https:\/\/animefigurer.se\/figurer\/warhammer\/warhammer-the-horus-heresy-action-figure-1-18-legio-custodes-aquilon-terminator-squad-aquilon-with-twin-linked-adrathic-destructor-14-cm\/#breadcrumb","itemListElement":[{"@type":"ListItem","position":1,"name":"Home","item":"https:\/\/animefigurer.se\/"},{"@type":"ListItem","position":2,"name":"Butik","item":"https:\/\/animefigurer.se\/figurer\/"},{"@type":"ListItem","position":3,"name":"Warhammer The Horus Heresy Action Figure 1\/18 Legio Custodes Aquilon Terminator Squad Aquilon with twin-linked Adrathic Destructor 14 cm"}]},{"@type":"WebSite","@id":"https:\/\/animefigurer.se\/#website","url":"https:\/\/animefigurer.se\/","name":"Animefigurer.se","description":"Anime figures from over 300 different anime series with over 9000 products | Anime Shop","publisher":{"@id":"https:\/\/animefigurer.se\/#organization"},"potentialAction":[{"@type":"SearchAction","target":{"@type":"EntryPoint","urlTemplate":"https:\/\/animefigurer.se\/?s={search_term_string}"},"query-input":{"@type":"PropertyValueSpecification","valueRequired":true,"valueName":"search_term_string"}}],"inLanguage":"en-GB"},{"@type":"Organization","@id":"https:\/\/animefigurer.se\/#organization","name":"Animefigurer.se","alternateName":"Anime figurer | Anime shop","url":"https:\/\/animefigurer.se\/","logo":{"@type":"ImageObject","inLanguage":"en-GB","@id":"https:\/\/animefigurer.se\/#\/schema\/logo\/image\/","url":"https:\/\/animefigurer.se\/wp-content\/uploads\/2025\/12\/Animefigurer_logowhite.png","contentUrl":"https:\/\/animefigurer.se\/wp-content\/uploads\/2025\/12\/Animefigurer_logowhite.png","width":1890,"height":1417,"caption":"Animefigurer.se"},"image":{"@id":"https:\/\/animefigurer.se\/#\/schema\/logo\/image\/"},"sameAs":["https:\/\/www.facebook.com\/profile.php?id=61581826539670","https:\/\/www.instagram.com\/animefigurer.se\/"],"email":"info@animefigurer.se"}]}},"_links":{"self":[{"href":"https:\/\/animefigurer.se\/en\/wp-json\/wp\/v2\/product\/97481","targetHints":{"allow":["GET"]}}],"collection":[{"href":"https:\/\/animefigurer.se\/en\/wp-json\/wp\/v2\/product"}],"about":[{"href":"https:\/\/animefigurer.se\/en\/wp-json\/wp\/v2\/types\/product"}],"replies":[{"embeddable":true,"href":"https:\/\/animefigurer.se\/en\/wp-json\/wp\/v2\/comments?post=97481"}],"wp:featuredmedia":[{"embeddable":true,"href":"https:\/\/animefigurer.se\/en\/wp-json\/wp\/v2\/media\/98143"}],"wp:attachment":[{"href":"https:\/\/animefigurer.se\/en\/wp-json\/wp\/v2\/media?parent=97481"}],"wp:term":[{"taxonomy":"product_brand","embeddable":true,"href":"https:\/\/animefigurer.se\/en\/wp-json\/wp\/v2\/product_brand?post=97481"},{"taxonomy":"product_cat","embeddable":true,"href":"https:\/\/animefigurer.se\/en\/wp-json\/wp\/v2\/product_cat?post=97481"},{"taxonomy":"product_tag","embeddable":true,"href":"https:\/\/animefigurer.se\/en\/wp-json\/wp\/v2\/product_tag?post=97481"},{"taxonomy":"giftcard-category","embeddable":true,"href":"https:\/\/animefigurer.se\/en\/wp-json\/wp\/v2\/giftcard-category?post=97481"}],"curies":[{"name":"wp","href":"https:\/\/api.w.org\/{rel}","templated":true}]}}