{"id":96531,"date":"2025-04-13T08:49:56","date_gmt":"2025-04-13T06:49:56","guid":{"rendered":"https:\/\/animefigurer.se\/?post_type=product&#038;p=96531"},"modified":"2026-04-13T19:08:31","modified_gmt":"2026-04-13T17:08:31","slug":"super-mario-heat-change-mug-group-325-ml","status":"publish","type":"product","link":"https:\/\/animefigurer.se\/en\/figurer\/super-mario\/super-mario-heat-change-mug-group-325-ml\/","title":{"rendered":"Super Mario Heat Change Mug Group 325 ml"},"content":{"rendered":"<p>Upplev magin fr\u00e5n Svampriket med denna interaktiva <strong>Super Mario Heat Change Mug<\/strong>. Se hur den svarta bakgrunden f\u00f6rvandlas och avsl\u00f6jar Mario, Luigi och deras v\u00e4nner s\u00e5 fort du h\u00e4ller i en varm dryck. Det \u00e4r den ultimata muggen f\u00f6r att g\u00f6ra din fika lite mer lekfull och nostalgisk.<\/p>\n<ul>\n<li><strong>V\u00e4rmeaktiverad effekt:<\/strong> Motivet f\u00f6r\u00e4ndras vid kontakt med varma v\u00e4tskor.<\/li>\n<li><strong>Officiellt licensierad:<\/strong> \u00c4kta Nintendo-produkt med h\u00f6gkvalitativt tryck.<\/li>\n<li><strong>Kapacitet:<\/strong> 325 ml (0,325 liter) \u2013 perfekt f\u00f6r en &#8221;Power-Up&#8221;-dryck.<\/li>\n<li><strong>Material:<\/strong> H\u00f6gkvalitativ keramik med en slitstark finish.<\/li>\n<\/ul>\n<p>Denna mugg \u00e4r en fantastisk present till spelare i alla \u00e5ldrar och ett oumb\u00e4rligt samlarobjekt f\u00f6r Nintendo-fans. Ge din morgon en extra niv\u00e5 av sp\u00e4nning med denna f\u00f6rvandlande Super Mario-klassiker!<\/p>","protected":false},"excerpt":{"rendered":"<p>Upplev magin fr\u00e5n Svampriket med denna interaktiva Super Mario Heat Change Mug. Se hur den svarta bakgrunden f\u00f6rvandlas och avsl\u00f6jar Mario, Luigi och deras v\u00e4nner s\u00e5 fort du h\u00e4ller i en varm dryck. Det \u00e4r den ultimata muggen f\u00f6r att g\u00f6ra din fika lite mer lekfull och nostalgisk. V\u00e4rmeaktiverad effekt: Motivet f\u00f6r\u00e4ndras vid kontakt med [&hellip;]<\/p>\n","protected":false},"featured_media":96530,"comment_status":"closed","ping_status":"closed","template":"","meta":{"_acf_changed":false,"_monsterinsights_skip_tracking":false,"_monsterinsights_sitenote_active":false,"_monsterinsights_sitenote_note":"","_monsterinsights_sitenote_category":0},"product_brand":[7147],"product_cat":[5248],"product_tag":[25],"giftcard-category":[],"class_list":{"0":"post-96531","1":"product","2":"type-product","3":"status-publish","4":"has-post-thumbnail","6":"product_brand-stor","7":"product_cat-super-mario","8":"product_tag-i-lager","9":"pa_franchise-super-mario","10":"pa_material-ceramic","11":"pa_typ-mug","13":"first","14":"instock","15":"taxable","16":"shipping-taxable","17":"purchasable","18":"product-type-simple"},"acf":[],"yoast_head":"<!-- This site is optimized with the Yoast SEO Premium plugin v24.6 (Yoast SEO v27.3) - https:\/\/yoast.com\/product\/yoast-seo-premium-wordpress\/ -->\n<title>Super Mario Heat Change Mug Group 325 ml | Animefigurer.se<\/title>\n<meta name=\"robots\" content=\"index, follow, max-snippet:-1, max-image-preview:large, max-video-preview:-1\" \/>\n<link rel=\"canonical\" href=\"https:\/\/animefigurer.se\/en\/figurer\/super-mario\/super-mario-heat-change-mug-group-325-ml\/\" \/>\n<meta property=\"og:locale\" content=\"en_GB\" \/>\n<meta property=\"og:type\" content=\"article\" \/>\n<meta property=\"og:title\" content=\"Super Mario Heat Change Mug Group 325 ml\" \/>\n<meta property=\"og:description\" content=\"Upplev magin fr\u00e5n Svampriket med denna interaktiva Super Mario Heat Change Mug. Se hur den svarta bakgrunden f\u00f6rvandlas och avsl\u00f6jar Mario, Luigi och deras v\u00e4nner s\u00e5 fort du h\u00e4ller i en varm dryck. Det \u00e4r den ultimata muggen f\u00f6r att g\u00f6ra din fika lite mer lekfull och nostalgisk. V\u00e4rmeaktiverad effekt: Motivet f\u00f6r\u00e4ndras vid kontakt med [&hellip;]\" \/>\n<meta property=\"og:url\" content=\"https:\/\/animefigurer.se\/en\/figurer\/super-mario\/super-mario-heat-change-mug-group-325-ml\/\" \/>\n<meta property=\"og:site_name\" content=\"Animefigurer.se\" \/>\n<meta property=\"article:publisher\" content=\"https:\/\/www.facebook.com\/profile.php?id=61581826539670\" \/>\n<meta property=\"article:modified_time\" content=\"2026-04-13T17:08:31+00:00\" \/>\n<meta property=\"og:image\" content=\"https:\/\/animefigurer.se\/wp-content\/uploads\/2026\/04\/x_str78740.jpg\" \/>\n\t<meta property=\"og:image:width\" content=\"1000\" \/>\n\t<meta property=\"og:image:height\" content=\"1000\" \/>\n\t<meta property=\"og:image:type\" content=\"image\/jpeg\" \/>\n<meta name=\"twitter:card\" content=\"summary_large_image\" \/>\n<meta name=\"twitter:label1\" content=\"Estimated reading time\" \/>\n\t<meta name=\"twitter:data1\" content=\"1 minute\" \/>\n<script type=\"application\/ld+json\" class=\"yoast-schema-graph\">{\"@context\":\"https:\\\/\\\/schema.org\",\"@graph\":[{\"@type\":\"WebPage\",\"@id\":\"https:\\\/\\\/animefigurer.se\\\/figurer\\\/super-mario\\\/super-mario-heat-change-mug-group-325-ml\\\/\",\"url\":\"https:\\\/\\\/animefigurer.se\\\/figurer\\\/super-mario\\\/super-mario-heat-change-mug-group-325-ml\\\/\",\"name\":\"Super Mario Heat Change Mug Group 325 ml | Animefigurer.se\",\"isPartOf\":{\"@id\":\"https:\\\/\\\/animefigurer.se\\\/#website\"},\"primaryImageOfPage\":{\"@id\":\"https:\\\/\\\/animefigurer.se\\\/figurer\\\/super-mario\\\/super-mario-heat-change-mug-group-325-ml\\\/#primaryimage\"},\"image\":{\"@id\":\"https:\\\/\\\/animefigurer.se\\\/figurer\\\/super-mario\\\/super-mario-heat-change-mug-group-325-ml\\\/#primaryimage\"},\"thumbnailUrl\":\"https:\\\/\\\/animefigurer.se\\\/wp-content\\\/uploads\\\/2026\\\/04\\\/x_str78740.jpg\",\"datePublished\":\"2025-04-13T06:49:56+00:00\",\"dateModified\":\"2026-04-13T17:08:31+00:00\",\"breadcrumb\":{\"@id\":\"https:\\\/\\\/animefigurer.se\\\/figurer\\\/super-mario\\\/super-mario-heat-change-mug-group-325-ml\\\/#breadcrumb\"},\"inLanguage\":\"en-GB\",\"potentialAction\":[{\"@type\":\"ReadAction\",\"target\":[\"https:\\\/\\\/animefigurer.se\\\/figurer\\\/super-mario\\\/super-mario-heat-change-mug-group-325-ml\\\/\"]}]},{\"@type\":\"ImageObject\",\"inLanguage\":\"en-GB\",\"@id\":\"https:\\\/\\\/animefigurer.se\\\/figurer\\\/super-mario\\\/super-mario-heat-change-mug-group-325-ml\\\/#primaryimage\",\"url\":\"https:\\\/\\\/animefigurer.se\\\/wp-content\\\/uploads\\\/2026\\\/04\\\/x_str78740.jpg\",\"contentUrl\":\"https:\\\/\\\/animefigurer.se\\\/wp-content\\\/uploads\\\/2026\\\/04\\\/x_str78740.jpg\",\"width\":1000,\"height\":1000},{\"@type\":\"BreadcrumbList\",\"@id\":\"https:\\\/\\\/animefigurer.se\\\/figurer\\\/super-mario\\\/super-mario-heat-change-mug-group-325-ml\\\/#breadcrumb\",\"itemListElement\":[{\"@type\":\"ListItem\",\"position\":1,\"name\":\"Home\",\"item\":\"https:\\\/\\\/animefigurer.se\\\/\"},{\"@type\":\"ListItem\",\"position\":2,\"name\":\"Butik\",\"item\":\"https:\\\/\\\/animefigurer.se\\\/figurer\\\/\"},{\"@type\":\"ListItem\",\"position\":3,\"name\":\"Super Mario Heat Change Mug Group 325 ml\"}]},{\"@type\":\"WebSite\",\"@id\":\"https:\\\/\\\/animefigurer.se\\\/#website\",\"url\":\"https:\\\/\\\/animefigurer.se\\\/\",\"name\":\"Animefigurer.se\",\"description\":\"Anime figurer fr\u00e5n \u00f6ver 300 olika anime serier med \u00f6ver 9000 produkter | Anime Shop\",\"publisher\":{\"@id\":\"https:\\\/\\\/animefigurer.se\\\/#organization\"},\"potentialAction\":[{\"@type\":\"SearchAction\",\"target\":{\"@type\":\"EntryPoint\",\"urlTemplate\":\"https:\\\/\\\/animefigurer.se\\\/?s={search_term_string}\"},\"query-input\":{\"@type\":\"PropertyValueSpecification\",\"valueRequired\":true,\"valueName\":\"search_term_string\"}}],\"inLanguage\":\"en-GB\"},{\"@type\":\"Organization\",\"@id\":\"https:\\\/\\\/animefigurer.se\\\/#organization\",\"name\":\"Animefigurer.se\",\"alternateName\":\"Anime figurer | Anime shop\",\"url\":\"https:\\\/\\\/animefigurer.se\\\/\",\"logo\":{\"@type\":\"ImageObject\",\"inLanguage\":\"en-GB\",\"@id\":\"https:\\\/\\\/animefigurer.se\\\/#\\\/schema\\\/logo\\\/image\\\/\",\"url\":\"https:\\\/\\\/animefigurer.se\\\/wp-content\\\/uploads\\\/2025\\\/12\\\/Animefigurer_logowhite.png\",\"contentUrl\":\"https:\\\/\\\/animefigurer.se\\\/wp-content\\\/uploads\\\/2025\\\/12\\\/Animefigurer_logowhite.png\",\"width\":1890,\"height\":1417,\"caption\":\"Animefigurer.se\"},\"image\":{\"@id\":\"https:\\\/\\\/animefigurer.se\\\/#\\\/schema\\\/logo\\\/image\\\/\"},\"sameAs\":[\"https:\\\/\\\/www.facebook.com\\\/profile.php?id=61581826539670\",\"https:\\\/\\\/www.instagram.com\\\/animefigurer.se\\\/\"],\"email\":\"info@animefigurer.se\"}]}<\/script>\n<!-- \/ Yoast SEO Premium plugin. -->","yoast_head_json":{"title":"Super Mario Heat Change Mug Group 325 ml | Animefigurer.se","robots":{"index":"index","follow":"follow","max-snippet":"max-snippet:-1","max-image-preview":"max-image-preview:large","max-video-preview":"max-video-preview:-1"},"canonical":"https:\/\/animefigurer.se\/en\/figurer\/super-mario\/super-mario-heat-change-mug-group-325-ml\/","og_locale":"en_GB","og_type":"article","og_title":"Super Mario Heat Change Mug Group 325 ml","og_description":"Upplev magin fr\u00e5n Svampriket med denna interaktiva Super Mario Heat Change Mug. Se hur den svarta bakgrunden f\u00f6rvandlas och avsl\u00f6jar Mario, Luigi och deras v\u00e4nner s\u00e5 fort du h\u00e4ller i en varm dryck. Det \u00e4r den ultimata muggen f\u00f6r att g\u00f6ra din fika lite mer lekfull och nostalgisk. V\u00e4rmeaktiverad effekt: Motivet f\u00f6r\u00e4ndras vid kontakt med [&hellip;]","og_url":"https:\/\/animefigurer.se\/en\/figurer\/super-mario\/super-mario-heat-change-mug-group-325-ml\/","og_site_name":"Animefigurer.se","article_publisher":"https:\/\/www.facebook.com\/profile.php?id=61581826539670","article_modified_time":"2026-04-13T17:08:31+00:00","og_image":[{"width":1000,"height":1000,"url":"https:\/\/animefigurer.se\/wp-content\/uploads\/2026\/04\/x_str78740.jpg","type":"image\/jpeg"}],"twitter_card":"summary_large_image","twitter_misc":{"Estimated reading time":"1 minute"},"schema":{"@context":"https:\/\/schema.org","@graph":[{"@type":"WebPage","@id":"https:\/\/animefigurer.se\/figurer\/super-mario\/super-mario-heat-change-mug-group-325-ml\/","url":"https:\/\/animefigurer.se\/figurer\/super-mario\/super-mario-heat-change-mug-group-325-ml\/","name":"Super Mario Heat Change Mug Group 325 ml | Animefigurer.se","isPartOf":{"@id":"https:\/\/animefigurer.se\/#website"},"primaryImageOfPage":{"@id":"https:\/\/animefigurer.se\/figurer\/super-mario\/super-mario-heat-change-mug-group-325-ml\/#primaryimage"},"image":{"@id":"https:\/\/animefigurer.se\/figurer\/super-mario\/super-mario-heat-change-mug-group-325-ml\/#primaryimage"},"thumbnailUrl":"https:\/\/animefigurer.se\/wp-content\/uploads\/2026\/04\/x_str78740.jpg","datePublished":"2025-04-13T06:49:56+00:00","dateModified":"2026-04-13T17:08:31+00:00","breadcrumb":{"@id":"https:\/\/animefigurer.se\/figurer\/super-mario\/super-mario-heat-change-mug-group-325-ml\/#breadcrumb"},"inLanguage":"en-GB","potentialAction":[{"@type":"ReadAction","target":["https:\/\/animefigurer.se\/figurer\/super-mario\/super-mario-heat-change-mug-group-325-ml\/"]}]},{"@type":"ImageObject","inLanguage":"en-GB","@id":"https:\/\/animefigurer.se\/figurer\/super-mario\/super-mario-heat-change-mug-group-325-ml\/#primaryimage","url":"https:\/\/animefigurer.se\/wp-content\/uploads\/2026\/04\/x_str78740.jpg","contentUrl":"https:\/\/animefigurer.se\/wp-content\/uploads\/2026\/04\/x_str78740.jpg","width":1000,"height":1000},{"@type":"BreadcrumbList","@id":"https:\/\/animefigurer.se\/figurer\/super-mario\/super-mario-heat-change-mug-group-325-ml\/#breadcrumb","itemListElement":[{"@type":"ListItem","position":1,"name":"Home","item":"https:\/\/animefigurer.se\/"},{"@type":"ListItem","position":2,"name":"Butik","item":"https:\/\/animefigurer.se\/figurer\/"},{"@type":"ListItem","position":3,"name":"Super Mario Heat Change Mug Group 325 ml"}]},{"@type":"WebSite","@id":"https:\/\/animefigurer.se\/#website","url":"https:\/\/animefigurer.se\/","name":"Animefigurer.se","description":"Anime figures from over 300 different anime series with over 9000 products | Anime Shop","publisher":{"@id":"https:\/\/animefigurer.se\/#organization"},"potentialAction":[{"@type":"SearchAction","target":{"@type":"EntryPoint","urlTemplate":"https:\/\/animefigurer.se\/?s={search_term_string}"},"query-input":{"@type":"PropertyValueSpecification","valueRequired":true,"valueName":"search_term_string"}}],"inLanguage":"en-GB"},{"@type":"Organization","@id":"https:\/\/animefigurer.se\/#organization","name":"Animefigurer.se","alternateName":"Anime figurer | Anime shop","url":"https:\/\/animefigurer.se\/","logo":{"@type":"ImageObject","inLanguage":"en-GB","@id":"https:\/\/animefigurer.se\/#\/schema\/logo\/image\/","url":"https:\/\/animefigurer.se\/wp-content\/uploads\/2025\/12\/Animefigurer_logowhite.png","contentUrl":"https:\/\/animefigurer.se\/wp-content\/uploads\/2025\/12\/Animefigurer_logowhite.png","width":1890,"height":1417,"caption":"Animefigurer.se"},"image":{"@id":"https:\/\/animefigurer.se\/#\/schema\/logo\/image\/"},"sameAs":["https:\/\/www.facebook.com\/profile.php?id=61581826539670","https:\/\/www.instagram.com\/animefigurer.se\/"],"email":"info@animefigurer.se"}]}},"_links":{"self":[{"href":"https:\/\/animefigurer.se\/en\/wp-json\/wp\/v2\/product\/96531","targetHints":{"allow":["GET"]}}],"collection":[{"href":"https:\/\/animefigurer.se\/en\/wp-json\/wp\/v2\/product"}],"about":[{"href":"https:\/\/animefigurer.se\/en\/wp-json\/wp\/v2\/types\/product"}],"replies":[{"embeddable":true,"href":"https:\/\/animefigurer.se\/en\/wp-json\/wp\/v2\/comments?post=96531"}],"wp:featuredmedia":[{"embeddable":true,"href":"https:\/\/animefigurer.se\/en\/wp-json\/wp\/v2\/media\/96530"}],"wp:attachment":[{"href":"https:\/\/animefigurer.se\/en\/wp-json\/wp\/v2\/media?parent=96531"}],"wp:term":[{"taxonomy":"product_brand","embeddable":true,"href":"https:\/\/animefigurer.se\/en\/wp-json\/wp\/v2\/product_brand?post=96531"},{"taxonomy":"product_cat","embeddable":true,"href":"https:\/\/animefigurer.se\/en\/wp-json\/wp\/v2\/product_cat?post=96531"},{"taxonomy":"product_tag","embeddable":true,"href":"https:\/\/animefigurer.se\/en\/wp-json\/wp\/v2\/product_tag?post=96531"},{"taxonomy":"giftcard-category","embeddable":true,"href":"https:\/\/animefigurer.se\/en\/wp-json\/wp\/v2\/giftcard-category?post=96531"}],"curies":[{"name":"wp","href":"https:\/\/api.w.org\/{rel}","templated":true}]}}