{"id":96102,"date":"2026-04-11T16:55:20","date_gmt":"2026-04-11T14:55:20","guid":{"rendered":"https:\/\/animefigurer.se\/?post_type=product&#038;p=96102"},"modified":"2026-04-11T17:39:33","modified_gmt":"2026-04-11T15:39:33","slug":"tenitol-senki-zesshou-symphogear-chris-yukine-figure","status":"publish","type":"product","link":"https:\/\/animefigurer.se\/en\/figurer\/senki-zesshou-symphogear\/tenitol-senki-zesshou-symphogear-chris-yukine-figure\/","title":{"rendered":"TENITOL Senki Zesshou Symphogear Chris Yukine (Figure)"},"content":{"rendered":"<p>Fr\u00e5n den actionfyllda serien <em>Symphogear XV<\/em> kommer nu den kraftfulla <strong>Chris Yukine<\/strong> som en del av FuRyus prisv\u00e4rda och h\u00f6gkvalitativa figurserie <strong>TENITOL<\/strong>! Denna figur f\u00e5ngar Chris dynamiska energi och personlighet i en pose som str\u00e5lar av sj\u00e4lvf\u00f6rtroende.<\/p>\n<p><strong>Product features:<\/strong><\/p>\n<ul>\n<li><strong>Prisv\u00e4rd kvalitet:<\/strong> TENITOL-serien \u00e4r k\u00e4nd f\u00f6r att leverera detaljrika figurer till ett fantastiskt pris, vilket g\u00f6r den till ett utm\u00e4rkt val f\u00f6r b\u00e5de nya och erfarna samlare.<\/li>\n<li><strong>Dynamisk pose:<\/strong> Chris presenteras i en livlig pose som troget \u00e5terger hennes karakt\u00e4r fr\u00e5n animen, komplett med noggrant skulpterade detaljer i hennes outfit.<\/li>\n<li><strong>Material:<\/strong> Tillverkad av h\u00f6gkvalitativ plast med en finish som framh\u00e4ver de olika texturerna i hennes design.<\/li>\n<li><strong>Size:<\/strong> Figuren har en imponerande n\u00e4rvaro p\u00e5 hyllan och levereras med en dedikerad bas f\u00f6r stabil display.<\/li>\n<\/ul>\n<p>Ett absolut m\u00e5ste f\u00f6r alla <em>Symphogear<\/em>-fans! L\u00e4gg till Chris Yukine i din samling och l\u00e5t hennes stridsrop eka i din displayhylla.<\/p>","protected":false},"excerpt":{"rendered":"<p>Fr\u00e5n den actionfyllda serien Symphogear XV kommer nu den kraftfulla Chris Yukine som en del av FuRyus prisv\u00e4rda och h\u00f6gkvalitativa figurserie TENITOL! Denna figur f\u00e5ngar Chris dynamiska energi och personlighet i en pose som str\u00e5lar av sj\u00e4lvf\u00f6rtroende. Produktegenskaper: Prisv\u00e4rd kvalitet: TENITOL-serien \u00e4r k\u00e4nd f\u00f6r att leverera detaljrika figurer till ett fantastiskt pris, vilket g\u00f6r den [&hellip;]<\/p>\n","protected":false},"featured_media":96101,"comment_status":"closed","ping_status":"closed","template":"","meta":{"_acf_changed":false,"_monsterinsights_skip_tracking":false,"_monsterinsights_sitenote_active":false,"_monsterinsights_sitenote_note":"","_monsterinsights_sitenote_category":0},"product_brand":[6994],"product_cat":[4842],"product_tag":[26],"giftcard-category":[],"class_list":{"0":"post-96102","1":"product","2":"type-product","3":"status-publish","4":"has-post-thumbnail","6":"product_brand-furyu","7":"product_cat-senki-zesshou-symphogear","8":"product_tag-pre-order","9":"pa_franchise-senki-zesshou-symphogear","10":"pa_karaktar-chris-yukine","11":"pa_material-plastic","12":"pa_produktserie-tenitol","13":"pa_storlek-20-cm","15":"first","16":"instock","17":"taxable","18":"shipping-taxable","19":"purchasable","20":"product-type-simple"},"acf":[],"yoast_head":"<!-- This site is optimized with the Yoast SEO Premium plugin v24.6 (Yoast SEO v27.3) - https:\/\/yoast.com\/product\/yoast-seo-premium-wordpress\/ -->\n<title>TENITOL Senki Zesshou Symphogear Chris Yukine (Figure) | Animefigurer.se<\/title>\n<meta name=\"robots\" content=\"index, follow, max-snippet:-1, max-image-preview:large, max-video-preview:-1\" \/>\n<link rel=\"canonical\" href=\"https:\/\/animefigurer.se\/en\/figurer\/senki-zesshou-symphogear\/tenitol-senki-zesshou-symphogear-chris-yukine-figure\/\" \/>\n<meta property=\"og:locale\" content=\"en_GB\" \/>\n<meta property=\"og:type\" content=\"article\" \/>\n<meta property=\"og:title\" content=\"TENITOL Senki Zesshou Symphogear Chris Yukine (Figure)\" \/>\n<meta property=\"og:description\" content=\"Fr\u00e5n den actionfyllda serien Symphogear XV kommer nu den kraftfulla Chris Yukine som en del av FuRyus prisv\u00e4rda och h\u00f6gkvalitativa figurserie TENITOL! Denna figur f\u00e5ngar Chris dynamiska energi och personlighet i en pose som str\u00e5lar av sj\u00e4lvf\u00f6rtroende. Produktegenskaper: Prisv\u00e4rd kvalitet: TENITOL-serien \u00e4r k\u00e4nd f\u00f6r att leverera detaljrika figurer till ett fantastiskt pris, vilket g\u00f6r den [&hellip;]\" \/>\n<meta property=\"og:url\" content=\"https:\/\/animefigurer.se\/en\/figurer\/senki-zesshou-symphogear\/tenitol-senki-zesshou-symphogear-chris-yukine-figure\/\" \/>\n<meta property=\"og:site_name\" content=\"Animefigurer.se\" \/>\n<meta property=\"article:publisher\" content=\"https:\/\/www.facebook.com\/profile.php?id=61581826539670\" \/>\n<meta property=\"article:modified_time\" content=\"2026-04-11T15:39:33+00:00\" \/>\n<meta property=\"og:image\" content=\"https:\/\/animefigurer.se\/wp-content\/uploads\/2026\/04\/11369021a.jpg\" \/>\n\t<meta property=\"og:image:width\" content=\"900\" \/>\n\t<meta property=\"og:image:height\" content=\"1200\" \/>\n\t<meta property=\"og:image:type\" content=\"image\/jpeg\" \/>\n<meta name=\"twitter:card\" content=\"summary_large_image\" \/>\n<meta name=\"twitter:label1\" content=\"Estimated reading time\" \/>\n\t<meta name=\"twitter:data1\" content=\"1 minute\" \/>\n<script type=\"application\/ld+json\" class=\"yoast-schema-graph\">{\"@context\":\"https:\\\/\\\/schema.org\",\"@graph\":[{\"@type\":\"WebPage\",\"@id\":\"https:\\\/\\\/animefigurer.se\\\/figurer\\\/senki-zesshou-symphogear\\\/tenitol-senki-zesshou-symphogear-chris-yukine-figure\\\/\",\"url\":\"https:\\\/\\\/animefigurer.se\\\/figurer\\\/senki-zesshou-symphogear\\\/tenitol-senki-zesshou-symphogear-chris-yukine-figure\\\/\",\"name\":\"TENITOL Senki Zesshou Symphogear Chris Yukine (Figure) | Animefigurer.se\",\"isPartOf\":{\"@id\":\"https:\\\/\\\/animefigurer.se\\\/#website\"},\"primaryImageOfPage\":{\"@id\":\"https:\\\/\\\/animefigurer.se\\\/figurer\\\/senki-zesshou-symphogear\\\/tenitol-senki-zesshou-symphogear-chris-yukine-figure\\\/#primaryimage\"},\"image\":{\"@id\":\"https:\\\/\\\/animefigurer.se\\\/figurer\\\/senki-zesshou-symphogear\\\/tenitol-senki-zesshou-symphogear-chris-yukine-figure\\\/#primaryimage\"},\"thumbnailUrl\":\"https:\\\/\\\/animefigurer.se\\\/wp-content\\\/uploads\\\/2026\\\/04\\\/11369021a.jpg\",\"datePublished\":\"2026-04-11T14:55:20+00:00\",\"dateModified\":\"2026-04-11T15:39:33+00:00\",\"breadcrumb\":{\"@id\":\"https:\\\/\\\/animefigurer.se\\\/figurer\\\/senki-zesshou-symphogear\\\/tenitol-senki-zesshou-symphogear-chris-yukine-figure\\\/#breadcrumb\"},\"inLanguage\":\"en-GB\",\"potentialAction\":[{\"@type\":\"ReadAction\",\"target\":[\"https:\\\/\\\/animefigurer.se\\\/figurer\\\/senki-zesshou-symphogear\\\/tenitol-senki-zesshou-symphogear-chris-yukine-figure\\\/\"]}]},{\"@type\":\"ImageObject\",\"inLanguage\":\"en-GB\",\"@id\":\"https:\\\/\\\/animefigurer.se\\\/figurer\\\/senki-zesshou-symphogear\\\/tenitol-senki-zesshou-symphogear-chris-yukine-figure\\\/#primaryimage\",\"url\":\"https:\\\/\\\/animefigurer.se\\\/wp-content\\\/uploads\\\/2026\\\/04\\\/11369021a.jpg\",\"contentUrl\":\"https:\\\/\\\/animefigurer.se\\\/wp-content\\\/uploads\\\/2026\\\/04\\\/11369021a.jpg\",\"width\":900,\"height\":1200},{\"@type\":\"BreadcrumbList\",\"@id\":\"https:\\\/\\\/animefigurer.se\\\/figurer\\\/senki-zesshou-symphogear\\\/tenitol-senki-zesshou-symphogear-chris-yukine-figure\\\/#breadcrumb\",\"itemListElement\":[{\"@type\":\"ListItem\",\"position\":1,\"name\":\"Home\",\"item\":\"https:\\\/\\\/animefigurer.se\\\/\"},{\"@type\":\"ListItem\",\"position\":2,\"name\":\"Butik\",\"item\":\"https:\\\/\\\/animefigurer.se\\\/figurer\\\/\"},{\"@type\":\"ListItem\",\"position\":3,\"name\":\"TENITOL Senki Zesshou Symphogear Chris Yukine (Figure)\"}]},{\"@type\":\"WebSite\",\"@id\":\"https:\\\/\\\/animefigurer.se\\\/#website\",\"url\":\"https:\\\/\\\/animefigurer.se\\\/\",\"name\":\"Animefigurer.se\",\"description\":\"Anime figurer fr\u00e5n \u00f6ver 300 olika anime serier med \u00f6ver 9000 produkter | Anime Shop\",\"publisher\":{\"@id\":\"https:\\\/\\\/animefigurer.se\\\/#organization\"},\"potentialAction\":[{\"@type\":\"SearchAction\",\"target\":{\"@type\":\"EntryPoint\",\"urlTemplate\":\"https:\\\/\\\/animefigurer.se\\\/?s={search_term_string}\"},\"query-input\":{\"@type\":\"PropertyValueSpecification\",\"valueRequired\":true,\"valueName\":\"search_term_string\"}}],\"inLanguage\":\"en-GB\"},{\"@type\":\"Organization\",\"@id\":\"https:\\\/\\\/animefigurer.se\\\/#organization\",\"name\":\"Animefigurer.se\",\"alternateName\":\"Anime figurer | Anime shop\",\"url\":\"https:\\\/\\\/animefigurer.se\\\/\",\"logo\":{\"@type\":\"ImageObject\",\"inLanguage\":\"en-GB\",\"@id\":\"https:\\\/\\\/animefigurer.se\\\/#\\\/schema\\\/logo\\\/image\\\/\",\"url\":\"https:\\\/\\\/animefigurer.se\\\/wp-content\\\/uploads\\\/2025\\\/12\\\/Animefigurer_logowhite.png\",\"contentUrl\":\"https:\\\/\\\/animefigurer.se\\\/wp-content\\\/uploads\\\/2025\\\/12\\\/Animefigurer_logowhite.png\",\"width\":1890,\"height\":1417,\"caption\":\"Animefigurer.se\"},\"image\":{\"@id\":\"https:\\\/\\\/animefigurer.se\\\/#\\\/schema\\\/logo\\\/image\\\/\"},\"sameAs\":[\"https:\\\/\\\/www.facebook.com\\\/profile.php?id=61581826539670\",\"https:\\\/\\\/www.instagram.com\\\/animefigurer.se\\\/\"],\"email\":\"info@animefigurer.se\"}]}<\/script>\n<!-- \/ Yoast SEO Premium plugin. -->","yoast_head_json":{"title":"TENITOL Senki Zesshou Symphogear Chris Yukine (Figure) | Animefigurer.se","robots":{"index":"index","follow":"follow","max-snippet":"max-snippet:-1","max-image-preview":"max-image-preview:large","max-video-preview":"max-video-preview:-1"},"canonical":"https:\/\/animefigurer.se\/en\/figurer\/senki-zesshou-symphogear\/tenitol-senki-zesshou-symphogear-chris-yukine-figure\/","og_locale":"en_GB","og_type":"article","og_title":"TENITOL Senki Zesshou Symphogear Chris Yukine (Figure)","og_description":"Fr\u00e5n den actionfyllda serien Symphogear XV kommer nu den kraftfulla Chris Yukine som en del av FuRyus prisv\u00e4rda och h\u00f6gkvalitativa figurserie TENITOL! Denna figur f\u00e5ngar Chris dynamiska energi och personlighet i en pose som str\u00e5lar av sj\u00e4lvf\u00f6rtroende. Produktegenskaper: Prisv\u00e4rd kvalitet: TENITOL-serien \u00e4r k\u00e4nd f\u00f6r att leverera detaljrika figurer till ett fantastiskt pris, vilket g\u00f6r den [&hellip;]","og_url":"https:\/\/animefigurer.se\/en\/figurer\/senki-zesshou-symphogear\/tenitol-senki-zesshou-symphogear-chris-yukine-figure\/","og_site_name":"Animefigurer.se","article_publisher":"https:\/\/www.facebook.com\/profile.php?id=61581826539670","article_modified_time":"2026-04-11T15:39:33+00:00","og_image":[{"width":900,"height":1200,"url":"https:\/\/animefigurer.se\/wp-content\/uploads\/2026\/04\/11369021a.jpg","type":"image\/jpeg"}],"twitter_card":"summary_large_image","twitter_misc":{"Estimated reading time":"1 minute"},"schema":{"@context":"https:\/\/schema.org","@graph":[{"@type":"WebPage","@id":"https:\/\/animefigurer.se\/figurer\/senki-zesshou-symphogear\/tenitol-senki-zesshou-symphogear-chris-yukine-figure\/","url":"https:\/\/animefigurer.se\/figurer\/senki-zesshou-symphogear\/tenitol-senki-zesshou-symphogear-chris-yukine-figure\/","name":"TENITOL Senki Zesshou Symphogear Chris Yukine (Figure) | Animefigurer.se","isPartOf":{"@id":"https:\/\/animefigurer.se\/#website"},"primaryImageOfPage":{"@id":"https:\/\/animefigurer.se\/figurer\/senki-zesshou-symphogear\/tenitol-senki-zesshou-symphogear-chris-yukine-figure\/#primaryimage"},"image":{"@id":"https:\/\/animefigurer.se\/figurer\/senki-zesshou-symphogear\/tenitol-senki-zesshou-symphogear-chris-yukine-figure\/#primaryimage"},"thumbnailUrl":"https:\/\/animefigurer.se\/wp-content\/uploads\/2026\/04\/11369021a.jpg","datePublished":"2026-04-11T14:55:20+00:00","dateModified":"2026-04-11T15:39:33+00:00","breadcrumb":{"@id":"https:\/\/animefigurer.se\/figurer\/senki-zesshou-symphogear\/tenitol-senki-zesshou-symphogear-chris-yukine-figure\/#breadcrumb"},"inLanguage":"en-GB","potentialAction":[{"@type":"ReadAction","target":["https:\/\/animefigurer.se\/figurer\/senki-zesshou-symphogear\/tenitol-senki-zesshou-symphogear-chris-yukine-figure\/"]}]},{"@type":"ImageObject","inLanguage":"en-GB","@id":"https:\/\/animefigurer.se\/figurer\/senki-zesshou-symphogear\/tenitol-senki-zesshou-symphogear-chris-yukine-figure\/#primaryimage","url":"https:\/\/animefigurer.se\/wp-content\/uploads\/2026\/04\/11369021a.jpg","contentUrl":"https:\/\/animefigurer.se\/wp-content\/uploads\/2026\/04\/11369021a.jpg","width":900,"height":1200},{"@type":"BreadcrumbList","@id":"https:\/\/animefigurer.se\/figurer\/senki-zesshou-symphogear\/tenitol-senki-zesshou-symphogear-chris-yukine-figure\/#breadcrumb","itemListElement":[{"@type":"ListItem","position":1,"name":"Home","item":"https:\/\/animefigurer.se\/"},{"@type":"ListItem","position":2,"name":"Butik","item":"https:\/\/animefigurer.se\/figurer\/"},{"@type":"ListItem","position":3,"name":"TENITOL Senki Zesshou Symphogear Chris Yukine (Figure)"}]},{"@type":"WebSite","@id":"https:\/\/animefigurer.se\/#website","url":"https:\/\/animefigurer.se\/","name":"Animefigurer.se","description":"Anime figures from over 300 different anime series with over 9000 products | Anime Shop","publisher":{"@id":"https:\/\/animefigurer.se\/#organization"},"potentialAction":[{"@type":"SearchAction","target":{"@type":"EntryPoint","urlTemplate":"https:\/\/animefigurer.se\/?s={search_term_string}"},"query-input":{"@type":"PropertyValueSpecification","valueRequired":true,"valueName":"search_term_string"}}],"inLanguage":"en-GB"},{"@type":"Organization","@id":"https:\/\/animefigurer.se\/#organization","name":"Animefigurer.se","alternateName":"Anime figurer | Anime shop","url":"https:\/\/animefigurer.se\/","logo":{"@type":"ImageObject","inLanguage":"en-GB","@id":"https:\/\/animefigurer.se\/#\/schema\/logo\/image\/","url":"https:\/\/animefigurer.se\/wp-content\/uploads\/2025\/12\/Animefigurer_logowhite.png","contentUrl":"https:\/\/animefigurer.se\/wp-content\/uploads\/2025\/12\/Animefigurer_logowhite.png","width":1890,"height":1417,"caption":"Animefigurer.se"},"image":{"@id":"https:\/\/animefigurer.se\/#\/schema\/logo\/image\/"},"sameAs":["https:\/\/www.facebook.com\/profile.php?id=61581826539670","https:\/\/www.instagram.com\/animefigurer.se\/"],"email":"info@animefigurer.se"}]}},"_links":{"self":[{"href":"https:\/\/animefigurer.se\/en\/wp-json\/wp\/v2\/product\/96102","targetHints":{"allow":["GET"]}}],"collection":[{"href":"https:\/\/animefigurer.se\/en\/wp-json\/wp\/v2\/product"}],"about":[{"href":"https:\/\/animefigurer.se\/en\/wp-json\/wp\/v2\/types\/product"}],"replies":[{"embeddable":true,"href":"https:\/\/animefigurer.se\/en\/wp-json\/wp\/v2\/comments?post=96102"}],"wp:featuredmedia":[{"embeddable":true,"href":"https:\/\/animefigurer.se\/en\/wp-json\/wp\/v2\/media\/96101"}],"wp:attachment":[{"href":"https:\/\/animefigurer.se\/en\/wp-json\/wp\/v2\/media?parent=96102"}],"wp:term":[{"taxonomy":"product_brand","embeddable":true,"href":"https:\/\/animefigurer.se\/en\/wp-json\/wp\/v2\/product_brand?post=96102"},{"taxonomy":"product_cat","embeddable":true,"href":"https:\/\/animefigurer.se\/en\/wp-json\/wp\/v2\/product_cat?post=96102"},{"taxonomy":"product_tag","embeddable":true,"href":"https:\/\/animefigurer.se\/en\/wp-json\/wp\/v2\/product_tag?post=96102"},{"taxonomy":"giftcard-category","embeddable":true,"href":"https:\/\/animefigurer.se\/en\/wp-json\/wp\/v2\/giftcard-category?post=96102"}],"curies":[{"name":"wp","href":"https:\/\/api.w.org\/{rel}","templated":true}]}}