{"id":95583,"date":"2026-04-10T10:08:01","date_gmt":"2026-04-10T08:08:01","guid":{"rendered":"https:\/\/animefigurer.se\/?post_type=product&#038;p=95583"},"modified":"2026-04-10T13:15:49","modified_gmt":"2026-04-10T11:15:49","slug":"frieren-beyond-journeys-end-frieren-another-type-frieren-ichibansho-figure-20cm","status":"publish","type":"product","link":"https:\/\/animefigurer.se\/en\/figurer\/frieren-beyond-journeys-end\/frieren-beyond-journeys-end-frieren-another-type-frieren-ichibansho-figure-20cm\/","title":{"rendered":"The Suitor Beyond Journeys End The Suitor Another Type The Suitor Ichibansho figure 20cm"},"content":{"rendered":"<p>Experience the magic of <em>The Suitor: Beyond Journey&#039;s End<\/em> with this beautiful <strong>The suitor figure<\/strong> (Another Type) from Ichibansho. Standing at 20 cm tall, the elven mage&#039;s elegant and thoughtful nature is perfectly captured. The detailed clothing and her iconic staff make this figure a timeless addition for anyone who has been touched by her journey.<\/p>","protected":false},"excerpt":{"rendered":"<p>Upplev magin fr\u00e5n Frieren: Beyond Journey&#8217;s End med denna vackra Frieren-figur (Another Type) fr\u00e5n Ichibansho. Med en h\u00f6jd p\u00e5 20 cm \u00e5terges alvmagikerns eleganta och eftert\u00e4nksamma natur perfekt. De detaljerade kl\u00e4derna och hennes ikoniska stav g\u00f6r denna figur till ett tidl\u00f6st tillskott f\u00f6r alla som har ber\u00f6rts av hennes resa.<\/p>","protected":false},"featured_media":95582,"comment_status":"closed","ping_status":"closed","template":"","meta":{"_acf_changed":false,"_monsterinsights_skip_tracking":false,"_monsterinsights_sitenote_active":false,"_monsterinsights_sitenote_note":"","_monsterinsights_sitenote_category":0},"product_brand":[6928],"product_cat":[2362],"product_tag":[26],"giftcard-category":[],"class_list":{"0":"post-95583","1":"product","2":"type-product","3":"status-publish","4":"has-post-thumbnail","6":"product_brand-banpresto","7":"product_cat-frieren-beyond-journeys-end","8":"product_tag-pre-order","9":"pa_franchise-frieren-beyond-journeys-end","10":"pa_karaktar-frieren","11":"pa_material-pvc","12":"pa_produktserie-ichibansho","13":"pa_storlek-20-cm","15":"first","16":"instock","17":"taxable","18":"shipping-taxable","19":"purchasable","20":"product-type-simple"},"acf":[],"yoast_head":"<!-- This site is optimized with the Yoast SEO Premium plugin v24.6 (Yoast SEO v27.3) - https:\/\/yoast.com\/product\/yoast-seo-premium-wordpress\/ -->\n<title>Frieren Beyond Journeys End Frieren Another Type Frieren Ichibansho figure 20cm | Animefigurer.se<\/title>\n<meta name=\"robots\" content=\"index, follow, max-snippet:-1, max-image-preview:large, max-video-preview:-1\" \/>\n<link rel=\"canonical\" href=\"https:\/\/animefigurer.se\/en\/figurer\/frieren-beyond-journeys-end\/frieren-beyond-journeys-end-frieren-another-type-frieren-ichibansho-figure-20cm\/\" \/>\n<meta property=\"og:locale\" content=\"en_GB\" \/>\n<meta property=\"og:type\" content=\"article\" \/>\n<meta property=\"og:title\" content=\"Frieren Beyond Journeys End Frieren Another Type Frieren Ichibansho figure 20cm\" \/>\n<meta property=\"og:description\" content=\"Upplev magin fr\u00e5n Frieren: Beyond Journey&#8217;s End med denna vackra Frieren-figur (Another Type) fr\u00e5n Ichibansho. Med en h\u00f6jd p\u00e5 20 cm \u00e5terges alvmagikerns eleganta och eftert\u00e4nksamma natur perfekt. De detaljerade kl\u00e4derna och hennes ikoniska stav g\u00f6r denna figur till ett tidl\u00f6st tillskott f\u00f6r alla som har ber\u00f6rts av hennes resa.\" \/>\n<meta property=\"og:url\" content=\"https:\/\/animefigurer.se\/en\/figurer\/frieren-beyond-journeys-end\/frieren-beyond-journeys-end-frieren-another-type-frieren-ichibansho-figure-20cm\/\" \/>\n<meta property=\"og:site_name\" content=\"Animefigurer.se\" \/>\n<meta property=\"article:publisher\" content=\"https:\/\/www.facebook.com\/profile.php?id=61581826539670\" \/>\n<meta property=\"article:modified_time\" content=\"2026-04-10T11:15:49+00:00\" \/>\n<meta property=\"og:image\" content=\"https:\/\/animefigurer.se\/wp-content\/uploads\/2026\/04\/img_438004_88c8369cc691c7faf4b50c49da3d636e_1.jpg\" \/>\n\t<meta property=\"og:image:width\" content=\"1000\" \/>\n\t<meta property=\"og:image:height\" content=\"1000\" \/>\n\t<meta property=\"og:image:type\" content=\"image\/jpeg\" \/>\n<meta name=\"twitter:card\" content=\"summary_large_image\" \/>\n<meta name=\"twitter:label1\" content=\"Estimated reading time\" \/>\n\t<meta name=\"twitter:data1\" content=\"1 minute\" \/>\n<script type=\"application\/ld+json\" class=\"yoast-schema-graph\">{\"@context\":\"https:\\\/\\\/schema.org\",\"@graph\":[{\"@type\":\"WebPage\",\"@id\":\"https:\\\/\\\/animefigurer.se\\\/figurer\\\/frieren-beyond-journeys-end\\\/frieren-beyond-journeys-end-frieren-another-type-frieren-ichibansho-figure-20cm\\\/\",\"url\":\"https:\\\/\\\/animefigurer.se\\\/figurer\\\/frieren-beyond-journeys-end\\\/frieren-beyond-journeys-end-frieren-another-type-frieren-ichibansho-figure-20cm\\\/\",\"name\":\"Frieren Beyond Journeys End Frieren Another Type Frieren Ichibansho figure 20cm | Animefigurer.se\",\"isPartOf\":{\"@id\":\"https:\\\/\\\/animefigurer.se\\\/#website\"},\"primaryImageOfPage\":{\"@id\":\"https:\\\/\\\/animefigurer.se\\\/figurer\\\/frieren-beyond-journeys-end\\\/frieren-beyond-journeys-end-frieren-another-type-frieren-ichibansho-figure-20cm\\\/#primaryimage\"},\"image\":{\"@id\":\"https:\\\/\\\/animefigurer.se\\\/figurer\\\/frieren-beyond-journeys-end\\\/frieren-beyond-journeys-end-frieren-another-type-frieren-ichibansho-figure-20cm\\\/#primaryimage\"},\"thumbnailUrl\":\"https:\\\/\\\/animefigurer.se\\\/wp-content\\\/uploads\\\/2026\\\/04\\\/img_438004_88c8369cc691c7faf4b50c49da3d636e_1.jpg\",\"datePublished\":\"2026-04-10T08:08:01+00:00\",\"dateModified\":\"2026-04-10T11:15:49+00:00\",\"breadcrumb\":{\"@id\":\"https:\\\/\\\/animefigurer.se\\\/figurer\\\/frieren-beyond-journeys-end\\\/frieren-beyond-journeys-end-frieren-another-type-frieren-ichibansho-figure-20cm\\\/#breadcrumb\"},\"inLanguage\":\"en-GB\",\"potentialAction\":[{\"@type\":\"ReadAction\",\"target\":[\"https:\\\/\\\/animefigurer.se\\\/figurer\\\/frieren-beyond-journeys-end\\\/frieren-beyond-journeys-end-frieren-another-type-frieren-ichibansho-figure-20cm\\\/\"]}]},{\"@type\":\"ImageObject\",\"inLanguage\":\"en-GB\",\"@id\":\"https:\\\/\\\/animefigurer.se\\\/figurer\\\/frieren-beyond-journeys-end\\\/frieren-beyond-journeys-end-frieren-another-type-frieren-ichibansho-figure-20cm\\\/#primaryimage\",\"url\":\"https:\\\/\\\/animefigurer.se\\\/wp-content\\\/uploads\\\/2026\\\/04\\\/img_438004_88c8369cc691c7faf4b50c49da3d636e_1.jpg\",\"contentUrl\":\"https:\\\/\\\/animefigurer.se\\\/wp-content\\\/uploads\\\/2026\\\/04\\\/img_438004_88c8369cc691c7faf4b50c49da3d636e_1.jpg\",\"width\":1000,\"height\":1000},{\"@type\":\"BreadcrumbList\",\"@id\":\"https:\\\/\\\/animefigurer.se\\\/figurer\\\/frieren-beyond-journeys-end\\\/frieren-beyond-journeys-end-frieren-another-type-frieren-ichibansho-figure-20cm\\\/#breadcrumb\",\"itemListElement\":[{\"@type\":\"ListItem\",\"position\":1,\"name\":\"Home\",\"item\":\"https:\\\/\\\/animefigurer.se\\\/\"},{\"@type\":\"ListItem\",\"position\":2,\"name\":\"Butik\",\"item\":\"https:\\\/\\\/animefigurer.se\\\/figurer\\\/\"},{\"@type\":\"ListItem\",\"position\":3,\"name\":\"Frieren Beyond Journeys End Frieren Another Type Frieren Ichibansho figure 20cm\"}]},{\"@type\":\"WebSite\",\"@id\":\"https:\\\/\\\/animefigurer.se\\\/#website\",\"url\":\"https:\\\/\\\/animefigurer.se\\\/\",\"name\":\"Animefigurer.se\",\"description\":\"Anime figurer fr\u00e5n \u00f6ver 300 olika anime serier med \u00f6ver 9000 produkter | Anime Shop\",\"publisher\":{\"@id\":\"https:\\\/\\\/animefigurer.se\\\/#organization\"},\"potentialAction\":[{\"@type\":\"SearchAction\",\"target\":{\"@type\":\"EntryPoint\",\"urlTemplate\":\"https:\\\/\\\/animefigurer.se\\\/?s={search_term_string}\"},\"query-input\":{\"@type\":\"PropertyValueSpecification\",\"valueRequired\":true,\"valueName\":\"search_term_string\"}}],\"inLanguage\":\"en-GB\"},{\"@type\":\"Organization\",\"@id\":\"https:\\\/\\\/animefigurer.se\\\/#organization\",\"name\":\"Animefigurer.se\",\"alternateName\":\"Anime figurer | Anime shop\",\"url\":\"https:\\\/\\\/animefigurer.se\\\/\",\"logo\":{\"@type\":\"ImageObject\",\"inLanguage\":\"en-GB\",\"@id\":\"https:\\\/\\\/animefigurer.se\\\/#\\\/schema\\\/logo\\\/image\\\/\",\"url\":\"https:\\\/\\\/animefigurer.se\\\/wp-content\\\/uploads\\\/2025\\\/12\\\/Animefigurer_logowhite.png\",\"contentUrl\":\"https:\\\/\\\/animefigurer.se\\\/wp-content\\\/uploads\\\/2025\\\/12\\\/Animefigurer_logowhite.png\",\"width\":1890,\"height\":1417,\"caption\":\"Animefigurer.se\"},\"image\":{\"@id\":\"https:\\\/\\\/animefigurer.se\\\/#\\\/schema\\\/logo\\\/image\\\/\"},\"sameAs\":[\"https:\\\/\\\/www.facebook.com\\\/profile.php?id=61581826539670\",\"https:\\\/\\\/www.instagram.com\\\/animefigurer.se\\\/\"],\"email\":\"info@animefigurer.se\"}]}<\/script>\n<!-- \/ Yoast SEO Premium plugin. -->","yoast_head_json":{"title":"Frieren Beyond Journeys End Frieren Another Type Frieren Ichibansho figure 20cm | Animefigurer.se","robots":{"index":"index","follow":"follow","max-snippet":"max-snippet:-1","max-image-preview":"max-image-preview:large","max-video-preview":"max-video-preview:-1"},"canonical":"https:\/\/animefigurer.se\/en\/figurer\/frieren-beyond-journeys-end\/frieren-beyond-journeys-end-frieren-another-type-frieren-ichibansho-figure-20cm\/","og_locale":"en_GB","og_type":"article","og_title":"Frieren Beyond Journeys End Frieren Another Type Frieren Ichibansho figure 20cm","og_description":"Upplev magin fr\u00e5n Frieren: Beyond Journey&#8217;s End med denna vackra Frieren-figur (Another Type) fr\u00e5n Ichibansho. Med en h\u00f6jd p\u00e5 20 cm \u00e5terges alvmagikerns eleganta och eftert\u00e4nksamma natur perfekt. De detaljerade kl\u00e4derna och hennes ikoniska stav g\u00f6r denna figur till ett tidl\u00f6st tillskott f\u00f6r alla som har ber\u00f6rts av hennes resa.","og_url":"https:\/\/animefigurer.se\/en\/figurer\/frieren-beyond-journeys-end\/frieren-beyond-journeys-end-frieren-another-type-frieren-ichibansho-figure-20cm\/","og_site_name":"Animefigurer.se","article_publisher":"https:\/\/www.facebook.com\/profile.php?id=61581826539670","article_modified_time":"2026-04-10T11:15:49+00:00","og_image":[{"width":1000,"height":1000,"url":"https:\/\/animefigurer.se\/wp-content\/uploads\/2026\/04\/img_438004_88c8369cc691c7faf4b50c49da3d636e_1.jpg","type":"image\/jpeg"}],"twitter_card":"summary_large_image","twitter_misc":{"Estimated reading time":"1 minute"},"schema":{"@context":"https:\/\/schema.org","@graph":[{"@type":"WebPage","@id":"https:\/\/animefigurer.se\/figurer\/frieren-beyond-journeys-end\/frieren-beyond-journeys-end-frieren-another-type-frieren-ichibansho-figure-20cm\/","url":"https:\/\/animefigurer.se\/figurer\/frieren-beyond-journeys-end\/frieren-beyond-journeys-end-frieren-another-type-frieren-ichibansho-figure-20cm\/","name":"Frieren Beyond Journeys End Frieren Another Type Frieren Ichibansho figure 20cm | Animefigurer.se","isPartOf":{"@id":"https:\/\/animefigurer.se\/#website"},"primaryImageOfPage":{"@id":"https:\/\/animefigurer.se\/figurer\/frieren-beyond-journeys-end\/frieren-beyond-journeys-end-frieren-another-type-frieren-ichibansho-figure-20cm\/#primaryimage"},"image":{"@id":"https:\/\/animefigurer.se\/figurer\/frieren-beyond-journeys-end\/frieren-beyond-journeys-end-frieren-another-type-frieren-ichibansho-figure-20cm\/#primaryimage"},"thumbnailUrl":"https:\/\/animefigurer.se\/wp-content\/uploads\/2026\/04\/img_438004_88c8369cc691c7faf4b50c49da3d636e_1.jpg","datePublished":"2026-04-10T08:08:01+00:00","dateModified":"2026-04-10T11:15:49+00:00","breadcrumb":{"@id":"https:\/\/animefigurer.se\/figurer\/frieren-beyond-journeys-end\/frieren-beyond-journeys-end-frieren-another-type-frieren-ichibansho-figure-20cm\/#breadcrumb"},"inLanguage":"en-GB","potentialAction":[{"@type":"ReadAction","target":["https:\/\/animefigurer.se\/figurer\/frieren-beyond-journeys-end\/frieren-beyond-journeys-end-frieren-another-type-frieren-ichibansho-figure-20cm\/"]}]},{"@type":"ImageObject","inLanguage":"en-GB","@id":"https:\/\/animefigurer.se\/figurer\/frieren-beyond-journeys-end\/frieren-beyond-journeys-end-frieren-another-type-frieren-ichibansho-figure-20cm\/#primaryimage","url":"https:\/\/animefigurer.se\/wp-content\/uploads\/2026\/04\/img_438004_88c8369cc691c7faf4b50c49da3d636e_1.jpg","contentUrl":"https:\/\/animefigurer.se\/wp-content\/uploads\/2026\/04\/img_438004_88c8369cc691c7faf4b50c49da3d636e_1.jpg","width":1000,"height":1000},{"@type":"BreadcrumbList","@id":"https:\/\/animefigurer.se\/figurer\/frieren-beyond-journeys-end\/frieren-beyond-journeys-end-frieren-another-type-frieren-ichibansho-figure-20cm\/#breadcrumb","itemListElement":[{"@type":"ListItem","position":1,"name":"Home","item":"https:\/\/animefigurer.se\/"},{"@type":"ListItem","position":2,"name":"Butik","item":"https:\/\/animefigurer.se\/figurer\/"},{"@type":"ListItem","position":3,"name":"Frieren Beyond Journeys End Frieren Another Type Frieren Ichibansho figure 20cm"}]},{"@type":"WebSite","@id":"https:\/\/animefigurer.se\/#website","url":"https:\/\/animefigurer.se\/","name":"Animefigurer.se","description":"Anime figures from over 300 different anime series with over 9000 products | Anime Shop","publisher":{"@id":"https:\/\/animefigurer.se\/#organization"},"potentialAction":[{"@type":"SearchAction","target":{"@type":"EntryPoint","urlTemplate":"https:\/\/animefigurer.se\/?s={search_term_string}"},"query-input":{"@type":"PropertyValueSpecification","valueRequired":true,"valueName":"search_term_string"}}],"inLanguage":"en-GB"},{"@type":"Organization","@id":"https:\/\/animefigurer.se\/#organization","name":"Animefigurer.se","alternateName":"Anime figurer | Anime shop","url":"https:\/\/animefigurer.se\/","logo":{"@type":"ImageObject","inLanguage":"en-GB","@id":"https:\/\/animefigurer.se\/#\/schema\/logo\/image\/","url":"https:\/\/animefigurer.se\/wp-content\/uploads\/2025\/12\/Animefigurer_logowhite.png","contentUrl":"https:\/\/animefigurer.se\/wp-content\/uploads\/2025\/12\/Animefigurer_logowhite.png","width":1890,"height":1417,"caption":"Animefigurer.se"},"image":{"@id":"https:\/\/animefigurer.se\/#\/schema\/logo\/image\/"},"sameAs":["https:\/\/www.facebook.com\/profile.php?id=61581826539670","https:\/\/www.instagram.com\/animefigurer.se\/"],"email":"info@animefigurer.se"}]}},"_links":{"self":[{"href":"https:\/\/animefigurer.se\/en\/wp-json\/wp\/v2\/product\/95583","targetHints":{"allow":["GET"]}}],"collection":[{"href":"https:\/\/animefigurer.se\/en\/wp-json\/wp\/v2\/product"}],"about":[{"href":"https:\/\/animefigurer.se\/en\/wp-json\/wp\/v2\/types\/product"}],"replies":[{"embeddable":true,"href":"https:\/\/animefigurer.se\/en\/wp-json\/wp\/v2\/comments?post=95583"}],"wp:featuredmedia":[{"embeddable":true,"href":"https:\/\/animefigurer.se\/en\/wp-json\/wp\/v2\/media\/95582"}],"wp:attachment":[{"href":"https:\/\/animefigurer.se\/en\/wp-json\/wp\/v2\/media?parent=95583"}],"wp:term":[{"taxonomy":"product_brand","embeddable":true,"href":"https:\/\/animefigurer.se\/en\/wp-json\/wp\/v2\/product_brand?post=95583"},{"taxonomy":"product_cat","embeddable":true,"href":"https:\/\/animefigurer.se\/en\/wp-json\/wp\/v2\/product_cat?post=95583"},{"taxonomy":"product_tag","embeddable":true,"href":"https:\/\/animefigurer.se\/en\/wp-json\/wp\/v2\/product_tag?post=95583"},{"taxonomy":"giftcard-category","embeddable":true,"href":"https:\/\/animefigurer.se\/en\/wp-json\/wp\/v2\/giftcard-category?post=95583"}],"curies":[{"name":"wp","href":"https:\/\/api.w.org\/{rel}","templated":true}]}}