{"id":95423,"date":"2026-04-07T15:16:00","date_gmt":"2026-04-07T13:16:00","guid":{"rendered":"https:\/\/animefigurer.se\/?post_type=product&#038;p=95423"},"modified":"2026-04-08T13:33:02","modified_gmt":"2026-04-08T11:33:02","slug":"my-hero-academia-a-story-of-reaching-out-forever-extra-armored-all-might-figure-28cm","status":"publish","type":"product","link":"https:\/\/animefigurer.se\/en\/figurer\/my-hero-academia-figurer-hero-samlarfigurer\/my-hero-academia-a-story-of-reaching-out-forever-extra-armored-all-might-figure-28cm\/","title":{"rendered":"My Hero Academia A Story of Reaching Out Forever Extra Armored All Might figure 28cm"},"content":{"rendered":"<p data-path-to-node=\"2\">Experience the ultimate power of the &quot;Symbol of Peace&quot; with this huge All Might figure from Banpresto&#039;s &quot;A Story of Reaching Out Forever&quot; series! With an impressive height of <b data-path-to-node=\"2\" data-index-in-node=\"167\">28 cm<\/b> This is one of the most magnificent figures in the collection. It depicts All Might in his <b data-path-to-node=\"2\" data-index-in-node=\"262\">Extra Armored costume<\/b>, a heavily armored version that exudes both strength and unwavering determination in the fight against evil.<\/p>\n<p data-path-to-node=\"3\">The figure is masterfully detailed, from the armor&#039;s mechanical parts and metallic finish to the iconic, confident smile that inspired a generation of heroes. The massive scale and dynamic pose make it a sure-fire eye-catcher that will dominate any collector&#039;s shelf. This is an absolute must-have for any devoted fan. <i data-path-to-node=\"3\" data-index-in-node=\"324\">My Hero Academia<\/i>fans who want to own a statue that truly encapsulates All Might&#039;s legendary legacy and his motto &quot;I am here!&quot;.<\/p>","protected":false},"excerpt":{"rendered":"<p>Upplev den ultimata kraften hos &#8221;Symbol of Peace&#8221; med denna enorma All Might-figur fr\u00e5n Banprestos serie &#8221;A Story of Reaching Out Forever&#8221;! Med en imponerande h\u00f6jd p\u00e5 28 cm \u00e4r detta en av de mest storslagna figurerna i samlingen. Den f\u00f6rest\u00e4ller All Might i sin Extra Armored-dr\u00e4kt, en tungt bepansrad version som utstr\u00e5lar b\u00e5de styrka [&hellip;]<\/p>\n","protected":false},"featured_media":95422,"comment_status":"closed","ping_status":"closed","template":"","meta":{"_acf_changed":false,"_monsterinsights_skip_tracking":false,"_monsterinsights_sitenote_active":false,"_monsterinsights_sitenote_note":"","_monsterinsights_sitenote_category":0},"product_brand":[6928],"product_cat":[3902],"product_tag":[26],"giftcard-category":[],"class_list":{"0":"post-95423","1":"product","2":"type-product","3":"status-publish","4":"has-post-thumbnail","6":"product_brand-banpresto","7":"product_cat-my-hero-academia-figurer-hero-samlarfigurer","8":"product_tag-pre-order","9":"pa_franchise-my-hero-academia","10":"pa_karaktar-all-might","11":"pa_material-pvc","12":"pa_produktserie-ichibansho","13":"pa_storlek-28-cm","15":"first","16":"instock","17":"taxable","18":"shipping-taxable","19":"purchasable","20":"product-type-simple"},"acf":[],"yoast_head":"<!-- This site is optimized with the Yoast SEO Premium plugin v24.6 (Yoast SEO v27.4) - https:\/\/yoast.com\/product\/yoast-seo-premium-wordpress\/ -->\n<title>My Hero Academia A Story of Reaching Out Forever Extra Armored All Might figure 28cm | Animefigurer.se<\/title>\n<meta name=\"robots\" content=\"index, follow, max-snippet:-1, max-image-preview:large, max-video-preview:-1\" \/>\n<link rel=\"canonical\" href=\"https:\/\/animefigurer.se\/en\/figurer\/my-hero-academia-figurer-hero-samlarfigurer\/my-hero-academia-a-story-of-reaching-out-forever-extra-armored-all-might-figure-28cm\/\" \/>\n<meta property=\"og:locale\" content=\"en_GB\" \/>\n<meta property=\"og:type\" content=\"article\" \/>\n<meta property=\"og:title\" content=\"My Hero Academia A Story of Reaching Out Forever Extra Armored All Might figure 28cm\" \/>\n<meta property=\"og:description\" content=\"Upplev den ultimata kraften hos &#8221;Symbol of Peace&#8221; med denna enorma All Might-figur fr\u00e5n Banprestos serie &#8221;A Story of Reaching Out Forever&#8221;! Med en imponerande h\u00f6jd p\u00e5 28 cm \u00e4r detta en av de mest storslagna figurerna i samlingen. Den f\u00f6rest\u00e4ller All Might i sin Extra Armored-dr\u00e4kt, en tungt bepansrad version som utstr\u00e5lar b\u00e5de styrka [&hellip;]\" \/>\n<meta property=\"og:url\" content=\"https:\/\/animefigurer.se\/en\/figurer\/my-hero-academia-figurer-hero-samlarfigurer\/my-hero-academia-a-story-of-reaching-out-forever-extra-armored-all-might-figure-28cm\/\" \/>\n<meta property=\"og:site_name\" content=\"Animefigurer.se\" \/>\n<meta property=\"article:publisher\" content=\"https:\/\/www.facebook.com\/profile.php?id=61581826539670\" \/>\n<meta property=\"article:modified_time\" content=\"2026-04-08T11:33:02+00:00\" \/>\n<meta property=\"og:image\" content=\"https:\/\/animefigurer.se\/wp-content\/uploads\/2026\/04\/img_449156_2c9517d8fc870a752fdae3e6b3d96336_1.jpg\" \/>\n\t<meta property=\"og:image:width\" content=\"1000\" \/>\n\t<meta property=\"og:image:height\" content=\"1000\" \/>\n\t<meta property=\"og:image:type\" content=\"image\/jpeg\" \/>\n<meta name=\"twitter:card\" content=\"summary_large_image\" \/>\n<meta name=\"twitter:label1\" content=\"Estimated reading time\" \/>\n\t<meta name=\"twitter:data1\" content=\"1 minute\" \/>\n<script type=\"application\/ld+json\" class=\"yoast-schema-graph\">{\"@context\":\"https:\\\/\\\/schema.org\",\"@graph\":[{\"@type\":\"WebPage\",\"@id\":\"https:\\\/\\\/animefigurer.se\\\/figurer\\\/my-hero-academia-figurer-hero-samlarfigurer\\\/my-hero-academia-a-story-of-reaching-out-forever-extra-armored-all-might-figure-28cm\\\/\",\"url\":\"https:\\\/\\\/animefigurer.se\\\/figurer\\\/my-hero-academia-figurer-hero-samlarfigurer\\\/my-hero-academia-a-story-of-reaching-out-forever-extra-armored-all-might-figure-28cm\\\/\",\"name\":\"My Hero Academia A Story of Reaching Out Forever Extra Armored All Might figure 28cm | Animefigurer.se\",\"isPartOf\":{\"@id\":\"https:\\\/\\\/animefigurer.se\\\/#website\"},\"primaryImageOfPage\":{\"@id\":\"https:\\\/\\\/animefigurer.se\\\/figurer\\\/my-hero-academia-figurer-hero-samlarfigurer\\\/my-hero-academia-a-story-of-reaching-out-forever-extra-armored-all-might-figure-28cm\\\/#primaryimage\"},\"image\":{\"@id\":\"https:\\\/\\\/animefigurer.se\\\/figurer\\\/my-hero-academia-figurer-hero-samlarfigurer\\\/my-hero-academia-a-story-of-reaching-out-forever-extra-armored-all-might-figure-28cm\\\/#primaryimage\"},\"thumbnailUrl\":\"https:\\\/\\\/animefigurer.se\\\/wp-content\\\/uploads\\\/2026\\\/04\\\/img_449156_2c9517d8fc870a752fdae3e6b3d96336_1.jpg\",\"datePublished\":\"2026-04-07T13:16:00+00:00\",\"dateModified\":\"2026-04-08T11:33:02+00:00\",\"breadcrumb\":{\"@id\":\"https:\\\/\\\/animefigurer.se\\\/figurer\\\/my-hero-academia-figurer-hero-samlarfigurer\\\/my-hero-academia-a-story-of-reaching-out-forever-extra-armored-all-might-figure-28cm\\\/#breadcrumb\"},\"inLanguage\":\"en-GB\",\"potentialAction\":[{\"@type\":\"ReadAction\",\"target\":[\"https:\\\/\\\/animefigurer.se\\\/figurer\\\/my-hero-academia-figurer-hero-samlarfigurer\\\/my-hero-academia-a-story-of-reaching-out-forever-extra-armored-all-might-figure-28cm\\\/\"]}]},{\"@type\":\"ImageObject\",\"inLanguage\":\"en-GB\",\"@id\":\"https:\\\/\\\/animefigurer.se\\\/figurer\\\/my-hero-academia-figurer-hero-samlarfigurer\\\/my-hero-academia-a-story-of-reaching-out-forever-extra-armored-all-might-figure-28cm\\\/#primaryimage\",\"url\":\"https:\\\/\\\/animefigurer.se\\\/wp-content\\\/uploads\\\/2026\\\/04\\\/img_449156_2c9517d8fc870a752fdae3e6b3d96336_1.jpg\",\"contentUrl\":\"https:\\\/\\\/animefigurer.se\\\/wp-content\\\/uploads\\\/2026\\\/04\\\/img_449156_2c9517d8fc870a752fdae3e6b3d96336_1.jpg\",\"width\":1000,\"height\":1000},{\"@type\":\"BreadcrumbList\",\"@id\":\"https:\\\/\\\/animefigurer.se\\\/figurer\\\/my-hero-academia-figurer-hero-samlarfigurer\\\/my-hero-academia-a-story-of-reaching-out-forever-extra-armored-all-might-figure-28cm\\\/#breadcrumb\",\"itemListElement\":[{\"@type\":\"ListItem\",\"position\":1,\"name\":\"Home\",\"item\":\"https:\\\/\\\/animefigurer.se\\\/\"},{\"@type\":\"ListItem\",\"position\":2,\"name\":\"Butik\",\"item\":\"https:\\\/\\\/animefigurer.se\\\/figurer\\\/\"},{\"@type\":\"ListItem\",\"position\":3,\"name\":\"My Hero Academia A Story of Reaching Out Forever Extra Armored All Might figure 28cm\"}]},{\"@type\":\"WebSite\",\"@id\":\"https:\\\/\\\/animefigurer.se\\\/#website\",\"url\":\"https:\\\/\\\/animefigurer.se\\\/\",\"name\":\"Animefigurer.se\",\"description\":\"Anime figurer fr\u00e5n \u00f6ver 300 olika anime serier med \u00f6ver 9000 produkter | Anime Shop\",\"publisher\":{\"@id\":\"https:\\\/\\\/animefigurer.se\\\/#organization\"},\"potentialAction\":[{\"@type\":\"SearchAction\",\"target\":{\"@type\":\"EntryPoint\",\"urlTemplate\":\"https:\\\/\\\/animefigurer.se\\\/?s={search_term_string}\"},\"query-input\":{\"@type\":\"PropertyValueSpecification\",\"valueRequired\":true,\"valueName\":\"search_term_string\"}}],\"inLanguage\":\"en-GB\"},{\"@type\":\"Organization\",\"@id\":\"https:\\\/\\\/animefigurer.se\\\/#organization\",\"name\":\"Animefigurer.se\",\"alternateName\":\"Anime figurer | Anime shop\",\"url\":\"https:\\\/\\\/animefigurer.se\\\/\",\"logo\":{\"@type\":\"ImageObject\",\"inLanguage\":\"en-GB\",\"@id\":\"https:\\\/\\\/animefigurer.se\\\/#\\\/schema\\\/logo\\\/image\\\/\",\"url\":\"https:\\\/\\\/animefigurer.se\\\/wp-content\\\/uploads\\\/2025\\\/12\\\/Animefigurer_logowhite.png\",\"contentUrl\":\"https:\\\/\\\/animefigurer.se\\\/wp-content\\\/uploads\\\/2025\\\/12\\\/Animefigurer_logowhite.png\",\"width\":1890,\"height\":1417,\"caption\":\"Animefigurer.se\"},\"image\":{\"@id\":\"https:\\\/\\\/animefigurer.se\\\/#\\\/schema\\\/logo\\\/image\\\/\"},\"sameAs\":[\"https:\\\/\\\/www.facebook.com\\\/profile.php?id=61581826539670\",\"https:\\\/\\\/www.instagram.com\\\/animefigurer.se\\\/\"],\"email\":\"info@animefigurer.se\"}]}<\/script>\n<!-- \/ Yoast SEO Premium plugin. -->","yoast_head_json":{"title":"My Hero Academia A Story of Reaching Out Forever Extra Armored All Might figure 28cm | Animefigurer.se","robots":{"index":"index","follow":"follow","max-snippet":"max-snippet:-1","max-image-preview":"max-image-preview:large","max-video-preview":"max-video-preview:-1"},"canonical":"https:\/\/animefigurer.se\/en\/figurer\/my-hero-academia-figurer-hero-samlarfigurer\/my-hero-academia-a-story-of-reaching-out-forever-extra-armored-all-might-figure-28cm\/","og_locale":"en_GB","og_type":"article","og_title":"My Hero Academia A Story of Reaching Out Forever Extra Armored All Might figure 28cm","og_description":"Upplev den ultimata kraften hos &#8221;Symbol of Peace&#8221; med denna enorma All Might-figur fr\u00e5n Banprestos serie &#8221;A Story of Reaching Out Forever&#8221;! Med en imponerande h\u00f6jd p\u00e5 28 cm \u00e4r detta en av de mest storslagna figurerna i samlingen. Den f\u00f6rest\u00e4ller All Might i sin Extra Armored-dr\u00e4kt, en tungt bepansrad version som utstr\u00e5lar b\u00e5de styrka [&hellip;]","og_url":"https:\/\/animefigurer.se\/en\/figurer\/my-hero-academia-figurer-hero-samlarfigurer\/my-hero-academia-a-story-of-reaching-out-forever-extra-armored-all-might-figure-28cm\/","og_site_name":"Animefigurer.se","article_publisher":"https:\/\/www.facebook.com\/profile.php?id=61581826539670","article_modified_time":"2026-04-08T11:33:02+00:00","og_image":[{"width":1000,"height":1000,"url":"https:\/\/animefigurer.se\/wp-content\/uploads\/2026\/04\/img_449156_2c9517d8fc870a752fdae3e6b3d96336_1.jpg","type":"image\/jpeg"}],"twitter_card":"summary_large_image","twitter_misc":{"Estimated reading time":"1 minute"},"schema":{"@context":"https:\/\/schema.org","@graph":[{"@type":"WebPage","@id":"https:\/\/animefigurer.se\/figurer\/my-hero-academia-figurer-hero-samlarfigurer\/my-hero-academia-a-story-of-reaching-out-forever-extra-armored-all-might-figure-28cm\/","url":"https:\/\/animefigurer.se\/figurer\/my-hero-academia-figurer-hero-samlarfigurer\/my-hero-academia-a-story-of-reaching-out-forever-extra-armored-all-might-figure-28cm\/","name":"My Hero Academia A Story of Reaching Out Forever Extra Armored All Might figure 28cm | Animefigurer.se","isPartOf":{"@id":"https:\/\/animefigurer.se\/#website"},"primaryImageOfPage":{"@id":"https:\/\/animefigurer.se\/figurer\/my-hero-academia-figurer-hero-samlarfigurer\/my-hero-academia-a-story-of-reaching-out-forever-extra-armored-all-might-figure-28cm\/#primaryimage"},"image":{"@id":"https:\/\/animefigurer.se\/figurer\/my-hero-academia-figurer-hero-samlarfigurer\/my-hero-academia-a-story-of-reaching-out-forever-extra-armored-all-might-figure-28cm\/#primaryimage"},"thumbnailUrl":"https:\/\/animefigurer.se\/wp-content\/uploads\/2026\/04\/img_449156_2c9517d8fc870a752fdae3e6b3d96336_1.jpg","datePublished":"2026-04-07T13:16:00+00:00","dateModified":"2026-04-08T11:33:02+00:00","breadcrumb":{"@id":"https:\/\/animefigurer.se\/figurer\/my-hero-academia-figurer-hero-samlarfigurer\/my-hero-academia-a-story-of-reaching-out-forever-extra-armored-all-might-figure-28cm\/#breadcrumb"},"inLanguage":"en-GB","potentialAction":[{"@type":"ReadAction","target":["https:\/\/animefigurer.se\/figurer\/my-hero-academia-figurer-hero-samlarfigurer\/my-hero-academia-a-story-of-reaching-out-forever-extra-armored-all-might-figure-28cm\/"]}]},{"@type":"ImageObject","inLanguage":"en-GB","@id":"https:\/\/animefigurer.se\/figurer\/my-hero-academia-figurer-hero-samlarfigurer\/my-hero-academia-a-story-of-reaching-out-forever-extra-armored-all-might-figure-28cm\/#primaryimage","url":"https:\/\/animefigurer.se\/wp-content\/uploads\/2026\/04\/img_449156_2c9517d8fc870a752fdae3e6b3d96336_1.jpg","contentUrl":"https:\/\/animefigurer.se\/wp-content\/uploads\/2026\/04\/img_449156_2c9517d8fc870a752fdae3e6b3d96336_1.jpg","width":1000,"height":1000},{"@type":"BreadcrumbList","@id":"https:\/\/animefigurer.se\/figurer\/my-hero-academia-figurer-hero-samlarfigurer\/my-hero-academia-a-story-of-reaching-out-forever-extra-armored-all-might-figure-28cm\/#breadcrumb","itemListElement":[{"@type":"ListItem","position":1,"name":"Home","item":"https:\/\/animefigurer.se\/"},{"@type":"ListItem","position":2,"name":"Butik","item":"https:\/\/animefigurer.se\/figurer\/"},{"@type":"ListItem","position":3,"name":"My Hero Academia A Story of Reaching Out Forever Extra Armored All Might figure 28cm"}]},{"@type":"WebSite","@id":"https:\/\/animefigurer.se\/#website","url":"https:\/\/animefigurer.se\/","name":"Animefigurer.se","description":"Anime figures from over 300 different anime series with over 9000 products | Anime Shop","publisher":{"@id":"https:\/\/animefigurer.se\/#organization"},"potentialAction":[{"@type":"SearchAction","target":{"@type":"EntryPoint","urlTemplate":"https:\/\/animefigurer.se\/?s={search_term_string}"},"query-input":{"@type":"PropertyValueSpecification","valueRequired":true,"valueName":"search_term_string"}}],"inLanguage":"en-GB"},{"@type":"Organization","@id":"https:\/\/animefigurer.se\/#organization","name":"Animefigurer.se","alternateName":"Anime figurer | Anime shop","url":"https:\/\/animefigurer.se\/","logo":{"@type":"ImageObject","inLanguage":"en-GB","@id":"https:\/\/animefigurer.se\/#\/schema\/logo\/image\/","url":"https:\/\/animefigurer.se\/wp-content\/uploads\/2025\/12\/Animefigurer_logowhite.png","contentUrl":"https:\/\/animefigurer.se\/wp-content\/uploads\/2025\/12\/Animefigurer_logowhite.png","width":1890,"height":1417,"caption":"Animefigurer.se"},"image":{"@id":"https:\/\/animefigurer.se\/#\/schema\/logo\/image\/"},"sameAs":["https:\/\/www.facebook.com\/profile.php?id=61581826539670","https:\/\/www.instagram.com\/animefigurer.se\/"],"email":"info@animefigurer.se"}]}},"_links":{"self":[{"href":"https:\/\/animefigurer.se\/en\/wp-json\/wp\/v2\/product\/95423","targetHints":{"allow":["GET"]}}],"collection":[{"href":"https:\/\/animefigurer.se\/en\/wp-json\/wp\/v2\/product"}],"about":[{"href":"https:\/\/animefigurer.se\/en\/wp-json\/wp\/v2\/types\/product"}],"replies":[{"embeddable":true,"href":"https:\/\/animefigurer.se\/en\/wp-json\/wp\/v2\/comments?post=95423"}],"wp:featuredmedia":[{"embeddable":true,"href":"https:\/\/animefigurer.se\/en\/wp-json\/wp\/v2\/media\/95422"}],"wp:attachment":[{"href":"https:\/\/animefigurer.se\/en\/wp-json\/wp\/v2\/media?parent=95423"}],"wp:term":[{"taxonomy":"product_brand","embeddable":true,"href":"https:\/\/animefigurer.se\/en\/wp-json\/wp\/v2\/product_brand?post=95423"},{"taxonomy":"product_cat","embeddable":true,"href":"https:\/\/animefigurer.se\/en\/wp-json\/wp\/v2\/product_cat?post=95423"},{"taxonomy":"product_tag","embeddable":true,"href":"https:\/\/animefigurer.se\/en\/wp-json\/wp\/v2\/product_tag?post=95423"},{"taxonomy":"giftcard-category","embeddable":true,"href":"https:\/\/animefigurer.se\/en\/wp-json\/wp\/v2\/giftcard-category?post=95423"}],"curies":[{"name":"wp","href":"https:\/\/api.w.org\/{rel}","templated":true}]}}