{"id":95357,"date":"2026-04-07T15:15:00","date_gmt":"2026-04-07T13:15:00","guid":{"rendered":"https:\/\/animefigurer.se\/?post_type=product&#038;p=95357"},"modified":"2026-04-08T13:22:24","modified_gmt":"2026-04-08T11:22:24","slug":"dragon-ball-z-spectacle-battle-son-goku-ichibansho-figure-17cm","status":"publish","type":"product","link":"https:\/\/animefigurer.se\/en\/figurer\/dragon-ball-z\/dragon-ball-z-spectacle-battle-son-goku-ichibansho-figure-17cm\/","title":{"rendered":"Dragon Ball Z Spectacle Battle Son Goku Ichibansho figure 17cm"},"content":{"rendered":"<p data-path-to-node=\"2\">Experience the electrifying power of a true Saiyan warrior with this Super Saiyan Son Goku figure from Banpresto&#039;s &quot;Spectacle Battle&quot; series! This statue from the exclusive Ichibansho series stands 17 cm tall and captures Goku in one of his most intense battle poses. He stands ready to unleash a devastating Kamehameha, with a look of virtuous determination that truly captures the essence of the character.<\/p>\n<p data-path-to-node=\"3\">Every detail has been sculpted with extreme precision, from the flowing golden hair to the suppleness of his muscles and the fluttering details of his iconic costume. As part of the Ichibansho line, the figure maintains a premium quality that makes it a fantastic eye-catcher for everyone <i data-path-to-node=\"3\" data-index-in-node=\"279\">Dragon Ball Z<\/i>enthusiasts. Don&#039;t miss your chance to own a piece of anime history - let Goku&#039;s strength and power inspire your display! Ka-Me-Ha-Me-Haaaa!<\/p>","protected":false},"excerpt":{"rendered":"<p>Upplev den elektrifierande kraften hos en sann Saiyan-krigare med denna Super Saiyan Son Goku-figur fr\u00e5n Banprestos &#8221;Spectacle Battle&#8221;-serie! Denna staty fr\u00e5n den exklusiva Ichibansho-serien \u00e4r 17 cm h\u00f6g och f\u00e5ngar Goku i en av hans mest intensiva stridsposer. Han st\u00e5r beredd att sl\u00e4ppa l\u00f6s en f\u00f6r\u00f6dande Kamehameha, med en blick fylld av dygdig beslutsamhet som [&hellip;]<\/p>\n","protected":false},"featured_media":95356,"comment_status":"closed","ping_status":"closed","template":"","meta":{"_acf_changed":false,"_monsterinsights_skip_tracking":false,"_monsterinsights_sitenote_active":false,"_monsterinsights_sitenote_note":"","_monsterinsights_sitenote_category":0},"product_brand":[6928],"product_cat":[7304],"product_tag":[26],"giftcard-category":[],"class_list":{"0":"post-95357","1":"product","2":"type-product","3":"status-publish","4":"has-post-thumbnail","6":"product_brand-banpresto","7":"product_cat-dragon-ball-z","8":"product_tag-pre-order","9":"pa_franchise-dragon-ball-z","10":"pa_karaktar-son-goku","11":"pa_material-pvc","12":"pa_produktserie-ichibansho","13":"pa_storlek-17-cm","15":"first","16":"instock","17":"taxable","18":"shipping-taxable","19":"purchasable","20":"product-type-simple"},"acf":[],"yoast_head":"<!-- This site is optimized with the Yoast SEO Premium plugin v24.6 (Yoast SEO v27.3) - https:\/\/yoast.com\/product\/yoast-seo-premium-wordpress\/ -->\n<title>Dragon Ball Z Spectacle Battle Son Goku Ichibansho figure 17cm | Animefigurer.se<\/title>\n<meta name=\"robots\" content=\"index, follow, max-snippet:-1, max-image-preview:large, max-video-preview:-1\" \/>\n<link rel=\"canonical\" href=\"https:\/\/animefigurer.se\/en\/figurer\/dragon-ball-z\/dragon-ball-z-spectacle-battle-son-goku-ichibansho-figure-17cm\/\" \/>\n<meta property=\"og:locale\" content=\"en_GB\" \/>\n<meta property=\"og:type\" content=\"article\" \/>\n<meta property=\"og:title\" content=\"Dragon Ball Z Spectacle Battle Son Goku Ichibansho figure 17cm\" \/>\n<meta property=\"og:description\" content=\"Upplev den elektrifierande kraften hos en sann Saiyan-krigare med denna Super Saiyan Son Goku-figur fr\u00e5n Banprestos &#8221;Spectacle Battle&#8221;-serie! Denna staty fr\u00e5n den exklusiva Ichibansho-serien \u00e4r 17 cm h\u00f6g och f\u00e5ngar Goku i en av hans mest intensiva stridsposer. Han st\u00e5r beredd att sl\u00e4ppa l\u00f6s en f\u00f6r\u00f6dande Kamehameha, med en blick fylld av dygdig beslutsamhet som [&hellip;]\" \/>\n<meta property=\"og:url\" content=\"https:\/\/animefigurer.se\/en\/figurer\/dragon-ball-z\/dragon-ball-z-spectacle-battle-son-goku-ichibansho-figure-17cm\/\" \/>\n<meta property=\"og:site_name\" content=\"Animefigurer.se\" \/>\n<meta property=\"article:publisher\" content=\"https:\/\/www.facebook.com\/profile.php?id=61581826539670\" \/>\n<meta property=\"article:modified_time\" content=\"2026-04-08T11:22:24+00:00\" \/>\n<meta property=\"og:image\" content=\"https:\/\/animefigurer.se\/wp-content\/uploads\/2026\/04\/img_457770_770f1f1c318468e4ebf29a0467d23bb3_1.jpg\" \/>\n\t<meta property=\"og:image:width\" content=\"1000\" \/>\n\t<meta property=\"og:image:height\" content=\"1000\" \/>\n\t<meta property=\"og:image:type\" content=\"image\/jpeg\" \/>\n<meta name=\"twitter:card\" content=\"summary_large_image\" \/>\n<meta name=\"twitter:label1\" content=\"Estimated reading time\" \/>\n\t<meta name=\"twitter:data1\" content=\"1 minute\" \/>\n<script type=\"application\/ld+json\" class=\"yoast-schema-graph\">{\"@context\":\"https:\\\/\\\/schema.org\",\"@graph\":[{\"@type\":\"WebPage\",\"@id\":\"https:\\\/\\\/animefigurer.se\\\/figurer\\\/dragon-ball-z\\\/dragon-ball-z-spectacle-battle-son-goku-ichibansho-figure-17cm\\\/\",\"url\":\"https:\\\/\\\/animefigurer.se\\\/figurer\\\/dragon-ball-z\\\/dragon-ball-z-spectacle-battle-son-goku-ichibansho-figure-17cm\\\/\",\"name\":\"Dragon Ball Z Spectacle Battle Son Goku Ichibansho figure 17cm | Animefigurer.se\",\"isPartOf\":{\"@id\":\"https:\\\/\\\/animefigurer.se\\\/#website\"},\"primaryImageOfPage\":{\"@id\":\"https:\\\/\\\/animefigurer.se\\\/figurer\\\/dragon-ball-z\\\/dragon-ball-z-spectacle-battle-son-goku-ichibansho-figure-17cm\\\/#primaryimage\"},\"image\":{\"@id\":\"https:\\\/\\\/animefigurer.se\\\/figurer\\\/dragon-ball-z\\\/dragon-ball-z-spectacle-battle-son-goku-ichibansho-figure-17cm\\\/#primaryimage\"},\"thumbnailUrl\":\"https:\\\/\\\/animefigurer.se\\\/wp-content\\\/uploads\\\/2026\\\/04\\\/img_457770_770f1f1c318468e4ebf29a0467d23bb3_1.jpg\",\"datePublished\":\"2026-04-07T13:15:00+00:00\",\"dateModified\":\"2026-04-08T11:22:24+00:00\",\"breadcrumb\":{\"@id\":\"https:\\\/\\\/animefigurer.se\\\/figurer\\\/dragon-ball-z\\\/dragon-ball-z-spectacle-battle-son-goku-ichibansho-figure-17cm\\\/#breadcrumb\"},\"inLanguage\":\"en-GB\",\"potentialAction\":[{\"@type\":\"ReadAction\",\"target\":[\"https:\\\/\\\/animefigurer.se\\\/figurer\\\/dragon-ball-z\\\/dragon-ball-z-spectacle-battle-son-goku-ichibansho-figure-17cm\\\/\"]}]},{\"@type\":\"ImageObject\",\"inLanguage\":\"en-GB\",\"@id\":\"https:\\\/\\\/animefigurer.se\\\/figurer\\\/dragon-ball-z\\\/dragon-ball-z-spectacle-battle-son-goku-ichibansho-figure-17cm\\\/#primaryimage\",\"url\":\"https:\\\/\\\/animefigurer.se\\\/wp-content\\\/uploads\\\/2026\\\/04\\\/img_457770_770f1f1c318468e4ebf29a0467d23bb3_1.jpg\",\"contentUrl\":\"https:\\\/\\\/animefigurer.se\\\/wp-content\\\/uploads\\\/2026\\\/04\\\/img_457770_770f1f1c318468e4ebf29a0467d23bb3_1.jpg\",\"width\":1000,\"height\":1000},{\"@type\":\"BreadcrumbList\",\"@id\":\"https:\\\/\\\/animefigurer.se\\\/figurer\\\/dragon-ball-z\\\/dragon-ball-z-spectacle-battle-son-goku-ichibansho-figure-17cm\\\/#breadcrumb\",\"itemListElement\":[{\"@type\":\"ListItem\",\"position\":1,\"name\":\"Home\",\"item\":\"https:\\\/\\\/animefigurer.se\\\/\"},{\"@type\":\"ListItem\",\"position\":2,\"name\":\"Butik\",\"item\":\"https:\\\/\\\/animefigurer.se\\\/figurer\\\/\"},{\"@type\":\"ListItem\",\"position\":3,\"name\":\"Dragon Ball Z Spectacle Battle Son Goku Ichibansho figure 17cm\"}]},{\"@type\":\"WebSite\",\"@id\":\"https:\\\/\\\/animefigurer.se\\\/#website\",\"url\":\"https:\\\/\\\/animefigurer.se\\\/\",\"name\":\"Animefigurer.se\",\"description\":\"Anime figurer fr\u00e5n \u00f6ver 300 olika anime serier med \u00f6ver 9000 produkter | Anime Shop\",\"publisher\":{\"@id\":\"https:\\\/\\\/animefigurer.se\\\/#organization\"},\"potentialAction\":[{\"@type\":\"SearchAction\",\"target\":{\"@type\":\"EntryPoint\",\"urlTemplate\":\"https:\\\/\\\/animefigurer.se\\\/?s={search_term_string}\"},\"query-input\":{\"@type\":\"PropertyValueSpecification\",\"valueRequired\":true,\"valueName\":\"search_term_string\"}}],\"inLanguage\":\"en-GB\"},{\"@type\":\"Organization\",\"@id\":\"https:\\\/\\\/animefigurer.se\\\/#organization\",\"name\":\"Animefigurer.se\",\"alternateName\":\"Anime figurer | Anime shop\",\"url\":\"https:\\\/\\\/animefigurer.se\\\/\",\"logo\":{\"@type\":\"ImageObject\",\"inLanguage\":\"en-GB\",\"@id\":\"https:\\\/\\\/animefigurer.se\\\/#\\\/schema\\\/logo\\\/image\\\/\",\"url\":\"https:\\\/\\\/animefigurer.se\\\/wp-content\\\/uploads\\\/2025\\\/12\\\/Animefigurer_logowhite.png\",\"contentUrl\":\"https:\\\/\\\/animefigurer.se\\\/wp-content\\\/uploads\\\/2025\\\/12\\\/Animefigurer_logowhite.png\",\"width\":1890,\"height\":1417,\"caption\":\"Animefigurer.se\"},\"image\":{\"@id\":\"https:\\\/\\\/animefigurer.se\\\/#\\\/schema\\\/logo\\\/image\\\/\"},\"sameAs\":[\"https:\\\/\\\/www.facebook.com\\\/profile.php?id=61581826539670\",\"https:\\\/\\\/www.instagram.com\\\/animefigurer.se\\\/\"],\"email\":\"info@animefigurer.se\"}]}<\/script>\n<!-- \/ Yoast SEO Premium plugin. -->","yoast_head_json":{"title":"Dragon Ball Z Spectacle Battle Son Goku Ichibansho figure 17cm | Animefigurer.se","robots":{"index":"index","follow":"follow","max-snippet":"max-snippet:-1","max-image-preview":"max-image-preview:large","max-video-preview":"max-video-preview:-1"},"canonical":"https:\/\/animefigurer.se\/en\/figurer\/dragon-ball-z\/dragon-ball-z-spectacle-battle-son-goku-ichibansho-figure-17cm\/","og_locale":"en_GB","og_type":"article","og_title":"Dragon Ball Z Spectacle Battle Son Goku Ichibansho figure 17cm","og_description":"Upplev den elektrifierande kraften hos en sann Saiyan-krigare med denna Super Saiyan Son Goku-figur fr\u00e5n Banprestos &#8221;Spectacle Battle&#8221;-serie! Denna staty fr\u00e5n den exklusiva Ichibansho-serien \u00e4r 17 cm h\u00f6g och f\u00e5ngar Goku i en av hans mest intensiva stridsposer. Han st\u00e5r beredd att sl\u00e4ppa l\u00f6s en f\u00f6r\u00f6dande Kamehameha, med en blick fylld av dygdig beslutsamhet som [&hellip;]","og_url":"https:\/\/animefigurer.se\/en\/figurer\/dragon-ball-z\/dragon-ball-z-spectacle-battle-son-goku-ichibansho-figure-17cm\/","og_site_name":"Animefigurer.se","article_publisher":"https:\/\/www.facebook.com\/profile.php?id=61581826539670","article_modified_time":"2026-04-08T11:22:24+00:00","og_image":[{"width":1000,"height":1000,"url":"https:\/\/animefigurer.se\/wp-content\/uploads\/2026\/04\/img_457770_770f1f1c318468e4ebf29a0467d23bb3_1.jpg","type":"image\/jpeg"}],"twitter_card":"summary_large_image","twitter_misc":{"Estimated reading time":"1 minute"},"schema":{"@context":"https:\/\/schema.org","@graph":[{"@type":"WebPage","@id":"https:\/\/animefigurer.se\/figurer\/dragon-ball-z\/dragon-ball-z-spectacle-battle-son-goku-ichibansho-figure-17cm\/","url":"https:\/\/animefigurer.se\/figurer\/dragon-ball-z\/dragon-ball-z-spectacle-battle-son-goku-ichibansho-figure-17cm\/","name":"Dragon Ball Z Spectacle Battle Son Goku Ichibansho figure 17cm | Animefigurer.se","isPartOf":{"@id":"https:\/\/animefigurer.se\/#website"},"primaryImageOfPage":{"@id":"https:\/\/animefigurer.se\/figurer\/dragon-ball-z\/dragon-ball-z-spectacle-battle-son-goku-ichibansho-figure-17cm\/#primaryimage"},"image":{"@id":"https:\/\/animefigurer.se\/figurer\/dragon-ball-z\/dragon-ball-z-spectacle-battle-son-goku-ichibansho-figure-17cm\/#primaryimage"},"thumbnailUrl":"https:\/\/animefigurer.se\/wp-content\/uploads\/2026\/04\/img_457770_770f1f1c318468e4ebf29a0467d23bb3_1.jpg","datePublished":"2026-04-07T13:15:00+00:00","dateModified":"2026-04-08T11:22:24+00:00","breadcrumb":{"@id":"https:\/\/animefigurer.se\/figurer\/dragon-ball-z\/dragon-ball-z-spectacle-battle-son-goku-ichibansho-figure-17cm\/#breadcrumb"},"inLanguage":"en-GB","potentialAction":[{"@type":"ReadAction","target":["https:\/\/animefigurer.se\/figurer\/dragon-ball-z\/dragon-ball-z-spectacle-battle-son-goku-ichibansho-figure-17cm\/"]}]},{"@type":"ImageObject","inLanguage":"en-GB","@id":"https:\/\/animefigurer.se\/figurer\/dragon-ball-z\/dragon-ball-z-spectacle-battle-son-goku-ichibansho-figure-17cm\/#primaryimage","url":"https:\/\/animefigurer.se\/wp-content\/uploads\/2026\/04\/img_457770_770f1f1c318468e4ebf29a0467d23bb3_1.jpg","contentUrl":"https:\/\/animefigurer.se\/wp-content\/uploads\/2026\/04\/img_457770_770f1f1c318468e4ebf29a0467d23bb3_1.jpg","width":1000,"height":1000},{"@type":"BreadcrumbList","@id":"https:\/\/animefigurer.se\/figurer\/dragon-ball-z\/dragon-ball-z-spectacle-battle-son-goku-ichibansho-figure-17cm\/#breadcrumb","itemListElement":[{"@type":"ListItem","position":1,"name":"Home","item":"https:\/\/animefigurer.se\/"},{"@type":"ListItem","position":2,"name":"Butik","item":"https:\/\/animefigurer.se\/figurer\/"},{"@type":"ListItem","position":3,"name":"Dragon Ball Z Spectacle Battle Son Goku Ichibansho figure 17cm"}]},{"@type":"WebSite","@id":"https:\/\/animefigurer.se\/#website","url":"https:\/\/animefigurer.se\/","name":"Animefigurer.se","description":"Anime figures from over 300 different anime series with over 9000 products | Anime Shop","publisher":{"@id":"https:\/\/animefigurer.se\/#organization"},"potentialAction":[{"@type":"SearchAction","target":{"@type":"EntryPoint","urlTemplate":"https:\/\/animefigurer.se\/?s={search_term_string}"},"query-input":{"@type":"PropertyValueSpecification","valueRequired":true,"valueName":"search_term_string"}}],"inLanguage":"en-GB"},{"@type":"Organization","@id":"https:\/\/animefigurer.se\/#organization","name":"Animefigurer.se","alternateName":"Anime figurer | Anime shop","url":"https:\/\/animefigurer.se\/","logo":{"@type":"ImageObject","inLanguage":"en-GB","@id":"https:\/\/animefigurer.se\/#\/schema\/logo\/image\/","url":"https:\/\/animefigurer.se\/wp-content\/uploads\/2025\/12\/Animefigurer_logowhite.png","contentUrl":"https:\/\/animefigurer.se\/wp-content\/uploads\/2025\/12\/Animefigurer_logowhite.png","width":1890,"height":1417,"caption":"Animefigurer.se"},"image":{"@id":"https:\/\/animefigurer.se\/#\/schema\/logo\/image\/"},"sameAs":["https:\/\/www.facebook.com\/profile.php?id=61581826539670","https:\/\/www.instagram.com\/animefigurer.se\/"],"email":"info@animefigurer.se"}]}},"_links":{"self":[{"href":"https:\/\/animefigurer.se\/en\/wp-json\/wp\/v2\/product\/95357","targetHints":{"allow":["GET"]}}],"collection":[{"href":"https:\/\/animefigurer.se\/en\/wp-json\/wp\/v2\/product"}],"about":[{"href":"https:\/\/animefigurer.se\/en\/wp-json\/wp\/v2\/types\/product"}],"replies":[{"embeddable":true,"href":"https:\/\/animefigurer.se\/en\/wp-json\/wp\/v2\/comments?post=95357"}],"wp:featuredmedia":[{"embeddable":true,"href":"https:\/\/animefigurer.se\/en\/wp-json\/wp\/v2\/media\/95356"}],"wp:attachment":[{"href":"https:\/\/animefigurer.se\/en\/wp-json\/wp\/v2\/media?parent=95357"}],"wp:term":[{"taxonomy":"product_brand","embeddable":true,"href":"https:\/\/animefigurer.se\/en\/wp-json\/wp\/v2\/product_brand?post=95357"},{"taxonomy":"product_cat","embeddable":true,"href":"https:\/\/animefigurer.se\/en\/wp-json\/wp\/v2\/product_cat?post=95357"},{"taxonomy":"product_tag","embeddable":true,"href":"https:\/\/animefigurer.se\/en\/wp-json\/wp\/v2\/product_tag?post=95357"},{"taxonomy":"giftcard-category","embeddable":true,"href":"https:\/\/animefigurer.se\/en\/wp-json\/wp\/v2\/giftcard-category?post=95357"}],"curies":[{"name":"wp","href":"https:\/\/api.w.org\/{rel}","templated":true}]}}