{"id":95277,"date":"2026-04-07T14:54:06","date_gmt":"2026-04-07T12:54:06","guid":{"rendered":"https:\/\/animefigurer.se\/?post_type=product&#038;p=95277"},"modified":"2026-04-07T14:54:07","modified_gmt":"2026-04-07T12:54:07","slug":"scum-of-the-brave-aki-jougamine-figure","status":"publish","type":"product","link":"https:\/\/animefigurer.se\/en\/figurer\/scum-of-the-brave\/scum-of-the-brave-aki-jougamine-figure\/","title":{"rendered":"Scum of the Brave: Aki Jougamine (Figure)"},"content":{"rendered":"<p data-path-to-node=\"2\">Meet the fair-minded, patriotic troublemaker with <b data-path-to-node=\"2\" data-index-in-node=\"44\">Aki Jougamine: 1\/7 Scale Figure<\/b>. As one of the most prominent characters from <i data-path-to-node=\"2\" data-index-in-node=\"126\">Scum of the Brave<\/i> Aki is immortalized here in a pose that perfectly balances her tough attitude with an adorable charm. The figure shows Aki ready for battle, with both sword and shield at full swing, captured in a moment of determination.<\/p>\n<p data-path-to-node=\"3\">KDcolle (KADOKAWA Collection) has taken great care to recreate every detail of her design. The light and airy sculpting captures the movement of her sailor suit collar and pleated skirt fluttering in the wind. Her unique eyes and iconic pink accent in her ponytail are accurately reproduced to reflect the character&#039;s official illustration. Standing at approximately 22cm tall, this is an impressive figure that truly captures the character&#039;s dynamism and sense of justice. An absolute must-have for any fan who wants a high-quality representation of the most righteous &quot;girl in class&quot;!<\/p>","protected":false},"excerpt":{"rendered":"<p>M\u00f6t den r\u00e4ttvisepatriotiska br\u00e5kmakaren med Aki Jougamine: 1\/7 Scale Figure. Som en av de mest framtr\u00e4dande karakt\u00e4rerna fr\u00e5n Scum of the Brave har Aki h\u00e4r f\u00f6revigats i en pose som perfekt balanserar hennes tuffa attityd med en bed\u00e5rande charm. Figuren visar Aki redo f\u00f6r strid, med b\u00e5de sv\u00e4rd och sk\u00f6ld i h\u00f6gsta hugg, f\u00e5ngad i [&hellip;]<\/p>\n","protected":false},"featured_media":95278,"comment_status":"open","ping_status":"closed","template":"","meta":{"_acf_changed":false,"_monsterinsights_skip_tracking":false,"_monsterinsights_sitenote_active":false,"_monsterinsights_sitenote_note":"","_monsterinsights_sitenote_category":0},"product_brand":[6891],"product_cat":[7803],"product_tag":[26],"giftcard-category":[],"class_list":{"0":"post-95277","1":"product","2":"type-product","3":"status-publish","4":"has-post-thumbnail","6":"product_brand-kadokawa","7":"product_cat-scum-of-the-brave","8":"product_tag-pre-order","9":"pa_franchise-scum-of-the-brave","10":"pa_karaktar-aki-jougamine","11":"pa_material-plastic","12":"pa_skala-41","13":"pa_storlek-22-cm","15":"first","16":"instock","17":"taxable","18":"shipping-taxable","19":"purchasable","20":"product-type-simple"},"acf":[],"yoast_head":"<!-- This site is optimized with the Yoast SEO Premium plugin v24.6 (Yoast SEO v27.3) - https:\/\/yoast.com\/product\/yoast-seo-premium-wordpress\/ -->\n<title>Scum of the Brave: Aki Jougamine (Figure) | Animefigurer.se<\/title>\n<meta name=\"robots\" content=\"index, follow, max-snippet:-1, max-image-preview:large, max-video-preview:-1\" \/>\n<link rel=\"canonical\" href=\"https:\/\/animefigurer.se\/en\/figurer\/scum-of-the-brave\/scum-of-the-brave-aki-jougamine-figure\/\" \/>\n<meta property=\"og:locale\" content=\"en_GB\" \/>\n<meta property=\"og:type\" content=\"article\" \/>\n<meta property=\"og:title\" content=\"Scum of the Brave: Aki Jougamine (Figure)\" \/>\n<meta property=\"og:description\" content=\"M\u00f6t den r\u00e4ttvisepatriotiska br\u00e5kmakaren med Aki Jougamine: 1\/7 Scale Figure. Som en av de mest framtr\u00e4dande karakt\u00e4rerna fr\u00e5n Scum of the Brave har Aki h\u00e4r f\u00f6revigats i en pose som perfekt balanserar hennes tuffa attityd med en bed\u00e5rande charm. Figuren visar Aki redo f\u00f6r strid, med b\u00e5de sv\u00e4rd och sk\u00f6ld i h\u00f6gsta hugg, f\u00e5ngad i [&hellip;]\" \/>\n<meta property=\"og:url\" content=\"https:\/\/animefigurer.se\/en\/figurer\/scum-of-the-brave\/scum-of-the-brave-aki-jougamine-figure\/\" \/>\n<meta property=\"og:site_name\" content=\"Animefigurer.se\" \/>\n<meta property=\"article:publisher\" content=\"https:\/\/www.facebook.com\/profile.php?id=61581826539670\" \/>\n<meta property=\"article:modified_time\" content=\"2026-04-07T12:54:07+00:00\" \/>\n<meta property=\"og:image\" content=\"https:\/\/animefigurer.se\/wp-content\/uploads\/2026\/04\/11364468a.jpg\" \/>\n\t<meta property=\"og:image:width\" content=\"750\" \/>\n\t<meta property=\"og:image:height\" content=\"1050\" \/>\n\t<meta property=\"og:image:type\" content=\"image\/jpeg\" \/>\n<meta name=\"twitter:card\" content=\"summary_large_image\" \/>\n<meta name=\"twitter:label1\" content=\"Estimated reading time\" \/>\n\t<meta name=\"twitter:data1\" content=\"1 minute\" \/>\n<script type=\"application\/ld+json\" class=\"yoast-schema-graph\">{\"@context\":\"https:\\\/\\\/schema.org\",\"@graph\":[{\"@type\":\"WebPage\",\"@id\":\"https:\\\/\\\/animefigurer.se\\\/figurer\\\/scum-of-the-brave\\\/scum-of-the-brave-aki-jougamine-figure\\\/\",\"url\":\"https:\\\/\\\/animefigurer.se\\\/figurer\\\/scum-of-the-brave\\\/scum-of-the-brave-aki-jougamine-figure\\\/\",\"name\":\"Scum of the Brave: Aki Jougamine (Figure) | Animefigurer.se\",\"isPartOf\":{\"@id\":\"https:\\\/\\\/animefigurer.se\\\/#website\"},\"primaryImageOfPage\":{\"@id\":\"https:\\\/\\\/animefigurer.se\\\/figurer\\\/scum-of-the-brave\\\/scum-of-the-brave-aki-jougamine-figure\\\/#primaryimage\"},\"image\":{\"@id\":\"https:\\\/\\\/animefigurer.se\\\/figurer\\\/scum-of-the-brave\\\/scum-of-the-brave-aki-jougamine-figure\\\/#primaryimage\"},\"thumbnailUrl\":\"https:\\\/\\\/animefigurer.se\\\/wp-content\\\/uploads\\\/2026\\\/04\\\/11364468a.jpg\",\"datePublished\":\"2026-04-07T12:54:06+00:00\",\"dateModified\":\"2026-04-07T12:54:07+00:00\",\"breadcrumb\":{\"@id\":\"https:\\\/\\\/animefigurer.se\\\/figurer\\\/scum-of-the-brave\\\/scum-of-the-brave-aki-jougamine-figure\\\/#breadcrumb\"},\"inLanguage\":\"en-GB\",\"potentialAction\":[{\"@type\":\"ReadAction\",\"target\":[\"https:\\\/\\\/animefigurer.se\\\/figurer\\\/scum-of-the-brave\\\/scum-of-the-brave-aki-jougamine-figure\\\/\"]}]},{\"@type\":\"ImageObject\",\"inLanguage\":\"en-GB\",\"@id\":\"https:\\\/\\\/animefigurer.se\\\/figurer\\\/scum-of-the-brave\\\/scum-of-the-brave-aki-jougamine-figure\\\/#primaryimage\",\"url\":\"https:\\\/\\\/animefigurer.se\\\/wp-content\\\/uploads\\\/2026\\\/04\\\/11364468a.jpg\",\"contentUrl\":\"https:\\\/\\\/animefigurer.se\\\/wp-content\\\/uploads\\\/2026\\\/04\\\/11364468a.jpg\",\"width\":750,\"height\":1050,\"caption\":\"Scum of the Brave: Aki Jougamine (Figure)\"},{\"@type\":\"BreadcrumbList\",\"@id\":\"https:\\\/\\\/animefigurer.se\\\/figurer\\\/scum-of-the-brave\\\/scum-of-the-brave-aki-jougamine-figure\\\/#breadcrumb\",\"itemListElement\":[{\"@type\":\"ListItem\",\"position\":1,\"name\":\"Home\",\"item\":\"https:\\\/\\\/animefigurer.se\\\/\"},{\"@type\":\"ListItem\",\"position\":2,\"name\":\"Butik\",\"item\":\"https:\\\/\\\/animefigurer.se\\\/figurer\\\/\"},{\"@type\":\"ListItem\",\"position\":3,\"name\":\"Scum of the Brave: Aki Jougamine (Figure)\"}]},{\"@type\":\"WebSite\",\"@id\":\"https:\\\/\\\/animefigurer.se\\\/#website\",\"url\":\"https:\\\/\\\/animefigurer.se\\\/\",\"name\":\"Animefigurer.se\",\"description\":\"Anime figurer fr\u00e5n \u00f6ver 300 olika anime serier med \u00f6ver 9000 produkter | Anime Shop\",\"publisher\":{\"@id\":\"https:\\\/\\\/animefigurer.se\\\/#organization\"},\"potentialAction\":[{\"@type\":\"SearchAction\",\"target\":{\"@type\":\"EntryPoint\",\"urlTemplate\":\"https:\\\/\\\/animefigurer.se\\\/?s={search_term_string}\"},\"query-input\":{\"@type\":\"PropertyValueSpecification\",\"valueRequired\":true,\"valueName\":\"search_term_string\"}}],\"inLanguage\":\"en-GB\"},{\"@type\":\"Organization\",\"@id\":\"https:\\\/\\\/animefigurer.se\\\/#organization\",\"name\":\"Animefigurer.se\",\"alternateName\":\"Anime figurer | Anime shop\",\"url\":\"https:\\\/\\\/animefigurer.se\\\/\",\"logo\":{\"@type\":\"ImageObject\",\"inLanguage\":\"en-GB\",\"@id\":\"https:\\\/\\\/animefigurer.se\\\/#\\\/schema\\\/logo\\\/image\\\/\",\"url\":\"https:\\\/\\\/animefigurer.se\\\/wp-content\\\/uploads\\\/2025\\\/12\\\/Animefigurer_logowhite.png\",\"contentUrl\":\"https:\\\/\\\/animefigurer.se\\\/wp-content\\\/uploads\\\/2025\\\/12\\\/Animefigurer_logowhite.png\",\"width\":1890,\"height\":1417,\"caption\":\"Animefigurer.se\"},\"image\":{\"@id\":\"https:\\\/\\\/animefigurer.se\\\/#\\\/schema\\\/logo\\\/image\\\/\"},\"sameAs\":[\"https:\\\/\\\/www.facebook.com\\\/profile.php?id=61581826539670\",\"https:\\\/\\\/www.instagram.com\\\/animefigurer.se\\\/\"],\"email\":\"info@animefigurer.se\"}]}<\/script>\n<!-- \/ Yoast SEO Premium plugin. -->","yoast_head_json":{"title":"Scum of the Brave: Aki Jougamine (Figure) | Animefigurer.se","robots":{"index":"index","follow":"follow","max-snippet":"max-snippet:-1","max-image-preview":"max-image-preview:large","max-video-preview":"max-video-preview:-1"},"canonical":"https:\/\/animefigurer.se\/en\/figurer\/scum-of-the-brave\/scum-of-the-brave-aki-jougamine-figure\/","og_locale":"en_GB","og_type":"article","og_title":"Scum of the Brave: Aki Jougamine (Figure)","og_description":"M\u00f6t den r\u00e4ttvisepatriotiska br\u00e5kmakaren med Aki Jougamine: 1\/7 Scale Figure. Som en av de mest framtr\u00e4dande karakt\u00e4rerna fr\u00e5n Scum of the Brave har Aki h\u00e4r f\u00f6revigats i en pose som perfekt balanserar hennes tuffa attityd med en bed\u00e5rande charm. Figuren visar Aki redo f\u00f6r strid, med b\u00e5de sv\u00e4rd och sk\u00f6ld i h\u00f6gsta hugg, f\u00e5ngad i [&hellip;]","og_url":"https:\/\/animefigurer.se\/en\/figurer\/scum-of-the-brave\/scum-of-the-brave-aki-jougamine-figure\/","og_site_name":"Animefigurer.se","article_publisher":"https:\/\/www.facebook.com\/profile.php?id=61581826539670","article_modified_time":"2026-04-07T12:54:07+00:00","og_image":[{"width":750,"height":1050,"url":"https:\/\/animefigurer.se\/wp-content\/uploads\/2026\/04\/11364468a.jpg","type":"image\/jpeg"}],"twitter_card":"summary_large_image","twitter_misc":{"Estimated reading time":"1 minute"},"schema":{"@context":"https:\/\/schema.org","@graph":[{"@type":"WebPage","@id":"https:\/\/animefigurer.se\/figurer\/scum-of-the-brave\/scum-of-the-brave-aki-jougamine-figure\/","url":"https:\/\/animefigurer.se\/figurer\/scum-of-the-brave\/scum-of-the-brave-aki-jougamine-figure\/","name":"Scum of the Brave: Aki Jougamine (Figure) | Animefigurer.se","isPartOf":{"@id":"https:\/\/animefigurer.se\/#website"},"primaryImageOfPage":{"@id":"https:\/\/animefigurer.se\/figurer\/scum-of-the-brave\/scum-of-the-brave-aki-jougamine-figure\/#primaryimage"},"image":{"@id":"https:\/\/animefigurer.se\/figurer\/scum-of-the-brave\/scum-of-the-brave-aki-jougamine-figure\/#primaryimage"},"thumbnailUrl":"https:\/\/animefigurer.se\/wp-content\/uploads\/2026\/04\/11364468a.jpg","datePublished":"2026-04-07T12:54:06+00:00","dateModified":"2026-04-07T12:54:07+00:00","breadcrumb":{"@id":"https:\/\/animefigurer.se\/figurer\/scum-of-the-brave\/scum-of-the-brave-aki-jougamine-figure\/#breadcrumb"},"inLanguage":"en-GB","potentialAction":[{"@type":"ReadAction","target":["https:\/\/animefigurer.se\/figurer\/scum-of-the-brave\/scum-of-the-brave-aki-jougamine-figure\/"]}]},{"@type":"ImageObject","inLanguage":"en-GB","@id":"https:\/\/animefigurer.se\/figurer\/scum-of-the-brave\/scum-of-the-brave-aki-jougamine-figure\/#primaryimage","url":"https:\/\/animefigurer.se\/wp-content\/uploads\/2026\/04\/11364468a.jpg","contentUrl":"https:\/\/animefigurer.se\/wp-content\/uploads\/2026\/04\/11364468a.jpg","width":750,"height":1050,"caption":"Scum of the Brave: Aki Jougamine (Figure)"},{"@type":"BreadcrumbList","@id":"https:\/\/animefigurer.se\/figurer\/scum-of-the-brave\/scum-of-the-brave-aki-jougamine-figure\/#breadcrumb","itemListElement":[{"@type":"ListItem","position":1,"name":"Home","item":"https:\/\/animefigurer.se\/"},{"@type":"ListItem","position":2,"name":"Butik","item":"https:\/\/animefigurer.se\/figurer\/"},{"@type":"ListItem","position":3,"name":"Scum of the Brave: Aki Jougamine (Figure)"}]},{"@type":"WebSite","@id":"https:\/\/animefigurer.se\/#website","url":"https:\/\/animefigurer.se\/","name":"Animefigurer.se","description":"Anime figures from over 300 different anime series with over 9000 products | Anime Shop","publisher":{"@id":"https:\/\/animefigurer.se\/#organization"},"potentialAction":[{"@type":"SearchAction","target":{"@type":"EntryPoint","urlTemplate":"https:\/\/animefigurer.se\/?s={search_term_string}"},"query-input":{"@type":"PropertyValueSpecification","valueRequired":true,"valueName":"search_term_string"}}],"inLanguage":"en-GB"},{"@type":"Organization","@id":"https:\/\/animefigurer.se\/#organization","name":"Animefigurer.se","alternateName":"Anime figurer | Anime shop","url":"https:\/\/animefigurer.se\/","logo":{"@type":"ImageObject","inLanguage":"en-GB","@id":"https:\/\/animefigurer.se\/#\/schema\/logo\/image\/","url":"https:\/\/animefigurer.se\/wp-content\/uploads\/2025\/12\/Animefigurer_logowhite.png","contentUrl":"https:\/\/animefigurer.se\/wp-content\/uploads\/2025\/12\/Animefigurer_logowhite.png","width":1890,"height":1417,"caption":"Animefigurer.se"},"image":{"@id":"https:\/\/animefigurer.se\/#\/schema\/logo\/image\/"},"sameAs":["https:\/\/www.facebook.com\/profile.php?id=61581826539670","https:\/\/www.instagram.com\/animefigurer.se\/"],"email":"info@animefigurer.se"}]}},"_links":{"self":[{"href":"https:\/\/animefigurer.se\/en\/wp-json\/wp\/v2\/product\/95277","targetHints":{"allow":["GET"]}}],"collection":[{"href":"https:\/\/animefigurer.se\/en\/wp-json\/wp\/v2\/product"}],"about":[{"href":"https:\/\/animefigurer.se\/en\/wp-json\/wp\/v2\/types\/product"}],"replies":[{"embeddable":true,"href":"https:\/\/animefigurer.se\/en\/wp-json\/wp\/v2\/comments?post=95277"}],"wp:featuredmedia":[{"embeddable":true,"href":"https:\/\/animefigurer.se\/en\/wp-json\/wp\/v2\/media\/95278"}],"wp:attachment":[{"href":"https:\/\/animefigurer.se\/en\/wp-json\/wp\/v2\/media?parent=95277"}],"wp:term":[{"taxonomy":"product_brand","embeddable":true,"href":"https:\/\/animefigurer.se\/en\/wp-json\/wp\/v2\/product_brand?post=95277"},{"taxonomy":"product_cat","embeddable":true,"href":"https:\/\/animefigurer.se\/en\/wp-json\/wp\/v2\/product_cat?post=95277"},{"taxonomy":"product_tag","embeddable":true,"href":"https:\/\/animefigurer.se\/en\/wp-json\/wp\/v2\/product_tag?post=95277"},{"taxonomy":"giftcard-category","embeddable":true,"href":"https:\/\/animefigurer.se\/en\/wp-json\/wp\/v2\/giftcard-category?post=95277"}],"curies":[{"name":"wp","href":"https:\/\/api.w.org\/{rel}","templated":true}]}}