{"id":95008,"date":"2026-04-05T03:35:38","date_gmt":"2026-04-05T01:35:38","guid":{"rendered":"https:\/\/animefigurer.se\/?post_type=product&#038;p=95008"},"modified":"2026-04-05T13:47:45","modified_gmt":"2026-04-05T11:47:45","slug":"jujutsu-kaisen-rowtashii-noise-tekupiku-yuji-itadori-2","status":"publish","type":"product","link":"https:\/\/animefigurer.se\/en\/figurer\/demon-slayer-kimetsu-no-yaiba\/demon-slayer-kimetsu-no-yaiba-tekupiku-tanjiro-kamado-completed\/","title":{"rendered":"Demon Slayer: Kimetsu no Yaiba: Tekupiku Tanjiro Kamado (Completed)"},"content":{"rendered":"<p data-path-to-node=\"2\">F\u00f6lj med p\u00e5 \u00e4ventyr med den hj\u00e4ltemodige <b data-path-to-node=\"2\" data-index-in-node=\"41\">Tekupiku: Tanjiro Kamado<\/b>. Som en del av Bandais innovativa &#8221;Tekupiku&#8221;-serie \u00e4r denna figur designad med konceptet att vara din perfekta f\u00f6ljeslagare i vardagen. Med sin charmiga, stiliserade design och ikoniska schackrutiga haori, f\u00e5ngar Tanjiro hj\u00e4rtat av <i data-path-to-node=\"2\" data-index-in-node=\"298\">Demon Slayer<\/i> p\u00e5 ett s\u00e4tt som \u00e4r b\u00e5de nostalgiskt och lekfullt \u2013 perfekt f\u00f6r att ta med p\u00e5 utflykter eller f\u00f6r att liva upp din fotografering.<\/p>\n<p data-path-to-node=\"3\">Figuren \u00e4r cirka 10 cm h\u00f6g och har en r\u00f6rlig hals, vilket g\u00f6r att du kan justera Tanjiros blick f\u00f6r att skapa olika uttryck och scener. Den robusta PVC-konstruktionen g\u00f6r den idealisk f\u00f6r att placeras p\u00e5 allt fr\u00e5n bokhyllor till utomhusmilj\u00f6er n\u00e4r du vill f\u00f6reviga dina favoritstunder. Oavsett om du bygger upp en hel Demon Slayer-samling eller letar efter en unik present till ett fan, \u00e4r denna Tekupiku-version av Tanjiro ett oumb\u00e4rligt tillskott som str\u00e5lar av karakt\u00e4r och v\u00e4rme.<\/p>","protected":false},"excerpt":{"rendered":"<p>F\u00f6lj med p\u00e5 \u00e4ventyr med den hj\u00e4ltemodige Tekupiku: Tanjiro Kamado. Som en del av Bandais innovativa &#8221;Tekupiku&#8221;-serie \u00e4r denna figur designad med konceptet att vara din perfekta f\u00f6ljeslagare i vardagen. Med sin charmiga, stiliserade design och ikoniska schackrutiga haori, f\u00e5ngar Tanjiro hj\u00e4rtat av Demon Slayer p\u00e5 ett s\u00e4tt som \u00e4r b\u00e5de nostalgiskt och lekfullt \u2013 [&hellip;]<\/p>\n","protected":false},"featured_media":95010,"comment_status":"closed","ping_status":"closed","template":"","meta":{"_acf_changed":false,"_monsterinsights_skip_tracking":false,"_monsterinsights_sitenote_active":false,"_monsterinsights_sitenote_note":"","_monsterinsights_sitenote_category":0},"product_brand":[6924],"product_cat":[1603,7233],"product_tag":[26],"giftcard-category":[],"class_list":{"0":"post-95008","1":"product","2":"type-product","3":"status-publish","4":"has-post-thumbnail","6":"product_brand-bandai","7":"product_cat-demon-slayer-kimetsu-no-yaiba","8":"product_cat-pre-order","9":"product_tag-pre-order","10":"pa_franchise-demon-slayer-kimetsu-no-yaiba","11":"pa_karaktar-tanjiro-kamado","12":"pa_material-pvc-abs","13":"pa_produktserie-tekupiku","14":"pa_storlek-10-cm","16":"first","17":"instock","18":"taxable","19":"shipping-taxable","20":"purchasable","21":"product-type-simple"},"acf":[],"yoast_head":"<!-- This site is optimized with the Yoast SEO Premium plugin v24.6 (Yoast SEO v27.3) - https:\/\/yoast.com\/product\/yoast-seo-premium-wordpress\/ -->\n<title>Demon Slayer: Kimetsu no Yaiba: Tekupiku Tanjiro Kamado (Completed) | Animefigurer.se<\/title>\n<meta name=\"robots\" content=\"index, follow, max-snippet:-1, max-image-preview:large, max-video-preview:-1\" \/>\n<link rel=\"canonical\" href=\"https:\/\/animefigurer.se\/en\/figurer\/demon-slayer-kimetsu-no-yaiba\/jujutsu-kaisen-rowtashii-noise-tekupiku-yuji-itadori-2\/\" \/>\n<meta property=\"og:locale\" content=\"en_GB\" \/>\n<meta property=\"og:type\" content=\"article\" \/>\n<meta property=\"og:title\" content=\"Demon Slayer: Kimetsu no Yaiba: Tekupiku Tanjiro Kamado (Completed)\" \/>\n<meta property=\"og:description\" content=\"F\u00f6lj med p\u00e5 \u00e4ventyr med den hj\u00e4ltemodige Tekupiku: Tanjiro Kamado. Som en del av Bandais innovativa &#8221;Tekupiku&#8221;-serie \u00e4r denna figur designad med konceptet att vara din perfekta f\u00f6ljeslagare i vardagen. Med sin charmiga, stiliserade design och ikoniska schackrutiga haori, f\u00e5ngar Tanjiro hj\u00e4rtat av Demon Slayer p\u00e5 ett s\u00e4tt som \u00e4r b\u00e5de nostalgiskt och lekfullt \u2013 [&hellip;]\" \/>\n<meta property=\"og:url\" content=\"https:\/\/animefigurer.se\/en\/figurer\/demon-slayer-kimetsu-no-yaiba\/jujutsu-kaisen-rowtashii-noise-tekupiku-yuji-itadori-2\/\" \/>\n<meta property=\"og:site_name\" content=\"Animefigurer.se\" \/>\n<meta property=\"article:publisher\" content=\"https:\/\/www.facebook.com\/profile.php?id=61581826539670\" \/>\n<meta property=\"article:modified_time\" content=\"2026-04-05T11:47:45+00:00\" \/>\n<meta property=\"og:image\" content=\"https:\/\/animefigurer.se\/wp-content\/uploads\/2026\/04\/11363269a.webp\" \/>\n\t<meta property=\"og:image:width\" content=\"960\" \/>\n\t<meta property=\"og:image:height\" content=\"1200\" \/>\n\t<meta property=\"og:image:type\" content=\"image\/webp\" \/>\n<meta name=\"twitter:card\" content=\"summary_large_image\" \/>\n<meta name=\"twitter:label1\" content=\"Estimated reading time\" \/>\n\t<meta name=\"twitter:data1\" content=\"1 minute\" \/>\n<script type=\"application\/ld+json\" class=\"yoast-schema-graph\">{\"@context\":\"https:\\\/\\\/schema.org\",\"@graph\":[{\"@type\":\"WebPage\",\"@id\":\"https:\\\/\\\/animefigurer.se\\\/figurer\\\/demon-slayer-kimetsu-no-yaiba\\\/demon-slayer-kimetsu-no-yaiba-tekupiku-tanjiro-kamado-completed\\\/\",\"url\":\"https:\\\/\\\/animefigurer.se\\\/figurer\\\/demon-slayer-kimetsu-no-yaiba\\\/demon-slayer-kimetsu-no-yaiba-tekupiku-tanjiro-kamado-completed\\\/\",\"name\":\"Demon Slayer: Kimetsu no Yaiba: Tekupiku Tanjiro Kamado (Completed) | Animefigurer.se\",\"isPartOf\":{\"@id\":\"https:\\\/\\\/animefigurer.se\\\/#website\"},\"primaryImageOfPage\":{\"@id\":\"https:\\\/\\\/animefigurer.se\\\/figurer\\\/demon-slayer-kimetsu-no-yaiba\\\/demon-slayer-kimetsu-no-yaiba-tekupiku-tanjiro-kamado-completed\\\/#primaryimage\"},\"image\":{\"@id\":\"https:\\\/\\\/animefigurer.se\\\/figurer\\\/demon-slayer-kimetsu-no-yaiba\\\/demon-slayer-kimetsu-no-yaiba-tekupiku-tanjiro-kamado-completed\\\/#primaryimage\"},\"thumbnailUrl\":\"https:\\\/\\\/animefigurer.se\\\/wp-content\\\/uploads\\\/2026\\\/04\\\/11363269a.webp\",\"datePublished\":\"2026-04-05T01:35:38+00:00\",\"dateModified\":\"2026-04-05T11:47:45+00:00\",\"breadcrumb\":{\"@id\":\"https:\\\/\\\/animefigurer.se\\\/figurer\\\/demon-slayer-kimetsu-no-yaiba\\\/demon-slayer-kimetsu-no-yaiba-tekupiku-tanjiro-kamado-completed\\\/#breadcrumb\"},\"inLanguage\":\"en-GB\",\"potentialAction\":[{\"@type\":\"ReadAction\",\"target\":[\"https:\\\/\\\/animefigurer.se\\\/figurer\\\/demon-slayer-kimetsu-no-yaiba\\\/demon-slayer-kimetsu-no-yaiba-tekupiku-tanjiro-kamado-completed\\\/\"]}]},{\"@type\":\"ImageObject\",\"inLanguage\":\"en-GB\",\"@id\":\"https:\\\/\\\/animefigurer.se\\\/figurer\\\/demon-slayer-kimetsu-no-yaiba\\\/demon-slayer-kimetsu-no-yaiba-tekupiku-tanjiro-kamado-completed\\\/#primaryimage\",\"url\":\"https:\\\/\\\/animefigurer.se\\\/wp-content\\\/uploads\\\/2026\\\/04\\\/11363269a.webp\",\"contentUrl\":\"https:\\\/\\\/animefigurer.se\\\/wp-content\\\/uploads\\\/2026\\\/04\\\/11363269a.webp\",\"width\":960,\"height\":1200,\"caption\":\"Demon Slayer: Kimetsu no YaibaT: ekupiku Nezuko Kamado (Completed) (kopia)\"},{\"@type\":\"BreadcrumbList\",\"@id\":\"https:\\\/\\\/animefigurer.se\\\/figurer\\\/demon-slayer-kimetsu-no-yaiba\\\/demon-slayer-kimetsu-no-yaiba-tekupiku-tanjiro-kamado-completed\\\/#breadcrumb\",\"itemListElement\":[{\"@type\":\"ListItem\",\"position\":1,\"name\":\"Home\",\"item\":\"https:\\\/\\\/animefigurer.se\\\/\"},{\"@type\":\"ListItem\",\"position\":2,\"name\":\"Butik\",\"item\":\"https:\\\/\\\/animefigurer.se\\\/figurer\\\/\"},{\"@type\":\"ListItem\",\"position\":3,\"name\":\"Demon Slayer: Kimetsu no Yaiba: Tekupiku Tanjiro Kamado (Completed)\"}]},{\"@type\":\"WebSite\",\"@id\":\"https:\\\/\\\/animefigurer.se\\\/#website\",\"url\":\"https:\\\/\\\/animefigurer.se\\\/\",\"name\":\"Animefigurer.se\",\"description\":\"Anime figurer fr\u00e5n \u00f6ver 300 olika anime serier med \u00f6ver 9000 produkter | Anime Shop\",\"publisher\":{\"@id\":\"https:\\\/\\\/animefigurer.se\\\/#organization\"},\"potentialAction\":[{\"@type\":\"SearchAction\",\"target\":{\"@type\":\"EntryPoint\",\"urlTemplate\":\"https:\\\/\\\/animefigurer.se\\\/?s={search_term_string}\"},\"query-input\":{\"@type\":\"PropertyValueSpecification\",\"valueRequired\":true,\"valueName\":\"search_term_string\"}}],\"inLanguage\":\"en-GB\"},{\"@type\":\"Organization\",\"@id\":\"https:\\\/\\\/animefigurer.se\\\/#organization\",\"name\":\"Animefigurer.se\",\"alternateName\":\"Anime figurer | Anime shop\",\"url\":\"https:\\\/\\\/animefigurer.se\\\/\",\"logo\":{\"@type\":\"ImageObject\",\"inLanguage\":\"en-GB\",\"@id\":\"https:\\\/\\\/animefigurer.se\\\/#\\\/schema\\\/logo\\\/image\\\/\",\"url\":\"https:\\\/\\\/animefigurer.se\\\/wp-content\\\/uploads\\\/2025\\\/12\\\/Animefigurer_logowhite.png\",\"contentUrl\":\"https:\\\/\\\/animefigurer.se\\\/wp-content\\\/uploads\\\/2025\\\/12\\\/Animefigurer_logowhite.png\",\"width\":1890,\"height\":1417,\"caption\":\"Animefigurer.se\"},\"image\":{\"@id\":\"https:\\\/\\\/animefigurer.se\\\/#\\\/schema\\\/logo\\\/image\\\/\"},\"sameAs\":[\"https:\\\/\\\/www.facebook.com\\\/profile.php?id=61581826539670\",\"https:\\\/\\\/www.instagram.com\\\/animefigurer.se\\\/\"],\"email\":\"info@animefigurer.se\"}]}<\/script>\n<!-- \/ Yoast SEO Premium plugin. -->","yoast_head_json":{"title":"Demon Slayer: Kimetsu no Yaiba: Tekupiku Tanjiro Kamado (Completed) | Animefigurer.se","robots":{"index":"index","follow":"follow","max-snippet":"max-snippet:-1","max-image-preview":"max-image-preview:large","max-video-preview":"max-video-preview:-1"},"canonical":"https:\/\/animefigurer.se\/en\/figurer\/demon-slayer-kimetsu-no-yaiba\/jujutsu-kaisen-rowtashii-noise-tekupiku-yuji-itadori-2\/","og_locale":"en_GB","og_type":"article","og_title":"Demon Slayer: Kimetsu no Yaiba: Tekupiku Tanjiro Kamado (Completed)","og_description":"F\u00f6lj med p\u00e5 \u00e4ventyr med den hj\u00e4ltemodige Tekupiku: Tanjiro Kamado. Som en del av Bandais innovativa &#8221;Tekupiku&#8221;-serie \u00e4r denna figur designad med konceptet att vara din perfekta f\u00f6ljeslagare i vardagen. Med sin charmiga, stiliserade design och ikoniska schackrutiga haori, f\u00e5ngar Tanjiro hj\u00e4rtat av Demon Slayer p\u00e5 ett s\u00e4tt som \u00e4r b\u00e5de nostalgiskt och lekfullt \u2013 [&hellip;]","og_url":"https:\/\/animefigurer.se\/en\/figurer\/demon-slayer-kimetsu-no-yaiba\/jujutsu-kaisen-rowtashii-noise-tekupiku-yuji-itadori-2\/","og_site_name":"Animefigurer.se","article_publisher":"https:\/\/www.facebook.com\/profile.php?id=61581826539670","article_modified_time":"2026-04-05T11:47:45+00:00","og_image":[{"width":960,"height":1200,"url":"https:\/\/animefigurer.se\/wp-content\/uploads\/2026\/04\/11363269a.webp","type":"image\/webp"}],"twitter_card":"summary_large_image","twitter_misc":{"Estimated reading time":"1 minute"},"schema":{"@context":"https:\/\/schema.org","@graph":[{"@type":"WebPage","@id":"https:\/\/animefigurer.se\/figurer\/demon-slayer-kimetsu-no-yaiba\/demon-slayer-kimetsu-no-yaiba-tekupiku-tanjiro-kamado-completed\/","url":"https:\/\/animefigurer.se\/figurer\/demon-slayer-kimetsu-no-yaiba\/demon-slayer-kimetsu-no-yaiba-tekupiku-tanjiro-kamado-completed\/","name":"Demon Slayer: Kimetsu no Yaiba: Tekupiku Tanjiro Kamado (Completed) | Animefigurer.se","isPartOf":{"@id":"https:\/\/animefigurer.se\/#website"},"primaryImageOfPage":{"@id":"https:\/\/animefigurer.se\/figurer\/demon-slayer-kimetsu-no-yaiba\/demon-slayer-kimetsu-no-yaiba-tekupiku-tanjiro-kamado-completed\/#primaryimage"},"image":{"@id":"https:\/\/animefigurer.se\/figurer\/demon-slayer-kimetsu-no-yaiba\/demon-slayer-kimetsu-no-yaiba-tekupiku-tanjiro-kamado-completed\/#primaryimage"},"thumbnailUrl":"https:\/\/animefigurer.se\/wp-content\/uploads\/2026\/04\/11363269a.webp","datePublished":"2026-04-05T01:35:38+00:00","dateModified":"2026-04-05T11:47:45+00:00","breadcrumb":{"@id":"https:\/\/animefigurer.se\/figurer\/demon-slayer-kimetsu-no-yaiba\/demon-slayer-kimetsu-no-yaiba-tekupiku-tanjiro-kamado-completed\/#breadcrumb"},"inLanguage":"en-GB","potentialAction":[{"@type":"ReadAction","target":["https:\/\/animefigurer.se\/figurer\/demon-slayer-kimetsu-no-yaiba\/demon-slayer-kimetsu-no-yaiba-tekupiku-tanjiro-kamado-completed\/"]}]},{"@type":"ImageObject","inLanguage":"en-GB","@id":"https:\/\/animefigurer.se\/figurer\/demon-slayer-kimetsu-no-yaiba\/demon-slayer-kimetsu-no-yaiba-tekupiku-tanjiro-kamado-completed\/#primaryimage","url":"https:\/\/animefigurer.se\/wp-content\/uploads\/2026\/04\/11363269a.webp","contentUrl":"https:\/\/animefigurer.se\/wp-content\/uploads\/2026\/04\/11363269a.webp","width":960,"height":1200,"caption":"Demon Slayer: Kimetsu no YaibaT: ekupiku Nezuko Kamado (Completed) (kopia)"},{"@type":"BreadcrumbList","@id":"https:\/\/animefigurer.se\/figurer\/demon-slayer-kimetsu-no-yaiba\/demon-slayer-kimetsu-no-yaiba-tekupiku-tanjiro-kamado-completed\/#breadcrumb","itemListElement":[{"@type":"ListItem","position":1,"name":"Home","item":"https:\/\/animefigurer.se\/"},{"@type":"ListItem","position":2,"name":"Butik","item":"https:\/\/animefigurer.se\/figurer\/"},{"@type":"ListItem","position":3,"name":"Demon Slayer: Kimetsu no Yaiba: Tekupiku Tanjiro Kamado (Completed)"}]},{"@type":"WebSite","@id":"https:\/\/animefigurer.se\/#website","url":"https:\/\/animefigurer.se\/","name":"Animefigurer.se","description":"Anime figures from over 300 different anime series with over 9000 products | Anime Shop","publisher":{"@id":"https:\/\/animefigurer.se\/#organization"},"potentialAction":[{"@type":"SearchAction","target":{"@type":"EntryPoint","urlTemplate":"https:\/\/animefigurer.se\/?s={search_term_string}"},"query-input":{"@type":"PropertyValueSpecification","valueRequired":true,"valueName":"search_term_string"}}],"inLanguage":"en-GB"},{"@type":"Organization","@id":"https:\/\/animefigurer.se\/#organization","name":"Animefigurer.se","alternateName":"Anime figurer | Anime shop","url":"https:\/\/animefigurer.se\/","logo":{"@type":"ImageObject","inLanguage":"en-GB","@id":"https:\/\/animefigurer.se\/#\/schema\/logo\/image\/","url":"https:\/\/animefigurer.se\/wp-content\/uploads\/2025\/12\/Animefigurer_logowhite.png","contentUrl":"https:\/\/animefigurer.se\/wp-content\/uploads\/2025\/12\/Animefigurer_logowhite.png","width":1890,"height":1417,"caption":"Animefigurer.se"},"image":{"@id":"https:\/\/animefigurer.se\/#\/schema\/logo\/image\/"},"sameAs":["https:\/\/www.facebook.com\/profile.php?id=61581826539670","https:\/\/www.instagram.com\/animefigurer.se\/"],"email":"info@animefigurer.se"}]}},"_links":{"self":[{"href":"https:\/\/animefigurer.se\/en\/wp-json\/wp\/v2\/product\/95008","targetHints":{"allow":["GET"]}}],"collection":[{"href":"https:\/\/animefigurer.se\/en\/wp-json\/wp\/v2\/product"}],"about":[{"href":"https:\/\/animefigurer.se\/en\/wp-json\/wp\/v2\/types\/product"}],"replies":[{"embeddable":true,"href":"https:\/\/animefigurer.se\/en\/wp-json\/wp\/v2\/comments?post=95008"}],"wp:featuredmedia":[{"embeddable":true,"href":"https:\/\/animefigurer.se\/en\/wp-json\/wp\/v2\/media\/95010"}],"wp:attachment":[{"href":"https:\/\/animefigurer.se\/en\/wp-json\/wp\/v2\/media?parent=95008"}],"wp:term":[{"taxonomy":"product_brand","embeddable":true,"href":"https:\/\/animefigurer.se\/en\/wp-json\/wp\/v2\/product_brand?post=95008"},{"taxonomy":"product_cat","embeddable":true,"href":"https:\/\/animefigurer.se\/en\/wp-json\/wp\/v2\/product_cat?post=95008"},{"taxonomy":"product_tag","embeddable":true,"href":"https:\/\/animefigurer.se\/en\/wp-json\/wp\/v2\/product_tag?post=95008"},{"taxonomy":"giftcard-category","embeddable":true,"href":"https:\/\/animefigurer.se\/en\/wp-json\/wp\/v2\/giftcard-category?post=95008"}],"curies":[{"name":"wp","href":"https:\/\/api.w.org\/{rel}","templated":true}]}}