{"id":94871,"date":"2026-04-04T10:21:26","date_gmt":"2026-04-04T08:21:26","guid":{"rendered":"https:\/\/animefigurer.se\/?post_type=product&#038;p=94871"},"modified":"2026-04-04T15:00:53","modified_gmt":"2026-04-04T13:00:53","slug":"magical-girl-witch-trials-huggy-good-smile-hiro-nikaido-figure","status":"publish","type":"product","link":"https:\/\/animefigurer.se\/en\/figurer\/magical-girl-witch-trials\/magical-girl-witch-trials-huggy-good-smile-hiro-nikaido-figure\/","title":{"rendered":"Magical Girl Witch Trials: Huggy Good Smile Hiro Nikaido (Figure)"},"content":{"rendered":"<p data-path-to-node=\"1\">Meet Hiro Nikaido from \u201dMagical Girl Witch Trials\u201d in this adorable figure from Good Smile\u2019s new Huggy Good Smile series. This chibi figure is not only incredibly cute but also interactive; with movable arms that can be raised and lowered and a magnet built into the back of his head, Hiro can be \u201dhugged\u201d or attached to metal surfaces. It\u2019s the perfect little detail to liven up your desk or computer screen.<\/p>\n<p data-path-to-node=\"2\">The figure is approximately 6.5 cm tall and made of painted plastic with great attention to detail for the character despite its small size. As an official Japanese product, it combines playfulness with high quality. Whether you want a faithful companion by your side during the workday or want to expand your collection with something unique, this Hiro Nikaido figure is a great choice for any fan.<\/p>","protected":false},"excerpt":{"rendered":"<p>M\u00f6t Hiro Nikaido fr\u00e5n &#8221;Magical Girl Witch Trials&#8221; i denna bed\u00e5rande figur fr\u00e5n Good Smiles nya serie, Huggy Good Smile. Denna chibi-figur \u00e4r inte bara otroligt s\u00f6t utan ocks\u00e5 interaktiv; med r\u00f6rliga armar som kan h\u00f6jas och s\u00e4nkas samt en magnet inbyggd i bakhuvudet kan Hiro &#8221;kramas&#8221; eller f\u00e4stas p\u00e5 metallytor. Det \u00e4r den perfekta [&hellip;]<\/p>\n","protected":false},"featured_media":94872,"comment_status":"open","ping_status":"closed","template":"","meta":{"_acf_changed":false,"_monsterinsights_skip_tracking":false,"_monsterinsights_sitenote_active":false,"_monsterinsights_sitenote_note":"","_monsterinsights_sitenote_category":0},"product_brand":[7487],"product_cat":[7775],"product_tag":[26],"giftcard-category":[],"class_list":{"0":"post-94871","1":"product","2":"type-product","3":"status-publish","4":"has-post-thumbnail","6":"product_brand-good-smile-arts-shanghai","7":"product_cat-magical-girl-witch-trials","8":"product_tag-pre-order","9":"pa_franchise-magical-girl-witch-trials","10":"pa_karaktar-hiro-nikaido","11":"pa_material-plastic","12":"pa_produktserie-huggy-good-smile","13":"pa_storlek-6-5-cm","15":"first","16":"instock","17":"taxable","18":"shipping-taxable","19":"purchasable","20":"product-type-simple"},"acf":[],"yoast_head":"<!-- This site is optimized with the Yoast SEO Premium plugin v24.6 (Yoast SEO v27.3) - https:\/\/yoast.com\/product\/yoast-seo-premium-wordpress\/ -->\n<title>Magical Girl Witch Trials: Huggy Good Smile Hiro Nikaido (Figure) | Animefigurer.se<\/title>\n<meta name=\"robots\" content=\"index, follow, max-snippet:-1, max-image-preview:large, max-video-preview:-1\" \/>\n<link rel=\"canonical\" href=\"https:\/\/animefigurer.se\/en\/figurer\/magical-girl-witch-trials\/magical-girl-witch-trials-huggy-good-smile-hiro-nikaido-figure\/\" \/>\n<meta property=\"og:locale\" content=\"en_GB\" \/>\n<meta property=\"og:type\" content=\"article\" \/>\n<meta property=\"og:title\" content=\"Magical Girl Witch Trials: Huggy Good Smile Hiro Nikaido (Figure)\" \/>\n<meta property=\"og:description\" content=\"M\u00f6t Hiro Nikaido fr\u00e5n &#8221;Magical Girl Witch Trials&#8221; i denna bed\u00e5rande figur fr\u00e5n Good Smiles nya serie, Huggy Good Smile. Denna chibi-figur \u00e4r inte bara otroligt s\u00f6t utan ocks\u00e5 interaktiv; med r\u00f6rliga armar som kan h\u00f6jas och s\u00e4nkas samt en magnet inbyggd i bakhuvudet kan Hiro &#8221;kramas&#8221; eller f\u00e4stas p\u00e5 metallytor. Det \u00e4r den perfekta [&hellip;]\" \/>\n<meta property=\"og:url\" content=\"https:\/\/animefigurer.se\/en\/figurer\/magical-girl-witch-trials\/magical-girl-witch-trials-huggy-good-smile-hiro-nikaido-figure\/\" \/>\n<meta property=\"og:site_name\" content=\"Animefigurer.se\" \/>\n<meta property=\"article:publisher\" content=\"https:\/\/www.facebook.com\/profile.php?id=61581826539670\" \/>\n<meta property=\"article:modified_time\" content=\"2026-04-04T13:00:53+00:00\" \/>\n<meta property=\"og:image\" content=\"https:\/\/animefigurer.se\/wp-content\/uploads\/2026\/04\/11364236a.webp\" \/>\n\t<meta property=\"og:image:width\" content=\"750\" \/>\n\t<meta property=\"og:image:height\" content=\"750\" \/>\n\t<meta property=\"og:image:type\" content=\"image\/webp\" \/>\n<meta name=\"twitter:card\" content=\"summary_large_image\" \/>\n<meta name=\"twitter:label1\" content=\"Estimated reading time\" \/>\n\t<meta name=\"twitter:data1\" content=\"1 minute\" \/>\n<script type=\"application\/ld+json\" class=\"yoast-schema-graph\">{\"@context\":\"https:\\\/\\\/schema.org\",\"@graph\":[{\"@type\":\"WebPage\",\"@id\":\"https:\\\/\\\/animefigurer.se\\\/figurer\\\/magical-girl-witch-trials\\\/magical-girl-witch-trials-huggy-good-smile-hiro-nikaido-figure\\\/\",\"url\":\"https:\\\/\\\/animefigurer.se\\\/figurer\\\/magical-girl-witch-trials\\\/magical-girl-witch-trials-huggy-good-smile-hiro-nikaido-figure\\\/\",\"name\":\"Magical Girl Witch Trials: Huggy Good Smile Hiro Nikaido (Figure) | Animefigurer.se\",\"isPartOf\":{\"@id\":\"https:\\\/\\\/animefigurer.se\\\/#website\"},\"primaryImageOfPage\":{\"@id\":\"https:\\\/\\\/animefigurer.se\\\/figurer\\\/magical-girl-witch-trials\\\/magical-girl-witch-trials-huggy-good-smile-hiro-nikaido-figure\\\/#primaryimage\"},\"image\":{\"@id\":\"https:\\\/\\\/animefigurer.se\\\/figurer\\\/magical-girl-witch-trials\\\/magical-girl-witch-trials-huggy-good-smile-hiro-nikaido-figure\\\/#primaryimage\"},\"thumbnailUrl\":\"https:\\\/\\\/animefigurer.se\\\/wp-content\\\/uploads\\\/2026\\\/04\\\/11364236a.webp\",\"datePublished\":\"2026-04-04T08:21:26+00:00\",\"dateModified\":\"2026-04-04T13:00:53+00:00\",\"breadcrumb\":{\"@id\":\"https:\\\/\\\/animefigurer.se\\\/figurer\\\/magical-girl-witch-trials\\\/magical-girl-witch-trials-huggy-good-smile-hiro-nikaido-figure\\\/#breadcrumb\"},\"inLanguage\":\"en-GB\",\"potentialAction\":[{\"@type\":\"ReadAction\",\"target\":[\"https:\\\/\\\/animefigurer.se\\\/figurer\\\/magical-girl-witch-trials\\\/magical-girl-witch-trials-huggy-good-smile-hiro-nikaido-figure\\\/\"]}]},{\"@type\":\"ImageObject\",\"inLanguage\":\"en-GB\",\"@id\":\"https:\\\/\\\/animefigurer.se\\\/figurer\\\/magical-girl-witch-trials\\\/magical-girl-witch-trials-huggy-good-smile-hiro-nikaido-figure\\\/#primaryimage\",\"url\":\"https:\\\/\\\/animefigurer.se\\\/wp-content\\\/uploads\\\/2026\\\/04\\\/11364236a.webp\",\"contentUrl\":\"https:\\\/\\\/animefigurer.se\\\/wp-content\\\/uploads\\\/2026\\\/04\\\/11364236a.webp\",\"width\":750,\"height\":750,\"caption\":\"Huggy Good Smile Hiro Nikaido (Figure)\"},{\"@type\":\"BreadcrumbList\",\"@id\":\"https:\\\/\\\/animefigurer.se\\\/figurer\\\/magical-girl-witch-trials\\\/magical-girl-witch-trials-huggy-good-smile-hiro-nikaido-figure\\\/#breadcrumb\",\"itemListElement\":[{\"@type\":\"ListItem\",\"position\":1,\"name\":\"Home\",\"item\":\"https:\\\/\\\/animefigurer.se\\\/\"},{\"@type\":\"ListItem\",\"position\":2,\"name\":\"Butik\",\"item\":\"https:\\\/\\\/animefigurer.se\\\/figurer\\\/\"},{\"@type\":\"ListItem\",\"position\":3,\"name\":\"Magical Girl Witch Trials: Huggy Good Smile Hiro Nikaido (Figure)\"}]},{\"@type\":\"WebSite\",\"@id\":\"https:\\\/\\\/animefigurer.se\\\/#website\",\"url\":\"https:\\\/\\\/animefigurer.se\\\/\",\"name\":\"Animefigurer.se\",\"description\":\"Anime figurer fr\u00e5n \u00f6ver 300 olika anime serier med \u00f6ver 9000 produkter | Anime Shop\",\"publisher\":{\"@id\":\"https:\\\/\\\/animefigurer.se\\\/#organization\"},\"potentialAction\":[{\"@type\":\"SearchAction\",\"target\":{\"@type\":\"EntryPoint\",\"urlTemplate\":\"https:\\\/\\\/animefigurer.se\\\/?s={search_term_string}\"},\"query-input\":{\"@type\":\"PropertyValueSpecification\",\"valueRequired\":true,\"valueName\":\"search_term_string\"}}],\"inLanguage\":\"en-GB\"},{\"@type\":\"Organization\",\"@id\":\"https:\\\/\\\/animefigurer.se\\\/#organization\",\"name\":\"Animefigurer.se\",\"alternateName\":\"Anime figurer | Anime shop\",\"url\":\"https:\\\/\\\/animefigurer.se\\\/\",\"logo\":{\"@type\":\"ImageObject\",\"inLanguage\":\"en-GB\",\"@id\":\"https:\\\/\\\/animefigurer.se\\\/#\\\/schema\\\/logo\\\/image\\\/\",\"url\":\"https:\\\/\\\/animefigurer.se\\\/wp-content\\\/uploads\\\/2025\\\/12\\\/Animefigurer_logowhite.png\",\"contentUrl\":\"https:\\\/\\\/animefigurer.se\\\/wp-content\\\/uploads\\\/2025\\\/12\\\/Animefigurer_logowhite.png\",\"width\":1890,\"height\":1417,\"caption\":\"Animefigurer.se\"},\"image\":{\"@id\":\"https:\\\/\\\/animefigurer.se\\\/#\\\/schema\\\/logo\\\/image\\\/\"},\"sameAs\":[\"https:\\\/\\\/www.facebook.com\\\/profile.php?id=61581826539670\",\"https:\\\/\\\/www.instagram.com\\\/animefigurer.se\\\/\"],\"email\":\"info@animefigurer.se\"}]}<\/script>\n<!-- \/ Yoast SEO Premium plugin. -->","yoast_head_json":{"title":"Magical Girl Witch Trials: Huggy Good Smile Hiro Nikaido (Figure) | Animefigurer.se","robots":{"index":"index","follow":"follow","max-snippet":"max-snippet:-1","max-image-preview":"max-image-preview:large","max-video-preview":"max-video-preview:-1"},"canonical":"https:\/\/animefigurer.se\/en\/figurer\/magical-girl-witch-trials\/magical-girl-witch-trials-huggy-good-smile-hiro-nikaido-figure\/","og_locale":"en_GB","og_type":"article","og_title":"Magical Girl Witch Trials: Huggy Good Smile Hiro Nikaido (Figure)","og_description":"M\u00f6t Hiro Nikaido fr\u00e5n &#8221;Magical Girl Witch Trials&#8221; i denna bed\u00e5rande figur fr\u00e5n Good Smiles nya serie, Huggy Good Smile. Denna chibi-figur \u00e4r inte bara otroligt s\u00f6t utan ocks\u00e5 interaktiv; med r\u00f6rliga armar som kan h\u00f6jas och s\u00e4nkas samt en magnet inbyggd i bakhuvudet kan Hiro &#8221;kramas&#8221; eller f\u00e4stas p\u00e5 metallytor. Det \u00e4r den perfekta [&hellip;]","og_url":"https:\/\/animefigurer.se\/en\/figurer\/magical-girl-witch-trials\/magical-girl-witch-trials-huggy-good-smile-hiro-nikaido-figure\/","og_site_name":"Animefigurer.se","article_publisher":"https:\/\/www.facebook.com\/profile.php?id=61581826539670","article_modified_time":"2026-04-04T13:00:53+00:00","og_image":[{"width":750,"height":750,"url":"https:\/\/animefigurer.se\/wp-content\/uploads\/2026\/04\/11364236a.webp","type":"image\/webp"}],"twitter_card":"summary_large_image","twitter_misc":{"Estimated reading time":"1 minute"},"schema":{"@context":"https:\/\/schema.org","@graph":[{"@type":"WebPage","@id":"https:\/\/animefigurer.se\/figurer\/magical-girl-witch-trials\/magical-girl-witch-trials-huggy-good-smile-hiro-nikaido-figure\/","url":"https:\/\/animefigurer.se\/figurer\/magical-girl-witch-trials\/magical-girl-witch-trials-huggy-good-smile-hiro-nikaido-figure\/","name":"Magical Girl Witch Trials: Huggy Good Smile Hiro Nikaido (Figure) | Animefigurer.se","isPartOf":{"@id":"https:\/\/animefigurer.se\/#website"},"primaryImageOfPage":{"@id":"https:\/\/animefigurer.se\/figurer\/magical-girl-witch-trials\/magical-girl-witch-trials-huggy-good-smile-hiro-nikaido-figure\/#primaryimage"},"image":{"@id":"https:\/\/animefigurer.se\/figurer\/magical-girl-witch-trials\/magical-girl-witch-trials-huggy-good-smile-hiro-nikaido-figure\/#primaryimage"},"thumbnailUrl":"https:\/\/animefigurer.se\/wp-content\/uploads\/2026\/04\/11364236a.webp","datePublished":"2026-04-04T08:21:26+00:00","dateModified":"2026-04-04T13:00:53+00:00","breadcrumb":{"@id":"https:\/\/animefigurer.se\/figurer\/magical-girl-witch-trials\/magical-girl-witch-trials-huggy-good-smile-hiro-nikaido-figure\/#breadcrumb"},"inLanguage":"en-GB","potentialAction":[{"@type":"ReadAction","target":["https:\/\/animefigurer.se\/figurer\/magical-girl-witch-trials\/magical-girl-witch-trials-huggy-good-smile-hiro-nikaido-figure\/"]}]},{"@type":"ImageObject","inLanguage":"en-GB","@id":"https:\/\/animefigurer.se\/figurer\/magical-girl-witch-trials\/magical-girl-witch-trials-huggy-good-smile-hiro-nikaido-figure\/#primaryimage","url":"https:\/\/animefigurer.se\/wp-content\/uploads\/2026\/04\/11364236a.webp","contentUrl":"https:\/\/animefigurer.se\/wp-content\/uploads\/2026\/04\/11364236a.webp","width":750,"height":750,"caption":"Huggy Good Smile Hiro Nikaido (Figure)"},{"@type":"BreadcrumbList","@id":"https:\/\/animefigurer.se\/figurer\/magical-girl-witch-trials\/magical-girl-witch-trials-huggy-good-smile-hiro-nikaido-figure\/#breadcrumb","itemListElement":[{"@type":"ListItem","position":1,"name":"Home","item":"https:\/\/animefigurer.se\/"},{"@type":"ListItem","position":2,"name":"Butik","item":"https:\/\/animefigurer.se\/figurer\/"},{"@type":"ListItem","position":3,"name":"Magical Girl Witch Trials: Huggy Good Smile Hiro Nikaido (Figure)"}]},{"@type":"WebSite","@id":"https:\/\/animefigurer.se\/#website","url":"https:\/\/animefigurer.se\/","name":"Animefigurer.se","description":"Anime figures from over 300 different anime series with over 9000 products | Anime Shop","publisher":{"@id":"https:\/\/animefigurer.se\/#organization"},"potentialAction":[{"@type":"SearchAction","target":{"@type":"EntryPoint","urlTemplate":"https:\/\/animefigurer.se\/?s={search_term_string}"},"query-input":{"@type":"PropertyValueSpecification","valueRequired":true,"valueName":"search_term_string"}}],"inLanguage":"en-GB"},{"@type":"Organization","@id":"https:\/\/animefigurer.se\/#organization","name":"Animefigurer.se","alternateName":"Anime figurer | Anime shop","url":"https:\/\/animefigurer.se\/","logo":{"@type":"ImageObject","inLanguage":"en-GB","@id":"https:\/\/animefigurer.se\/#\/schema\/logo\/image\/","url":"https:\/\/animefigurer.se\/wp-content\/uploads\/2025\/12\/Animefigurer_logowhite.png","contentUrl":"https:\/\/animefigurer.se\/wp-content\/uploads\/2025\/12\/Animefigurer_logowhite.png","width":1890,"height":1417,"caption":"Animefigurer.se"},"image":{"@id":"https:\/\/animefigurer.se\/#\/schema\/logo\/image\/"},"sameAs":["https:\/\/www.facebook.com\/profile.php?id=61581826539670","https:\/\/www.instagram.com\/animefigurer.se\/"],"email":"info@animefigurer.se"}]}},"_links":{"self":[{"href":"https:\/\/animefigurer.se\/en\/wp-json\/wp\/v2\/product\/94871","targetHints":{"allow":["GET"]}}],"collection":[{"href":"https:\/\/animefigurer.se\/en\/wp-json\/wp\/v2\/product"}],"about":[{"href":"https:\/\/animefigurer.se\/en\/wp-json\/wp\/v2\/types\/product"}],"replies":[{"embeddable":true,"href":"https:\/\/animefigurer.se\/en\/wp-json\/wp\/v2\/comments?post=94871"}],"wp:featuredmedia":[{"embeddable":true,"href":"https:\/\/animefigurer.se\/en\/wp-json\/wp\/v2\/media\/94872"}],"wp:attachment":[{"href":"https:\/\/animefigurer.se\/en\/wp-json\/wp\/v2\/media?parent=94871"}],"wp:term":[{"taxonomy":"product_brand","embeddable":true,"href":"https:\/\/animefigurer.se\/en\/wp-json\/wp\/v2\/product_brand?post=94871"},{"taxonomy":"product_cat","embeddable":true,"href":"https:\/\/animefigurer.se\/en\/wp-json\/wp\/v2\/product_cat?post=94871"},{"taxonomy":"product_tag","embeddable":true,"href":"https:\/\/animefigurer.se\/en\/wp-json\/wp\/v2\/product_tag?post=94871"},{"taxonomy":"giftcard-category","embeddable":true,"href":"https:\/\/animefigurer.se\/en\/wp-json\/wp\/v2\/giftcard-category?post=94871"}],"curies":[{"name":"wp","href":"https:\/\/api.w.org\/{rel}","templated":true}]}}