{"id":94493,"date":"2026-04-01T10:23:15","date_gmt":"2026-04-01T08:23:15","guid":{"rendered":"https:\/\/animefigurer.se\/?post_type=product&#038;p=94493"},"modified":"2026-04-01T10:41:41","modified_gmt":"2026-04-01T08:41:41","slug":"goddess-of-victory-nikke-nendoroid-modernia-2","status":"publish","type":"product","link":"https:\/\/animefigurer.se\/en\/figurer\/goddess-of-victory-nikke\/goddess-of-victory-nikke-nendoroid-cinderella-figure\/","title":{"rendered":"Goddess of Victory: Nikke Nendoroid Cinderella (Figure)"},"content":{"rendered":"<p data-start=\"505\" data-end=\"834\">This Nendoroid figure depicts <strong data-start=\"539\" data-end=\"553\">Cinderella<\/strong> from <strong data-start=\"559\" data-end=\"588\">GODDESS OF VICTORY: NIKKE<\/strong> and is produced by <strong data-start=\"610\" data-end=\"638\">Good Smile Arts Shanghai<\/strong>. Figuren har den klassiska Nendoroid-designen med en kompakt och stiliserad form som f\u00e5ngar karakt\u00e4rens eleganta uttryck och charm p\u00e5 ett samlarv\u00e4nligt s\u00e4tt.<\/p>\n<p data-start=\"836\" data-end=\"1125\">The figure is approximately <strong data-start=\"853\" data-end=\"866\">10 cm high<\/strong> och levereras med flera delar, inklusive <strong data-start=\"908\" data-end=\"927\">standardansikte<\/strong>, <strong data-start=\"929\" data-end=\"944\">slutna \u00f6gon<\/strong> and <strong data-start=\"949\" data-end=\"961\">glasskor<\/strong> i olika storlekar f\u00f6r varierade poser. En perfekt samlarfigur f\u00f6r fans av <strong data-start=\"1036\" data-end=\"1065\">GODDESS OF VICTORY: NIKKE<\/strong> and the Nendoroid series.<\/p>","protected":false},"excerpt":{"rendered":"<p>Denna Nendoroid-figur f\u00f6rest\u00e4ller Cinderella fr\u00e5n GODDESS OF VICTORY: NIKKE och \u00e4r producerad av Good Smile Arts Shanghai. Figuren har den klassiska Nendoroid-designen med en kompakt och stiliserad form som f\u00e5ngar karakt\u00e4rens eleganta uttryck och charm p\u00e5 ett samlarv\u00e4nligt s\u00e4tt. Figuren \u00e4r cirka 10 cm h\u00f6g och levereras med flera delar, inklusive standardansikte, slutna \u00f6gon och [&hellip;]<\/p>\n","protected":false},"featured_media":94494,"comment_status":"closed","ping_status":"closed","template":"","meta":{"_acf_changed":false,"_monsterinsights_skip_tracking":false,"_monsterinsights_sitenote_active":false,"_monsterinsights_sitenote_note":"","_monsterinsights_sitenote_category":0},"product_brand":[7487],"product_cat":[2551],"product_tag":[26],"giftcard-category":[],"class_list":{"0":"post-94493","1":"product","2":"type-product","3":"status-publish","4":"has-post-thumbnail","6":"product_brand-good-smile-arts-shanghai","7":"product_cat-goddess-of-victory-nikke","8":"product_tag-pre-order","9":"pa_franchise-goddess-of-victory-nikke","10":"pa_karaktar-cinderella","11":"pa_material-pvc-abs","12":"pa_produktserie-nendoroid","13":"pa_storlek-10-cm","15":"first","16":"instock","17":"taxable","18":"shipping-taxable","19":"purchasable","20":"product-type-simple"},"acf":[],"yoast_head":"<!-- This site is optimized with the Yoast SEO Premium plugin v24.6 (Yoast SEO v27.4) - https:\/\/yoast.com\/product\/yoast-seo-premium-wordpress\/ -->\n<title>Goddess of Victory: Nikke Nendoroid Cinderella (Figure) | Animefigurer.se<\/title>\n<meta name=\"robots\" content=\"index, follow, max-snippet:-1, max-image-preview:large, max-video-preview:-1\" \/>\n<link rel=\"canonical\" href=\"https:\/\/animefigurer.se\/en\/figurer\/goddess-of-victory-nikke\/goddess-of-victory-nikke-nendoroid-modernia-2\/\" \/>\n<meta property=\"og:locale\" content=\"en_GB\" \/>\n<meta property=\"og:type\" content=\"article\" \/>\n<meta property=\"og:title\" content=\"Goddess of Victory: Nikke Nendoroid Cinderella (Figure)\" \/>\n<meta property=\"og:description\" content=\"Denna Nendoroid-figur f\u00f6rest\u00e4ller Cinderella fr\u00e5n GODDESS OF VICTORY: NIKKE och \u00e4r producerad av Good Smile Arts Shanghai. Figuren har den klassiska Nendoroid-designen med en kompakt och stiliserad form som f\u00e5ngar karakt\u00e4rens eleganta uttryck och charm p\u00e5 ett samlarv\u00e4nligt s\u00e4tt. Figuren \u00e4r cirka 10 cm h\u00f6g och levereras med flera delar, inklusive standardansikte, slutna \u00f6gon och [&hellip;]\" \/>\n<meta property=\"og:url\" content=\"https:\/\/animefigurer.se\/en\/figurer\/goddess-of-victory-nikke\/goddess-of-victory-nikke-nendoroid-modernia-2\/\" \/>\n<meta property=\"og:site_name\" content=\"Animefigurer.se\" \/>\n<meta property=\"article:publisher\" content=\"https:\/\/www.facebook.com\/profile.php?id=61581826539670\" \/>\n<meta property=\"article:modified_time\" content=\"2026-04-01T08:41:41+00:00\" \/>\n<meta property=\"og:image\" content=\"https:\/\/animefigurer.se\/wp-content\/uploads\/2026\/04\/11362384a.webp\" \/>\n\t<meta property=\"og:image:width\" content=\"1000\" \/>\n\t<meta property=\"og:image:height\" content=\"750\" \/>\n\t<meta property=\"og:image:type\" content=\"image\/webp\" \/>\n<meta name=\"twitter:card\" content=\"summary_large_image\" \/>\n<meta name=\"twitter:label1\" content=\"Estimated reading time\" \/>\n\t<meta name=\"twitter:data1\" content=\"1 minute\" \/>\n<script type=\"application\/ld+json\" class=\"yoast-schema-graph\">{\"@context\":\"https:\\\/\\\/schema.org\",\"@graph\":[{\"@type\":\"WebPage\",\"@id\":\"https:\\\/\\\/animefigurer.se\\\/figurer\\\/goddess-of-victory-nikke\\\/goddess-of-victory-nikke-nendoroid-cinderella-figure\\\/\",\"url\":\"https:\\\/\\\/animefigurer.se\\\/figurer\\\/goddess-of-victory-nikke\\\/goddess-of-victory-nikke-nendoroid-cinderella-figure\\\/\",\"name\":\"Goddess of Victory: Nikke Nendoroid Cinderella (Figure) | Animefigurer.se\",\"isPartOf\":{\"@id\":\"https:\\\/\\\/animefigurer.se\\\/#website\"},\"primaryImageOfPage\":{\"@id\":\"https:\\\/\\\/animefigurer.se\\\/figurer\\\/goddess-of-victory-nikke\\\/goddess-of-victory-nikke-nendoroid-cinderella-figure\\\/#primaryimage\"},\"image\":{\"@id\":\"https:\\\/\\\/animefigurer.se\\\/figurer\\\/goddess-of-victory-nikke\\\/goddess-of-victory-nikke-nendoroid-cinderella-figure\\\/#primaryimage\"},\"thumbnailUrl\":\"https:\\\/\\\/animefigurer.se\\\/wp-content\\\/uploads\\\/2026\\\/04\\\/11362384a.webp\",\"datePublished\":\"2026-04-01T08:23:15+00:00\",\"dateModified\":\"2026-04-01T08:41:41+00:00\",\"breadcrumb\":{\"@id\":\"https:\\\/\\\/animefigurer.se\\\/figurer\\\/goddess-of-victory-nikke\\\/goddess-of-victory-nikke-nendoroid-cinderella-figure\\\/#breadcrumb\"},\"inLanguage\":\"en-GB\",\"potentialAction\":[{\"@type\":\"ReadAction\",\"target\":[\"https:\\\/\\\/animefigurer.se\\\/figurer\\\/goddess-of-victory-nikke\\\/goddess-of-victory-nikke-nendoroid-cinderella-figure\\\/\"]}]},{\"@type\":\"ImageObject\",\"inLanguage\":\"en-GB\",\"@id\":\"https:\\\/\\\/animefigurer.se\\\/figurer\\\/goddess-of-victory-nikke\\\/goddess-of-victory-nikke-nendoroid-cinderella-figure\\\/#primaryimage\",\"url\":\"https:\\\/\\\/animefigurer.se\\\/wp-content\\\/uploads\\\/2026\\\/04\\\/11362384a.webp\",\"contentUrl\":\"https:\\\/\\\/animefigurer.se\\\/wp-content\\\/uploads\\\/2026\\\/04\\\/11362384a.webp\",\"width\":1000,\"height\":750,\"caption\":\"Goddess of Victory: Nikke Nendoroid Cinderella (Figure)\"},{\"@type\":\"BreadcrumbList\",\"@id\":\"https:\\\/\\\/animefigurer.se\\\/figurer\\\/goddess-of-victory-nikke\\\/goddess-of-victory-nikke-nendoroid-cinderella-figure\\\/#breadcrumb\",\"itemListElement\":[{\"@type\":\"ListItem\",\"position\":1,\"name\":\"Home\",\"item\":\"https:\\\/\\\/animefigurer.se\\\/\"},{\"@type\":\"ListItem\",\"position\":2,\"name\":\"Butik\",\"item\":\"https:\\\/\\\/animefigurer.se\\\/figurer\\\/\"},{\"@type\":\"ListItem\",\"position\":3,\"name\":\"Goddess of Victory: Nikke Nendoroid Cinderella (Figure)\"}]},{\"@type\":\"WebSite\",\"@id\":\"https:\\\/\\\/animefigurer.se\\\/#website\",\"url\":\"https:\\\/\\\/animefigurer.se\\\/\",\"name\":\"Animefigurer.se\",\"description\":\"Anime figurer fr\u00e5n \u00f6ver 300 olika anime serier med \u00f6ver 9000 produkter | Anime Shop\",\"publisher\":{\"@id\":\"https:\\\/\\\/animefigurer.se\\\/#organization\"},\"potentialAction\":[{\"@type\":\"SearchAction\",\"target\":{\"@type\":\"EntryPoint\",\"urlTemplate\":\"https:\\\/\\\/animefigurer.se\\\/?s={search_term_string}\"},\"query-input\":{\"@type\":\"PropertyValueSpecification\",\"valueRequired\":true,\"valueName\":\"search_term_string\"}}],\"inLanguage\":\"en-GB\"},{\"@type\":\"Organization\",\"@id\":\"https:\\\/\\\/animefigurer.se\\\/#organization\",\"name\":\"Animefigurer.se\",\"alternateName\":\"Anime figurer | Anime shop\",\"url\":\"https:\\\/\\\/animefigurer.se\\\/\",\"logo\":{\"@type\":\"ImageObject\",\"inLanguage\":\"en-GB\",\"@id\":\"https:\\\/\\\/animefigurer.se\\\/#\\\/schema\\\/logo\\\/image\\\/\",\"url\":\"https:\\\/\\\/animefigurer.se\\\/wp-content\\\/uploads\\\/2025\\\/12\\\/Animefigurer_logowhite.png\",\"contentUrl\":\"https:\\\/\\\/animefigurer.se\\\/wp-content\\\/uploads\\\/2025\\\/12\\\/Animefigurer_logowhite.png\",\"width\":1890,\"height\":1417,\"caption\":\"Animefigurer.se\"},\"image\":{\"@id\":\"https:\\\/\\\/animefigurer.se\\\/#\\\/schema\\\/logo\\\/image\\\/\"},\"sameAs\":[\"https:\\\/\\\/www.facebook.com\\\/profile.php?id=61581826539670\",\"https:\\\/\\\/www.instagram.com\\\/animefigurer.se\\\/\"],\"email\":\"info@animefigurer.se\"}]}<\/script>\n<!-- \/ Yoast SEO Premium plugin. -->","yoast_head_json":{"title":"Goddess of Victory: Nikke Nendoroid Cinderella (Figure) | Animefigurer.se","robots":{"index":"index","follow":"follow","max-snippet":"max-snippet:-1","max-image-preview":"max-image-preview:large","max-video-preview":"max-video-preview:-1"},"canonical":"https:\/\/animefigurer.se\/en\/figurer\/goddess-of-victory-nikke\/goddess-of-victory-nikke-nendoroid-modernia-2\/","og_locale":"en_GB","og_type":"article","og_title":"Goddess of Victory: Nikke Nendoroid Cinderella (Figure)","og_description":"Denna Nendoroid-figur f\u00f6rest\u00e4ller Cinderella fr\u00e5n GODDESS OF VICTORY: NIKKE och \u00e4r producerad av Good Smile Arts Shanghai. Figuren har den klassiska Nendoroid-designen med en kompakt och stiliserad form som f\u00e5ngar karakt\u00e4rens eleganta uttryck och charm p\u00e5 ett samlarv\u00e4nligt s\u00e4tt. Figuren \u00e4r cirka 10 cm h\u00f6g och levereras med flera delar, inklusive standardansikte, slutna \u00f6gon och [&hellip;]","og_url":"https:\/\/animefigurer.se\/en\/figurer\/goddess-of-victory-nikke\/goddess-of-victory-nikke-nendoroid-modernia-2\/","og_site_name":"Animefigurer.se","article_publisher":"https:\/\/www.facebook.com\/profile.php?id=61581826539670","article_modified_time":"2026-04-01T08:41:41+00:00","og_image":[{"width":1000,"height":750,"url":"https:\/\/animefigurer.se\/wp-content\/uploads\/2026\/04\/11362384a.webp","type":"image\/webp"}],"twitter_card":"summary_large_image","twitter_misc":{"Estimated reading time":"1 minute"},"schema":{"@context":"https:\/\/schema.org","@graph":[{"@type":"WebPage","@id":"https:\/\/animefigurer.se\/figurer\/goddess-of-victory-nikke\/goddess-of-victory-nikke-nendoroid-cinderella-figure\/","url":"https:\/\/animefigurer.se\/figurer\/goddess-of-victory-nikke\/goddess-of-victory-nikke-nendoroid-cinderella-figure\/","name":"Goddess of Victory: Nikke Nendoroid Cinderella (Figure) | Animefigurer.se","isPartOf":{"@id":"https:\/\/animefigurer.se\/#website"},"primaryImageOfPage":{"@id":"https:\/\/animefigurer.se\/figurer\/goddess-of-victory-nikke\/goddess-of-victory-nikke-nendoroid-cinderella-figure\/#primaryimage"},"image":{"@id":"https:\/\/animefigurer.se\/figurer\/goddess-of-victory-nikke\/goddess-of-victory-nikke-nendoroid-cinderella-figure\/#primaryimage"},"thumbnailUrl":"https:\/\/animefigurer.se\/wp-content\/uploads\/2026\/04\/11362384a.webp","datePublished":"2026-04-01T08:23:15+00:00","dateModified":"2026-04-01T08:41:41+00:00","breadcrumb":{"@id":"https:\/\/animefigurer.se\/figurer\/goddess-of-victory-nikke\/goddess-of-victory-nikke-nendoroid-cinderella-figure\/#breadcrumb"},"inLanguage":"en-GB","potentialAction":[{"@type":"ReadAction","target":["https:\/\/animefigurer.se\/figurer\/goddess-of-victory-nikke\/goddess-of-victory-nikke-nendoroid-cinderella-figure\/"]}]},{"@type":"ImageObject","inLanguage":"en-GB","@id":"https:\/\/animefigurer.se\/figurer\/goddess-of-victory-nikke\/goddess-of-victory-nikke-nendoroid-cinderella-figure\/#primaryimage","url":"https:\/\/animefigurer.se\/wp-content\/uploads\/2026\/04\/11362384a.webp","contentUrl":"https:\/\/animefigurer.se\/wp-content\/uploads\/2026\/04\/11362384a.webp","width":1000,"height":750,"caption":"Goddess of Victory: Nikke Nendoroid Cinderella (Figure)"},{"@type":"BreadcrumbList","@id":"https:\/\/animefigurer.se\/figurer\/goddess-of-victory-nikke\/goddess-of-victory-nikke-nendoroid-cinderella-figure\/#breadcrumb","itemListElement":[{"@type":"ListItem","position":1,"name":"Home","item":"https:\/\/animefigurer.se\/"},{"@type":"ListItem","position":2,"name":"Butik","item":"https:\/\/animefigurer.se\/figurer\/"},{"@type":"ListItem","position":3,"name":"Goddess of Victory: Nikke Nendoroid Cinderella (Figure)"}]},{"@type":"WebSite","@id":"https:\/\/animefigurer.se\/#website","url":"https:\/\/animefigurer.se\/","name":"Animefigurer.se","description":"Anime figures from over 300 different anime series with over 9000 products | Anime Shop","publisher":{"@id":"https:\/\/animefigurer.se\/#organization"},"potentialAction":[{"@type":"SearchAction","target":{"@type":"EntryPoint","urlTemplate":"https:\/\/animefigurer.se\/?s={search_term_string}"},"query-input":{"@type":"PropertyValueSpecification","valueRequired":true,"valueName":"search_term_string"}}],"inLanguage":"en-GB"},{"@type":"Organization","@id":"https:\/\/animefigurer.se\/#organization","name":"Animefigurer.se","alternateName":"Anime figurer | Anime shop","url":"https:\/\/animefigurer.se\/","logo":{"@type":"ImageObject","inLanguage":"en-GB","@id":"https:\/\/animefigurer.se\/#\/schema\/logo\/image\/","url":"https:\/\/animefigurer.se\/wp-content\/uploads\/2025\/12\/Animefigurer_logowhite.png","contentUrl":"https:\/\/animefigurer.se\/wp-content\/uploads\/2025\/12\/Animefigurer_logowhite.png","width":1890,"height":1417,"caption":"Animefigurer.se"},"image":{"@id":"https:\/\/animefigurer.se\/#\/schema\/logo\/image\/"},"sameAs":["https:\/\/www.facebook.com\/profile.php?id=61581826539670","https:\/\/www.instagram.com\/animefigurer.se\/"],"email":"info@animefigurer.se"}]}},"_links":{"self":[{"href":"https:\/\/animefigurer.se\/en\/wp-json\/wp\/v2\/product\/94493","targetHints":{"allow":["GET"]}}],"collection":[{"href":"https:\/\/animefigurer.se\/en\/wp-json\/wp\/v2\/product"}],"about":[{"href":"https:\/\/animefigurer.se\/en\/wp-json\/wp\/v2\/types\/product"}],"replies":[{"embeddable":true,"href":"https:\/\/animefigurer.se\/en\/wp-json\/wp\/v2\/comments?post=94493"}],"wp:featuredmedia":[{"embeddable":true,"href":"https:\/\/animefigurer.se\/en\/wp-json\/wp\/v2\/media\/94494"}],"wp:attachment":[{"href":"https:\/\/animefigurer.se\/en\/wp-json\/wp\/v2\/media?parent=94493"}],"wp:term":[{"taxonomy":"product_brand","embeddable":true,"href":"https:\/\/animefigurer.se\/en\/wp-json\/wp\/v2\/product_brand?post=94493"},{"taxonomy":"product_cat","embeddable":true,"href":"https:\/\/animefigurer.se\/en\/wp-json\/wp\/v2\/product_cat?post=94493"},{"taxonomy":"product_tag","embeddable":true,"href":"https:\/\/animefigurer.se\/en\/wp-json\/wp\/v2\/product_tag?post=94493"},{"taxonomy":"giftcard-category","embeddable":true,"href":"https:\/\/animefigurer.se\/en\/wp-json\/wp\/v2\/giftcard-category?post=94493"}],"curies":[{"name":"wp","href":"https:\/\/api.w.org\/{rel}","templated":true}]}}