{"id":94451,"date":"2026-04-01T08:09:00","date_gmt":"2026-04-01T06:09:00","guid":{"rendered":"https:\/\/animefigurer.se\/?post_type=product&#038;p=94451"},"modified":"2026-04-03T18:57:03","modified_gmt":"2026-04-03T16:57:03","slug":"nendoroid-nana-komatsu-figure","status":"publish","type":"product","link":"https:\/\/animefigurer.se\/en\/figurer\/nana\/nendoroid-nana-komatsu-figure\/","title":{"rendered":"Nendoroid Nana Komatsu (Figure)"},"content":{"rendered":"<p data-start=\"194\" data-end=\"501\">This Nendoroid figure depicts Nana Komatsu from the popular manga <em data-start=\"266\" data-end=\"272\">NANA<\/em> and is produced by Good Smile Company. The figure stands approximately 10 cm tall and features the classic Nendoroid design with a compact and stylized form that highlights the character&#039;s charm and expression.<\/p>\n<p data-start=\"503\" data-end=\"828\">The figure comes with multiple facial expressions, including a smile, a love-struck expression and a classic \u201cHachi\u201d face, as well as accessories such as a handbag, scarf, strawberry glass and other parts for varied poses. A versatile and collectible figure that is perfect for fans of <em data-start=\"781\" data-end=\"787\">NANA<\/em>.<\/p>","protected":false},"excerpt":{"rendered":"<p>Denna Nendoroid-figur f\u00f6rest\u00e4ller Nana Komatsu fr\u00e5n den popul\u00e4ra mangan NANA och \u00e4r producerad av Good Smile Company. Figuren \u00e4r cirka 10 cm h\u00f6g och har den klassiska Nendoroid-designen med en kompakt och stiliserad form som framh\u00e4ver karakt\u00e4rens charm och uttryck. Figuren levereras med flera ansiktsuttryck, inklusive ett leende, ett f\u00f6r\u00e4lskat uttryck och ett klassiskt \u201cHachi\u201d-ansikte, [&hellip;]<\/p>\n","protected":false},"featured_media":94452,"comment_status":"closed","ping_status":"closed","template":"","meta":{"_acf_changed":false,"_monsterinsights_skip_tracking":false,"_monsterinsights_sitenote_active":false,"_monsterinsights_sitenote_note":"","_monsterinsights_sitenote_category":0},"product_brand":[7487],"product_cat":[7751],"product_tag":[26],"giftcard-category":[],"class_list":{"0":"post-94451","1":"product","2":"type-product","3":"status-publish","4":"has-post-thumbnail","6":"product_brand-good-smile-arts-shanghai","7":"product_cat-nana","8":"product_tag-pre-order","9":"pa_franchise-nana","10":"pa_karaktar-nana-komatsu","11":"pa_material-plastic","12":"pa_produktserie-nendoroid","13":"pa_storlek-10-cm","15":"first","16":"instock","17":"taxable","18":"shipping-taxable","19":"purchasable","20":"product-type-simple"},"acf":[],"yoast_head":"<!-- This site is optimized with the Yoast SEO Premium plugin v24.6 (Yoast SEO v27.3) - https:\/\/yoast.com\/product\/yoast-seo-premium-wordpress\/ -->\n<title>Nendoroid Nana Komatsu (Figure) | Animefigurer.se<\/title>\n<meta name=\"robots\" content=\"index, follow, max-snippet:-1, max-image-preview:large, max-video-preview:-1\" \/>\n<link rel=\"canonical\" href=\"https:\/\/animefigurer.se\/en\/figurer\/nana\/nendoroid-nana-komatsu-figure\/\" \/>\n<meta property=\"og:locale\" content=\"en_GB\" \/>\n<meta property=\"og:type\" content=\"article\" \/>\n<meta property=\"og:title\" content=\"Nendoroid Nana Komatsu (Figure)\" \/>\n<meta property=\"og:description\" content=\"Denna Nendoroid-figur f\u00f6rest\u00e4ller Nana Komatsu fr\u00e5n den popul\u00e4ra mangan NANA och \u00e4r producerad av Good Smile Company. Figuren \u00e4r cirka 10 cm h\u00f6g och har den klassiska Nendoroid-designen med en kompakt och stiliserad form som framh\u00e4ver karakt\u00e4rens charm och uttryck. Figuren levereras med flera ansiktsuttryck, inklusive ett leende, ett f\u00f6r\u00e4lskat uttryck och ett klassiskt \u201cHachi\u201d-ansikte, [&hellip;]\" \/>\n<meta property=\"og:url\" content=\"https:\/\/animefigurer.se\/en\/figurer\/nana\/nendoroid-nana-komatsu-figure\/\" \/>\n<meta property=\"og:site_name\" content=\"Animefigurer.se\" \/>\n<meta property=\"article:publisher\" content=\"https:\/\/www.facebook.com\/profile.php?id=61581826539670\" \/>\n<meta property=\"article:modified_time\" content=\"2026-04-03T16:57:03+00:00\" \/>\n<meta property=\"og:image\" content=\"https:\/\/animefigurer.se\/wp-content\/uploads\/2026\/04\/11362387a.webp\" \/>\n\t<meta property=\"og:image:width\" content=\"750\" \/>\n\t<meta property=\"og:image:height\" content=\"1000\" \/>\n\t<meta property=\"og:image:type\" content=\"image\/webp\" \/>\n<meta name=\"twitter:card\" content=\"summary_large_image\" \/>\n<meta name=\"twitter:label1\" content=\"Estimated reading time\" \/>\n\t<meta name=\"twitter:data1\" content=\"1 minute\" \/>\n<script type=\"application\/ld+json\" class=\"yoast-schema-graph\">{\"@context\":\"https:\\\/\\\/schema.org\",\"@graph\":[{\"@type\":\"WebPage\",\"@id\":\"https:\\\/\\\/animefigurer.se\\\/figurer\\\/nana\\\/nendoroid-nana-komatsu-figure\\\/\",\"url\":\"https:\\\/\\\/animefigurer.se\\\/figurer\\\/nana\\\/nendoroid-nana-komatsu-figure\\\/\",\"name\":\"Nendoroid Nana Komatsu (Figure) | Animefigurer.se\",\"isPartOf\":{\"@id\":\"https:\\\/\\\/animefigurer.se\\\/#website\"},\"primaryImageOfPage\":{\"@id\":\"https:\\\/\\\/animefigurer.se\\\/figurer\\\/nana\\\/nendoroid-nana-komatsu-figure\\\/#primaryimage\"},\"image\":{\"@id\":\"https:\\\/\\\/animefigurer.se\\\/figurer\\\/nana\\\/nendoroid-nana-komatsu-figure\\\/#primaryimage\"},\"thumbnailUrl\":\"https:\\\/\\\/animefigurer.se\\\/wp-content\\\/uploads\\\/2026\\\/04\\\/11362387a.webp\",\"datePublished\":\"2026-04-01T06:09:00+00:00\",\"dateModified\":\"2026-04-03T16:57:03+00:00\",\"breadcrumb\":{\"@id\":\"https:\\\/\\\/animefigurer.se\\\/figurer\\\/nana\\\/nendoroid-nana-komatsu-figure\\\/#breadcrumb\"},\"inLanguage\":\"en-GB\",\"potentialAction\":[{\"@type\":\"ReadAction\",\"target\":[\"https:\\\/\\\/animefigurer.se\\\/figurer\\\/nana\\\/nendoroid-nana-komatsu-figure\\\/\"]}]},{\"@type\":\"ImageObject\",\"inLanguage\":\"en-GB\",\"@id\":\"https:\\\/\\\/animefigurer.se\\\/figurer\\\/nana\\\/nendoroid-nana-komatsu-figure\\\/#primaryimage\",\"url\":\"https:\\\/\\\/animefigurer.se\\\/wp-content\\\/uploads\\\/2026\\\/04\\\/11362387a.webp\",\"contentUrl\":\"https:\\\/\\\/animefigurer.se\\\/wp-content\\\/uploads\\\/2026\\\/04\\\/11362387a.webp\",\"width\":750,\"height\":1000,\"caption\":\"Nendoroid Nana Komatsu (Figure)\"},{\"@type\":\"BreadcrumbList\",\"@id\":\"https:\\\/\\\/animefigurer.se\\\/figurer\\\/nana\\\/nendoroid-nana-komatsu-figure\\\/#breadcrumb\",\"itemListElement\":[{\"@type\":\"ListItem\",\"position\":1,\"name\":\"Home\",\"item\":\"https:\\\/\\\/animefigurer.se\\\/\"},{\"@type\":\"ListItem\",\"position\":2,\"name\":\"Butik\",\"item\":\"https:\\\/\\\/animefigurer.se\\\/figurer\\\/\"},{\"@type\":\"ListItem\",\"position\":3,\"name\":\"Nendoroid Nana Komatsu (Figure)\"}]},{\"@type\":\"WebSite\",\"@id\":\"https:\\\/\\\/animefigurer.se\\\/#website\",\"url\":\"https:\\\/\\\/animefigurer.se\\\/\",\"name\":\"Animefigurer.se\",\"description\":\"Anime figurer fr\u00e5n \u00f6ver 300 olika anime serier med \u00f6ver 9000 produkter | Anime Shop\",\"publisher\":{\"@id\":\"https:\\\/\\\/animefigurer.se\\\/#organization\"},\"potentialAction\":[{\"@type\":\"SearchAction\",\"target\":{\"@type\":\"EntryPoint\",\"urlTemplate\":\"https:\\\/\\\/animefigurer.se\\\/?s={search_term_string}\"},\"query-input\":{\"@type\":\"PropertyValueSpecification\",\"valueRequired\":true,\"valueName\":\"search_term_string\"}}],\"inLanguage\":\"en-GB\"},{\"@type\":\"Organization\",\"@id\":\"https:\\\/\\\/animefigurer.se\\\/#organization\",\"name\":\"Animefigurer.se\",\"alternateName\":\"Anime figurer | Anime shop\",\"url\":\"https:\\\/\\\/animefigurer.se\\\/\",\"logo\":{\"@type\":\"ImageObject\",\"inLanguage\":\"en-GB\",\"@id\":\"https:\\\/\\\/animefigurer.se\\\/#\\\/schema\\\/logo\\\/image\\\/\",\"url\":\"https:\\\/\\\/animefigurer.se\\\/wp-content\\\/uploads\\\/2025\\\/12\\\/Animefigurer_logowhite.png\",\"contentUrl\":\"https:\\\/\\\/animefigurer.se\\\/wp-content\\\/uploads\\\/2025\\\/12\\\/Animefigurer_logowhite.png\",\"width\":1890,\"height\":1417,\"caption\":\"Animefigurer.se\"},\"image\":{\"@id\":\"https:\\\/\\\/animefigurer.se\\\/#\\\/schema\\\/logo\\\/image\\\/\"},\"sameAs\":[\"https:\\\/\\\/www.facebook.com\\\/profile.php?id=61581826539670\",\"https:\\\/\\\/www.instagram.com\\\/animefigurer.se\\\/\"],\"email\":\"info@animefigurer.se\"}]}<\/script>\n<!-- \/ Yoast SEO Premium plugin. -->","yoast_head_json":{"title":"Nendoroid Nana Komatsu (Figure) | Animefigurer.se","robots":{"index":"index","follow":"follow","max-snippet":"max-snippet:-1","max-image-preview":"max-image-preview:large","max-video-preview":"max-video-preview:-1"},"canonical":"https:\/\/animefigurer.se\/en\/figurer\/nana\/nendoroid-nana-komatsu-figure\/","og_locale":"en_GB","og_type":"article","og_title":"Nendoroid Nana Komatsu (Figure)","og_description":"Denna Nendoroid-figur f\u00f6rest\u00e4ller Nana Komatsu fr\u00e5n den popul\u00e4ra mangan NANA och \u00e4r producerad av Good Smile Company. Figuren \u00e4r cirka 10 cm h\u00f6g och har den klassiska Nendoroid-designen med en kompakt och stiliserad form som framh\u00e4ver karakt\u00e4rens charm och uttryck. Figuren levereras med flera ansiktsuttryck, inklusive ett leende, ett f\u00f6r\u00e4lskat uttryck och ett klassiskt \u201cHachi\u201d-ansikte, [&hellip;]","og_url":"https:\/\/animefigurer.se\/en\/figurer\/nana\/nendoroid-nana-komatsu-figure\/","og_site_name":"Animefigurer.se","article_publisher":"https:\/\/www.facebook.com\/profile.php?id=61581826539670","article_modified_time":"2026-04-03T16:57:03+00:00","og_image":[{"width":750,"height":1000,"url":"https:\/\/animefigurer.se\/wp-content\/uploads\/2026\/04\/11362387a.webp","type":"image\/webp"}],"twitter_card":"summary_large_image","twitter_misc":{"Estimated reading time":"1 minute"},"schema":{"@context":"https:\/\/schema.org","@graph":[{"@type":"WebPage","@id":"https:\/\/animefigurer.se\/figurer\/nana\/nendoroid-nana-komatsu-figure\/","url":"https:\/\/animefigurer.se\/figurer\/nana\/nendoroid-nana-komatsu-figure\/","name":"Nendoroid Nana Komatsu (Figure) | Animefigurer.se","isPartOf":{"@id":"https:\/\/animefigurer.se\/#website"},"primaryImageOfPage":{"@id":"https:\/\/animefigurer.se\/figurer\/nana\/nendoroid-nana-komatsu-figure\/#primaryimage"},"image":{"@id":"https:\/\/animefigurer.se\/figurer\/nana\/nendoroid-nana-komatsu-figure\/#primaryimage"},"thumbnailUrl":"https:\/\/animefigurer.se\/wp-content\/uploads\/2026\/04\/11362387a.webp","datePublished":"2026-04-01T06:09:00+00:00","dateModified":"2026-04-03T16:57:03+00:00","breadcrumb":{"@id":"https:\/\/animefigurer.se\/figurer\/nana\/nendoroid-nana-komatsu-figure\/#breadcrumb"},"inLanguage":"en-GB","potentialAction":[{"@type":"ReadAction","target":["https:\/\/animefigurer.se\/figurer\/nana\/nendoroid-nana-komatsu-figure\/"]}]},{"@type":"ImageObject","inLanguage":"en-GB","@id":"https:\/\/animefigurer.se\/figurer\/nana\/nendoroid-nana-komatsu-figure\/#primaryimage","url":"https:\/\/animefigurer.se\/wp-content\/uploads\/2026\/04\/11362387a.webp","contentUrl":"https:\/\/animefigurer.se\/wp-content\/uploads\/2026\/04\/11362387a.webp","width":750,"height":1000,"caption":"Nendoroid Nana Komatsu (Figure)"},{"@type":"BreadcrumbList","@id":"https:\/\/animefigurer.se\/figurer\/nana\/nendoroid-nana-komatsu-figure\/#breadcrumb","itemListElement":[{"@type":"ListItem","position":1,"name":"Home","item":"https:\/\/animefigurer.se\/"},{"@type":"ListItem","position":2,"name":"Butik","item":"https:\/\/animefigurer.se\/figurer\/"},{"@type":"ListItem","position":3,"name":"Nendoroid Nana Komatsu (Figure)"}]},{"@type":"WebSite","@id":"https:\/\/animefigurer.se\/#website","url":"https:\/\/animefigurer.se\/","name":"Animefigurer.se","description":"Anime figures from over 300 different anime series with over 9000 products | Anime Shop","publisher":{"@id":"https:\/\/animefigurer.se\/#organization"},"potentialAction":[{"@type":"SearchAction","target":{"@type":"EntryPoint","urlTemplate":"https:\/\/animefigurer.se\/?s={search_term_string}"},"query-input":{"@type":"PropertyValueSpecification","valueRequired":true,"valueName":"search_term_string"}}],"inLanguage":"en-GB"},{"@type":"Organization","@id":"https:\/\/animefigurer.se\/#organization","name":"Animefigurer.se","alternateName":"Anime figurer | Anime shop","url":"https:\/\/animefigurer.se\/","logo":{"@type":"ImageObject","inLanguage":"en-GB","@id":"https:\/\/animefigurer.se\/#\/schema\/logo\/image\/","url":"https:\/\/animefigurer.se\/wp-content\/uploads\/2025\/12\/Animefigurer_logowhite.png","contentUrl":"https:\/\/animefigurer.se\/wp-content\/uploads\/2025\/12\/Animefigurer_logowhite.png","width":1890,"height":1417,"caption":"Animefigurer.se"},"image":{"@id":"https:\/\/animefigurer.se\/#\/schema\/logo\/image\/"},"sameAs":["https:\/\/www.facebook.com\/profile.php?id=61581826539670","https:\/\/www.instagram.com\/animefigurer.se\/"],"email":"info@animefigurer.se"}]}},"_links":{"self":[{"href":"https:\/\/animefigurer.se\/en\/wp-json\/wp\/v2\/product\/94451","targetHints":{"allow":["GET"]}}],"collection":[{"href":"https:\/\/animefigurer.se\/en\/wp-json\/wp\/v2\/product"}],"about":[{"href":"https:\/\/animefigurer.se\/en\/wp-json\/wp\/v2\/types\/product"}],"replies":[{"embeddable":true,"href":"https:\/\/animefigurer.se\/en\/wp-json\/wp\/v2\/comments?post=94451"}],"wp:featuredmedia":[{"embeddable":true,"href":"https:\/\/animefigurer.se\/en\/wp-json\/wp\/v2\/media\/94452"}],"wp:attachment":[{"href":"https:\/\/animefigurer.se\/en\/wp-json\/wp\/v2\/media?parent=94451"}],"wp:term":[{"taxonomy":"product_brand","embeddable":true,"href":"https:\/\/animefigurer.se\/en\/wp-json\/wp\/v2\/product_brand?post=94451"},{"taxonomy":"product_cat","embeddable":true,"href":"https:\/\/animefigurer.se\/en\/wp-json\/wp\/v2\/product_cat?post=94451"},{"taxonomy":"product_tag","embeddable":true,"href":"https:\/\/animefigurer.se\/en\/wp-json\/wp\/v2\/product_tag?post=94451"},{"taxonomy":"giftcard-category","embeddable":true,"href":"https:\/\/animefigurer.se\/en\/wp-json\/wp\/v2\/giftcard-category?post=94451"}],"curies":[{"name":"wp","href":"https:\/\/api.w.org\/{rel}","templated":true}]}}