{"id":94178,"date":"2026-03-28T15:04:06","date_gmt":"2026-03-28T14:04:06","guid":{"rendered":"https:\/\/animefigurer.se\/?post_type=product&#038;p=94178"},"modified":"2026-03-28T15:04:07","modified_gmt":"2026-03-28T14:04:07","slug":"arknights-pvc-figure-1-7-surtr-liberte-echec-ver-29-cm","status":"publish","type":"product","link":"https:\/\/animefigurer.se\/en\/figurer\/arknights\/arknights-pvc-figure-1-7-surtr-liberte-echec-ver-29-cm\/","title":{"rendered":"Arknights PVC Figure 1\/7 Surtr: Libert\u00e9\/\u00c9chec VER. 29 cm"},"content":{"rendered":"<p data-start=\"253\" data-end=\"634\">This high-quality 1\/7th scale figure depicts Surtr from the popular mobile game <em data-start=\"338\" data-end=\"349\">Arknights<\/em>, in her \u201cLibert\u00e9\/\/\u00c9chec\u201d outfit. Manufactured by Good Smile Company, the figure accurately reproduces the detailed textures and colors of the original illustration, along with a visually impressive base that enhances the overall impression.<\/p>\n<p data-start=\"636\" data-end=\"933\">At a height of approximately 29 cm, this collectible figure offers a strong presence and an exclusive finish that makes it perfect for serious collectors and fans of <em data-start=\"787\" data-end=\"798\">Arknights<\/em>. An eye-catching display piece that combines precision, quality and the character&#039;s unique design.<\/p>","protected":false},"excerpt":{"rendered":"<p>Denna h\u00f6gkvalitativa 1\/7-skala figur f\u00f6rest\u00e4ller Surtr fr\u00e5n det popul\u00e4ra mobilspelet Arknights, i hennes \u201cLibert\u00e9\/\/\u00c9chec\u201d-outfit. Figuren \u00e4r tillverkad av Good Smile Company och \u00e5terger noggrant de detaljerade texturerna och f\u00e4rgerna fr\u00e5n originalillustrationen, tillsammans med en visuellt imponerande bas som f\u00f6rst\u00e4rker helhetsintrycket. Med en h\u00f6jd p\u00e5 cirka 29 cm erbjuder denna samlarfigur en stark n\u00e4rvaro och ett [&hellip;]<\/p>\n","protected":false},"featured_media":94179,"comment_status":"open","ping_status":"closed","template":"","meta":{"_acf_changed":false,"_monsterinsights_skip_tracking":false,"_monsterinsights_sitenote_active":false,"_monsterinsights_sitenote_note":"","_monsterinsights_sitenote_category":0},"product_brand":[7487],"product_cat":[537],"product_tag":[26],"giftcard-category":[],"class_list":{"0":"post-94178","1":"product","2":"type-product","3":"status-publish","4":"has-post-thumbnail","6":"product_brand-good-smile-arts-shanghai","7":"product_cat-arknights","8":"product_tag-pre-order","9":"pa_franchise-arknights","10":"pa_karaktar-surtr","11":"pa_material-pvc","12":"pa_skala-41","13":"pa_storlek-29-cm","15":"first","16":"instock","17":"taxable","18":"shipping-taxable","19":"purchasable","20":"product-type-simple"},"acf":[],"yoast_head":"<!-- This site is optimized with the Yoast SEO Premium plugin v24.6 (Yoast SEO v27.3) - https:\/\/yoast.com\/product\/yoast-seo-premium-wordpress\/ -->\n<title>Arknights PVC Figure 1\/7 Surtr: Libert\u00e9\/\u00c9chec VER. 29 cm | Animefigurer.se<\/title>\n<meta name=\"robots\" content=\"index, follow, max-snippet:-1, max-image-preview:large, max-video-preview:-1\" \/>\n<link rel=\"canonical\" href=\"https:\/\/animefigurer.se\/en\/figurer\/arknights\/arknights-pvc-figure-1-7-surtr-liberte-echec-ver-29-cm\/\" \/>\n<meta property=\"og:locale\" content=\"en_GB\" \/>\n<meta property=\"og:type\" content=\"article\" \/>\n<meta property=\"og:title\" content=\"Arknights PVC Figure 1\/7 Surtr: Libert\u00e9\/\u00c9chec VER. 29 cm\" \/>\n<meta property=\"og:description\" content=\"Denna h\u00f6gkvalitativa 1\/7-skala figur f\u00f6rest\u00e4ller Surtr fr\u00e5n det popul\u00e4ra mobilspelet Arknights, i hennes \u201cLibert\u00e9\/\/\u00c9chec\u201d-outfit. Figuren \u00e4r tillverkad av Good Smile Company och \u00e5terger noggrant de detaljerade texturerna och f\u00e4rgerna fr\u00e5n originalillustrationen, tillsammans med en visuellt imponerande bas som f\u00f6rst\u00e4rker helhetsintrycket. Med en h\u00f6jd p\u00e5 cirka 29 cm erbjuder denna samlarfigur en stark n\u00e4rvaro och ett [&hellip;]\" \/>\n<meta property=\"og:url\" content=\"https:\/\/animefigurer.se\/en\/figurer\/arknights\/arknights-pvc-figure-1-7-surtr-liberte-echec-ver-29-cm\/\" \/>\n<meta property=\"og:site_name\" content=\"Animefigurer.se\" \/>\n<meta property=\"article:publisher\" content=\"https:\/\/www.facebook.com\/profile.php?id=61581826539670\" \/>\n<meta property=\"article:modified_time\" content=\"2026-03-28T14:04:07+00:00\" \/>\n<meta property=\"og:image\" content=\"https:\/\/animefigurer.se\/wp-content\/uploads\/2026\/03\/x_gsas67721.jpg\" \/>\n\t<meta property=\"og:image:width\" content=\"845\" \/>\n\t<meta property=\"og:image:height\" content=\"1000\" \/>\n\t<meta property=\"og:image:type\" content=\"image\/jpeg\" \/>\n<meta name=\"twitter:card\" content=\"summary_large_image\" \/>\n<meta name=\"twitter:label1\" content=\"Estimated reading time\" \/>\n\t<meta name=\"twitter:data1\" content=\"1 minute\" \/>\n<script type=\"application\/ld+json\" class=\"yoast-schema-graph\">{\"@context\":\"https:\\\/\\\/schema.org\",\"@graph\":[{\"@type\":\"WebPage\",\"@id\":\"https:\\\/\\\/animefigurer.se\\\/figurer\\\/arknights\\\/arknights-pvc-figure-1-7-surtr-liberte-echec-ver-29-cm\\\/\",\"url\":\"https:\\\/\\\/animefigurer.se\\\/figurer\\\/arknights\\\/arknights-pvc-figure-1-7-surtr-liberte-echec-ver-29-cm\\\/\",\"name\":\"Arknights PVC Figure 1\\\/7 Surtr: Libert\u00e9\\\/\u00c9chec VER. 29 cm | Animefigurer.se\",\"isPartOf\":{\"@id\":\"https:\\\/\\\/animefigurer.se\\\/#website\"},\"primaryImageOfPage\":{\"@id\":\"https:\\\/\\\/animefigurer.se\\\/figurer\\\/arknights\\\/arknights-pvc-figure-1-7-surtr-liberte-echec-ver-29-cm\\\/#primaryimage\"},\"image\":{\"@id\":\"https:\\\/\\\/animefigurer.se\\\/figurer\\\/arknights\\\/arknights-pvc-figure-1-7-surtr-liberte-echec-ver-29-cm\\\/#primaryimage\"},\"thumbnailUrl\":\"https:\\\/\\\/animefigurer.se\\\/wp-content\\\/uploads\\\/2026\\\/03\\\/x_gsas67721.jpg\",\"datePublished\":\"2026-03-28T14:04:06+00:00\",\"dateModified\":\"2026-03-28T14:04:07+00:00\",\"breadcrumb\":{\"@id\":\"https:\\\/\\\/animefigurer.se\\\/figurer\\\/arknights\\\/arknights-pvc-figure-1-7-surtr-liberte-echec-ver-29-cm\\\/#breadcrumb\"},\"inLanguage\":\"en-GB\",\"potentialAction\":[{\"@type\":\"ReadAction\",\"target\":[\"https:\\\/\\\/animefigurer.se\\\/figurer\\\/arknights\\\/arknights-pvc-figure-1-7-surtr-liberte-echec-ver-29-cm\\\/\"]}]},{\"@type\":\"ImageObject\",\"inLanguage\":\"en-GB\",\"@id\":\"https:\\\/\\\/animefigurer.se\\\/figurer\\\/arknights\\\/arknights-pvc-figure-1-7-surtr-liberte-echec-ver-29-cm\\\/#primaryimage\",\"url\":\"https:\\\/\\\/animefigurer.se\\\/wp-content\\\/uploads\\\/2026\\\/03\\\/x_gsas67721.jpg\",\"contentUrl\":\"https:\\\/\\\/animefigurer.se\\\/wp-content\\\/uploads\\\/2026\\\/03\\\/x_gsas67721.jpg\",\"width\":845,\"height\":1000,\"caption\":\"Arknights PVC Figure 1\\\/7 Surtr: Libert\u00e9\\\/\u00c9chec VER. 29 cm\"},{\"@type\":\"BreadcrumbList\",\"@id\":\"https:\\\/\\\/animefigurer.se\\\/figurer\\\/arknights\\\/arknights-pvc-figure-1-7-surtr-liberte-echec-ver-29-cm\\\/#breadcrumb\",\"itemListElement\":[{\"@type\":\"ListItem\",\"position\":1,\"name\":\"Home\",\"item\":\"https:\\\/\\\/animefigurer.se\\\/\"},{\"@type\":\"ListItem\",\"position\":2,\"name\":\"Butik\",\"item\":\"https:\\\/\\\/animefigurer.se\\\/figurer\\\/\"},{\"@type\":\"ListItem\",\"position\":3,\"name\":\"Arknights PVC Figure 1\\\/7 Surtr: Libert\u00e9\\\/\u00c9chec VER. 29 cm\"}]},{\"@type\":\"WebSite\",\"@id\":\"https:\\\/\\\/animefigurer.se\\\/#website\",\"url\":\"https:\\\/\\\/animefigurer.se\\\/\",\"name\":\"Animefigurer.se\",\"description\":\"Anime figurer fr\u00e5n \u00f6ver 300 olika anime serier med \u00f6ver 9000 produkter | Anime Shop\",\"publisher\":{\"@id\":\"https:\\\/\\\/animefigurer.se\\\/#organization\"},\"potentialAction\":[{\"@type\":\"SearchAction\",\"target\":{\"@type\":\"EntryPoint\",\"urlTemplate\":\"https:\\\/\\\/animefigurer.se\\\/?s={search_term_string}\"},\"query-input\":{\"@type\":\"PropertyValueSpecification\",\"valueRequired\":true,\"valueName\":\"search_term_string\"}}],\"inLanguage\":\"en-GB\"},{\"@type\":\"Organization\",\"@id\":\"https:\\\/\\\/animefigurer.se\\\/#organization\",\"name\":\"Animefigurer.se\",\"alternateName\":\"Anime figurer | Anime shop\",\"url\":\"https:\\\/\\\/animefigurer.se\\\/\",\"logo\":{\"@type\":\"ImageObject\",\"inLanguage\":\"en-GB\",\"@id\":\"https:\\\/\\\/animefigurer.se\\\/#\\\/schema\\\/logo\\\/image\\\/\",\"url\":\"https:\\\/\\\/animefigurer.se\\\/wp-content\\\/uploads\\\/2025\\\/12\\\/Animefigurer_logowhite.png\",\"contentUrl\":\"https:\\\/\\\/animefigurer.se\\\/wp-content\\\/uploads\\\/2025\\\/12\\\/Animefigurer_logowhite.png\",\"width\":1890,\"height\":1417,\"caption\":\"Animefigurer.se\"},\"image\":{\"@id\":\"https:\\\/\\\/animefigurer.se\\\/#\\\/schema\\\/logo\\\/image\\\/\"},\"sameAs\":[\"https:\\\/\\\/www.facebook.com\\\/profile.php?id=61581826539670\",\"https:\\\/\\\/www.instagram.com\\\/animefigurer.se\\\/\"],\"email\":\"info@animefigurer.se\"}]}<\/script>\n<!-- \/ Yoast SEO Premium plugin. -->","yoast_head_json":{"title":"Arknights PVC Figure 1\/7 Surtr: Libert\u00e9\/\u00c9chec VER. 29 cm | Animefigurer.se","robots":{"index":"index","follow":"follow","max-snippet":"max-snippet:-1","max-image-preview":"max-image-preview:large","max-video-preview":"max-video-preview:-1"},"canonical":"https:\/\/animefigurer.se\/en\/figurer\/arknights\/arknights-pvc-figure-1-7-surtr-liberte-echec-ver-29-cm\/","og_locale":"en_GB","og_type":"article","og_title":"Arknights PVC Figure 1\/7 Surtr: Libert\u00e9\/\u00c9chec VER. 29 cm","og_description":"Denna h\u00f6gkvalitativa 1\/7-skala figur f\u00f6rest\u00e4ller Surtr fr\u00e5n det popul\u00e4ra mobilspelet Arknights, i hennes \u201cLibert\u00e9\/\/\u00c9chec\u201d-outfit. Figuren \u00e4r tillverkad av Good Smile Company och \u00e5terger noggrant de detaljerade texturerna och f\u00e4rgerna fr\u00e5n originalillustrationen, tillsammans med en visuellt imponerande bas som f\u00f6rst\u00e4rker helhetsintrycket. Med en h\u00f6jd p\u00e5 cirka 29 cm erbjuder denna samlarfigur en stark n\u00e4rvaro och ett [&hellip;]","og_url":"https:\/\/animefigurer.se\/en\/figurer\/arknights\/arknights-pvc-figure-1-7-surtr-liberte-echec-ver-29-cm\/","og_site_name":"Animefigurer.se","article_publisher":"https:\/\/www.facebook.com\/profile.php?id=61581826539670","article_modified_time":"2026-03-28T14:04:07+00:00","og_image":[{"width":845,"height":1000,"url":"https:\/\/animefigurer.se\/wp-content\/uploads\/2026\/03\/x_gsas67721.jpg","type":"image\/jpeg"}],"twitter_card":"summary_large_image","twitter_misc":{"Estimated reading time":"1 minute"},"schema":{"@context":"https:\/\/schema.org","@graph":[{"@type":"WebPage","@id":"https:\/\/animefigurer.se\/figurer\/arknights\/arknights-pvc-figure-1-7-surtr-liberte-echec-ver-29-cm\/","url":"https:\/\/animefigurer.se\/figurer\/arknights\/arknights-pvc-figure-1-7-surtr-liberte-echec-ver-29-cm\/","name":"Arknights PVC Figure 1\/7 Surtr: Libert\u00e9\/\u00c9chec VER. 29 cm | Animefigurer.se","isPartOf":{"@id":"https:\/\/animefigurer.se\/#website"},"primaryImageOfPage":{"@id":"https:\/\/animefigurer.se\/figurer\/arknights\/arknights-pvc-figure-1-7-surtr-liberte-echec-ver-29-cm\/#primaryimage"},"image":{"@id":"https:\/\/animefigurer.se\/figurer\/arknights\/arknights-pvc-figure-1-7-surtr-liberte-echec-ver-29-cm\/#primaryimage"},"thumbnailUrl":"https:\/\/animefigurer.se\/wp-content\/uploads\/2026\/03\/x_gsas67721.jpg","datePublished":"2026-03-28T14:04:06+00:00","dateModified":"2026-03-28T14:04:07+00:00","breadcrumb":{"@id":"https:\/\/animefigurer.se\/figurer\/arknights\/arknights-pvc-figure-1-7-surtr-liberte-echec-ver-29-cm\/#breadcrumb"},"inLanguage":"en-GB","potentialAction":[{"@type":"ReadAction","target":["https:\/\/animefigurer.se\/figurer\/arknights\/arknights-pvc-figure-1-7-surtr-liberte-echec-ver-29-cm\/"]}]},{"@type":"ImageObject","inLanguage":"en-GB","@id":"https:\/\/animefigurer.se\/figurer\/arknights\/arknights-pvc-figure-1-7-surtr-liberte-echec-ver-29-cm\/#primaryimage","url":"https:\/\/animefigurer.se\/wp-content\/uploads\/2026\/03\/x_gsas67721.jpg","contentUrl":"https:\/\/animefigurer.se\/wp-content\/uploads\/2026\/03\/x_gsas67721.jpg","width":845,"height":1000,"caption":"Arknights PVC Figure 1\/7 Surtr: Libert\u00e9\/\u00c9chec VER. 29 cm"},{"@type":"BreadcrumbList","@id":"https:\/\/animefigurer.se\/figurer\/arknights\/arknights-pvc-figure-1-7-surtr-liberte-echec-ver-29-cm\/#breadcrumb","itemListElement":[{"@type":"ListItem","position":1,"name":"Home","item":"https:\/\/animefigurer.se\/"},{"@type":"ListItem","position":2,"name":"Butik","item":"https:\/\/animefigurer.se\/figurer\/"},{"@type":"ListItem","position":3,"name":"Arknights PVC Figure 1\/7 Surtr: Libert\u00e9\/\u00c9chec VER. 29 cm"}]},{"@type":"WebSite","@id":"https:\/\/animefigurer.se\/#website","url":"https:\/\/animefigurer.se\/","name":"Animefigurer.se","description":"Anime figures from over 300 different anime series with over 9000 products | Anime Shop","publisher":{"@id":"https:\/\/animefigurer.se\/#organization"},"potentialAction":[{"@type":"SearchAction","target":{"@type":"EntryPoint","urlTemplate":"https:\/\/animefigurer.se\/?s={search_term_string}"},"query-input":{"@type":"PropertyValueSpecification","valueRequired":true,"valueName":"search_term_string"}}],"inLanguage":"en-GB"},{"@type":"Organization","@id":"https:\/\/animefigurer.se\/#organization","name":"Animefigurer.se","alternateName":"Anime figurer | Anime shop","url":"https:\/\/animefigurer.se\/","logo":{"@type":"ImageObject","inLanguage":"en-GB","@id":"https:\/\/animefigurer.se\/#\/schema\/logo\/image\/","url":"https:\/\/animefigurer.se\/wp-content\/uploads\/2025\/12\/Animefigurer_logowhite.png","contentUrl":"https:\/\/animefigurer.se\/wp-content\/uploads\/2025\/12\/Animefigurer_logowhite.png","width":1890,"height":1417,"caption":"Animefigurer.se"},"image":{"@id":"https:\/\/animefigurer.se\/#\/schema\/logo\/image\/"},"sameAs":["https:\/\/www.facebook.com\/profile.php?id=61581826539670","https:\/\/www.instagram.com\/animefigurer.se\/"],"email":"info@animefigurer.se"}]}},"_links":{"self":[{"href":"https:\/\/animefigurer.se\/en\/wp-json\/wp\/v2\/product\/94178","targetHints":{"allow":["GET"]}}],"collection":[{"href":"https:\/\/animefigurer.se\/en\/wp-json\/wp\/v2\/product"}],"about":[{"href":"https:\/\/animefigurer.se\/en\/wp-json\/wp\/v2\/types\/product"}],"replies":[{"embeddable":true,"href":"https:\/\/animefigurer.se\/en\/wp-json\/wp\/v2\/comments?post=94178"}],"wp:featuredmedia":[{"embeddable":true,"href":"https:\/\/animefigurer.se\/en\/wp-json\/wp\/v2\/media\/94179"}],"wp:attachment":[{"href":"https:\/\/animefigurer.se\/en\/wp-json\/wp\/v2\/media?parent=94178"}],"wp:term":[{"taxonomy":"product_brand","embeddable":true,"href":"https:\/\/animefigurer.se\/en\/wp-json\/wp\/v2\/product_brand?post=94178"},{"taxonomy":"product_cat","embeddable":true,"href":"https:\/\/animefigurer.se\/en\/wp-json\/wp\/v2\/product_cat?post=94178"},{"taxonomy":"product_tag","embeddable":true,"href":"https:\/\/animefigurer.se\/en\/wp-json\/wp\/v2\/product_tag?post=94178"},{"taxonomy":"giftcard-category","embeddable":true,"href":"https:\/\/animefigurer.se\/en\/wp-json\/wp\/v2\/giftcard-category?post=94178"}],"curies":[{"name":"wp","href":"https:\/\/api.w.org\/{rel}","templated":true}]}}