{"id":93826,"date":"2026-03-24T15:29:25","date_gmt":"2026-03-24T14:29:25","guid":{"rendered":"https:\/\/animefigurer.se\/?post_type=product&#038;p=93826"},"modified":"2026-03-24T15:29:26","modified_gmt":"2026-03-24T14:29:26","slug":"date-a-live-v-pvc-figure-origami-tobiichi-summer-dress-20-cm","status":"publish","type":"product","link":"https:\/\/animefigurer.se\/en\/figurer\/date-a-live\/date-a-live-v-pvc-figure-origami-tobiichi-summer-dress-20-cm\/","title":{"rendered":"Date A Live V PVC Figure Origami Tobiichi Summer Dress 20 cm"},"content":{"rendered":"<p data-start=\"0\" data-end=\"398\">This high-quality PVC figure from FuRyu depicts Origami Tobiichi from <em data-start=\"130\" data-end=\"143\">Date A Live<\/em>, elegantly dressed in a summery dress. The figure captures the character&#039;s calm and graceful expression, with a light and airy design that highlights the summer theme. The fine details and soft color scheme make it a great addition to any anime collection.<\/p>\n<p data-start=\"400\" data-end=\"619\">With a height of approximately 20 cm, this collectible figure is perfect for both display and enthusiasts. <em data-start=\"492\" data-end=\"505\">Date A Live<\/em>. Origami is presented in a stylish pose that brings the scene to life and makes the figure an eye-catcher in any collection.<\/p>","protected":false},"excerpt":{"rendered":"<p>Denna h\u00f6gkvalitativa PVC-figur fr\u00e5n FuRyu f\u00f6rest\u00e4ller Origami Tobiichi fr\u00e5n Date A Live, elegant kl\u00e4dd i en somrig kl\u00e4nning. Figuren f\u00e5ngar karakt\u00e4rens lugna och graci\u00f6sa uttryck, med en l\u00e4tt och luftig design som framh\u00e4ver sommartemat. De fina detaljerna och den mjuka f\u00e4rgs\u00e4ttningen g\u00f6r den till ett utm\u00e4rkt tillskott i varje anime-samling. Med en h\u00f6jd p\u00e5 cirka [&hellip;]<\/p>\n","protected":false},"featured_media":93827,"comment_status":"open","ping_status":"closed","template":"","meta":{"_acf_changed":false,"_monsterinsights_skip_tracking":false,"_monsterinsights_sitenote_active":false,"_monsterinsights_sitenote_note":"","_monsterinsights_sitenote_category":0},"product_brand":[6994],"product_cat":[1497],"product_tag":[26],"giftcard-category":[],"class_list":{"0":"post-93826","1":"product","2":"type-product","3":"status-publish","4":"has-post-thumbnail","6":"product_brand-furyu","7":"product_cat-date-a-live","8":"product_tag-pre-order","9":"pa_franchise-date-a-live-v","10":"pa_karaktar-origami-tobiichi","11":"pa_material-pvc","12":"pa_storlek-20-cm","14":"first","15":"instock","16":"taxable","17":"shipping-taxable","18":"purchasable","19":"product-type-simple"},"acf":[],"yoast_head":"<!-- This site is optimized with the Yoast SEO Premium plugin v24.6 (Yoast SEO v27.3) - https:\/\/yoast.com\/product\/yoast-seo-premium-wordpress\/ -->\n<title>Date A Live V PVC Figure Origami Tobiichi Summer Dress 20 cm | Animefigurer.se<\/title>\n<meta name=\"robots\" content=\"index, follow, max-snippet:-1, max-image-preview:large, max-video-preview:-1\" \/>\n<link rel=\"canonical\" href=\"https:\/\/animefigurer.se\/en\/figurer\/date-a-live\/date-a-live-v-pvc-figure-origami-tobiichi-summer-dress-20-cm\/\" \/>\n<meta property=\"og:locale\" content=\"en_GB\" \/>\n<meta property=\"og:type\" content=\"article\" \/>\n<meta property=\"og:title\" content=\"Date A Live V PVC Figure Origami Tobiichi Summer Dress 20 cm\" \/>\n<meta property=\"og:description\" content=\"Denna h\u00f6gkvalitativa PVC-figur fr\u00e5n FuRyu f\u00f6rest\u00e4ller Origami Tobiichi fr\u00e5n Date A Live, elegant kl\u00e4dd i en somrig kl\u00e4nning. Figuren f\u00e5ngar karakt\u00e4rens lugna och graci\u00f6sa uttryck, med en l\u00e4tt och luftig design som framh\u00e4ver sommartemat. De fina detaljerna och den mjuka f\u00e4rgs\u00e4ttningen g\u00f6r den till ett utm\u00e4rkt tillskott i varje anime-samling. Med en h\u00f6jd p\u00e5 cirka [&hellip;]\" \/>\n<meta property=\"og:url\" content=\"https:\/\/animefigurer.se\/en\/figurer\/date-a-live\/date-a-live-v-pvc-figure-origami-tobiichi-summer-dress-20-cm\/\" \/>\n<meta property=\"og:site_name\" content=\"Animefigurer.se\" \/>\n<meta property=\"article:publisher\" content=\"https:\/\/www.facebook.com\/profile.php?id=61581826539670\" \/>\n<meta property=\"article:modified_time\" content=\"2026-03-24T14:29:26+00:00\" \/>\n<meta property=\"og:image\" content=\"https:\/\/animefigurer.se\/wp-content\/uploads\/2026\/03\/x_fryu51380.jpg\" \/>\n\t<meta property=\"og:image:width\" content=\"1000\" \/>\n\t<meta property=\"og:image:height\" content=\"1000\" \/>\n\t<meta property=\"og:image:type\" content=\"image\/jpeg\" \/>\n<meta name=\"twitter:card\" content=\"summary_large_image\" \/>\n<meta name=\"twitter:label1\" content=\"Estimated reading time\" \/>\n\t<meta name=\"twitter:data1\" content=\"1 minute\" \/>\n<script type=\"application\/ld+json\" class=\"yoast-schema-graph\">{\"@context\":\"https:\\\/\\\/schema.org\",\"@graph\":[{\"@type\":\"WebPage\",\"@id\":\"https:\\\/\\\/animefigurer.se\\\/figurer\\\/date-a-live\\\/date-a-live-v-pvc-figure-origami-tobiichi-summer-dress-20-cm\\\/\",\"url\":\"https:\\\/\\\/animefigurer.se\\\/figurer\\\/date-a-live\\\/date-a-live-v-pvc-figure-origami-tobiichi-summer-dress-20-cm\\\/\",\"name\":\"Date A Live V PVC Figure Origami Tobiichi Summer Dress 20 cm | Animefigurer.se\",\"isPartOf\":{\"@id\":\"https:\\\/\\\/animefigurer.se\\\/#website\"},\"primaryImageOfPage\":{\"@id\":\"https:\\\/\\\/animefigurer.se\\\/figurer\\\/date-a-live\\\/date-a-live-v-pvc-figure-origami-tobiichi-summer-dress-20-cm\\\/#primaryimage\"},\"image\":{\"@id\":\"https:\\\/\\\/animefigurer.se\\\/figurer\\\/date-a-live\\\/date-a-live-v-pvc-figure-origami-tobiichi-summer-dress-20-cm\\\/#primaryimage\"},\"thumbnailUrl\":\"https:\\\/\\\/animefigurer.se\\\/wp-content\\\/uploads\\\/2026\\\/03\\\/x_fryu51380.jpg\",\"datePublished\":\"2026-03-24T14:29:25+00:00\",\"dateModified\":\"2026-03-24T14:29:26+00:00\",\"breadcrumb\":{\"@id\":\"https:\\\/\\\/animefigurer.se\\\/figurer\\\/date-a-live\\\/date-a-live-v-pvc-figure-origami-tobiichi-summer-dress-20-cm\\\/#breadcrumb\"},\"inLanguage\":\"en-GB\",\"potentialAction\":[{\"@type\":\"ReadAction\",\"target\":[\"https:\\\/\\\/animefigurer.se\\\/figurer\\\/date-a-live\\\/date-a-live-v-pvc-figure-origami-tobiichi-summer-dress-20-cm\\\/\"]}]},{\"@type\":\"ImageObject\",\"inLanguage\":\"en-GB\",\"@id\":\"https:\\\/\\\/animefigurer.se\\\/figurer\\\/date-a-live\\\/date-a-live-v-pvc-figure-origami-tobiichi-summer-dress-20-cm\\\/#primaryimage\",\"url\":\"https:\\\/\\\/animefigurer.se\\\/wp-content\\\/uploads\\\/2026\\\/03\\\/x_fryu51380.jpg\",\"contentUrl\":\"https:\\\/\\\/animefigurer.se\\\/wp-content\\\/uploads\\\/2026\\\/03\\\/x_fryu51380.jpg\",\"width\":1000,\"height\":1000,\"caption\":\"Date A Live V PVC Figure Origami Tobiichi Summer Dress 20 cm\"},{\"@type\":\"BreadcrumbList\",\"@id\":\"https:\\\/\\\/animefigurer.se\\\/figurer\\\/date-a-live\\\/date-a-live-v-pvc-figure-origami-tobiichi-summer-dress-20-cm\\\/#breadcrumb\",\"itemListElement\":[{\"@type\":\"ListItem\",\"position\":1,\"name\":\"Home\",\"item\":\"https:\\\/\\\/animefigurer.se\\\/\"},{\"@type\":\"ListItem\",\"position\":2,\"name\":\"Butik\",\"item\":\"https:\\\/\\\/animefigurer.se\\\/figurer\\\/\"},{\"@type\":\"ListItem\",\"position\":3,\"name\":\"Date A Live V PVC Figure Origami Tobiichi Summer Dress 20 cm\"}]},{\"@type\":\"WebSite\",\"@id\":\"https:\\\/\\\/animefigurer.se\\\/#website\",\"url\":\"https:\\\/\\\/animefigurer.se\\\/\",\"name\":\"Animefigurer.se\",\"description\":\"Anime figurer fr\u00e5n \u00f6ver 300 olika anime serier med \u00f6ver 9000 produkter | Anime Shop\",\"publisher\":{\"@id\":\"https:\\\/\\\/animefigurer.se\\\/#organization\"},\"potentialAction\":[{\"@type\":\"SearchAction\",\"target\":{\"@type\":\"EntryPoint\",\"urlTemplate\":\"https:\\\/\\\/animefigurer.se\\\/?s={search_term_string}\"},\"query-input\":{\"@type\":\"PropertyValueSpecification\",\"valueRequired\":true,\"valueName\":\"search_term_string\"}}],\"inLanguage\":\"en-GB\"},{\"@type\":\"Organization\",\"@id\":\"https:\\\/\\\/animefigurer.se\\\/#organization\",\"name\":\"Animefigurer.se\",\"alternateName\":\"Anime figurer | Anime shop\",\"url\":\"https:\\\/\\\/animefigurer.se\\\/\",\"logo\":{\"@type\":\"ImageObject\",\"inLanguage\":\"en-GB\",\"@id\":\"https:\\\/\\\/animefigurer.se\\\/#\\\/schema\\\/logo\\\/image\\\/\",\"url\":\"https:\\\/\\\/animefigurer.se\\\/wp-content\\\/uploads\\\/2025\\\/12\\\/Animefigurer_logowhite.png\",\"contentUrl\":\"https:\\\/\\\/animefigurer.se\\\/wp-content\\\/uploads\\\/2025\\\/12\\\/Animefigurer_logowhite.png\",\"width\":1890,\"height\":1417,\"caption\":\"Animefigurer.se\"},\"image\":{\"@id\":\"https:\\\/\\\/animefigurer.se\\\/#\\\/schema\\\/logo\\\/image\\\/\"},\"sameAs\":[\"https:\\\/\\\/www.facebook.com\\\/profile.php?id=61581826539670\",\"https:\\\/\\\/www.instagram.com\\\/animefigurer.se\\\/\"],\"email\":\"info@animefigurer.se\"}]}<\/script>\n<!-- \/ Yoast SEO Premium plugin. -->","yoast_head_json":{"title":"Date A Live V PVC Figure Origami Tobiichi Summer Dress 20 cm | Animefigurer.se","robots":{"index":"index","follow":"follow","max-snippet":"max-snippet:-1","max-image-preview":"max-image-preview:large","max-video-preview":"max-video-preview:-1"},"canonical":"https:\/\/animefigurer.se\/en\/figurer\/date-a-live\/date-a-live-v-pvc-figure-origami-tobiichi-summer-dress-20-cm\/","og_locale":"en_GB","og_type":"article","og_title":"Date A Live V PVC Figure Origami Tobiichi Summer Dress 20 cm","og_description":"Denna h\u00f6gkvalitativa PVC-figur fr\u00e5n FuRyu f\u00f6rest\u00e4ller Origami Tobiichi fr\u00e5n Date A Live, elegant kl\u00e4dd i en somrig kl\u00e4nning. Figuren f\u00e5ngar karakt\u00e4rens lugna och graci\u00f6sa uttryck, med en l\u00e4tt och luftig design som framh\u00e4ver sommartemat. De fina detaljerna och den mjuka f\u00e4rgs\u00e4ttningen g\u00f6r den till ett utm\u00e4rkt tillskott i varje anime-samling. Med en h\u00f6jd p\u00e5 cirka [&hellip;]","og_url":"https:\/\/animefigurer.se\/en\/figurer\/date-a-live\/date-a-live-v-pvc-figure-origami-tobiichi-summer-dress-20-cm\/","og_site_name":"Animefigurer.se","article_publisher":"https:\/\/www.facebook.com\/profile.php?id=61581826539670","article_modified_time":"2026-03-24T14:29:26+00:00","og_image":[{"width":1000,"height":1000,"url":"https:\/\/animefigurer.se\/wp-content\/uploads\/2026\/03\/x_fryu51380.jpg","type":"image\/jpeg"}],"twitter_card":"summary_large_image","twitter_misc":{"Estimated reading time":"1 minute"},"schema":{"@context":"https:\/\/schema.org","@graph":[{"@type":"WebPage","@id":"https:\/\/animefigurer.se\/figurer\/date-a-live\/date-a-live-v-pvc-figure-origami-tobiichi-summer-dress-20-cm\/","url":"https:\/\/animefigurer.se\/figurer\/date-a-live\/date-a-live-v-pvc-figure-origami-tobiichi-summer-dress-20-cm\/","name":"Date A Live V PVC Figure Origami Tobiichi Summer Dress 20 cm | Animefigurer.se","isPartOf":{"@id":"https:\/\/animefigurer.se\/#website"},"primaryImageOfPage":{"@id":"https:\/\/animefigurer.se\/figurer\/date-a-live\/date-a-live-v-pvc-figure-origami-tobiichi-summer-dress-20-cm\/#primaryimage"},"image":{"@id":"https:\/\/animefigurer.se\/figurer\/date-a-live\/date-a-live-v-pvc-figure-origami-tobiichi-summer-dress-20-cm\/#primaryimage"},"thumbnailUrl":"https:\/\/animefigurer.se\/wp-content\/uploads\/2026\/03\/x_fryu51380.jpg","datePublished":"2026-03-24T14:29:25+00:00","dateModified":"2026-03-24T14:29:26+00:00","breadcrumb":{"@id":"https:\/\/animefigurer.se\/figurer\/date-a-live\/date-a-live-v-pvc-figure-origami-tobiichi-summer-dress-20-cm\/#breadcrumb"},"inLanguage":"en-GB","potentialAction":[{"@type":"ReadAction","target":["https:\/\/animefigurer.se\/figurer\/date-a-live\/date-a-live-v-pvc-figure-origami-tobiichi-summer-dress-20-cm\/"]}]},{"@type":"ImageObject","inLanguage":"en-GB","@id":"https:\/\/animefigurer.se\/figurer\/date-a-live\/date-a-live-v-pvc-figure-origami-tobiichi-summer-dress-20-cm\/#primaryimage","url":"https:\/\/animefigurer.se\/wp-content\/uploads\/2026\/03\/x_fryu51380.jpg","contentUrl":"https:\/\/animefigurer.se\/wp-content\/uploads\/2026\/03\/x_fryu51380.jpg","width":1000,"height":1000,"caption":"Date A Live V PVC Figure Origami Tobiichi Summer Dress 20 cm"},{"@type":"BreadcrumbList","@id":"https:\/\/animefigurer.se\/figurer\/date-a-live\/date-a-live-v-pvc-figure-origami-tobiichi-summer-dress-20-cm\/#breadcrumb","itemListElement":[{"@type":"ListItem","position":1,"name":"Home","item":"https:\/\/animefigurer.se\/"},{"@type":"ListItem","position":2,"name":"Butik","item":"https:\/\/animefigurer.se\/figurer\/"},{"@type":"ListItem","position":3,"name":"Date A Live V PVC Figure Origami Tobiichi Summer Dress 20 cm"}]},{"@type":"WebSite","@id":"https:\/\/animefigurer.se\/#website","url":"https:\/\/animefigurer.se\/","name":"Animefigurer.se","description":"Anime figures from over 300 different anime series with over 9000 products | Anime Shop","publisher":{"@id":"https:\/\/animefigurer.se\/#organization"},"potentialAction":[{"@type":"SearchAction","target":{"@type":"EntryPoint","urlTemplate":"https:\/\/animefigurer.se\/?s={search_term_string}"},"query-input":{"@type":"PropertyValueSpecification","valueRequired":true,"valueName":"search_term_string"}}],"inLanguage":"en-GB"},{"@type":"Organization","@id":"https:\/\/animefigurer.se\/#organization","name":"Animefigurer.se","alternateName":"Anime figurer | Anime shop","url":"https:\/\/animefigurer.se\/","logo":{"@type":"ImageObject","inLanguage":"en-GB","@id":"https:\/\/animefigurer.se\/#\/schema\/logo\/image\/","url":"https:\/\/animefigurer.se\/wp-content\/uploads\/2025\/12\/Animefigurer_logowhite.png","contentUrl":"https:\/\/animefigurer.se\/wp-content\/uploads\/2025\/12\/Animefigurer_logowhite.png","width":1890,"height":1417,"caption":"Animefigurer.se"},"image":{"@id":"https:\/\/animefigurer.se\/#\/schema\/logo\/image\/"},"sameAs":["https:\/\/www.facebook.com\/profile.php?id=61581826539670","https:\/\/www.instagram.com\/animefigurer.se\/"],"email":"info@animefigurer.se"}]}},"_links":{"self":[{"href":"https:\/\/animefigurer.se\/en\/wp-json\/wp\/v2\/product\/93826","targetHints":{"allow":["GET"]}}],"collection":[{"href":"https:\/\/animefigurer.se\/en\/wp-json\/wp\/v2\/product"}],"about":[{"href":"https:\/\/animefigurer.se\/en\/wp-json\/wp\/v2\/types\/product"}],"replies":[{"embeddable":true,"href":"https:\/\/animefigurer.se\/en\/wp-json\/wp\/v2\/comments?post=93826"}],"wp:featuredmedia":[{"embeddable":true,"href":"https:\/\/animefigurer.se\/en\/wp-json\/wp\/v2\/media\/93827"}],"wp:attachment":[{"href":"https:\/\/animefigurer.se\/en\/wp-json\/wp\/v2\/media?parent=93826"}],"wp:term":[{"taxonomy":"product_brand","embeddable":true,"href":"https:\/\/animefigurer.se\/en\/wp-json\/wp\/v2\/product_brand?post=93826"},{"taxonomy":"product_cat","embeddable":true,"href":"https:\/\/animefigurer.se\/en\/wp-json\/wp\/v2\/product_cat?post=93826"},{"taxonomy":"product_tag","embeddable":true,"href":"https:\/\/animefigurer.se\/en\/wp-json\/wp\/v2\/product_tag?post=93826"},{"taxonomy":"giftcard-category","embeddable":true,"href":"https:\/\/animefigurer.se\/en\/wp-json\/wp\/v2\/giftcard-category?post=93826"}],"curies":[{"name":"wp","href":"https:\/\/api.w.org\/{rel}","templated":true}]}}