{"id":93275,"date":"2026-03-18T17:15:10","date_gmt":"2026-03-18T16:15:10","guid":{"rendered":"https:\/\/animefigurer.se\/?post_type=product&#038;p=93275"},"modified":"2026-03-19T09:45:24","modified_gmt":"2026-03-19T08:45:24","slug":"urban-myth-dissolution-center-plushie-tomiiri","status":"publish","type":"product","link":"https:\/\/animefigurer.se\/en\/figurer\/urban-myth-dissolution-center\/urban-myth-dissolution-center-plushie-tomiiri\/","title":{"rendered":"Urban Myth Dissolution Center: Plushie Tomiiri"},"content":{"rendered":"<p data-start=\"0\" data-end=\"231\">From <em data-start=\"46\" data-end=\"77\">Urban Myth Dissolution Center<\/em> comes this unique and charming plushie by Tomiiri \u2014 a perfect combination of mystery and playful design that will give your collection a different touch.<\/p>\n<p data-start=\"233\" data-end=\"604\">The plushie stands approximately 170mm tall and is made from soft polyester, giving it a comfortable feel and making it ideal for both collectibles and decor. The stylized design captures Tomiiri&#039;s expression in a characteristic way \u2014 from subtle facial details to the overall silhouette, carefully rendered in soft form.<\/p>\n<p data-start=\"606\" data-end=\"768\">A perfect product for fans who want to add something both cozy and visually interesting to their collection \u2014 small in size but with a clear and memorable presence.<\/p>","protected":false},"excerpt":{"rendered":"<p>Fr\u00e5n Urban Myth Dissolution Center kommer denna unika och charmiga plushie av Tomiiri \u2014 en perfekt kombination av mystik och lekfull design som ger din samling en annorlunda touch. Plushien \u00e4r cirka 170 mm h\u00f6g och tillverkad i mjuk polyester, vilket ger en behaglig k\u00e4nsla och g\u00f6r den idealisk b\u00e5de som samlarobjekt och dekor. Den [&hellip;]<\/p>\n","protected":false},"featured_media":93276,"comment_status":"open","ping_status":"closed","template":"","meta":{"_acf_changed":false,"_monsterinsights_skip_tracking":false,"_monsterinsights_sitenote_active":false,"_monsterinsights_sitenote_note":"","_monsterinsights_sitenote_category":0},"product_brand":[6890],"product_cat":[7673],"product_tag":[26],"giftcard-category":[],"class_list":{"0":"post-93275","1":"product","2":"type-product","3":"status-publish","4":"has-post-thumbnail","6":"product_brand-good-smile-company","7":"product_cat-urban-myth-dissolution-center","8":"product_tag-pre-order","9":"pa_franchise-urban-myth-dissolution-center","10":"pa_karaktar-tomiiri","11":"pa_material-polyester","12":"pa_produktserie-plushie","13":"pa_storlek-17-cm","15":"first","16":"instock","17":"taxable","18":"shipping-taxable","19":"purchasable","20":"product-type-simple"},"acf":[],"yoast_head":"<!-- This site is optimized with the Yoast SEO Premium plugin v24.6 (Yoast SEO v27.3) - https:\/\/yoast.com\/product\/yoast-seo-premium-wordpress\/ -->\n<title>Urban Myth Dissolution Center: Plushie Tomiiri | Animefigurer.se<\/title>\n<meta name=\"robots\" content=\"index, follow, max-snippet:-1, max-image-preview:large, max-video-preview:-1\" \/>\n<link rel=\"canonical\" href=\"https:\/\/animefigurer.se\/en\/figurer\/urban-myth-dissolution-center\/urban-myth-dissolution-center-plushie-tomiiri\/\" \/>\n<meta property=\"og:locale\" content=\"en_GB\" \/>\n<meta property=\"og:type\" content=\"article\" \/>\n<meta property=\"og:title\" content=\"Urban Myth Dissolution Center: Plushie Tomiiri\" \/>\n<meta property=\"og:description\" content=\"Fr\u00e5n Urban Myth Dissolution Center kommer denna unika och charmiga plushie av Tomiiri \u2014 en perfekt kombination av mystik och lekfull design som ger din samling en annorlunda touch. Plushien \u00e4r cirka 170 mm h\u00f6g och tillverkad i mjuk polyester, vilket ger en behaglig k\u00e4nsla och g\u00f6r den idealisk b\u00e5de som samlarobjekt och dekor. Den [&hellip;]\" \/>\n<meta property=\"og:url\" content=\"https:\/\/animefigurer.se\/en\/figurer\/urban-myth-dissolution-center\/urban-myth-dissolution-center-plushie-tomiiri\/\" \/>\n<meta property=\"og:site_name\" content=\"Animefigurer.se\" \/>\n<meta property=\"article:publisher\" content=\"https:\/\/www.facebook.com\/profile.php?id=61581826539670\" \/>\n<meta property=\"article:modified_time\" content=\"2026-03-19T08:45:24+00:00\" \/>\n<meta property=\"og:image\" content=\"https:\/\/animefigurer.se\/wp-content\/uploads\/2026\/03\/6af90f9eb0a0cdb944a984491c0bdae6.webp\" \/>\n\t<meta property=\"og:image:width\" content=\"750\" \/>\n\t<meta property=\"og:image:height\" content=\"935\" \/>\n\t<meta property=\"og:image:type\" content=\"image\/webp\" \/>\n<meta name=\"twitter:card\" content=\"summary_large_image\" \/>\n<meta name=\"twitter:label1\" content=\"Estimated reading time\" \/>\n\t<meta name=\"twitter:data1\" content=\"1 minute\" \/>\n<script type=\"application\/ld+json\" class=\"yoast-schema-graph\">{\"@context\":\"https:\\\/\\\/schema.org\",\"@graph\":[{\"@type\":\"WebPage\",\"@id\":\"https:\\\/\\\/animefigurer.se\\\/figurer\\\/urban-myth-dissolution-center\\\/urban-myth-dissolution-center-plushie-tomiiri\\\/\",\"url\":\"https:\\\/\\\/animefigurer.se\\\/figurer\\\/urban-myth-dissolution-center\\\/urban-myth-dissolution-center-plushie-tomiiri\\\/\",\"name\":\"Urban Myth Dissolution Center: Plushie Tomiiri | Animefigurer.se\",\"isPartOf\":{\"@id\":\"https:\\\/\\\/animefigurer.se\\\/#website\"},\"primaryImageOfPage\":{\"@id\":\"https:\\\/\\\/animefigurer.se\\\/figurer\\\/urban-myth-dissolution-center\\\/urban-myth-dissolution-center-plushie-tomiiri\\\/#primaryimage\"},\"image\":{\"@id\":\"https:\\\/\\\/animefigurer.se\\\/figurer\\\/urban-myth-dissolution-center\\\/urban-myth-dissolution-center-plushie-tomiiri\\\/#primaryimage\"},\"thumbnailUrl\":\"https:\\\/\\\/animefigurer.se\\\/wp-content\\\/uploads\\\/2026\\\/03\\\/6af90f9eb0a0cdb944a984491c0bdae6.webp\",\"datePublished\":\"2026-03-18T16:15:10+00:00\",\"dateModified\":\"2026-03-19T08:45:24+00:00\",\"breadcrumb\":{\"@id\":\"https:\\\/\\\/animefigurer.se\\\/figurer\\\/urban-myth-dissolution-center\\\/urban-myth-dissolution-center-plushie-tomiiri\\\/#breadcrumb\"},\"inLanguage\":\"en-GB\",\"potentialAction\":[{\"@type\":\"ReadAction\",\"target\":[\"https:\\\/\\\/animefigurer.se\\\/figurer\\\/urban-myth-dissolution-center\\\/urban-myth-dissolution-center-plushie-tomiiri\\\/\"]}]},{\"@type\":\"ImageObject\",\"inLanguage\":\"en-GB\",\"@id\":\"https:\\\/\\\/animefigurer.se\\\/figurer\\\/urban-myth-dissolution-center\\\/urban-myth-dissolution-center-plushie-tomiiri\\\/#primaryimage\",\"url\":\"https:\\\/\\\/animefigurer.se\\\/wp-content\\\/uploads\\\/2026\\\/03\\\/6af90f9eb0a0cdb944a984491c0bdae6.webp\",\"contentUrl\":\"https:\\\/\\\/animefigurer.se\\\/wp-content\\\/uploads\\\/2026\\\/03\\\/6af90f9eb0a0cdb944a984491c0bdae6.webp\",\"width\":750,\"height\":935,\"caption\":\"Urban Myth Dissolution Center: Plushie Tomiiri\"},{\"@type\":\"BreadcrumbList\",\"@id\":\"https:\\\/\\\/animefigurer.se\\\/figurer\\\/urban-myth-dissolution-center\\\/urban-myth-dissolution-center-plushie-tomiiri\\\/#breadcrumb\",\"itemListElement\":[{\"@type\":\"ListItem\",\"position\":1,\"name\":\"Home\",\"item\":\"https:\\\/\\\/animefigurer.se\\\/\"},{\"@type\":\"ListItem\",\"position\":2,\"name\":\"Butik\",\"item\":\"https:\\\/\\\/animefigurer.se\\\/figurer\\\/\"},{\"@type\":\"ListItem\",\"position\":3,\"name\":\"Urban Myth Dissolution Center: Plushie Tomiiri\"}]},{\"@type\":\"WebSite\",\"@id\":\"https:\\\/\\\/animefigurer.se\\\/#website\",\"url\":\"https:\\\/\\\/animefigurer.se\\\/\",\"name\":\"Animefigurer.se\",\"description\":\"Anime figurer fr\u00e5n \u00f6ver 300 olika anime serier med \u00f6ver 9000 produkter | Anime Shop\",\"publisher\":{\"@id\":\"https:\\\/\\\/animefigurer.se\\\/#organization\"},\"potentialAction\":[{\"@type\":\"SearchAction\",\"target\":{\"@type\":\"EntryPoint\",\"urlTemplate\":\"https:\\\/\\\/animefigurer.se\\\/?s={search_term_string}\"},\"query-input\":{\"@type\":\"PropertyValueSpecification\",\"valueRequired\":true,\"valueName\":\"search_term_string\"}}],\"inLanguage\":\"en-GB\"},{\"@type\":\"Organization\",\"@id\":\"https:\\\/\\\/animefigurer.se\\\/#organization\",\"name\":\"Animefigurer.se\",\"alternateName\":\"Anime figurer | Anime shop\",\"url\":\"https:\\\/\\\/animefigurer.se\\\/\",\"logo\":{\"@type\":\"ImageObject\",\"inLanguage\":\"en-GB\",\"@id\":\"https:\\\/\\\/animefigurer.se\\\/#\\\/schema\\\/logo\\\/image\\\/\",\"url\":\"https:\\\/\\\/animefigurer.se\\\/wp-content\\\/uploads\\\/2025\\\/12\\\/Animefigurer_logowhite.png\",\"contentUrl\":\"https:\\\/\\\/animefigurer.se\\\/wp-content\\\/uploads\\\/2025\\\/12\\\/Animefigurer_logowhite.png\",\"width\":1890,\"height\":1417,\"caption\":\"Animefigurer.se\"},\"image\":{\"@id\":\"https:\\\/\\\/animefigurer.se\\\/#\\\/schema\\\/logo\\\/image\\\/\"},\"sameAs\":[\"https:\\\/\\\/www.facebook.com\\\/profile.php?id=61581826539670\",\"https:\\\/\\\/www.instagram.com\\\/animefigurer.se\\\/\"],\"email\":\"info@animefigurer.se\"}]}<\/script>\n<!-- \/ Yoast SEO Premium plugin. -->","yoast_head_json":{"title":"Urban Myth Dissolution Center: Plushie Tomiiri | Animefigurer.se","robots":{"index":"index","follow":"follow","max-snippet":"max-snippet:-1","max-image-preview":"max-image-preview:large","max-video-preview":"max-video-preview:-1"},"canonical":"https:\/\/animefigurer.se\/en\/figurer\/urban-myth-dissolution-center\/urban-myth-dissolution-center-plushie-tomiiri\/","og_locale":"en_GB","og_type":"article","og_title":"Urban Myth Dissolution Center: Plushie Tomiiri","og_description":"Fr\u00e5n Urban Myth Dissolution Center kommer denna unika och charmiga plushie av Tomiiri \u2014 en perfekt kombination av mystik och lekfull design som ger din samling en annorlunda touch. Plushien \u00e4r cirka 170 mm h\u00f6g och tillverkad i mjuk polyester, vilket ger en behaglig k\u00e4nsla och g\u00f6r den idealisk b\u00e5de som samlarobjekt och dekor. Den [&hellip;]","og_url":"https:\/\/animefigurer.se\/en\/figurer\/urban-myth-dissolution-center\/urban-myth-dissolution-center-plushie-tomiiri\/","og_site_name":"Animefigurer.se","article_publisher":"https:\/\/www.facebook.com\/profile.php?id=61581826539670","article_modified_time":"2026-03-19T08:45:24+00:00","og_image":[{"width":750,"height":935,"url":"https:\/\/animefigurer.se\/wp-content\/uploads\/2026\/03\/6af90f9eb0a0cdb944a984491c0bdae6.webp","type":"image\/webp"}],"twitter_card":"summary_large_image","twitter_misc":{"Estimated reading time":"1 minute"},"schema":{"@context":"https:\/\/schema.org","@graph":[{"@type":"WebPage","@id":"https:\/\/animefigurer.se\/figurer\/urban-myth-dissolution-center\/urban-myth-dissolution-center-plushie-tomiiri\/","url":"https:\/\/animefigurer.se\/figurer\/urban-myth-dissolution-center\/urban-myth-dissolution-center-plushie-tomiiri\/","name":"Urban Myth Dissolution Center: Plushie Tomiiri | Animefigurer.se","isPartOf":{"@id":"https:\/\/animefigurer.se\/#website"},"primaryImageOfPage":{"@id":"https:\/\/animefigurer.se\/figurer\/urban-myth-dissolution-center\/urban-myth-dissolution-center-plushie-tomiiri\/#primaryimage"},"image":{"@id":"https:\/\/animefigurer.se\/figurer\/urban-myth-dissolution-center\/urban-myth-dissolution-center-plushie-tomiiri\/#primaryimage"},"thumbnailUrl":"https:\/\/animefigurer.se\/wp-content\/uploads\/2026\/03\/6af90f9eb0a0cdb944a984491c0bdae6.webp","datePublished":"2026-03-18T16:15:10+00:00","dateModified":"2026-03-19T08:45:24+00:00","breadcrumb":{"@id":"https:\/\/animefigurer.se\/figurer\/urban-myth-dissolution-center\/urban-myth-dissolution-center-plushie-tomiiri\/#breadcrumb"},"inLanguage":"en-GB","potentialAction":[{"@type":"ReadAction","target":["https:\/\/animefigurer.se\/figurer\/urban-myth-dissolution-center\/urban-myth-dissolution-center-plushie-tomiiri\/"]}]},{"@type":"ImageObject","inLanguage":"en-GB","@id":"https:\/\/animefigurer.se\/figurer\/urban-myth-dissolution-center\/urban-myth-dissolution-center-plushie-tomiiri\/#primaryimage","url":"https:\/\/animefigurer.se\/wp-content\/uploads\/2026\/03\/6af90f9eb0a0cdb944a984491c0bdae6.webp","contentUrl":"https:\/\/animefigurer.se\/wp-content\/uploads\/2026\/03\/6af90f9eb0a0cdb944a984491c0bdae6.webp","width":750,"height":935,"caption":"Urban Myth Dissolution Center: Plushie Tomiiri"},{"@type":"BreadcrumbList","@id":"https:\/\/animefigurer.se\/figurer\/urban-myth-dissolution-center\/urban-myth-dissolution-center-plushie-tomiiri\/#breadcrumb","itemListElement":[{"@type":"ListItem","position":1,"name":"Home","item":"https:\/\/animefigurer.se\/"},{"@type":"ListItem","position":2,"name":"Butik","item":"https:\/\/animefigurer.se\/figurer\/"},{"@type":"ListItem","position":3,"name":"Urban Myth Dissolution Center: Plushie Tomiiri"}]},{"@type":"WebSite","@id":"https:\/\/animefigurer.se\/#website","url":"https:\/\/animefigurer.se\/","name":"Animefigurer.se","description":"Anime figures from over 300 different anime series with over 9000 products | Anime Shop","publisher":{"@id":"https:\/\/animefigurer.se\/#organization"},"potentialAction":[{"@type":"SearchAction","target":{"@type":"EntryPoint","urlTemplate":"https:\/\/animefigurer.se\/?s={search_term_string}"},"query-input":{"@type":"PropertyValueSpecification","valueRequired":true,"valueName":"search_term_string"}}],"inLanguage":"en-GB"},{"@type":"Organization","@id":"https:\/\/animefigurer.se\/#organization","name":"Animefigurer.se","alternateName":"Anime figurer | Anime shop","url":"https:\/\/animefigurer.se\/","logo":{"@type":"ImageObject","inLanguage":"en-GB","@id":"https:\/\/animefigurer.se\/#\/schema\/logo\/image\/","url":"https:\/\/animefigurer.se\/wp-content\/uploads\/2025\/12\/Animefigurer_logowhite.png","contentUrl":"https:\/\/animefigurer.se\/wp-content\/uploads\/2025\/12\/Animefigurer_logowhite.png","width":1890,"height":1417,"caption":"Animefigurer.se"},"image":{"@id":"https:\/\/animefigurer.se\/#\/schema\/logo\/image\/"},"sameAs":["https:\/\/www.facebook.com\/profile.php?id=61581826539670","https:\/\/www.instagram.com\/animefigurer.se\/"],"email":"info@animefigurer.se"}]}},"_links":{"self":[{"href":"https:\/\/animefigurer.se\/en\/wp-json\/wp\/v2\/product\/93275","targetHints":{"allow":["GET"]}}],"collection":[{"href":"https:\/\/animefigurer.se\/en\/wp-json\/wp\/v2\/product"}],"about":[{"href":"https:\/\/animefigurer.se\/en\/wp-json\/wp\/v2\/types\/product"}],"replies":[{"embeddable":true,"href":"https:\/\/animefigurer.se\/en\/wp-json\/wp\/v2\/comments?post=93275"}],"wp:featuredmedia":[{"embeddable":true,"href":"https:\/\/animefigurer.se\/en\/wp-json\/wp\/v2\/media\/93276"}],"wp:attachment":[{"href":"https:\/\/animefigurer.se\/en\/wp-json\/wp\/v2\/media?parent=93275"}],"wp:term":[{"taxonomy":"product_brand","embeddable":true,"href":"https:\/\/animefigurer.se\/en\/wp-json\/wp\/v2\/product_brand?post=93275"},{"taxonomy":"product_cat","embeddable":true,"href":"https:\/\/animefigurer.se\/en\/wp-json\/wp\/v2\/product_cat?post=93275"},{"taxonomy":"product_tag","embeddable":true,"href":"https:\/\/animefigurer.se\/en\/wp-json\/wp\/v2\/product_tag?post=93275"},{"taxonomy":"giftcard-category","embeddable":true,"href":"https:\/\/animefigurer.se\/en\/wp-json\/wp\/v2\/giftcard-category?post=93275"}],"curies":[{"name":"wp","href":"https:\/\/api.w.org\/{rel}","templated":true}]}}