{"id":93229,"date":"2026-03-18T23:53:42","date_gmt":"2026-03-18T22:53:42","guid":{"rendered":"https:\/\/animefigurer.se\/?post_type=product&#038;p=93229"},"modified":"2026-03-18T23:53:43","modified_gmt":"2026-03-18T22:53:43","slug":"titanomachia-plamax-gale-hound-guyver-03","status":"publish","type":"product","link":"https:\/\/animefigurer.se\/en\/figurer\/titanomachia\/titanomachia-plamax-gale-hound-guyver-03\/","title":{"rendered":"Titanomachia: PLAMAX Gale Hound Guyver 03"},"content":{"rendered":"<p data-start=\"0\" data-end=\"306\">From the collaboration between <em data-start=\"64\" data-end=\"90\">Bio Booster Armor Guyver<\/em> and NAOKI&#039;s original project <em data-start=\"118\" data-end=\"132\">Titanomachy<\/em> comes this powerful PLAMAX model: Gale Hound Guyver 03. A unique interpretation of the Guyver universe where the iconic design meets a more mechanical and aggressive expression.<\/p>\n<p data-start=\"308\" data-end=\"625\">The model kit comes in pre-painted parts and uses snap-fit construction, making assembly easy while still delivering impressive detail. When fully assembled, the model measures approximately 170mm in height and features a robust armor with sharp lines and a high level of detail inspired by Guyver III.<\/p>\n<p data-start=\"627\" data-end=\"921\">Gale Hound is equipped with parts that recreate the classic Mega-Smasher mechanism as well as two High-Frequency Swords, allowing for dynamic battle poses. Included interchangeable hands and water-based decals provide further opportunities to customize and refine your display.<\/p>\n<p data-start=\"923\" data-end=\"1154\">Please note that this is a plastic model kit that requires assembly. A perfect choice for collectors and modelers who want to combine creative building with a powerful and unique design \u2014 a must-have for fans of <em data-start=\"1127\" data-end=\"1135\">Guyver<\/em> and the PLAMAX series.<\/p>","protected":false},"excerpt":{"rendered":"<p>Fr\u00e5n samarbetet mellan Bio Booster Armor Guyver och NAOKIs originalprojekt Titanomachia kommer denna kraftfulla PLAMAX-modell: Gale Hound Guyver 03. En unik tolkning av Guyver-universumet d\u00e4r den ikoniska designen m\u00f6ter ett mer mekaniskt och aggressivt uttryck. Modellkitet levereras i f\u00f6rf\u00e4rgade delar och anv\u00e4nder snap-fit-konstruktion, vilket g\u00f6r monteringen smidig samtidigt som resultatet blir imponerande detaljrikt. N\u00e4r modellen [&hellip;]<\/p>\n","protected":false},"featured_media":93230,"comment_status":"open","ping_status":"closed","template":"","meta":{"_acf_changed":false,"_monsterinsights_skip_tracking":false,"_monsterinsights_sitenote_active":false,"_monsterinsights_sitenote_note":"","_monsterinsights_sitenote_category":0},"product_brand":[7055],"product_cat":[5683],"product_tag":[26],"giftcard-category":[],"class_list":{"0":"post-93229","1":"product","2":"type-product","3":"status-publish","4":"has-post-thumbnail","6":"product_brand-max-factory","7":"product_cat-titanomachia","8":"product_tag-pre-order","9":"pa_franchise-titanomachia","10":"pa_karaktar-gale-hound","11":"pa_material-plastic","12":"pa_storlek-17-cm","13":"pa_typ-plastic-model-kit","15":"first","16":"instock","17":"taxable","18":"shipping-taxable","19":"purchasable","20":"product-type-simple"},"acf":[],"yoast_head":"<!-- This site is optimized with the Yoast SEO Premium plugin v24.6 (Yoast SEO v27.3) - https:\/\/yoast.com\/product\/yoast-seo-premium-wordpress\/ -->\n<title>Titanomachia: PLAMAX Gale Hound Guyver 03 | Animefigurer.se<\/title>\n<meta name=\"robots\" content=\"index, follow, max-snippet:-1, max-image-preview:large, max-video-preview:-1\" \/>\n<link rel=\"canonical\" href=\"https:\/\/animefigurer.se\/en\/figurer\/titanomachy\/titanomachia-plamax-gale-hound-guyver-03\/\" \/>\n<meta property=\"og:locale\" content=\"en_GB\" \/>\n<meta property=\"og:type\" content=\"article\" \/>\n<meta property=\"og:title\" content=\"Titanomachia: PLAMAX Gale Hound Guyver 03\" \/>\n<meta property=\"og:description\" content=\"Fr\u00e5n samarbetet mellan Bio Booster Armor Guyver och NAOKIs originalprojekt Titanomachia kommer denna kraftfulla PLAMAX-modell: Gale Hound Guyver 03. En unik tolkning av Guyver-universumet d\u00e4r den ikoniska designen m\u00f6ter ett mer mekaniskt och aggressivt uttryck. Modellkitet levereras i f\u00f6rf\u00e4rgade delar och anv\u00e4nder snap-fit-konstruktion, vilket g\u00f6r monteringen smidig samtidigt som resultatet blir imponerande detaljrikt. N\u00e4r modellen [&hellip;]\" \/>\n<meta property=\"og:url\" content=\"https:\/\/animefigurer.se\/en\/figurer\/titanomachy\/titanomachia-plamax-gale-hound-guyver-03\/\" \/>\n<meta property=\"og:site_name\" content=\"Animefigurer.se\" \/>\n<meta property=\"article:publisher\" content=\"https:\/\/www.facebook.com\/profile.php?id=61581826539670\" \/>\n<meta property=\"article:modified_time\" content=\"2026-03-18T22:53:43+00:00\" \/>\n<meta property=\"og:image\" content=\"https:\/\/animefigurer.se\/wp-content\/uploads\/2026\/03\/Myxp4ad53WSEBRTZjXnPkq2Kh7v8eYG0.webp\" \/>\n\t<meta property=\"og:image:width\" content=\"750\" \/>\n\t<meta property=\"og:image:height\" content=\"1000\" \/>\n\t<meta property=\"og:image:type\" content=\"image\/webp\" \/>\n<meta name=\"twitter:card\" content=\"summary_large_image\" \/>\n<meta name=\"twitter:label1\" content=\"Estimated reading time\" \/>\n\t<meta name=\"twitter:data1\" content=\"1 minute\" \/>\n<script type=\"application\/ld+json\" class=\"yoast-schema-graph\">{\"@context\":\"https:\\\/\\\/schema.org\",\"@graph\":[{\"@type\":\"WebPage\",\"@id\":\"https:\\\/\\\/animefigurer.se\\\/figurer\\\/titanomachia\\\/titanomachia-plamax-gale-hound-guyver-03\\\/\",\"url\":\"https:\\\/\\\/animefigurer.se\\\/figurer\\\/titanomachia\\\/titanomachia-plamax-gale-hound-guyver-03\\\/\",\"name\":\"Titanomachia: PLAMAX Gale Hound Guyver 03 | Animefigurer.se\",\"isPartOf\":{\"@id\":\"https:\\\/\\\/animefigurer.se\\\/#website\"},\"primaryImageOfPage\":{\"@id\":\"https:\\\/\\\/animefigurer.se\\\/figurer\\\/titanomachia\\\/titanomachia-plamax-gale-hound-guyver-03\\\/#primaryimage\"},\"image\":{\"@id\":\"https:\\\/\\\/animefigurer.se\\\/figurer\\\/titanomachia\\\/titanomachia-plamax-gale-hound-guyver-03\\\/#primaryimage\"},\"thumbnailUrl\":\"https:\\\/\\\/animefigurer.se\\\/wp-content\\\/uploads\\\/2026\\\/03\\\/Myxp4ad53WSEBRTZjXnPkq2Kh7v8eYG0.webp\",\"datePublished\":\"2026-03-18T22:53:42+00:00\",\"dateModified\":\"2026-03-18T22:53:43+00:00\",\"breadcrumb\":{\"@id\":\"https:\\\/\\\/animefigurer.se\\\/figurer\\\/titanomachia\\\/titanomachia-plamax-gale-hound-guyver-03\\\/#breadcrumb\"},\"inLanguage\":\"en-GB\",\"potentialAction\":[{\"@type\":\"ReadAction\",\"target\":[\"https:\\\/\\\/animefigurer.se\\\/figurer\\\/titanomachia\\\/titanomachia-plamax-gale-hound-guyver-03\\\/\"]}]},{\"@type\":\"ImageObject\",\"inLanguage\":\"en-GB\",\"@id\":\"https:\\\/\\\/animefigurer.se\\\/figurer\\\/titanomachia\\\/titanomachia-plamax-gale-hound-guyver-03\\\/#primaryimage\",\"url\":\"https:\\\/\\\/animefigurer.se\\\/wp-content\\\/uploads\\\/2026\\\/03\\\/Myxp4ad53WSEBRTZjXnPkq2Kh7v8eYG0.webp\",\"contentUrl\":\"https:\\\/\\\/animefigurer.se\\\/wp-content\\\/uploads\\\/2026\\\/03\\\/Myxp4ad53WSEBRTZjXnPkq2Kh7v8eYG0.webp\",\"width\":750,\"height\":1000,\"caption\":\"Titanomachia: PLAMAX Gale Hound Guyver 03\"},{\"@type\":\"BreadcrumbList\",\"@id\":\"https:\\\/\\\/animefigurer.se\\\/figurer\\\/titanomachia\\\/titanomachia-plamax-gale-hound-guyver-03\\\/#breadcrumb\",\"itemListElement\":[{\"@type\":\"ListItem\",\"position\":1,\"name\":\"Home\",\"item\":\"https:\\\/\\\/animefigurer.se\\\/\"},{\"@type\":\"ListItem\",\"position\":2,\"name\":\"Butik\",\"item\":\"https:\\\/\\\/animefigurer.se\\\/figurer\\\/\"},{\"@type\":\"ListItem\",\"position\":3,\"name\":\"Titanomachia: PLAMAX Gale Hound Guyver 03\"}]},{\"@type\":\"WebSite\",\"@id\":\"https:\\\/\\\/animefigurer.se\\\/#website\",\"url\":\"https:\\\/\\\/animefigurer.se\\\/\",\"name\":\"Animefigurer.se\",\"description\":\"Anime figurer fr\u00e5n \u00f6ver 300 olika anime serier med \u00f6ver 9000 produkter | Anime Shop\",\"publisher\":{\"@id\":\"https:\\\/\\\/animefigurer.se\\\/#organization\"},\"potentialAction\":[{\"@type\":\"SearchAction\",\"target\":{\"@type\":\"EntryPoint\",\"urlTemplate\":\"https:\\\/\\\/animefigurer.se\\\/?s={search_term_string}\"},\"query-input\":{\"@type\":\"PropertyValueSpecification\",\"valueRequired\":true,\"valueName\":\"search_term_string\"}}],\"inLanguage\":\"en-GB\"},{\"@type\":\"Organization\",\"@id\":\"https:\\\/\\\/animefigurer.se\\\/#organization\",\"name\":\"Animefigurer.se\",\"alternateName\":\"Anime figurer | Anime shop\",\"url\":\"https:\\\/\\\/animefigurer.se\\\/\",\"logo\":{\"@type\":\"ImageObject\",\"inLanguage\":\"en-GB\",\"@id\":\"https:\\\/\\\/animefigurer.se\\\/#\\\/schema\\\/logo\\\/image\\\/\",\"url\":\"https:\\\/\\\/animefigurer.se\\\/wp-content\\\/uploads\\\/2025\\\/12\\\/Animefigurer_logowhite.png\",\"contentUrl\":\"https:\\\/\\\/animefigurer.se\\\/wp-content\\\/uploads\\\/2025\\\/12\\\/Animefigurer_logowhite.png\",\"width\":1890,\"height\":1417,\"caption\":\"Animefigurer.se\"},\"image\":{\"@id\":\"https:\\\/\\\/animefigurer.se\\\/#\\\/schema\\\/logo\\\/image\\\/\"},\"sameAs\":[\"https:\\\/\\\/www.facebook.com\\\/profile.php?id=61581826539670\",\"https:\\\/\\\/www.instagram.com\\\/animefigurer.se\\\/\"],\"email\":\"info@animefigurer.se\"}]}<\/script>\n<!-- \/ Yoast SEO Premium plugin. -->","yoast_head_json":{"title":"Titanomachia: PLAMAX Gale Hound Guyver 03 | Animefigurer.se","robots":{"index":"index","follow":"follow","max-snippet":"max-snippet:-1","max-image-preview":"max-image-preview:large","max-video-preview":"max-video-preview:-1"},"canonical":"https:\/\/animefigurer.se\/en\/figurer\/titanomachy\/titanomachia-plamax-gale-hound-guyver-03\/","og_locale":"en_GB","og_type":"article","og_title":"Titanomachia: PLAMAX Gale Hound Guyver 03","og_description":"Fr\u00e5n samarbetet mellan Bio Booster Armor Guyver och NAOKIs originalprojekt Titanomachia kommer denna kraftfulla PLAMAX-modell: Gale Hound Guyver 03. En unik tolkning av Guyver-universumet d\u00e4r den ikoniska designen m\u00f6ter ett mer mekaniskt och aggressivt uttryck. Modellkitet levereras i f\u00f6rf\u00e4rgade delar och anv\u00e4nder snap-fit-konstruktion, vilket g\u00f6r monteringen smidig samtidigt som resultatet blir imponerande detaljrikt. N\u00e4r modellen [&hellip;]","og_url":"https:\/\/animefigurer.se\/en\/figurer\/titanomachy\/titanomachia-plamax-gale-hound-guyver-03\/","og_site_name":"Animefigurer.se","article_publisher":"https:\/\/www.facebook.com\/profile.php?id=61581826539670","article_modified_time":"2026-03-18T22:53:43+00:00","og_image":[{"width":750,"height":1000,"url":"https:\/\/animefigurer.se\/wp-content\/uploads\/2026\/03\/Myxp4ad53WSEBRTZjXnPkq2Kh7v8eYG0.webp","type":"image\/webp"}],"twitter_card":"summary_large_image","twitter_misc":{"Estimated reading time":"1 minute"},"schema":{"@context":"https:\/\/schema.org","@graph":[{"@type":"WebPage","@id":"https:\/\/animefigurer.se\/figurer\/titanomachia\/titanomachia-plamax-gale-hound-guyver-03\/","url":"https:\/\/animefigurer.se\/figurer\/titanomachia\/titanomachia-plamax-gale-hound-guyver-03\/","name":"Titanomachia: PLAMAX Gale Hound Guyver 03 | Animefigurer.se","isPartOf":{"@id":"https:\/\/animefigurer.se\/#website"},"primaryImageOfPage":{"@id":"https:\/\/animefigurer.se\/figurer\/titanomachia\/titanomachia-plamax-gale-hound-guyver-03\/#primaryimage"},"image":{"@id":"https:\/\/animefigurer.se\/figurer\/titanomachia\/titanomachia-plamax-gale-hound-guyver-03\/#primaryimage"},"thumbnailUrl":"https:\/\/animefigurer.se\/wp-content\/uploads\/2026\/03\/Myxp4ad53WSEBRTZjXnPkq2Kh7v8eYG0.webp","datePublished":"2026-03-18T22:53:42+00:00","dateModified":"2026-03-18T22:53:43+00:00","breadcrumb":{"@id":"https:\/\/animefigurer.se\/figurer\/titanomachia\/titanomachia-plamax-gale-hound-guyver-03\/#breadcrumb"},"inLanguage":"en-GB","potentialAction":[{"@type":"ReadAction","target":["https:\/\/animefigurer.se\/figurer\/titanomachia\/titanomachia-plamax-gale-hound-guyver-03\/"]}]},{"@type":"ImageObject","inLanguage":"en-GB","@id":"https:\/\/animefigurer.se\/figurer\/titanomachia\/titanomachia-plamax-gale-hound-guyver-03\/#primaryimage","url":"https:\/\/animefigurer.se\/wp-content\/uploads\/2026\/03\/Myxp4ad53WSEBRTZjXnPkq2Kh7v8eYG0.webp","contentUrl":"https:\/\/animefigurer.se\/wp-content\/uploads\/2026\/03\/Myxp4ad53WSEBRTZjXnPkq2Kh7v8eYG0.webp","width":750,"height":1000,"caption":"Titanomachia: PLAMAX Gale Hound Guyver 03"},{"@type":"BreadcrumbList","@id":"https:\/\/animefigurer.se\/figurer\/titanomachia\/titanomachia-plamax-gale-hound-guyver-03\/#breadcrumb","itemListElement":[{"@type":"ListItem","position":1,"name":"Home","item":"https:\/\/animefigurer.se\/"},{"@type":"ListItem","position":2,"name":"Butik","item":"https:\/\/animefigurer.se\/figurer\/"},{"@type":"ListItem","position":3,"name":"Titanomachia: PLAMAX Gale Hound Guyver 03"}]},{"@type":"WebSite","@id":"https:\/\/animefigurer.se\/#website","url":"https:\/\/animefigurer.se\/","name":"Animefigurer.se","description":"Anime figures from over 300 different anime series with over 9000 products | Anime Shop","publisher":{"@id":"https:\/\/animefigurer.se\/#organization"},"potentialAction":[{"@type":"SearchAction","target":{"@type":"EntryPoint","urlTemplate":"https:\/\/animefigurer.se\/?s={search_term_string}"},"query-input":{"@type":"PropertyValueSpecification","valueRequired":true,"valueName":"search_term_string"}}],"inLanguage":"en-GB"},{"@type":"Organization","@id":"https:\/\/animefigurer.se\/#organization","name":"Animefigurer.se","alternateName":"Anime figurer | Anime shop","url":"https:\/\/animefigurer.se\/","logo":{"@type":"ImageObject","inLanguage":"en-GB","@id":"https:\/\/animefigurer.se\/#\/schema\/logo\/image\/","url":"https:\/\/animefigurer.se\/wp-content\/uploads\/2025\/12\/Animefigurer_logowhite.png","contentUrl":"https:\/\/animefigurer.se\/wp-content\/uploads\/2025\/12\/Animefigurer_logowhite.png","width":1890,"height":1417,"caption":"Animefigurer.se"},"image":{"@id":"https:\/\/animefigurer.se\/#\/schema\/logo\/image\/"},"sameAs":["https:\/\/www.facebook.com\/profile.php?id=61581826539670","https:\/\/www.instagram.com\/animefigurer.se\/"],"email":"info@animefigurer.se"}]}},"_links":{"self":[{"href":"https:\/\/animefigurer.se\/en\/wp-json\/wp\/v2\/product\/93229","targetHints":{"allow":["GET"]}}],"collection":[{"href":"https:\/\/animefigurer.se\/en\/wp-json\/wp\/v2\/product"}],"about":[{"href":"https:\/\/animefigurer.se\/en\/wp-json\/wp\/v2\/types\/product"}],"replies":[{"embeddable":true,"href":"https:\/\/animefigurer.se\/en\/wp-json\/wp\/v2\/comments?post=93229"}],"wp:featuredmedia":[{"embeddable":true,"href":"https:\/\/animefigurer.se\/en\/wp-json\/wp\/v2\/media\/93230"}],"wp:attachment":[{"href":"https:\/\/animefigurer.se\/en\/wp-json\/wp\/v2\/media?parent=93229"}],"wp:term":[{"taxonomy":"product_brand","embeddable":true,"href":"https:\/\/animefigurer.se\/en\/wp-json\/wp\/v2\/product_brand?post=93229"},{"taxonomy":"product_cat","embeddable":true,"href":"https:\/\/animefigurer.se\/en\/wp-json\/wp\/v2\/product_cat?post=93229"},{"taxonomy":"product_tag","embeddable":true,"href":"https:\/\/animefigurer.se\/en\/wp-json\/wp\/v2\/product_tag?post=93229"},{"taxonomy":"giftcard-category","embeddable":true,"href":"https:\/\/animefigurer.se\/en\/wp-json\/wp\/v2\/giftcard-category?post=93229"}],"curies":[{"name":"wp","href":"https:\/\/api.w.org\/{rel}","templated":true}]}}