{"id":93104,"date":"2026-03-18T23:49:42","date_gmt":"2026-03-18T22:49:42","guid":{"rendered":"https:\/\/animefigurer.se\/?post_type=product&#038;p=93104"},"modified":"2026-03-18T23:49:43","modified_gmt":"2026-03-18T22:49:43","slug":"nijisanji-kuramochi-melto-figure","status":"publish","type":"product","link":"https:\/\/animefigurer.se\/en\/figurer\/nijisanji\/nijisanji-kuramochi-melto-figure\/","title":{"rendered":"Nijisanji Kuramochi Melto (Figure)"},"content":{"rendered":"<p data-start=\"222\" data-end=\"545\">From the popular VTuber group <em data-start=\"255\" data-end=\"266\">Nijisanji<\/em> comes this vibrant 1\/7th scale figure of Kuramochi Meruto. The energetic and charismatic \u201ccutest fist girl\u201d is captured in a dynamic jumping pose, with a radiant smile that truly conveys her fun-loving and powerful personality.<\/p>\n<p data-start=\"547\" data-end=\"880\">The figure is rich in detail \u2014 from the polka-dotted bow to the metallic elements in the rings and zippers, as well as the colorful sneakers that give the whole a modern and playful style. The meticulously executed painting highlights each element and gives the figure a vivid and expressive impression.<\/p>\n<p data-start=\"882\" data-end=\"1118\">The base also includes a plaque with her signature, further enhancing the collector&#039;s value. With a height of approximately 260 mm (including base), this will be a clear centerpiece in any collection.<\/p>\n<p data-start=\"1120\" data-end=\"1247\">A must for fans of <em data-start=\"1142\" data-end=\"1153\">Nijisanji<\/em> and for collectors looking for a colorful, energetic figure with a strong presence and personality.<\/p>","protected":false},"excerpt":{"rendered":"<p>Fr\u00e5n den popul\u00e4ra VTuber-gruppen Nijisanji kommer denna livfulla 1\/7-skalafigur av Kuramochi Meruto. Den energiska och karismatiska \u201ccutest fist girl\u201d f\u00e5ngas i en dynamisk hoppande pose, med ett str\u00e5lande leende som verkligen f\u00f6rmedlar hennes livsglada och kraftfulla personlighet. Figuren \u00e4r rik p\u00e5 detaljer \u2014 fr\u00e5n den prickiga rosetten till de metalliska inslagen i ringar och dragkedjor, [&hellip;]<\/p>\n","protected":false},"featured_media":93105,"comment_status":"open","ping_status":"closed","template":"","meta":{"_acf_changed":false,"_monsterinsights_skip_tracking":false,"_monsterinsights_sitenote_active":false,"_monsterinsights_sitenote_note":"","_monsterinsights_sitenote_category":0},"product_brand":[6900],"product_cat":[6836],"product_tag":[26],"giftcard-category":[],"class_list":{"0":"post-93104","1":"product","2":"type-product","3":"status-publish","4":"has-post-thumbnail","6":"product_brand-a-dimension","7":"product_cat-nijisanji","8":"product_tag-pre-order","9":"pa_franchise-nijisanji","10":"pa_karaktar-kuramochi-melto","11":"pa_material-abs-pvc-and-iron","12":"pa_skala-41","13":"pa_storlek-26-cm","15":"first","16":"instock","17":"taxable","18":"shipping-taxable","19":"purchasable","20":"product-type-simple"},"acf":[],"yoast_head":"<!-- This site is optimized with the Yoast SEO Premium plugin v24.6 (Yoast SEO v27.4) - https:\/\/yoast.com\/product\/yoast-seo-premium-wordpress\/ -->\n<title>Nijisanji Kuramochi Melto (Figure) | Animefigurer.se<\/title>\n<meta name=\"robots\" content=\"index, follow, max-snippet:-1, max-image-preview:large, max-video-preview:-1\" \/>\n<link rel=\"canonical\" href=\"https:\/\/animefigurer.se\/en\/figurer\/nijisanji\/nijisanji-kuramochi-melto-figure\/\" \/>\n<meta property=\"og:locale\" content=\"en_GB\" \/>\n<meta property=\"og:type\" content=\"article\" \/>\n<meta property=\"og:title\" content=\"Nijisanji Kuramochi Melto (Figure)\" \/>\n<meta property=\"og:description\" content=\"Fr\u00e5n den popul\u00e4ra VTuber-gruppen Nijisanji kommer denna livfulla 1\/7-skalafigur av Kuramochi Meruto. Den energiska och karismatiska \u201ccutest fist girl\u201d f\u00e5ngas i en dynamisk hoppande pose, med ett str\u00e5lande leende som verkligen f\u00f6rmedlar hennes livsglada och kraftfulla personlighet. Figuren \u00e4r rik p\u00e5 detaljer \u2014 fr\u00e5n den prickiga rosetten till de metalliska inslagen i ringar och dragkedjor, [&hellip;]\" \/>\n<meta property=\"og:url\" content=\"https:\/\/animefigurer.se\/en\/figurer\/nijisanji\/nijisanji-kuramochi-melto-figure\/\" \/>\n<meta property=\"og:site_name\" content=\"Animefigurer.se\" \/>\n<meta property=\"article:publisher\" content=\"https:\/\/www.facebook.com\/profile.php?id=61581826539670\" \/>\n<meta property=\"article:modified_time\" content=\"2026-03-18T22:49:43+00:00\" \/>\n<meta property=\"og:image\" content=\"https:\/\/animefigurer.se\/wp-content\/uploads\/2026\/03\/11355455a.jpg\" \/>\n\t<meta property=\"og:image:width\" content=\"800\" \/>\n\t<meta property=\"og:image:height\" content=\"1200\" \/>\n\t<meta property=\"og:image:type\" content=\"image\/jpeg\" \/>\n<meta name=\"twitter:card\" content=\"summary_large_image\" \/>\n<meta name=\"twitter:label1\" content=\"Estimated reading time\" \/>\n\t<meta name=\"twitter:data1\" content=\"1 minute\" \/>\n<script type=\"application\/ld+json\" class=\"yoast-schema-graph\">{\"@context\":\"https:\\\/\\\/schema.org\",\"@graph\":[{\"@type\":\"WebPage\",\"@id\":\"https:\\\/\\\/animefigurer.se\\\/figurer\\\/nijisanji\\\/nijisanji-kuramochi-melto-figure\\\/\",\"url\":\"https:\\\/\\\/animefigurer.se\\\/figurer\\\/nijisanji\\\/nijisanji-kuramochi-melto-figure\\\/\",\"name\":\"Nijisanji Kuramochi Melto (Figure) | Animefigurer.se\",\"isPartOf\":{\"@id\":\"https:\\\/\\\/animefigurer.se\\\/#website\"},\"primaryImageOfPage\":{\"@id\":\"https:\\\/\\\/animefigurer.se\\\/figurer\\\/nijisanji\\\/nijisanji-kuramochi-melto-figure\\\/#primaryimage\"},\"image\":{\"@id\":\"https:\\\/\\\/animefigurer.se\\\/figurer\\\/nijisanji\\\/nijisanji-kuramochi-melto-figure\\\/#primaryimage\"},\"thumbnailUrl\":\"https:\\\/\\\/animefigurer.se\\\/wp-content\\\/uploads\\\/2026\\\/03\\\/11355455a.jpg\",\"datePublished\":\"2026-03-18T22:49:42+00:00\",\"dateModified\":\"2026-03-18T22:49:43+00:00\",\"breadcrumb\":{\"@id\":\"https:\\\/\\\/animefigurer.se\\\/figurer\\\/nijisanji\\\/nijisanji-kuramochi-melto-figure\\\/#breadcrumb\"},\"inLanguage\":\"en-GB\",\"potentialAction\":[{\"@type\":\"ReadAction\",\"target\":[\"https:\\\/\\\/animefigurer.se\\\/figurer\\\/nijisanji\\\/nijisanji-kuramochi-melto-figure\\\/\"]}]},{\"@type\":\"ImageObject\",\"inLanguage\":\"en-GB\",\"@id\":\"https:\\\/\\\/animefigurer.se\\\/figurer\\\/nijisanji\\\/nijisanji-kuramochi-melto-figure\\\/#primaryimage\",\"url\":\"https:\\\/\\\/animefigurer.se\\\/wp-content\\\/uploads\\\/2026\\\/03\\\/11355455a.jpg\",\"contentUrl\":\"https:\\\/\\\/animefigurer.se\\\/wp-content\\\/uploads\\\/2026\\\/03\\\/11355455a.jpg\",\"width\":800,\"height\":1200,\"caption\":\"Nijisanji Kuramochi Melto (Figure)\"},{\"@type\":\"BreadcrumbList\",\"@id\":\"https:\\\/\\\/animefigurer.se\\\/figurer\\\/nijisanji\\\/nijisanji-kuramochi-melto-figure\\\/#breadcrumb\",\"itemListElement\":[{\"@type\":\"ListItem\",\"position\":1,\"name\":\"Home\",\"item\":\"https:\\\/\\\/animefigurer.se\\\/\"},{\"@type\":\"ListItem\",\"position\":2,\"name\":\"Butik\",\"item\":\"https:\\\/\\\/animefigurer.se\\\/figurer\\\/\"},{\"@type\":\"ListItem\",\"position\":3,\"name\":\"Nijisanji Kuramochi Melto (Figure)\"}]},{\"@type\":\"WebSite\",\"@id\":\"https:\\\/\\\/animefigurer.se\\\/#website\",\"url\":\"https:\\\/\\\/animefigurer.se\\\/\",\"name\":\"Animefigurer.se\",\"description\":\"Anime figurer fr\u00e5n \u00f6ver 300 olika anime serier med \u00f6ver 9000 produkter | Anime Shop\",\"publisher\":{\"@id\":\"https:\\\/\\\/animefigurer.se\\\/#organization\"},\"potentialAction\":[{\"@type\":\"SearchAction\",\"target\":{\"@type\":\"EntryPoint\",\"urlTemplate\":\"https:\\\/\\\/animefigurer.se\\\/?s={search_term_string}\"},\"query-input\":{\"@type\":\"PropertyValueSpecification\",\"valueRequired\":true,\"valueName\":\"search_term_string\"}}],\"inLanguage\":\"en-GB\"},{\"@type\":\"Organization\",\"@id\":\"https:\\\/\\\/animefigurer.se\\\/#organization\",\"name\":\"Animefigurer.se\",\"alternateName\":\"Anime figurer | Anime shop\",\"url\":\"https:\\\/\\\/animefigurer.se\\\/\",\"logo\":{\"@type\":\"ImageObject\",\"inLanguage\":\"en-GB\",\"@id\":\"https:\\\/\\\/animefigurer.se\\\/#\\\/schema\\\/logo\\\/image\\\/\",\"url\":\"https:\\\/\\\/animefigurer.se\\\/wp-content\\\/uploads\\\/2025\\\/12\\\/Animefigurer_logowhite.png\",\"contentUrl\":\"https:\\\/\\\/animefigurer.se\\\/wp-content\\\/uploads\\\/2025\\\/12\\\/Animefigurer_logowhite.png\",\"width\":1890,\"height\":1417,\"caption\":\"Animefigurer.se\"},\"image\":{\"@id\":\"https:\\\/\\\/animefigurer.se\\\/#\\\/schema\\\/logo\\\/image\\\/\"},\"sameAs\":[\"https:\\\/\\\/www.facebook.com\\\/profile.php?id=61581826539670\",\"https:\\\/\\\/www.instagram.com\\\/animefigurer.se\\\/\"],\"email\":\"info@animefigurer.se\"}]}<\/script>\n<!-- \/ Yoast SEO Premium plugin. -->","yoast_head_json":{"title":"Nijisanji Kuramochi Melto (Figure) | Animefigurer.se","robots":{"index":"index","follow":"follow","max-snippet":"max-snippet:-1","max-image-preview":"max-image-preview:large","max-video-preview":"max-video-preview:-1"},"canonical":"https:\/\/animefigurer.se\/en\/figurer\/nijisanji\/nijisanji-kuramochi-melto-figure\/","og_locale":"en_GB","og_type":"article","og_title":"Nijisanji Kuramochi Melto (Figure)","og_description":"Fr\u00e5n den popul\u00e4ra VTuber-gruppen Nijisanji kommer denna livfulla 1\/7-skalafigur av Kuramochi Meruto. Den energiska och karismatiska \u201ccutest fist girl\u201d f\u00e5ngas i en dynamisk hoppande pose, med ett str\u00e5lande leende som verkligen f\u00f6rmedlar hennes livsglada och kraftfulla personlighet. Figuren \u00e4r rik p\u00e5 detaljer \u2014 fr\u00e5n den prickiga rosetten till de metalliska inslagen i ringar och dragkedjor, [&hellip;]","og_url":"https:\/\/animefigurer.se\/en\/figurer\/nijisanji\/nijisanji-kuramochi-melto-figure\/","og_site_name":"Animefigurer.se","article_publisher":"https:\/\/www.facebook.com\/profile.php?id=61581826539670","article_modified_time":"2026-03-18T22:49:43+00:00","og_image":[{"width":800,"height":1200,"url":"https:\/\/animefigurer.se\/wp-content\/uploads\/2026\/03\/11355455a.jpg","type":"image\/jpeg"}],"twitter_card":"summary_large_image","twitter_misc":{"Estimated reading time":"1 minute"},"schema":{"@context":"https:\/\/schema.org","@graph":[{"@type":"WebPage","@id":"https:\/\/animefigurer.se\/figurer\/nijisanji\/nijisanji-kuramochi-melto-figure\/","url":"https:\/\/animefigurer.se\/figurer\/nijisanji\/nijisanji-kuramochi-melto-figure\/","name":"Nijisanji Kuramochi Melto (Figure) | Animefigurer.se","isPartOf":{"@id":"https:\/\/animefigurer.se\/#website"},"primaryImageOfPage":{"@id":"https:\/\/animefigurer.se\/figurer\/nijisanji\/nijisanji-kuramochi-melto-figure\/#primaryimage"},"image":{"@id":"https:\/\/animefigurer.se\/figurer\/nijisanji\/nijisanji-kuramochi-melto-figure\/#primaryimage"},"thumbnailUrl":"https:\/\/animefigurer.se\/wp-content\/uploads\/2026\/03\/11355455a.jpg","datePublished":"2026-03-18T22:49:42+00:00","dateModified":"2026-03-18T22:49:43+00:00","breadcrumb":{"@id":"https:\/\/animefigurer.se\/figurer\/nijisanji\/nijisanji-kuramochi-melto-figure\/#breadcrumb"},"inLanguage":"en-GB","potentialAction":[{"@type":"ReadAction","target":["https:\/\/animefigurer.se\/figurer\/nijisanji\/nijisanji-kuramochi-melto-figure\/"]}]},{"@type":"ImageObject","inLanguage":"en-GB","@id":"https:\/\/animefigurer.se\/figurer\/nijisanji\/nijisanji-kuramochi-melto-figure\/#primaryimage","url":"https:\/\/animefigurer.se\/wp-content\/uploads\/2026\/03\/11355455a.jpg","contentUrl":"https:\/\/animefigurer.se\/wp-content\/uploads\/2026\/03\/11355455a.jpg","width":800,"height":1200,"caption":"Nijisanji Kuramochi Melto (Figure)"},{"@type":"BreadcrumbList","@id":"https:\/\/animefigurer.se\/figurer\/nijisanji\/nijisanji-kuramochi-melto-figure\/#breadcrumb","itemListElement":[{"@type":"ListItem","position":1,"name":"Home","item":"https:\/\/animefigurer.se\/"},{"@type":"ListItem","position":2,"name":"Butik","item":"https:\/\/animefigurer.se\/figurer\/"},{"@type":"ListItem","position":3,"name":"Nijisanji Kuramochi Melto (Figure)"}]},{"@type":"WebSite","@id":"https:\/\/animefigurer.se\/#website","url":"https:\/\/animefigurer.se\/","name":"Animefigurer.se","description":"Anime figures from over 300 different anime series with over 9000 products | Anime Shop","publisher":{"@id":"https:\/\/animefigurer.se\/#organization"},"potentialAction":[{"@type":"SearchAction","target":{"@type":"EntryPoint","urlTemplate":"https:\/\/animefigurer.se\/?s={search_term_string}"},"query-input":{"@type":"PropertyValueSpecification","valueRequired":true,"valueName":"search_term_string"}}],"inLanguage":"en-GB"},{"@type":"Organization","@id":"https:\/\/animefigurer.se\/#organization","name":"Animefigurer.se","alternateName":"Anime figurer | Anime shop","url":"https:\/\/animefigurer.se\/","logo":{"@type":"ImageObject","inLanguage":"en-GB","@id":"https:\/\/animefigurer.se\/#\/schema\/logo\/image\/","url":"https:\/\/animefigurer.se\/wp-content\/uploads\/2025\/12\/Animefigurer_logowhite.png","contentUrl":"https:\/\/animefigurer.se\/wp-content\/uploads\/2025\/12\/Animefigurer_logowhite.png","width":1890,"height":1417,"caption":"Animefigurer.se"},"image":{"@id":"https:\/\/animefigurer.se\/#\/schema\/logo\/image\/"},"sameAs":["https:\/\/www.facebook.com\/profile.php?id=61581826539670","https:\/\/www.instagram.com\/animefigurer.se\/"],"email":"info@animefigurer.se"}]}},"_links":{"self":[{"href":"https:\/\/animefigurer.se\/en\/wp-json\/wp\/v2\/product\/93104","targetHints":{"allow":["GET"]}}],"collection":[{"href":"https:\/\/animefigurer.se\/en\/wp-json\/wp\/v2\/product"}],"about":[{"href":"https:\/\/animefigurer.se\/en\/wp-json\/wp\/v2\/types\/product"}],"replies":[{"embeddable":true,"href":"https:\/\/animefigurer.se\/en\/wp-json\/wp\/v2\/comments?post=93104"}],"wp:featuredmedia":[{"embeddable":true,"href":"https:\/\/animefigurer.se\/en\/wp-json\/wp\/v2\/media\/93105"}],"wp:attachment":[{"href":"https:\/\/animefigurer.se\/en\/wp-json\/wp\/v2\/media?parent=93104"}],"wp:term":[{"taxonomy":"product_brand","embeddable":true,"href":"https:\/\/animefigurer.se\/en\/wp-json\/wp\/v2\/product_brand?post=93104"},{"taxonomy":"product_cat","embeddable":true,"href":"https:\/\/animefigurer.se\/en\/wp-json\/wp\/v2\/product_cat?post=93104"},{"taxonomy":"product_tag","embeddable":true,"href":"https:\/\/animefigurer.se\/en\/wp-json\/wp\/v2\/product_tag?post=93104"},{"taxonomy":"giftcard-category","embeddable":true,"href":"https:\/\/animefigurer.se\/en\/wp-json\/wp\/v2\/giftcard-category?post=93104"}],"curies":[{"name":"wp","href":"https:\/\/api.w.org\/{rel}","templated":true}]}}