{"id":93089,"date":"2026-03-18T22:51:25","date_gmt":"2026-03-18T21:51:25","guid":{"rendered":"https:\/\/animefigurer.se\/?post_type=product&#038;p=93089"},"modified":"2026-03-18T22:51:26","modified_gmt":"2026-03-18T21:51:26","slug":"togainu-no-chi-shiki-1-7-complete-figure","status":"publish","type":"product","link":"https:\/\/animefigurer.se\/en\/figurer\/togainu-no-chi\/togainu-no-chi-shiki-1-7-complete-figure\/","title":{"rendered":"Togainu no Chi Shiki 1\/7 Complete Figure"},"content":{"rendered":"<p data-start=\"243\" data-end=\"454\">From the classic game <em data-start=\"269\" data-end=\"285\">Togainu no Chi<\/em> comes this 1\/7th scale figure of Shiki from ques Q. The figure shows Shiki in an unusually relaxed moment, where his confident and dominant presence stands out clearly.<\/p>\n<p data-start=\"456\" data-end=\"714\">He sits with his legs elegantly crossed while a hint of his blade is visible, giving a subtle yet powerful sense of control and superiority \u2014 like a true ruler of his territory. The thoughtful pose conveys both calm and danger at the same time.<\/p>\n<p data-start=\"716\" data-end=\"979\">The sharp red eyes and carefully rendered posture enhance the figure&#039;s intensity, while the sleek sculpt highlights the character&#039;s iconic look. Standing approximately 13.5cm tall (to the top of the head), this is a compact yet expressive scale figure.<\/p>\n<p data-start=\"981\" data-end=\"1106\">A strong addition for fans of <em data-start=\"1014\" data-end=\"1030\">Togainu no Chi<\/em> and collectors who appreciate character-driven figures with attitude and presence.<\/p>","protected":false},"excerpt":{"rendered":"<p>Fr\u00e5n det klassiska spelet Togainu no Chi kommer denna 1\/7-skalafigur av Shiki fr\u00e5n ques Q. Figuren visar Shiki i ett ovanligt avslappnat \u00f6gonblick, d\u00e4r hans sj\u00e4lvs\u00e4kra och dominanta n\u00e4rvaro framtr\u00e4der tydligt. Han sitter med benen elegant korsade medan en antydan till hans blad syns, vilket ger en subtil men kraftfull k\u00e4nsla av kontroll och \u00f6verl\u00e4gsenhet [&hellip;]<\/p>\n","protected":false},"featured_media":93090,"comment_status":"open","ping_status":"closed","template":"","meta":{"_acf_changed":false,"_monsterinsights_skip_tracking":false,"_monsterinsights_sitenote_active":false,"_monsterinsights_sitenote_note":"","_monsterinsights_sitenote_category":0},"product_brand":[6897],"product_cat":[7654],"product_tag":[26],"giftcard-category":[],"class_list":{"0":"post-93089","1":"product","2":"type-product","3":"status-publish","4":"has-post-thumbnail","6":"product_brand-ques-q","7":"product_cat-togainu-no-chi","8":"product_tag-pre-order","9":"pa_franchise-togainu-no-chi","10":"pa_karaktar-shiki","11":"pa_material-pvc","12":"pa_skala-41","13":"pa_storlek-13-5-cm","15":"first","16":"instock","17":"taxable","18":"shipping-taxable","19":"purchasable","20":"product-type-simple"},"acf":[],"yoast_head":"<!-- This site is optimized with the Yoast SEO Premium plugin v24.6 (Yoast SEO v27.4) - https:\/\/yoast.com\/product\/yoast-seo-premium-wordpress\/ -->\n<title>Togainu no Chi Shiki 1\/7 Complete Figure | Animefigurer.se<\/title>\n<meta name=\"robots\" content=\"index, follow, max-snippet:-1, max-image-preview:large, max-video-preview:-1\" \/>\n<link rel=\"canonical\" href=\"https:\/\/animefigurer.se\/en\/figurer\/togainu-no-chi\/togainu-no-chi-shiki-1-7-complete-figure\/\" \/>\n<meta property=\"og:locale\" content=\"en_GB\" \/>\n<meta property=\"og:type\" content=\"article\" \/>\n<meta property=\"og:title\" content=\"Togainu no Chi Shiki 1\/7 Complete Figure\" \/>\n<meta property=\"og:description\" content=\"Fr\u00e5n det klassiska spelet Togainu no Chi kommer denna 1\/7-skalafigur av Shiki fr\u00e5n ques Q. Figuren visar Shiki i ett ovanligt avslappnat \u00f6gonblick, d\u00e4r hans sj\u00e4lvs\u00e4kra och dominanta n\u00e4rvaro framtr\u00e4der tydligt. Han sitter med benen elegant korsade medan en antydan till hans blad syns, vilket ger en subtil men kraftfull k\u00e4nsla av kontroll och \u00f6verl\u00e4gsenhet [&hellip;]\" \/>\n<meta property=\"og:url\" content=\"https:\/\/animefigurer.se\/en\/figurer\/togainu-no-chi\/togainu-no-chi-shiki-1-7-complete-figure\/\" \/>\n<meta property=\"og:site_name\" content=\"Animefigurer.se\" \/>\n<meta property=\"article:publisher\" content=\"https:\/\/www.facebook.com\/profile.php?id=61581826539670\" \/>\n<meta property=\"article:modified_time\" content=\"2026-03-18T21:51:26+00:00\" \/>\n<meta property=\"og:image\" content=\"https:\/\/animefigurer.se\/wp-content\/uploads\/2026\/03\/FIGURE-199320.jpg\" \/>\n\t<meta property=\"og:image:width\" content=\"600\" \/>\n\t<meta property=\"og:image:height\" content=\"408\" \/>\n\t<meta property=\"og:image:type\" content=\"image\/jpeg\" \/>\n<meta name=\"twitter:card\" content=\"summary_large_image\" \/>\n<meta name=\"twitter:label1\" content=\"Estimated reading time\" \/>\n\t<meta name=\"twitter:data1\" content=\"1 minute\" \/>\n<script type=\"application\/ld+json\" class=\"yoast-schema-graph\">{\"@context\":\"https:\\\/\\\/schema.org\",\"@graph\":[{\"@type\":\"WebPage\",\"@id\":\"https:\\\/\\\/animefigurer.se\\\/figurer\\\/togainu-no-chi\\\/togainu-no-chi-shiki-1-7-complete-figure\\\/\",\"url\":\"https:\\\/\\\/animefigurer.se\\\/figurer\\\/togainu-no-chi\\\/togainu-no-chi-shiki-1-7-complete-figure\\\/\",\"name\":\"Togainu no Chi Shiki 1\\\/7 Complete Figure | Animefigurer.se\",\"isPartOf\":{\"@id\":\"https:\\\/\\\/animefigurer.se\\\/#website\"},\"primaryImageOfPage\":{\"@id\":\"https:\\\/\\\/animefigurer.se\\\/figurer\\\/togainu-no-chi\\\/togainu-no-chi-shiki-1-7-complete-figure\\\/#primaryimage\"},\"image\":{\"@id\":\"https:\\\/\\\/animefigurer.se\\\/figurer\\\/togainu-no-chi\\\/togainu-no-chi-shiki-1-7-complete-figure\\\/#primaryimage\"},\"thumbnailUrl\":\"https:\\\/\\\/animefigurer.se\\\/wp-content\\\/uploads\\\/2026\\\/03\\\/FIGURE-199320.jpg\",\"datePublished\":\"2026-03-18T21:51:25+00:00\",\"dateModified\":\"2026-03-18T21:51:26+00:00\",\"breadcrumb\":{\"@id\":\"https:\\\/\\\/animefigurer.se\\\/figurer\\\/togainu-no-chi\\\/togainu-no-chi-shiki-1-7-complete-figure\\\/#breadcrumb\"},\"inLanguage\":\"en-GB\",\"potentialAction\":[{\"@type\":\"ReadAction\",\"target\":[\"https:\\\/\\\/animefigurer.se\\\/figurer\\\/togainu-no-chi\\\/togainu-no-chi-shiki-1-7-complete-figure\\\/\"]}]},{\"@type\":\"ImageObject\",\"inLanguage\":\"en-GB\",\"@id\":\"https:\\\/\\\/animefigurer.se\\\/figurer\\\/togainu-no-chi\\\/togainu-no-chi-shiki-1-7-complete-figure\\\/#primaryimage\",\"url\":\"https:\\\/\\\/animefigurer.se\\\/wp-content\\\/uploads\\\/2026\\\/03\\\/FIGURE-199320.jpg\",\"contentUrl\":\"https:\\\/\\\/animefigurer.se\\\/wp-content\\\/uploads\\\/2026\\\/03\\\/FIGURE-199320.jpg\",\"width\":600,\"height\":408,\"caption\":\"Togainu no Chi Shiki 1\\\/7 Complete Figure\"},{\"@type\":\"BreadcrumbList\",\"@id\":\"https:\\\/\\\/animefigurer.se\\\/figurer\\\/togainu-no-chi\\\/togainu-no-chi-shiki-1-7-complete-figure\\\/#breadcrumb\",\"itemListElement\":[{\"@type\":\"ListItem\",\"position\":1,\"name\":\"Home\",\"item\":\"https:\\\/\\\/animefigurer.se\\\/\"},{\"@type\":\"ListItem\",\"position\":2,\"name\":\"Butik\",\"item\":\"https:\\\/\\\/animefigurer.se\\\/figurer\\\/\"},{\"@type\":\"ListItem\",\"position\":3,\"name\":\"Togainu no Chi Shiki 1\\\/7 Complete Figure\"}]},{\"@type\":\"WebSite\",\"@id\":\"https:\\\/\\\/animefigurer.se\\\/#website\",\"url\":\"https:\\\/\\\/animefigurer.se\\\/\",\"name\":\"Animefigurer.se\",\"description\":\"Anime figurer fr\u00e5n \u00f6ver 300 olika anime serier med \u00f6ver 9000 produkter | Anime Shop\",\"publisher\":{\"@id\":\"https:\\\/\\\/animefigurer.se\\\/#organization\"},\"potentialAction\":[{\"@type\":\"SearchAction\",\"target\":{\"@type\":\"EntryPoint\",\"urlTemplate\":\"https:\\\/\\\/animefigurer.se\\\/?s={search_term_string}\"},\"query-input\":{\"@type\":\"PropertyValueSpecification\",\"valueRequired\":true,\"valueName\":\"search_term_string\"}}],\"inLanguage\":\"en-GB\"},{\"@type\":\"Organization\",\"@id\":\"https:\\\/\\\/animefigurer.se\\\/#organization\",\"name\":\"Animefigurer.se\",\"alternateName\":\"Anime figurer | Anime shop\",\"url\":\"https:\\\/\\\/animefigurer.se\\\/\",\"logo\":{\"@type\":\"ImageObject\",\"inLanguage\":\"en-GB\",\"@id\":\"https:\\\/\\\/animefigurer.se\\\/#\\\/schema\\\/logo\\\/image\\\/\",\"url\":\"https:\\\/\\\/animefigurer.se\\\/wp-content\\\/uploads\\\/2025\\\/12\\\/Animefigurer_logowhite.png\",\"contentUrl\":\"https:\\\/\\\/animefigurer.se\\\/wp-content\\\/uploads\\\/2025\\\/12\\\/Animefigurer_logowhite.png\",\"width\":1890,\"height\":1417,\"caption\":\"Animefigurer.se\"},\"image\":{\"@id\":\"https:\\\/\\\/animefigurer.se\\\/#\\\/schema\\\/logo\\\/image\\\/\"},\"sameAs\":[\"https:\\\/\\\/www.facebook.com\\\/profile.php?id=61581826539670\",\"https:\\\/\\\/www.instagram.com\\\/animefigurer.se\\\/\"],\"email\":\"info@animefigurer.se\"}]}<\/script>\n<!-- \/ Yoast SEO Premium plugin. -->","yoast_head_json":{"title":"Togainu no Chi Shiki 1\/7 Complete Figure | Animefigurer.se","robots":{"index":"index","follow":"follow","max-snippet":"max-snippet:-1","max-image-preview":"max-image-preview:large","max-video-preview":"max-video-preview:-1"},"canonical":"https:\/\/animefigurer.se\/en\/figurer\/togainu-no-chi\/togainu-no-chi-shiki-1-7-complete-figure\/","og_locale":"en_GB","og_type":"article","og_title":"Togainu no Chi Shiki 1\/7 Complete Figure","og_description":"Fr\u00e5n det klassiska spelet Togainu no Chi kommer denna 1\/7-skalafigur av Shiki fr\u00e5n ques Q. Figuren visar Shiki i ett ovanligt avslappnat \u00f6gonblick, d\u00e4r hans sj\u00e4lvs\u00e4kra och dominanta n\u00e4rvaro framtr\u00e4der tydligt. Han sitter med benen elegant korsade medan en antydan till hans blad syns, vilket ger en subtil men kraftfull k\u00e4nsla av kontroll och \u00f6verl\u00e4gsenhet [&hellip;]","og_url":"https:\/\/animefigurer.se\/en\/figurer\/togainu-no-chi\/togainu-no-chi-shiki-1-7-complete-figure\/","og_site_name":"Animefigurer.se","article_publisher":"https:\/\/www.facebook.com\/profile.php?id=61581826539670","article_modified_time":"2026-03-18T21:51:26+00:00","og_image":[{"width":600,"height":408,"url":"https:\/\/animefigurer.se\/wp-content\/uploads\/2026\/03\/FIGURE-199320.jpg","type":"image\/jpeg"}],"twitter_card":"summary_large_image","twitter_misc":{"Estimated reading time":"1 minute"},"schema":{"@context":"https:\/\/schema.org","@graph":[{"@type":"WebPage","@id":"https:\/\/animefigurer.se\/figurer\/togainu-no-chi\/togainu-no-chi-shiki-1-7-complete-figure\/","url":"https:\/\/animefigurer.se\/figurer\/togainu-no-chi\/togainu-no-chi-shiki-1-7-complete-figure\/","name":"Togainu no Chi Shiki 1\/7 Complete Figure | Animefigurer.se","isPartOf":{"@id":"https:\/\/animefigurer.se\/#website"},"primaryImageOfPage":{"@id":"https:\/\/animefigurer.se\/figurer\/togainu-no-chi\/togainu-no-chi-shiki-1-7-complete-figure\/#primaryimage"},"image":{"@id":"https:\/\/animefigurer.se\/figurer\/togainu-no-chi\/togainu-no-chi-shiki-1-7-complete-figure\/#primaryimage"},"thumbnailUrl":"https:\/\/animefigurer.se\/wp-content\/uploads\/2026\/03\/FIGURE-199320.jpg","datePublished":"2026-03-18T21:51:25+00:00","dateModified":"2026-03-18T21:51:26+00:00","breadcrumb":{"@id":"https:\/\/animefigurer.se\/figurer\/togainu-no-chi\/togainu-no-chi-shiki-1-7-complete-figure\/#breadcrumb"},"inLanguage":"en-GB","potentialAction":[{"@type":"ReadAction","target":["https:\/\/animefigurer.se\/figurer\/togainu-no-chi\/togainu-no-chi-shiki-1-7-complete-figure\/"]}]},{"@type":"ImageObject","inLanguage":"en-GB","@id":"https:\/\/animefigurer.se\/figurer\/togainu-no-chi\/togainu-no-chi-shiki-1-7-complete-figure\/#primaryimage","url":"https:\/\/animefigurer.se\/wp-content\/uploads\/2026\/03\/FIGURE-199320.jpg","contentUrl":"https:\/\/animefigurer.se\/wp-content\/uploads\/2026\/03\/FIGURE-199320.jpg","width":600,"height":408,"caption":"Togainu no Chi Shiki 1\/7 Complete Figure"},{"@type":"BreadcrumbList","@id":"https:\/\/animefigurer.se\/figurer\/togainu-no-chi\/togainu-no-chi-shiki-1-7-complete-figure\/#breadcrumb","itemListElement":[{"@type":"ListItem","position":1,"name":"Home","item":"https:\/\/animefigurer.se\/"},{"@type":"ListItem","position":2,"name":"Butik","item":"https:\/\/animefigurer.se\/figurer\/"},{"@type":"ListItem","position":3,"name":"Togainu no Chi Shiki 1\/7 Complete Figure"}]},{"@type":"WebSite","@id":"https:\/\/animefigurer.se\/#website","url":"https:\/\/animefigurer.se\/","name":"Animefigurer.se","description":"Anime figures from over 300 different anime series with over 9000 products | Anime Shop","publisher":{"@id":"https:\/\/animefigurer.se\/#organization"},"potentialAction":[{"@type":"SearchAction","target":{"@type":"EntryPoint","urlTemplate":"https:\/\/animefigurer.se\/?s={search_term_string}"},"query-input":{"@type":"PropertyValueSpecification","valueRequired":true,"valueName":"search_term_string"}}],"inLanguage":"en-GB"},{"@type":"Organization","@id":"https:\/\/animefigurer.se\/#organization","name":"Animefigurer.se","alternateName":"Anime figurer | Anime shop","url":"https:\/\/animefigurer.se\/","logo":{"@type":"ImageObject","inLanguage":"en-GB","@id":"https:\/\/animefigurer.se\/#\/schema\/logo\/image\/","url":"https:\/\/animefigurer.se\/wp-content\/uploads\/2025\/12\/Animefigurer_logowhite.png","contentUrl":"https:\/\/animefigurer.se\/wp-content\/uploads\/2025\/12\/Animefigurer_logowhite.png","width":1890,"height":1417,"caption":"Animefigurer.se"},"image":{"@id":"https:\/\/animefigurer.se\/#\/schema\/logo\/image\/"},"sameAs":["https:\/\/www.facebook.com\/profile.php?id=61581826539670","https:\/\/www.instagram.com\/animefigurer.se\/"],"email":"info@animefigurer.se"}]}},"_links":{"self":[{"href":"https:\/\/animefigurer.se\/en\/wp-json\/wp\/v2\/product\/93089","targetHints":{"allow":["GET"]}}],"collection":[{"href":"https:\/\/animefigurer.se\/en\/wp-json\/wp\/v2\/product"}],"about":[{"href":"https:\/\/animefigurer.se\/en\/wp-json\/wp\/v2\/types\/product"}],"replies":[{"embeddable":true,"href":"https:\/\/animefigurer.se\/en\/wp-json\/wp\/v2\/comments?post=93089"}],"wp:featuredmedia":[{"embeddable":true,"href":"https:\/\/animefigurer.se\/en\/wp-json\/wp\/v2\/media\/93090"}],"wp:attachment":[{"href":"https:\/\/animefigurer.se\/en\/wp-json\/wp\/v2\/media?parent=93089"}],"wp:term":[{"taxonomy":"product_brand","embeddable":true,"href":"https:\/\/animefigurer.se\/en\/wp-json\/wp\/v2\/product_brand?post=93089"},{"taxonomy":"product_cat","embeddable":true,"href":"https:\/\/animefigurer.se\/en\/wp-json\/wp\/v2\/product_cat?post=93089"},{"taxonomy":"product_tag","embeddable":true,"href":"https:\/\/animefigurer.se\/en\/wp-json\/wp\/v2\/product_tag?post=93089"},{"taxonomy":"giftcard-category","embeddable":true,"href":"https:\/\/animefigurer.se\/en\/wp-json\/wp\/v2\/giftcard-category?post=93089"}],"curies":[{"name":"wp","href":"https:\/\/api.w.org\/{rel}","templated":true}]}}