{"id":92968,"date":"2026-03-17T19:18:57","date_gmt":"2026-03-17T18:18:57","guid":{"rendered":"https:\/\/animefigurer.se\/?post_type=product&#038;p=92968"},"modified":"2026-03-17T19:18:57","modified_gmt":"2026-03-17T18:18:57","slug":"gift-1-8-sunday-star-rail-live-ver-figure","status":"publish","type":"product","link":"https:\/\/animefigurer.se\/en\/figurer\/honkai-star-rail\/gift-1-8-sunday-star-rail-live-ver-figure\/","title":{"rendered":"Gift+ 1\/8 Sunday: Star Rail LIVE Ver. (figure)"},"content":{"rendered":"<p data-start=\"18\" data-end=\"292\">From the popular game <em data-start=\"43\" data-end=\"62\">Honkai: Star Rail<\/em> comes this elegant scale figure: Gift+ 1\/8 Sunday \u2013 Star Rail LIVE Ver. Sunday is presented in a sophisticated stage-inspired outfit, dressed in a deep-colored tailcoat tuxedo with a stylish shirt that highlights his slim silhouette.<\/p>\n<p data-start=\"294\" data-end=\"667\">With a slight movement of his baton, he is captured in a moment as if he is controlling the rhythm of the entire cosmos, where the swinging details of the coat enhance the sense of movement and musical presence. The metallic accents \u2013 from the floating halo above his head to the brooch and jewelry on his chest \u2013 give the figure a subtle but impressive luster that lifts the overall impression.<\/p>\n<p data-start=\"669\" data-end=\"1041\">This 1\/8th scale figure is meticulously crafted with a focus on elegance and stage presence, making it a perfect addition for fans of <em data-start=\"802\" data-end=\"821\">Honkai: Star Rail<\/em> and collectors who appreciate stylish design and expressive presentation. A figure that truly conveys the character&#039;s charisma and presence \u2014 a natural centerpiece in your collection.<\/p>","protected":false},"excerpt":{"rendered":"<p>Fr\u00e5n det popul\u00e4ra spelet Honkai: Star Rail kommer denna eleganta skalafigur: Gift+ 1\/8 Sunday \u2013 Star Rail LIVE Ver. Sunday presenteras i en sofistikerad sceninspirerad outfit, kl\u00e4dd i en djupf\u00e4rgad tailcoat-tuxedo med en stilren skjorta som framh\u00e4ver hans slanka silhuett. Med en l\u00e4tt r\u00f6relse av sin dirigentstav f\u00e5ngas han i ett \u00f6gonblick som om han [&hellip;]<\/p>\n","protected":false},"featured_media":92969,"comment_status":"open","ping_status":"closed","template":"","meta":{"_acf_changed":false,"_monsterinsights_skip_tracking":false,"_monsterinsights_sitenote_active":false,"_monsterinsights_sitenote_note":"","_monsterinsights_sitenote_category":0},"product_brand":[7074],"product_cat":[7383],"product_tag":[26],"giftcard-category":[],"class_list":{"0":"post-92968","1":"product","2":"type-product","3":"status-publish","4":"has-post-thumbnail","6":"product_brand-myethos","7":"product_cat-honkai-star-rail","8":"product_tag-pre-order","9":"pa_franchise-honkai-star-rail","10":"pa_karaktar-sunday","11":"pa_material-metal","12":"pa_material-pvc-abs","13":"pa_produktserie-gift","14":"pa_skala-554","15":"pa_storlek-29-3-cm","17":"first","18":"instock","19":"taxable","20":"shipping-taxable","21":"purchasable","22":"product-type-simple"},"acf":[],"yoast_head":"<!-- This site is optimized with the Yoast SEO Premium plugin v24.6 (Yoast SEO v27.3) - https:\/\/yoast.com\/product\/yoast-seo-premium-wordpress\/ -->\n<title>Gift+ 1\/8 Sunday: Star Rail LIVE Ver. (Figure) | Animefigurer.se<\/title>\n<meta name=\"robots\" content=\"index, follow, max-snippet:-1, max-image-preview:large, max-video-preview:-1\" \/>\n<link rel=\"canonical\" href=\"https:\/\/animefigurer.se\/en\/figurer\/honkai-star-rail\/gift-1-8-sunday-star-rail-live-ver-figure\/\" \/>\n<meta property=\"og:locale\" content=\"en_GB\" \/>\n<meta property=\"og:type\" content=\"article\" \/>\n<meta property=\"og:title\" content=\"Gift+ 1\/8 Sunday: Star Rail LIVE Ver. (Figure)\" \/>\n<meta property=\"og:description\" content=\"Fr\u00e5n det popul\u00e4ra spelet Honkai: Star Rail kommer denna eleganta skalafigur: Gift+ 1\/8 Sunday \u2013 Star Rail LIVE Ver. Sunday presenteras i en sofistikerad sceninspirerad outfit, kl\u00e4dd i en djupf\u00e4rgad tailcoat-tuxedo med en stilren skjorta som framh\u00e4ver hans slanka silhuett. Med en l\u00e4tt r\u00f6relse av sin dirigentstav f\u00e5ngas han i ett \u00f6gonblick som om han [&hellip;]\" \/>\n<meta property=\"og:url\" content=\"https:\/\/animefigurer.se\/en\/figurer\/honkai-star-rail\/gift-1-8-sunday-star-rail-live-ver-figure\/\" \/>\n<meta property=\"og:site_name\" content=\"Animefigurer.se\" \/>\n<meta property=\"article:publisher\" content=\"https:\/\/www.facebook.com\/profile.php?id=61581826539670\" \/>\n<meta property=\"og:image\" content=\"https:\/\/animefigurer.se\/wp-content\/uploads\/2026\/03\/11352802a.webp\" \/>\n\t<meta property=\"og:image:width\" content=\"800\" \/>\n\t<meta property=\"og:image:height\" content=\"1200\" \/>\n\t<meta property=\"og:image:type\" content=\"image\/webp\" \/>\n<meta name=\"twitter:card\" content=\"summary_large_image\" \/>\n<meta name=\"twitter:label1\" content=\"Estimated reading time\" \/>\n\t<meta name=\"twitter:data1\" content=\"1 minute\" \/>\n<script type=\"application\/ld+json\" class=\"yoast-schema-graph\">{\"@context\":\"https:\\\/\\\/schema.org\",\"@graph\":[{\"@type\":\"WebPage\",\"@id\":\"https:\\\/\\\/animefigurer.se\\\/figurer\\\/honkai-star-rail\\\/gift-1-8-sunday-star-rail-live-ver-figure\\\/\",\"url\":\"https:\\\/\\\/animefigurer.se\\\/figurer\\\/honkai-star-rail\\\/gift-1-8-sunday-star-rail-live-ver-figure\\\/\",\"name\":\"Gift+ 1\\\/8 Sunday: Star Rail LIVE Ver. (Figure) | Animefigurer.se\",\"isPartOf\":{\"@id\":\"https:\\\/\\\/animefigurer.se\\\/#website\"},\"primaryImageOfPage\":{\"@id\":\"https:\\\/\\\/animefigurer.se\\\/figurer\\\/honkai-star-rail\\\/gift-1-8-sunday-star-rail-live-ver-figure\\\/#primaryimage\"},\"image\":{\"@id\":\"https:\\\/\\\/animefigurer.se\\\/figurer\\\/honkai-star-rail\\\/gift-1-8-sunday-star-rail-live-ver-figure\\\/#primaryimage\"},\"thumbnailUrl\":\"https:\\\/\\\/animefigurer.se\\\/wp-content\\\/uploads\\\/2026\\\/03\\\/11352802a.webp\",\"datePublished\":\"2026-03-17T18:18:57+00:00\",\"breadcrumb\":{\"@id\":\"https:\\\/\\\/animefigurer.se\\\/figurer\\\/honkai-star-rail\\\/gift-1-8-sunday-star-rail-live-ver-figure\\\/#breadcrumb\"},\"inLanguage\":\"en-GB\",\"potentialAction\":[{\"@type\":\"ReadAction\",\"target\":[\"https:\\\/\\\/animefigurer.se\\\/figurer\\\/honkai-star-rail\\\/gift-1-8-sunday-star-rail-live-ver-figure\\\/\"]}]},{\"@type\":\"ImageObject\",\"inLanguage\":\"en-GB\",\"@id\":\"https:\\\/\\\/animefigurer.se\\\/figurer\\\/honkai-star-rail\\\/gift-1-8-sunday-star-rail-live-ver-figure\\\/#primaryimage\",\"url\":\"https:\\\/\\\/animefigurer.se\\\/wp-content\\\/uploads\\\/2026\\\/03\\\/11352802a.webp\",\"contentUrl\":\"https:\\\/\\\/animefigurer.se\\\/wp-content\\\/uploads\\\/2026\\\/03\\\/11352802a.webp\",\"width\":800,\"height\":1200,\"caption\":\"Gift+ 1\\\/8 Sunday: Star Rail LIVE Ver. (Figure)\"},{\"@type\":\"BreadcrumbList\",\"@id\":\"https:\\\/\\\/animefigurer.se\\\/figurer\\\/honkai-star-rail\\\/gift-1-8-sunday-star-rail-live-ver-figure\\\/#breadcrumb\",\"itemListElement\":[{\"@type\":\"ListItem\",\"position\":1,\"name\":\"Home\",\"item\":\"https:\\\/\\\/animefigurer.se\\\/\"},{\"@type\":\"ListItem\",\"position\":2,\"name\":\"Butik\",\"item\":\"https:\\\/\\\/animefigurer.se\\\/figurer\\\/\"},{\"@type\":\"ListItem\",\"position\":3,\"name\":\"Gift+ 1\\\/8 Sunday: Star Rail LIVE Ver. (Figure)\"}]},{\"@type\":\"WebSite\",\"@id\":\"https:\\\/\\\/animefigurer.se\\\/#website\",\"url\":\"https:\\\/\\\/animefigurer.se\\\/\",\"name\":\"Animefigurer.se\",\"description\":\"Anime figurer fr\u00e5n \u00f6ver 300 olika anime serier med \u00f6ver 9000 produkter | Anime Shop\",\"publisher\":{\"@id\":\"https:\\\/\\\/animefigurer.se\\\/#organization\"},\"potentialAction\":[{\"@type\":\"SearchAction\",\"target\":{\"@type\":\"EntryPoint\",\"urlTemplate\":\"https:\\\/\\\/animefigurer.se\\\/?s={search_term_string}\"},\"query-input\":{\"@type\":\"PropertyValueSpecification\",\"valueRequired\":true,\"valueName\":\"search_term_string\"}}],\"inLanguage\":\"en-GB\"},{\"@type\":\"Organization\",\"@id\":\"https:\\\/\\\/animefigurer.se\\\/#organization\",\"name\":\"Animefigurer.se\",\"alternateName\":\"Anime figurer | Anime shop\",\"url\":\"https:\\\/\\\/animefigurer.se\\\/\",\"logo\":{\"@type\":\"ImageObject\",\"inLanguage\":\"en-GB\",\"@id\":\"https:\\\/\\\/animefigurer.se\\\/#\\\/schema\\\/logo\\\/image\\\/\",\"url\":\"https:\\\/\\\/animefigurer.se\\\/wp-content\\\/uploads\\\/2025\\\/12\\\/Animefigurer_logowhite.png\",\"contentUrl\":\"https:\\\/\\\/animefigurer.se\\\/wp-content\\\/uploads\\\/2025\\\/12\\\/Animefigurer_logowhite.png\",\"width\":1890,\"height\":1417,\"caption\":\"Animefigurer.se\"},\"image\":{\"@id\":\"https:\\\/\\\/animefigurer.se\\\/#\\\/schema\\\/logo\\\/image\\\/\"},\"sameAs\":[\"https:\\\/\\\/www.facebook.com\\\/profile.php?id=61581826539670\",\"https:\\\/\\\/www.instagram.com\\\/animefigurer.se\\\/\"],\"email\":\"info@animefigurer.se\"}]}<\/script>\n<!-- \/ Yoast SEO Premium plugin. -->","yoast_head_json":{"title":"Gift+ 1\/8 Sunday: Star Rail LIVE Ver. (Figure) | Animefigurer.se","robots":{"index":"index","follow":"follow","max-snippet":"max-snippet:-1","max-image-preview":"max-image-preview:large","max-video-preview":"max-video-preview:-1"},"canonical":"https:\/\/animefigurer.se\/en\/figurer\/honkai-star-rail\/gift-1-8-sunday-star-rail-live-ver-figure\/","og_locale":"en_GB","og_type":"article","og_title":"Gift+ 1\/8 Sunday: Star Rail LIVE Ver. (Figure)","og_description":"Fr\u00e5n det popul\u00e4ra spelet Honkai: Star Rail kommer denna eleganta skalafigur: Gift+ 1\/8 Sunday \u2013 Star Rail LIVE Ver. Sunday presenteras i en sofistikerad sceninspirerad outfit, kl\u00e4dd i en djupf\u00e4rgad tailcoat-tuxedo med en stilren skjorta som framh\u00e4ver hans slanka silhuett. Med en l\u00e4tt r\u00f6relse av sin dirigentstav f\u00e5ngas han i ett \u00f6gonblick som om han [&hellip;]","og_url":"https:\/\/animefigurer.se\/en\/figurer\/honkai-star-rail\/gift-1-8-sunday-star-rail-live-ver-figure\/","og_site_name":"Animefigurer.se","article_publisher":"https:\/\/www.facebook.com\/profile.php?id=61581826539670","og_image":[{"width":800,"height":1200,"url":"https:\/\/animefigurer.se\/wp-content\/uploads\/2026\/03\/11352802a.webp","type":"image\/webp"}],"twitter_card":"summary_large_image","twitter_misc":{"Estimated reading time":"1 minute"},"schema":{"@context":"https:\/\/schema.org","@graph":[{"@type":"WebPage","@id":"https:\/\/animefigurer.se\/figurer\/honkai-star-rail\/gift-1-8-sunday-star-rail-live-ver-figure\/","url":"https:\/\/animefigurer.se\/figurer\/honkai-star-rail\/gift-1-8-sunday-star-rail-live-ver-figure\/","name":"Gift+ 1\/8 Sunday: Star Rail LIVE Ver. (Figure) | Animefigurer.se","isPartOf":{"@id":"https:\/\/animefigurer.se\/#website"},"primaryImageOfPage":{"@id":"https:\/\/animefigurer.se\/figurer\/honkai-star-rail\/gift-1-8-sunday-star-rail-live-ver-figure\/#primaryimage"},"image":{"@id":"https:\/\/animefigurer.se\/figurer\/honkai-star-rail\/gift-1-8-sunday-star-rail-live-ver-figure\/#primaryimage"},"thumbnailUrl":"https:\/\/animefigurer.se\/wp-content\/uploads\/2026\/03\/11352802a.webp","datePublished":"2026-03-17T18:18:57+00:00","breadcrumb":{"@id":"https:\/\/animefigurer.se\/figurer\/honkai-star-rail\/gift-1-8-sunday-star-rail-live-ver-figure\/#breadcrumb"},"inLanguage":"en-GB","potentialAction":[{"@type":"ReadAction","target":["https:\/\/animefigurer.se\/figurer\/honkai-star-rail\/gift-1-8-sunday-star-rail-live-ver-figure\/"]}]},{"@type":"ImageObject","inLanguage":"en-GB","@id":"https:\/\/animefigurer.se\/figurer\/honkai-star-rail\/gift-1-8-sunday-star-rail-live-ver-figure\/#primaryimage","url":"https:\/\/animefigurer.se\/wp-content\/uploads\/2026\/03\/11352802a.webp","contentUrl":"https:\/\/animefigurer.se\/wp-content\/uploads\/2026\/03\/11352802a.webp","width":800,"height":1200,"caption":"Gift+ 1\/8 Sunday: Star Rail LIVE Ver. (Figure)"},{"@type":"BreadcrumbList","@id":"https:\/\/animefigurer.se\/figurer\/honkai-star-rail\/gift-1-8-sunday-star-rail-live-ver-figure\/#breadcrumb","itemListElement":[{"@type":"ListItem","position":1,"name":"Home","item":"https:\/\/animefigurer.se\/"},{"@type":"ListItem","position":2,"name":"Butik","item":"https:\/\/animefigurer.se\/figurer\/"},{"@type":"ListItem","position":3,"name":"Gift+ 1\/8 Sunday: Star Rail LIVE Ver. (Figure)"}]},{"@type":"WebSite","@id":"https:\/\/animefigurer.se\/#website","url":"https:\/\/animefigurer.se\/","name":"Animefigurer.se","description":"Anime figures from over 300 different anime series with over 9000 products | Anime Shop","publisher":{"@id":"https:\/\/animefigurer.se\/#organization"},"potentialAction":[{"@type":"SearchAction","target":{"@type":"EntryPoint","urlTemplate":"https:\/\/animefigurer.se\/?s={search_term_string}"},"query-input":{"@type":"PropertyValueSpecification","valueRequired":true,"valueName":"search_term_string"}}],"inLanguage":"en-GB"},{"@type":"Organization","@id":"https:\/\/animefigurer.se\/#organization","name":"Animefigurer.se","alternateName":"Anime figurer | Anime shop","url":"https:\/\/animefigurer.se\/","logo":{"@type":"ImageObject","inLanguage":"en-GB","@id":"https:\/\/animefigurer.se\/#\/schema\/logo\/image\/","url":"https:\/\/animefigurer.se\/wp-content\/uploads\/2025\/12\/Animefigurer_logowhite.png","contentUrl":"https:\/\/animefigurer.se\/wp-content\/uploads\/2025\/12\/Animefigurer_logowhite.png","width":1890,"height":1417,"caption":"Animefigurer.se"},"image":{"@id":"https:\/\/animefigurer.se\/#\/schema\/logo\/image\/"},"sameAs":["https:\/\/www.facebook.com\/profile.php?id=61581826539670","https:\/\/www.instagram.com\/animefigurer.se\/"],"email":"info@animefigurer.se"}]}},"_links":{"self":[{"href":"https:\/\/animefigurer.se\/en\/wp-json\/wp\/v2\/product\/92968","targetHints":{"allow":["GET"]}}],"collection":[{"href":"https:\/\/animefigurer.se\/en\/wp-json\/wp\/v2\/product"}],"about":[{"href":"https:\/\/animefigurer.se\/en\/wp-json\/wp\/v2\/types\/product"}],"replies":[{"embeddable":true,"href":"https:\/\/animefigurer.se\/en\/wp-json\/wp\/v2\/comments?post=92968"}],"wp:featuredmedia":[{"embeddable":true,"href":"https:\/\/animefigurer.se\/en\/wp-json\/wp\/v2\/media\/92969"}],"wp:attachment":[{"href":"https:\/\/animefigurer.se\/en\/wp-json\/wp\/v2\/media?parent=92968"}],"wp:term":[{"taxonomy":"product_brand","embeddable":true,"href":"https:\/\/animefigurer.se\/en\/wp-json\/wp\/v2\/product_brand?post=92968"},{"taxonomy":"product_cat","embeddable":true,"href":"https:\/\/animefigurer.se\/en\/wp-json\/wp\/v2\/product_cat?post=92968"},{"taxonomy":"product_tag","embeddable":true,"href":"https:\/\/animefigurer.se\/en\/wp-json\/wp\/v2\/product_tag?post=92968"},{"taxonomy":"giftcard-category","embeddable":true,"href":"https:\/\/animefigurer.se\/en\/wp-json\/wp\/v2\/giftcard-category?post=92968"}],"curies":[{"name":"wp","href":"https:\/\/api.w.org\/{rel}","templated":true}]}}