{"id":92643,"date":"2026-03-14T12:16:11","date_gmt":"2026-03-14T11:16:11","guid":{"rendered":"https:\/\/animefigurer.se\/?post_type=product&#038;p=92643"},"modified":"2026-03-14T12:16:12","modified_gmt":"2026-03-14T11:16:12","slug":"luigis-mansion-3-statue-luigi-polterpup-collectors-edition-23-cm","status":"publish","type":"product","link":"https:\/\/animefigurer.se\/en\/figurer\/luigis-mansion-3\/luigis-mansion-3-statue-luigi-polterpup-collectors-edition-23-cm\/","title":{"rendered":"Luigi&#039;s Mansion 3 Statue Luigi &amp; Polterpup Collector&#039;s Edition 23 cm"},"content":{"rendered":"<p data-start=\"47\" data-end=\"428\">From the popular game <strong data-start=\"72\" data-end=\"93\">Luigi&#039;s Mansion 3<\/strong> comes this impressive collector&#039;s statue of <strong data-start=\"134\" data-end=\"169\">Luigi together with Polterpup<\/strong>, created by First 4 Figures. The figure captures the brave but slightly frightened Luigi in a classic moment from the game, equipped with his <strong data-start=\"303\" data-end=\"322\">Poltergust G-00<\/strong>, while the playful ghost puppy Polterpup follows him closely behind.<\/p>\n<p data-start=\"430\" data-end=\"847\">The statue is approximately <strong data-start=\"446\" data-end=\"459\">23 cm high<\/strong> and manufactured in <strong data-start=\"477\" data-end=\"484\">PVC<\/strong>, with carefully sculpted details that highlight the characters&#039; expressions and the atmospheric style of the Luigi&#039;s Mansion series. The base is decorated with <strong data-start=\"636\" data-end=\"664\">luminous paw prints<\/strong>, and both <strong data-start=\"675\" data-end=\"727\">Poltergust G-00 and Polterpup have LED features<\/strong>, which gives the figure an extra vivid and effective presentation in your display.<\/p>\n<p data-start=\"849\" data-end=\"1106\">The figure is delivered in a <strong data-start=\"872\" data-end=\"892\">collector-friendly box<\/strong> and is a fantastic addition for fans of Nintendo and Luigi&#039;s Mansion. An atmospheric collector&#039;s statue that looks perfect in a display cabinet, on a desk or as an eye-catching centerpiece in a gaming collection.<\/p>","protected":false},"excerpt":{"rendered":"<p>Fr\u00e5n det popul\u00e4ra spelet Luigi\u2019s Mansion 3 kommer denna imponerande samlarstaty av Luigi tillsammans med Polterpup, skapad av First 4 Figures. Figuren f\u00e5ngar den modige men l\u00e4tt skr\u00e4mda Luigi i ett klassiskt \u00f6gonblick fr\u00e5n spelet, utrustad med sin Poltergust G-00, medan den lekfulla sp\u00f6kvalpen Polterpup f\u00f6ljer honom t\u00e4tt bakom. Statyn \u00e4r cirka 23 cm h\u00f6g [&hellip;]<\/p>\n","protected":false},"featured_media":92644,"comment_status":"open","ping_status":"closed","template":"","meta":{"_acf_changed":false,"_monsterinsights_skip_tracking":false,"_monsterinsights_sitenote_active":false,"_monsterinsights_sitenote_note":"","_monsterinsights_sitenote_category":0},"product_brand":[6986],"product_cat":[7621],"product_tag":[26],"giftcard-category":[],"class_list":{"0":"post-92643","1":"product","2":"type-product","3":"status-publish","4":"has-post-thumbnail","6":"product_brand-first-4-figures","7":"product_cat-luigis-mansion-3","8":"product_tag-pre-order","9":"pa_franchise-luigis-mansion-3","10":"pa_karaktar-luigi","11":"pa_karaktar-polterpup","12":"pa_material-pvc","13":"pa_storlek-23-cm","15":"first","16":"instock","17":"taxable","18":"shipping-taxable","19":"purchasable","20":"product-type-simple"},"acf":[],"yoast_head":"<!-- This site is optimized with the Yoast SEO Premium plugin v24.6 (Yoast SEO v27.4) - https:\/\/yoast.com\/product\/yoast-seo-premium-wordpress\/ -->\n<title>Luigi&#039;s Mansion 3 Statue Luigi &amp; Polterpup Collector&#039;s Edition 23 cm | Animefigurer.se<\/title>\n<meta name=\"robots\" content=\"index, follow, max-snippet:-1, max-image-preview:large, max-video-preview:-1\" \/>\n<link rel=\"canonical\" href=\"https:\/\/animefigurer.se\/en\/figurer\/luigis-mansion-3\/luigis-mansion-3-statue-luigi-polterpup-collectors-edition-23-cm\/\" \/>\n<meta property=\"og:locale\" content=\"en_GB\" \/>\n<meta property=\"og:type\" content=\"article\" \/>\n<meta property=\"og:title\" content=\"Luigi&#039;s Mansion 3 Statue Luigi &amp; Polterpup Collector&#039;s Edition 23 cm\" \/>\n<meta property=\"og:description\" content=\"Fr\u00e5n det popul\u00e4ra spelet Luigi\u2019s Mansion 3 kommer denna imponerande samlarstaty av Luigi tillsammans med Polterpup, skapad av First 4 Figures. Figuren f\u00e5ngar den modige men l\u00e4tt skr\u00e4mda Luigi i ett klassiskt \u00f6gonblick fr\u00e5n spelet, utrustad med sin Poltergust G-00, medan den lekfulla sp\u00f6kvalpen Polterpup f\u00f6ljer honom t\u00e4tt bakom. Statyn \u00e4r cirka 23 cm h\u00f6g [&hellip;]\" \/>\n<meta property=\"og:url\" content=\"https:\/\/animefigurer.se\/en\/figurer\/luigis-mansion-3\/luigis-mansion-3-statue-luigi-polterpup-collectors-edition-23-cm\/\" \/>\n<meta property=\"og:site_name\" content=\"Animefigurer.se\" \/>\n<meta property=\"article:publisher\" content=\"https:\/\/www.facebook.com\/profile.php?id=61581826539670\" \/>\n<meta property=\"article:modified_time\" content=\"2026-03-14T11:16:12+00:00\" \/>\n<meta property=\"og:image\" content=\"https:\/\/animefigurer.se\/wp-content\/uploads\/2026\/03\/x_f4flm03co.jpg\" \/>\n\t<meta property=\"og:image:width\" content=\"1364\" \/>\n\t<meta property=\"og:image:height\" content=\"1000\" \/>\n\t<meta property=\"og:image:type\" content=\"image\/jpeg\" \/>\n<meta name=\"twitter:card\" content=\"summary_large_image\" \/>\n<meta name=\"twitter:label1\" content=\"Estimated reading time\" \/>\n\t<meta name=\"twitter:data1\" content=\"1 minute\" \/>\n<script type=\"application\/ld+json\" class=\"yoast-schema-graph\">{\"@context\":\"https:\\\/\\\/schema.org\",\"@graph\":[{\"@type\":\"WebPage\",\"@id\":\"https:\\\/\\\/animefigurer.se\\\/figurer\\\/luigis-mansion-3\\\/luigis-mansion-3-statue-luigi-polterpup-collectors-edition-23-cm\\\/\",\"url\":\"https:\\\/\\\/animefigurer.se\\\/figurer\\\/luigis-mansion-3\\\/luigis-mansion-3-statue-luigi-polterpup-collectors-edition-23-cm\\\/\",\"name\":\"Luigi's Mansion 3 Statue Luigi & Polterpup Collector's Edition 23 cm | Animefigurer.se\",\"isPartOf\":{\"@id\":\"https:\\\/\\\/animefigurer.se\\\/#website\"},\"primaryImageOfPage\":{\"@id\":\"https:\\\/\\\/animefigurer.se\\\/figurer\\\/luigis-mansion-3\\\/luigis-mansion-3-statue-luigi-polterpup-collectors-edition-23-cm\\\/#primaryimage\"},\"image\":{\"@id\":\"https:\\\/\\\/animefigurer.se\\\/figurer\\\/luigis-mansion-3\\\/luigis-mansion-3-statue-luigi-polterpup-collectors-edition-23-cm\\\/#primaryimage\"},\"thumbnailUrl\":\"https:\\\/\\\/animefigurer.se\\\/wp-content\\\/uploads\\\/2026\\\/03\\\/x_f4flm03co.jpg\",\"datePublished\":\"2026-03-14T11:16:11+00:00\",\"dateModified\":\"2026-03-14T11:16:12+00:00\",\"breadcrumb\":{\"@id\":\"https:\\\/\\\/animefigurer.se\\\/figurer\\\/luigis-mansion-3\\\/luigis-mansion-3-statue-luigi-polterpup-collectors-edition-23-cm\\\/#breadcrumb\"},\"inLanguage\":\"en-GB\",\"potentialAction\":[{\"@type\":\"ReadAction\",\"target\":[\"https:\\\/\\\/animefigurer.se\\\/figurer\\\/luigis-mansion-3\\\/luigis-mansion-3-statue-luigi-polterpup-collectors-edition-23-cm\\\/\"]}]},{\"@type\":\"ImageObject\",\"inLanguage\":\"en-GB\",\"@id\":\"https:\\\/\\\/animefigurer.se\\\/figurer\\\/luigis-mansion-3\\\/luigis-mansion-3-statue-luigi-polterpup-collectors-edition-23-cm\\\/#primaryimage\",\"url\":\"https:\\\/\\\/animefigurer.se\\\/wp-content\\\/uploads\\\/2026\\\/03\\\/x_f4flm03co.jpg\",\"contentUrl\":\"https:\\\/\\\/animefigurer.se\\\/wp-content\\\/uploads\\\/2026\\\/03\\\/x_f4flm03co.jpg\",\"width\":1364,\"height\":1000,\"caption\":\"Luigi's Mansion 3 Statue Luigi & Polterpup Collector's Edition 23 cm\"},{\"@type\":\"BreadcrumbList\",\"@id\":\"https:\\\/\\\/animefigurer.se\\\/figurer\\\/luigis-mansion-3\\\/luigis-mansion-3-statue-luigi-polterpup-collectors-edition-23-cm\\\/#breadcrumb\",\"itemListElement\":[{\"@type\":\"ListItem\",\"position\":1,\"name\":\"Home\",\"item\":\"https:\\\/\\\/animefigurer.se\\\/\"},{\"@type\":\"ListItem\",\"position\":2,\"name\":\"Butik\",\"item\":\"https:\\\/\\\/animefigurer.se\\\/figurer\\\/\"},{\"@type\":\"ListItem\",\"position\":3,\"name\":\"Luigi&#8217;s Mansion 3 Statue Luigi &#038; Polterpup Collector&#8217;s Edition 23 cm\"}]},{\"@type\":\"WebSite\",\"@id\":\"https:\\\/\\\/animefigurer.se\\\/#website\",\"url\":\"https:\\\/\\\/animefigurer.se\\\/\",\"name\":\"Animefigurer.se\",\"description\":\"Anime figurer fr\u00e5n \u00f6ver 300 olika anime serier med \u00f6ver 9000 produkter | Anime Shop\",\"publisher\":{\"@id\":\"https:\\\/\\\/animefigurer.se\\\/#organization\"},\"potentialAction\":[{\"@type\":\"SearchAction\",\"target\":{\"@type\":\"EntryPoint\",\"urlTemplate\":\"https:\\\/\\\/animefigurer.se\\\/?s={search_term_string}\"},\"query-input\":{\"@type\":\"PropertyValueSpecification\",\"valueRequired\":true,\"valueName\":\"search_term_string\"}}],\"inLanguage\":\"en-GB\"},{\"@type\":\"Organization\",\"@id\":\"https:\\\/\\\/animefigurer.se\\\/#organization\",\"name\":\"Animefigurer.se\",\"alternateName\":\"Anime figurer | Anime shop\",\"url\":\"https:\\\/\\\/animefigurer.se\\\/\",\"logo\":{\"@type\":\"ImageObject\",\"inLanguage\":\"en-GB\",\"@id\":\"https:\\\/\\\/animefigurer.se\\\/#\\\/schema\\\/logo\\\/image\\\/\",\"url\":\"https:\\\/\\\/animefigurer.se\\\/wp-content\\\/uploads\\\/2025\\\/12\\\/Animefigurer_logowhite.png\",\"contentUrl\":\"https:\\\/\\\/animefigurer.se\\\/wp-content\\\/uploads\\\/2025\\\/12\\\/Animefigurer_logowhite.png\",\"width\":1890,\"height\":1417,\"caption\":\"Animefigurer.se\"},\"image\":{\"@id\":\"https:\\\/\\\/animefigurer.se\\\/#\\\/schema\\\/logo\\\/image\\\/\"},\"sameAs\":[\"https:\\\/\\\/www.facebook.com\\\/profile.php?id=61581826539670\",\"https:\\\/\\\/www.instagram.com\\\/animefigurer.se\\\/\"],\"email\":\"info@animefigurer.se\"}]}<\/script>\n<!-- \/ Yoast SEO Premium plugin. -->","yoast_head_json":{"title":"Luigi&#039;s Mansion 3 Statue Luigi &amp; Polterpup Collector&#039;s Edition 23 cm | Animefigurer.se","robots":{"index":"index","follow":"follow","max-snippet":"max-snippet:-1","max-image-preview":"max-image-preview:large","max-video-preview":"max-video-preview:-1"},"canonical":"https:\/\/animefigurer.se\/en\/figurer\/luigis-mansion-3\/luigis-mansion-3-statue-luigi-polterpup-collectors-edition-23-cm\/","og_locale":"en_GB","og_type":"article","og_title":"Luigi's Mansion 3 Statue Luigi & Polterpup Collector's Edition 23 cm","og_description":"Fr\u00e5n det popul\u00e4ra spelet Luigi\u2019s Mansion 3 kommer denna imponerande samlarstaty av Luigi tillsammans med Polterpup, skapad av First 4 Figures. Figuren f\u00e5ngar den modige men l\u00e4tt skr\u00e4mda Luigi i ett klassiskt \u00f6gonblick fr\u00e5n spelet, utrustad med sin Poltergust G-00, medan den lekfulla sp\u00f6kvalpen Polterpup f\u00f6ljer honom t\u00e4tt bakom. Statyn \u00e4r cirka 23 cm h\u00f6g [&hellip;]","og_url":"https:\/\/animefigurer.se\/en\/figurer\/luigis-mansion-3\/luigis-mansion-3-statue-luigi-polterpup-collectors-edition-23-cm\/","og_site_name":"Animefigurer.se","article_publisher":"https:\/\/www.facebook.com\/profile.php?id=61581826539670","article_modified_time":"2026-03-14T11:16:12+00:00","og_image":[{"width":1364,"height":1000,"url":"https:\/\/animefigurer.se\/wp-content\/uploads\/2026\/03\/x_f4flm03co.jpg","type":"image\/jpeg"}],"twitter_card":"summary_large_image","twitter_misc":{"Estimated reading time":"1 minute"},"schema":{"@context":"https:\/\/schema.org","@graph":[{"@type":"WebPage","@id":"https:\/\/animefigurer.se\/figurer\/luigis-mansion-3\/luigis-mansion-3-statue-luigi-polterpup-collectors-edition-23-cm\/","url":"https:\/\/animefigurer.se\/figurer\/luigis-mansion-3\/luigis-mansion-3-statue-luigi-polterpup-collectors-edition-23-cm\/","name":"Luigi&#039;s Mansion 3 Statue Luigi &amp; Polterpup Collector&#039;s Edition 23 cm | Animefigurer.se","isPartOf":{"@id":"https:\/\/animefigurer.se\/#website"},"primaryImageOfPage":{"@id":"https:\/\/animefigurer.se\/figurer\/luigis-mansion-3\/luigis-mansion-3-statue-luigi-polterpup-collectors-edition-23-cm\/#primaryimage"},"image":{"@id":"https:\/\/animefigurer.se\/figurer\/luigis-mansion-3\/luigis-mansion-3-statue-luigi-polterpup-collectors-edition-23-cm\/#primaryimage"},"thumbnailUrl":"https:\/\/animefigurer.se\/wp-content\/uploads\/2026\/03\/x_f4flm03co.jpg","datePublished":"2026-03-14T11:16:11+00:00","dateModified":"2026-03-14T11:16:12+00:00","breadcrumb":{"@id":"https:\/\/animefigurer.se\/figurer\/luigis-mansion-3\/luigis-mansion-3-statue-luigi-polterpup-collectors-edition-23-cm\/#breadcrumb"},"inLanguage":"en-GB","potentialAction":[{"@type":"ReadAction","target":["https:\/\/animefigurer.se\/figurer\/luigis-mansion-3\/luigis-mansion-3-statue-luigi-polterpup-collectors-edition-23-cm\/"]}]},{"@type":"ImageObject","inLanguage":"en-GB","@id":"https:\/\/animefigurer.se\/figurer\/luigis-mansion-3\/luigis-mansion-3-statue-luigi-polterpup-collectors-edition-23-cm\/#primaryimage","url":"https:\/\/animefigurer.se\/wp-content\/uploads\/2026\/03\/x_f4flm03co.jpg","contentUrl":"https:\/\/animefigurer.se\/wp-content\/uploads\/2026\/03\/x_f4flm03co.jpg","width":1364,"height":1000,"caption":"Luigi's Mansion 3 Statue Luigi & Polterpup Collector's Edition 23 cm"},{"@type":"BreadcrumbList","@id":"https:\/\/animefigurer.se\/figurer\/luigis-mansion-3\/luigis-mansion-3-statue-luigi-polterpup-collectors-edition-23-cm\/#breadcrumb","itemListElement":[{"@type":"ListItem","position":1,"name":"Home","item":"https:\/\/animefigurer.se\/"},{"@type":"ListItem","position":2,"name":"Butik","item":"https:\/\/animefigurer.se\/figurer\/"},{"@type":"ListItem","position":3,"name":"Luigi&#8217;s Mansion 3 Statue Luigi &#038; Polterpup Collector&#8217;s Edition 23 cm"}]},{"@type":"WebSite","@id":"https:\/\/animefigurer.se\/#website","url":"https:\/\/animefigurer.se\/","name":"Animefigurer.se","description":"Anime figures from over 300 different anime series with over 9000 products | Anime Shop","publisher":{"@id":"https:\/\/animefigurer.se\/#organization"},"potentialAction":[{"@type":"SearchAction","target":{"@type":"EntryPoint","urlTemplate":"https:\/\/animefigurer.se\/?s={search_term_string}"},"query-input":{"@type":"PropertyValueSpecification","valueRequired":true,"valueName":"search_term_string"}}],"inLanguage":"en-GB"},{"@type":"Organization","@id":"https:\/\/animefigurer.se\/#organization","name":"Animefigurer.se","alternateName":"Anime figurer | Anime shop","url":"https:\/\/animefigurer.se\/","logo":{"@type":"ImageObject","inLanguage":"en-GB","@id":"https:\/\/animefigurer.se\/#\/schema\/logo\/image\/","url":"https:\/\/animefigurer.se\/wp-content\/uploads\/2025\/12\/Animefigurer_logowhite.png","contentUrl":"https:\/\/animefigurer.se\/wp-content\/uploads\/2025\/12\/Animefigurer_logowhite.png","width":1890,"height":1417,"caption":"Animefigurer.se"},"image":{"@id":"https:\/\/animefigurer.se\/#\/schema\/logo\/image\/"},"sameAs":["https:\/\/www.facebook.com\/profile.php?id=61581826539670","https:\/\/www.instagram.com\/animefigurer.se\/"],"email":"info@animefigurer.se"}]}},"_links":{"self":[{"href":"https:\/\/animefigurer.se\/en\/wp-json\/wp\/v2\/product\/92643","targetHints":{"allow":["GET"]}}],"collection":[{"href":"https:\/\/animefigurer.se\/en\/wp-json\/wp\/v2\/product"}],"about":[{"href":"https:\/\/animefigurer.se\/en\/wp-json\/wp\/v2\/types\/product"}],"replies":[{"embeddable":true,"href":"https:\/\/animefigurer.se\/en\/wp-json\/wp\/v2\/comments?post=92643"}],"wp:featuredmedia":[{"embeddable":true,"href":"https:\/\/animefigurer.se\/en\/wp-json\/wp\/v2\/media\/92644"}],"wp:attachment":[{"href":"https:\/\/animefigurer.se\/en\/wp-json\/wp\/v2\/media?parent=92643"}],"wp:term":[{"taxonomy":"product_brand","embeddable":true,"href":"https:\/\/animefigurer.se\/en\/wp-json\/wp\/v2\/product_brand?post=92643"},{"taxonomy":"product_cat","embeddable":true,"href":"https:\/\/animefigurer.se\/en\/wp-json\/wp\/v2\/product_cat?post=92643"},{"taxonomy":"product_tag","embeddable":true,"href":"https:\/\/animefigurer.se\/en\/wp-json\/wp\/v2\/product_tag?post=92643"},{"taxonomy":"giftcard-category","embeddable":true,"href":"https:\/\/animefigurer.se\/en\/wp-json\/wp\/v2\/giftcard-category?post=92643"}],"curies":[{"name":"wp","href":"https:\/\/api.w.org\/{rel}","templated":true}]}}