{"id":92593,"date":"2026-03-14T12:14:43","date_gmt":"2026-03-14T11:14:43","guid":{"rendered":"https:\/\/animefigurer.se\/?post_type=product&#038;p=92593"},"modified":"2026-03-14T12:14:44","modified_gmt":"2026-03-14T11:14:44","slug":"cardcaptor-sakura-clear-card-nendoroid-action-figure-sakura-kinomoto-tomoeda-junior-high-uniform-ver-10-cm","status":"publish","type":"product","link":"https:\/\/animefigurer.se\/en\/figurer\/cardcaptor-sakura\/cardcaptor-sakura-clear-card-nendoroid-action-figure-sakura-kinomoto-tomoeda-junior-high-uniform-ver-10-cm\/","title":{"rendered":"Cardcaptor Sakura: Clear Card Nendoroid Action Figure Sakura Kinomoto: Tomoeda Junior High Uniform Ver. 10 cm"},"content":{"rendered":"<p data-start=\"47\" data-end=\"374\">From the beloved anime series <strong data-start=\"76\" data-end=\"109\">Cardcaptor Sakura: Clear Card<\/strong> comes this charming <strong data-start=\"132\" data-end=\"199\">Nendoroid of Sakura Kinomoto \u2013 Tomoeda Junior High Uniform Ver.<\/strong> from Good Smile Company. Sakura is presented in her school uniform from Tomoeda Junior High and is captured in the iconic Nendoroid style with a cute design and expressive details.<\/p>\n<p data-start=\"376\" data-end=\"799\">The approximately <strong data-start=\"386\" data-end=\"408\">10 cm tall figure<\/strong> is fully poseable and comes with <strong data-start=\"445\" data-end=\"473\">three different facial expressions<\/strong> \u2013 a happy standard expression, a charming smile and an embarrassed face \u2013 making it easy to recreate different moments from the series. The set also includes her <strong data-start=\"639\" data-end=\"652\">school bag<\/strong> as well as a <strong data-start=\"661\" data-end=\"668\">Book<\/strong>, along with extra parts that provide more options for arranging the figure in your display.<\/p>\n<p data-start=\"801\" data-end=\"1044\">The Nendoroid comes with <strong data-start=\"827\" data-end=\"841\">display base<\/strong> and is ready to display straight out of the box. A perfect addition for fans of Cardcaptor Sakura and for collectors who appreciate the playful style and flexible posing options of the Nendoroid series.<\/p>","protected":false},"excerpt":{"rendered":"<p>Fr\u00e5n den \u00e4lskade animeserien Cardcaptor Sakura: Clear Card kommer denna charmiga Nendoroid av Sakura Kinomoto \u2013 Tomoeda Junior High Uniform Ver. fr\u00e5n Good Smile Company. Sakura presenteras i sin skoluniform fr\u00e5n Tomoeda Junior High och f\u00e5ngas i den ikoniska Nendoroid-stilen med s\u00f6t design och uttrycksfulla detaljer. Den cirka 10 cm h\u00f6ga figuren \u00e4r fullt poserbar [&hellip;]<\/p>\n","protected":false},"featured_media":92594,"comment_status":"open","ping_status":"closed","template":"","meta":{"_acf_changed":false,"_monsterinsights_skip_tracking":false,"_monsterinsights_sitenote_active":false,"_monsterinsights_sitenote_note":"","_monsterinsights_sitenote_category":0},"product_brand":[6890],"product_cat":[1196],"product_tag":[26],"giftcard-category":[],"class_list":{"0":"post-92593","1":"product","2":"type-product","3":"status-publish","4":"has-post-thumbnail","6":"product_brand-good-smile-company","7":"product_cat-cardcaptor-sakura","8":"product_tag-pre-order","9":"pa_franchise-cardcaptor-sakura","10":"pa_karaktar-sakura-kinomoto","11":"pa_produktserie-nendoroid","12":"pa_storlek-10-cm","14":"first","15":"instock","16":"taxable","17":"shipping-taxable","18":"purchasable","19":"product-type-simple"},"acf":[],"yoast_head":"<!-- This site is optimized with the Yoast SEO Premium plugin v24.6 (Yoast SEO v27.4) - https:\/\/yoast.com\/product\/yoast-seo-premium-wordpress\/ -->\n<title>Cardcaptor Sakura: Clear Card Nendoroid Action Figure Sakura Kinomoto: Tomoeda Junior High Uniform Ver. 10 cm | Animefigurer.se<\/title>\n<meta name=\"robots\" content=\"index, follow, max-snippet:-1, max-image-preview:large, max-video-preview:-1\" \/>\n<link rel=\"canonical\" href=\"https:\/\/animefigurer.se\/en\/figurer\/cardcaptor-sakura\/cardcaptor-sakura-clear-card-nendoroid-action-figure-sakura-kinomoto-tomoeda-junior-high-uniform-ver-10-cm\/\" \/>\n<meta property=\"og:locale\" content=\"en_GB\" \/>\n<meta property=\"og:type\" content=\"article\" \/>\n<meta property=\"og:title\" content=\"Cardcaptor Sakura: Clear Card Nendoroid Action Figure Sakura Kinomoto: Tomoeda Junior High Uniform Ver. 10 cm\" \/>\n<meta property=\"og:description\" content=\"Fr\u00e5n den \u00e4lskade animeserien Cardcaptor Sakura: Clear Card kommer denna charmiga Nendoroid av Sakura Kinomoto \u2013 Tomoeda Junior High Uniform Ver. fr\u00e5n Good Smile Company. Sakura presenteras i sin skoluniform fr\u00e5n Tomoeda Junior High och f\u00e5ngas i den ikoniska Nendoroid-stilen med s\u00f6t design och uttrycksfulla detaljer. Den cirka 10 cm h\u00f6ga figuren \u00e4r fullt poserbar [&hellip;]\" \/>\n<meta property=\"og:url\" content=\"https:\/\/animefigurer.se\/en\/figurer\/cardcaptor-sakura\/cardcaptor-sakura-clear-card-nendoroid-action-figure-sakura-kinomoto-tomoeda-junior-high-uniform-ver-10-cm\/\" \/>\n<meta property=\"og:site_name\" content=\"Animefigurer.se\" \/>\n<meta property=\"article:publisher\" content=\"https:\/\/www.facebook.com\/profile.php?id=61581826539670\" \/>\n<meta property=\"article:modified_time\" content=\"2026-03-14T11:14:44+00:00\" \/>\n<meta property=\"og:image\" content=\"https:\/\/animefigurer.se\/wp-content\/uploads\/2026\/03\/x_gsc67621_a.jpg\" \/>\n\t<meta property=\"og:image:width\" content=\"650\" \/>\n\t<meta property=\"og:image:height\" content=\"800\" \/>\n\t<meta property=\"og:image:type\" content=\"image\/jpeg\" \/>\n<meta name=\"twitter:card\" content=\"summary_large_image\" \/>\n<meta name=\"twitter:label1\" content=\"Estimated reading time\" \/>\n\t<meta name=\"twitter:data1\" content=\"1 minute\" \/>\n<script type=\"application\/ld+json\" class=\"yoast-schema-graph\">{\"@context\":\"https:\\\/\\\/schema.org\",\"@graph\":[{\"@type\":\"WebPage\",\"@id\":\"https:\\\/\\\/animefigurer.se\\\/figurer\\\/cardcaptor-sakura\\\/cardcaptor-sakura-clear-card-nendoroid-action-figure-sakura-kinomoto-tomoeda-junior-high-uniform-ver-10-cm\\\/\",\"url\":\"https:\\\/\\\/animefigurer.se\\\/figurer\\\/cardcaptor-sakura\\\/cardcaptor-sakura-clear-card-nendoroid-action-figure-sakura-kinomoto-tomoeda-junior-high-uniform-ver-10-cm\\\/\",\"name\":\"Cardcaptor Sakura: Clear Card Nendoroid Action Figure Sakura Kinomoto: Tomoeda Junior High Uniform Ver. 10 cm | Animefigurer.se\",\"isPartOf\":{\"@id\":\"https:\\\/\\\/animefigurer.se\\\/#website\"},\"primaryImageOfPage\":{\"@id\":\"https:\\\/\\\/animefigurer.se\\\/figurer\\\/cardcaptor-sakura\\\/cardcaptor-sakura-clear-card-nendoroid-action-figure-sakura-kinomoto-tomoeda-junior-high-uniform-ver-10-cm\\\/#primaryimage\"},\"image\":{\"@id\":\"https:\\\/\\\/animefigurer.se\\\/figurer\\\/cardcaptor-sakura\\\/cardcaptor-sakura-clear-card-nendoroid-action-figure-sakura-kinomoto-tomoeda-junior-high-uniform-ver-10-cm\\\/#primaryimage\"},\"thumbnailUrl\":\"https:\\\/\\\/animefigurer.se\\\/wp-content\\\/uploads\\\/2026\\\/03\\\/x_gsc67621_a.jpg\",\"datePublished\":\"2026-03-14T11:14:43+00:00\",\"dateModified\":\"2026-03-14T11:14:44+00:00\",\"breadcrumb\":{\"@id\":\"https:\\\/\\\/animefigurer.se\\\/figurer\\\/cardcaptor-sakura\\\/cardcaptor-sakura-clear-card-nendoroid-action-figure-sakura-kinomoto-tomoeda-junior-high-uniform-ver-10-cm\\\/#breadcrumb\"},\"inLanguage\":\"en-GB\",\"potentialAction\":[{\"@type\":\"ReadAction\",\"target\":[\"https:\\\/\\\/animefigurer.se\\\/figurer\\\/cardcaptor-sakura\\\/cardcaptor-sakura-clear-card-nendoroid-action-figure-sakura-kinomoto-tomoeda-junior-high-uniform-ver-10-cm\\\/\"]}]},{\"@type\":\"ImageObject\",\"inLanguage\":\"en-GB\",\"@id\":\"https:\\\/\\\/animefigurer.se\\\/figurer\\\/cardcaptor-sakura\\\/cardcaptor-sakura-clear-card-nendoroid-action-figure-sakura-kinomoto-tomoeda-junior-high-uniform-ver-10-cm\\\/#primaryimage\",\"url\":\"https:\\\/\\\/animefigurer.se\\\/wp-content\\\/uploads\\\/2026\\\/03\\\/x_gsc67621_a.jpg\",\"contentUrl\":\"https:\\\/\\\/animefigurer.se\\\/wp-content\\\/uploads\\\/2026\\\/03\\\/x_gsc67621_a.jpg\",\"width\":650,\"height\":800,\"caption\":\"Cardcaptor Sakura: Clear Card Nendoroid Action Figure Sakura Kinomoto: Tomoeda Junior High Uniform Ver. 10 cm\"},{\"@type\":\"BreadcrumbList\",\"@id\":\"https:\\\/\\\/animefigurer.se\\\/figurer\\\/cardcaptor-sakura\\\/cardcaptor-sakura-clear-card-nendoroid-action-figure-sakura-kinomoto-tomoeda-junior-high-uniform-ver-10-cm\\\/#breadcrumb\",\"itemListElement\":[{\"@type\":\"ListItem\",\"position\":1,\"name\":\"Home\",\"item\":\"https:\\\/\\\/animefigurer.se\\\/\"},{\"@type\":\"ListItem\",\"position\":2,\"name\":\"Butik\",\"item\":\"https:\\\/\\\/animefigurer.se\\\/figurer\\\/\"},{\"@type\":\"ListItem\",\"position\":3,\"name\":\"Cardcaptor Sakura: Clear Card Nendoroid Action Figure Sakura Kinomoto: Tomoeda Junior High Uniform Ver. 10 cm\"}]},{\"@type\":\"WebSite\",\"@id\":\"https:\\\/\\\/animefigurer.se\\\/#website\",\"url\":\"https:\\\/\\\/animefigurer.se\\\/\",\"name\":\"Animefigurer.se\",\"description\":\"Anime figurer fr\u00e5n \u00f6ver 300 olika anime serier med \u00f6ver 9000 produkter | Anime Shop\",\"publisher\":{\"@id\":\"https:\\\/\\\/animefigurer.se\\\/#organization\"},\"potentialAction\":[{\"@type\":\"SearchAction\",\"target\":{\"@type\":\"EntryPoint\",\"urlTemplate\":\"https:\\\/\\\/animefigurer.se\\\/?s={search_term_string}\"},\"query-input\":{\"@type\":\"PropertyValueSpecification\",\"valueRequired\":true,\"valueName\":\"search_term_string\"}}],\"inLanguage\":\"en-GB\"},{\"@type\":\"Organization\",\"@id\":\"https:\\\/\\\/animefigurer.se\\\/#organization\",\"name\":\"Animefigurer.se\",\"alternateName\":\"Anime figurer | Anime shop\",\"url\":\"https:\\\/\\\/animefigurer.se\\\/\",\"logo\":{\"@type\":\"ImageObject\",\"inLanguage\":\"en-GB\",\"@id\":\"https:\\\/\\\/animefigurer.se\\\/#\\\/schema\\\/logo\\\/image\\\/\",\"url\":\"https:\\\/\\\/animefigurer.se\\\/wp-content\\\/uploads\\\/2025\\\/12\\\/Animefigurer_logowhite.png\",\"contentUrl\":\"https:\\\/\\\/animefigurer.se\\\/wp-content\\\/uploads\\\/2025\\\/12\\\/Animefigurer_logowhite.png\",\"width\":1890,\"height\":1417,\"caption\":\"Animefigurer.se\"},\"image\":{\"@id\":\"https:\\\/\\\/animefigurer.se\\\/#\\\/schema\\\/logo\\\/image\\\/\"},\"sameAs\":[\"https:\\\/\\\/www.facebook.com\\\/profile.php?id=61581826539670\",\"https:\\\/\\\/www.instagram.com\\\/animefigurer.se\\\/\"],\"email\":\"info@animefigurer.se\"}]}<\/script>\n<!-- \/ Yoast SEO Premium plugin. -->","yoast_head_json":{"title":"Cardcaptor Sakura: Clear Card Nendoroid Action Figure Sakura Kinomoto: Tomoeda Junior High Uniform Ver. 10 cm | Animefigurer.se","robots":{"index":"index","follow":"follow","max-snippet":"max-snippet:-1","max-image-preview":"max-image-preview:large","max-video-preview":"max-video-preview:-1"},"canonical":"https:\/\/animefigurer.se\/en\/figurer\/cardcaptor-sakura\/cardcaptor-sakura-clear-card-nendoroid-action-figure-sakura-kinomoto-tomoeda-junior-high-uniform-ver-10-cm\/","og_locale":"en_GB","og_type":"article","og_title":"Cardcaptor Sakura: Clear Card Nendoroid Action Figure Sakura Kinomoto: Tomoeda Junior High Uniform Ver. 10 cm","og_description":"Fr\u00e5n den \u00e4lskade animeserien Cardcaptor Sakura: Clear Card kommer denna charmiga Nendoroid av Sakura Kinomoto \u2013 Tomoeda Junior High Uniform Ver. fr\u00e5n Good Smile Company. Sakura presenteras i sin skoluniform fr\u00e5n Tomoeda Junior High och f\u00e5ngas i den ikoniska Nendoroid-stilen med s\u00f6t design och uttrycksfulla detaljer. Den cirka 10 cm h\u00f6ga figuren \u00e4r fullt poserbar [&hellip;]","og_url":"https:\/\/animefigurer.se\/en\/figurer\/cardcaptor-sakura\/cardcaptor-sakura-clear-card-nendoroid-action-figure-sakura-kinomoto-tomoeda-junior-high-uniform-ver-10-cm\/","og_site_name":"Animefigurer.se","article_publisher":"https:\/\/www.facebook.com\/profile.php?id=61581826539670","article_modified_time":"2026-03-14T11:14:44+00:00","og_image":[{"width":650,"height":800,"url":"https:\/\/animefigurer.se\/wp-content\/uploads\/2026\/03\/x_gsc67621_a.jpg","type":"image\/jpeg"}],"twitter_card":"summary_large_image","twitter_misc":{"Estimated reading time":"1 minute"},"schema":{"@context":"https:\/\/schema.org","@graph":[{"@type":"WebPage","@id":"https:\/\/animefigurer.se\/figurer\/cardcaptor-sakura\/cardcaptor-sakura-clear-card-nendoroid-action-figure-sakura-kinomoto-tomoeda-junior-high-uniform-ver-10-cm\/","url":"https:\/\/animefigurer.se\/figurer\/cardcaptor-sakura\/cardcaptor-sakura-clear-card-nendoroid-action-figure-sakura-kinomoto-tomoeda-junior-high-uniform-ver-10-cm\/","name":"Cardcaptor Sakura: Clear Card Nendoroid Action Figure Sakura Kinomoto: Tomoeda Junior High Uniform Ver. 10 cm | Animefigurer.se","isPartOf":{"@id":"https:\/\/animefigurer.se\/#website"},"primaryImageOfPage":{"@id":"https:\/\/animefigurer.se\/figurer\/cardcaptor-sakura\/cardcaptor-sakura-clear-card-nendoroid-action-figure-sakura-kinomoto-tomoeda-junior-high-uniform-ver-10-cm\/#primaryimage"},"image":{"@id":"https:\/\/animefigurer.se\/figurer\/cardcaptor-sakura\/cardcaptor-sakura-clear-card-nendoroid-action-figure-sakura-kinomoto-tomoeda-junior-high-uniform-ver-10-cm\/#primaryimage"},"thumbnailUrl":"https:\/\/animefigurer.se\/wp-content\/uploads\/2026\/03\/x_gsc67621_a.jpg","datePublished":"2026-03-14T11:14:43+00:00","dateModified":"2026-03-14T11:14:44+00:00","breadcrumb":{"@id":"https:\/\/animefigurer.se\/figurer\/cardcaptor-sakura\/cardcaptor-sakura-clear-card-nendoroid-action-figure-sakura-kinomoto-tomoeda-junior-high-uniform-ver-10-cm\/#breadcrumb"},"inLanguage":"en-GB","potentialAction":[{"@type":"ReadAction","target":["https:\/\/animefigurer.se\/figurer\/cardcaptor-sakura\/cardcaptor-sakura-clear-card-nendoroid-action-figure-sakura-kinomoto-tomoeda-junior-high-uniform-ver-10-cm\/"]}]},{"@type":"ImageObject","inLanguage":"en-GB","@id":"https:\/\/animefigurer.se\/figurer\/cardcaptor-sakura\/cardcaptor-sakura-clear-card-nendoroid-action-figure-sakura-kinomoto-tomoeda-junior-high-uniform-ver-10-cm\/#primaryimage","url":"https:\/\/animefigurer.se\/wp-content\/uploads\/2026\/03\/x_gsc67621_a.jpg","contentUrl":"https:\/\/animefigurer.se\/wp-content\/uploads\/2026\/03\/x_gsc67621_a.jpg","width":650,"height":800,"caption":"Cardcaptor Sakura: Clear Card Nendoroid Action Figure Sakura Kinomoto: Tomoeda Junior High Uniform Ver. 10 cm"},{"@type":"BreadcrumbList","@id":"https:\/\/animefigurer.se\/figurer\/cardcaptor-sakura\/cardcaptor-sakura-clear-card-nendoroid-action-figure-sakura-kinomoto-tomoeda-junior-high-uniform-ver-10-cm\/#breadcrumb","itemListElement":[{"@type":"ListItem","position":1,"name":"Home","item":"https:\/\/animefigurer.se\/"},{"@type":"ListItem","position":2,"name":"Butik","item":"https:\/\/animefigurer.se\/figurer\/"},{"@type":"ListItem","position":3,"name":"Cardcaptor Sakura: Clear Card Nendoroid Action Figure Sakura Kinomoto: Tomoeda Junior High Uniform Ver. 10 cm"}]},{"@type":"WebSite","@id":"https:\/\/animefigurer.se\/#website","url":"https:\/\/animefigurer.se\/","name":"Animefigurer.se","description":"Anime figures from over 300 different anime series with over 9000 products | Anime Shop","publisher":{"@id":"https:\/\/animefigurer.se\/#organization"},"potentialAction":[{"@type":"SearchAction","target":{"@type":"EntryPoint","urlTemplate":"https:\/\/animefigurer.se\/?s={search_term_string}"},"query-input":{"@type":"PropertyValueSpecification","valueRequired":true,"valueName":"search_term_string"}}],"inLanguage":"en-GB"},{"@type":"Organization","@id":"https:\/\/animefigurer.se\/#organization","name":"Animefigurer.se","alternateName":"Anime figurer | Anime shop","url":"https:\/\/animefigurer.se\/","logo":{"@type":"ImageObject","inLanguage":"en-GB","@id":"https:\/\/animefigurer.se\/#\/schema\/logo\/image\/","url":"https:\/\/animefigurer.se\/wp-content\/uploads\/2025\/12\/Animefigurer_logowhite.png","contentUrl":"https:\/\/animefigurer.se\/wp-content\/uploads\/2025\/12\/Animefigurer_logowhite.png","width":1890,"height":1417,"caption":"Animefigurer.se"},"image":{"@id":"https:\/\/animefigurer.se\/#\/schema\/logo\/image\/"},"sameAs":["https:\/\/www.facebook.com\/profile.php?id=61581826539670","https:\/\/www.instagram.com\/animefigurer.se\/"],"email":"info@animefigurer.se"}]}},"_links":{"self":[{"href":"https:\/\/animefigurer.se\/en\/wp-json\/wp\/v2\/product\/92593","targetHints":{"allow":["GET"]}}],"collection":[{"href":"https:\/\/animefigurer.se\/en\/wp-json\/wp\/v2\/product"}],"about":[{"href":"https:\/\/animefigurer.se\/en\/wp-json\/wp\/v2\/types\/product"}],"replies":[{"embeddable":true,"href":"https:\/\/animefigurer.se\/en\/wp-json\/wp\/v2\/comments?post=92593"}],"wp:featuredmedia":[{"embeddable":true,"href":"https:\/\/animefigurer.se\/en\/wp-json\/wp\/v2\/media\/92594"}],"wp:attachment":[{"href":"https:\/\/animefigurer.se\/en\/wp-json\/wp\/v2\/media?parent=92593"}],"wp:term":[{"taxonomy":"product_brand","embeddable":true,"href":"https:\/\/animefigurer.se\/en\/wp-json\/wp\/v2\/product_brand?post=92593"},{"taxonomy":"product_cat","embeddable":true,"href":"https:\/\/animefigurer.se\/en\/wp-json\/wp\/v2\/product_cat?post=92593"},{"taxonomy":"product_tag","embeddable":true,"href":"https:\/\/animefigurer.se\/en\/wp-json\/wp\/v2\/product_tag?post=92593"},{"taxonomy":"giftcard-category","embeddable":true,"href":"https:\/\/animefigurer.se\/en\/wp-json\/wp\/v2\/giftcard-category?post=92593"}],"curies":[{"name":"wp","href":"https:\/\/api.w.org\/{rel}","templated":true}]}}