{"id":92414,"date":"2026-03-12T16:11:10","date_gmt":"2026-03-12T15:11:10","guid":{"rendered":"https:\/\/animefigurer.se\/?post_type=product&#038;p=92414"},"modified":"2026-03-12T16:11:10","modified_gmt":"2026-03-12T15:11:10","slug":"crunchyroll-by-loungefly-mini-backpack-frieren-beyond-journeys-end","status":"publish","type":"product","link":"https:\/\/animefigurer.se\/en\/figurer\/frieren-beyond-journeys-end\/crunchyroll-by-loungefly-mini-backpack-frieren-beyond-journeys-end\/","title":{"rendered":"Crunchyroll by Loungefly Mini Backpack Frieren: Beyond Journey&#039;s End"},"content":{"rendered":"<p data-start=\"36\" data-end=\"322\">From <strong data-start=\"41\" data-end=\"74\">The Suitor: Beyond Journey&#039;s End<\/strong> comes this stylish <strong data-start=\"98\" data-end=\"130\">Mini backpack from Loungefly<\/strong>, created in collaboration with Crunchyroll. Combining practical design with a distinct anime-inspired expression, it is a perfect choice for fans who want to carry their favorite series with them in their everyday lives.<\/p>\n<p data-start=\"324\" data-end=\"748\">The backpack is <strong data-start=\"338\" data-end=\"364\">officially licensed<\/strong> and manufactured in <strong data-start=\"382\" data-end=\"408\">polyester and PU leather<\/strong>, providing a durable construction while maintaining Loungefly&#039;s signature premium feel. With its compact dimensions of approximately <strong data-start=\"548\" data-end=\"567\">23 \u00d7 27 \u00d7 11 cm<\/strong> It offers just enough space for your most important belongings \u2013 perfect for everyday use, events or as a stylish detail in your collection.<\/p>\n<p data-start=\"750\" data-end=\"951\">An ideal accessory for <strong data-start=\"776\" data-end=\"845\">Frieren fans and collectors of anime-inspired Loungefly products<\/strong> \u2013 both practical and decorative, whether worn everyday or displayed as part of your fandom.<\/p>","protected":false},"excerpt":{"rendered":"<p>Fr\u00e5n Frieren: Beyond Journey\u2019s End kommer denna stilfulla Mini-ryggs\u00e4ck fr\u00e5n Loungefly, skapad i samarbete med Crunchyroll. Den kombinerar praktisk design med ett tydligt anime-inspirerat uttryck och \u00e4r ett perfekt val f\u00f6r fans som vill b\u00e4ra med sig sin favoritserie i vardagen. Ryggs\u00e4cken \u00e4r officiellt licensierad och tillverkad i polyester och PU-l\u00e4der, vilket ger en slitstark [&hellip;]<\/p>\n","protected":false},"featured_media":92415,"comment_status":"open","ping_status":"closed","template":"","meta":{"_acf_changed":false,"_monsterinsights_skip_tracking":false,"_monsterinsights_sitenote_active":false,"_monsterinsights_sitenote_note":"","_monsterinsights_sitenote_category":0},"product_brand":[7608],"product_cat":[2362],"product_tag":[25],"giftcard-category":[],"class_list":{"0":"post-92414","1":"product","2":"type-product","3":"status-publish","4":"has-post-thumbnail","6":"product_brand-loungefly","7":"product_cat-frieren-beyond-journeys-end","8":"product_tag-i-lager","9":"pa_franchise-frieren-beyond-journeys-end","10":"pa_material-polyester","12":"first","13":"instock","14":"taxable","15":"shipping-taxable","16":"purchasable","17":"product-type-simple"},"acf":[],"yoast_head":"<!-- This site is optimized with the Yoast SEO Premium plugin v24.6 (Yoast SEO v27.4) - https:\/\/yoast.com\/product\/yoast-seo-premium-wordpress\/ -->\n<title>Crunchyroll by Loungefly Mini Backpack Frieren: Beyond Journey&#039;s End | Animefigurer.se<\/title>\n<meta name=\"robots\" content=\"index, follow, max-snippet:-1, max-image-preview:large, max-video-preview:-1\" \/>\n<link rel=\"canonical\" href=\"https:\/\/animefigurer.se\/en\/figurer\/frieren-beyond-journeys-end\/crunchyroll-by-loungefly-mini-backpack-frieren-beyond-journeys-end\/\" \/>\n<meta property=\"og:locale\" content=\"en_GB\" \/>\n<meta property=\"og:type\" content=\"article\" \/>\n<meta property=\"og:title\" content=\"Crunchyroll by Loungefly Mini Backpack Frieren: Beyond Journey&#039;s End\" \/>\n<meta property=\"og:description\" content=\"Fr\u00e5n Frieren: Beyond Journey\u2019s End kommer denna stilfulla Mini-ryggs\u00e4ck fr\u00e5n Loungefly, skapad i samarbete med Crunchyroll. Den kombinerar praktisk design med ett tydligt anime-inspirerat uttryck och \u00e4r ett perfekt val f\u00f6r fans som vill b\u00e4ra med sig sin favoritserie i vardagen. Ryggs\u00e4cken \u00e4r officiellt licensierad och tillverkad i polyester och PU-l\u00e4der, vilket ger en slitstark [&hellip;]\" \/>\n<meta property=\"og:url\" content=\"https:\/\/animefigurer.se\/en\/figurer\/frieren-beyond-journeys-end\/crunchyroll-by-loungefly-mini-backpack-frieren-beyond-journeys-end\/\" \/>\n<meta property=\"og:site_name\" content=\"Animefigurer.se\" \/>\n<meta property=\"article:publisher\" content=\"https:\/\/www.facebook.com\/profile.php?id=61581826539670\" \/>\n<meta property=\"og:image\" content=\"https:\/\/animefigurer.se\/wp-content\/uploads\/2026\/03\/x_lf-frrbk0001.jpg\" \/>\n\t<meta property=\"og:image:width\" content=\"800\" \/>\n\t<meta property=\"og:image:height\" content=\"800\" \/>\n\t<meta property=\"og:image:type\" content=\"image\/jpeg\" \/>\n<meta name=\"twitter:card\" content=\"summary_large_image\" \/>\n<meta name=\"twitter:label1\" content=\"Estimated reading time\" \/>\n\t<meta name=\"twitter:data1\" content=\"1 minute\" \/>\n<script type=\"application\/ld+json\" class=\"yoast-schema-graph\">{\"@context\":\"https:\\\/\\\/schema.org\",\"@graph\":[{\"@type\":\"WebPage\",\"@id\":\"https:\\\/\\\/animefigurer.se\\\/figurer\\\/frieren-beyond-journeys-end\\\/crunchyroll-by-loungefly-mini-backpack-frieren-beyond-journeys-end\\\/\",\"url\":\"https:\\\/\\\/animefigurer.se\\\/figurer\\\/frieren-beyond-journeys-end\\\/crunchyroll-by-loungefly-mini-backpack-frieren-beyond-journeys-end\\\/\",\"name\":\"Crunchyroll by Loungefly Mini Backpack Frieren: Beyond Journey's End | Animefigurer.se\",\"isPartOf\":{\"@id\":\"https:\\\/\\\/animefigurer.se\\\/#website\"},\"primaryImageOfPage\":{\"@id\":\"https:\\\/\\\/animefigurer.se\\\/figurer\\\/frieren-beyond-journeys-end\\\/crunchyroll-by-loungefly-mini-backpack-frieren-beyond-journeys-end\\\/#primaryimage\"},\"image\":{\"@id\":\"https:\\\/\\\/animefigurer.se\\\/figurer\\\/frieren-beyond-journeys-end\\\/crunchyroll-by-loungefly-mini-backpack-frieren-beyond-journeys-end\\\/#primaryimage\"},\"thumbnailUrl\":\"https:\\\/\\\/animefigurer.se\\\/wp-content\\\/uploads\\\/2026\\\/03\\\/x_lf-frrbk0001.jpg\",\"datePublished\":\"2026-03-12T15:11:10+00:00\",\"breadcrumb\":{\"@id\":\"https:\\\/\\\/animefigurer.se\\\/figurer\\\/frieren-beyond-journeys-end\\\/crunchyroll-by-loungefly-mini-backpack-frieren-beyond-journeys-end\\\/#breadcrumb\"},\"inLanguage\":\"en-GB\",\"potentialAction\":[{\"@type\":\"ReadAction\",\"target\":[\"https:\\\/\\\/animefigurer.se\\\/figurer\\\/frieren-beyond-journeys-end\\\/crunchyroll-by-loungefly-mini-backpack-frieren-beyond-journeys-end\\\/\"]}]},{\"@type\":\"ImageObject\",\"inLanguage\":\"en-GB\",\"@id\":\"https:\\\/\\\/animefigurer.se\\\/figurer\\\/frieren-beyond-journeys-end\\\/crunchyroll-by-loungefly-mini-backpack-frieren-beyond-journeys-end\\\/#primaryimage\",\"url\":\"https:\\\/\\\/animefigurer.se\\\/wp-content\\\/uploads\\\/2026\\\/03\\\/x_lf-frrbk0001.jpg\",\"contentUrl\":\"https:\\\/\\\/animefigurer.se\\\/wp-content\\\/uploads\\\/2026\\\/03\\\/x_lf-frrbk0001.jpg\",\"width\":800,\"height\":800,\"caption\":\"Crunchyroll by Loungefly Mini Backpack Frieren: Beyond Journey's End\"},{\"@type\":\"BreadcrumbList\",\"@id\":\"https:\\\/\\\/animefigurer.se\\\/figurer\\\/frieren-beyond-journeys-end\\\/crunchyroll-by-loungefly-mini-backpack-frieren-beyond-journeys-end\\\/#breadcrumb\",\"itemListElement\":[{\"@type\":\"ListItem\",\"position\":1,\"name\":\"Home\",\"item\":\"https:\\\/\\\/animefigurer.se\\\/\"},{\"@type\":\"ListItem\",\"position\":2,\"name\":\"Butik\",\"item\":\"https:\\\/\\\/animefigurer.se\\\/figurer\\\/\"},{\"@type\":\"ListItem\",\"position\":3,\"name\":\"Crunchyroll by Loungefly Mini Backpack Frieren: Beyond Journey&#8217;s End\"}]},{\"@type\":\"WebSite\",\"@id\":\"https:\\\/\\\/animefigurer.se\\\/#website\",\"url\":\"https:\\\/\\\/animefigurer.se\\\/\",\"name\":\"Animefigurer.se\",\"description\":\"Anime figurer fr\u00e5n \u00f6ver 300 olika anime serier med \u00f6ver 9000 produkter | Anime Shop\",\"publisher\":{\"@id\":\"https:\\\/\\\/animefigurer.se\\\/#organization\"},\"potentialAction\":[{\"@type\":\"SearchAction\",\"target\":{\"@type\":\"EntryPoint\",\"urlTemplate\":\"https:\\\/\\\/animefigurer.se\\\/?s={search_term_string}\"},\"query-input\":{\"@type\":\"PropertyValueSpecification\",\"valueRequired\":true,\"valueName\":\"search_term_string\"}}],\"inLanguage\":\"en-GB\"},{\"@type\":\"Organization\",\"@id\":\"https:\\\/\\\/animefigurer.se\\\/#organization\",\"name\":\"Animefigurer.se\",\"alternateName\":\"Anime figurer | Anime shop\",\"url\":\"https:\\\/\\\/animefigurer.se\\\/\",\"logo\":{\"@type\":\"ImageObject\",\"inLanguage\":\"en-GB\",\"@id\":\"https:\\\/\\\/animefigurer.se\\\/#\\\/schema\\\/logo\\\/image\\\/\",\"url\":\"https:\\\/\\\/animefigurer.se\\\/wp-content\\\/uploads\\\/2025\\\/12\\\/Animefigurer_logowhite.png\",\"contentUrl\":\"https:\\\/\\\/animefigurer.se\\\/wp-content\\\/uploads\\\/2025\\\/12\\\/Animefigurer_logowhite.png\",\"width\":1890,\"height\":1417,\"caption\":\"Animefigurer.se\"},\"image\":{\"@id\":\"https:\\\/\\\/animefigurer.se\\\/#\\\/schema\\\/logo\\\/image\\\/\"},\"sameAs\":[\"https:\\\/\\\/www.facebook.com\\\/profile.php?id=61581826539670\",\"https:\\\/\\\/www.instagram.com\\\/animefigurer.se\\\/\"],\"email\":\"info@animefigurer.se\"}]}<\/script>\n<!-- \/ Yoast SEO Premium plugin. -->","yoast_head_json":{"title":"Crunchyroll by Loungefly Mini Backpack Frieren: Beyond Journey&#039;s End | Animefigurer.se","robots":{"index":"index","follow":"follow","max-snippet":"max-snippet:-1","max-image-preview":"max-image-preview:large","max-video-preview":"max-video-preview:-1"},"canonical":"https:\/\/animefigurer.se\/en\/figurer\/frieren-beyond-journeys-end\/crunchyroll-by-loungefly-mini-backpack-frieren-beyond-journeys-end\/","og_locale":"en_GB","og_type":"article","og_title":"Crunchyroll by Loungefly Mini Backpack Frieren: Beyond Journey's End","og_description":"Fr\u00e5n Frieren: Beyond Journey\u2019s End kommer denna stilfulla Mini-ryggs\u00e4ck fr\u00e5n Loungefly, skapad i samarbete med Crunchyroll. Den kombinerar praktisk design med ett tydligt anime-inspirerat uttryck och \u00e4r ett perfekt val f\u00f6r fans som vill b\u00e4ra med sig sin favoritserie i vardagen. Ryggs\u00e4cken \u00e4r officiellt licensierad och tillverkad i polyester och PU-l\u00e4der, vilket ger en slitstark [&hellip;]","og_url":"https:\/\/animefigurer.se\/en\/figurer\/frieren-beyond-journeys-end\/crunchyroll-by-loungefly-mini-backpack-frieren-beyond-journeys-end\/","og_site_name":"Animefigurer.se","article_publisher":"https:\/\/www.facebook.com\/profile.php?id=61581826539670","og_image":[{"width":800,"height":800,"url":"https:\/\/animefigurer.se\/wp-content\/uploads\/2026\/03\/x_lf-frrbk0001.jpg","type":"image\/jpeg"}],"twitter_card":"summary_large_image","twitter_misc":{"Estimated reading time":"1 minute"},"schema":{"@context":"https:\/\/schema.org","@graph":[{"@type":"WebPage","@id":"https:\/\/animefigurer.se\/figurer\/frieren-beyond-journeys-end\/crunchyroll-by-loungefly-mini-backpack-frieren-beyond-journeys-end\/","url":"https:\/\/animefigurer.se\/figurer\/frieren-beyond-journeys-end\/crunchyroll-by-loungefly-mini-backpack-frieren-beyond-journeys-end\/","name":"Crunchyroll by Loungefly Mini Backpack Frieren: Beyond Journey&#039;s End | Animefigurer.se","isPartOf":{"@id":"https:\/\/animefigurer.se\/#website"},"primaryImageOfPage":{"@id":"https:\/\/animefigurer.se\/figurer\/frieren-beyond-journeys-end\/crunchyroll-by-loungefly-mini-backpack-frieren-beyond-journeys-end\/#primaryimage"},"image":{"@id":"https:\/\/animefigurer.se\/figurer\/frieren-beyond-journeys-end\/crunchyroll-by-loungefly-mini-backpack-frieren-beyond-journeys-end\/#primaryimage"},"thumbnailUrl":"https:\/\/animefigurer.se\/wp-content\/uploads\/2026\/03\/x_lf-frrbk0001.jpg","datePublished":"2026-03-12T15:11:10+00:00","breadcrumb":{"@id":"https:\/\/animefigurer.se\/figurer\/frieren-beyond-journeys-end\/crunchyroll-by-loungefly-mini-backpack-frieren-beyond-journeys-end\/#breadcrumb"},"inLanguage":"en-GB","potentialAction":[{"@type":"ReadAction","target":["https:\/\/animefigurer.se\/figurer\/frieren-beyond-journeys-end\/crunchyroll-by-loungefly-mini-backpack-frieren-beyond-journeys-end\/"]}]},{"@type":"ImageObject","inLanguage":"en-GB","@id":"https:\/\/animefigurer.se\/figurer\/frieren-beyond-journeys-end\/crunchyroll-by-loungefly-mini-backpack-frieren-beyond-journeys-end\/#primaryimage","url":"https:\/\/animefigurer.se\/wp-content\/uploads\/2026\/03\/x_lf-frrbk0001.jpg","contentUrl":"https:\/\/animefigurer.se\/wp-content\/uploads\/2026\/03\/x_lf-frrbk0001.jpg","width":800,"height":800,"caption":"Crunchyroll by Loungefly Mini Backpack Frieren: Beyond Journey's End"},{"@type":"BreadcrumbList","@id":"https:\/\/animefigurer.se\/figurer\/frieren-beyond-journeys-end\/crunchyroll-by-loungefly-mini-backpack-frieren-beyond-journeys-end\/#breadcrumb","itemListElement":[{"@type":"ListItem","position":1,"name":"Home","item":"https:\/\/animefigurer.se\/"},{"@type":"ListItem","position":2,"name":"Butik","item":"https:\/\/animefigurer.se\/figurer\/"},{"@type":"ListItem","position":3,"name":"Crunchyroll by Loungefly Mini Backpack Frieren: Beyond Journey&#8217;s End"}]},{"@type":"WebSite","@id":"https:\/\/animefigurer.se\/#website","url":"https:\/\/animefigurer.se\/","name":"Animefigurer.se","description":"Anime figures from over 300 different anime series with over 9000 products | Anime Shop","publisher":{"@id":"https:\/\/animefigurer.se\/#organization"},"potentialAction":[{"@type":"SearchAction","target":{"@type":"EntryPoint","urlTemplate":"https:\/\/animefigurer.se\/?s={search_term_string}"},"query-input":{"@type":"PropertyValueSpecification","valueRequired":true,"valueName":"search_term_string"}}],"inLanguage":"en-GB"},{"@type":"Organization","@id":"https:\/\/animefigurer.se\/#organization","name":"Animefigurer.se","alternateName":"Anime figurer | Anime shop","url":"https:\/\/animefigurer.se\/","logo":{"@type":"ImageObject","inLanguage":"en-GB","@id":"https:\/\/animefigurer.se\/#\/schema\/logo\/image\/","url":"https:\/\/animefigurer.se\/wp-content\/uploads\/2025\/12\/Animefigurer_logowhite.png","contentUrl":"https:\/\/animefigurer.se\/wp-content\/uploads\/2025\/12\/Animefigurer_logowhite.png","width":1890,"height":1417,"caption":"Animefigurer.se"},"image":{"@id":"https:\/\/animefigurer.se\/#\/schema\/logo\/image\/"},"sameAs":["https:\/\/www.facebook.com\/profile.php?id=61581826539670","https:\/\/www.instagram.com\/animefigurer.se\/"],"email":"info@animefigurer.se"}]}},"_links":{"self":[{"href":"https:\/\/animefigurer.se\/en\/wp-json\/wp\/v2\/product\/92414","targetHints":{"allow":["GET"]}}],"collection":[{"href":"https:\/\/animefigurer.se\/en\/wp-json\/wp\/v2\/product"}],"about":[{"href":"https:\/\/animefigurer.se\/en\/wp-json\/wp\/v2\/types\/product"}],"replies":[{"embeddable":true,"href":"https:\/\/animefigurer.se\/en\/wp-json\/wp\/v2\/comments?post=92414"}],"wp:featuredmedia":[{"embeddable":true,"href":"https:\/\/animefigurer.se\/en\/wp-json\/wp\/v2\/media\/92415"}],"wp:attachment":[{"href":"https:\/\/animefigurer.se\/en\/wp-json\/wp\/v2\/media?parent=92414"}],"wp:term":[{"taxonomy":"product_brand","embeddable":true,"href":"https:\/\/animefigurer.se\/en\/wp-json\/wp\/v2\/product_brand?post=92414"},{"taxonomy":"product_cat","embeddable":true,"href":"https:\/\/animefigurer.se\/en\/wp-json\/wp\/v2\/product_cat?post=92414"},{"taxonomy":"product_tag","embeddable":true,"href":"https:\/\/animefigurer.se\/en\/wp-json\/wp\/v2\/product_tag?post=92414"},{"taxonomy":"giftcard-category","embeddable":true,"href":"https:\/\/animefigurer.se\/en\/wp-json\/wp\/v2\/giftcard-category?post=92414"}],"curies":[{"name":"wp","href":"https:\/\/api.w.org\/{rel}","templated":true}]}}