{"id":92328,"date":"2026-03-11T16:26:36","date_gmt":"2026-03-11T15:26:36","guid":{"rendered":"https:\/\/animefigurer.se\/?post_type=product&#038;p=92328"},"modified":"2026-04-04T15:02:43","modified_gmt":"2026-04-04T13:02:43","slug":"piji-new-era-x-honor-of-kings-xishi-you-long-qing-ying-figure","status":"publish","type":"product","link":"https:\/\/animefigurer.se\/en\/figurer\/honor-of-kings-king-of-glory\/piji-new-era-x-honor-of-kings-xishi-you-long-qing-ying-figure\/","title":{"rendered":"PIJI New Era x Honor of Kings -Xishi \u2013 You Long Qing Ying (Figure)"},"content":{"rendered":"<p data-start=\"31\" data-end=\"397\">From the popular mobile game <strong data-start=\"62\" data-end=\"80\">Honor of Kings<\/strong> comes this impressive <strong data-start=\"106\" data-end=\"166\">1\/6 scale figure of Xi Shi in \u201cYou Long Qing Ying\u201d version<\/strong>, designed and produced by PIJI. The figure shows Xi Shi in her characteristic costume, where her long silver-gray hair sweeps elegantly in movement, creating a sense of wind and water interacting.<\/p>\n<p data-start=\"399\" data-end=\"747\">The detailed sculpture captures her imaginative design with <strong data-start=\"464\" data-end=\"511\">dragon-inspired horns and a jewel in hand<\/strong>, which gives the figure a mysterious and enchanting aura. At her feet is an effective base with swirling water and wave movements that recreate the feeling of a dragon dancing across the water&#039;s surface.<\/p>\n<p data-start=\"749\" data-end=\"1019\">With a total height of approx. <strong data-start=\"776\" data-end=\"797\">47 cm in 1\/6 scale<\/strong> and manufactured in <strong data-start=\"815\" data-end=\"840\">PVC, ABS and PU resin<\/strong> This makes for a truly eye-catching collectible figure. A perfect centerpiece for fans of <strong data-start=\"926\" data-end=\"944\">Honor of Kings<\/strong> and collectors who appreciate large, artistically designed bishoujo figures.<\/p>","protected":false},"excerpt":{"rendered":"<p>Fr\u00e5n det popul\u00e4ra mobil-spelet Honor of Kings kommer denna imponerande 1\/6-skala figur av Xi Shi i \u201cYou Long Qing Ying\u201d-version, planerad och producerad av PIJI. Figuren visar Xi Shi i sin karakteristiska dr\u00e4kt, d\u00e4r hennes l\u00e5nga silvergr\u00e5 h\u00e5r sveper elegant i r\u00f6relse och skapar en k\u00e4nsla av vind och vatten i samspel. Den detaljerade skulpturen [&hellip;]<\/p>\n","protected":false},"featured_media":92329,"comment_status":"open","ping_status":"closed","template":"","meta":{"_acf_changed":false,"_monsterinsights_skip_tracking":false,"_monsterinsights_sitenote_active":false,"_monsterinsights_sitenote_note":"","_monsterinsights_sitenote_category":0},"product_brand":[7095],"product_cat":[3070],"product_tag":[26],"giftcard-category":[],"class_list":{"0":"post-92328","1":"product","2":"type-product","3":"status-publish","4":"has-post-thumbnail","6":"product_brand-piji","7":"product_cat-honor-of-kings-king-of-glory","8":"product_tag-pre-order","9":"pa_franchise-honor-of-kings","10":"pa_karaktar-xi-shi","11":"pa_material-pu","12":"pa_material-pvc-abs","13":"pa_material-resin","14":"pa_skala-57","15":"pa_storlek-47-cm","17":"first","18":"instock","19":"taxable","20":"shipping-taxable","21":"purchasable","22":"product-type-simple"},"acf":[],"yoast_head":"<!-- This site is optimized with the Yoast SEO Premium plugin v24.6 (Yoast SEO v27.4) - https:\/\/yoast.com\/product\/yoast-seo-premium-wordpress\/ -->\n<title>PIJI New Era x Honor of Kings -Xishi - You Long Qing Ying (Figure) | Animefigurer.se<\/title>\n<meta name=\"robots\" content=\"index, follow, max-snippet:-1, max-image-preview:large, max-video-preview:-1\" \/>\n<link rel=\"canonical\" href=\"https:\/\/animefigurer.se\/en\/figurer\/honor-of-kings-king-of-glory\/piji-new-era-x-honor-of-kings-xishi-you-long-qing-ying-figure\/\" \/>\n<meta property=\"og:locale\" content=\"en_GB\" \/>\n<meta property=\"og:type\" content=\"article\" \/>\n<meta property=\"og:title\" content=\"PIJI New Era x Honor of Kings -Xishi - You Long Qing Ying (Figure)\" \/>\n<meta property=\"og:description\" content=\"Fr\u00e5n det popul\u00e4ra mobil-spelet Honor of Kings kommer denna imponerande 1\/6-skala figur av Xi Shi i \u201cYou Long Qing Ying\u201d-version, planerad och producerad av PIJI. Figuren visar Xi Shi i sin karakteristiska dr\u00e4kt, d\u00e4r hennes l\u00e5nga silvergr\u00e5 h\u00e5r sveper elegant i r\u00f6relse och skapar en k\u00e4nsla av vind och vatten i samspel. Den detaljerade skulpturen [&hellip;]\" \/>\n<meta property=\"og:url\" content=\"https:\/\/animefigurer.se\/en\/figurer\/honor-of-kings-king-of-glory\/piji-new-era-x-honor-of-kings-xishi-you-long-qing-ying-figure\/\" \/>\n<meta property=\"og:site_name\" content=\"Animefigurer.se\" \/>\n<meta property=\"article:publisher\" content=\"https:\/\/www.facebook.com\/profile.php?id=61581826539670\" \/>\n<meta property=\"article:modified_time\" content=\"2026-04-04T13:02:43+00:00\" \/>\n<meta property=\"og:image\" content=\"https:\/\/animefigurer.se\/wp-content\/uploads\/2026\/03\/11350003a.webp\" \/>\n\t<meta property=\"og:image:width\" content=\"867\" \/>\n\t<meta property=\"og:image:height\" content=\"1200\" \/>\n\t<meta property=\"og:image:type\" content=\"image\/webp\" \/>\n<meta name=\"twitter:card\" content=\"summary_large_image\" \/>\n<meta name=\"twitter:label1\" content=\"Estimated reading time\" \/>\n\t<meta name=\"twitter:data1\" content=\"1 minute\" \/>\n<script type=\"application\/ld+json\" class=\"yoast-schema-graph\">{\"@context\":\"https:\\\/\\\/schema.org\",\"@graph\":[{\"@type\":\"WebPage\",\"@id\":\"https:\\\/\\\/animefigurer.se\\\/figurer\\\/honor-of-kings-king-of-glory\\\/piji-new-era-x-honor-of-kings-xishi-you-long-qing-ying-figure\\\/\",\"url\":\"https:\\\/\\\/animefigurer.se\\\/figurer\\\/honor-of-kings-king-of-glory\\\/piji-new-era-x-honor-of-kings-xishi-you-long-qing-ying-figure\\\/\",\"name\":\"PIJI New Era x Honor of Kings -Xishi - You Long Qing Ying (Figure) | Animefigurer.se\",\"isPartOf\":{\"@id\":\"https:\\\/\\\/animefigurer.se\\\/#website\"},\"primaryImageOfPage\":{\"@id\":\"https:\\\/\\\/animefigurer.se\\\/figurer\\\/honor-of-kings-king-of-glory\\\/piji-new-era-x-honor-of-kings-xishi-you-long-qing-ying-figure\\\/#primaryimage\"},\"image\":{\"@id\":\"https:\\\/\\\/animefigurer.se\\\/figurer\\\/honor-of-kings-king-of-glory\\\/piji-new-era-x-honor-of-kings-xishi-you-long-qing-ying-figure\\\/#primaryimage\"},\"thumbnailUrl\":\"https:\\\/\\\/animefigurer.se\\\/wp-content\\\/uploads\\\/2026\\\/03\\\/11350003a.webp\",\"datePublished\":\"2026-03-11T15:26:36+00:00\",\"dateModified\":\"2026-04-04T13:02:43+00:00\",\"breadcrumb\":{\"@id\":\"https:\\\/\\\/animefigurer.se\\\/figurer\\\/honor-of-kings-king-of-glory\\\/piji-new-era-x-honor-of-kings-xishi-you-long-qing-ying-figure\\\/#breadcrumb\"},\"inLanguage\":\"en-GB\",\"potentialAction\":[{\"@type\":\"ReadAction\",\"target\":[\"https:\\\/\\\/animefigurer.se\\\/figurer\\\/honor-of-kings-king-of-glory\\\/piji-new-era-x-honor-of-kings-xishi-you-long-qing-ying-figure\\\/\"]}]},{\"@type\":\"ImageObject\",\"inLanguage\":\"en-GB\",\"@id\":\"https:\\\/\\\/animefigurer.se\\\/figurer\\\/honor-of-kings-king-of-glory\\\/piji-new-era-x-honor-of-kings-xishi-you-long-qing-ying-figure\\\/#primaryimage\",\"url\":\"https:\\\/\\\/animefigurer.se\\\/wp-content\\\/uploads\\\/2026\\\/03\\\/11350003a.webp\",\"contentUrl\":\"https:\\\/\\\/animefigurer.se\\\/wp-content\\\/uploads\\\/2026\\\/03\\\/11350003a.webp\",\"width\":867,\"height\":1200,\"caption\":\"PIJI New Era x Honor of Kings -Xishi - You Long Qing Ying (Figure)\"},{\"@type\":\"BreadcrumbList\",\"@id\":\"https:\\\/\\\/animefigurer.se\\\/figurer\\\/honor-of-kings-king-of-glory\\\/piji-new-era-x-honor-of-kings-xishi-you-long-qing-ying-figure\\\/#breadcrumb\",\"itemListElement\":[{\"@type\":\"ListItem\",\"position\":1,\"name\":\"Home\",\"item\":\"https:\\\/\\\/animefigurer.se\\\/\"},{\"@type\":\"ListItem\",\"position\":2,\"name\":\"Butik\",\"item\":\"https:\\\/\\\/animefigurer.se\\\/figurer\\\/\"},{\"@type\":\"ListItem\",\"position\":3,\"name\":\"PIJI New Era x Honor of Kings -Xishi &#8211; You Long Qing Ying (Figure)\"}]},{\"@type\":\"WebSite\",\"@id\":\"https:\\\/\\\/animefigurer.se\\\/#website\",\"url\":\"https:\\\/\\\/animefigurer.se\\\/\",\"name\":\"Animefigurer.se\",\"description\":\"Anime figurer fr\u00e5n \u00f6ver 300 olika anime serier med \u00f6ver 9000 produkter | Anime Shop\",\"publisher\":{\"@id\":\"https:\\\/\\\/animefigurer.se\\\/#organization\"},\"potentialAction\":[{\"@type\":\"SearchAction\",\"target\":{\"@type\":\"EntryPoint\",\"urlTemplate\":\"https:\\\/\\\/animefigurer.se\\\/?s={search_term_string}\"},\"query-input\":{\"@type\":\"PropertyValueSpecification\",\"valueRequired\":true,\"valueName\":\"search_term_string\"}}],\"inLanguage\":\"en-GB\"},{\"@type\":\"Organization\",\"@id\":\"https:\\\/\\\/animefigurer.se\\\/#organization\",\"name\":\"Animefigurer.se\",\"alternateName\":\"Anime figurer | Anime shop\",\"url\":\"https:\\\/\\\/animefigurer.se\\\/\",\"logo\":{\"@type\":\"ImageObject\",\"inLanguage\":\"en-GB\",\"@id\":\"https:\\\/\\\/animefigurer.se\\\/#\\\/schema\\\/logo\\\/image\\\/\",\"url\":\"https:\\\/\\\/animefigurer.se\\\/wp-content\\\/uploads\\\/2025\\\/12\\\/Animefigurer_logowhite.png\",\"contentUrl\":\"https:\\\/\\\/animefigurer.se\\\/wp-content\\\/uploads\\\/2025\\\/12\\\/Animefigurer_logowhite.png\",\"width\":1890,\"height\":1417,\"caption\":\"Animefigurer.se\"},\"image\":{\"@id\":\"https:\\\/\\\/animefigurer.se\\\/#\\\/schema\\\/logo\\\/image\\\/\"},\"sameAs\":[\"https:\\\/\\\/www.facebook.com\\\/profile.php?id=61581826539670\",\"https:\\\/\\\/www.instagram.com\\\/animefigurer.se\\\/\"],\"email\":\"info@animefigurer.se\"}]}<\/script>\n<!-- \/ Yoast SEO Premium plugin. -->","yoast_head_json":{"title":"PIJI New Era x Honor of Kings -Xishi - You Long Qing Ying (Figure) | Animefigurer.se","robots":{"index":"index","follow":"follow","max-snippet":"max-snippet:-1","max-image-preview":"max-image-preview:large","max-video-preview":"max-video-preview:-1"},"canonical":"https:\/\/animefigurer.se\/en\/figurer\/honor-of-kings-king-of-glory\/piji-new-era-x-honor-of-kings-xishi-you-long-qing-ying-figure\/","og_locale":"en_GB","og_type":"article","og_title":"PIJI New Era x Honor of Kings -Xishi - You Long Qing Ying (Figure)","og_description":"Fr\u00e5n det popul\u00e4ra mobil-spelet Honor of Kings kommer denna imponerande 1\/6-skala figur av Xi Shi i \u201cYou Long Qing Ying\u201d-version, planerad och producerad av PIJI. Figuren visar Xi Shi i sin karakteristiska dr\u00e4kt, d\u00e4r hennes l\u00e5nga silvergr\u00e5 h\u00e5r sveper elegant i r\u00f6relse och skapar en k\u00e4nsla av vind och vatten i samspel. Den detaljerade skulpturen [&hellip;]","og_url":"https:\/\/animefigurer.se\/en\/figurer\/honor-of-kings-king-of-glory\/piji-new-era-x-honor-of-kings-xishi-you-long-qing-ying-figure\/","og_site_name":"Animefigurer.se","article_publisher":"https:\/\/www.facebook.com\/profile.php?id=61581826539670","article_modified_time":"2026-04-04T13:02:43+00:00","og_image":[{"width":867,"height":1200,"url":"https:\/\/animefigurer.se\/wp-content\/uploads\/2026\/03\/11350003a.webp","type":"image\/webp"}],"twitter_card":"summary_large_image","twitter_misc":{"Estimated reading time":"1 minute"},"schema":{"@context":"https:\/\/schema.org","@graph":[{"@type":"WebPage","@id":"https:\/\/animefigurer.se\/figurer\/honor-of-kings-king-of-glory\/piji-new-era-x-honor-of-kings-xishi-you-long-qing-ying-figure\/","url":"https:\/\/animefigurer.se\/figurer\/honor-of-kings-king-of-glory\/piji-new-era-x-honor-of-kings-xishi-you-long-qing-ying-figure\/","name":"PIJI New Era x Honor of Kings -Xishi - You Long Qing Ying (Figure) | Animefigurer.se","isPartOf":{"@id":"https:\/\/animefigurer.se\/#website"},"primaryImageOfPage":{"@id":"https:\/\/animefigurer.se\/figurer\/honor-of-kings-king-of-glory\/piji-new-era-x-honor-of-kings-xishi-you-long-qing-ying-figure\/#primaryimage"},"image":{"@id":"https:\/\/animefigurer.se\/figurer\/honor-of-kings-king-of-glory\/piji-new-era-x-honor-of-kings-xishi-you-long-qing-ying-figure\/#primaryimage"},"thumbnailUrl":"https:\/\/animefigurer.se\/wp-content\/uploads\/2026\/03\/11350003a.webp","datePublished":"2026-03-11T15:26:36+00:00","dateModified":"2026-04-04T13:02:43+00:00","breadcrumb":{"@id":"https:\/\/animefigurer.se\/figurer\/honor-of-kings-king-of-glory\/piji-new-era-x-honor-of-kings-xishi-you-long-qing-ying-figure\/#breadcrumb"},"inLanguage":"en-GB","potentialAction":[{"@type":"ReadAction","target":["https:\/\/animefigurer.se\/figurer\/honor-of-kings-king-of-glory\/piji-new-era-x-honor-of-kings-xishi-you-long-qing-ying-figure\/"]}]},{"@type":"ImageObject","inLanguage":"en-GB","@id":"https:\/\/animefigurer.se\/figurer\/honor-of-kings-king-of-glory\/piji-new-era-x-honor-of-kings-xishi-you-long-qing-ying-figure\/#primaryimage","url":"https:\/\/animefigurer.se\/wp-content\/uploads\/2026\/03\/11350003a.webp","contentUrl":"https:\/\/animefigurer.se\/wp-content\/uploads\/2026\/03\/11350003a.webp","width":867,"height":1200,"caption":"PIJI New Era x Honor of Kings -Xishi - You Long Qing Ying (Figure)"},{"@type":"BreadcrumbList","@id":"https:\/\/animefigurer.se\/figurer\/honor-of-kings-king-of-glory\/piji-new-era-x-honor-of-kings-xishi-you-long-qing-ying-figure\/#breadcrumb","itemListElement":[{"@type":"ListItem","position":1,"name":"Home","item":"https:\/\/animefigurer.se\/"},{"@type":"ListItem","position":2,"name":"Butik","item":"https:\/\/animefigurer.se\/figurer\/"},{"@type":"ListItem","position":3,"name":"PIJI New Era x Honor of Kings -Xishi &#8211; You Long Qing Ying (Figure)"}]},{"@type":"WebSite","@id":"https:\/\/animefigurer.se\/#website","url":"https:\/\/animefigurer.se\/","name":"Animefigurer.se","description":"Anime figures from over 300 different anime series with over 9000 products | Anime Shop","publisher":{"@id":"https:\/\/animefigurer.se\/#organization"},"potentialAction":[{"@type":"SearchAction","target":{"@type":"EntryPoint","urlTemplate":"https:\/\/animefigurer.se\/?s={search_term_string}"},"query-input":{"@type":"PropertyValueSpecification","valueRequired":true,"valueName":"search_term_string"}}],"inLanguage":"en-GB"},{"@type":"Organization","@id":"https:\/\/animefigurer.se\/#organization","name":"Animefigurer.se","alternateName":"Anime figurer | Anime shop","url":"https:\/\/animefigurer.se\/","logo":{"@type":"ImageObject","inLanguage":"en-GB","@id":"https:\/\/animefigurer.se\/#\/schema\/logo\/image\/","url":"https:\/\/animefigurer.se\/wp-content\/uploads\/2025\/12\/Animefigurer_logowhite.png","contentUrl":"https:\/\/animefigurer.se\/wp-content\/uploads\/2025\/12\/Animefigurer_logowhite.png","width":1890,"height":1417,"caption":"Animefigurer.se"},"image":{"@id":"https:\/\/animefigurer.se\/#\/schema\/logo\/image\/"},"sameAs":["https:\/\/www.facebook.com\/profile.php?id=61581826539670","https:\/\/www.instagram.com\/animefigurer.se\/"],"email":"info@animefigurer.se"}]}},"_links":{"self":[{"href":"https:\/\/animefigurer.se\/en\/wp-json\/wp\/v2\/product\/92328","targetHints":{"allow":["GET"]}}],"collection":[{"href":"https:\/\/animefigurer.se\/en\/wp-json\/wp\/v2\/product"}],"about":[{"href":"https:\/\/animefigurer.se\/en\/wp-json\/wp\/v2\/types\/product"}],"replies":[{"embeddable":true,"href":"https:\/\/animefigurer.se\/en\/wp-json\/wp\/v2\/comments?post=92328"}],"wp:featuredmedia":[{"embeddable":true,"href":"https:\/\/animefigurer.se\/en\/wp-json\/wp\/v2\/media\/92329"}],"wp:attachment":[{"href":"https:\/\/animefigurer.se\/en\/wp-json\/wp\/v2\/media?parent=92328"}],"wp:term":[{"taxonomy":"product_brand","embeddable":true,"href":"https:\/\/animefigurer.se\/en\/wp-json\/wp\/v2\/product_brand?post=92328"},{"taxonomy":"product_cat","embeddable":true,"href":"https:\/\/animefigurer.se\/en\/wp-json\/wp\/v2\/product_cat?post=92328"},{"taxonomy":"product_tag","embeddable":true,"href":"https:\/\/animefigurer.se\/en\/wp-json\/wp\/v2\/product_tag?post=92328"},{"taxonomy":"giftcard-category","embeddable":true,"href":"https:\/\/animefigurer.se\/en\/wp-json\/wp\/v2\/giftcard-category?post=92328"}],"curies":[{"name":"wp","href":"https:\/\/api.w.org\/{rel}","templated":true}]}}