{"id":92175,"date":"2026-03-12T16:02:50","date_gmt":"2026-03-12T15:02:50","guid":{"rendered":"https:\/\/animefigurer.se\/?post_type=product&#038;p=92175"},"modified":"2026-03-12T16:02:51","modified_gmt":"2026-03-12T15:02:51","slug":"oyasumi-ookami-haino-illustration-by-henreader-bonus-included","status":"publish","type":"product","link":"https:\/\/animefigurer.se\/en\/figurer\/18\/oyasumi-ookami-haino-illustration-by-henreader-bonus-included\/","title":{"rendered":"Oyasumi Ookami Haino illustration by Henreader [Bonus Included]"},"content":{"rendered":"<p data-start=\"36\" data-end=\"372\">From the manufacturer <strong data-start=\"54\" data-end=\"64\">Vivify<\/strong> comes this unique collector&#039;s figure <strong data-start=\"96\" data-end=\"120\">Goodnight Wolf Haino<\/strong>, based on an original illustration by the popular illustrator <strong data-start=\"187\" data-end=\"199\">Henrilda<\/strong>. The figure has been recreated in <strong data-start=\"227\" data-end=\"240\">1\/6 scale<\/strong> and captures the character&#039;s mysterious and dreamlike atmosphere in a compact yet expressive design.<\/p>\n<p data-start=\"374\" data-end=\"681\">The meticulously sculpted figure highlights the character&#039;s style and personality, with a pose that gives the figure a calm yet captivating presence. The artistic design and detailed elements make it an interesting addition for collectors of original illustration figures and bishoujo designs.<\/p>\n<p data-start=\"683\" data-end=\"971\">The figure is approximately <strong data-start=\"700\" data-end=\"729\">13 cm high (including base)<\/strong> and is delivered with <strong data-start=\"748\" data-end=\"762\">display base<\/strong>, making it ready to display right away in your collection. As a bonus, it also comes with a <strong data-start=\"849\" data-end=\"873\">illustrated color card<\/strong>, which provides extra collector&#039;s value for fans of the illustration.<\/p>\n<p data-start=\"973\" data-end=\"1133\">A perfect addition for <strong data-start=\"999\" data-end=\"1061\">collector of original characters and art-inspired figures<\/strong>, especially for those of you who appreciate illustrator-based bishoujo characters.<\/p>","protected":false},"excerpt":{"rendered":"<p>Fr\u00e5n tillverkaren Vivify kommer denna unika samlarfigur Goodnight Wolf Haino, baserad p\u00e5 en originalillustration av den popul\u00e4ra illustrat\u00f6ren Henrilda. Figuren har \u00e5terskapats i 1\/6-skala och f\u00e5ngar karakt\u00e4rens mystiska och dr\u00f6mlika atmosf\u00e4r i en kompakt men uttrycksfull design. Den noggrant skulpterade figuren framh\u00e4ver karakt\u00e4rens stil och personlighet, med en pose som ger figuren en lugn men [&hellip;]<\/p>\n","protected":false},"featured_media":92176,"comment_status":"open","ping_status":"closed","template":"","meta":{"_acf_changed":false,"_monsterinsights_skip_tracking":false,"_monsterinsights_sitenote_active":false,"_monsterinsights_sitenote_note":"","_monsterinsights_sitenote_category":0},"product_brand":[7176],"product_cat":[23,7493],"product_tag":[26],"giftcard-category":[],"class_list":{"0":"post-92175","1":"product","2":"type-product","3":"status-publish","4":"has-post-thumbnail","6":"product_brand-vivify","7":"product_cat-23","8":"product_cat-original-illustration","9":"product_tag-pre-order","10":"pa_franchise-original-illustration","11":"pa_karaktar-goodnight-wolf-haino","12":"pa_material-pvc-abs","13":"pa_skala-57","14":"pa_storlek-13-cm","16":"first","17":"instock","18":"taxable","19":"shipping-taxable","20":"purchasable","21":"product-type-simple"},"acf":[],"yoast_head":"<!-- This site is optimized with the Yoast SEO Premium plugin v24.6 (Yoast SEO v27.3) - https:\/\/yoast.com\/product\/yoast-seo-premium-wordpress\/ -->\n<title>Oyasumi Ookami Haino illustration by Henreader [Bonus Included] | Animefigurer.se<\/title>\n<meta name=\"robots\" content=\"index, follow, max-snippet:-1, max-image-preview:large, max-video-preview:-1\" \/>\n<link rel=\"canonical\" href=\"https:\/\/animefigurer.se\/en\/figurer\/18\/oyasumi-ookami-haino-illustration-by-henreader-bonus-included\/\" \/>\n<meta property=\"og:locale\" content=\"en_GB\" \/>\n<meta property=\"og:type\" content=\"article\" \/>\n<meta property=\"og:title\" content=\"Oyasumi Ookami Haino illustration by Henreader [Bonus Included]\" \/>\n<meta property=\"og:description\" content=\"Fr\u00e5n tillverkaren Vivify kommer denna unika samlarfigur Goodnight Wolf Haino, baserad p\u00e5 en originalillustration av den popul\u00e4ra illustrat\u00f6ren Henrilda. Figuren har \u00e5terskapats i 1\/6-skala och f\u00e5ngar karakt\u00e4rens mystiska och dr\u00f6mlika atmosf\u00e4r i en kompakt men uttrycksfull design. Den noggrant skulpterade figuren framh\u00e4ver karakt\u00e4rens stil och personlighet, med en pose som ger figuren en lugn men [&hellip;]\" \/>\n<meta property=\"og:url\" content=\"https:\/\/animefigurer.se\/en\/figurer\/18\/oyasumi-ookami-haino-illustration-by-henreader-bonus-included\/\" \/>\n<meta property=\"og:site_name\" content=\"Animefigurer.se\" \/>\n<meta property=\"article:publisher\" content=\"https:\/\/www.facebook.com\/profile.php?id=61581826539670\" \/>\n<meta property=\"article:modified_time\" content=\"2026-03-12T15:02:51+00:00\" \/>\n<meta property=\"og:image\" content=\"https:\/\/animefigurer.se\/wp-content\/uploads\/2026\/03\/11198826a.webp\" \/>\n\t<meta property=\"og:image:width\" content=\"1200\" \/>\n\t<meta property=\"og:image:height\" content=\"801\" \/>\n\t<meta property=\"og:image:type\" content=\"image\/webp\" \/>\n<meta name=\"twitter:card\" content=\"summary_large_image\" \/>\n<meta name=\"twitter:label1\" content=\"Estimated reading time\" \/>\n\t<meta name=\"twitter:data1\" content=\"1 minute\" \/>\n<script type=\"application\/ld+json\" class=\"yoast-schema-graph\">{\"@context\":\"https:\\\/\\\/schema.org\",\"@graph\":[{\"@type\":\"WebPage\",\"@id\":\"https:\\\/\\\/animefigurer.se\\\/figurer\\\/18\\\/oyasumi-ookami-haino-illustration-by-henreader-bonus-included\\\/\",\"url\":\"https:\\\/\\\/animefigurer.se\\\/figurer\\\/18\\\/oyasumi-ookami-haino-illustration-by-henreader-bonus-included\\\/\",\"name\":\"Oyasumi Ookami Haino illustration by Henreader [Bonus Included] | Animefigurer.se\",\"isPartOf\":{\"@id\":\"https:\\\/\\\/animefigurer.se\\\/#website\"},\"primaryImageOfPage\":{\"@id\":\"https:\\\/\\\/animefigurer.se\\\/figurer\\\/18\\\/oyasumi-ookami-haino-illustration-by-henreader-bonus-included\\\/#primaryimage\"},\"image\":{\"@id\":\"https:\\\/\\\/animefigurer.se\\\/figurer\\\/18\\\/oyasumi-ookami-haino-illustration-by-henreader-bonus-included\\\/#primaryimage\"},\"thumbnailUrl\":\"https:\\\/\\\/animefigurer.se\\\/wp-content\\\/uploads\\\/2026\\\/03\\\/11198826a.webp\",\"datePublished\":\"2026-03-12T15:02:50+00:00\",\"dateModified\":\"2026-03-12T15:02:51+00:00\",\"breadcrumb\":{\"@id\":\"https:\\\/\\\/animefigurer.se\\\/figurer\\\/18\\\/oyasumi-ookami-haino-illustration-by-henreader-bonus-included\\\/#breadcrumb\"},\"inLanguage\":\"en-GB\",\"potentialAction\":[{\"@type\":\"ReadAction\",\"target\":[\"https:\\\/\\\/animefigurer.se\\\/figurer\\\/18\\\/oyasumi-ookami-haino-illustration-by-henreader-bonus-included\\\/\"]}]},{\"@type\":\"ImageObject\",\"inLanguage\":\"en-GB\",\"@id\":\"https:\\\/\\\/animefigurer.se\\\/figurer\\\/18\\\/oyasumi-ookami-haino-illustration-by-henreader-bonus-included\\\/#primaryimage\",\"url\":\"https:\\\/\\\/animefigurer.se\\\/wp-content\\\/uploads\\\/2026\\\/03\\\/11198826a.webp\",\"contentUrl\":\"https:\\\/\\\/animefigurer.se\\\/wp-content\\\/uploads\\\/2026\\\/03\\\/11198826a.webp\",\"width\":1200,\"height\":801,\"caption\":\"[Bonus Included] Oyasumi Ookami Haino illustration by Henreader (PVC Figure)\"},{\"@type\":\"BreadcrumbList\",\"@id\":\"https:\\\/\\\/animefigurer.se\\\/figurer\\\/18\\\/oyasumi-ookami-haino-illustration-by-henreader-bonus-included\\\/#breadcrumb\",\"itemListElement\":[{\"@type\":\"ListItem\",\"position\":1,\"name\":\"Home\",\"item\":\"https:\\\/\\\/animefigurer.se\\\/\"},{\"@type\":\"ListItem\",\"position\":2,\"name\":\"Butik\",\"item\":\"https:\\\/\\\/animefigurer.se\\\/figurer\\\/\"},{\"@type\":\"ListItem\",\"position\":3,\"name\":\"Oyasumi Ookami Haino illustration by Henreader [Bonus Included]\"}]},{\"@type\":\"WebSite\",\"@id\":\"https:\\\/\\\/animefigurer.se\\\/#website\",\"url\":\"https:\\\/\\\/animefigurer.se\\\/\",\"name\":\"Animefigurer.se\",\"description\":\"Anime figurer fr\u00e5n \u00f6ver 300 olika anime serier med \u00f6ver 9000 produkter | Anime Shop\",\"publisher\":{\"@id\":\"https:\\\/\\\/animefigurer.se\\\/#organization\"},\"potentialAction\":[{\"@type\":\"SearchAction\",\"target\":{\"@type\":\"EntryPoint\",\"urlTemplate\":\"https:\\\/\\\/animefigurer.se\\\/?s={search_term_string}\"},\"query-input\":{\"@type\":\"PropertyValueSpecification\",\"valueRequired\":true,\"valueName\":\"search_term_string\"}}],\"inLanguage\":\"en-GB\"},{\"@type\":\"Organization\",\"@id\":\"https:\\\/\\\/animefigurer.se\\\/#organization\",\"name\":\"Animefigurer.se\",\"alternateName\":\"Anime figurer | Anime shop\",\"url\":\"https:\\\/\\\/animefigurer.se\\\/\",\"logo\":{\"@type\":\"ImageObject\",\"inLanguage\":\"en-GB\",\"@id\":\"https:\\\/\\\/animefigurer.se\\\/#\\\/schema\\\/logo\\\/image\\\/\",\"url\":\"https:\\\/\\\/animefigurer.se\\\/wp-content\\\/uploads\\\/2025\\\/12\\\/Animefigurer_logowhite.png\",\"contentUrl\":\"https:\\\/\\\/animefigurer.se\\\/wp-content\\\/uploads\\\/2025\\\/12\\\/Animefigurer_logowhite.png\",\"width\":1890,\"height\":1417,\"caption\":\"Animefigurer.se\"},\"image\":{\"@id\":\"https:\\\/\\\/animefigurer.se\\\/#\\\/schema\\\/logo\\\/image\\\/\"},\"sameAs\":[\"https:\\\/\\\/www.facebook.com\\\/profile.php?id=61581826539670\",\"https:\\\/\\\/www.instagram.com\\\/animefigurer.se\\\/\"],\"email\":\"info@animefigurer.se\"}]}<\/script>\n<!-- \/ Yoast SEO Premium plugin. -->","yoast_head_json":{"title":"Oyasumi Ookami Haino illustration by Henreader [Bonus Included] | Animefigurer.se","robots":{"index":"index","follow":"follow","max-snippet":"max-snippet:-1","max-image-preview":"max-image-preview:large","max-video-preview":"max-video-preview:-1"},"canonical":"https:\/\/animefigurer.se\/en\/figurer\/18\/oyasumi-ookami-haino-illustration-by-henreader-bonus-included\/","og_locale":"en_GB","og_type":"article","og_title":"Oyasumi Ookami Haino illustration by Henreader [Bonus Included]","og_description":"Fr\u00e5n tillverkaren Vivify kommer denna unika samlarfigur Goodnight Wolf Haino, baserad p\u00e5 en originalillustration av den popul\u00e4ra illustrat\u00f6ren Henrilda. Figuren har \u00e5terskapats i 1\/6-skala och f\u00e5ngar karakt\u00e4rens mystiska och dr\u00f6mlika atmosf\u00e4r i en kompakt men uttrycksfull design. Den noggrant skulpterade figuren framh\u00e4ver karakt\u00e4rens stil och personlighet, med en pose som ger figuren en lugn men [&hellip;]","og_url":"https:\/\/animefigurer.se\/en\/figurer\/18\/oyasumi-ookami-haino-illustration-by-henreader-bonus-included\/","og_site_name":"Animefigurer.se","article_publisher":"https:\/\/www.facebook.com\/profile.php?id=61581826539670","article_modified_time":"2026-03-12T15:02:51+00:00","og_image":[{"width":1200,"height":801,"url":"https:\/\/animefigurer.se\/wp-content\/uploads\/2026\/03\/11198826a.webp","type":"image\/webp"}],"twitter_card":"summary_large_image","twitter_misc":{"Estimated reading time":"1 minute"},"schema":{"@context":"https:\/\/schema.org","@graph":[{"@type":"WebPage","@id":"https:\/\/animefigurer.se\/figurer\/18\/oyasumi-ookami-haino-illustration-by-henreader-bonus-included\/","url":"https:\/\/animefigurer.se\/figurer\/18\/oyasumi-ookami-haino-illustration-by-henreader-bonus-included\/","name":"Oyasumi Ookami Haino illustration by Henreader [Bonus Included] | Animefigurer.se","isPartOf":{"@id":"https:\/\/animefigurer.se\/#website"},"primaryImageOfPage":{"@id":"https:\/\/animefigurer.se\/figurer\/18\/oyasumi-ookami-haino-illustration-by-henreader-bonus-included\/#primaryimage"},"image":{"@id":"https:\/\/animefigurer.se\/figurer\/18\/oyasumi-ookami-haino-illustration-by-henreader-bonus-included\/#primaryimage"},"thumbnailUrl":"https:\/\/animefigurer.se\/wp-content\/uploads\/2026\/03\/11198826a.webp","datePublished":"2026-03-12T15:02:50+00:00","dateModified":"2026-03-12T15:02:51+00:00","breadcrumb":{"@id":"https:\/\/animefigurer.se\/figurer\/18\/oyasumi-ookami-haino-illustration-by-henreader-bonus-included\/#breadcrumb"},"inLanguage":"en-GB","potentialAction":[{"@type":"ReadAction","target":["https:\/\/animefigurer.se\/figurer\/18\/oyasumi-ookami-haino-illustration-by-henreader-bonus-included\/"]}]},{"@type":"ImageObject","inLanguage":"en-GB","@id":"https:\/\/animefigurer.se\/figurer\/18\/oyasumi-ookami-haino-illustration-by-henreader-bonus-included\/#primaryimage","url":"https:\/\/animefigurer.se\/wp-content\/uploads\/2026\/03\/11198826a.webp","contentUrl":"https:\/\/animefigurer.se\/wp-content\/uploads\/2026\/03\/11198826a.webp","width":1200,"height":801,"caption":"[Bonus Included] Oyasumi Ookami Haino illustration by Henreader (PVC Figure)"},{"@type":"BreadcrumbList","@id":"https:\/\/animefigurer.se\/figurer\/18\/oyasumi-ookami-haino-illustration-by-henreader-bonus-included\/#breadcrumb","itemListElement":[{"@type":"ListItem","position":1,"name":"Home","item":"https:\/\/animefigurer.se\/"},{"@type":"ListItem","position":2,"name":"Butik","item":"https:\/\/animefigurer.se\/figurer\/"},{"@type":"ListItem","position":3,"name":"Oyasumi Ookami Haino illustration by Henreader [Bonus Included]"}]},{"@type":"WebSite","@id":"https:\/\/animefigurer.se\/#website","url":"https:\/\/animefigurer.se\/","name":"Animefigurer.se","description":"Anime figures from over 300 different anime series with over 9000 products | Anime Shop","publisher":{"@id":"https:\/\/animefigurer.se\/#organization"},"potentialAction":[{"@type":"SearchAction","target":{"@type":"EntryPoint","urlTemplate":"https:\/\/animefigurer.se\/?s={search_term_string}"},"query-input":{"@type":"PropertyValueSpecification","valueRequired":true,"valueName":"search_term_string"}}],"inLanguage":"en-GB"},{"@type":"Organization","@id":"https:\/\/animefigurer.se\/#organization","name":"Animefigurer.se","alternateName":"Anime figurer | Anime shop","url":"https:\/\/animefigurer.se\/","logo":{"@type":"ImageObject","inLanguage":"en-GB","@id":"https:\/\/animefigurer.se\/#\/schema\/logo\/image\/","url":"https:\/\/animefigurer.se\/wp-content\/uploads\/2025\/12\/Animefigurer_logowhite.png","contentUrl":"https:\/\/animefigurer.se\/wp-content\/uploads\/2025\/12\/Animefigurer_logowhite.png","width":1890,"height":1417,"caption":"Animefigurer.se"},"image":{"@id":"https:\/\/animefigurer.se\/#\/schema\/logo\/image\/"},"sameAs":["https:\/\/www.facebook.com\/profile.php?id=61581826539670","https:\/\/www.instagram.com\/animefigurer.se\/"],"email":"info@animefigurer.se"}]}},"_links":{"self":[{"href":"https:\/\/animefigurer.se\/en\/wp-json\/wp\/v2\/product\/92175","targetHints":{"allow":["GET"]}}],"collection":[{"href":"https:\/\/animefigurer.se\/en\/wp-json\/wp\/v2\/product"}],"about":[{"href":"https:\/\/animefigurer.se\/en\/wp-json\/wp\/v2\/types\/product"}],"replies":[{"embeddable":true,"href":"https:\/\/animefigurer.se\/en\/wp-json\/wp\/v2\/comments?post=92175"}],"wp:featuredmedia":[{"embeddable":true,"href":"https:\/\/animefigurer.se\/en\/wp-json\/wp\/v2\/media\/92176"}],"wp:attachment":[{"href":"https:\/\/animefigurer.se\/en\/wp-json\/wp\/v2\/media?parent=92175"}],"wp:term":[{"taxonomy":"product_brand","embeddable":true,"href":"https:\/\/animefigurer.se\/en\/wp-json\/wp\/v2\/product_brand?post=92175"},{"taxonomy":"product_cat","embeddable":true,"href":"https:\/\/animefigurer.se\/en\/wp-json\/wp\/v2\/product_cat?post=92175"},{"taxonomy":"product_tag","embeddable":true,"href":"https:\/\/animefigurer.se\/en\/wp-json\/wp\/v2\/product_tag?post=92175"},{"taxonomy":"giftcard-category","embeddable":true,"href":"https:\/\/animefigurer.se\/en\/wp-json\/wp\/v2\/giftcard-category?post=92175"}],"curies":[{"name":"wp","href":"https:\/\/api.w.org\/{rel}","templated":true}]}}