{"id":92085,"date":"2026-03-12T15:59:51","date_gmt":"2026-03-12T14:59:51","guid":{"rendered":"https:\/\/animefigurer.se\/?post_type=product&#038;p=92085"},"modified":"2026-03-12T15:59:52","modified_gmt":"2026-03-12T14:59:52","slug":"chihiro-illustration-ginpatsu-chan-figure","status":"publish","type":"product","link":"https:\/\/animefigurer.se\/en\/figurer\/18\/chihiro-illustration-ginpatsu-chan-figure\/","title":{"rendered":"chihiro Illustration [Ginpatsu-chan] (Figure)"},"content":{"rendered":"<p data-start=\"36\" data-end=\"344\">Based on an original illustration by <strong data-start=\"74\" data-end=\"99\">illustrator Chihiro<\/strong> comes this seductive collectible figure <strong data-start=\"136\" data-end=\"167\">Ginpatsu-chan (Silver Hair)<\/strong>, recreated in <strong data-start=\"182\" data-end=\"195\">1\/6 scale<\/strong>. The figure captures the character&#039;s unique balance between innocence and bold charm in a dynamic and expressive pose that immediately draws attention.<\/p>\n<p data-start=\"346\" data-end=\"673\">The long, flowing twin-tufted hairstyle features a beautiful light blue color gradient with a shiny finish at the tips, giving the figure an elegant and vibrant feel. The characteristic horns and tail are painted with pearlescent paint that enhances the figure&#039;s imaginative design and gives the entire presentation an exclusive finish.<\/p>\n<p data-start=\"675\" data-end=\"932\">The meticulously sculpted body and fine paint details highlight the figure&#039;s stylized aesthetic and make it an eye-catching addition to any collection. Perfect for displaying in display cases, on shelves, or as a centerpiece among other bishoujo figures.<\/p>\n<p data-start=\"934\" data-end=\"1098\">An excellent choice for <strong data-start=\"954\" data-end=\"1043\">collector of original illustration figures and artistically inspired bishoujo designs<\/strong> who want to give their collection an elegant and bold character.<\/p>","protected":false},"excerpt":{"rendered":"<p>Baserad p\u00e5 en originalillustration av illustrat\u00f6ren Chihiro kommer denna f\u00f6rf\u00f6riska samlarfigur Ginpatsu-chan (Silver Hair), \u00e5terskapad i 1\/6-skala. Figuren f\u00e5ngar karakt\u00e4rens unika balans mellan oskuld och dj\u00e4rv charm i en dynamisk och uttrycksfull pose som omedelbart drar blickarna till sig. Den l\u00e5nga, fl\u00f6dande tvillingtofsfrisyren har en vacker ljusbl\u00e5 f\u00e4rggradient med gl\u00e4nsande finish i topparna, vilket ger [&hellip;]<\/p>\n","protected":false},"featured_media":92086,"comment_status":"open","ping_status":"closed","template":"","meta":{"_acf_changed":false,"_monsterinsights_skip_tracking":false,"_monsterinsights_sitenote_active":false,"_monsterinsights_sitenote_note":"","_monsterinsights_sitenote_category":0},"product_brand":[7171],"product_cat":[23,7493],"product_tag":[26],"giftcard-category":[],"class_list":{"0":"post-92085","1":"product","2":"type-product","3":"status-publish","4":"has-post-thumbnail","6":"product_brand-union-creative","7":"product_cat-23","8":"product_cat-original-illustration","9":"product_tag-pre-order","10":"pa_franchise-original-illustration","11":"pa_karaktar-okigae-ginpatsu-chan","12":"pa_material-abs","13":"pa_material-atbc-pvc","14":"pa_skala-57","15":"pa_storlek-18-2-cm","17":"first","18":"instock","19":"taxable","20":"shipping-taxable","21":"purchasable","22":"product-type-simple"},"acf":[],"yoast_head":"<!-- This site is optimized with the Yoast SEO Premium plugin v24.6 (Yoast SEO v27.3) - https:\/\/yoast.com\/product\/yoast-seo-premium-wordpress\/ -->\n<title>chihiro Illustration [Ginpatsu-chan] (Figure) | Animefigurer.se<\/title>\n<meta name=\"robots\" content=\"index, follow, max-snippet:-1, max-image-preview:large, max-video-preview:-1\" \/>\n<link rel=\"canonical\" href=\"https:\/\/animefigurer.se\/en\/figurer\/18\/chihiro-illustration-ginpatsu-chan-figure\/\" \/>\n<meta property=\"og:locale\" content=\"en_GB\" \/>\n<meta property=\"og:type\" content=\"article\" \/>\n<meta property=\"og:title\" content=\"chihiro Illustration [Ginpatsu-chan] (Figure)\" \/>\n<meta property=\"og:description\" content=\"Baserad p\u00e5 en originalillustration av illustrat\u00f6ren Chihiro kommer denna f\u00f6rf\u00f6riska samlarfigur Ginpatsu-chan (Silver Hair), \u00e5terskapad i 1\/6-skala. Figuren f\u00e5ngar karakt\u00e4rens unika balans mellan oskuld och dj\u00e4rv charm i en dynamisk och uttrycksfull pose som omedelbart drar blickarna till sig. Den l\u00e5nga, fl\u00f6dande tvillingtofsfrisyren har en vacker ljusbl\u00e5 f\u00e4rggradient med gl\u00e4nsande finish i topparna, vilket ger [&hellip;]\" \/>\n<meta property=\"og:url\" content=\"https:\/\/animefigurer.se\/en\/figurer\/18\/chihiro-illustration-ginpatsu-chan-figure\/\" \/>\n<meta property=\"og:site_name\" content=\"Animefigurer.se\" \/>\n<meta property=\"article:publisher\" content=\"https:\/\/www.facebook.com\/profile.php?id=61581826539670\" \/>\n<meta property=\"article:modified_time\" content=\"2026-03-12T14:59:52+00:00\" \/>\n<meta property=\"og:image\" content=\"https:\/\/animefigurer.se\/wp-content\/uploads\/2026\/03\/11263589a.jpg\" \/>\n\t<meta property=\"og:image:width\" content=\"1200\" \/>\n\t<meta property=\"og:image:height\" content=\"1200\" \/>\n\t<meta property=\"og:image:type\" content=\"image\/jpeg\" \/>\n<meta name=\"twitter:card\" content=\"summary_large_image\" \/>\n<meta name=\"twitter:label1\" content=\"Estimated reading time\" \/>\n\t<meta name=\"twitter:data1\" content=\"1 minute\" \/>\n<script type=\"application\/ld+json\" class=\"yoast-schema-graph\">{\"@context\":\"https:\\\/\\\/schema.org\",\"@graph\":[{\"@type\":\"WebPage\",\"@id\":\"https:\\\/\\\/animefigurer.se\\\/figurer\\\/18\\\/chihiro-illustration-ginpatsu-chan-figure\\\/\",\"url\":\"https:\\\/\\\/animefigurer.se\\\/figurer\\\/18\\\/chihiro-illustration-ginpatsu-chan-figure\\\/\",\"name\":\"chihiro Illustration [Ginpatsu-chan] (Figure) | Animefigurer.se\",\"isPartOf\":{\"@id\":\"https:\\\/\\\/animefigurer.se\\\/#website\"},\"primaryImageOfPage\":{\"@id\":\"https:\\\/\\\/animefigurer.se\\\/figurer\\\/18\\\/chihiro-illustration-ginpatsu-chan-figure\\\/#primaryimage\"},\"image\":{\"@id\":\"https:\\\/\\\/animefigurer.se\\\/figurer\\\/18\\\/chihiro-illustration-ginpatsu-chan-figure\\\/#primaryimage\"},\"thumbnailUrl\":\"https:\\\/\\\/animefigurer.se\\\/wp-content\\\/uploads\\\/2026\\\/03\\\/11263589a.jpg\",\"datePublished\":\"2026-03-12T14:59:51+00:00\",\"dateModified\":\"2026-03-12T14:59:52+00:00\",\"breadcrumb\":{\"@id\":\"https:\\\/\\\/animefigurer.se\\\/figurer\\\/18\\\/chihiro-illustration-ginpatsu-chan-figure\\\/#breadcrumb\"},\"inLanguage\":\"en-GB\",\"potentialAction\":[{\"@type\":\"ReadAction\",\"target\":[\"https:\\\/\\\/animefigurer.se\\\/figurer\\\/18\\\/chihiro-illustration-ginpatsu-chan-figure\\\/\"]}]},{\"@type\":\"ImageObject\",\"inLanguage\":\"en-GB\",\"@id\":\"https:\\\/\\\/animefigurer.se\\\/figurer\\\/18\\\/chihiro-illustration-ginpatsu-chan-figure\\\/#primaryimage\",\"url\":\"https:\\\/\\\/animefigurer.se\\\/wp-content\\\/uploads\\\/2026\\\/03\\\/11263589a.jpg\",\"contentUrl\":\"https:\\\/\\\/animefigurer.se\\\/wp-content\\\/uploads\\\/2026\\\/03\\\/11263589a.jpg\",\"width\":1200,\"height\":1200,\"caption\":\"chihiro Illustration [Ginpatsu-chan] (Figure)\"},{\"@type\":\"BreadcrumbList\",\"@id\":\"https:\\\/\\\/animefigurer.se\\\/figurer\\\/18\\\/chihiro-illustration-ginpatsu-chan-figure\\\/#breadcrumb\",\"itemListElement\":[{\"@type\":\"ListItem\",\"position\":1,\"name\":\"Home\",\"item\":\"https:\\\/\\\/animefigurer.se\\\/\"},{\"@type\":\"ListItem\",\"position\":2,\"name\":\"Butik\",\"item\":\"https:\\\/\\\/animefigurer.se\\\/figurer\\\/\"},{\"@type\":\"ListItem\",\"position\":3,\"name\":\"chihiro Illustration [Ginpatsu-chan] (Figure)\"}]},{\"@type\":\"WebSite\",\"@id\":\"https:\\\/\\\/animefigurer.se\\\/#website\",\"url\":\"https:\\\/\\\/animefigurer.se\\\/\",\"name\":\"Animefigurer.se\",\"description\":\"Anime figurer fr\u00e5n \u00f6ver 300 olika anime serier med \u00f6ver 9000 produkter | Anime Shop\",\"publisher\":{\"@id\":\"https:\\\/\\\/animefigurer.se\\\/#organization\"},\"potentialAction\":[{\"@type\":\"SearchAction\",\"target\":{\"@type\":\"EntryPoint\",\"urlTemplate\":\"https:\\\/\\\/animefigurer.se\\\/?s={search_term_string}\"},\"query-input\":{\"@type\":\"PropertyValueSpecification\",\"valueRequired\":true,\"valueName\":\"search_term_string\"}}],\"inLanguage\":\"en-GB\"},{\"@type\":\"Organization\",\"@id\":\"https:\\\/\\\/animefigurer.se\\\/#organization\",\"name\":\"Animefigurer.se\",\"alternateName\":\"Anime figurer | Anime shop\",\"url\":\"https:\\\/\\\/animefigurer.se\\\/\",\"logo\":{\"@type\":\"ImageObject\",\"inLanguage\":\"en-GB\",\"@id\":\"https:\\\/\\\/animefigurer.se\\\/#\\\/schema\\\/logo\\\/image\\\/\",\"url\":\"https:\\\/\\\/animefigurer.se\\\/wp-content\\\/uploads\\\/2025\\\/12\\\/Animefigurer_logowhite.png\",\"contentUrl\":\"https:\\\/\\\/animefigurer.se\\\/wp-content\\\/uploads\\\/2025\\\/12\\\/Animefigurer_logowhite.png\",\"width\":1890,\"height\":1417,\"caption\":\"Animefigurer.se\"},\"image\":{\"@id\":\"https:\\\/\\\/animefigurer.se\\\/#\\\/schema\\\/logo\\\/image\\\/\"},\"sameAs\":[\"https:\\\/\\\/www.facebook.com\\\/profile.php?id=61581826539670\",\"https:\\\/\\\/www.instagram.com\\\/animefigurer.se\\\/\"],\"email\":\"info@animefigurer.se\"}]}<\/script>\n<!-- \/ Yoast SEO Premium plugin. -->","yoast_head_json":{"title":"chihiro Illustration [Ginpatsu-chan] (Figure) | Animefigurer.se","robots":{"index":"index","follow":"follow","max-snippet":"max-snippet:-1","max-image-preview":"max-image-preview:large","max-video-preview":"max-video-preview:-1"},"canonical":"https:\/\/animefigurer.se\/en\/figurer\/18\/chihiro-illustration-ginpatsu-chan-figure\/","og_locale":"en_GB","og_type":"article","og_title":"chihiro Illustration [Ginpatsu-chan] (Figure)","og_description":"Baserad p\u00e5 en originalillustration av illustrat\u00f6ren Chihiro kommer denna f\u00f6rf\u00f6riska samlarfigur Ginpatsu-chan (Silver Hair), \u00e5terskapad i 1\/6-skala. Figuren f\u00e5ngar karakt\u00e4rens unika balans mellan oskuld och dj\u00e4rv charm i en dynamisk och uttrycksfull pose som omedelbart drar blickarna till sig. Den l\u00e5nga, fl\u00f6dande tvillingtofsfrisyren har en vacker ljusbl\u00e5 f\u00e4rggradient med gl\u00e4nsande finish i topparna, vilket ger [&hellip;]","og_url":"https:\/\/animefigurer.se\/en\/figurer\/18\/chihiro-illustration-ginpatsu-chan-figure\/","og_site_name":"Animefigurer.se","article_publisher":"https:\/\/www.facebook.com\/profile.php?id=61581826539670","article_modified_time":"2026-03-12T14:59:52+00:00","og_image":[{"width":1200,"height":1200,"url":"https:\/\/animefigurer.se\/wp-content\/uploads\/2026\/03\/11263589a.jpg","type":"image\/jpeg"}],"twitter_card":"summary_large_image","twitter_misc":{"Estimated reading time":"1 minute"},"schema":{"@context":"https:\/\/schema.org","@graph":[{"@type":"WebPage","@id":"https:\/\/animefigurer.se\/figurer\/18\/chihiro-illustration-ginpatsu-chan-figure\/","url":"https:\/\/animefigurer.se\/figurer\/18\/chihiro-illustration-ginpatsu-chan-figure\/","name":"chihiro Illustration [Ginpatsu-chan] (Figure) | Animefigurer.se","isPartOf":{"@id":"https:\/\/animefigurer.se\/#website"},"primaryImageOfPage":{"@id":"https:\/\/animefigurer.se\/figurer\/18\/chihiro-illustration-ginpatsu-chan-figure\/#primaryimage"},"image":{"@id":"https:\/\/animefigurer.se\/figurer\/18\/chihiro-illustration-ginpatsu-chan-figure\/#primaryimage"},"thumbnailUrl":"https:\/\/animefigurer.se\/wp-content\/uploads\/2026\/03\/11263589a.jpg","datePublished":"2026-03-12T14:59:51+00:00","dateModified":"2026-03-12T14:59:52+00:00","breadcrumb":{"@id":"https:\/\/animefigurer.se\/figurer\/18\/chihiro-illustration-ginpatsu-chan-figure\/#breadcrumb"},"inLanguage":"en-GB","potentialAction":[{"@type":"ReadAction","target":["https:\/\/animefigurer.se\/figurer\/18\/chihiro-illustration-ginpatsu-chan-figure\/"]}]},{"@type":"ImageObject","inLanguage":"en-GB","@id":"https:\/\/animefigurer.se\/figurer\/18\/chihiro-illustration-ginpatsu-chan-figure\/#primaryimage","url":"https:\/\/animefigurer.se\/wp-content\/uploads\/2026\/03\/11263589a.jpg","contentUrl":"https:\/\/animefigurer.se\/wp-content\/uploads\/2026\/03\/11263589a.jpg","width":1200,"height":1200,"caption":"chihiro Illustration [Ginpatsu-chan] (Figure)"},{"@type":"BreadcrumbList","@id":"https:\/\/animefigurer.se\/figurer\/18\/chihiro-illustration-ginpatsu-chan-figure\/#breadcrumb","itemListElement":[{"@type":"ListItem","position":1,"name":"Home","item":"https:\/\/animefigurer.se\/"},{"@type":"ListItem","position":2,"name":"Butik","item":"https:\/\/animefigurer.se\/figurer\/"},{"@type":"ListItem","position":3,"name":"chihiro Illustration [Ginpatsu-chan] (Figure)"}]},{"@type":"WebSite","@id":"https:\/\/animefigurer.se\/#website","url":"https:\/\/animefigurer.se\/","name":"Animefigurer.se","description":"Anime figures from over 300 different anime series with over 9000 products | Anime Shop","publisher":{"@id":"https:\/\/animefigurer.se\/#organization"},"potentialAction":[{"@type":"SearchAction","target":{"@type":"EntryPoint","urlTemplate":"https:\/\/animefigurer.se\/?s={search_term_string}"},"query-input":{"@type":"PropertyValueSpecification","valueRequired":true,"valueName":"search_term_string"}}],"inLanguage":"en-GB"},{"@type":"Organization","@id":"https:\/\/animefigurer.se\/#organization","name":"Animefigurer.se","alternateName":"Anime figurer | Anime shop","url":"https:\/\/animefigurer.se\/","logo":{"@type":"ImageObject","inLanguage":"en-GB","@id":"https:\/\/animefigurer.se\/#\/schema\/logo\/image\/","url":"https:\/\/animefigurer.se\/wp-content\/uploads\/2025\/12\/Animefigurer_logowhite.png","contentUrl":"https:\/\/animefigurer.se\/wp-content\/uploads\/2025\/12\/Animefigurer_logowhite.png","width":1890,"height":1417,"caption":"Animefigurer.se"},"image":{"@id":"https:\/\/animefigurer.se\/#\/schema\/logo\/image\/"},"sameAs":["https:\/\/www.facebook.com\/profile.php?id=61581826539670","https:\/\/www.instagram.com\/animefigurer.se\/"],"email":"info@animefigurer.se"}]}},"_links":{"self":[{"href":"https:\/\/animefigurer.se\/en\/wp-json\/wp\/v2\/product\/92085","targetHints":{"allow":["GET"]}}],"collection":[{"href":"https:\/\/animefigurer.se\/en\/wp-json\/wp\/v2\/product"}],"about":[{"href":"https:\/\/animefigurer.se\/en\/wp-json\/wp\/v2\/types\/product"}],"replies":[{"embeddable":true,"href":"https:\/\/animefigurer.se\/en\/wp-json\/wp\/v2\/comments?post=92085"}],"wp:featuredmedia":[{"embeddable":true,"href":"https:\/\/animefigurer.se\/en\/wp-json\/wp\/v2\/media\/92086"}],"wp:attachment":[{"href":"https:\/\/animefigurer.se\/en\/wp-json\/wp\/v2\/media?parent=92085"}],"wp:term":[{"taxonomy":"product_brand","embeddable":true,"href":"https:\/\/animefigurer.se\/en\/wp-json\/wp\/v2\/product_brand?post=92085"},{"taxonomy":"product_cat","embeddable":true,"href":"https:\/\/animefigurer.se\/en\/wp-json\/wp\/v2\/product_cat?post=92085"},{"taxonomy":"product_tag","embeddable":true,"href":"https:\/\/animefigurer.se\/en\/wp-json\/wp\/v2\/product_tag?post=92085"},{"taxonomy":"giftcard-category","embeddable":true,"href":"https:\/\/animefigurer.se\/en\/wp-json\/wp\/v2\/giftcard-category?post=92085"}],"curies":[{"name":"wp","href":"https:\/\/api.w.org\/{rel}","templated":true}]}}