{"id":91841,"date":"2026-03-12T16:05:26","date_gmt":"2026-03-12T15:05:26","guid":{"rendered":"https:\/\/animefigurer.se\/?post_type=product&#038;p=91841"},"modified":"2026-03-12T16:05:27","modified_gmt":"2026-03-12T15:05:27","slug":"bonus-included-azur-lane-chen-hai-retrofit-pvc-figure","status":"publish","type":"product","link":"https:\/\/animefigurer.se\/en\/figurer\/18\/bonus-included-azur-lane-chen-hai-retrofit-pvc-figure\/","title":{"rendered":"[Bonus Included] Azur Lane Chen Hai: Retrofit (PVC Figure)"},"content":{"rendered":"<p data-start=\"31\" data-end=\"430\">From the popular mobile and action game <strong data-start=\"73\" data-end=\"86\">Azur Lane<\/strong> This elegant collector&#039;s figure comes from <strong data-start=\"124\" data-end=\"155\">Chen Hai in Retrofit version<\/strong>. The figure shows her standing gracefully on a coral reef while holding a lantern, as if waiting for her master. The calm and mysterious scene gives the model a special presence that truly captures the character&#039;s charm from the game.<\/p>\n<p data-start=\"432\" data-end=\"756\">The elaborate sculpture highlights her silhouette through the open design of the outfit, where every detail is carefully rendered. Jewelry and accessories with a gold finish and decorative hairpins contribute to the figure&#039;s luxurious expression and create an elegant play of light and shadow.<\/p>\n<p data-start=\"758\" data-end=\"959\">An impressive figure for fans of <strong data-start=\"791\" data-end=\"804\">Azur Lane<\/strong> and collectors who appreciate detailed bishoujo figures. Perfect for display in a display cabinet, on a shelf, or as a centerpiece in a dedicated collection.<\/p>","protected":false},"excerpt":{"rendered":"<p>Fr\u00e5n det popul\u00e4ra mobil- och actionspelet Azur Lane kommer denna eleganta samlarfigur av Chen Hai i Retrofit-version. Figuren visar henne st\u00e5ende graci\u00f6st p\u00e5 ett korallrev medan hon h\u00e5ller en lykta, som om hon v\u00e4ntar p\u00e5 sin bef\u00e4lhavare. Den lugna och mystiska scenen ger modellen en s\u00e4rskild n\u00e4rvaro som verkligen f\u00e5ngar karakt\u00e4rens charm fr\u00e5n spelet. Den [&hellip;]<\/p>\n","protected":false},"featured_media":91842,"comment_status":"open","ping_status":"closed","template":"","meta":{"_acf_changed":false,"_monsterinsights_skip_tracking":false,"_monsterinsights_sitenote_active":false,"_monsterinsights_sitenote_note":"","_monsterinsights_sitenote_category":0},"product_brand":[6917],"product_cat":[23,727],"product_tag":[26],"giftcard-category":[],"class_list":{"0":"post-91841","1":"product","2":"type-product","3":"status-publish","4":"has-post-thumbnail","6":"product_brand-apex","7":"product_cat-23","8":"product_cat-azur-lane","9":"product_tag-pre-order","10":"pa_franchise-azur-lane","11":"pa_karaktar-chen-hai","12":"pa_material-pvc-abs","13":"pa_skala-41","14":"pa_storlek-31-cm","16":"first","17":"instock","18":"taxable","19":"shipping-taxable","20":"purchasable","21":"product-type-simple"},"acf":[],"yoast_head":"<!-- This site is optimized with the Yoast SEO Premium plugin v27.6 (Yoast SEO v27.6) - https:\/\/yoast.com\/product\/yoast-seo-premium-wordpress\/ -->\n<title>[Bonus Included] Azur Lane Chen Hai: Retrofit (PVC Figure) | Animefigurer.se<\/title>\n<meta name=\"robots\" content=\"index, follow, max-snippet:-1, max-image-preview:large, max-video-preview:-1\" \/>\n<link rel=\"canonical\" href=\"https:\/\/animefigurer.se\/en\/figurer\/18\/bonus-included-azur-lane-chen-hai-retrofit-pvc-figure\/\" \/>\n<meta property=\"og:locale\" content=\"en_GB\" \/>\n<meta property=\"og:type\" content=\"article\" \/>\n<meta property=\"og:title\" content=\"[Bonus Included] Azur Lane Chen Hai: Retrofit (PVC Figure)\" \/>\n<meta property=\"og:description\" content=\"Fr\u00e5n det popul\u00e4ra mobil- och actionspelet Azur Lane kommer denna eleganta samlarfigur av Chen Hai i Retrofit-version. Figuren visar henne st\u00e5ende graci\u00f6st p\u00e5 ett korallrev medan hon h\u00e5ller en lykta, som om hon v\u00e4ntar p\u00e5 sin bef\u00e4lhavare. Den lugna och mystiska scenen ger modellen en s\u00e4rskild n\u00e4rvaro som verkligen f\u00e5ngar karakt\u00e4rens charm fr\u00e5n spelet. Den [&hellip;]\" \/>\n<meta property=\"og:url\" content=\"https:\/\/animefigurer.se\/en\/figurer\/18\/bonus-included-azur-lane-chen-hai-retrofit-pvc-figure\/\" \/>\n<meta property=\"og:site_name\" content=\"Animefigurer.se\" \/>\n<meta property=\"article:publisher\" content=\"https:\/\/www.facebook.com\/profile.php?id=61581826539670\" \/>\n<meta property=\"article:modified_time\" content=\"2026-03-12T15:05:27+00:00\" \/>\n<meta property=\"og:image\" content=\"https:\/\/animefigurer.se\/wp-content\/uploads\/2026\/03\/11208292b.jpg\" \/>\n\t<meta property=\"og:image:width\" content=\"1200\" \/>\n\t<meta property=\"og:image:height\" content=\"800\" \/>\n\t<meta property=\"og:image:type\" content=\"image\/jpeg\" \/>\n<meta name=\"twitter:card\" content=\"summary_large_image\" \/>\n<meta name=\"twitter:label1\" content=\"Estimated reading time\" \/>\n\t<meta name=\"twitter:data1\" content=\"1 minute\" \/>\n<script type=\"application\/ld+json\" class=\"yoast-schema-graph\">{\"@context\":\"https:\\\/\\\/schema.org\",\"@graph\":[{\"@type\":\"WebPage\",\"@id\":\"https:\\\/\\\/animefigurer.se\\\/figurer\\\/18\\\/bonus-included-azur-lane-chen-hai-retrofit-pvc-figure\\\/\",\"url\":\"https:\\\/\\\/animefigurer.se\\\/figurer\\\/18\\\/bonus-included-azur-lane-chen-hai-retrofit-pvc-figure\\\/\",\"name\":\"[Bonus Included] Azur Lane Chen Hai: Retrofit (PVC Figure) | Animefigurer.se\",\"isPartOf\":{\"@id\":\"https:\\\/\\\/animefigurer.se\\\/#website\"},\"primaryImageOfPage\":{\"@id\":\"https:\\\/\\\/animefigurer.se\\\/figurer\\\/18\\\/bonus-included-azur-lane-chen-hai-retrofit-pvc-figure\\\/#primaryimage\"},\"image\":{\"@id\":\"https:\\\/\\\/animefigurer.se\\\/figurer\\\/18\\\/bonus-included-azur-lane-chen-hai-retrofit-pvc-figure\\\/#primaryimage\"},\"thumbnailUrl\":\"https:\\\/\\\/animefigurer.se\\\/wp-content\\\/uploads\\\/2026\\\/03\\\/11208292b.jpg\",\"datePublished\":\"2026-03-12T15:05:26+00:00\",\"dateModified\":\"2026-03-12T15:05:27+00:00\",\"breadcrumb\":{\"@id\":\"https:\\\/\\\/animefigurer.se\\\/figurer\\\/18\\\/bonus-included-azur-lane-chen-hai-retrofit-pvc-figure\\\/#breadcrumb\"},\"inLanguage\":\"en-GB\",\"potentialAction\":[{\"@type\":\"ReadAction\",\"target\":[\"https:\\\/\\\/animefigurer.se\\\/figurer\\\/18\\\/bonus-included-azur-lane-chen-hai-retrofit-pvc-figure\\\/\"]}]},{\"@type\":\"ImageObject\",\"inLanguage\":\"en-GB\",\"@id\":\"https:\\\/\\\/animefigurer.se\\\/figurer\\\/18\\\/bonus-included-azur-lane-chen-hai-retrofit-pvc-figure\\\/#primaryimage\",\"url\":\"https:\\\/\\\/animefigurer.se\\\/wp-content\\\/uploads\\\/2026\\\/03\\\/11208292b.jpg\",\"contentUrl\":\"https:\\\/\\\/animefigurer.se\\\/wp-content\\\/uploads\\\/2026\\\/03\\\/11208292b.jpg\",\"width\":1200,\"height\":800,\"caption\":\"[Bonus Included] Azur Lane Chen Hai: Retrofit (PVC Figure)\"},{\"@type\":\"BreadcrumbList\",\"@id\":\"https:\\\/\\\/animefigurer.se\\\/figurer\\\/18\\\/bonus-included-azur-lane-chen-hai-retrofit-pvc-figure\\\/#breadcrumb\",\"itemListElement\":[{\"@type\":\"ListItem\",\"position\":1,\"name\":\"Home\",\"item\":\"https:\\\/\\\/animefigurer.se\\\/\"},{\"@type\":\"ListItem\",\"position\":2,\"name\":\"Butik\",\"item\":\"https:\\\/\\\/animefigurer.se\\\/figurer\\\/\"},{\"@type\":\"ListItem\",\"position\":3,\"name\":\"[Bonus Included] Azur Lane Chen Hai: Retrofit (PVC Figure)\"}]},{\"@type\":\"WebSite\",\"@id\":\"https:\\\/\\\/animefigurer.se\\\/#website\",\"url\":\"https:\\\/\\\/animefigurer.se\\\/\",\"name\":\"Animefigurer.se\",\"description\":\"Anime figurer fr\u00e5n \u00f6ver 300 olika anime serier med \u00f6ver 9000 produkter | Anime Shop\",\"publisher\":{\"@id\":\"https:\\\/\\\/animefigurer.se\\\/#organization\"},\"potentialAction\":[{\"@type\":\"SearchAction\",\"target\":{\"@type\":\"EntryPoint\",\"urlTemplate\":\"https:\\\/\\\/animefigurer.se\\\/?s={search_term_string}\"},\"query-input\":{\"@type\":\"PropertyValueSpecification\",\"valueRequired\":true,\"valueName\":\"search_term_string\"}}],\"inLanguage\":\"en-GB\"},{\"@type\":\"Organization\",\"@id\":\"https:\\\/\\\/animefigurer.se\\\/#organization\",\"name\":\"Animefigurer.se\",\"alternateName\":\"Anime figurer | Anime shop\",\"url\":\"https:\\\/\\\/animefigurer.se\\\/\",\"logo\":{\"@type\":\"ImageObject\",\"inLanguage\":\"en-GB\",\"@id\":\"https:\\\/\\\/animefigurer.se\\\/#\\\/schema\\\/logo\\\/image\\\/\",\"url\":\"https:\\\/\\\/animefigurer.se\\\/wp-content\\\/uploads\\\/2025\\\/12\\\/Animefigurer_logowhite.png\",\"contentUrl\":\"https:\\\/\\\/animefigurer.se\\\/wp-content\\\/uploads\\\/2025\\\/12\\\/Animefigurer_logowhite.png\",\"width\":1890,\"height\":1417,\"caption\":\"Animefigurer.se\"},\"image\":{\"@id\":\"https:\\\/\\\/animefigurer.se\\\/#\\\/schema\\\/logo\\\/image\\\/\"},\"sameAs\":[\"https:\\\/\\\/www.facebook.com\\\/profile.php?id=61581826539670\",\"https:\\\/\\\/www.instagram.com\\\/animefigurer.se\\\/\"],\"email\":\"info@animefigurer.se\"}]}<\/script>\n<!-- \/ Yoast SEO Premium plugin. -->","yoast_head_json":{"title":"[Bonus Included] Azur Lane Chen Hai: Retrofit (PVC Figure) | Animefigurer.se","robots":{"index":"index","follow":"follow","max-snippet":"max-snippet:-1","max-image-preview":"max-image-preview:large","max-video-preview":"max-video-preview:-1"},"canonical":"https:\/\/animefigurer.se\/en\/figurer\/18\/bonus-included-azur-lane-chen-hai-retrofit-pvc-figure\/","og_locale":"en_GB","og_type":"article","og_title":"[Bonus Included] Azur Lane Chen Hai: Retrofit (PVC Figure)","og_description":"Fr\u00e5n det popul\u00e4ra mobil- och actionspelet Azur Lane kommer denna eleganta samlarfigur av Chen Hai i Retrofit-version. Figuren visar henne st\u00e5ende graci\u00f6st p\u00e5 ett korallrev medan hon h\u00e5ller en lykta, som om hon v\u00e4ntar p\u00e5 sin bef\u00e4lhavare. Den lugna och mystiska scenen ger modellen en s\u00e4rskild n\u00e4rvaro som verkligen f\u00e5ngar karakt\u00e4rens charm fr\u00e5n spelet. Den [&hellip;]","og_url":"https:\/\/animefigurer.se\/en\/figurer\/18\/bonus-included-azur-lane-chen-hai-retrofit-pvc-figure\/","og_site_name":"Animefigurer.se","article_publisher":"https:\/\/www.facebook.com\/profile.php?id=61581826539670","article_modified_time":"2026-03-12T15:05:27+00:00","og_image":[{"width":1200,"height":800,"url":"https:\/\/animefigurer.se\/wp-content\/uploads\/2026\/03\/11208292b.jpg","type":"image\/jpeg"}],"twitter_card":"summary_large_image","twitter_misc":{"Estimated reading time":"1 minute"},"schema":{"@context":"https:\/\/schema.org","@graph":[{"@type":"WebPage","@id":"https:\/\/animefigurer.se\/figurer\/18\/bonus-included-azur-lane-chen-hai-retrofit-pvc-figure\/","url":"https:\/\/animefigurer.se\/figurer\/18\/bonus-included-azur-lane-chen-hai-retrofit-pvc-figure\/","name":"[Bonus Included] Azur Lane Chen Hai: Retrofit (PVC Figure) | Animefigurer.se","isPartOf":{"@id":"https:\/\/animefigurer.se\/#website"},"primaryImageOfPage":{"@id":"https:\/\/animefigurer.se\/figurer\/18\/bonus-included-azur-lane-chen-hai-retrofit-pvc-figure\/#primaryimage"},"image":{"@id":"https:\/\/animefigurer.se\/figurer\/18\/bonus-included-azur-lane-chen-hai-retrofit-pvc-figure\/#primaryimage"},"thumbnailUrl":"https:\/\/animefigurer.se\/wp-content\/uploads\/2026\/03\/11208292b.jpg","datePublished":"2026-03-12T15:05:26+00:00","dateModified":"2026-03-12T15:05:27+00:00","breadcrumb":{"@id":"https:\/\/animefigurer.se\/figurer\/18\/bonus-included-azur-lane-chen-hai-retrofit-pvc-figure\/#breadcrumb"},"inLanguage":"en-GB","potentialAction":[{"@type":"ReadAction","target":["https:\/\/animefigurer.se\/figurer\/18\/bonus-included-azur-lane-chen-hai-retrofit-pvc-figure\/"]}]},{"@type":"ImageObject","inLanguage":"en-GB","@id":"https:\/\/animefigurer.se\/figurer\/18\/bonus-included-azur-lane-chen-hai-retrofit-pvc-figure\/#primaryimage","url":"https:\/\/animefigurer.se\/wp-content\/uploads\/2026\/03\/11208292b.jpg","contentUrl":"https:\/\/animefigurer.se\/wp-content\/uploads\/2026\/03\/11208292b.jpg","width":1200,"height":800,"caption":"[Bonus Included] Azur Lane Chen Hai: Retrofit (PVC Figure)"},{"@type":"BreadcrumbList","@id":"https:\/\/animefigurer.se\/figurer\/18\/bonus-included-azur-lane-chen-hai-retrofit-pvc-figure\/#breadcrumb","itemListElement":[{"@type":"ListItem","position":1,"name":"Home","item":"https:\/\/animefigurer.se\/"},{"@type":"ListItem","position":2,"name":"Butik","item":"https:\/\/animefigurer.se\/figurer\/"},{"@type":"ListItem","position":3,"name":"[Bonus Included] Azur Lane Chen Hai: Retrofit (PVC Figure)"}]},{"@type":"WebSite","@id":"https:\/\/animefigurer.se\/#website","url":"https:\/\/animefigurer.se\/","name":"Animefigurer.se","description":"Anime figures from over 300 different anime series with over 9000 products | Anime Shop","publisher":{"@id":"https:\/\/animefigurer.se\/#organization"},"potentialAction":[{"@type":"SearchAction","target":{"@type":"EntryPoint","urlTemplate":"https:\/\/animefigurer.se\/?s={search_term_string}"},"query-input":{"@type":"PropertyValueSpecification","valueRequired":true,"valueName":"search_term_string"}}],"inLanguage":"en-GB"},{"@type":"Organization","@id":"https:\/\/animefigurer.se\/#organization","name":"Animefigurer.se","alternateName":"Anime figurer | Anime shop","url":"https:\/\/animefigurer.se\/","logo":{"@type":"ImageObject","inLanguage":"en-GB","@id":"https:\/\/animefigurer.se\/#\/schema\/logo\/image\/","url":"https:\/\/animefigurer.se\/wp-content\/uploads\/2025\/12\/Animefigurer_logowhite.png","contentUrl":"https:\/\/animefigurer.se\/wp-content\/uploads\/2025\/12\/Animefigurer_logowhite.png","width":1890,"height":1417,"caption":"Animefigurer.se"},"image":{"@id":"https:\/\/animefigurer.se\/#\/schema\/logo\/image\/"},"sameAs":["https:\/\/www.facebook.com\/profile.php?id=61581826539670","https:\/\/www.instagram.com\/animefigurer.se\/"],"email":"info@animefigurer.se"}]}},"_links":{"self":[{"href":"https:\/\/animefigurer.se\/en\/wp-json\/wp\/v2\/product\/91841","targetHints":{"allow":["GET"]}}],"collection":[{"href":"https:\/\/animefigurer.se\/en\/wp-json\/wp\/v2\/product"}],"about":[{"href":"https:\/\/animefigurer.se\/en\/wp-json\/wp\/v2\/types\/product"}],"replies":[{"embeddable":true,"href":"https:\/\/animefigurer.se\/en\/wp-json\/wp\/v2\/comments?post=91841"}],"wp:featuredmedia":[{"embeddable":true,"href":"https:\/\/animefigurer.se\/en\/wp-json\/wp\/v2\/media\/91842"}],"wp:attachment":[{"href":"https:\/\/animefigurer.se\/en\/wp-json\/wp\/v2\/media?parent=91841"}],"wp:term":[{"taxonomy":"product_brand","embeddable":true,"href":"https:\/\/animefigurer.se\/en\/wp-json\/wp\/v2\/product_brand?post=91841"},{"taxonomy":"product_cat","embeddable":true,"href":"https:\/\/animefigurer.se\/en\/wp-json\/wp\/v2\/product_cat?post=91841"},{"taxonomy":"product_tag","embeddable":true,"href":"https:\/\/animefigurer.se\/en\/wp-json\/wp\/v2\/product_tag?post=91841"},{"taxonomy":"giftcard-category","embeddable":true,"href":"https:\/\/animefigurer.se\/en\/wp-json\/wp\/v2\/giftcard-category?post=91841"}],"curies":[{"name":"wp","href":"https:\/\/api.w.org\/{rel}","templated":true}]}}