{"id":91679,"date":"2026-03-08T10:30:57","date_gmt":"2026-03-08T09:30:57","guid":{"rendered":"https:\/\/animefigurer.se\/?post_type=product&#038;p=91679"},"modified":"2026-03-27T19:12:42","modified_gmt":"2026-03-27T18:12:42","slug":"demon-slayer-kimetsu-no-yaiba-mug-mitsuri-muichiro","status":"publish","type":"product","link":"https:\/\/animefigurer.se\/en\/figurer\/demon-slayer-kimetsu-no-yaiba\/demon-slayer-kimetsu-no-yaiba-mug-mitsuri-muichiro\/","title":{"rendered":"Demon Slayer: Kimetsu no Yaiba Mug Mitsuri &amp; Muichiro"},"content":{"rendered":"<p data-start=\"34\" data-end=\"321\">Enjoy your favorite drink with this stylish mug from <em data-start=\"88\" data-end=\"120\">Demon Slayer: Kimetsu no Yaiba<\/em>, manufactured by Sakami Merchandise. The mug is adorned with a motif featuring Mitsuri Kanroji and Muichiro Tokito \u2013 two memorable characters from the popular anime series.<\/p>\n<p data-start=\"323\" data-end=\"602\">The high-quality design makes the mug a perfect addition for fans and collectors of Demon Slayer merchandise alike. Whether used for your morning coffee or as a decorative piece in your anime collection, it will make a stylish addition to your desk, kitchen or shelf.<\/p>\n<p data-start=\"604\" data-end=\"744\">A great choice for anyone who wants to show their appreciation for the series - perfect as a gift or as a new favorite in your Demon Slayer collection.<\/p>","protected":false},"excerpt":{"rendered":"<p>Njut av din favoritdryck med denna stilrena mugg fr\u00e5n Demon Slayer: Kimetsu no Yaiba, tillverkad av Sakami Merchandise. Muggen pryds av ett motiv med Mitsuri Kanroji och Muichiro Tokito \u2013 tv\u00e5 minnesv\u00e4rda karakt\u00e4rer fr\u00e5n den popul\u00e4ra animeserien. Den h\u00f6gkvalitativa designen g\u00f6r muggen till ett perfekt tillskott f\u00f6r b\u00e5de fans och samlare av Demon Slayer-merchandise. Oavsett [&hellip;]<\/p>\n","protected":false},"featured_media":91680,"comment_status":"open","ping_status":"closed","template":"","meta":{"_acf_changed":false,"_monsterinsights_skip_tracking":false,"_monsterinsights_sitenote_active":false,"_monsterinsights_sitenote_note":"","_monsterinsights_sitenote_category":0},"product_brand":[7125],"product_cat":[1603],"product_tag":[26],"giftcard-category":[],"class_list":{"0":"post-91679","1":"product","2":"type-product","3":"status-publish","4":"has-post-thumbnail","6":"product_brand-sakami-merchandise","7":"product_cat-demon-slayer-kimetsu-no-yaiba","8":"product_tag-pre-order","9":"pa_franchise-demon-slayer-kimetsu-no-yaiba","10":"pa_karaktar-mitsuri-kanroji","11":"pa_karaktar-muichiro-tokito","13":"first","14":"instock","15":"taxable","16":"shipping-taxable","17":"purchasable","18":"product-type-simple"},"acf":[],"yoast_head":"<!-- This site is optimized with the Yoast SEO Premium plugin v24.6 (Yoast SEO v27.4) - https:\/\/yoast.com\/product\/yoast-seo-premium-wordpress\/ -->\n<title>Demon Slayer: Kimetsu no Yaiba Mug Mitsuri &amp; Muichiro | Animefigurer.se<\/title>\n<meta name=\"robots\" content=\"index, follow, max-snippet:-1, max-image-preview:large, max-video-preview:-1\" \/>\n<link rel=\"canonical\" href=\"https:\/\/animefigurer.se\/en\/figurer\/demon-slayer-kimetsu-no-yaiba\/demon-slayer-kimetsu-no-yaiba-mug-mitsuri-muichiro\/\" \/>\n<meta property=\"og:locale\" content=\"en_GB\" \/>\n<meta property=\"og:type\" content=\"article\" \/>\n<meta property=\"og:title\" content=\"Demon Slayer: Kimetsu no Yaiba Mug Mitsuri &amp; Muichiro\" \/>\n<meta property=\"og:description\" content=\"Njut av din favoritdryck med denna stilrena mugg fr\u00e5n Demon Slayer: Kimetsu no Yaiba, tillverkad av Sakami Merchandise. Muggen pryds av ett motiv med Mitsuri Kanroji och Muichiro Tokito \u2013 tv\u00e5 minnesv\u00e4rda karakt\u00e4rer fr\u00e5n den popul\u00e4ra animeserien. Den h\u00f6gkvalitativa designen g\u00f6r muggen till ett perfekt tillskott f\u00f6r b\u00e5de fans och samlare av Demon Slayer-merchandise. Oavsett [&hellip;]\" \/>\n<meta property=\"og:url\" content=\"https:\/\/animefigurer.se\/en\/figurer\/demon-slayer-kimetsu-no-yaiba\/demon-slayer-kimetsu-no-yaiba-mug-mitsuri-muichiro\/\" \/>\n<meta property=\"og:site_name\" content=\"Animefigurer.se\" \/>\n<meta property=\"article:publisher\" content=\"https:\/\/www.facebook.com\/profile.php?id=61581826539670\" \/>\n<meta property=\"article:modified_time\" content=\"2026-03-27T18:12:42+00:00\" \/>\n<meta property=\"og:image\" content=\"https:\/\/animefigurer.se\/wp-content\/uploads\/2026\/03\/x_saka70160.jpg\" \/>\n\t<meta property=\"og:image:width\" content=\"1000\" \/>\n\t<meta property=\"og:image:height\" content=\"967\" \/>\n\t<meta property=\"og:image:type\" content=\"image\/jpeg\" \/>\n<meta name=\"twitter:card\" content=\"summary_large_image\" \/>\n<meta name=\"twitter:label1\" content=\"Estimated reading time\" \/>\n\t<meta name=\"twitter:data1\" content=\"1 minute\" \/>\n<script type=\"application\/ld+json\" class=\"yoast-schema-graph\">{\"@context\":\"https:\\\/\\\/schema.org\",\"@graph\":[{\"@type\":\"WebPage\",\"@id\":\"https:\\\/\\\/animefigurer.se\\\/figurer\\\/demon-slayer-kimetsu-no-yaiba\\\/demon-slayer-kimetsu-no-yaiba-mug-mitsuri-muichiro\\\/\",\"url\":\"https:\\\/\\\/animefigurer.se\\\/figurer\\\/demon-slayer-kimetsu-no-yaiba\\\/demon-slayer-kimetsu-no-yaiba-mug-mitsuri-muichiro\\\/\",\"name\":\"Demon Slayer: Kimetsu no Yaiba Mug Mitsuri &amp; Muichiro | Animefigurer.se\",\"isPartOf\":{\"@id\":\"https:\\\/\\\/animefigurer.se\\\/#website\"},\"primaryImageOfPage\":{\"@id\":\"https:\\\/\\\/animefigurer.se\\\/figurer\\\/demon-slayer-kimetsu-no-yaiba\\\/demon-slayer-kimetsu-no-yaiba-mug-mitsuri-muichiro\\\/#primaryimage\"},\"image\":{\"@id\":\"https:\\\/\\\/animefigurer.se\\\/figurer\\\/demon-slayer-kimetsu-no-yaiba\\\/demon-slayer-kimetsu-no-yaiba-mug-mitsuri-muichiro\\\/#primaryimage\"},\"thumbnailUrl\":\"https:\\\/\\\/animefigurer.se\\\/wp-content\\\/uploads\\\/2026\\\/03\\\/x_saka70160.jpg\",\"datePublished\":\"2026-03-08T09:30:57+00:00\",\"dateModified\":\"2026-03-27T18:12:42+00:00\",\"breadcrumb\":{\"@id\":\"https:\\\/\\\/animefigurer.se\\\/figurer\\\/demon-slayer-kimetsu-no-yaiba\\\/demon-slayer-kimetsu-no-yaiba-mug-mitsuri-muichiro\\\/#breadcrumb\"},\"inLanguage\":\"en-GB\",\"potentialAction\":[{\"@type\":\"ReadAction\",\"target\":[\"https:\\\/\\\/animefigurer.se\\\/figurer\\\/demon-slayer-kimetsu-no-yaiba\\\/demon-slayer-kimetsu-no-yaiba-mug-mitsuri-muichiro\\\/\"]}]},{\"@type\":\"ImageObject\",\"inLanguage\":\"en-GB\",\"@id\":\"https:\\\/\\\/animefigurer.se\\\/figurer\\\/demon-slayer-kimetsu-no-yaiba\\\/demon-slayer-kimetsu-no-yaiba-mug-mitsuri-muichiro\\\/#primaryimage\",\"url\":\"https:\\\/\\\/animefigurer.se\\\/wp-content\\\/uploads\\\/2026\\\/03\\\/x_saka70160.jpg\",\"contentUrl\":\"https:\\\/\\\/animefigurer.se\\\/wp-content\\\/uploads\\\/2026\\\/03\\\/x_saka70160.jpg\",\"width\":1000,\"height\":967,\"caption\":\"Demon Slayer: Kimetsu no Yaiba Mug Mitsuri & Muichiro\"},{\"@type\":\"BreadcrumbList\",\"@id\":\"https:\\\/\\\/animefigurer.se\\\/figurer\\\/demon-slayer-kimetsu-no-yaiba\\\/demon-slayer-kimetsu-no-yaiba-mug-mitsuri-muichiro\\\/#breadcrumb\",\"itemListElement\":[{\"@type\":\"ListItem\",\"position\":1,\"name\":\"Home\",\"item\":\"https:\\\/\\\/animefigurer.se\\\/\"},{\"@type\":\"ListItem\",\"position\":2,\"name\":\"Butik\",\"item\":\"https:\\\/\\\/animefigurer.se\\\/figurer\\\/\"},{\"@type\":\"ListItem\",\"position\":3,\"name\":\"Demon Slayer: Kimetsu no Yaiba Mug Mitsuri &amp; Muichiro\"}]},{\"@type\":\"WebSite\",\"@id\":\"https:\\\/\\\/animefigurer.se\\\/#website\",\"url\":\"https:\\\/\\\/animefigurer.se\\\/\",\"name\":\"Animefigurer.se\",\"description\":\"Anime figurer fr\u00e5n \u00f6ver 300 olika anime serier med \u00f6ver 9000 produkter | Anime Shop\",\"publisher\":{\"@id\":\"https:\\\/\\\/animefigurer.se\\\/#organization\"},\"potentialAction\":[{\"@type\":\"SearchAction\",\"target\":{\"@type\":\"EntryPoint\",\"urlTemplate\":\"https:\\\/\\\/animefigurer.se\\\/?s={search_term_string}\"},\"query-input\":{\"@type\":\"PropertyValueSpecification\",\"valueRequired\":true,\"valueName\":\"search_term_string\"}}],\"inLanguage\":\"en-GB\"},{\"@type\":\"Organization\",\"@id\":\"https:\\\/\\\/animefigurer.se\\\/#organization\",\"name\":\"Animefigurer.se\",\"alternateName\":\"Anime figurer | Anime shop\",\"url\":\"https:\\\/\\\/animefigurer.se\\\/\",\"logo\":{\"@type\":\"ImageObject\",\"inLanguage\":\"en-GB\",\"@id\":\"https:\\\/\\\/animefigurer.se\\\/#\\\/schema\\\/logo\\\/image\\\/\",\"url\":\"https:\\\/\\\/animefigurer.se\\\/wp-content\\\/uploads\\\/2025\\\/12\\\/Animefigurer_logowhite.png\",\"contentUrl\":\"https:\\\/\\\/animefigurer.se\\\/wp-content\\\/uploads\\\/2025\\\/12\\\/Animefigurer_logowhite.png\",\"width\":1890,\"height\":1417,\"caption\":\"Animefigurer.se\"},\"image\":{\"@id\":\"https:\\\/\\\/animefigurer.se\\\/#\\\/schema\\\/logo\\\/image\\\/\"},\"sameAs\":[\"https:\\\/\\\/www.facebook.com\\\/profile.php?id=61581826539670\",\"https:\\\/\\\/www.instagram.com\\\/animefigurer.se\\\/\"],\"email\":\"info@animefigurer.se\"}]}<\/script>\n<!-- \/ Yoast SEO Premium plugin. -->","yoast_head_json":{"title":"Demon Slayer: Kimetsu no Yaiba Mug Mitsuri &amp; Muichiro | Animefigurer.se","robots":{"index":"index","follow":"follow","max-snippet":"max-snippet:-1","max-image-preview":"max-image-preview:large","max-video-preview":"max-video-preview:-1"},"canonical":"https:\/\/animefigurer.se\/en\/figurer\/demon-slayer-kimetsu-no-yaiba\/demon-slayer-kimetsu-no-yaiba-mug-mitsuri-muichiro\/","og_locale":"en_GB","og_type":"article","og_title":"Demon Slayer: Kimetsu no Yaiba Mug Mitsuri &amp; Muichiro","og_description":"Njut av din favoritdryck med denna stilrena mugg fr\u00e5n Demon Slayer: Kimetsu no Yaiba, tillverkad av Sakami Merchandise. Muggen pryds av ett motiv med Mitsuri Kanroji och Muichiro Tokito \u2013 tv\u00e5 minnesv\u00e4rda karakt\u00e4rer fr\u00e5n den popul\u00e4ra animeserien. Den h\u00f6gkvalitativa designen g\u00f6r muggen till ett perfekt tillskott f\u00f6r b\u00e5de fans och samlare av Demon Slayer-merchandise. Oavsett [&hellip;]","og_url":"https:\/\/animefigurer.se\/en\/figurer\/demon-slayer-kimetsu-no-yaiba\/demon-slayer-kimetsu-no-yaiba-mug-mitsuri-muichiro\/","og_site_name":"Animefigurer.se","article_publisher":"https:\/\/www.facebook.com\/profile.php?id=61581826539670","article_modified_time":"2026-03-27T18:12:42+00:00","og_image":[{"width":1000,"height":967,"url":"https:\/\/animefigurer.se\/wp-content\/uploads\/2026\/03\/x_saka70160.jpg","type":"image\/jpeg"}],"twitter_card":"summary_large_image","twitter_misc":{"Estimated reading time":"1 minute"},"schema":{"@context":"https:\/\/schema.org","@graph":[{"@type":"WebPage","@id":"https:\/\/animefigurer.se\/figurer\/demon-slayer-kimetsu-no-yaiba\/demon-slayer-kimetsu-no-yaiba-mug-mitsuri-muichiro\/","url":"https:\/\/animefigurer.se\/figurer\/demon-slayer-kimetsu-no-yaiba\/demon-slayer-kimetsu-no-yaiba-mug-mitsuri-muichiro\/","name":"Demon Slayer: Kimetsu no Yaiba Mug Mitsuri &amp; Muichiro | Animefigurer.se","isPartOf":{"@id":"https:\/\/animefigurer.se\/#website"},"primaryImageOfPage":{"@id":"https:\/\/animefigurer.se\/figurer\/demon-slayer-kimetsu-no-yaiba\/demon-slayer-kimetsu-no-yaiba-mug-mitsuri-muichiro\/#primaryimage"},"image":{"@id":"https:\/\/animefigurer.se\/figurer\/demon-slayer-kimetsu-no-yaiba\/demon-slayer-kimetsu-no-yaiba-mug-mitsuri-muichiro\/#primaryimage"},"thumbnailUrl":"https:\/\/animefigurer.se\/wp-content\/uploads\/2026\/03\/x_saka70160.jpg","datePublished":"2026-03-08T09:30:57+00:00","dateModified":"2026-03-27T18:12:42+00:00","breadcrumb":{"@id":"https:\/\/animefigurer.se\/figurer\/demon-slayer-kimetsu-no-yaiba\/demon-slayer-kimetsu-no-yaiba-mug-mitsuri-muichiro\/#breadcrumb"},"inLanguage":"en-GB","potentialAction":[{"@type":"ReadAction","target":["https:\/\/animefigurer.se\/figurer\/demon-slayer-kimetsu-no-yaiba\/demon-slayer-kimetsu-no-yaiba-mug-mitsuri-muichiro\/"]}]},{"@type":"ImageObject","inLanguage":"en-GB","@id":"https:\/\/animefigurer.se\/figurer\/demon-slayer-kimetsu-no-yaiba\/demon-slayer-kimetsu-no-yaiba-mug-mitsuri-muichiro\/#primaryimage","url":"https:\/\/animefigurer.se\/wp-content\/uploads\/2026\/03\/x_saka70160.jpg","contentUrl":"https:\/\/animefigurer.se\/wp-content\/uploads\/2026\/03\/x_saka70160.jpg","width":1000,"height":967,"caption":"Demon Slayer: Kimetsu no Yaiba Mug Mitsuri & Muichiro"},{"@type":"BreadcrumbList","@id":"https:\/\/animefigurer.se\/figurer\/demon-slayer-kimetsu-no-yaiba\/demon-slayer-kimetsu-no-yaiba-mug-mitsuri-muichiro\/#breadcrumb","itemListElement":[{"@type":"ListItem","position":1,"name":"Home","item":"https:\/\/animefigurer.se\/"},{"@type":"ListItem","position":2,"name":"Butik","item":"https:\/\/animefigurer.se\/figurer\/"},{"@type":"ListItem","position":3,"name":"Demon Slayer: Kimetsu no Yaiba Mug Mitsuri &amp; Muichiro"}]},{"@type":"WebSite","@id":"https:\/\/animefigurer.se\/#website","url":"https:\/\/animefigurer.se\/","name":"Animefigurer.se","description":"Anime figures from over 300 different anime series with over 9000 products | Anime Shop","publisher":{"@id":"https:\/\/animefigurer.se\/#organization"},"potentialAction":[{"@type":"SearchAction","target":{"@type":"EntryPoint","urlTemplate":"https:\/\/animefigurer.se\/?s={search_term_string}"},"query-input":{"@type":"PropertyValueSpecification","valueRequired":true,"valueName":"search_term_string"}}],"inLanguage":"en-GB"},{"@type":"Organization","@id":"https:\/\/animefigurer.se\/#organization","name":"Animefigurer.se","alternateName":"Anime figurer | Anime shop","url":"https:\/\/animefigurer.se\/","logo":{"@type":"ImageObject","inLanguage":"en-GB","@id":"https:\/\/animefigurer.se\/#\/schema\/logo\/image\/","url":"https:\/\/animefigurer.se\/wp-content\/uploads\/2025\/12\/Animefigurer_logowhite.png","contentUrl":"https:\/\/animefigurer.se\/wp-content\/uploads\/2025\/12\/Animefigurer_logowhite.png","width":1890,"height":1417,"caption":"Animefigurer.se"},"image":{"@id":"https:\/\/animefigurer.se\/#\/schema\/logo\/image\/"},"sameAs":["https:\/\/www.facebook.com\/profile.php?id=61581826539670","https:\/\/www.instagram.com\/animefigurer.se\/"],"email":"info@animefigurer.se"}]}},"_links":{"self":[{"href":"https:\/\/animefigurer.se\/en\/wp-json\/wp\/v2\/product\/91679","targetHints":{"allow":["GET"]}}],"collection":[{"href":"https:\/\/animefigurer.se\/en\/wp-json\/wp\/v2\/product"}],"about":[{"href":"https:\/\/animefigurer.se\/en\/wp-json\/wp\/v2\/types\/product"}],"replies":[{"embeddable":true,"href":"https:\/\/animefigurer.se\/en\/wp-json\/wp\/v2\/comments?post=91679"}],"wp:featuredmedia":[{"embeddable":true,"href":"https:\/\/animefigurer.se\/en\/wp-json\/wp\/v2\/media\/91680"}],"wp:attachment":[{"href":"https:\/\/animefigurer.se\/en\/wp-json\/wp\/v2\/media?parent=91679"}],"wp:term":[{"taxonomy":"product_brand","embeddable":true,"href":"https:\/\/animefigurer.se\/en\/wp-json\/wp\/v2\/product_brand?post=91679"},{"taxonomy":"product_cat","embeddable":true,"href":"https:\/\/animefigurer.se\/en\/wp-json\/wp\/v2\/product_cat?post=91679"},{"taxonomy":"product_tag","embeddable":true,"href":"https:\/\/animefigurer.se\/en\/wp-json\/wp\/v2\/product_tag?post=91679"},{"taxonomy":"giftcard-category","embeddable":true,"href":"https:\/\/animefigurer.se\/en\/wp-json\/wp\/v2\/giftcard-category?post=91679"}],"curies":[{"name":"wp","href":"https:\/\/api.w.org\/{rel}","templated":true}]}}