{"id":9147,"date":"2025-10-20T16:52:52","date_gmt":"2025-10-20T14:52:52","guid":{"rendered":"https:\/\/animefigurer.se\/produkt\/bendy-and-the-dark-revival-nightlight-bendy-night-light\/"},"modified":"2025-12-21T19:25:16","modified_gmt":"2025-12-21T18:25:16","slug":"bendy-and-the-dark-revival-nightlight-bendy-night-light","status":"publish","type":"product","link":"https:\/\/animefigurer.se\/en\/figurer\/bendy-and-the-dark-revival\/bendy-and-the-dark-revival-nightlight-bendy-night-light\/","title":{"rendered":"Bendy and the Dark Revival Nightlight Bendy Night Light"},"content":{"rendered":"<p>You never know what inky monster lurks in the dark, but the Bendy Night Light is here to light it up! Sculpted by Youtooz animators to capture his character, Bendy sits with his knees to his chest and arms resting at his sides, with that ever-happy smile and rounded, two-peaked head.<\/p>\n<p>The night light is approximately 6.4 inches tall (about 16 cm) and fits perfectly on your nightstand or desk. Powered by 2 x AAA batteries \u2014 flip the switch for a warm, cozy glow that follows you through the night.<\/p>","protected":false},"excerpt":{"rendered":"<p>You never know what inky monster lurks in the dark, but the Bendy Night Light is here to light it up! Sculpted by Youtooz animators to capture his character, Bendy sits with his knees to his chest and arms resting at his sides, with that ever-happy smile and rounded, two-peaked head.<\/p>","protected":false},"featured_media":9148,"comment_status":"closed","ping_status":"open","template":"","meta":{"_acf_changed":false,"_monsterinsights_skip_tracking":false,"_monsterinsights_sitenote_active":false,"_monsterinsights_sitenote_note":"","_monsterinsights_sitenote_category":0},"product_brand":[7189],"product_cat":[878],"product_tag":[24],"giftcard-category":[],"class_list":{"0":"post-9147","1":"product","2":"type-product","3":"status-publish","4":"has-post-thumbnail","6":"product_brand-youtooz","7":"product_cat-bendy-and-the-dark-revival","8":"product_tag-2-3-weeks","9":"pa_franchise-bendy-and-the-dark-revival","10":"pa_karaktar-bendy","11":"pa_material-plastic","12":"pa_storlek-17-cm","14":"first","15":"instock","16":"taxable","17":"shipping-taxable","18":"purchasable","19":"product-type-simple"},"acf":[],"yoast_head":"<!-- This site is optimized with the Yoast SEO Premium plugin v24.6 (Yoast SEO v27.3) - https:\/\/yoast.com\/product\/yoast-seo-premium-wordpress\/ -->\n<title>Bendy and the Dark Revival Nightlight Bendy Night Light | Animefigurer.se<\/title>\n<meta name=\"robots\" content=\"index, follow, max-snippet:-1, max-image-preview:large, max-video-preview:-1\" \/>\n<link rel=\"canonical\" href=\"https:\/\/animefigurer.se\/en\/figurer\/bendy-and-the-dark-revival\/bendy-and-the-dark-revival-nightlight-bendy-night-light\/\" \/>\n<meta property=\"og:locale\" content=\"en_GB\" \/>\n<meta property=\"og:type\" content=\"article\" \/>\n<meta property=\"og:title\" content=\"Bendy and the Dark Revival Nightlight Bendy Night Light\" \/>\n<meta property=\"og:description\" content=\"Du vet aldrig vilket bl\u00e4ckigt monster som lurar i m\u00f6rkret, men Bendy nattlampa \u00e4r h\u00e4r f\u00f6r att lysa upp det! Skulpterad av Youtooz-animat\u00f6rer f\u00f6r att f\u00e5nga hans karakt\u00e4r, sitter Bendy med kn\u00e4na till br\u00f6stet och armarna vilande vid sidorna, med det st\u00e4ndigt glada leendet och det rundade, tv\u00e5toppiga hu\" \/>\n<meta property=\"og:url\" content=\"https:\/\/animefigurer.se\/en\/figurer\/bendy-and-the-dark-revival\/bendy-and-the-dark-revival-nightlight-bendy-night-light\/\" \/>\n<meta property=\"og:site_name\" content=\"Animefigurer.se\" \/>\n<meta property=\"article:publisher\" content=\"https:\/\/www.facebook.com\/profile.php?id=61581826539670\" \/>\n<meta property=\"article:modified_time\" content=\"2025-12-21T18:25:16+00:00\" \/>\n<meta property=\"og:image\" content=\"https:\/\/animefigurer.se\/wp-content\/uploads\/2025\/12\/Animefigurer_logowhite.png\" \/>\n\t<meta property=\"og:image:width\" content=\"1890\" \/>\n\t<meta property=\"og:image:height\" content=\"1417\" \/>\n\t<meta property=\"og:image:type\" content=\"image\/png\" \/>\n<meta name=\"twitter:card\" content=\"summary_large_image\" \/>\n<script type=\"application\/ld+json\" class=\"yoast-schema-graph\">{\"@context\":\"https:\\\/\\\/schema.org\",\"@graph\":[{\"@type\":\"WebPage\",\"@id\":\"https:\\\/\\\/animefigurer.se\\\/figurer\\\/bendy-and-the-dark-revival\\\/bendy-and-the-dark-revival-nightlight-bendy-night-light\\\/\",\"url\":\"https:\\\/\\\/animefigurer.se\\\/figurer\\\/bendy-and-the-dark-revival\\\/bendy-and-the-dark-revival-nightlight-bendy-night-light\\\/\",\"name\":\"Bendy and the Dark Revival Nightlight Bendy Night Light | Animefigurer.se\",\"isPartOf\":{\"@id\":\"https:\\\/\\\/animefigurer.se\\\/#website\"},\"primaryImageOfPage\":{\"@id\":\"https:\\\/\\\/animefigurer.se\\\/figurer\\\/bendy-and-the-dark-revival\\\/bendy-and-the-dark-revival-nightlight-bendy-night-light\\\/#primaryimage\"},\"image\":{\"@id\":\"https:\\\/\\\/animefigurer.se\\\/figurer\\\/bendy-and-the-dark-revival\\\/bendy-and-the-dark-revival-nightlight-bendy-night-light\\\/#primaryimage\"},\"thumbnailUrl\":\"https:\\\/\\\/animefigurer.se\\\/wp-content\\\/uploads\\\/2025\\\/10\\\/6765f89815bf2.jpeg\",\"datePublished\":\"2025-10-20T14:52:52+00:00\",\"dateModified\":\"2025-12-21T18:25:16+00:00\",\"breadcrumb\":{\"@id\":\"https:\\\/\\\/animefigurer.se\\\/figurer\\\/bendy-and-the-dark-revival\\\/bendy-and-the-dark-revival-nightlight-bendy-night-light\\\/#breadcrumb\"},\"inLanguage\":\"en-GB\",\"potentialAction\":[{\"@type\":\"ReadAction\",\"target\":[\"https:\\\/\\\/animefigurer.se\\\/figurer\\\/bendy-and-the-dark-revival\\\/bendy-and-the-dark-revival-nightlight-bendy-night-light\\\/\"]}]},{\"@type\":\"ImageObject\",\"inLanguage\":\"en-GB\",\"@id\":\"https:\\\/\\\/animefigurer.se\\\/figurer\\\/bendy-and-the-dark-revival\\\/bendy-and-the-dark-revival-nightlight-bendy-night-light\\\/#primaryimage\",\"url\":\"https:\\\/\\\/animefigurer.se\\\/wp-content\\\/uploads\\\/2025\\\/10\\\/6765f89815bf2.jpeg\",\"contentUrl\":\"https:\\\/\\\/animefigurer.se\\\/wp-content\\\/uploads\\\/2025\\\/10\\\/6765f89815bf2.jpeg\",\"width\":1000,\"height\":1000},{\"@type\":\"BreadcrumbList\",\"@id\":\"https:\\\/\\\/animefigurer.se\\\/figurer\\\/bendy-and-the-dark-revival\\\/bendy-and-the-dark-revival-nightlight-bendy-night-light\\\/#breadcrumb\",\"itemListElement\":[{\"@type\":\"ListItem\",\"position\":1,\"name\":\"Home\",\"item\":\"https:\\\/\\\/animefigurer.se\\\/\"},{\"@type\":\"ListItem\",\"position\":2,\"name\":\"Butik\",\"item\":\"https:\\\/\\\/animefigurer.se\\\/figurer\\\/\"},{\"@type\":\"ListItem\",\"position\":3,\"name\":\"Bendy and the Dark Revival Nightlight Bendy Night Light\"}]},{\"@type\":\"WebSite\",\"@id\":\"https:\\\/\\\/animefigurer.se\\\/#website\",\"url\":\"https:\\\/\\\/animefigurer.se\\\/\",\"name\":\"Animefigurer.se\",\"description\":\"Anime figurer fr\u00e5n \u00f6ver 300 olika anime serier med \u00f6ver 9000 produkter | Anime Shop\",\"publisher\":{\"@id\":\"https:\\\/\\\/animefigurer.se\\\/#organization\"},\"potentialAction\":[{\"@type\":\"SearchAction\",\"target\":{\"@type\":\"EntryPoint\",\"urlTemplate\":\"https:\\\/\\\/animefigurer.se\\\/?s={search_term_string}\"},\"query-input\":{\"@type\":\"PropertyValueSpecification\",\"valueRequired\":true,\"valueName\":\"search_term_string\"}}],\"inLanguage\":\"en-GB\"},{\"@type\":\"Organization\",\"@id\":\"https:\\\/\\\/animefigurer.se\\\/#organization\",\"name\":\"Animefigurer.se\",\"alternateName\":\"Anime figurer | Anime shop\",\"url\":\"https:\\\/\\\/animefigurer.se\\\/\",\"logo\":{\"@type\":\"ImageObject\",\"inLanguage\":\"en-GB\",\"@id\":\"https:\\\/\\\/animefigurer.se\\\/#\\\/schema\\\/logo\\\/image\\\/\",\"url\":\"https:\\\/\\\/animefigurer.se\\\/wp-content\\\/uploads\\\/2025\\\/12\\\/Animefigurer_logowhite.png\",\"contentUrl\":\"https:\\\/\\\/animefigurer.se\\\/wp-content\\\/uploads\\\/2025\\\/12\\\/Animefigurer_logowhite.png\",\"width\":1890,\"height\":1417,\"caption\":\"Animefigurer.se\"},\"image\":{\"@id\":\"https:\\\/\\\/animefigurer.se\\\/#\\\/schema\\\/logo\\\/image\\\/\"},\"sameAs\":[\"https:\\\/\\\/www.facebook.com\\\/profile.php?id=61581826539670\",\"https:\\\/\\\/www.instagram.com\\\/animefigurer.se\\\/\"],\"email\":\"info@animefigurer.se\"}]}<\/script>\n<!-- \/ Yoast SEO Premium plugin. -->","yoast_head_json":{"title":"Bendy and the Dark Revival Nightlight Bendy Night Light | Animefigurer.se","robots":{"index":"index","follow":"follow","max-snippet":"max-snippet:-1","max-image-preview":"max-image-preview:large","max-video-preview":"max-video-preview:-1"},"canonical":"https:\/\/animefigurer.se\/en\/figurer\/bendy-and-the-dark-revival\/bendy-and-the-dark-revival-nightlight-bendy-night-light\/","og_locale":"en_GB","og_type":"article","og_title":"Bendy and the Dark Revival Nightlight Bendy Night Light","og_description":"Du vet aldrig vilket bl\u00e4ckigt monster som lurar i m\u00f6rkret, men Bendy nattlampa \u00e4r h\u00e4r f\u00f6r att lysa upp det! Skulpterad av Youtooz-animat\u00f6rer f\u00f6r att f\u00e5nga hans karakt\u00e4r, sitter Bendy med kn\u00e4na till br\u00f6stet och armarna vilande vid sidorna, med det st\u00e4ndigt glada leendet och det rundade, tv\u00e5toppiga hu","og_url":"https:\/\/animefigurer.se\/en\/figurer\/bendy-and-the-dark-revival\/bendy-and-the-dark-revival-nightlight-bendy-night-light\/","og_site_name":"Animefigurer.se","article_publisher":"https:\/\/www.facebook.com\/profile.php?id=61581826539670","article_modified_time":"2025-12-21T18:25:16+00:00","og_image":[{"width":1890,"height":1417,"url":"https:\/\/animefigurer.se\/wp-content\/uploads\/2025\/12\/Animefigurer_logowhite.png","type":"image\/png"}],"twitter_card":"summary_large_image","schema":{"@context":"https:\/\/schema.org","@graph":[{"@type":"WebPage","@id":"https:\/\/animefigurer.se\/figurer\/bendy-and-the-dark-revival\/bendy-and-the-dark-revival-nightlight-bendy-night-light\/","url":"https:\/\/animefigurer.se\/figurer\/bendy-and-the-dark-revival\/bendy-and-the-dark-revival-nightlight-bendy-night-light\/","name":"Bendy and the Dark Revival Nightlight Bendy Night Light | Animefigurer.se","isPartOf":{"@id":"https:\/\/animefigurer.se\/#website"},"primaryImageOfPage":{"@id":"https:\/\/animefigurer.se\/figurer\/bendy-and-the-dark-revival\/bendy-and-the-dark-revival-nightlight-bendy-night-light\/#primaryimage"},"image":{"@id":"https:\/\/animefigurer.se\/figurer\/bendy-and-the-dark-revival\/bendy-and-the-dark-revival-nightlight-bendy-night-light\/#primaryimage"},"thumbnailUrl":"https:\/\/animefigurer.se\/wp-content\/uploads\/2025\/10\/6765f89815bf2.jpeg","datePublished":"2025-10-20T14:52:52+00:00","dateModified":"2025-12-21T18:25:16+00:00","breadcrumb":{"@id":"https:\/\/animefigurer.se\/figurer\/bendy-and-the-dark-revival\/bendy-and-the-dark-revival-nightlight-bendy-night-light\/#breadcrumb"},"inLanguage":"en-GB","potentialAction":[{"@type":"ReadAction","target":["https:\/\/animefigurer.se\/figurer\/bendy-and-the-dark-revival\/bendy-and-the-dark-revival-nightlight-bendy-night-light\/"]}]},{"@type":"ImageObject","inLanguage":"en-GB","@id":"https:\/\/animefigurer.se\/figurer\/bendy-and-the-dark-revival\/bendy-and-the-dark-revival-nightlight-bendy-night-light\/#primaryimage","url":"https:\/\/animefigurer.se\/wp-content\/uploads\/2025\/10\/6765f89815bf2.jpeg","contentUrl":"https:\/\/animefigurer.se\/wp-content\/uploads\/2025\/10\/6765f89815bf2.jpeg","width":1000,"height":1000},{"@type":"BreadcrumbList","@id":"https:\/\/animefigurer.se\/figurer\/bendy-and-the-dark-revival\/bendy-and-the-dark-revival-nightlight-bendy-night-light\/#breadcrumb","itemListElement":[{"@type":"ListItem","position":1,"name":"Home","item":"https:\/\/animefigurer.se\/"},{"@type":"ListItem","position":2,"name":"Butik","item":"https:\/\/animefigurer.se\/figurer\/"},{"@type":"ListItem","position":3,"name":"Bendy and the Dark Revival Nightlight Bendy Night Light"}]},{"@type":"WebSite","@id":"https:\/\/animefigurer.se\/#website","url":"https:\/\/animefigurer.se\/","name":"Animefigurer.se","description":"Anime figures from over 300 different anime series with over 9000 products | Anime Shop","publisher":{"@id":"https:\/\/animefigurer.se\/#organization"},"potentialAction":[{"@type":"SearchAction","target":{"@type":"EntryPoint","urlTemplate":"https:\/\/animefigurer.se\/?s={search_term_string}"},"query-input":{"@type":"PropertyValueSpecification","valueRequired":true,"valueName":"search_term_string"}}],"inLanguage":"en-GB"},{"@type":"Organization","@id":"https:\/\/animefigurer.se\/#organization","name":"Animefigurer.se","alternateName":"Anime figurer | Anime shop","url":"https:\/\/animefigurer.se\/","logo":{"@type":"ImageObject","inLanguage":"en-GB","@id":"https:\/\/animefigurer.se\/#\/schema\/logo\/image\/","url":"https:\/\/animefigurer.se\/wp-content\/uploads\/2025\/12\/Animefigurer_logowhite.png","contentUrl":"https:\/\/animefigurer.se\/wp-content\/uploads\/2025\/12\/Animefigurer_logowhite.png","width":1890,"height":1417,"caption":"Animefigurer.se"},"image":{"@id":"https:\/\/animefigurer.se\/#\/schema\/logo\/image\/"},"sameAs":["https:\/\/www.facebook.com\/profile.php?id=61581826539670","https:\/\/www.instagram.com\/animefigurer.se\/"],"email":"info@animefigurer.se"}]}},"_links":{"self":[{"href":"https:\/\/animefigurer.se\/en\/wp-json\/wp\/v2\/product\/9147","targetHints":{"allow":["GET"]}}],"collection":[{"href":"https:\/\/animefigurer.se\/en\/wp-json\/wp\/v2\/product"}],"about":[{"href":"https:\/\/animefigurer.se\/en\/wp-json\/wp\/v2\/types\/product"}],"replies":[{"embeddable":true,"href":"https:\/\/animefigurer.se\/en\/wp-json\/wp\/v2\/comments?post=9147"}],"wp:featuredmedia":[{"embeddable":true,"href":"https:\/\/animefigurer.se\/en\/wp-json\/wp\/v2\/media\/9148"}],"wp:attachment":[{"href":"https:\/\/animefigurer.se\/en\/wp-json\/wp\/v2\/media?parent=9147"}],"wp:term":[{"taxonomy":"product_brand","embeddable":true,"href":"https:\/\/animefigurer.se\/en\/wp-json\/wp\/v2\/product_brand?post=9147"},{"taxonomy":"product_cat","embeddable":true,"href":"https:\/\/animefigurer.se\/en\/wp-json\/wp\/v2\/product_cat?post=9147"},{"taxonomy":"product_tag","embeddable":true,"href":"https:\/\/animefigurer.se\/en\/wp-json\/wp\/v2\/product_tag?post=9147"},{"taxonomy":"giftcard-category","embeddable":true,"href":"https:\/\/animefigurer.se\/en\/wp-json\/wp\/v2\/giftcard-category?post=9147"}],"curies":[{"name":"wp","href":"https:\/\/api.w.org\/{rel}","templated":true}]}}