{"id":91338,"date":"2026-03-07T14:20:46","date_gmt":"2026-03-07T13:20:46","guid":{"rendered":"https:\/\/animefigurer.se\/?post_type=product&#038;p=91338"},"modified":"2026-03-07T14:20:46","modified_gmt":"2026-03-07T13:20:46","slug":"lookup-one-piece-nico-robin-figure","status":"publish","type":"product","link":"https:\/\/animefigurer.se\/en\/figurer\/one-piece\/lookup-one-piece-nico-robin-figure\/","title":{"rendered":"Lookup One Piece Nico Robin (Figure)"},"content":{"rendered":"<p data-start=\"13\" data-end=\"374\">From the legendary anime series <em data-start=\"47\" data-end=\"58\">One Piece<\/em> This charming collector&#039;s figure comes from <strong data-start=\"96\" data-end=\"110\">Nico Robin<\/strong> from MegaHouse popular <strong data-start=\"135\" data-end=\"151\">Lookup series<\/strong>. The figure shows Robin in a cute sitting pose with his gaze directed upwards \u2013 a hallmark of the series that makes the figure seem to meet your gaze when placed on a desk or shelf.<\/p>\n<p data-start=\"376\" data-end=\"667\">The Lookup series, whose name comes from the expression \u201clook up,\u201d is known for its seated figures in an upward-looking pose. This design makes the figures feel more alive and creates more eye contact when displayed on lower surfaces such as desks or shelves.<\/p>\n<p data-start=\"669\" data-end=\"901\">The figure stands approximately 11cm tall and captures Nico Robin&#039;s elegant style in a compact and expressive design. A perfect addition for fans of <em data-start=\"805\" data-end=\"816\">One Piece<\/em> and collectors who want to complement their collection with a charming and characterful figure.<\/p>","protected":false},"excerpt":{"rendered":"<p>Fr\u00e5n den legendariska animeserien One Piece kommer denna charmiga samlarfigur av Nico Robin fr\u00e5n MegaHouse popul\u00e4ra Lookup-serie. Figuren visar Robin i en s\u00f6t sittande pose med blicken riktad upp\u00e5t \u2013 ett k\u00e4nnetecken f\u00f6r serien som g\u00f6r att figuren verkar m\u00f6ta din blick n\u00e4r den placeras p\u00e5 skrivbord eller hylla. Lookup-serien, vars namn kommer fr\u00e5n uttrycket [&hellip;]<\/p>\n","protected":false},"featured_media":91339,"comment_status":"open","ping_status":"closed","template":"","meta":{"_acf_changed":false,"_monsterinsights_skip_tracking":false,"_monsterinsights_sitenote_active":false,"_monsterinsights_sitenote_note":"","_monsterinsights_sitenote_category":0},"product_brand":[7061],"product_cat":[18],"product_tag":[26],"giftcard-category":[],"class_list":{"0":"post-91338","1":"product","2":"type-product","3":"status-publish","4":"has-post-thumbnail","6":"product_brand-megahouse","7":"product_cat-one-piece","8":"product_tag-pre-order","9":"pa_franchise-one-piece","10":"pa_karaktar-nico-robin","11":"pa_produktserie-look-up-series","12":"pa_storlek-11-cm","14":"first","15":"instock","16":"taxable","17":"shipping-taxable","18":"purchasable","19":"product-type-simple"},"acf":[],"yoast_head":"<!-- This site is optimized with the Yoast SEO Premium plugin v24.6 (Yoast SEO v27.4) - https:\/\/yoast.com\/product\/yoast-seo-premium-wordpress\/ -->\n<title>Lookup One Piece Nico Robin (Figure) | Animefigurer.se<\/title>\n<meta name=\"robots\" content=\"index, follow, max-snippet:-1, max-image-preview:large, max-video-preview:-1\" \/>\n<link rel=\"canonical\" href=\"https:\/\/animefigurer.se\/en\/figurer\/one-piece\/lookup-one-piece-nico-robin-figure\/\" \/>\n<meta property=\"og:locale\" content=\"en_GB\" \/>\n<meta property=\"og:type\" content=\"article\" \/>\n<meta property=\"og:title\" content=\"Lookup One Piece Nico Robin (Figure)\" \/>\n<meta property=\"og:description\" content=\"Fr\u00e5n den legendariska animeserien One Piece kommer denna charmiga samlarfigur av Nico Robin fr\u00e5n MegaHouse popul\u00e4ra Lookup-serie. Figuren visar Robin i en s\u00f6t sittande pose med blicken riktad upp\u00e5t \u2013 ett k\u00e4nnetecken f\u00f6r serien som g\u00f6r att figuren verkar m\u00f6ta din blick n\u00e4r den placeras p\u00e5 skrivbord eller hylla. Lookup-serien, vars namn kommer fr\u00e5n uttrycket [&hellip;]\" \/>\n<meta property=\"og:url\" content=\"https:\/\/animefigurer.se\/en\/figurer\/one-piece\/lookup-one-piece-nico-robin-figure\/\" \/>\n<meta property=\"og:site_name\" content=\"Animefigurer.se\" \/>\n<meta property=\"article:publisher\" content=\"https:\/\/www.facebook.com\/profile.php?id=61581826539670\" \/>\n<meta property=\"og:image\" content=\"https:\/\/animefigurer.se\/wp-content\/uploads\/2026\/03\/11349082a2.webp\" \/>\n\t<meta property=\"og:image:width\" content=\"600\" \/>\n\t<meta property=\"og:image:height\" content=\"600\" \/>\n\t<meta property=\"og:image:type\" content=\"image\/webp\" \/>\n<meta name=\"twitter:card\" content=\"summary_large_image\" \/>\n<meta name=\"twitter:label1\" content=\"Estimated reading time\" \/>\n\t<meta name=\"twitter:data1\" content=\"1 minute\" \/>\n<script type=\"application\/ld+json\" class=\"yoast-schema-graph\">{\"@context\":\"https:\\\/\\\/schema.org\",\"@graph\":[{\"@type\":\"WebPage\",\"@id\":\"https:\\\/\\\/animefigurer.se\\\/figurer\\\/one-piece\\\/lookup-one-piece-nico-robin-figure\\\/\",\"url\":\"https:\\\/\\\/animefigurer.se\\\/figurer\\\/one-piece\\\/lookup-one-piece-nico-robin-figure\\\/\",\"name\":\"Lookup One Piece Nico Robin (Figure) | Animefigurer.se\",\"isPartOf\":{\"@id\":\"https:\\\/\\\/animefigurer.se\\\/#website\"},\"primaryImageOfPage\":{\"@id\":\"https:\\\/\\\/animefigurer.se\\\/figurer\\\/one-piece\\\/lookup-one-piece-nico-robin-figure\\\/#primaryimage\"},\"image\":{\"@id\":\"https:\\\/\\\/animefigurer.se\\\/figurer\\\/one-piece\\\/lookup-one-piece-nico-robin-figure\\\/#primaryimage\"},\"thumbnailUrl\":\"https:\\\/\\\/animefigurer.se\\\/wp-content\\\/uploads\\\/2026\\\/03\\\/11349082a2.webp\",\"datePublished\":\"2026-03-07T13:20:46+00:00\",\"breadcrumb\":{\"@id\":\"https:\\\/\\\/animefigurer.se\\\/figurer\\\/one-piece\\\/lookup-one-piece-nico-robin-figure\\\/#breadcrumb\"},\"inLanguage\":\"en-GB\",\"potentialAction\":[{\"@type\":\"ReadAction\",\"target\":[\"https:\\\/\\\/animefigurer.se\\\/figurer\\\/one-piece\\\/lookup-one-piece-nico-robin-figure\\\/\"]}]},{\"@type\":\"ImageObject\",\"inLanguage\":\"en-GB\",\"@id\":\"https:\\\/\\\/animefigurer.se\\\/figurer\\\/one-piece\\\/lookup-one-piece-nico-robin-figure\\\/#primaryimage\",\"url\":\"https:\\\/\\\/animefigurer.se\\\/wp-content\\\/uploads\\\/2026\\\/03\\\/11349082a2.webp\",\"contentUrl\":\"https:\\\/\\\/animefigurer.se\\\/wp-content\\\/uploads\\\/2026\\\/03\\\/11349082a2.webp\",\"width\":600,\"height\":600,\"caption\":\"Fr\u00e5n den legendariska animeserien One Piece kommer denna charmiga samlarfigur av Nico Robin fr\u00e5n MegaHouse popul\u00e4ra Lookup-serie. Figuren visar Robin i en s\u00f6t sittande pose med blicken riktad upp\u00e5t \u2013 ett k\u00e4nnetecken f\u00f6r serien som g\u00f6r att figuren verkar m\u00f6ta din blick n\u00e4r den placeras p\u00e5 skrivbord eller hylla. Lookup-serien, vars namn kommer fr\u00e5n uttrycket \u201clook up\u201d, \u00e4r k\u00e4nd f\u00f6r sina sittande figurer med upp\u00e5tblickande pose. Denna design g\u00f6r att figurerna k\u00e4nns mer levande och skapar mer \u00f6gonkontakt n\u00e4r de visas upp p\u00e5 l\u00e4gre ytor som skrivbord eller hyllor. Lookup One Piece Nico Robin (Figure)\"},{\"@type\":\"BreadcrumbList\",\"@id\":\"https:\\\/\\\/animefigurer.se\\\/figurer\\\/one-piece\\\/lookup-one-piece-nico-robin-figure\\\/#breadcrumb\",\"itemListElement\":[{\"@type\":\"ListItem\",\"position\":1,\"name\":\"Home\",\"item\":\"https:\\\/\\\/animefigurer.se\\\/\"},{\"@type\":\"ListItem\",\"position\":2,\"name\":\"Butik\",\"item\":\"https:\\\/\\\/animefigurer.se\\\/figurer\\\/\"},{\"@type\":\"ListItem\",\"position\":3,\"name\":\"Lookup One Piece Nico Robin (Figure)\"}]},{\"@type\":\"WebSite\",\"@id\":\"https:\\\/\\\/animefigurer.se\\\/#website\",\"url\":\"https:\\\/\\\/animefigurer.se\\\/\",\"name\":\"Animefigurer.se\",\"description\":\"Anime figurer fr\u00e5n \u00f6ver 300 olika anime serier med \u00f6ver 9000 produkter | Anime Shop\",\"publisher\":{\"@id\":\"https:\\\/\\\/animefigurer.se\\\/#organization\"},\"potentialAction\":[{\"@type\":\"SearchAction\",\"target\":{\"@type\":\"EntryPoint\",\"urlTemplate\":\"https:\\\/\\\/animefigurer.se\\\/?s={search_term_string}\"},\"query-input\":{\"@type\":\"PropertyValueSpecification\",\"valueRequired\":true,\"valueName\":\"search_term_string\"}}],\"inLanguage\":\"en-GB\"},{\"@type\":\"Organization\",\"@id\":\"https:\\\/\\\/animefigurer.se\\\/#organization\",\"name\":\"Animefigurer.se\",\"alternateName\":\"Anime figurer | Anime shop\",\"url\":\"https:\\\/\\\/animefigurer.se\\\/\",\"logo\":{\"@type\":\"ImageObject\",\"inLanguage\":\"en-GB\",\"@id\":\"https:\\\/\\\/animefigurer.se\\\/#\\\/schema\\\/logo\\\/image\\\/\",\"url\":\"https:\\\/\\\/animefigurer.se\\\/wp-content\\\/uploads\\\/2025\\\/12\\\/Animefigurer_logowhite.png\",\"contentUrl\":\"https:\\\/\\\/animefigurer.se\\\/wp-content\\\/uploads\\\/2025\\\/12\\\/Animefigurer_logowhite.png\",\"width\":1890,\"height\":1417,\"caption\":\"Animefigurer.se\"},\"image\":{\"@id\":\"https:\\\/\\\/animefigurer.se\\\/#\\\/schema\\\/logo\\\/image\\\/\"},\"sameAs\":[\"https:\\\/\\\/www.facebook.com\\\/profile.php?id=61581826539670\",\"https:\\\/\\\/www.instagram.com\\\/animefigurer.se\\\/\"],\"email\":\"info@animefigurer.se\"}]}<\/script>\n<!-- \/ Yoast SEO Premium plugin. -->","yoast_head_json":{"title":"Lookup One Piece Nico Robin (Figure) | Animefigurer.se","robots":{"index":"index","follow":"follow","max-snippet":"max-snippet:-1","max-image-preview":"max-image-preview:large","max-video-preview":"max-video-preview:-1"},"canonical":"https:\/\/animefigurer.se\/en\/figurer\/one-piece\/lookup-one-piece-nico-robin-figure\/","og_locale":"en_GB","og_type":"article","og_title":"Lookup One Piece Nico Robin (Figure)","og_description":"Fr\u00e5n den legendariska animeserien One Piece kommer denna charmiga samlarfigur av Nico Robin fr\u00e5n MegaHouse popul\u00e4ra Lookup-serie. Figuren visar Robin i en s\u00f6t sittande pose med blicken riktad upp\u00e5t \u2013 ett k\u00e4nnetecken f\u00f6r serien som g\u00f6r att figuren verkar m\u00f6ta din blick n\u00e4r den placeras p\u00e5 skrivbord eller hylla. Lookup-serien, vars namn kommer fr\u00e5n uttrycket [&hellip;]","og_url":"https:\/\/animefigurer.se\/en\/figurer\/one-piece\/lookup-one-piece-nico-robin-figure\/","og_site_name":"Animefigurer.se","article_publisher":"https:\/\/www.facebook.com\/profile.php?id=61581826539670","og_image":[{"width":600,"height":600,"url":"https:\/\/animefigurer.se\/wp-content\/uploads\/2026\/03\/11349082a2.webp","type":"image\/webp"}],"twitter_card":"summary_large_image","twitter_misc":{"Estimated reading time":"1 minute"},"schema":{"@context":"https:\/\/schema.org","@graph":[{"@type":"WebPage","@id":"https:\/\/animefigurer.se\/figurer\/one-piece\/lookup-one-piece-nico-robin-figure\/","url":"https:\/\/animefigurer.se\/figurer\/one-piece\/lookup-one-piece-nico-robin-figure\/","name":"Lookup One Piece Nico Robin (Figure) | Animefigurer.se","isPartOf":{"@id":"https:\/\/animefigurer.se\/#website"},"primaryImageOfPage":{"@id":"https:\/\/animefigurer.se\/figurer\/one-piece\/lookup-one-piece-nico-robin-figure\/#primaryimage"},"image":{"@id":"https:\/\/animefigurer.se\/figurer\/one-piece\/lookup-one-piece-nico-robin-figure\/#primaryimage"},"thumbnailUrl":"https:\/\/animefigurer.se\/wp-content\/uploads\/2026\/03\/11349082a2.webp","datePublished":"2026-03-07T13:20:46+00:00","breadcrumb":{"@id":"https:\/\/animefigurer.se\/figurer\/one-piece\/lookup-one-piece-nico-robin-figure\/#breadcrumb"},"inLanguage":"en-GB","potentialAction":[{"@type":"ReadAction","target":["https:\/\/animefigurer.se\/figurer\/one-piece\/lookup-one-piece-nico-robin-figure\/"]}]},{"@type":"ImageObject","inLanguage":"en-GB","@id":"https:\/\/animefigurer.se\/figurer\/one-piece\/lookup-one-piece-nico-robin-figure\/#primaryimage","url":"https:\/\/animefigurer.se\/wp-content\/uploads\/2026\/03\/11349082a2.webp","contentUrl":"https:\/\/animefigurer.se\/wp-content\/uploads\/2026\/03\/11349082a2.webp","width":600,"height":600,"caption":"Fr\u00e5n den legendariska animeserien One Piece kommer denna charmiga samlarfigur av Nico Robin fr\u00e5n MegaHouse popul\u00e4ra Lookup-serie. Figuren visar Robin i en s\u00f6t sittande pose med blicken riktad upp\u00e5t \u2013 ett k\u00e4nnetecken f\u00f6r serien som g\u00f6r att figuren verkar m\u00f6ta din blick n\u00e4r den placeras p\u00e5 skrivbord eller hylla. Lookup-serien, vars namn kommer fr\u00e5n uttrycket \u201clook up\u201d, \u00e4r k\u00e4nd f\u00f6r sina sittande figurer med upp\u00e5tblickande pose. Denna design g\u00f6r att figurerna k\u00e4nns mer levande och skapar mer \u00f6gonkontakt n\u00e4r de visas upp p\u00e5 l\u00e4gre ytor som skrivbord eller hyllor. Lookup One Piece Nico Robin (Figure)"},{"@type":"BreadcrumbList","@id":"https:\/\/animefigurer.se\/figurer\/one-piece\/lookup-one-piece-nico-robin-figure\/#breadcrumb","itemListElement":[{"@type":"ListItem","position":1,"name":"Home","item":"https:\/\/animefigurer.se\/"},{"@type":"ListItem","position":2,"name":"Butik","item":"https:\/\/animefigurer.se\/figurer\/"},{"@type":"ListItem","position":3,"name":"Lookup One Piece Nico Robin (Figure)"}]},{"@type":"WebSite","@id":"https:\/\/animefigurer.se\/#website","url":"https:\/\/animefigurer.se\/","name":"Animefigurer.se","description":"Anime figures from over 300 different anime series with over 9000 products | Anime Shop","publisher":{"@id":"https:\/\/animefigurer.se\/#organization"},"potentialAction":[{"@type":"SearchAction","target":{"@type":"EntryPoint","urlTemplate":"https:\/\/animefigurer.se\/?s={search_term_string}"},"query-input":{"@type":"PropertyValueSpecification","valueRequired":true,"valueName":"search_term_string"}}],"inLanguage":"en-GB"},{"@type":"Organization","@id":"https:\/\/animefigurer.se\/#organization","name":"Animefigurer.se","alternateName":"Anime figurer | Anime shop","url":"https:\/\/animefigurer.se\/","logo":{"@type":"ImageObject","inLanguage":"en-GB","@id":"https:\/\/animefigurer.se\/#\/schema\/logo\/image\/","url":"https:\/\/animefigurer.se\/wp-content\/uploads\/2025\/12\/Animefigurer_logowhite.png","contentUrl":"https:\/\/animefigurer.se\/wp-content\/uploads\/2025\/12\/Animefigurer_logowhite.png","width":1890,"height":1417,"caption":"Animefigurer.se"},"image":{"@id":"https:\/\/animefigurer.se\/#\/schema\/logo\/image\/"},"sameAs":["https:\/\/www.facebook.com\/profile.php?id=61581826539670","https:\/\/www.instagram.com\/animefigurer.se\/"],"email":"info@animefigurer.se"}]}},"_links":{"self":[{"href":"https:\/\/animefigurer.se\/en\/wp-json\/wp\/v2\/product\/91338","targetHints":{"allow":["GET"]}}],"collection":[{"href":"https:\/\/animefigurer.se\/en\/wp-json\/wp\/v2\/product"}],"about":[{"href":"https:\/\/animefigurer.se\/en\/wp-json\/wp\/v2\/types\/product"}],"replies":[{"embeddable":true,"href":"https:\/\/animefigurer.se\/en\/wp-json\/wp\/v2\/comments?post=91338"}],"wp:featuredmedia":[{"embeddable":true,"href":"https:\/\/animefigurer.se\/en\/wp-json\/wp\/v2\/media\/91339"}],"wp:attachment":[{"href":"https:\/\/animefigurer.se\/en\/wp-json\/wp\/v2\/media?parent=91338"}],"wp:term":[{"taxonomy":"product_brand","embeddable":true,"href":"https:\/\/animefigurer.se\/en\/wp-json\/wp\/v2\/product_brand?post=91338"},{"taxonomy":"product_cat","embeddable":true,"href":"https:\/\/animefigurer.se\/en\/wp-json\/wp\/v2\/product_cat?post=91338"},{"taxonomy":"product_tag","embeddable":true,"href":"https:\/\/animefigurer.se\/en\/wp-json\/wp\/v2\/product_tag?post=91338"},{"taxonomy":"giftcard-category","embeddable":true,"href":"https:\/\/animefigurer.se\/en\/wp-json\/wp\/v2\/giftcard-category?post=91338"}],"curies":[{"name":"wp","href":"https:\/\/api.w.org\/{rel}","templated":true}]}}