{"id":91283,"date":"2026-03-07T08:09:28","date_gmt":"2026-03-07T07:09:28","guid":{"rendered":"https:\/\/animefigurer.se\/?post_type=product&#038;p=91283"},"modified":"2026-03-07T08:09:28","modified_gmt":"2026-03-07T07:09:28","slug":"lookup-demon-slayer-kimetsu-no-yaiba-tanjiro-kamado-final-selection-ver-figure","status":"publish","type":"product","link":"https:\/\/animefigurer.se\/en\/figurer\/demon-slayer-kimetsu-no-yaiba\/lookup-demon-slayer-kimetsu-no-yaiba-tanjiro-kamado-final-selection-ver-figure\/","title":{"rendered":"Lookup Demon Slayer: Kimetsu no Yaiba Tanjiro Kamado Final Selection Ver. (figure)"},"content":{"rendered":"<p data-start=\"13\" data-end=\"419\">From the popular anime series <em data-start=\"43\" data-end=\"75\">Demon Slayer: Kimetsu no Yaiba<\/em> This charming collector&#039;s figure comes from <strong data-start=\"113\" data-end=\"154\">Tanjiro Kamado \u2013 Final Selection Ver.<\/strong> from MegaHouse appreciated <strong data-start=\"182\" data-end=\"198\">Lookup series<\/strong>. The figure shows Tanjiro in a cute sitting pose where he looks upwards, a hallmark of the series that makes the figure seem to meet your gaze when placed on a desk or shelf.<\/p>\n<p data-start=\"421\" data-end=\"732\">The Lookup figures are designed to create more connection with the viewer thanks to their upward-looking pose. Tanjiro is shown here in his design from the pivotal Final Selection period of the series, giving the figure special significance for fans of his journey as a demon hunter.<\/p>\n<p data-start=\"734\" data-end=\"1019\">The figure stands approximately 11cm tall and has a movable neck, allowing you to adjust the angle of the head and create different expressions in your display. A perfect addition for fans of <em data-start=\"902\" data-end=\"916\">Demon Slayer<\/em> and collectors who appreciate compact but expressive figures.<\/p>","protected":false},"excerpt":{"rendered":"<p>Fr\u00e5n den popul\u00e4ra animeserien Demon Slayer: Kimetsu no Yaiba kommer denna charmiga samlarfigur av Tanjiro Kamado \u2013 Final Selection Ver. fr\u00e5n MegaHouse uppskattade Lookup-serie. Figuren visar Tanjiro i en s\u00f6t sittande pose d\u00e4r han blickar upp\u00e5t, ett k\u00e4nnetecken f\u00f6r serien som g\u00f6r att figuren verkar m\u00f6ta din blick n\u00e4r den placeras p\u00e5 skrivbord eller hylla. [&hellip;]<\/p>\n","protected":false},"featured_media":91284,"comment_status":"open","ping_status":"closed","template":"","meta":{"_acf_changed":false,"_monsterinsights_skip_tracking":false,"_monsterinsights_sitenote_active":false,"_monsterinsights_sitenote_note":"","_monsterinsights_sitenote_category":0},"product_brand":[7061],"product_cat":[1603],"product_tag":[26],"giftcard-category":[],"class_list":{"0":"post-91283","1":"product","2":"type-product","3":"status-publish","4":"has-post-thumbnail","6":"product_brand-megahouse","7":"product_cat-demon-slayer-kimetsu-no-yaiba","8":"product_tag-pre-order","9":"pa_franchise-demon-slayer-kimetsu-no-yaiba","10":"pa_karaktar-tanjiro-kamado","11":"pa_produktserie-look-up-series","12":"pa_storlek-11-cm","14":"first","15":"instock","16":"taxable","17":"shipping-taxable","18":"purchasable","19":"product-type-simple"},"acf":[],"yoast_head":"<!-- This site is optimized with the Yoast SEO Premium plugin v24.6 (Yoast SEO v27.4) - https:\/\/yoast.com\/product\/yoast-seo-premium-wordpress\/ -->\n<title>Lookup Demon Slayer: Kimetsu no Yaiba Tanjiro Kamado Final Selection Ver. (Figure) | Animefigurer.se<\/title>\n<meta name=\"robots\" content=\"index, follow, max-snippet:-1, max-image-preview:large, max-video-preview:-1\" \/>\n<link rel=\"canonical\" href=\"https:\/\/animefigurer.se\/en\/figurer\/demon-slayer-kimetsu-no-yaiba\/lookup-demon-slayer-kimetsu-no-yaiba-tanjiro-kamado-final-selection-ver-figure\/\" \/>\n<meta property=\"og:locale\" content=\"en_GB\" \/>\n<meta property=\"og:type\" content=\"article\" \/>\n<meta property=\"og:title\" content=\"Lookup Demon Slayer: Kimetsu no Yaiba Tanjiro Kamado Final Selection Ver. (Figure)\" \/>\n<meta property=\"og:description\" content=\"Fr\u00e5n den popul\u00e4ra animeserien Demon Slayer: Kimetsu no Yaiba kommer denna charmiga samlarfigur av Tanjiro Kamado \u2013 Final Selection Ver. fr\u00e5n MegaHouse uppskattade Lookup-serie. Figuren visar Tanjiro i en s\u00f6t sittande pose d\u00e4r han blickar upp\u00e5t, ett k\u00e4nnetecken f\u00f6r serien som g\u00f6r att figuren verkar m\u00f6ta din blick n\u00e4r den placeras p\u00e5 skrivbord eller hylla. [&hellip;]\" \/>\n<meta property=\"og:url\" content=\"https:\/\/animefigurer.se\/en\/figurer\/demon-slayer-kimetsu-no-yaiba\/lookup-demon-slayer-kimetsu-no-yaiba-tanjiro-kamado-final-selection-ver-figure\/\" \/>\n<meta property=\"og:site_name\" content=\"Animefigurer.se\" \/>\n<meta property=\"article:publisher\" content=\"https:\/\/www.facebook.com\/profile.php?id=61581826539670\" \/>\n<meta property=\"og:image\" content=\"https:\/\/animefigurer.se\/wp-content\/uploads\/2026\/03\/11349108a2.jpg\" \/>\n\t<meta property=\"og:image:width\" content=\"600\" \/>\n\t<meta property=\"og:image:height\" content=\"600\" \/>\n\t<meta property=\"og:image:type\" content=\"image\/jpeg\" \/>\n<meta name=\"twitter:card\" content=\"summary_large_image\" \/>\n<meta name=\"twitter:label1\" content=\"Estimated reading time\" \/>\n\t<meta name=\"twitter:data1\" content=\"1 minute\" \/>\n<script type=\"application\/ld+json\" class=\"yoast-schema-graph\">{\"@context\":\"https:\\\/\\\/schema.org\",\"@graph\":[{\"@type\":\"WebPage\",\"@id\":\"https:\\\/\\\/animefigurer.se\\\/figurer\\\/demon-slayer-kimetsu-no-yaiba\\\/lookup-demon-slayer-kimetsu-no-yaiba-tanjiro-kamado-final-selection-ver-figure\\\/\",\"url\":\"https:\\\/\\\/animefigurer.se\\\/figurer\\\/demon-slayer-kimetsu-no-yaiba\\\/lookup-demon-slayer-kimetsu-no-yaiba-tanjiro-kamado-final-selection-ver-figure\\\/\",\"name\":\"Lookup Demon Slayer: Kimetsu no Yaiba Tanjiro Kamado Final Selection Ver. (Figure) | Animefigurer.se\",\"isPartOf\":{\"@id\":\"https:\\\/\\\/animefigurer.se\\\/#website\"},\"primaryImageOfPage\":{\"@id\":\"https:\\\/\\\/animefigurer.se\\\/figurer\\\/demon-slayer-kimetsu-no-yaiba\\\/lookup-demon-slayer-kimetsu-no-yaiba-tanjiro-kamado-final-selection-ver-figure\\\/#primaryimage\"},\"image\":{\"@id\":\"https:\\\/\\\/animefigurer.se\\\/figurer\\\/demon-slayer-kimetsu-no-yaiba\\\/lookup-demon-slayer-kimetsu-no-yaiba-tanjiro-kamado-final-selection-ver-figure\\\/#primaryimage\"},\"thumbnailUrl\":\"https:\\\/\\\/animefigurer.se\\\/wp-content\\\/uploads\\\/2026\\\/03\\\/11349108a2.jpg\",\"datePublished\":\"2026-03-07T07:09:28+00:00\",\"breadcrumb\":{\"@id\":\"https:\\\/\\\/animefigurer.se\\\/figurer\\\/demon-slayer-kimetsu-no-yaiba\\\/lookup-demon-slayer-kimetsu-no-yaiba-tanjiro-kamado-final-selection-ver-figure\\\/#breadcrumb\"},\"inLanguage\":\"en-GB\",\"potentialAction\":[{\"@type\":\"ReadAction\",\"target\":[\"https:\\\/\\\/animefigurer.se\\\/figurer\\\/demon-slayer-kimetsu-no-yaiba\\\/lookup-demon-slayer-kimetsu-no-yaiba-tanjiro-kamado-final-selection-ver-figure\\\/\"]}]},{\"@type\":\"ImageObject\",\"inLanguage\":\"en-GB\",\"@id\":\"https:\\\/\\\/animefigurer.se\\\/figurer\\\/demon-slayer-kimetsu-no-yaiba\\\/lookup-demon-slayer-kimetsu-no-yaiba-tanjiro-kamado-final-selection-ver-figure\\\/#primaryimage\",\"url\":\"https:\\\/\\\/animefigurer.se\\\/wp-content\\\/uploads\\\/2026\\\/03\\\/11349108a2.jpg\",\"contentUrl\":\"https:\\\/\\\/animefigurer.se\\\/wp-content\\\/uploads\\\/2026\\\/03\\\/11349108a2.jpg\",\"width\":600,\"height\":600,\"caption\":\"Lookup Demon Slayer: Kimetsu no Yaiba Tanjiro Kamado Final Selection Ver. (Figure)\"},{\"@type\":\"BreadcrumbList\",\"@id\":\"https:\\\/\\\/animefigurer.se\\\/figurer\\\/demon-slayer-kimetsu-no-yaiba\\\/lookup-demon-slayer-kimetsu-no-yaiba-tanjiro-kamado-final-selection-ver-figure\\\/#breadcrumb\",\"itemListElement\":[{\"@type\":\"ListItem\",\"position\":1,\"name\":\"Home\",\"item\":\"https:\\\/\\\/animefigurer.se\\\/\"},{\"@type\":\"ListItem\",\"position\":2,\"name\":\"Butik\",\"item\":\"https:\\\/\\\/animefigurer.se\\\/figurer\\\/\"},{\"@type\":\"ListItem\",\"position\":3,\"name\":\"Lookup Demon Slayer: Kimetsu no Yaiba Tanjiro Kamado Final Selection Ver. (Figure)\"}]},{\"@type\":\"WebSite\",\"@id\":\"https:\\\/\\\/animefigurer.se\\\/#website\",\"url\":\"https:\\\/\\\/animefigurer.se\\\/\",\"name\":\"Animefigurer.se\",\"description\":\"Anime figurer fr\u00e5n \u00f6ver 300 olika anime serier med \u00f6ver 9000 produkter | Anime Shop\",\"publisher\":{\"@id\":\"https:\\\/\\\/animefigurer.se\\\/#organization\"},\"potentialAction\":[{\"@type\":\"SearchAction\",\"target\":{\"@type\":\"EntryPoint\",\"urlTemplate\":\"https:\\\/\\\/animefigurer.se\\\/?s={search_term_string}\"},\"query-input\":{\"@type\":\"PropertyValueSpecification\",\"valueRequired\":true,\"valueName\":\"search_term_string\"}}],\"inLanguage\":\"en-GB\"},{\"@type\":\"Organization\",\"@id\":\"https:\\\/\\\/animefigurer.se\\\/#organization\",\"name\":\"Animefigurer.se\",\"alternateName\":\"Anime figurer | Anime shop\",\"url\":\"https:\\\/\\\/animefigurer.se\\\/\",\"logo\":{\"@type\":\"ImageObject\",\"inLanguage\":\"en-GB\",\"@id\":\"https:\\\/\\\/animefigurer.se\\\/#\\\/schema\\\/logo\\\/image\\\/\",\"url\":\"https:\\\/\\\/animefigurer.se\\\/wp-content\\\/uploads\\\/2025\\\/12\\\/Animefigurer_logowhite.png\",\"contentUrl\":\"https:\\\/\\\/animefigurer.se\\\/wp-content\\\/uploads\\\/2025\\\/12\\\/Animefigurer_logowhite.png\",\"width\":1890,\"height\":1417,\"caption\":\"Animefigurer.se\"},\"image\":{\"@id\":\"https:\\\/\\\/animefigurer.se\\\/#\\\/schema\\\/logo\\\/image\\\/\"},\"sameAs\":[\"https:\\\/\\\/www.facebook.com\\\/profile.php?id=61581826539670\",\"https:\\\/\\\/www.instagram.com\\\/animefigurer.se\\\/\"],\"email\":\"info@animefigurer.se\"}]}<\/script>\n<!-- \/ Yoast SEO Premium plugin. -->","yoast_head_json":{"title":"Lookup Demon Slayer: Kimetsu no Yaiba Tanjiro Kamado Final Selection Ver. (Figure) | Animefigurer.se","robots":{"index":"index","follow":"follow","max-snippet":"max-snippet:-1","max-image-preview":"max-image-preview:large","max-video-preview":"max-video-preview:-1"},"canonical":"https:\/\/animefigurer.se\/en\/figurer\/demon-slayer-kimetsu-no-yaiba\/lookup-demon-slayer-kimetsu-no-yaiba-tanjiro-kamado-final-selection-ver-figure\/","og_locale":"en_GB","og_type":"article","og_title":"Lookup Demon Slayer: Kimetsu no Yaiba Tanjiro Kamado Final Selection Ver. (Figure)","og_description":"Fr\u00e5n den popul\u00e4ra animeserien Demon Slayer: Kimetsu no Yaiba kommer denna charmiga samlarfigur av Tanjiro Kamado \u2013 Final Selection Ver. fr\u00e5n MegaHouse uppskattade Lookup-serie. Figuren visar Tanjiro i en s\u00f6t sittande pose d\u00e4r han blickar upp\u00e5t, ett k\u00e4nnetecken f\u00f6r serien som g\u00f6r att figuren verkar m\u00f6ta din blick n\u00e4r den placeras p\u00e5 skrivbord eller hylla. [&hellip;]","og_url":"https:\/\/animefigurer.se\/en\/figurer\/demon-slayer-kimetsu-no-yaiba\/lookup-demon-slayer-kimetsu-no-yaiba-tanjiro-kamado-final-selection-ver-figure\/","og_site_name":"Animefigurer.se","article_publisher":"https:\/\/www.facebook.com\/profile.php?id=61581826539670","og_image":[{"width":600,"height":600,"url":"https:\/\/animefigurer.se\/wp-content\/uploads\/2026\/03\/11349108a2.jpg","type":"image\/jpeg"}],"twitter_card":"summary_large_image","twitter_misc":{"Estimated reading time":"1 minute"},"schema":{"@context":"https:\/\/schema.org","@graph":[{"@type":"WebPage","@id":"https:\/\/animefigurer.se\/figurer\/demon-slayer-kimetsu-no-yaiba\/lookup-demon-slayer-kimetsu-no-yaiba-tanjiro-kamado-final-selection-ver-figure\/","url":"https:\/\/animefigurer.se\/figurer\/demon-slayer-kimetsu-no-yaiba\/lookup-demon-slayer-kimetsu-no-yaiba-tanjiro-kamado-final-selection-ver-figure\/","name":"Lookup Demon Slayer: Kimetsu no Yaiba Tanjiro Kamado Final Selection Ver. (Figure) | Animefigurer.se","isPartOf":{"@id":"https:\/\/animefigurer.se\/#website"},"primaryImageOfPage":{"@id":"https:\/\/animefigurer.se\/figurer\/demon-slayer-kimetsu-no-yaiba\/lookup-demon-slayer-kimetsu-no-yaiba-tanjiro-kamado-final-selection-ver-figure\/#primaryimage"},"image":{"@id":"https:\/\/animefigurer.se\/figurer\/demon-slayer-kimetsu-no-yaiba\/lookup-demon-slayer-kimetsu-no-yaiba-tanjiro-kamado-final-selection-ver-figure\/#primaryimage"},"thumbnailUrl":"https:\/\/animefigurer.se\/wp-content\/uploads\/2026\/03\/11349108a2.jpg","datePublished":"2026-03-07T07:09:28+00:00","breadcrumb":{"@id":"https:\/\/animefigurer.se\/figurer\/demon-slayer-kimetsu-no-yaiba\/lookup-demon-slayer-kimetsu-no-yaiba-tanjiro-kamado-final-selection-ver-figure\/#breadcrumb"},"inLanguage":"en-GB","potentialAction":[{"@type":"ReadAction","target":["https:\/\/animefigurer.se\/figurer\/demon-slayer-kimetsu-no-yaiba\/lookup-demon-slayer-kimetsu-no-yaiba-tanjiro-kamado-final-selection-ver-figure\/"]}]},{"@type":"ImageObject","inLanguage":"en-GB","@id":"https:\/\/animefigurer.se\/figurer\/demon-slayer-kimetsu-no-yaiba\/lookup-demon-slayer-kimetsu-no-yaiba-tanjiro-kamado-final-selection-ver-figure\/#primaryimage","url":"https:\/\/animefigurer.se\/wp-content\/uploads\/2026\/03\/11349108a2.jpg","contentUrl":"https:\/\/animefigurer.se\/wp-content\/uploads\/2026\/03\/11349108a2.jpg","width":600,"height":600,"caption":"Lookup Demon Slayer: Kimetsu no Yaiba Tanjiro Kamado Final Selection Ver. (Figure)"},{"@type":"BreadcrumbList","@id":"https:\/\/animefigurer.se\/figurer\/demon-slayer-kimetsu-no-yaiba\/lookup-demon-slayer-kimetsu-no-yaiba-tanjiro-kamado-final-selection-ver-figure\/#breadcrumb","itemListElement":[{"@type":"ListItem","position":1,"name":"Home","item":"https:\/\/animefigurer.se\/"},{"@type":"ListItem","position":2,"name":"Butik","item":"https:\/\/animefigurer.se\/figurer\/"},{"@type":"ListItem","position":3,"name":"Lookup Demon Slayer: Kimetsu no Yaiba Tanjiro Kamado Final Selection Ver. (Figure)"}]},{"@type":"WebSite","@id":"https:\/\/animefigurer.se\/#website","url":"https:\/\/animefigurer.se\/","name":"Animefigurer.se","description":"Anime figures from over 300 different anime series with over 9000 products | Anime Shop","publisher":{"@id":"https:\/\/animefigurer.se\/#organization"},"potentialAction":[{"@type":"SearchAction","target":{"@type":"EntryPoint","urlTemplate":"https:\/\/animefigurer.se\/?s={search_term_string}"},"query-input":{"@type":"PropertyValueSpecification","valueRequired":true,"valueName":"search_term_string"}}],"inLanguage":"en-GB"},{"@type":"Organization","@id":"https:\/\/animefigurer.se\/#organization","name":"Animefigurer.se","alternateName":"Anime figurer | Anime shop","url":"https:\/\/animefigurer.se\/","logo":{"@type":"ImageObject","inLanguage":"en-GB","@id":"https:\/\/animefigurer.se\/#\/schema\/logo\/image\/","url":"https:\/\/animefigurer.se\/wp-content\/uploads\/2025\/12\/Animefigurer_logowhite.png","contentUrl":"https:\/\/animefigurer.se\/wp-content\/uploads\/2025\/12\/Animefigurer_logowhite.png","width":1890,"height":1417,"caption":"Animefigurer.se"},"image":{"@id":"https:\/\/animefigurer.se\/#\/schema\/logo\/image\/"},"sameAs":["https:\/\/www.facebook.com\/profile.php?id=61581826539670","https:\/\/www.instagram.com\/animefigurer.se\/"],"email":"info@animefigurer.se"}]}},"_links":{"self":[{"href":"https:\/\/animefigurer.se\/en\/wp-json\/wp\/v2\/product\/91283","targetHints":{"allow":["GET"]}}],"collection":[{"href":"https:\/\/animefigurer.se\/en\/wp-json\/wp\/v2\/product"}],"about":[{"href":"https:\/\/animefigurer.se\/en\/wp-json\/wp\/v2\/types\/product"}],"replies":[{"embeddable":true,"href":"https:\/\/animefigurer.se\/en\/wp-json\/wp\/v2\/comments?post=91283"}],"wp:featuredmedia":[{"embeddable":true,"href":"https:\/\/animefigurer.se\/en\/wp-json\/wp\/v2\/media\/91284"}],"wp:attachment":[{"href":"https:\/\/animefigurer.se\/en\/wp-json\/wp\/v2\/media?parent=91283"}],"wp:term":[{"taxonomy":"product_brand","embeddable":true,"href":"https:\/\/animefigurer.se\/en\/wp-json\/wp\/v2\/product_brand?post=91283"},{"taxonomy":"product_cat","embeddable":true,"href":"https:\/\/animefigurer.se\/en\/wp-json\/wp\/v2\/product_cat?post=91283"},{"taxonomy":"product_tag","embeddable":true,"href":"https:\/\/animefigurer.se\/en\/wp-json\/wp\/v2\/product_tag?post=91283"},{"taxonomy":"giftcard-category","embeddable":true,"href":"https:\/\/animefigurer.se\/en\/wp-json\/wp\/v2\/giftcard-category?post=91283"}],"curies":[{"name":"wp","href":"https:\/\/api.w.org\/{rel}","templated":true}]}}