{"id":91201,"date":"2026-03-07T08:09:19","date_gmt":"2026-03-07T07:09:19","guid":{"rendered":"https:\/\/animefigurer.se\/?post_type=product&#038;p=91201"},"modified":"2026-03-07T08:09:19","modified_gmt":"2026-03-07T07:09:19","slug":"haikyu-figure-yu-nishinoya-14-cm","status":"publish","type":"product","link":"https:\/\/animefigurer.se\/en\/figurer\/haikyu\/haikyu-figure-yu-nishinoya-14-cm\/","title":{"rendered":"Haikyu!! Figure Yu Nishinoya 14 cm"},"content":{"rendered":"<p data-start=\"13\" data-end=\"295\">From the popular anime series <em data-start=\"43\" data-end=\"53\">Haikyuu!!<\/em> comes this energetic collectible figure of Yu Nishinoya from Banpresto. The figure captures Karasuno&#039;s fearless libero in a dynamic pose that reflects his explosive energy and strong presence on the volleyball court.<\/p>\n<p data-start=\"297\" data-end=\"628\">With meticulously sculpted details and an expressive face, Nishinoya&#039;s signature style and team uniform are instantly recognizable to fans. The figure stands approximately 14cm tall and is made of PVC, making it a sturdy and stylish collector&#039;s item for both new and seasoned collectors.<\/p>\n<p data-start=\"630\" data-end=\"862\">Comes in original printed packaging and is ready to display on a shelf, desk or in a display cabinet. A perfect addition to any <em data-start=\"770\" data-end=\"780\">Haikyuu!!<\/em>fans who want to add Karasuno&#039;s energetic defense specialist to their collection.<\/p>","protected":false},"excerpt":{"rendered":"<p>Fr\u00e5n den popul\u00e4ra animeserien Haikyu!! kommer denna energifyllda samlarfigur av Yu Nishinoya fr\u00e5n Banpresto. Figuren f\u00e5ngar Karasunos or\u00e4dda libero i en dynamisk pose som speglar hans explosiva energi och starka n\u00e4rvaro p\u00e5 volleybollplanen. Med noggrant skulpterade detaljer och ett uttrycksfullt ansikte \u00e5terges Nishinoyas karakteristiska stil och laguniform p\u00e5 ett s\u00e4tt som fans direkt k\u00e4nner igen. [&hellip;]<\/p>\n","protected":false},"featured_media":91202,"comment_status":"open","ping_status":"closed","template":"","meta":{"_acf_changed":false,"_monsterinsights_skip_tracking":false,"_monsterinsights_sitenote_active":false,"_monsterinsights_sitenote_note":"","_monsterinsights_sitenote_category":0},"product_brand":[6928],"product_cat":[2759],"product_tag":[26],"giftcard-category":[],"class_list":{"0":"post-91201","1":"product","2":"type-product","3":"status-publish","4":"has-post-thumbnail","6":"product_brand-banpresto","7":"product_cat-haikyu","8":"product_tag-pre-order","9":"pa_franchise-haikyu","10":"pa_karaktar-yu-nishinoya","11":"pa_material-pvc","12":"pa_storlek-14-cm","14":"first","15":"instock","16":"virtual","17":"taxable","18":"purchasable","19":"product-type-simple"},"acf":[],"yoast_head":"<!-- This site is optimized with the Yoast SEO Premium plugin v24.6 (Yoast SEO v27.4) - https:\/\/yoast.com\/product\/yoast-seo-premium-wordpress\/ -->\n<title>Haikyu!! Figure Yu Nishinoya 14 cm | Animefigurer.se<\/title>\n<meta name=\"robots\" content=\"index, follow, max-snippet:-1, max-image-preview:large, max-video-preview:-1\" \/>\n<link rel=\"canonical\" href=\"https:\/\/animefigurer.se\/en\/figurer\/haikyuu\/haikyu-figure-yu-nishinoya-14-cm\/\" \/>\n<meta property=\"og:locale\" content=\"en_GB\" \/>\n<meta property=\"og:type\" content=\"article\" \/>\n<meta property=\"og:title\" content=\"Haikyu!! Figure Yu Nishinoya 14 cm\" \/>\n<meta property=\"og:description\" content=\"Fr\u00e5n den popul\u00e4ra animeserien Haikyu!! kommer denna energifyllda samlarfigur av Yu Nishinoya fr\u00e5n Banpresto. Figuren f\u00e5ngar Karasunos or\u00e4dda libero i en dynamisk pose som speglar hans explosiva energi och starka n\u00e4rvaro p\u00e5 volleybollplanen. Med noggrant skulpterade detaljer och ett uttrycksfullt ansikte \u00e5terges Nishinoyas karakteristiska stil och laguniform p\u00e5 ett s\u00e4tt som fans direkt k\u00e4nner igen. [&hellip;]\" \/>\n<meta property=\"og:url\" content=\"https:\/\/animefigurer.se\/en\/figurer\/haikyuu\/haikyu-figure-yu-nishinoya-14-cm\/\" \/>\n<meta property=\"og:site_name\" content=\"Animefigurer.se\" \/>\n<meta property=\"article:publisher\" content=\"https:\/\/www.facebook.com\/profile.php?id=61581826539670\" \/>\n<meta property=\"og:image\" content=\"https:\/\/animefigurer.se\/wp-content\/uploads\/2026\/03\/x_ban-pz71866p.jpg\" \/>\n\t<meta property=\"og:image:width\" content=\"466\" \/>\n\t<meta property=\"og:image:height\" content=\"1000\" \/>\n\t<meta property=\"og:image:type\" content=\"image\/jpeg\" \/>\n<meta name=\"twitter:card\" content=\"summary_large_image\" \/>\n<meta name=\"twitter:label1\" content=\"Estimated reading time\" \/>\n\t<meta name=\"twitter:data1\" content=\"1 minute\" \/>\n<script type=\"application\/ld+json\" class=\"yoast-schema-graph\">{\"@context\":\"https:\\\/\\\/schema.org\",\"@graph\":[{\"@type\":\"WebPage\",\"@id\":\"https:\\\/\\\/animefigurer.se\\\/figurer\\\/haikyu\\\/haikyu-figure-yu-nishinoya-14-cm\\\/\",\"url\":\"https:\\\/\\\/animefigurer.se\\\/figurer\\\/haikyu\\\/haikyu-figure-yu-nishinoya-14-cm\\\/\",\"name\":\"Haikyu!! Figure Yu Nishinoya 14 cm | Animefigurer.se\",\"isPartOf\":{\"@id\":\"https:\\\/\\\/animefigurer.se\\\/#website\"},\"primaryImageOfPage\":{\"@id\":\"https:\\\/\\\/animefigurer.se\\\/figurer\\\/haikyu\\\/haikyu-figure-yu-nishinoya-14-cm\\\/#primaryimage\"},\"image\":{\"@id\":\"https:\\\/\\\/animefigurer.se\\\/figurer\\\/haikyu\\\/haikyu-figure-yu-nishinoya-14-cm\\\/#primaryimage\"},\"thumbnailUrl\":\"https:\\\/\\\/animefigurer.se\\\/wp-content\\\/uploads\\\/2026\\\/03\\\/x_ban-pz71866p.jpg\",\"datePublished\":\"2026-03-07T07:09:19+00:00\",\"breadcrumb\":{\"@id\":\"https:\\\/\\\/animefigurer.se\\\/figurer\\\/haikyu\\\/haikyu-figure-yu-nishinoya-14-cm\\\/#breadcrumb\"},\"inLanguage\":\"en-GB\",\"potentialAction\":[{\"@type\":\"ReadAction\",\"target\":[\"https:\\\/\\\/animefigurer.se\\\/figurer\\\/haikyu\\\/haikyu-figure-yu-nishinoya-14-cm\\\/\"]}]},{\"@type\":\"ImageObject\",\"inLanguage\":\"en-GB\",\"@id\":\"https:\\\/\\\/animefigurer.se\\\/figurer\\\/haikyu\\\/haikyu-figure-yu-nishinoya-14-cm\\\/#primaryimage\",\"url\":\"https:\\\/\\\/animefigurer.se\\\/wp-content\\\/uploads\\\/2026\\\/03\\\/x_ban-pz71866p.jpg\",\"contentUrl\":\"https:\\\/\\\/animefigurer.se\\\/wp-content\\\/uploads\\\/2026\\\/03\\\/x_ban-pz71866p.jpg\",\"width\":466,\"height\":1000,\"caption\":\"Haikyu!! Figure Yu Nishinoya 14 cm\"},{\"@type\":\"BreadcrumbList\",\"@id\":\"https:\\\/\\\/animefigurer.se\\\/figurer\\\/haikyu\\\/haikyu-figure-yu-nishinoya-14-cm\\\/#breadcrumb\",\"itemListElement\":[{\"@type\":\"ListItem\",\"position\":1,\"name\":\"Home\",\"item\":\"https:\\\/\\\/animefigurer.se\\\/\"},{\"@type\":\"ListItem\",\"position\":2,\"name\":\"Butik\",\"item\":\"https:\\\/\\\/animefigurer.se\\\/figurer\\\/\"},{\"@type\":\"ListItem\",\"position\":3,\"name\":\"Haikyu!! Figure Yu Nishinoya 14 cm\"}]},{\"@type\":\"WebSite\",\"@id\":\"https:\\\/\\\/animefigurer.se\\\/#website\",\"url\":\"https:\\\/\\\/animefigurer.se\\\/\",\"name\":\"Animefigurer.se\",\"description\":\"Anime figurer fr\u00e5n \u00f6ver 300 olika anime serier med \u00f6ver 9000 produkter | Anime Shop\",\"publisher\":{\"@id\":\"https:\\\/\\\/animefigurer.se\\\/#organization\"},\"potentialAction\":[{\"@type\":\"SearchAction\",\"target\":{\"@type\":\"EntryPoint\",\"urlTemplate\":\"https:\\\/\\\/animefigurer.se\\\/?s={search_term_string}\"},\"query-input\":{\"@type\":\"PropertyValueSpecification\",\"valueRequired\":true,\"valueName\":\"search_term_string\"}}],\"inLanguage\":\"en-GB\"},{\"@type\":\"Organization\",\"@id\":\"https:\\\/\\\/animefigurer.se\\\/#organization\",\"name\":\"Animefigurer.se\",\"alternateName\":\"Anime figurer | Anime shop\",\"url\":\"https:\\\/\\\/animefigurer.se\\\/\",\"logo\":{\"@type\":\"ImageObject\",\"inLanguage\":\"en-GB\",\"@id\":\"https:\\\/\\\/animefigurer.se\\\/#\\\/schema\\\/logo\\\/image\\\/\",\"url\":\"https:\\\/\\\/animefigurer.se\\\/wp-content\\\/uploads\\\/2025\\\/12\\\/Animefigurer_logowhite.png\",\"contentUrl\":\"https:\\\/\\\/animefigurer.se\\\/wp-content\\\/uploads\\\/2025\\\/12\\\/Animefigurer_logowhite.png\",\"width\":1890,\"height\":1417,\"caption\":\"Animefigurer.se\"},\"image\":{\"@id\":\"https:\\\/\\\/animefigurer.se\\\/#\\\/schema\\\/logo\\\/image\\\/\"},\"sameAs\":[\"https:\\\/\\\/www.facebook.com\\\/profile.php?id=61581826539670\",\"https:\\\/\\\/www.instagram.com\\\/animefigurer.se\\\/\"],\"email\":\"info@animefigurer.se\"}]}<\/script>\n<!-- \/ Yoast SEO Premium plugin. -->","yoast_head_json":{"title":"Haikyu!! Figure Yu Nishinoya 14 cm | Animefigurer.se","robots":{"index":"index","follow":"follow","max-snippet":"max-snippet:-1","max-image-preview":"max-image-preview:large","max-video-preview":"max-video-preview:-1"},"canonical":"https:\/\/animefigurer.se\/en\/figurer\/haikyuu\/haikyu-figure-yu-nishinoya-14-cm\/","og_locale":"en_GB","og_type":"article","og_title":"Haikyu!! Figure Yu Nishinoya 14 cm","og_description":"Fr\u00e5n den popul\u00e4ra animeserien Haikyu!! kommer denna energifyllda samlarfigur av Yu Nishinoya fr\u00e5n Banpresto. Figuren f\u00e5ngar Karasunos or\u00e4dda libero i en dynamisk pose som speglar hans explosiva energi och starka n\u00e4rvaro p\u00e5 volleybollplanen. Med noggrant skulpterade detaljer och ett uttrycksfullt ansikte \u00e5terges Nishinoyas karakteristiska stil och laguniform p\u00e5 ett s\u00e4tt som fans direkt k\u00e4nner igen. [&hellip;]","og_url":"https:\/\/animefigurer.se\/en\/figurer\/haikyuu\/haikyu-figure-yu-nishinoya-14-cm\/","og_site_name":"Animefigurer.se","article_publisher":"https:\/\/www.facebook.com\/profile.php?id=61581826539670","og_image":[{"width":466,"height":1000,"url":"https:\/\/animefigurer.se\/wp-content\/uploads\/2026\/03\/x_ban-pz71866p.jpg","type":"image\/jpeg"}],"twitter_card":"summary_large_image","twitter_misc":{"Estimated reading time":"1 minute"},"schema":{"@context":"https:\/\/schema.org","@graph":[{"@type":"WebPage","@id":"https:\/\/animefigurer.se\/figurer\/haikyu\/haikyu-figure-yu-nishinoya-14-cm\/","url":"https:\/\/animefigurer.se\/figurer\/haikyu\/haikyu-figure-yu-nishinoya-14-cm\/","name":"Haikyu!! Figure Yu Nishinoya 14 cm | Animefigurer.se","isPartOf":{"@id":"https:\/\/animefigurer.se\/#website"},"primaryImageOfPage":{"@id":"https:\/\/animefigurer.se\/figurer\/haikyu\/haikyu-figure-yu-nishinoya-14-cm\/#primaryimage"},"image":{"@id":"https:\/\/animefigurer.se\/figurer\/haikyu\/haikyu-figure-yu-nishinoya-14-cm\/#primaryimage"},"thumbnailUrl":"https:\/\/animefigurer.se\/wp-content\/uploads\/2026\/03\/x_ban-pz71866p.jpg","datePublished":"2026-03-07T07:09:19+00:00","breadcrumb":{"@id":"https:\/\/animefigurer.se\/figurer\/haikyu\/haikyu-figure-yu-nishinoya-14-cm\/#breadcrumb"},"inLanguage":"en-GB","potentialAction":[{"@type":"ReadAction","target":["https:\/\/animefigurer.se\/figurer\/haikyu\/haikyu-figure-yu-nishinoya-14-cm\/"]}]},{"@type":"ImageObject","inLanguage":"en-GB","@id":"https:\/\/animefigurer.se\/figurer\/haikyu\/haikyu-figure-yu-nishinoya-14-cm\/#primaryimage","url":"https:\/\/animefigurer.se\/wp-content\/uploads\/2026\/03\/x_ban-pz71866p.jpg","contentUrl":"https:\/\/animefigurer.se\/wp-content\/uploads\/2026\/03\/x_ban-pz71866p.jpg","width":466,"height":1000,"caption":"Haikyu!! Figure Yu Nishinoya 14 cm"},{"@type":"BreadcrumbList","@id":"https:\/\/animefigurer.se\/figurer\/haikyu\/haikyu-figure-yu-nishinoya-14-cm\/#breadcrumb","itemListElement":[{"@type":"ListItem","position":1,"name":"Home","item":"https:\/\/animefigurer.se\/"},{"@type":"ListItem","position":2,"name":"Butik","item":"https:\/\/animefigurer.se\/figurer\/"},{"@type":"ListItem","position":3,"name":"Haikyu!! Figure Yu Nishinoya 14 cm"}]},{"@type":"WebSite","@id":"https:\/\/animefigurer.se\/#website","url":"https:\/\/animefigurer.se\/","name":"Animefigurer.se","description":"Anime figures from over 300 different anime series with over 9000 products | Anime Shop","publisher":{"@id":"https:\/\/animefigurer.se\/#organization"},"potentialAction":[{"@type":"SearchAction","target":{"@type":"EntryPoint","urlTemplate":"https:\/\/animefigurer.se\/?s={search_term_string}"},"query-input":{"@type":"PropertyValueSpecification","valueRequired":true,"valueName":"search_term_string"}}],"inLanguage":"en-GB"},{"@type":"Organization","@id":"https:\/\/animefigurer.se\/#organization","name":"Animefigurer.se","alternateName":"Anime figurer | Anime shop","url":"https:\/\/animefigurer.se\/","logo":{"@type":"ImageObject","inLanguage":"en-GB","@id":"https:\/\/animefigurer.se\/#\/schema\/logo\/image\/","url":"https:\/\/animefigurer.se\/wp-content\/uploads\/2025\/12\/Animefigurer_logowhite.png","contentUrl":"https:\/\/animefigurer.se\/wp-content\/uploads\/2025\/12\/Animefigurer_logowhite.png","width":1890,"height":1417,"caption":"Animefigurer.se"},"image":{"@id":"https:\/\/animefigurer.se\/#\/schema\/logo\/image\/"},"sameAs":["https:\/\/www.facebook.com\/profile.php?id=61581826539670","https:\/\/www.instagram.com\/animefigurer.se\/"],"email":"info@animefigurer.se"}]}},"_links":{"self":[{"href":"https:\/\/animefigurer.se\/en\/wp-json\/wp\/v2\/product\/91201","targetHints":{"allow":["GET"]}}],"collection":[{"href":"https:\/\/animefigurer.se\/en\/wp-json\/wp\/v2\/product"}],"about":[{"href":"https:\/\/animefigurer.se\/en\/wp-json\/wp\/v2\/types\/product"}],"replies":[{"embeddable":true,"href":"https:\/\/animefigurer.se\/en\/wp-json\/wp\/v2\/comments?post=91201"}],"wp:featuredmedia":[{"embeddable":true,"href":"https:\/\/animefigurer.se\/en\/wp-json\/wp\/v2\/media\/91202"}],"wp:attachment":[{"href":"https:\/\/animefigurer.se\/en\/wp-json\/wp\/v2\/media?parent=91201"}],"wp:term":[{"taxonomy":"product_brand","embeddable":true,"href":"https:\/\/animefigurer.se\/en\/wp-json\/wp\/v2\/product_brand?post=91201"},{"taxonomy":"product_cat","embeddable":true,"href":"https:\/\/animefigurer.se\/en\/wp-json\/wp\/v2\/product_cat?post=91201"},{"taxonomy":"product_tag","embeddable":true,"href":"https:\/\/animefigurer.se\/en\/wp-json\/wp\/v2\/product_tag?post=91201"},{"taxonomy":"giftcard-category","embeddable":true,"href":"https:\/\/animefigurer.se\/en\/wp-json\/wp\/v2\/giftcard-category?post=91201"}],"curies":[{"name":"wp","href":"https:\/\/api.w.org\/{rel}","templated":true}]}}