{"id":90802,"date":"2026-02-27T15:50:48","date_gmt":"2026-02-27T14:50:48","guid":{"rendered":"https:\/\/animefigurer.se\/?post_type=product&#038;p=90802"},"modified":"2026-04-11T12:57:57","modified_gmt":"2026-04-11T10:57:57","slug":"wuthering-waves-nendoroid-changli","status":"publish","type":"product","link":"https:\/\/animefigurer.se\/en\/figurer\/wuthering-waves\/wuthering-waves-nendoroid-changli\/","title":{"rendered":"Wuthering Waves Nendoroid Changli"},"content":{"rendered":"<p data-start=\"0\" data-end=\"403\">From the open RPG game <em data-start=\"77\" data-end=\"94\">Wuthering Waves<\/em> comes this charming <strong data-start=\"117\" data-end=\"138\">Nendoroid Changli<\/strong> \u2013 a detailed and articulated figure that focuses on both cuteness and expressive design! Changli comes with two <strong data-start=\"259\" data-end=\"287\">interchangeable faceplates<\/strong> \u2013 one collected and one smiling \u2013 so you can vary how she appears in your display.<\/p>\n<p data-start=\"405\" data-end=\"692\">The figure also includes several <strong data-start=\"435\" data-end=\"464\">accessories for different poses<\/strong>, such as <strong data-start=\"472\" data-end=\"494\">Blazing Brilliance<\/strong>, one <strong data-start=\"500\" data-end=\"520\">carrier pigeon element<\/strong> and one <strong data-start=\"529\" data-end=\"564\">Resonance Liberation effect blade<\/strong>, giving you the freedom to create dynamic setups that reflect her unique style.<\/p>\n<p data-start=\"694\" data-end=\"961\">Made of painted plastic like a <strong data-start=\"726\" data-end=\"763\">non-scale, articulated Nendoroid<\/strong> with <strong data-start=\"768\" data-end=\"789\">tripod included<\/strong>, Changli stands at about <strong data-start=\"813\" data-end=\"830\">100 mm in height<\/strong> \u2013 perfect for adorning your shelf, desk or collection alongside other favorites.<\/p>","protected":false},"excerpt":{"rendered":"<p>Fr\u00e5n det \u00f6ppna RPG-spelet Wuthering Waves kommer denna charmiga Nendoroid Changli \u2013 en detaljerad och artikulerad figur som s\u00e4tter fokus p\u00e5 b\u00e5de cuteness och uttrycksfull design! Changli kommer med tv\u00e5 utbytbara ansiktsplattor \u2013 en samlad och en leende \u2013 s\u00e5 att du kan variera hur hon visas i din display. Figuren inkluderar \u00e4ven flera tillbeh\u00f6r [&hellip;]<\/p>\n","protected":false},"featured_media":90803,"comment_status":"open","ping_status":"closed","template":"","meta":{"_acf_changed":false,"_monsterinsights_skip_tracking":false,"_monsterinsights_sitenote_active":false,"_monsterinsights_sitenote_note":"","_monsterinsights_sitenote_category":0},"product_brand":[7487],"product_cat":[6105],"product_tag":[26],"giftcard-category":[],"class_list":{"0":"post-90802","1":"product","2":"type-product","3":"status-publish","4":"has-post-thumbnail","6":"product_brand-good-smile-arts-shanghai","7":"product_cat-wuthering-waves","8":"product_tag-pre-order","9":"pa_franchise-wuthering-waves","10":"pa_karaktar-changli","11":"pa_material-pvc-abs","12":"pa_produktserie-nendoroid","13":"pa_storlek-10-cm","15":"first","16":"instock","17":"taxable","18":"shipping-taxable","19":"purchasable","20":"product-type-simple"},"acf":[],"yoast_head":"<!-- This site is optimized with the Yoast SEO Premium plugin v24.6 (Yoast SEO v27.3) - https:\/\/yoast.com\/product\/yoast-seo-premium-wordpress\/ -->\n<title>Wuthering Waves Nendoroid Changli | Animefigurer.se<\/title>\n<meta name=\"robots\" content=\"index, follow, max-snippet:-1, max-image-preview:large, max-video-preview:-1\" \/>\n<link rel=\"canonical\" href=\"https:\/\/animefigurer.se\/en\/figurer\/wuthering-waves\/wuthering-waves-nendoroid-changli\/\" \/>\n<meta property=\"og:locale\" content=\"en_GB\" \/>\n<meta property=\"og:type\" content=\"article\" \/>\n<meta property=\"og:title\" content=\"Wuthering Waves Nendoroid Changli\" \/>\n<meta property=\"og:description\" content=\"Fr\u00e5n det \u00f6ppna RPG-spelet Wuthering Waves kommer denna charmiga Nendoroid Changli \u2013 en detaljerad och artikulerad figur som s\u00e4tter fokus p\u00e5 b\u00e5de cuteness och uttrycksfull design! Changli kommer med tv\u00e5 utbytbara ansiktsplattor \u2013 en samlad och en leende \u2013 s\u00e5 att du kan variera hur hon visas i din display. Figuren inkluderar \u00e4ven flera tillbeh\u00f6r [&hellip;]\" \/>\n<meta property=\"og:url\" content=\"https:\/\/animefigurer.se\/en\/figurer\/wuthering-waves\/wuthering-waves-nendoroid-changli\/\" \/>\n<meta property=\"og:site_name\" content=\"Animefigurer.se\" \/>\n<meta property=\"article:publisher\" content=\"https:\/\/www.facebook.com\/profile.php?id=61581826539670\" \/>\n<meta property=\"article:modified_time\" content=\"2026-04-11T10:57:57+00:00\" \/>\n<meta property=\"og:image\" content=\"https:\/\/animefigurer.se\/wp-content\/uploads\/2026\/02\/aBsNcWE470JPk25nyU6AepLTrbRdMX8F.webp\" \/>\n\t<meta property=\"og:image:width\" content=\"750\" \/>\n\t<meta property=\"og:image:height\" content=\"1000\" \/>\n\t<meta property=\"og:image:type\" content=\"image\/webp\" \/>\n<meta name=\"twitter:card\" content=\"summary_large_image\" \/>\n<meta name=\"twitter:label1\" content=\"Estimated reading time\" \/>\n\t<meta name=\"twitter:data1\" content=\"1 minute\" \/>\n<script type=\"application\/ld+json\" class=\"yoast-schema-graph\">{\"@context\":\"https:\\\/\\\/schema.org\",\"@graph\":[{\"@type\":\"WebPage\",\"@id\":\"https:\\\/\\\/animefigurer.se\\\/figurer\\\/wuthering-waves\\\/wuthering-waves-nendoroid-changli\\\/\",\"url\":\"https:\\\/\\\/animefigurer.se\\\/figurer\\\/wuthering-waves\\\/wuthering-waves-nendoroid-changli\\\/\",\"name\":\"Wuthering Waves Nendoroid Changli | Animefigurer.se\",\"isPartOf\":{\"@id\":\"https:\\\/\\\/animefigurer.se\\\/#website\"},\"primaryImageOfPage\":{\"@id\":\"https:\\\/\\\/animefigurer.se\\\/figurer\\\/wuthering-waves\\\/wuthering-waves-nendoroid-changli\\\/#primaryimage\"},\"image\":{\"@id\":\"https:\\\/\\\/animefigurer.se\\\/figurer\\\/wuthering-waves\\\/wuthering-waves-nendoroid-changli\\\/#primaryimage\"},\"thumbnailUrl\":\"https:\\\/\\\/animefigurer.se\\\/wp-content\\\/uploads\\\/2026\\\/02\\\/aBsNcWE470JPk25nyU6AepLTrbRdMX8F.webp\",\"datePublished\":\"2026-02-27T14:50:48+00:00\",\"dateModified\":\"2026-04-11T10:57:57+00:00\",\"breadcrumb\":{\"@id\":\"https:\\\/\\\/animefigurer.se\\\/figurer\\\/wuthering-waves\\\/wuthering-waves-nendoroid-changli\\\/#breadcrumb\"},\"inLanguage\":\"en-GB\",\"potentialAction\":[{\"@type\":\"ReadAction\",\"target\":[\"https:\\\/\\\/animefigurer.se\\\/figurer\\\/wuthering-waves\\\/wuthering-waves-nendoroid-changli\\\/\"]}]},{\"@type\":\"ImageObject\",\"inLanguage\":\"en-GB\",\"@id\":\"https:\\\/\\\/animefigurer.se\\\/figurer\\\/wuthering-waves\\\/wuthering-waves-nendoroid-changli\\\/#primaryimage\",\"url\":\"https:\\\/\\\/animefigurer.se\\\/wp-content\\\/uploads\\\/2026\\\/02\\\/aBsNcWE470JPk25nyU6AepLTrbRdMX8F.webp\",\"contentUrl\":\"https:\\\/\\\/animefigurer.se\\\/wp-content\\\/uploads\\\/2026\\\/02\\\/aBsNcWE470JPk25nyU6AepLTrbRdMX8F.webp\",\"width\":750,\"height\":1000,\"caption\":\"Wuthering Waves Nendoroid Changli\"},{\"@type\":\"BreadcrumbList\",\"@id\":\"https:\\\/\\\/animefigurer.se\\\/figurer\\\/wuthering-waves\\\/wuthering-waves-nendoroid-changli\\\/#breadcrumb\",\"itemListElement\":[{\"@type\":\"ListItem\",\"position\":1,\"name\":\"Home\",\"item\":\"https:\\\/\\\/animefigurer.se\\\/\"},{\"@type\":\"ListItem\",\"position\":2,\"name\":\"Butik\",\"item\":\"https:\\\/\\\/animefigurer.se\\\/figurer\\\/\"},{\"@type\":\"ListItem\",\"position\":3,\"name\":\"Wuthering Waves Nendoroid Changli\"}]},{\"@type\":\"WebSite\",\"@id\":\"https:\\\/\\\/animefigurer.se\\\/#website\",\"url\":\"https:\\\/\\\/animefigurer.se\\\/\",\"name\":\"Animefigurer.se\",\"description\":\"Anime figurer fr\u00e5n \u00f6ver 300 olika anime serier med \u00f6ver 9000 produkter | Anime Shop\",\"publisher\":{\"@id\":\"https:\\\/\\\/animefigurer.se\\\/#organization\"},\"potentialAction\":[{\"@type\":\"SearchAction\",\"target\":{\"@type\":\"EntryPoint\",\"urlTemplate\":\"https:\\\/\\\/animefigurer.se\\\/?s={search_term_string}\"},\"query-input\":{\"@type\":\"PropertyValueSpecification\",\"valueRequired\":true,\"valueName\":\"search_term_string\"}}],\"inLanguage\":\"en-GB\"},{\"@type\":\"Organization\",\"@id\":\"https:\\\/\\\/animefigurer.se\\\/#organization\",\"name\":\"Animefigurer.se\",\"alternateName\":\"Anime figurer | Anime shop\",\"url\":\"https:\\\/\\\/animefigurer.se\\\/\",\"logo\":{\"@type\":\"ImageObject\",\"inLanguage\":\"en-GB\",\"@id\":\"https:\\\/\\\/animefigurer.se\\\/#\\\/schema\\\/logo\\\/image\\\/\",\"url\":\"https:\\\/\\\/animefigurer.se\\\/wp-content\\\/uploads\\\/2025\\\/12\\\/Animefigurer_logowhite.png\",\"contentUrl\":\"https:\\\/\\\/animefigurer.se\\\/wp-content\\\/uploads\\\/2025\\\/12\\\/Animefigurer_logowhite.png\",\"width\":1890,\"height\":1417,\"caption\":\"Animefigurer.se\"},\"image\":{\"@id\":\"https:\\\/\\\/animefigurer.se\\\/#\\\/schema\\\/logo\\\/image\\\/\"},\"sameAs\":[\"https:\\\/\\\/www.facebook.com\\\/profile.php?id=61581826539670\",\"https:\\\/\\\/www.instagram.com\\\/animefigurer.se\\\/\"],\"email\":\"info@animefigurer.se\"}]}<\/script>\n<!-- \/ Yoast SEO Premium plugin. -->","yoast_head_json":{"title":"Wuthering Waves Nendoroid Changli | Animefigurer.se","robots":{"index":"index","follow":"follow","max-snippet":"max-snippet:-1","max-image-preview":"max-image-preview:large","max-video-preview":"max-video-preview:-1"},"canonical":"https:\/\/animefigurer.se\/en\/figurer\/wuthering-waves\/wuthering-waves-nendoroid-changli\/","og_locale":"en_GB","og_type":"article","og_title":"Wuthering Waves Nendoroid Changli","og_description":"Fr\u00e5n det \u00f6ppna RPG-spelet Wuthering Waves kommer denna charmiga Nendoroid Changli \u2013 en detaljerad och artikulerad figur som s\u00e4tter fokus p\u00e5 b\u00e5de cuteness och uttrycksfull design! Changli kommer med tv\u00e5 utbytbara ansiktsplattor \u2013 en samlad och en leende \u2013 s\u00e5 att du kan variera hur hon visas i din display. Figuren inkluderar \u00e4ven flera tillbeh\u00f6r [&hellip;]","og_url":"https:\/\/animefigurer.se\/en\/figurer\/wuthering-waves\/wuthering-waves-nendoroid-changli\/","og_site_name":"Animefigurer.se","article_publisher":"https:\/\/www.facebook.com\/profile.php?id=61581826539670","article_modified_time":"2026-04-11T10:57:57+00:00","og_image":[{"width":750,"height":1000,"url":"https:\/\/animefigurer.se\/wp-content\/uploads\/2026\/02\/aBsNcWE470JPk25nyU6AepLTrbRdMX8F.webp","type":"image\/webp"}],"twitter_card":"summary_large_image","twitter_misc":{"Estimated reading time":"1 minute"},"schema":{"@context":"https:\/\/schema.org","@graph":[{"@type":"WebPage","@id":"https:\/\/animefigurer.se\/figurer\/wuthering-waves\/wuthering-waves-nendoroid-changli\/","url":"https:\/\/animefigurer.se\/figurer\/wuthering-waves\/wuthering-waves-nendoroid-changli\/","name":"Wuthering Waves Nendoroid Changli | Animefigurer.se","isPartOf":{"@id":"https:\/\/animefigurer.se\/#website"},"primaryImageOfPage":{"@id":"https:\/\/animefigurer.se\/figurer\/wuthering-waves\/wuthering-waves-nendoroid-changli\/#primaryimage"},"image":{"@id":"https:\/\/animefigurer.se\/figurer\/wuthering-waves\/wuthering-waves-nendoroid-changli\/#primaryimage"},"thumbnailUrl":"https:\/\/animefigurer.se\/wp-content\/uploads\/2026\/02\/aBsNcWE470JPk25nyU6AepLTrbRdMX8F.webp","datePublished":"2026-02-27T14:50:48+00:00","dateModified":"2026-04-11T10:57:57+00:00","breadcrumb":{"@id":"https:\/\/animefigurer.se\/figurer\/wuthering-waves\/wuthering-waves-nendoroid-changli\/#breadcrumb"},"inLanguage":"en-GB","potentialAction":[{"@type":"ReadAction","target":["https:\/\/animefigurer.se\/figurer\/wuthering-waves\/wuthering-waves-nendoroid-changli\/"]}]},{"@type":"ImageObject","inLanguage":"en-GB","@id":"https:\/\/animefigurer.se\/figurer\/wuthering-waves\/wuthering-waves-nendoroid-changli\/#primaryimage","url":"https:\/\/animefigurer.se\/wp-content\/uploads\/2026\/02\/aBsNcWE470JPk25nyU6AepLTrbRdMX8F.webp","contentUrl":"https:\/\/animefigurer.se\/wp-content\/uploads\/2026\/02\/aBsNcWE470JPk25nyU6AepLTrbRdMX8F.webp","width":750,"height":1000,"caption":"Wuthering Waves Nendoroid Changli"},{"@type":"BreadcrumbList","@id":"https:\/\/animefigurer.se\/figurer\/wuthering-waves\/wuthering-waves-nendoroid-changli\/#breadcrumb","itemListElement":[{"@type":"ListItem","position":1,"name":"Home","item":"https:\/\/animefigurer.se\/"},{"@type":"ListItem","position":2,"name":"Butik","item":"https:\/\/animefigurer.se\/figurer\/"},{"@type":"ListItem","position":3,"name":"Wuthering Waves Nendoroid Changli"}]},{"@type":"WebSite","@id":"https:\/\/animefigurer.se\/#website","url":"https:\/\/animefigurer.se\/","name":"Animefigurer.se","description":"Anime figures from over 300 different anime series with over 9000 products | Anime Shop","publisher":{"@id":"https:\/\/animefigurer.se\/#organization"},"potentialAction":[{"@type":"SearchAction","target":{"@type":"EntryPoint","urlTemplate":"https:\/\/animefigurer.se\/?s={search_term_string}"},"query-input":{"@type":"PropertyValueSpecification","valueRequired":true,"valueName":"search_term_string"}}],"inLanguage":"en-GB"},{"@type":"Organization","@id":"https:\/\/animefigurer.se\/#organization","name":"Animefigurer.se","alternateName":"Anime figurer | Anime shop","url":"https:\/\/animefigurer.se\/","logo":{"@type":"ImageObject","inLanguage":"en-GB","@id":"https:\/\/animefigurer.se\/#\/schema\/logo\/image\/","url":"https:\/\/animefigurer.se\/wp-content\/uploads\/2025\/12\/Animefigurer_logowhite.png","contentUrl":"https:\/\/animefigurer.se\/wp-content\/uploads\/2025\/12\/Animefigurer_logowhite.png","width":1890,"height":1417,"caption":"Animefigurer.se"},"image":{"@id":"https:\/\/animefigurer.se\/#\/schema\/logo\/image\/"},"sameAs":["https:\/\/www.facebook.com\/profile.php?id=61581826539670","https:\/\/www.instagram.com\/animefigurer.se\/"],"email":"info@animefigurer.se"}]}},"_links":{"self":[{"href":"https:\/\/animefigurer.se\/en\/wp-json\/wp\/v2\/product\/90802","targetHints":{"allow":["GET"]}}],"collection":[{"href":"https:\/\/animefigurer.se\/en\/wp-json\/wp\/v2\/product"}],"about":[{"href":"https:\/\/animefigurer.se\/en\/wp-json\/wp\/v2\/types\/product"}],"replies":[{"embeddable":true,"href":"https:\/\/animefigurer.se\/en\/wp-json\/wp\/v2\/comments?post=90802"}],"wp:featuredmedia":[{"embeddable":true,"href":"https:\/\/animefigurer.se\/en\/wp-json\/wp\/v2\/media\/90803"}],"wp:attachment":[{"href":"https:\/\/animefigurer.se\/en\/wp-json\/wp\/v2\/media?parent=90802"}],"wp:term":[{"taxonomy":"product_brand","embeddable":true,"href":"https:\/\/animefigurer.se\/en\/wp-json\/wp\/v2\/product_brand?post=90802"},{"taxonomy":"product_cat","embeddable":true,"href":"https:\/\/animefigurer.se\/en\/wp-json\/wp\/v2\/product_cat?post=90802"},{"taxonomy":"product_tag","embeddable":true,"href":"https:\/\/animefigurer.se\/en\/wp-json\/wp\/v2\/product_tag?post=90802"},{"taxonomy":"giftcard-category","embeddable":true,"href":"https:\/\/animefigurer.se\/en\/wp-json\/wp\/v2\/giftcard-category?post=90802"}],"curies":[{"name":"wp","href":"https:\/\/api.w.org\/{rel}","templated":true}]}}