{"id":90681,"date":"2026-02-27T15:52:16","date_gmt":"2026-02-27T14:52:16","guid":{"rendered":"https:\/\/animefigurer.se\/?post_type=product&#038;p=90681"},"modified":"2026-02-27T15:52:16","modified_gmt":"2026-02-27T14:52:16","slug":"inuyasha-pop-up-parade-sesshomaru","status":"publish","type":"product","link":"https:\/\/animefigurer.se\/en\/figurer\/inuyasha\/inuyasha-pop-up-parade-sesshomaru\/","title":{"rendered":"Inuyasha: POP UP PARADE Sesshomaru"},"content":{"rendered":"<p data-start=\"67\" data-end=\"558\">Take your Inuyasha collection to new heights with this POP UP PARADE figure of the iconic <strong data-start=\"153\" data-end=\"167\">Sesshomaru<\/strong> from Good Smile Company. This affordable and eye-catching collectible figure depicts Sesshomaru in fully painted ABS and PVC plastic with a sturdy stand included, perfect for display on a shelf or in a display cabinet. The figure stands approx. <strong data-start=\"404\" data-end=\"429\">180 mm high (approx. 18 cm)<\/strong>, making it a perfect centerpiece together with other POP UP PARADE figures.<\/p>\n<p data-start=\"560\" data-end=\"1003\">Designed for both novice and experienced collectors, this Sesshomaru figure embodies the character&#039;s proud and cool presence from the original series <em data-start=\"705\" data-end=\"715\">Inuyasha<\/em>. With detailed sculpting and paint finish, it captures both his elegance and powerful aura, making it a must-have for fans of the series. Limited to three per person during the pre-order period, this is a sought-after addition to your collection.<\/p>","protected":false},"excerpt":{"rendered":"<p>Ta din Inuyasha-samling till nya h\u00f6jder med denna POP UP PARADE-figur av den ikoniske Sesshomaru fr\u00e5n Good Smile Company. Denna prisv\u00e4rda och i\u00f6gonfallande samlarfigur \u00e5terger Sesshomaru i full m\u00e5lad ABS- och PVC-plast med ett stabilt stativ inkluderat, perfekt f\u00f6r att visas upp p\u00e5 hyllan eller i ett vitrinsk\u00e5p. Figuren st\u00e5r cirka 180 mm h\u00f6g (ca [&hellip;]<\/p>\n","protected":false},"featured_media":90682,"comment_status":"open","ping_status":"closed","template":"","meta":{"_acf_changed":false,"_monsterinsights_skip_tracking":false,"_monsterinsights_sitenote_active":false,"_monsterinsights_sitenote_note":"","_monsterinsights_sitenote_category":0},"product_brand":[6890],"product_cat":[3122],"product_tag":[26],"giftcard-category":[],"class_list":{"0":"post-90681","1":"product","2":"type-product","3":"status-publish","4":"has-post-thumbnail","6":"product_brand-good-smile-company","7":"product_cat-inuyasha","8":"product_tag-pre-order","9":"pa_franchise-inuyasha","10":"pa_karaktar-sesshomaru","11":"pa_material-pvc-abs","12":"pa_produktserie-pop-up-parade","13":"pa_storlek-18-cm","15":"first","16":"instock","17":"taxable","18":"shipping-taxable","19":"purchasable","20":"product-type-simple"},"acf":[],"yoast_head":"<!-- This site is optimized with the Yoast SEO Premium plugin v24.6 (Yoast SEO v27.4) - https:\/\/yoast.com\/product\/yoast-seo-premium-wordpress\/ -->\n<title>Inuyasha: POP UP PARADE Sesshomaru | Animefigurer.se<\/title>\n<meta name=\"robots\" content=\"index, follow, max-snippet:-1, max-image-preview:large, max-video-preview:-1\" \/>\n<link rel=\"canonical\" href=\"https:\/\/animefigurer.se\/en\/figurer\/inuyasha\/inuyasha-pop-up-parade-sesshomaru\/\" \/>\n<meta property=\"og:locale\" content=\"en_GB\" \/>\n<meta property=\"og:type\" content=\"article\" \/>\n<meta property=\"og:title\" content=\"Inuyasha: POP UP PARADE Sesshomaru\" \/>\n<meta property=\"og:description\" content=\"Ta din Inuyasha-samling till nya h\u00f6jder med denna POP UP PARADE-figur av den ikoniske Sesshomaru fr\u00e5n Good Smile Company. Denna prisv\u00e4rda och i\u00f6gonfallande samlarfigur \u00e5terger Sesshomaru i full m\u00e5lad ABS- och PVC-plast med ett stabilt stativ inkluderat, perfekt f\u00f6r att visas upp p\u00e5 hyllan eller i ett vitrinsk\u00e5p. Figuren st\u00e5r cirka 180 mm h\u00f6g (ca [&hellip;]\" \/>\n<meta property=\"og:url\" content=\"https:\/\/animefigurer.se\/en\/figurer\/inuyasha\/inuyasha-pop-up-parade-sesshomaru\/\" \/>\n<meta property=\"og:site_name\" content=\"Animefigurer.se\" \/>\n<meta property=\"article:publisher\" content=\"https:\/\/www.facebook.com\/profile.php?id=61581826539670\" \/>\n<meta property=\"og:image\" content=\"https:\/\/animefigurer.se\/wp-content\/uploads\/2026\/02\/38c64e9ba7d102ca557afa445fb6bfeb.webp\" \/>\n\t<meta property=\"og:image:width\" content=\"750\" \/>\n\t<meta property=\"og:image:height\" content=\"1050\" \/>\n\t<meta property=\"og:image:type\" content=\"image\/webp\" \/>\n<meta name=\"twitter:card\" content=\"summary_large_image\" \/>\n<meta name=\"twitter:label1\" content=\"Estimated reading time\" \/>\n\t<meta name=\"twitter:data1\" content=\"1 minute\" \/>\n<script type=\"application\/ld+json\" class=\"yoast-schema-graph\">{\"@context\":\"https:\\\/\\\/schema.org\",\"@graph\":[{\"@type\":\"WebPage\",\"@id\":\"https:\\\/\\\/animefigurer.se\\\/figurer\\\/inuyasha\\\/inuyasha-pop-up-parade-sesshomaru\\\/\",\"url\":\"https:\\\/\\\/animefigurer.se\\\/figurer\\\/inuyasha\\\/inuyasha-pop-up-parade-sesshomaru\\\/\",\"name\":\"Inuyasha: POP UP PARADE Sesshomaru | Animefigurer.se\",\"isPartOf\":{\"@id\":\"https:\\\/\\\/animefigurer.se\\\/#website\"},\"primaryImageOfPage\":{\"@id\":\"https:\\\/\\\/animefigurer.se\\\/figurer\\\/inuyasha\\\/inuyasha-pop-up-parade-sesshomaru\\\/#primaryimage\"},\"image\":{\"@id\":\"https:\\\/\\\/animefigurer.se\\\/figurer\\\/inuyasha\\\/inuyasha-pop-up-parade-sesshomaru\\\/#primaryimage\"},\"thumbnailUrl\":\"https:\\\/\\\/animefigurer.se\\\/wp-content\\\/uploads\\\/2026\\\/02\\\/38c64e9ba7d102ca557afa445fb6bfeb.webp\",\"datePublished\":\"2026-02-27T14:52:16+00:00\",\"breadcrumb\":{\"@id\":\"https:\\\/\\\/animefigurer.se\\\/figurer\\\/inuyasha\\\/inuyasha-pop-up-parade-sesshomaru\\\/#breadcrumb\"},\"inLanguage\":\"en-GB\",\"potentialAction\":[{\"@type\":\"ReadAction\",\"target\":[\"https:\\\/\\\/animefigurer.se\\\/figurer\\\/inuyasha\\\/inuyasha-pop-up-parade-sesshomaru\\\/\"]}]},{\"@type\":\"ImageObject\",\"inLanguage\":\"en-GB\",\"@id\":\"https:\\\/\\\/animefigurer.se\\\/figurer\\\/inuyasha\\\/inuyasha-pop-up-parade-sesshomaru\\\/#primaryimage\",\"url\":\"https:\\\/\\\/animefigurer.se\\\/wp-content\\\/uploads\\\/2026\\\/02\\\/38c64e9ba7d102ca557afa445fb6bfeb.webp\",\"contentUrl\":\"https:\\\/\\\/animefigurer.se\\\/wp-content\\\/uploads\\\/2026\\\/02\\\/38c64e9ba7d102ca557afa445fb6bfeb.webp\",\"width\":750,\"height\":1050,\"caption\":\"Inuyasha: POP UP PARADE Sesshomaru\"},{\"@type\":\"BreadcrumbList\",\"@id\":\"https:\\\/\\\/animefigurer.se\\\/figurer\\\/inuyasha\\\/inuyasha-pop-up-parade-sesshomaru\\\/#breadcrumb\",\"itemListElement\":[{\"@type\":\"ListItem\",\"position\":1,\"name\":\"Home\",\"item\":\"https:\\\/\\\/animefigurer.se\\\/\"},{\"@type\":\"ListItem\",\"position\":2,\"name\":\"Butik\",\"item\":\"https:\\\/\\\/animefigurer.se\\\/figurer\\\/\"},{\"@type\":\"ListItem\",\"position\":3,\"name\":\"Inuyasha: POP UP PARADE Sesshomaru\"}]},{\"@type\":\"WebSite\",\"@id\":\"https:\\\/\\\/animefigurer.se\\\/#website\",\"url\":\"https:\\\/\\\/animefigurer.se\\\/\",\"name\":\"Animefigurer.se\",\"description\":\"Anime figurer fr\u00e5n \u00f6ver 300 olika anime serier med \u00f6ver 9000 produkter | Anime Shop\",\"publisher\":{\"@id\":\"https:\\\/\\\/animefigurer.se\\\/#organization\"},\"potentialAction\":[{\"@type\":\"SearchAction\",\"target\":{\"@type\":\"EntryPoint\",\"urlTemplate\":\"https:\\\/\\\/animefigurer.se\\\/?s={search_term_string}\"},\"query-input\":{\"@type\":\"PropertyValueSpecification\",\"valueRequired\":true,\"valueName\":\"search_term_string\"}}],\"inLanguage\":\"en-GB\"},{\"@type\":\"Organization\",\"@id\":\"https:\\\/\\\/animefigurer.se\\\/#organization\",\"name\":\"Animefigurer.se\",\"alternateName\":\"Anime figurer | Anime shop\",\"url\":\"https:\\\/\\\/animefigurer.se\\\/\",\"logo\":{\"@type\":\"ImageObject\",\"inLanguage\":\"en-GB\",\"@id\":\"https:\\\/\\\/animefigurer.se\\\/#\\\/schema\\\/logo\\\/image\\\/\",\"url\":\"https:\\\/\\\/animefigurer.se\\\/wp-content\\\/uploads\\\/2025\\\/12\\\/Animefigurer_logowhite.png\",\"contentUrl\":\"https:\\\/\\\/animefigurer.se\\\/wp-content\\\/uploads\\\/2025\\\/12\\\/Animefigurer_logowhite.png\",\"width\":1890,\"height\":1417,\"caption\":\"Animefigurer.se\"},\"image\":{\"@id\":\"https:\\\/\\\/animefigurer.se\\\/#\\\/schema\\\/logo\\\/image\\\/\"},\"sameAs\":[\"https:\\\/\\\/www.facebook.com\\\/profile.php?id=61581826539670\",\"https:\\\/\\\/www.instagram.com\\\/animefigurer.se\\\/\"],\"email\":\"info@animefigurer.se\"}]}<\/script>\n<!-- \/ Yoast SEO Premium plugin. -->","yoast_head_json":{"title":"Inuyasha: POP UP PARADE Sesshomaru | Animefigurer.se","robots":{"index":"index","follow":"follow","max-snippet":"max-snippet:-1","max-image-preview":"max-image-preview:large","max-video-preview":"max-video-preview:-1"},"canonical":"https:\/\/animefigurer.se\/en\/figurer\/inuyasha\/inuyasha-pop-up-parade-sesshomaru\/","og_locale":"en_GB","og_type":"article","og_title":"Inuyasha: POP UP PARADE Sesshomaru","og_description":"Ta din Inuyasha-samling till nya h\u00f6jder med denna POP UP PARADE-figur av den ikoniske Sesshomaru fr\u00e5n Good Smile Company. Denna prisv\u00e4rda och i\u00f6gonfallande samlarfigur \u00e5terger Sesshomaru i full m\u00e5lad ABS- och PVC-plast med ett stabilt stativ inkluderat, perfekt f\u00f6r att visas upp p\u00e5 hyllan eller i ett vitrinsk\u00e5p. Figuren st\u00e5r cirka 180 mm h\u00f6g (ca [&hellip;]","og_url":"https:\/\/animefigurer.se\/en\/figurer\/inuyasha\/inuyasha-pop-up-parade-sesshomaru\/","og_site_name":"Animefigurer.se","article_publisher":"https:\/\/www.facebook.com\/profile.php?id=61581826539670","og_image":[{"width":750,"height":1050,"url":"https:\/\/animefigurer.se\/wp-content\/uploads\/2026\/02\/38c64e9ba7d102ca557afa445fb6bfeb.webp","type":"image\/webp"}],"twitter_card":"summary_large_image","twitter_misc":{"Estimated reading time":"1 minute"},"schema":{"@context":"https:\/\/schema.org","@graph":[{"@type":"WebPage","@id":"https:\/\/animefigurer.se\/figurer\/inuyasha\/inuyasha-pop-up-parade-sesshomaru\/","url":"https:\/\/animefigurer.se\/figurer\/inuyasha\/inuyasha-pop-up-parade-sesshomaru\/","name":"Inuyasha: POP UP PARADE Sesshomaru | Animefigurer.se","isPartOf":{"@id":"https:\/\/animefigurer.se\/#website"},"primaryImageOfPage":{"@id":"https:\/\/animefigurer.se\/figurer\/inuyasha\/inuyasha-pop-up-parade-sesshomaru\/#primaryimage"},"image":{"@id":"https:\/\/animefigurer.se\/figurer\/inuyasha\/inuyasha-pop-up-parade-sesshomaru\/#primaryimage"},"thumbnailUrl":"https:\/\/animefigurer.se\/wp-content\/uploads\/2026\/02\/38c64e9ba7d102ca557afa445fb6bfeb.webp","datePublished":"2026-02-27T14:52:16+00:00","breadcrumb":{"@id":"https:\/\/animefigurer.se\/figurer\/inuyasha\/inuyasha-pop-up-parade-sesshomaru\/#breadcrumb"},"inLanguage":"en-GB","potentialAction":[{"@type":"ReadAction","target":["https:\/\/animefigurer.se\/figurer\/inuyasha\/inuyasha-pop-up-parade-sesshomaru\/"]}]},{"@type":"ImageObject","inLanguage":"en-GB","@id":"https:\/\/animefigurer.se\/figurer\/inuyasha\/inuyasha-pop-up-parade-sesshomaru\/#primaryimage","url":"https:\/\/animefigurer.se\/wp-content\/uploads\/2026\/02\/38c64e9ba7d102ca557afa445fb6bfeb.webp","contentUrl":"https:\/\/animefigurer.se\/wp-content\/uploads\/2026\/02\/38c64e9ba7d102ca557afa445fb6bfeb.webp","width":750,"height":1050,"caption":"Inuyasha: POP UP PARADE Sesshomaru"},{"@type":"BreadcrumbList","@id":"https:\/\/animefigurer.se\/figurer\/inuyasha\/inuyasha-pop-up-parade-sesshomaru\/#breadcrumb","itemListElement":[{"@type":"ListItem","position":1,"name":"Home","item":"https:\/\/animefigurer.se\/"},{"@type":"ListItem","position":2,"name":"Butik","item":"https:\/\/animefigurer.se\/figurer\/"},{"@type":"ListItem","position":3,"name":"Inuyasha: POP UP PARADE Sesshomaru"}]},{"@type":"WebSite","@id":"https:\/\/animefigurer.se\/#website","url":"https:\/\/animefigurer.se\/","name":"Animefigurer.se","description":"Anime figures from over 300 different anime series with over 9000 products | Anime Shop","publisher":{"@id":"https:\/\/animefigurer.se\/#organization"},"potentialAction":[{"@type":"SearchAction","target":{"@type":"EntryPoint","urlTemplate":"https:\/\/animefigurer.se\/?s={search_term_string}"},"query-input":{"@type":"PropertyValueSpecification","valueRequired":true,"valueName":"search_term_string"}}],"inLanguage":"en-GB"},{"@type":"Organization","@id":"https:\/\/animefigurer.se\/#organization","name":"Animefigurer.se","alternateName":"Anime figurer | Anime shop","url":"https:\/\/animefigurer.se\/","logo":{"@type":"ImageObject","inLanguage":"en-GB","@id":"https:\/\/animefigurer.se\/#\/schema\/logo\/image\/","url":"https:\/\/animefigurer.se\/wp-content\/uploads\/2025\/12\/Animefigurer_logowhite.png","contentUrl":"https:\/\/animefigurer.se\/wp-content\/uploads\/2025\/12\/Animefigurer_logowhite.png","width":1890,"height":1417,"caption":"Animefigurer.se"},"image":{"@id":"https:\/\/animefigurer.se\/#\/schema\/logo\/image\/"},"sameAs":["https:\/\/www.facebook.com\/profile.php?id=61581826539670","https:\/\/www.instagram.com\/animefigurer.se\/"],"email":"info@animefigurer.se"}]}},"_links":{"self":[{"href":"https:\/\/animefigurer.se\/en\/wp-json\/wp\/v2\/product\/90681","targetHints":{"allow":["GET"]}}],"collection":[{"href":"https:\/\/animefigurer.se\/en\/wp-json\/wp\/v2\/product"}],"about":[{"href":"https:\/\/animefigurer.se\/en\/wp-json\/wp\/v2\/types\/product"}],"replies":[{"embeddable":true,"href":"https:\/\/animefigurer.se\/en\/wp-json\/wp\/v2\/comments?post=90681"}],"wp:featuredmedia":[{"embeddable":true,"href":"https:\/\/animefigurer.se\/en\/wp-json\/wp\/v2\/media\/90682"}],"wp:attachment":[{"href":"https:\/\/animefigurer.se\/en\/wp-json\/wp\/v2\/media?parent=90681"}],"wp:term":[{"taxonomy":"product_brand","embeddable":true,"href":"https:\/\/animefigurer.se\/en\/wp-json\/wp\/v2\/product_brand?post=90681"},{"taxonomy":"product_cat","embeddable":true,"href":"https:\/\/animefigurer.se\/en\/wp-json\/wp\/v2\/product_cat?post=90681"},{"taxonomy":"product_tag","embeddable":true,"href":"https:\/\/animefigurer.se\/en\/wp-json\/wp\/v2\/product_tag?post=90681"},{"taxonomy":"giftcard-category","embeddable":true,"href":"https:\/\/animefigurer.se\/en\/wp-json\/wp\/v2\/giftcard-category?post=90681"}],"curies":[{"name":"wp","href":"https:\/\/api.w.org\/{rel}","templated":true}]}}