{"id":90675,"date":"2026-02-27T15:52:15","date_gmt":"2026-02-27T14:52:15","guid":{"rendered":"https:\/\/animefigurer.se\/?post_type=product&#038;p=90675"},"modified":"2026-02-27T15:52:15","modified_gmt":"2026-02-27T14:52:15","slug":"persona5-royal-pop-up-parade-joker-l-size","status":"publish","type":"product","link":"https:\/\/animefigurer.se\/en\/figurer\/persona-5\/persona5-royal-pop-up-parade-joker-l-size\/","title":{"rendered":"Persona5 Royal: POP UP PARADE Joker L Size"},"content":{"rendered":"<p data-start=\"137\" data-end=\"632\">This <strong data-start=\"143\" data-end=\"170\">POP UP PARADE L size<\/strong>figure from Good Smile Company delivers the same feel as a scale figure with greater presence and detail. Joker is rendered in painted plastic with a sturdy stand included, and measures approx. <strong data-start=\"367\" data-end=\"384\">210 mm in height<\/strong> \u2013 perfect for being the focus of your display. The figure is carefully designed by the sculptor <strong data-start=\"473\" data-end=\"496\">Jonji (CONNECTRECT)<\/strong> with color details of <strong data-start=\"517\" data-end=\"542\">Tomofumi (WATANA BOX)<\/strong>, providing a vivid and faithful interpretation of the Phantom Thief leader straight from the game.<\/p>\n<p data-start=\"634\" data-end=\"936\">With its dynamic expression and elegant pose, this is a surefire centerpiece for fans of the Persona series and collectors who want something with a powerful visual impact. Limited to <strong data-start=\"817\" data-end=\"837\">maximum 3 per person<\/strong> during the pre-order period, making this a sought-after addition to your shelf or display case.<\/p>","protected":false},"excerpt":{"rendered":"<p>Denna POP UP PARADE L-storlek-figur fr\u00e5n Good Smile Company levererar samma k\u00e4nsla som en scale-figur med en st\u00f6rre n\u00e4rvaro och detaljrikedom. Joker \u00e4r \u00e5tergiven i m\u00e5lad plast med ett robust stativ inkluderat, och m\u00e4ter cirka 210 mm i h\u00f6jd \u2013 perfekt f\u00f6r att st\u00e5 i fokus i din display. Figuren \u00e4r noggrant designad av skulpt\u00f6ren [&hellip;]<\/p>\n","protected":false},"featured_media":90676,"comment_status":"open","ping_status":"closed","template":"","meta":{"_acf_changed":false,"_monsterinsights_skip_tracking":false,"_monsterinsights_sitenote_active":false,"_monsterinsights_sitenote_note":"","_monsterinsights_sitenote_category":0},"product_brand":[6890],"product_cat":[4435],"product_tag":[26],"giftcard-category":[],"class_list":{"0":"post-90675","1":"product","2":"type-product","3":"status-publish","4":"has-post-thumbnail","6":"product_brand-good-smile-company","7":"product_cat-persona-5","8":"product_tag-pre-order","9":"pa_franchise-persona-5-royal","10":"pa_karaktar-joker","11":"pa_material-plastic","12":"pa_storlek-21-cm","14":"first","15":"instock","16":"taxable","17":"shipping-taxable","18":"purchasable","19":"product-type-simple"},"acf":[],"yoast_head":"<!-- This site is optimized with the Yoast SEO Premium plugin v24.6 (Yoast SEO v27.3) - https:\/\/yoast.com\/product\/yoast-seo-premium-wordpress\/ -->\n<title>Persona5 Royal: POP UP PARADE Joker L Size | Animefigurer.se<\/title>\n<meta name=\"robots\" content=\"index, follow, max-snippet:-1, max-image-preview:large, max-video-preview:-1\" \/>\n<link rel=\"canonical\" href=\"https:\/\/animefigurer.se\/en\/figurer\/persona-5\/persona5-royal-pop-up-parade-joker-l-size\/\" \/>\n<meta property=\"og:locale\" content=\"en_GB\" \/>\n<meta property=\"og:type\" content=\"article\" \/>\n<meta property=\"og:title\" content=\"Persona5 Royal: POP UP PARADE Joker L Size\" \/>\n<meta property=\"og:description\" content=\"Denna POP UP PARADE L-storlek-figur fr\u00e5n Good Smile Company levererar samma k\u00e4nsla som en scale-figur med en st\u00f6rre n\u00e4rvaro och detaljrikedom. Joker \u00e4r \u00e5tergiven i m\u00e5lad plast med ett robust stativ inkluderat, och m\u00e4ter cirka 210 mm i h\u00f6jd \u2013 perfekt f\u00f6r att st\u00e5 i fokus i din display. Figuren \u00e4r noggrant designad av skulpt\u00f6ren [&hellip;]\" \/>\n<meta property=\"og:url\" content=\"https:\/\/animefigurer.se\/en\/figurer\/persona-5\/persona5-royal-pop-up-parade-joker-l-size\/\" \/>\n<meta property=\"og:site_name\" content=\"Animefigurer.se\" \/>\n<meta property=\"article:publisher\" content=\"https:\/\/www.facebook.com\/profile.php?id=61581826539670\" \/>\n<meta property=\"og:image\" content=\"https:\/\/animefigurer.se\/wp-content\/uploads\/2026\/02\/rGvuqn3kVBe6cZ4RM28AF1CydT9UgQPL.webp\" \/>\n\t<meta property=\"og:image:width\" content=\"750\" \/>\n\t<meta property=\"og:image:height\" content=\"1050\" \/>\n\t<meta property=\"og:image:type\" content=\"image\/webp\" \/>\n<meta name=\"twitter:card\" content=\"summary_large_image\" \/>\n<meta name=\"twitter:label1\" content=\"Estimated reading time\" \/>\n\t<meta name=\"twitter:data1\" content=\"1 minute\" \/>\n<script type=\"application\/ld+json\" class=\"yoast-schema-graph\">{\"@context\":\"https:\\\/\\\/schema.org\",\"@graph\":[{\"@type\":\"WebPage\",\"@id\":\"https:\\\/\\\/animefigurer.se\\\/figurer\\\/persona-5\\\/persona5-royal-pop-up-parade-joker-l-size\\\/\",\"url\":\"https:\\\/\\\/animefigurer.se\\\/figurer\\\/persona-5\\\/persona5-royal-pop-up-parade-joker-l-size\\\/\",\"name\":\"Persona5 Royal: POP UP PARADE Joker L Size | Animefigurer.se\",\"isPartOf\":{\"@id\":\"https:\\\/\\\/animefigurer.se\\\/#website\"},\"primaryImageOfPage\":{\"@id\":\"https:\\\/\\\/animefigurer.se\\\/figurer\\\/persona-5\\\/persona5-royal-pop-up-parade-joker-l-size\\\/#primaryimage\"},\"image\":{\"@id\":\"https:\\\/\\\/animefigurer.se\\\/figurer\\\/persona-5\\\/persona5-royal-pop-up-parade-joker-l-size\\\/#primaryimage\"},\"thumbnailUrl\":\"https:\\\/\\\/animefigurer.se\\\/wp-content\\\/uploads\\\/2026\\\/02\\\/rGvuqn3kVBe6cZ4RM28AF1CydT9UgQPL.webp\",\"datePublished\":\"2026-02-27T14:52:15+00:00\",\"breadcrumb\":{\"@id\":\"https:\\\/\\\/animefigurer.se\\\/figurer\\\/persona-5\\\/persona5-royal-pop-up-parade-joker-l-size\\\/#breadcrumb\"},\"inLanguage\":\"en-GB\",\"potentialAction\":[{\"@type\":\"ReadAction\",\"target\":[\"https:\\\/\\\/animefigurer.se\\\/figurer\\\/persona-5\\\/persona5-royal-pop-up-parade-joker-l-size\\\/\"]}]},{\"@type\":\"ImageObject\",\"inLanguage\":\"en-GB\",\"@id\":\"https:\\\/\\\/animefigurer.se\\\/figurer\\\/persona-5\\\/persona5-royal-pop-up-parade-joker-l-size\\\/#primaryimage\",\"url\":\"https:\\\/\\\/animefigurer.se\\\/wp-content\\\/uploads\\\/2026\\\/02\\\/rGvuqn3kVBe6cZ4RM28AF1CydT9UgQPL.webp\",\"contentUrl\":\"https:\\\/\\\/animefigurer.se\\\/wp-content\\\/uploads\\\/2026\\\/02\\\/rGvuqn3kVBe6cZ4RM28AF1CydT9UgQPL.webp\",\"width\":750,\"height\":1050,\"caption\":\"Persona5 Royal: POP UP PARADE Joker L Size\"},{\"@type\":\"BreadcrumbList\",\"@id\":\"https:\\\/\\\/animefigurer.se\\\/figurer\\\/persona-5\\\/persona5-royal-pop-up-parade-joker-l-size\\\/#breadcrumb\",\"itemListElement\":[{\"@type\":\"ListItem\",\"position\":1,\"name\":\"Home\",\"item\":\"https:\\\/\\\/animefigurer.se\\\/\"},{\"@type\":\"ListItem\",\"position\":2,\"name\":\"Butik\",\"item\":\"https:\\\/\\\/animefigurer.se\\\/figurer\\\/\"},{\"@type\":\"ListItem\",\"position\":3,\"name\":\"Persona5 Royal: POP UP PARADE Joker L Size\"}]},{\"@type\":\"WebSite\",\"@id\":\"https:\\\/\\\/animefigurer.se\\\/#website\",\"url\":\"https:\\\/\\\/animefigurer.se\\\/\",\"name\":\"Animefigurer.se\",\"description\":\"Anime figurer fr\u00e5n \u00f6ver 300 olika anime serier med \u00f6ver 9000 produkter | Anime Shop\",\"publisher\":{\"@id\":\"https:\\\/\\\/animefigurer.se\\\/#organization\"},\"potentialAction\":[{\"@type\":\"SearchAction\",\"target\":{\"@type\":\"EntryPoint\",\"urlTemplate\":\"https:\\\/\\\/animefigurer.se\\\/?s={search_term_string}\"},\"query-input\":{\"@type\":\"PropertyValueSpecification\",\"valueRequired\":true,\"valueName\":\"search_term_string\"}}],\"inLanguage\":\"en-GB\"},{\"@type\":\"Organization\",\"@id\":\"https:\\\/\\\/animefigurer.se\\\/#organization\",\"name\":\"Animefigurer.se\",\"alternateName\":\"Anime figurer | Anime shop\",\"url\":\"https:\\\/\\\/animefigurer.se\\\/\",\"logo\":{\"@type\":\"ImageObject\",\"inLanguage\":\"en-GB\",\"@id\":\"https:\\\/\\\/animefigurer.se\\\/#\\\/schema\\\/logo\\\/image\\\/\",\"url\":\"https:\\\/\\\/animefigurer.se\\\/wp-content\\\/uploads\\\/2025\\\/12\\\/Animefigurer_logowhite.png\",\"contentUrl\":\"https:\\\/\\\/animefigurer.se\\\/wp-content\\\/uploads\\\/2025\\\/12\\\/Animefigurer_logowhite.png\",\"width\":1890,\"height\":1417,\"caption\":\"Animefigurer.se\"},\"image\":{\"@id\":\"https:\\\/\\\/animefigurer.se\\\/#\\\/schema\\\/logo\\\/image\\\/\"},\"sameAs\":[\"https:\\\/\\\/www.facebook.com\\\/profile.php?id=61581826539670\",\"https:\\\/\\\/www.instagram.com\\\/animefigurer.se\\\/\"],\"email\":\"info@animefigurer.se\"}]}<\/script>\n<!-- \/ Yoast SEO Premium plugin. -->","yoast_head_json":{"title":"Persona5 Royal: POP UP PARADE Joker L Size | Animefigurer.se","robots":{"index":"index","follow":"follow","max-snippet":"max-snippet:-1","max-image-preview":"max-image-preview:large","max-video-preview":"max-video-preview:-1"},"canonical":"https:\/\/animefigurer.se\/en\/figurer\/persona-5\/persona5-royal-pop-up-parade-joker-l-size\/","og_locale":"en_GB","og_type":"article","og_title":"Persona5 Royal: POP UP PARADE Joker L Size","og_description":"Denna POP UP PARADE L-storlek-figur fr\u00e5n Good Smile Company levererar samma k\u00e4nsla som en scale-figur med en st\u00f6rre n\u00e4rvaro och detaljrikedom. Joker \u00e4r \u00e5tergiven i m\u00e5lad plast med ett robust stativ inkluderat, och m\u00e4ter cirka 210 mm i h\u00f6jd \u2013 perfekt f\u00f6r att st\u00e5 i fokus i din display. Figuren \u00e4r noggrant designad av skulpt\u00f6ren [&hellip;]","og_url":"https:\/\/animefigurer.se\/en\/figurer\/persona-5\/persona5-royal-pop-up-parade-joker-l-size\/","og_site_name":"Animefigurer.se","article_publisher":"https:\/\/www.facebook.com\/profile.php?id=61581826539670","og_image":[{"width":750,"height":1050,"url":"https:\/\/animefigurer.se\/wp-content\/uploads\/2026\/02\/rGvuqn3kVBe6cZ4RM28AF1CydT9UgQPL.webp","type":"image\/webp"}],"twitter_card":"summary_large_image","twitter_misc":{"Estimated reading time":"1 minute"},"schema":{"@context":"https:\/\/schema.org","@graph":[{"@type":"WebPage","@id":"https:\/\/animefigurer.se\/figurer\/persona-5\/persona5-royal-pop-up-parade-joker-l-size\/","url":"https:\/\/animefigurer.se\/figurer\/persona-5\/persona5-royal-pop-up-parade-joker-l-size\/","name":"Persona5 Royal: POP UP PARADE Joker L Size | Animefigurer.se","isPartOf":{"@id":"https:\/\/animefigurer.se\/#website"},"primaryImageOfPage":{"@id":"https:\/\/animefigurer.se\/figurer\/persona-5\/persona5-royal-pop-up-parade-joker-l-size\/#primaryimage"},"image":{"@id":"https:\/\/animefigurer.se\/figurer\/persona-5\/persona5-royal-pop-up-parade-joker-l-size\/#primaryimage"},"thumbnailUrl":"https:\/\/animefigurer.se\/wp-content\/uploads\/2026\/02\/rGvuqn3kVBe6cZ4RM28AF1CydT9UgQPL.webp","datePublished":"2026-02-27T14:52:15+00:00","breadcrumb":{"@id":"https:\/\/animefigurer.se\/figurer\/persona-5\/persona5-royal-pop-up-parade-joker-l-size\/#breadcrumb"},"inLanguage":"en-GB","potentialAction":[{"@type":"ReadAction","target":["https:\/\/animefigurer.se\/figurer\/persona-5\/persona5-royal-pop-up-parade-joker-l-size\/"]}]},{"@type":"ImageObject","inLanguage":"en-GB","@id":"https:\/\/animefigurer.se\/figurer\/persona-5\/persona5-royal-pop-up-parade-joker-l-size\/#primaryimage","url":"https:\/\/animefigurer.se\/wp-content\/uploads\/2026\/02\/rGvuqn3kVBe6cZ4RM28AF1CydT9UgQPL.webp","contentUrl":"https:\/\/animefigurer.se\/wp-content\/uploads\/2026\/02\/rGvuqn3kVBe6cZ4RM28AF1CydT9UgQPL.webp","width":750,"height":1050,"caption":"Persona5 Royal: POP UP PARADE Joker L Size"},{"@type":"BreadcrumbList","@id":"https:\/\/animefigurer.se\/figurer\/persona-5\/persona5-royal-pop-up-parade-joker-l-size\/#breadcrumb","itemListElement":[{"@type":"ListItem","position":1,"name":"Home","item":"https:\/\/animefigurer.se\/"},{"@type":"ListItem","position":2,"name":"Butik","item":"https:\/\/animefigurer.se\/figurer\/"},{"@type":"ListItem","position":3,"name":"Persona5 Royal: POP UP PARADE Joker L Size"}]},{"@type":"WebSite","@id":"https:\/\/animefigurer.se\/#website","url":"https:\/\/animefigurer.se\/","name":"Animefigurer.se","description":"Anime figures from over 300 different anime series with over 9000 products | Anime Shop","publisher":{"@id":"https:\/\/animefigurer.se\/#organization"},"potentialAction":[{"@type":"SearchAction","target":{"@type":"EntryPoint","urlTemplate":"https:\/\/animefigurer.se\/?s={search_term_string}"},"query-input":{"@type":"PropertyValueSpecification","valueRequired":true,"valueName":"search_term_string"}}],"inLanguage":"en-GB"},{"@type":"Organization","@id":"https:\/\/animefigurer.se\/#organization","name":"Animefigurer.se","alternateName":"Anime figurer | Anime shop","url":"https:\/\/animefigurer.se\/","logo":{"@type":"ImageObject","inLanguage":"en-GB","@id":"https:\/\/animefigurer.se\/#\/schema\/logo\/image\/","url":"https:\/\/animefigurer.se\/wp-content\/uploads\/2025\/12\/Animefigurer_logowhite.png","contentUrl":"https:\/\/animefigurer.se\/wp-content\/uploads\/2025\/12\/Animefigurer_logowhite.png","width":1890,"height":1417,"caption":"Animefigurer.se"},"image":{"@id":"https:\/\/animefigurer.se\/#\/schema\/logo\/image\/"},"sameAs":["https:\/\/www.facebook.com\/profile.php?id=61581826539670","https:\/\/www.instagram.com\/animefigurer.se\/"],"email":"info@animefigurer.se"}]}},"_links":{"self":[{"href":"https:\/\/animefigurer.se\/en\/wp-json\/wp\/v2\/product\/90675","targetHints":{"allow":["GET"]}}],"collection":[{"href":"https:\/\/animefigurer.se\/en\/wp-json\/wp\/v2\/product"}],"about":[{"href":"https:\/\/animefigurer.se\/en\/wp-json\/wp\/v2\/types\/product"}],"replies":[{"embeddable":true,"href":"https:\/\/animefigurer.se\/en\/wp-json\/wp\/v2\/comments?post=90675"}],"wp:featuredmedia":[{"embeddable":true,"href":"https:\/\/animefigurer.se\/en\/wp-json\/wp\/v2\/media\/90676"}],"wp:attachment":[{"href":"https:\/\/animefigurer.se\/en\/wp-json\/wp\/v2\/media?parent=90675"}],"wp:term":[{"taxonomy":"product_brand","embeddable":true,"href":"https:\/\/animefigurer.se\/en\/wp-json\/wp\/v2\/product_brand?post=90675"},{"taxonomy":"product_cat","embeddable":true,"href":"https:\/\/animefigurer.se\/en\/wp-json\/wp\/v2\/product_cat?post=90675"},{"taxonomy":"product_tag","embeddable":true,"href":"https:\/\/animefigurer.se\/en\/wp-json\/wp\/v2\/product_tag?post=90675"},{"taxonomy":"giftcard-category","embeddable":true,"href":"https:\/\/animefigurer.se\/en\/wp-json\/wp\/v2\/giftcard-category?post=90675"}],"curies":[{"name":"wp","href":"https:\/\/api.w.org\/{rel}","templated":true}]}}