{"id":90660,"date":"2026-02-26T18:32:21","date_gmt":"2026-02-26T17:32:21","guid":{"rendered":"https:\/\/animefigurer.se\/?post_type=product&#038;p=90660"},"modified":"2026-02-26T18:32:21","modified_gmt":"2026-02-26T17:32:21","slug":"pop-up-parade-hatsune-miku-cinnamoroll-collaboration-ver-l-size","status":"publish","type":"product","link":"https:\/\/animefigurer.se\/en\/figurer\/hatsune-miku\/pop-up-parade-hatsune-miku-cinnamoroll-collaboration-ver-l-size\/","title":{"rendered":"POP UP PARADE Hatsune Miku: Cinnamoroll Collaboration Ver. L Size"},"content":{"rendered":"<p data-start=\"84\" data-end=\"486\">Take your figures collection to new heights with this charming <strong data-start=\"142\" data-end=\"211\">POP UP PARADE figure of Hatsune Miku in Cinnamoroll collaboration design<\/strong> from Good Smile Company! The figure shows Miku in a playful, energetic pose with details inspired by the beloved <em data-start=\"327\" data-end=\"355\">Hatsune Miku \u00d7 Cinnamoroll<\/em>collection \u2014 a perfect mix of the idol&#039;s iconic aesthetic and Sanrio&#039;s soft pastel details.<\/p>\n<p data-start=\"488\" data-end=\"961\">Made in <strong data-start=\"501\" data-end=\"516\">painted plastic<\/strong> and delivered complete with <strong data-start=\"544\" data-end=\"554\">stand<\/strong>, this figure stands approximately <strong data-start=\"579\" data-end=\"589\">230mm<\/strong> high \u2013 giving the same visual impact as a larger scale figure, but in a POP UP PARADE format with lots of character. The figure&#039;s dynamic design and vibrant color scheme make it an eye-catching addition to your display, ideal for shelves, desks or as a centerpiece in an anime collection.<\/p>\n<p data-start=\"963\" data-end=\"1102\">A great choice for both Hatsune Miku fans and collectors who want something unique and decorative \u2014 ready to display right out of the box.<\/p>","protected":false},"excerpt":{"rendered":"<p>Ta din figures-samling till nya h\u00f6jder med denna charmiga POP UP PARADE-figur av Hatsune Miku i Cinnamoroll-samarbetsdesign fr\u00e5n Good Smile Company! Figuren visar Miku i en lekfull, energifylld pose med detaljer inspirerade av den \u00e4lskade Hatsune Miku \u00d7 Cinnamoroll-kollektionen \u2014 en perfekt mix av idolens ikoniska estetik och Sanrios mjuka pastelldetaljer. Tillverkad i m\u00e5lad plast [&hellip;]<\/p>\n","protected":false},"featured_media":90661,"comment_status":"open","ping_status":"closed","template":"","meta":{"_acf_changed":false,"_monsterinsights_skip_tracking":false,"_monsterinsights_sitenote_active":false,"_monsterinsights_sitenote_note":"","_monsterinsights_sitenote_category":0},"product_brand":[6890],"product_cat":[2832],"product_tag":[26],"giftcard-category":[],"class_list":{"0":"post-90660","1":"product","2":"type-product","3":"status-publish","4":"has-post-thumbnail","6":"product_brand-good-smile-company","7":"product_cat-hatsune-miku","8":"product_tag-pre-order","9":"pa_franchise-hatsune-miku-x-cinnamoroll","10":"pa_karaktar-hatsune-miku","11":"pa_material-plastic","12":"pa_produktserie-pop-up-parade","13":"pa_storlek-23-cm","15":"first","16":"instock","17":"taxable","18":"shipping-taxable","19":"purchasable","20":"product-type-simple"},"acf":[],"yoast_head":"<!-- This site is optimized with the Yoast SEO Premium plugin v24.6 (Yoast SEO v27.4) - https:\/\/yoast.com\/product\/yoast-seo-premium-wordpress\/ -->\n<title>POP UP PARADE Hatsune Miku: Cinnamoroll Collaboration Ver. L Size | Animefigurer.se<\/title>\n<meta name=\"robots\" content=\"index, follow, max-snippet:-1, max-image-preview:large, max-video-preview:-1\" \/>\n<link rel=\"canonical\" href=\"https:\/\/animefigurer.se\/en\/figurer\/hatsune-miku\/pop-up-parade-hatsune-miku-cinnamoroll-collaboration-ver-l-size\/\" \/>\n<meta property=\"og:locale\" content=\"en_GB\" \/>\n<meta property=\"og:type\" content=\"article\" \/>\n<meta property=\"og:title\" content=\"POP UP PARADE Hatsune Miku: Cinnamoroll Collaboration Ver. L Size\" \/>\n<meta property=\"og:description\" content=\"Ta din figures-samling till nya h\u00f6jder med denna charmiga POP UP PARADE-figur av Hatsune Miku i Cinnamoroll-samarbetsdesign fr\u00e5n Good Smile Company! Figuren visar Miku i en lekfull, energifylld pose med detaljer inspirerade av den \u00e4lskade Hatsune Miku \u00d7 Cinnamoroll-kollektionen \u2014 en perfekt mix av idolens ikoniska estetik och Sanrios mjuka pastelldetaljer. Tillverkad i m\u00e5lad plast [&hellip;]\" \/>\n<meta property=\"og:url\" content=\"https:\/\/animefigurer.se\/en\/figurer\/hatsune-miku\/pop-up-parade-hatsune-miku-cinnamoroll-collaboration-ver-l-size\/\" \/>\n<meta property=\"og:site_name\" content=\"Animefigurer.se\" \/>\n<meta property=\"article:publisher\" content=\"https:\/\/www.facebook.com\/profile.php?id=61581826539670\" \/>\n<meta property=\"og:image\" content=\"https:\/\/animefigurer.se\/wp-content\/uploads\/2026\/02\/6xnz4fATYWjJCFLsNR0mrZuQbw59MBh1.webp\" \/>\n\t<meta property=\"og:image:width\" content=\"750\" \/>\n\t<meta property=\"og:image:height\" content=\"1066\" \/>\n\t<meta property=\"og:image:type\" content=\"image\/webp\" \/>\n<meta name=\"twitter:card\" content=\"summary_large_image\" \/>\n<meta name=\"twitter:label1\" content=\"Estimated reading time\" \/>\n\t<meta name=\"twitter:data1\" content=\"1 minute\" \/>\n<script type=\"application\/ld+json\" class=\"yoast-schema-graph\">{\"@context\":\"https:\\\/\\\/schema.org\",\"@graph\":[{\"@type\":\"WebPage\",\"@id\":\"https:\\\/\\\/animefigurer.se\\\/figurer\\\/hatsune-miku\\\/pop-up-parade-hatsune-miku-cinnamoroll-collaboration-ver-l-size\\\/\",\"url\":\"https:\\\/\\\/animefigurer.se\\\/figurer\\\/hatsune-miku\\\/pop-up-parade-hatsune-miku-cinnamoroll-collaboration-ver-l-size\\\/\",\"name\":\"POP UP PARADE Hatsune Miku: Cinnamoroll Collaboration Ver. L Size | Animefigurer.se\",\"isPartOf\":{\"@id\":\"https:\\\/\\\/animefigurer.se\\\/#website\"},\"primaryImageOfPage\":{\"@id\":\"https:\\\/\\\/animefigurer.se\\\/figurer\\\/hatsune-miku\\\/pop-up-parade-hatsune-miku-cinnamoroll-collaboration-ver-l-size\\\/#primaryimage\"},\"image\":{\"@id\":\"https:\\\/\\\/animefigurer.se\\\/figurer\\\/hatsune-miku\\\/pop-up-parade-hatsune-miku-cinnamoroll-collaboration-ver-l-size\\\/#primaryimage\"},\"thumbnailUrl\":\"https:\\\/\\\/animefigurer.se\\\/wp-content\\\/uploads\\\/2026\\\/02\\\/6xnz4fATYWjJCFLsNR0mrZuQbw59MBh1.webp\",\"datePublished\":\"2026-02-26T17:32:21+00:00\",\"breadcrumb\":{\"@id\":\"https:\\\/\\\/animefigurer.se\\\/figurer\\\/hatsune-miku\\\/pop-up-parade-hatsune-miku-cinnamoroll-collaboration-ver-l-size\\\/#breadcrumb\"},\"inLanguage\":\"en-GB\",\"potentialAction\":[{\"@type\":\"ReadAction\",\"target\":[\"https:\\\/\\\/animefigurer.se\\\/figurer\\\/hatsune-miku\\\/pop-up-parade-hatsune-miku-cinnamoroll-collaboration-ver-l-size\\\/\"]}]},{\"@type\":\"ImageObject\",\"inLanguage\":\"en-GB\",\"@id\":\"https:\\\/\\\/animefigurer.se\\\/figurer\\\/hatsune-miku\\\/pop-up-parade-hatsune-miku-cinnamoroll-collaboration-ver-l-size\\\/#primaryimage\",\"url\":\"https:\\\/\\\/animefigurer.se\\\/wp-content\\\/uploads\\\/2026\\\/02\\\/6xnz4fATYWjJCFLsNR0mrZuQbw59MBh1.webp\",\"contentUrl\":\"https:\\\/\\\/animefigurer.se\\\/wp-content\\\/uploads\\\/2026\\\/02\\\/6xnz4fATYWjJCFLsNR0mrZuQbw59MBh1.webp\",\"width\":750,\"height\":1066,\"caption\":\"POP UP PARADE Hatsune Miku: Cinnamoroll Collaboration Ver. L Size\"},{\"@type\":\"BreadcrumbList\",\"@id\":\"https:\\\/\\\/animefigurer.se\\\/figurer\\\/hatsune-miku\\\/pop-up-parade-hatsune-miku-cinnamoroll-collaboration-ver-l-size\\\/#breadcrumb\",\"itemListElement\":[{\"@type\":\"ListItem\",\"position\":1,\"name\":\"Home\",\"item\":\"https:\\\/\\\/animefigurer.se\\\/\"},{\"@type\":\"ListItem\",\"position\":2,\"name\":\"Butik\",\"item\":\"https:\\\/\\\/animefigurer.se\\\/figurer\\\/\"},{\"@type\":\"ListItem\",\"position\":3,\"name\":\"POP UP PARADE Hatsune Miku: Cinnamoroll Collaboration Ver. L Size\"}]},{\"@type\":\"WebSite\",\"@id\":\"https:\\\/\\\/animefigurer.se\\\/#website\",\"url\":\"https:\\\/\\\/animefigurer.se\\\/\",\"name\":\"Animefigurer.se\",\"description\":\"Anime figurer fr\u00e5n \u00f6ver 300 olika anime serier med \u00f6ver 9000 produkter | Anime Shop\",\"publisher\":{\"@id\":\"https:\\\/\\\/animefigurer.se\\\/#organization\"},\"potentialAction\":[{\"@type\":\"SearchAction\",\"target\":{\"@type\":\"EntryPoint\",\"urlTemplate\":\"https:\\\/\\\/animefigurer.se\\\/?s={search_term_string}\"},\"query-input\":{\"@type\":\"PropertyValueSpecification\",\"valueRequired\":true,\"valueName\":\"search_term_string\"}}],\"inLanguage\":\"en-GB\"},{\"@type\":\"Organization\",\"@id\":\"https:\\\/\\\/animefigurer.se\\\/#organization\",\"name\":\"Animefigurer.se\",\"alternateName\":\"Anime figurer | Anime shop\",\"url\":\"https:\\\/\\\/animefigurer.se\\\/\",\"logo\":{\"@type\":\"ImageObject\",\"inLanguage\":\"en-GB\",\"@id\":\"https:\\\/\\\/animefigurer.se\\\/#\\\/schema\\\/logo\\\/image\\\/\",\"url\":\"https:\\\/\\\/animefigurer.se\\\/wp-content\\\/uploads\\\/2025\\\/12\\\/Animefigurer_logowhite.png\",\"contentUrl\":\"https:\\\/\\\/animefigurer.se\\\/wp-content\\\/uploads\\\/2025\\\/12\\\/Animefigurer_logowhite.png\",\"width\":1890,\"height\":1417,\"caption\":\"Animefigurer.se\"},\"image\":{\"@id\":\"https:\\\/\\\/animefigurer.se\\\/#\\\/schema\\\/logo\\\/image\\\/\"},\"sameAs\":[\"https:\\\/\\\/www.facebook.com\\\/profile.php?id=61581826539670\",\"https:\\\/\\\/www.instagram.com\\\/animefigurer.se\\\/\"],\"email\":\"info@animefigurer.se\"}]}<\/script>\n<!-- \/ Yoast SEO Premium plugin. -->","yoast_head_json":{"title":"POP UP PARADE Hatsune Miku: Cinnamoroll Collaboration Ver. L Size | Animefigurer.se","robots":{"index":"index","follow":"follow","max-snippet":"max-snippet:-1","max-image-preview":"max-image-preview:large","max-video-preview":"max-video-preview:-1"},"canonical":"https:\/\/animefigurer.se\/en\/figurer\/hatsune-miku\/pop-up-parade-hatsune-miku-cinnamoroll-collaboration-ver-l-size\/","og_locale":"en_GB","og_type":"article","og_title":"POP UP PARADE Hatsune Miku: Cinnamoroll Collaboration Ver. L Size","og_description":"Ta din figures-samling till nya h\u00f6jder med denna charmiga POP UP PARADE-figur av Hatsune Miku i Cinnamoroll-samarbetsdesign fr\u00e5n Good Smile Company! Figuren visar Miku i en lekfull, energifylld pose med detaljer inspirerade av den \u00e4lskade Hatsune Miku \u00d7 Cinnamoroll-kollektionen \u2014 en perfekt mix av idolens ikoniska estetik och Sanrios mjuka pastelldetaljer. Tillverkad i m\u00e5lad plast [&hellip;]","og_url":"https:\/\/animefigurer.se\/en\/figurer\/hatsune-miku\/pop-up-parade-hatsune-miku-cinnamoroll-collaboration-ver-l-size\/","og_site_name":"Animefigurer.se","article_publisher":"https:\/\/www.facebook.com\/profile.php?id=61581826539670","og_image":[{"width":750,"height":1066,"url":"https:\/\/animefigurer.se\/wp-content\/uploads\/2026\/02\/6xnz4fATYWjJCFLsNR0mrZuQbw59MBh1.webp","type":"image\/webp"}],"twitter_card":"summary_large_image","twitter_misc":{"Estimated reading time":"1 minute"},"schema":{"@context":"https:\/\/schema.org","@graph":[{"@type":"WebPage","@id":"https:\/\/animefigurer.se\/figurer\/hatsune-miku\/pop-up-parade-hatsune-miku-cinnamoroll-collaboration-ver-l-size\/","url":"https:\/\/animefigurer.se\/figurer\/hatsune-miku\/pop-up-parade-hatsune-miku-cinnamoroll-collaboration-ver-l-size\/","name":"POP UP PARADE Hatsune Miku: Cinnamoroll Collaboration Ver. L Size | Animefigurer.se","isPartOf":{"@id":"https:\/\/animefigurer.se\/#website"},"primaryImageOfPage":{"@id":"https:\/\/animefigurer.se\/figurer\/hatsune-miku\/pop-up-parade-hatsune-miku-cinnamoroll-collaboration-ver-l-size\/#primaryimage"},"image":{"@id":"https:\/\/animefigurer.se\/figurer\/hatsune-miku\/pop-up-parade-hatsune-miku-cinnamoroll-collaboration-ver-l-size\/#primaryimage"},"thumbnailUrl":"https:\/\/animefigurer.se\/wp-content\/uploads\/2026\/02\/6xnz4fATYWjJCFLsNR0mrZuQbw59MBh1.webp","datePublished":"2026-02-26T17:32:21+00:00","breadcrumb":{"@id":"https:\/\/animefigurer.se\/figurer\/hatsune-miku\/pop-up-parade-hatsune-miku-cinnamoroll-collaboration-ver-l-size\/#breadcrumb"},"inLanguage":"en-GB","potentialAction":[{"@type":"ReadAction","target":["https:\/\/animefigurer.se\/figurer\/hatsune-miku\/pop-up-parade-hatsune-miku-cinnamoroll-collaboration-ver-l-size\/"]}]},{"@type":"ImageObject","inLanguage":"en-GB","@id":"https:\/\/animefigurer.se\/figurer\/hatsune-miku\/pop-up-parade-hatsune-miku-cinnamoroll-collaboration-ver-l-size\/#primaryimage","url":"https:\/\/animefigurer.se\/wp-content\/uploads\/2026\/02\/6xnz4fATYWjJCFLsNR0mrZuQbw59MBh1.webp","contentUrl":"https:\/\/animefigurer.se\/wp-content\/uploads\/2026\/02\/6xnz4fATYWjJCFLsNR0mrZuQbw59MBh1.webp","width":750,"height":1066,"caption":"POP UP PARADE Hatsune Miku: Cinnamoroll Collaboration Ver. L Size"},{"@type":"BreadcrumbList","@id":"https:\/\/animefigurer.se\/figurer\/hatsune-miku\/pop-up-parade-hatsune-miku-cinnamoroll-collaboration-ver-l-size\/#breadcrumb","itemListElement":[{"@type":"ListItem","position":1,"name":"Home","item":"https:\/\/animefigurer.se\/"},{"@type":"ListItem","position":2,"name":"Butik","item":"https:\/\/animefigurer.se\/figurer\/"},{"@type":"ListItem","position":3,"name":"POP UP PARADE Hatsune Miku: Cinnamoroll Collaboration Ver. L Size"}]},{"@type":"WebSite","@id":"https:\/\/animefigurer.se\/#website","url":"https:\/\/animefigurer.se\/","name":"Animefigurer.se","description":"Anime figures from over 300 different anime series with over 9000 products | Anime Shop","publisher":{"@id":"https:\/\/animefigurer.se\/#organization"},"potentialAction":[{"@type":"SearchAction","target":{"@type":"EntryPoint","urlTemplate":"https:\/\/animefigurer.se\/?s={search_term_string}"},"query-input":{"@type":"PropertyValueSpecification","valueRequired":true,"valueName":"search_term_string"}}],"inLanguage":"en-GB"},{"@type":"Organization","@id":"https:\/\/animefigurer.se\/#organization","name":"Animefigurer.se","alternateName":"Anime figurer | Anime shop","url":"https:\/\/animefigurer.se\/","logo":{"@type":"ImageObject","inLanguage":"en-GB","@id":"https:\/\/animefigurer.se\/#\/schema\/logo\/image\/","url":"https:\/\/animefigurer.se\/wp-content\/uploads\/2025\/12\/Animefigurer_logowhite.png","contentUrl":"https:\/\/animefigurer.se\/wp-content\/uploads\/2025\/12\/Animefigurer_logowhite.png","width":1890,"height":1417,"caption":"Animefigurer.se"},"image":{"@id":"https:\/\/animefigurer.se\/#\/schema\/logo\/image\/"},"sameAs":["https:\/\/www.facebook.com\/profile.php?id=61581826539670","https:\/\/www.instagram.com\/animefigurer.se\/"],"email":"info@animefigurer.se"}]}},"_links":{"self":[{"href":"https:\/\/animefigurer.se\/en\/wp-json\/wp\/v2\/product\/90660","targetHints":{"allow":["GET"]}}],"collection":[{"href":"https:\/\/animefigurer.se\/en\/wp-json\/wp\/v2\/product"}],"about":[{"href":"https:\/\/animefigurer.se\/en\/wp-json\/wp\/v2\/types\/product"}],"replies":[{"embeddable":true,"href":"https:\/\/animefigurer.se\/en\/wp-json\/wp\/v2\/comments?post=90660"}],"wp:featuredmedia":[{"embeddable":true,"href":"https:\/\/animefigurer.se\/en\/wp-json\/wp\/v2\/media\/90661"}],"wp:attachment":[{"href":"https:\/\/animefigurer.se\/en\/wp-json\/wp\/v2\/media?parent=90660"}],"wp:term":[{"taxonomy":"product_brand","embeddable":true,"href":"https:\/\/animefigurer.se\/en\/wp-json\/wp\/v2\/product_brand?post=90660"},{"taxonomy":"product_cat","embeddable":true,"href":"https:\/\/animefigurer.se\/en\/wp-json\/wp\/v2\/product_cat?post=90660"},{"taxonomy":"product_tag","embeddable":true,"href":"https:\/\/animefigurer.se\/en\/wp-json\/wp\/v2\/product_tag?post=90660"},{"taxonomy":"giftcard-category","embeddable":true,"href":"https:\/\/animefigurer.se\/en\/wp-json\/wp\/v2\/giftcard-category?post=90660"}],"curies":[{"name":"wp","href":"https:\/\/api.w.org\/{rel}","templated":true}]}}