{"id":90654,"date":"2026-02-27T15:52:14","date_gmt":"2026-02-27T14:52:14","guid":{"rendered":"https:\/\/animefigurer.se\/?post_type=product&#038;p=90654"},"modified":"2026-02-27T15:52:14","modified_gmt":"2026-02-27T14:52:14","slug":"persona5-royal-nendoroid-plus-joker-rubber-mascot","status":"publish","type":"product","link":"https:\/\/animefigurer.se\/en\/figurer\/persona-5\/persona5-royal-nendoroid-plus-joker-rubber-mascot\/","title":{"rendered":"Persona5 Royal: Nendoroid Plus: Joker Rubber Mascot"},"content":{"rendered":"<p data-start=\"41\" data-end=\"447\"><strong data-start=\"41\" data-end=\"82\"><span class=\"inline align-baseline\"><span class=\"whitespace-normal\"><span class=\"hover:entity-accent entity-underline cursor-pointer\">Nendoroid Plus Joker Rubber Mascot<\/span><\/span><\/span><\/strong> is a cute and affordable <em data-start=\"108\" data-end=\"123\">rubber mascot<\/em> from <strong data-start=\"129\" data-end=\"151\">Good Smile Company<\/strong> based on the popular character <strong data-start=\"187\" data-end=\"196\">Joker<\/strong> from <em data-start=\"202\" data-end=\"218\">Persona5 Royal<\/em>. The figure is reproduced in the iconic <strong data-start=\"251\" data-end=\"267\">chibi style<\/strong> that characterizes the Nendoroid design \u2013 just in a compact, softer PVC form that makes it perfect as both a collector&#039;s item and everyday decoration.<\/p>\n<p data-start=\"449\" data-end=\"906\">With a size of approximately <strong data-start=\"473\" data-end=\"482\">80mm<\/strong> This mascot is ideal for adorning shelves, desks, backpacks or collectible displays, and gives your <em data-start=\"588\" data-end=\"598\">Persona5<\/em>-favorites add a little extra character and charm to your collection. This is a fun and easy-going collector&#039;s item that will suit both long-time fans of the series and anyone looking to add something unique to their Nendoroid or mascot lineup.<\/p>","protected":false},"excerpt":{"rendered":"<p>Nendoroid Plus Joker Rubber Mascot \u00e4r en s\u00f6t och prisv\u00e4nlig rubber mascot fr\u00e5n Good Smile Company baserad p\u00e5 den popul\u00e4ra karakt\u00e4ren Joker fr\u00e5n Persona5 Royal. Figuren \u00e5terges i den ikoniska chibi-stilen som k\u00e4nnetecknar Nendoroid-designen \u2013 bara i en kompakt, mjukare PVC-form som g\u00f6r den perfekt b\u00e5de som samlarobjekt och vardaglig dekoration. Med en storlek p\u00e5 [&hellip;]<\/p>\n","protected":false},"featured_media":90655,"comment_status":"open","ping_status":"closed","template":"","meta":{"_acf_changed":false,"_monsterinsights_skip_tracking":false,"_monsterinsights_sitenote_active":false,"_monsterinsights_sitenote_note":"","_monsterinsights_sitenote_category":0},"product_brand":[6890],"product_cat":[4435],"product_tag":[26],"giftcard-category":[],"class_list":{"0":"post-90654","1":"product","2":"type-product","3":"status-publish","4":"has-post-thumbnail","6":"product_brand-good-smile-company","7":"product_cat-persona-5","8":"product_tag-pre-order","9":"pa_franchise-persona-5-royal","10":"pa_karaktar-joker","11":"pa_material-pvc","12":"pa_produktserie-nendoroid-plus","13":"pa_storlek-8-cm","15":"first","16":"instock","17":"taxable","18":"shipping-taxable","19":"purchasable","20":"product-type-simple"},"acf":[],"yoast_head":"<!-- This site is optimized with the Yoast SEO Premium plugin v24.6 (Yoast SEO v27.3) - https:\/\/yoast.com\/product\/yoast-seo-premium-wordpress\/ -->\n<title>Persona5 Royal: Nendoroid Plus: Joker Rubber Mascot | Animefigurer.se<\/title>\n<meta name=\"robots\" content=\"index, follow, max-snippet:-1, max-image-preview:large, max-video-preview:-1\" \/>\n<link rel=\"canonical\" href=\"https:\/\/animefigurer.se\/en\/figurer\/persona-5\/persona5-royal-nendoroid-plus-joker-rubber-mascot\/\" \/>\n<meta property=\"og:locale\" content=\"en_GB\" \/>\n<meta property=\"og:type\" content=\"article\" \/>\n<meta property=\"og:title\" content=\"Persona5 Royal: Nendoroid Plus: Joker Rubber Mascot\" \/>\n<meta property=\"og:description\" content=\"Nendoroid Plus Joker Rubber Mascot \u00e4r en s\u00f6t och prisv\u00e4nlig rubber mascot fr\u00e5n Good Smile Company baserad p\u00e5 den popul\u00e4ra karakt\u00e4ren Joker fr\u00e5n Persona5 Royal. Figuren \u00e5terges i den ikoniska chibi-stilen som k\u00e4nnetecknar Nendoroid-designen \u2013 bara i en kompakt, mjukare PVC-form som g\u00f6r den perfekt b\u00e5de som samlarobjekt och vardaglig dekoration. Med en storlek p\u00e5 [&hellip;]\" \/>\n<meta property=\"og:url\" content=\"https:\/\/animefigurer.se\/en\/figurer\/persona-5\/persona5-royal-nendoroid-plus-joker-rubber-mascot\/\" \/>\n<meta property=\"og:site_name\" content=\"Animefigurer.se\" \/>\n<meta property=\"article:publisher\" content=\"https:\/\/www.facebook.com\/profile.php?id=61581826539670\" \/>\n<meta property=\"og:image\" content=\"https:\/\/animefigurer.se\/wp-content\/uploads\/2026\/02\/39d89997b6126a3715becbf9cc6bab81.webp\" \/>\n\t<meta property=\"og:image:width\" content=\"750\" \/>\n\t<meta property=\"og:image:height\" content=\"750\" \/>\n\t<meta property=\"og:image:type\" content=\"image\/webp\" \/>\n<meta name=\"twitter:card\" content=\"summary_large_image\" \/>\n<meta name=\"twitter:label1\" content=\"Estimated reading time\" \/>\n\t<meta name=\"twitter:data1\" content=\"1 minute\" \/>\n<script type=\"application\/ld+json\" class=\"yoast-schema-graph\">{\"@context\":\"https:\\\/\\\/schema.org\",\"@graph\":[{\"@type\":\"WebPage\",\"@id\":\"https:\\\/\\\/animefigurer.se\\\/figurer\\\/persona-5\\\/persona5-royal-nendoroid-plus-joker-rubber-mascot\\\/\",\"url\":\"https:\\\/\\\/animefigurer.se\\\/figurer\\\/persona-5\\\/persona5-royal-nendoroid-plus-joker-rubber-mascot\\\/\",\"name\":\"Persona5 Royal: Nendoroid Plus: Joker Rubber Mascot | Animefigurer.se\",\"isPartOf\":{\"@id\":\"https:\\\/\\\/animefigurer.se\\\/#website\"},\"primaryImageOfPage\":{\"@id\":\"https:\\\/\\\/animefigurer.se\\\/figurer\\\/persona-5\\\/persona5-royal-nendoroid-plus-joker-rubber-mascot\\\/#primaryimage\"},\"image\":{\"@id\":\"https:\\\/\\\/animefigurer.se\\\/figurer\\\/persona-5\\\/persona5-royal-nendoroid-plus-joker-rubber-mascot\\\/#primaryimage\"},\"thumbnailUrl\":\"https:\\\/\\\/animefigurer.se\\\/wp-content\\\/uploads\\\/2026\\\/02\\\/39d89997b6126a3715becbf9cc6bab81.webp\",\"datePublished\":\"2026-02-27T14:52:14+00:00\",\"breadcrumb\":{\"@id\":\"https:\\\/\\\/animefigurer.se\\\/figurer\\\/persona-5\\\/persona5-royal-nendoroid-plus-joker-rubber-mascot\\\/#breadcrumb\"},\"inLanguage\":\"en-GB\",\"potentialAction\":[{\"@type\":\"ReadAction\",\"target\":[\"https:\\\/\\\/animefigurer.se\\\/figurer\\\/persona-5\\\/persona5-royal-nendoroid-plus-joker-rubber-mascot\\\/\"]}]},{\"@type\":\"ImageObject\",\"inLanguage\":\"en-GB\",\"@id\":\"https:\\\/\\\/animefigurer.se\\\/figurer\\\/persona-5\\\/persona5-royal-nendoroid-plus-joker-rubber-mascot\\\/#primaryimage\",\"url\":\"https:\\\/\\\/animefigurer.se\\\/wp-content\\\/uploads\\\/2026\\\/02\\\/39d89997b6126a3715becbf9cc6bab81.webp\",\"contentUrl\":\"https:\\\/\\\/animefigurer.se\\\/wp-content\\\/uploads\\\/2026\\\/02\\\/39d89997b6126a3715becbf9cc6bab81.webp\",\"width\":750,\"height\":750,\"caption\":\"Persona5 Royal: Nendoroid Plus: Joker Rubber Mascot\"},{\"@type\":\"BreadcrumbList\",\"@id\":\"https:\\\/\\\/animefigurer.se\\\/figurer\\\/persona-5\\\/persona5-royal-nendoroid-plus-joker-rubber-mascot\\\/#breadcrumb\",\"itemListElement\":[{\"@type\":\"ListItem\",\"position\":1,\"name\":\"Home\",\"item\":\"https:\\\/\\\/animefigurer.se\\\/\"},{\"@type\":\"ListItem\",\"position\":2,\"name\":\"Butik\",\"item\":\"https:\\\/\\\/animefigurer.se\\\/figurer\\\/\"},{\"@type\":\"ListItem\",\"position\":3,\"name\":\"Persona5 Royal: Nendoroid Plus: Joker Rubber Mascot\"}]},{\"@type\":\"WebSite\",\"@id\":\"https:\\\/\\\/animefigurer.se\\\/#website\",\"url\":\"https:\\\/\\\/animefigurer.se\\\/\",\"name\":\"Animefigurer.se\",\"description\":\"Anime figurer fr\u00e5n \u00f6ver 300 olika anime serier med \u00f6ver 9000 produkter | Anime Shop\",\"publisher\":{\"@id\":\"https:\\\/\\\/animefigurer.se\\\/#organization\"},\"potentialAction\":[{\"@type\":\"SearchAction\",\"target\":{\"@type\":\"EntryPoint\",\"urlTemplate\":\"https:\\\/\\\/animefigurer.se\\\/?s={search_term_string}\"},\"query-input\":{\"@type\":\"PropertyValueSpecification\",\"valueRequired\":true,\"valueName\":\"search_term_string\"}}],\"inLanguage\":\"en-GB\"},{\"@type\":\"Organization\",\"@id\":\"https:\\\/\\\/animefigurer.se\\\/#organization\",\"name\":\"Animefigurer.se\",\"alternateName\":\"Anime figurer | Anime shop\",\"url\":\"https:\\\/\\\/animefigurer.se\\\/\",\"logo\":{\"@type\":\"ImageObject\",\"inLanguage\":\"en-GB\",\"@id\":\"https:\\\/\\\/animefigurer.se\\\/#\\\/schema\\\/logo\\\/image\\\/\",\"url\":\"https:\\\/\\\/animefigurer.se\\\/wp-content\\\/uploads\\\/2025\\\/12\\\/Animefigurer_logowhite.png\",\"contentUrl\":\"https:\\\/\\\/animefigurer.se\\\/wp-content\\\/uploads\\\/2025\\\/12\\\/Animefigurer_logowhite.png\",\"width\":1890,\"height\":1417,\"caption\":\"Animefigurer.se\"},\"image\":{\"@id\":\"https:\\\/\\\/animefigurer.se\\\/#\\\/schema\\\/logo\\\/image\\\/\"},\"sameAs\":[\"https:\\\/\\\/www.facebook.com\\\/profile.php?id=61581826539670\",\"https:\\\/\\\/www.instagram.com\\\/animefigurer.se\\\/\"],\"email\":\"info@animefigurer.se\"}]}<\/script>\n<!-- \/ Yoast SEO Premium plugin. -->","yoast_head_json":{"title":"Persona5 Royal: Nendoroid Plus: Joker Rubber Mascot | Animefigurer.se","robots":{"index":"index","follow":"follow","max-snippet":"max-snippet:-1","max-image-preview":"max-image-preview:large","max-video-preview":"max-video-preview:-1"},"canonical":"https:\/\/animefigurer.se\/en\/figurer\/persona-5\/persona5-royal-nendoroid-plus-joker-rubber-mascot\/","og_locale":"en_GB","og_type":"article","og_title":"Persona5 Royal: Nendoroid Plus: Joker Rubber Mascot","og_description":"Nendoroid Plus Joker Rubber Mascot \u00e4r en s\u00f6t och prisv\u00e4nlig rubber mascot fr\u00e5n Good Smile Company baserad p\u00e5 den popul\u00e4ra karakt\u00e4ren Joker fr\u00e5n Persona5 Royal. Figuren \u00e5terges i den ikoniska chibi-stilen som k\u00e4nnetecknar Nendoroid-designen \u2013 bara i en kompakt, mjukare PVC-form som g\u00f6r den perfekt b\u00e5de som samlarobjekt och vardaglig dekoration. Med en storlek p\u00e5 [&hellip;]","og_url":"https:\/\/animefigurer.se\/en\/figurer\/persona-5\/persona5-royal-nendoroid-plus-joker-rubber-mascot\/","og_site_name":"Animefigurer.se","article_publisher":"https:\/\/www.facebook.com\/profile.php?id=61581826539670","og_image":[{"width":750,"height":750,"url":"https:\/\/animefigurer.se\/wp-content\/uploads\/2026\/02\/39d89997b6126a3715becbf9cc6bab81.webp","type":"image\/webp"}],"twitter_card":"summary_large_image","twitter_misc":{"Estimated reading time":"1 minute"},"schema":{"@context":"https:\/\/schema.org","@graph":[{"@type":"WebPage","@id":"https:\/\/animefigurer.se\/figurer\/persona-5\/persona5-royal-nendoroid-plus-joker-rubber-mascot\/","url":"https:\/\/animefigurer.se\/figurer\/persona-5\/persona5-royal-nendoroid-plus-joker-rubber-mascot\/","name":"Persona5 Royal: Nendoroid Plus: Joker Rubber Mascot | Animefigurer.se","isPartOf":{"@id":"https:\/\/animefigurer.se\/#website"},"primaryImageOfPage":{"@id":"https:\/\/animefigurer.se\/figurer\/persona-5\/persona5-royal-nendoroid-plus-joker-rubber-mascot\/#primaryimage"},"image":{"@id":"https:\/\/animefigurer.se\/figurer\/persona-5\/persona5-royal-nendoroid-plus-joker-rubber-mascot\/#primaryimage"},"thumbnailUrl":"https:\/\/animefigurer.se\/wp-content\/uploads\/2026\/02\/39d89997b6126a3715becbf9cc6bab81.webp","datePublished":"2026-02-27T14:52:14+00:00","breadcrumb":{"@id":"https:\/\/animefigurer.se\/figurer\/persona-5\/persona5-royal-nendoroid-plus-joker-rubber-mascot\/#breadcrumb"},"inLanguage":"en-GB","potentialAction":[{"@type":"ReadAction","target":["https:\/\/animefigurer.se\/figurer\/persona-5\/persona5-royal-nendoroid-plus-joker-rubber-mascot\/"]}]},{"@type":"ImageObject","inLanguage":"en-GB","@id":"https:\/\/animefigurer.se\/figurer\/persona-5\/persona5-royal-nendoroid-plus-joker-rubber-mascot\/#primaryimage","url":"https:\/\/animefigurer.se\/wp-content\/uploads\/2026\/02\/39d89997b6126a3715becbf9cc6bab81.webp","contentUrl":"https:\/\/animefigurer.se\/wp-content\/uploads\/2026\/02\/39d89997b6126a3715becbf9cc6bab81.webp","width":750,"height":750,"caption":"Persona5 Royal: Nendoroid Plus: Joker Rubber Mascot"},{"@type":"BreadcrumbList","@id":"https:\/\/animefigurer.se\/figurer\/persona-5\/persona5-royal-nendoroid-plus-joker-rubber-mascot\/#breadcrumb","itemListElement":[{"@type":"ListItem","position":1,"name":"Home","item":"https:\/\/animefigurer.se\/"},{"@type":"ListItem","position":2,"name":"Butik","item":"https:\/\/animefigurer.se\/figurer\/"},{"@type":"ListItem","position":3,"name":"Persona5 Royal: Nendoroid Plus: Joker Rubber Mascot"}]},{"@type":"WebSite","@id":"https:\/\/animefigurer.se\/#website","url":"https:\/\/animefigurer.se\/","name":"Animefigurer.se","description":"Anime figures from over 300 different anime series with over 9000 products | Anime Shop","publisher":{"@id":"https:\/\/animefigurer.se\/#organization"},"potentialAction":[{"@type":"SearchAction","target":{"@type":"EntryPoint","urlTemplate":"https:\/\/animefigurer.se\/?s={search_term_string}"},"query-input":{"@type":"PropertyValueSpecification","valueRequired":true,"valueName":"search_term_string"}}],"inLanguage":"en-GB"},{"@type":"Organization","@id":"https:\/\/animefigurer.se\/#organization","name":"Animefigurer.se","alternateName":"Anime figurer | Anime shop","url":"https:\/\/animefigurer.se\/","logo":{"@type":"ImageObject","inLanguage":"en-GB","@id":"https:\/\/animefigurer.se\/#\/schema\/logo\/image\/","url":"https:\/\/animefigurer.se\/wp-content\/uploads\/2025\/12\/Animefigurer_logowhite.png","contentUrl":"https:\/\/animefigurer.se\/wp-content\/uploads\/2025\/12\/Animefigurer_logowhite.png","width":1890,"height":1417,"caption":"Animefigurer.se"},"image":{"@id":"https:\/\/animefigurer.se\/#\/schema\/logo\/image\/"},"sameAs":["https:\/\/www.facebook.com\/profile.php?id=61581826539670","https:\/\/www.instagram.com\/animefigurer.se\/"],"email":"info@animefigurer.se"}]}},"_links":{"self":[{"href":"https:\/\/animefigurer.se\/en\/wp-json\/wp\/v2\/product\/90654","targetHints":{"allow":["GET"]}}],"collection":[{"href":"https:\/\/animefigurer.se\/en\/wp-json\/wp\/v2\/product"}],"about":[{"href":"https:\/\/animefigurer.se\/en\/wp-json\/wp\/v2\/types\/product"}],"replies":[{"embeddable":true,"href":"https:\/\/animefigurer.se\/en\/wp-json\/wp\/v2\/comments?post=90654"}],"wp:featuredmedia":[{"embeddable":true,"href":"https:\/\/animefigurer.se\/en\/wp-json\/wp\/v2\/media\/90655"}],"wp:attachment":[{"href":"https:\/\/animefigurer.se\/en\/wp-json\/wp\/v2\/media?parent=90654"}],"wp:term":[{"taxonomy":"product_brand","embeddable":true,"href":"https:\/\/animefigurer.se\/en\/wp-json\/wp\/v2\/product_brand?post=90654"},{"taxonomy":"product_cat","embeddable":true,"href":"https:\/\/animefigurer.se\/en\/wp-json\/wp\/v2\/product_cat?post=90654"},{"taxonomy":"product_tag","embeddable":true,"href":"https:\/\/animefigurer.se\/en\/wp-json\/wp\/v2\/product_tag?post=90654"},{"taxonomy":"giftcard-category","embeddable":true,"href":"https:\/\/animefigurer.se\/en\/wp-json\/wp\/v2\/giftcard-category?post=90654"}],"curies":[{"name":"wp","href":"https:\/\/api.w.org\/{rel}","templated":true}]}}