{"id":90556,"date":"2026-02-21T09:52:00","date_gmt":"2026-02-21T08:52:00","guid":{"rendered":"https:\/\/animefigurer.se\/?post_type=product&#038;p=90556"},"modified":"2026-02-27T15:52:13","modified_gmt":"2026-02-27T14:52:13","slug":"star-wars-andor-pop-tv-vinyl-figure-maarva-9-cm","status":"publish","type":"product","link":"https:\/\/animefigurer.se\/en\/figurer\/star-wars\/star-wars-andor-pop-tv-vinyl-figure-maarva-9-cm\/","title":{"rendered":"Star Wars : Andor POP! TV Vinyl Figure Maarva 9 cm"},"content":{"rendered":"<p>Celebrate your Star Wars collection with this officially licensed <strong data-start=\"122\" data-end=\"152\">Funko POP! figure of Maarva<\/strong> from the series <em data-start=\"165\" data-end=\"172\">Andor<\/em>. The figure is a classic POP! style vinyl bobblehead and stands in an iconic pose that captures the character&#039;s presence in the Rebel Alliance&#039;s fight against the Empire. With its compact height \u2013 approximately <strong data-start=\"354\" data-end=\"365\">12.8cm<\/strong> \u2013 this POP! is perfect for adorning shelves, desks or display cabinets alongside other Pop! Vinyl figures. A rewarding collector&#039;s item for fans of <em data-start=\"520\" data-end=\"538\">Star Wars: Andor<\/em> and POP! enthusiasts who want to expand their collection with a detailed and charming vinyl figure.<\/p>","protected":false},"excerpt":{"rendered":"<p>Fira din Star Wars-samling med denna officiellt licensierade Funko POP!-figur av Maarva fr\u00e5n serien Andor. Figuren \u00e4r en klassisk vinyl-bobblehead i POP!-stil och st\u00e5r i en ikonisk pose som f\u00e5ngar karakt\u00e4rens n\u00e4rvaro i rebellalliansens kamp mot Imperiet. Med sin kompakta h\u00f6jd \u2013 ungef\u00e4r 12,8 cm \u2013 \u00e4r denna POP! perfekt f\u00f6r att pryda hyllor, skrivbord [&hellip;]<\/p>\n","protected":false},"featured_media":90557,"comment_status":"open","ping_status":"closed","template":"","meta":{"_acf_changed":false,"_monsterinsights_skip_tracking":false,"_monsterinsights_sitenote_active":false,"_monsterinsights_sitenote_note":"","_monsterinsights_sitenote_category":0},"product_brand":[6993],"product_cat":[5098],"product_tag":[7523,25],"giftcard-category":[],"class_list":{"0":"post-90556","1":"product","2":"type-product","3":"status-publish","4":"has-post-thumbnail","6":"product_brand-funko","7":"product_cat-star-wars","8":"product_tag-7523","9":"product_tag-i-lager","10":"pa_franchise-star-wars-andor","11":"pa_karaktar-maarva","12":"pa_material-vinyl","13":"pa_produktserie-pop","14":"pa_storlek-9-cm","16":"first","17":"instock","18":"taxable","19":"shipping-taxable","20":"purchasable","21":"product-type-simple"},"acf":[],"yoast_head":"<!-- This site is optimized with the Yoast SEO Premium plugin v24.6 (Yoast SEO v27.4) - https:\/\/yoast.com\/product\/yoast-seo-premium-wordpress\/ -->\n<title>Star Wars : Andor POP! TV Vinyl Figure Maarva 9 cm | Animefigurer.se<\/title>\n<meta name=\"robots\" content=\"index, follow, max-snippet:-1, max-image-preview:large, max-video-preview:-1\" \/>\n<link rel=\"canonical\" href=\"https:\/\/animefigurer.se\/en\/figurer\/star-wars\/star-wars-andor-pop-tv-vinyl-figure-maarva-9-cm\/\" \/>\n<meta property=\"og:locale\" content=\"en_GB\" \/>\n<meta property=\"og:type\" content=\"article\" \/>\n<meta property=\"og:title\" content=\"Star Wars : Andor POP! TV Vinyl Figure Maarva 9 cm\" \/>\n<meta property=\"og:description\" content=\"Fira din Star Wars-samling med denna officiellt licensierade Funko POP!-figur av Maarva fr\u00e5n serien Andor. Figuren \u00e4r en klassisk vinyl-bobblehead i POP!-stil och st\u00e5r i en ikonisk pose som f\u00e5ngar karakt\u00e4rens n\u00e4rvaro i rebellalliansens kamp mot Imperiet. Med sin kompakta h\u00f6jd \u2013 ungef\u00e4r 12,8 cm \u2013 \u00e4r denna POP! perfekt f\u00f6r att pryda hyllor, skrivbord [&hellip;]\" \/>\n<meta property=\"og:url\" content=\"https:\/\/animefigurer.se\/en\/figurer\/star-wars\/star-wars-andor-pop-tv-vinyl-figure-maarva-9-cm\/\" \/>\n<meta property=\"og:site_name\" content=\"Animefigurer.se\" \/>\n<meta property=\"article:publisher\" content=\"https:\/\/www.facebook.com\/profile.php?id=61581826539670\" \/>\n<meta property=\"article:modified_time\" content=\"2026-02-27T14:52:13+00:00\" \/>\n<meta property=\"og:image\" content=\"https:\/\/animefigurer.se\/wp-content\/uploads\/2026\/02\/x_fk83771.jpg\" \/>\n\t<meta property=\"og:image:width\" content=\"800\" \/>\n\t<meta property=\"og:image:height\" content=\"800\" \/>\n\t<meta property=\"og:image:type\" content=\"image\/jpeg\" \/>\n<meta name=\"twitter:card\" content=\"summary_large_image\" \/>\n<meta name=\"twitter:label1\" content=\"Estimated reading time\" \/>\n\t<meta name=\"twitter:data1\" content=\"1 minute\" \/>\n<script type=\"application\/ld+json\" class=\"yoast-schema-graph\">{\"@context\":\"https:\\\/\\\/schema.org\",\"@graph\":[{\"@type\":\"WebPage\",\"@id\":\"https:\\\/\\\/animefigurer.se\\\/figurer\\\/star-wars\\\/star-wars-andor-pop-tv-vinyl-figure-maarva-9-cm\\\/\",\"url\":\"https:\\\/\\\/animefigurer.se\\\/figurer\\\/star-wars\\\/star-wars-andor-pop-tv-vinyl-figure-maarva-9-cm\\\/\",\"name\":\"Star Wars : Andor POP! TV Vinyl Figure Maarva 9 cm | Animefigurer.se\",\"isPartOf\":{\"@id\":\"https:\\\/\\\/animefigurer.se\\\/#website\"},\"primaryImageOfPage\":{\"@id\":\"https:\\\/\\\/animefigurer.se\\\/figurer\\\/star-wars\\\/star-wars-andor-pop-tv-vinyl-figure-maarva-9-cm\\\/#primaryimage\"},\"image\":{\"@id\":\"https:\\\/\\\/animefigurer.se\\\/figurer\\\/star-wars\\\/star-wars-andor-pop-tv-vinyl-figure-maarva-9-cm\\\/#primaryimage\"},\"thumbnailUrl\":\"https:\\\/\\\/animefigurer.se\\\/wp-content\\\/uploads\\\/2026\\\/02\\\/x_fk83771.jpg\",\"datePublished\":\"2026-02-21T08:52:00+00:00\",\"dateModified\":\"2026-02-27T14:52:13+00:00\",\"breadcrumb\":{\"@id\":\"https:\\\/\\\/animefigurer.se\\\/figurer\\\/star-wars\\\/star-wars-andor-pop-tv-vinyl-figure-maarva-9-cm\\\/#breadcrumb\"},\"inLanguage\":\"en-GB\",\"potentialAction\":[{\"@type\":\"ReadAction\",\"target\":[\"https:\\\/\\\/animefigurer.se\\\/figurer\\\/star-wars\\\/star-wars-andor-pop-tv-vinyl-figure-maarva-9-cm\\\/\"]}]},{\"@type\":\"ImageObject\",\"inLanguage\":\"en-GB\",\"@id\":\"https:\\\/\\\/animefigurer.se\\\/figurer\\\/star-wars\\\/star-wars-andor-pop-tv-vinyl-figure-maarva-9-cm\\\/#primaryimage\",\"url\":\"https:\\\/\\\/animefigurer.se\\\/wp-content\\\/uploads\\\/2026\\\/02\\\/x_fk83771.jpg\",\"contentUrl\":\"https:\\\/\\\/animefigurer.se\\\/wp-content\\\/uploads\\\/2026\\\/02\\\/x_fk83771.jpg\",\"width\":800,\"height\":800,\"caption\":\"Star Wars : Andor POP! TV Vinyl Figure Maarva 9 cm\"},{\"@type\":\"BreadcrumbList\",\"@id\":\"https:\\\/\\\/animefigurer.se\\\/figurer\\\/star-wars\\\/star-wars-andor-pop-tv-vinyl-figure-maarva-9-cm\\\/#breadcrumb\",\"itemListElement\":[{\"@type\":\"ListItem\",\"position\":1,\"name\":\"Home\",\"item\":\"https:\\\/\\\/animefigurer.se\\\/\"},{\"@type\":\"ListItem\",\"position\":2,\"name\":\"Butik\",\"item\":\"https:\\\/\\\/animefigurer.se\\\/figurer\\\/\"},{\"@type\":\"ListItem\",\"position\":3,\"name\":\"Star Wars : Andor POP! TV Vinyl Figure Maarva 9 cm\"}]},{\"@type\":\"WebSite\",\"@id\":\"https:\\\/\\\/animefigurer.se\\\/#website\",\"url\":\"https:\\\/\\\/animefigurer.se\\\/\",\"name\":\"Animefigurer.se\",\"description\":\"Anime figurer fr\u00e5n \u00f6ver 300 olika anime serier med \u00f6ver 9000 produkter | Anime Shop\",\"publisher\":{\"@id\":\"https:\\\/\\\/animefigurer.se\\\/#organization\"},\"potentialAction\":[{\"@type\":\"SearchAction\",\"target\":{\"@type\":\"EntryPoint\",\"urlTemplate\":\"https:\\\/\\\/animefigurer.se\\\/?s={search_term_string}\"},\"query-input\":{\"@type\":\"PropertyValueSpecification\",\"valueRequired\":true,\"valueName\":\"search_term_string\"}}],\"inLanguage\":\"en-GB\"},{\"@type\":\"Organization\",\"@id\":\"https:\\\/\\\/animefigurer.se\\\/#organization\",\"name\":\"Animefigurer.se\",\"alternateName\":\"Anime figurer | Anime shop\",\"url\":\"https:\\\/\\\/animefigurer.se\\\/\",\"logo\":{\"@type\":\"ImageObject\",\"inLanguage\":\"en-GB\",\"@id\":\"https:\\\/\\\/animefigurer.se\\\/#\\\/schema\\\/logo\\\/image\\\/\",\"url\":\"https:\\\/\\\/animefigurer.se\\\/wp-content\\\/uploads\\\/2025\\\/12\\\/Animefigurer_logowhite.png\",\"contentUrl\":\"https:\\\/\\\/animefigurer.se\\\/wp-content\\\/uploads\\\/2025\\\/12\\\/Animefigurer_logowhite.png\",\"width\":1890,\"height\":1417,\"caption\":\"Animefigurer.se\"},\"image\":{\"@id\":\"https:\\\/\\\/animefigurer.se\\\/#\\\/schema\\\/logo\\\/image\\\/\"},\"sameAs\":[\"https:\\\/\\\/www.facebook.com\\\/profile.php?id=61581826539670\",\"https:\\\/\\\/www.instagram.com\\\/animefigurer.se\\\/\"],\"email\":\"info@animefigurer.se\"}]}<\/script>\n<!-- \/ Yoast SEO Premium plugin. -->","yoast_head_json":{"title":"Star Wars : Andor POP! TV Vinyl Figure Maarva 9 cm | Animefigurer.se","robots":{"index":"index","follow":"follow","max-snippet":"max-snippet:-1","max-image-preview":"max-image-preview:large","max-video-preview":"max-video-preview:-1"},"canonical":"https:\/\/animefigurer.se\/en\/figurer\/star-wars\/star-wars-andor-pop-tv-vinyl-figure-maarva-9-cm\/","og_locale":"en_GB","og_type":"article","og_title":"Star Wars : Andor POP! TV Vinyl Figure Maarva 9 cm","og_description":"Fira din Star Wars-samling med denna officiellt licensierade Funko POP!-figur av Maarva fr\u00e5n serien Andor. Figuren \u00e4r en klassisk vinyl-bobblehead i POP!-stil och st\u00e5r i en ikonisk pose som f\u00e5ngar karakt\u00e4rens n\u00e4rvaro i rebellalliansens kamp mot Imperiet. Med sin kompakta h\u00f6jd \u2013 ungef\u00e4r 12,8 cm \u2013 \u00e4r denna POP! perfekt f\u00f6r att pryda hyllor, skrivbord [&hellip;]","og_url":"https:\/\/animefigurer.se\/en\/figurer\/star-wars\/star-wars-andor-pop-tv-vinyl-figure-maarva-9-cm\/","og_site_name":"Animefigurer.se","article_publisher":"https:\/\/www.facebook.com\/profile.php?id=61581826539670","article_modified_time":"2026-02-27T14:52:13+00:00","og_image":[{"width":800,"height":800,"url":"https:\/\/animefigurer.se\/wp-content\/uploads\/2026\/02\/x_fk83771.jpg","type":"image\/jpeg"}],"twitter_card":"summary_large_image","twitter_misc":{"Estimated reading time":"1 minute"},"schema":{"@context":"https:\/\/schema.org","@graph":[{"@type":"WebPage","@id":"https:\/\/animefigurer.se\/figurer\/star-wars\/star-wars-andor-pop-tv-vinyl-figure-maarva-9-cm\/","url":"https:\/\/animefigurer.se\/figurer\/star-wars\/star-wars-andor-pop-tv-vinyl-figure-maarva-9-cm\/","name":"Star Wars : Andor POP! TV Vinyl Figure Maarva 9 cm | Animefigurer.se","isPartOf":{"@id":"https:\/\/animefigurer.se\/#website"},"primaryImageOfPage":{"@id":"https:\/\/animefigurer.se\/figurer\/star-wars\/star-wars-andor-pop-tv-vinyl-figure-maarva-9-cm\/#primaryimage"},"image":{"@id":"https:\/\/animefigurer.se\/figurer\/star-wars\/star-wars-andor-pop-tv-vinyl-figure-maarva-9-cm\/#primaryimage"},"thumbnailUrl":"https:\/\/animefigurer.se\/wp-content\/uploads\/2026\/02\/x_fk83771.jpg","datePublished":"2026-02-21T08:52:00+00:00","dateModified":"2026-02-27T14:52:13+00:00","breadcrumb":{"@id":"https:\/\/animefigurer.se\/figurer\/star-wars\/star-wars-andor-pop-tv-vinyl-figure-maarva-9-cm\/#breadcrumb"},"inLanguage":"en-GB","potentialAction":[{"@type":"ReadAction","target":["https:\/\/animefigurer.se\/figurer\/star-wars\/star-wars-andor-pop-tv-vinyl-figure-maarva-9-cm\/"]}]},{"@type":"ImageObject","inLanguage":"en-GB","@id":"https:\/\/animefigurer.se\/figurer\/star-wars\/star-wars-andor-pop-tv-vinyl-figure-maarva-9-cm\/#primaryimage","url":"https:\/\/animefigurer.se\/wp-content\/uploads\/2026\/02\/x_fk83771.jpg","contentUrl":"https:\/\/animefigurer.se\/wp-content\/uploads\/2026\/02\/x_fk83771.jpg","width":800,"height":800,"caption":"Star Wars : Andor POP! TV Vinyl Figure Maarva 9 cm"},{"@type":"BreadcrumbList","@id":"https:\/\/animefigurer.se\/figurer\/star-wars\/star-wars-andor-pop-tv-vinyl-figure-maarva-9-cm\/#breadcrumb","itemListElement":[{"@type":"ListItem","position":1,"name":"Home","item":"https:\/\/animefigurer.se\/"},{"@type":"ListItem","position":2,"name":"Butik","item":"https:\/\/animefigurer.se\/figurer\/"},{"@type":"ListItem","position":3,"name":"Star Wars : Andor POP! TV Vinyl Figure Maarva 9 cm"}]},{"@type":"WebSite","@id":"https:\/\/animefigurer.se\/#website","url":"https:\/\/animefigurer.se\/","name":"Animefigurer.se","description":"Anime figures from over 300 different anime series with over 9000 products | Anime Shop","publisher":{"@id":"https:\/\/animefigurer.se\/#organization"},"potentialAction":[{"@type":"SearchAction","target":{"@type":"EntryPoint","urlTemplate":"https:\/\/animefigurer.se\/?s={search_term_string}"},"query-input":{"@type":"PropertyValueSpecification","valueRequired":true,"valueName":"search_term_string"}}],"inLanguage":"en-GB"},{"@type":"Organization","@id":"https:\/\/animefigurer.se\/#organization","name":"Animefigurer.se","alternateName":"Anime figurer | Anime shop","url":"https:\/\/animefigurer.se\/","logo":{"@type":"ImageObject","inLanguage":"en-GB","@id":"https:\/\/animefigurer.se\/#\/schema\/logo\/image\/","url":"https:\/\/animefigurer.se\/wp-content\/uploads\/2025\/12\/Animefigurer_logowhite.png","contentUrl":"https:\/\/animefigurer.se\/wp-content\/uploads\/2025\/12\/Animefigurer_logowhite.png","width":1890,"height":1417,"caption":"Animefigurer.se"},"image":{"@id":"https:\/\/animefigurer.se\/#\/schema\/logo\/image\/"},"sameAs":["https:\/\/www.facebook.com\/profile.php?id=61581826539670","https:\/\/www.instagram.com\/animefigurer.se\/"],"email":"info@animefigurer.se"}]}},"_links":{"self":[{"href":"https:\/\/animefigurer.se\/en\/wp-json\/wp\/v2\/product\/90556","targetHints":{"allow":["GET"]}}],"collection":[{"href":"https:\/\/animefigurer.se\/en\/wp-json\/wp\/v2\/product"}],"about":[{"href":"https:\/\/animefigurer.se\/en\/wp-json\/wp\/v2\/types\/product"}],"replies":[{"embeddable":true,"href":"https:\/\/animefigurer.se\/en\/wp-json\/wp\/v2\/comments?post=90556"}],"wp:featuredmedia":[{"embeddable":true,"href":"https:\/\/animefigurer.se\/en\/wp-json\/wp\/v2\/media\/90557"}],"wp:attachment":[{"href":"https:\/\/animefigurer.se\/en\/wp-json\/wp\/v2\/media?parent=90556"}],"wp:term":[{"taxonomy":"product_brand","embeddable":true,"href":"https:\/\/animefigurer.se\/en\/wp-json\/wp\/v2\/product_brand?post=90556"},{"taxonomy":"product_cat","embeddable":true,"href":"https:\/\/animefigurer.se\/en\/wp-json\/wp\/v2\/product_cat?post=90556"},{"taxonomy":"product_tag","embeddable":true,"href":"https:\/\/animefigurer.se\/en\/wp-json\/wp\/v2\/product_tag?post=90556"},{"taxonomy":"giftcard-category","embeddable":true,"href":"https:\/\/animefigurer.se\/en\/wp-json\/wp\/v2\/giftcard-category?post=90556"}],"curies":[{"name":"wp","href":"https:\/\/api.w.org\/{rel}","templated":true}]}}