{"id":90501,"date":"2026-02-20T09:53:12","date_gmt":"2026-02-20T08:53:12","guid":{"rendered":"https:\/\/animefigurer.se\/?post_type=product&#038;p=90501"},"modified":"2026-02-21T00:41:47","modified_gmt":"2026-02-20T23:41:47","slug":"buzzmod-demon-slayerkimetsu-no-yaiba-giyu-tomioka-ver-2","status":"publish","type":"product","link":"https:\/\/animefigurer.se\/en\/figurer\/demon-slayer-kimetsu-no-yaiba\/buzzmod-demon-slayerkimetsu-no-yaiba-giyu-tomioka-ver-2\/","title":{"rendered":"BUZZ mod. Demon Slayer: Kimetsu no Yaiba Giyu Tomioka Ver. 2"},"content":{"rendered":"<p>For <em data-start=\"37\" data-end=\"69\">Demon Slayer: Kimetsu no Yaiba<\/em>-fans are this <strong data-start=\"84\" data-end=\"116\">BUZZmod. Giyu Tomioka Ver. 2<\/strong> an action figure that really delivers! In <strong data-start=\"159\" data-end=\"173\">1\/12 scale<\/strong> and with plenty of points of articulation, you can create powerful poses inspired by Giyuu&#039;s iconic fighting techniques. The figure comes with <strong data-start=\"309\" data-end=\"341\" data-is-only-node=\"\">three interchangeable faceplates<\/strong> including the series&#039; characteristic concentrated expression, <strong data-start=\"399\" data-end=\"429\">new Nichirin sword blade<\/strong>, as well as several <strong data-start=\"442\" data-end=\"457\">power parts<\/strong> which highlights his stylized water-breathing movements. With details such as <strong data-start=\"531\" data-end=\"551\">fabric-haori-coat<\/strong> and interchangeable hand and arm parts, this figure gives you the freedom to build dramatic scenes in your collection. A perfect choice for those who want dynamism, flexibility and a stylish presentation of Giyu on a shelf, desk or in a display case - a must for serious collectors of <em data-start=\"817\" data-end=\"831\">Demon Slayer<\/em>-figures!<\/p>","protected":false},"excerpt":{"rendered":"<p>F\u00f6r Demon Slayer: Kimetsu no Yaiba-fans \u00e4r detta BUZZmod. Giyu Tomioka Ver. 2 en actionfigur som verkligen levererar! I 1\/12-skala och med gott om artikulationspunkter kan du skapa kraftfulla poser inspirerade av Giyus ikoniska stridstekniker. Figuren levereras med tre utbytbara ansiktsplattor inklusive seriens karakt\u00e4ristiska koncentrerade uttryck, nya Nichirin-sv\u00e4rdets blad, samt flera effektdelar som framh\u00e4ver hans [&hellip;]<\/p>\n","protected":false},"featured_media":90502,"comment_status":"open","ping_status":"closed","template":"","meta":{"_acf_changed":false,"_monsterinsights_skip_tracking":false,"_monsterinsights_sitenote_active":false,"_monsterinsights_sitenote_note":"","_monsterinsights_sitenote_category":0},"product_brand":[6913],"product_cat":[1603],"product_tag":[26],"giftcard-category":[],"class_list":{"0":"post-90501","1":"product","2":"type-product","3":"status-publish","4":"has-post-thumbnail","6":"product_brand-aniplex","7":"product_cat-demon-slayer-kimetsu-no-yaiba","8":"product_tag-pre-order","9":"pa_franchise-demon-slayer-kimetsu-no-yaiba","10":"pa_karaktar-giyu-tomioka","11":"pa_material-abs-pom-and-pvc","12":"pa_storlek-15-cm","14":"first","15":"instock","16":"taxable","17":"shipping-taxable","18":"purchasable","19":"product-type-simple"},"acf":[],"yoast_head":"<!-- This site is optimized with the Yoast SEO Premium plugin v24.6 (Yoast SEO v27.3) - https:\/\/yoast.com\/product\/yoast-seo-premium-wordpress\/ -->\n<title>BUZZmod. Demon Slayer:Kimetsu no Yaiba Giyu Tomioka Ver. 2 | Animefigurer.se<\/title>\n<meta name=\"robots\" content=\"index, follow, max-snippet:-1, max-image-preview:large, max-video-preview:-1\" \/>\n<link rel=\"canonical\" href=\"https:\/\/animefigurer.se\/en\/figurer\/demon-slayer-kimetsu-no-yaiba\/buzzmod-demon-slayerkimetsu-no-yaiba-giyu-tomioka-ver-2\/\" \/>\n<meta property=\"og:locale\" content=\"en_GB\" \/>\n<meta property=\"og:type\" content=\"article\" \/>\n<meta property=\"og:title\" content=\"BUZZmod. Demon Slayer:Kimetsu no Yaiba Giyu Tomioka Ver. 2\" \/>\n<meta property=\"og:description\" content=\"F\u00f6r Demon Slayer: Kimetsu no Yaiba-fans \u00e4r detta BUZZmod. Giyu Tomioka Ver. 2 en actionfigur som verkligen levererar! I 1\/12-skala och med gott om artikulationspunkter kan du skapa kraftfulla poser inspirerade av Giyus ikoniska stridstekniker. Figuren levereras med tre utbytbara ansiktsplattor inklusive seriens karakt\u00e4ristiska koncentrerade uttryck, nya Nichirin-sv\u00e4rdets blad, samt flera effektdelar som framh\u00e4ver hans [&hellip;]\" \/>\n<meta property=\"og:url\" content=\"https:\/\/animefigurer.se\/en\/figurer\/demon-slayer-kimetsu-no-yaiba\/buzzmod-demon-slayerkimetsu-no-yaiba-giyu-tomioka-ver-2\/\" \/>\n<meta property=\"og:site_name\" content=\"Animefigurer.se\" \/>\n<meta property=\"article:publisher\" content=\"https:\/\/www.facebook.com\/profile.php?id=61581826539670\" \/>\n<meta property=\"article:modified_time\" content=\"2026-02-20T23:41:47+00:00\" \/>\n<meta property=\"og:image\" content=\"https:\/\/animefigurer.se\/wp-content\/uploads\/2026\/02\/aisePUxqFTZ1MRXyQp9Wdzc2m5BnJSN6.webp\" \/>\n\t<meta property=\"og:image:width\" content=\"750\" \/>\n\t<meta property=\"og:image:height\" content=\"1126\" \/>\n\t<meta property=\"og:image:type\" content=\"image\/webp\" \/>\n<meta name=\"twitter:card\" content=\"summary_large_image\" \/>\n<meta name=\"twitter:label1\" content=\"Estimated reading time\" \/>\n\t<meta name=\"twitter:data1\" content=\"1 minute\" \/>\n<script type=\"application\/ld+json\" class=\"yoast-schema-graph\">{\"@context\":\"https:\\\/\\\/schema.org\",\"@graph\":[{\"@type\":\"WebPage\",\"@id\":\"https:\\\/\\\/animefigurer.se\\\/figurer\\\/demon-slayer-kimetsu-no-yaiba\\\/buzzmod-demon-slayerkimetsu-no-yaiba-giyu-tomioka-ver-2\\\/\",\"url\":\"https:\\\/\\\/animefigurer.se\\\/figurer\\\/demon-slayer-kimetsu-no-yaiba\\\/buzzmod-demon-slayerkimetsu-no-yaiba-giyu-tomioka-ver-2\\\/\",\"name\":\"BUZZmod. Demon Slayer:Kimetsu no Yaiba Giyu Tomioka Ver. 2 | Animefigurer.se\",\"isPartOf\":{\"@id\":\"https:\\\/\\\/animefigurer.se\\\/#website\"},\"primaryImageOfPage\":{\"@id\":\"https:\\\/\\\/animefigurer.se\\\/figurer\\\/demon-slayer-kimetsu-no-yaiba\\\/buzzmod-demon-slayerkimetsu-no-yaiba-giyu-tomioka-ver-2\\\/#primaryimage\"},\"image\":{\"@id\":\"https:\\\/\\\/animefigurer.se\\\/figurer\\\/demon-slayer-kimetsu-no-yaiba\\\/buzzmod-demon-slayerkimetsu-no-yaiba-giyu-tomioka-ver-2\\\/#primaryimage\"},\"thumbnailUrl\":\"https:\\\/\\\/animefigurer.se\\\/wp-content\\\/uploads\\\/2026\\\/02\\\/aisePUxqFTZ1MRXyQp9Wdzc2m5BnJSN6.webp\",\"datePublished\":\"2026-02-20T08:53:12+00:00\",\"dateModified\":\"2026-02-20T23:41:47+00:00\",\"breadcrumb\":{\"@id\":\"https:\\\/\\\/animefigurer.se\\\/figurer\\\/demon-slayer-kimetsu-no-yaiba\\\/buzzmod-demon-slayerkimetsu-no-yaiba-giyu-tomioka-ver-2\\\/#breadcrumb\"},\"inLanguage\":\"en-GB\",\"potentialAction\":[{\"@type\":\"ReadAction\",\"target\":[\"https:\\\/\\\/animefigurer.se\\\/figurer\\\/demon-slayer-kimetsu-no-yaiba\\\/buzzmod-demon-slayerkimetsu-no-yaiba-giyu-tomioka-ver-2\\\/\"]}]},{\"@type\":\"ImageObject\",\"inLanguage\":\"en-GB\",\"@id\":\"https:\\\/\\\/animefigurer.se\\\/figurer\\\/demon-slayer-kimetsu-no-yaiba\\\/buzzmod-demon-slayerkimetsu-no-yaiba-giyu-tomioka-ver-2\\\/#primaryimage\",\"url\":\"https:\\\/\\\/animefigurer.se\\\/wp-content\\\/uploads\\\/2026\\\/02\\\/aisePUxqFTZ1MRXyQp9Wdzc2m5BnJSN6.webp\",\"contentUrl\":\"https:\\\/\\\/animefigurer.se\\\/wp-content\\\/uploads\\\/2026\\\/02\\\/aisePUxqFTZ1MRXyQp9Wdzc2m5BnJSN6.webp\",\"width\":750,\"height\":1126,\"caption\":\"BUZZmod. Demon Slayer:Kimetsu no Yaiba Giyu Tomioka Ver. 2\"},{\"@type\":\"BreadcrumbList\",\"@id\":\"https:\\\/\\\/animefigurer.se\\\/figurer\\\/demon-slayer-kimetsu-no-yaiba\\\/buzzmod-demon-slayerkimetsu-no-yaiba-giyu-tomioka-ver-2\\\/#breadcrumb\",\"itemListElement\":[{\"@type\":\"ListItem\",\"position\":1,\"name\":\"Home\",\"item\":\"https:\\\/\\\/animefigurer.se\\\/\"},{\"@type\":\"ListItem\",\"position\":2,\"name\":\"Butik\",\"item\":\"https:\\\/\\\/animefigurer.se\\\/figurer\\\/\"},{\"@type\":\"ListItem\",\"position\":3,\"name\":\"BUZZmod. Demon Slayer:Kimetsu no Yaiba Giyu Tomioka Ver. 2\"}]},{\"@type\":\"WebSite\",\"@id\":\"https:\\\/\\\/animefigurer.se\\\/#website\",\"url\":\"https:\\\/\\\/animefigurer.se\\\/\",\"name\":\"Animefigurer.se\",\"description\":\"Anime figurer fr\u00e5n \u00f6ver 300 olika anime serier med \u00f6ver 9000 produkter | Anime Shop\",\"publisher\":{\"@id\":\"https:\\\/\\\/animefigurer.se\\\/#organization\"},\"potentialAction\":[{\"@type\":\"SearchAction\",\"target\":{\"@type\":\"EntryPoint\",\"urlTemplate\":\"https:\\\/\\\/animefigurer.se\\\/?s={search_term_string}\"},\"query-input\":{\"@type\":\"PropertyValueSpecification\",\"valueRequired\":true,\"valueName\":\"search_term_string\"}}],\"inLanguage\":\"en-GB\"},{\"@type\":\"Organization\",\"@id\":\"https:\\\/\\\/animefigurer.se\\\/#organization\",\"name\":\"Animefigurer.se\",\"alternateName\":\"Anime figurer | Anime shop\",\"url\":\"https:\\\/\\\/animefigurer.se\\\/\",\"logo\":{\"@type\":\"ImageObject\",\"inLanguage\":\"en-GB\",\"@id\":\"https:\\\/\\\/animefigurer.se\\\/#\\\/schema\\\/logo\\\/image\\\/\",\"url\":\"https:\\\/\\\/animefigurer.se\\\/wp-content\\\/uploads\\\/2025\\\/12\\\/Animefigurer_logowhite.png\",\"contentUrl\":\"https:\\\/\\\/animefigurer.se\\\/wp-content\\\/uploads\\\/2025\\\/12\\\/Animefigurer_logowhite.png\",\"width\":1890,\"height\":1417,\"caption\":\"Animefigurer.se\"},\"image\":{\"@id\":\"https:\\\/\\\/animefigurer.se\\\/#\\\/schema\\\/logo\\\/image\\\/\"},\"sameAs\":[\"https:\\\/\\\/www.facebook.com\\\/profile.php?id=61581826539670\",\"https:\\\/\\\/www.instagram.com\\\/animefigurer.se\\\/\"],\"email\":\"info@animefigurer.se\"}]}<\/script>\n<!-- \/ Yoast SEO Premium plugin. -->","yoast_head_json":{"title":"BUZZ mod. Demon Slayer: Kimetsu no Yaiba Giyu Tomioka Ver. 2 | Animefigurer.se","robots":{"index":"index","follow":"follow","max-snippet":"max-snippet:-1","max-image-preview":"max-image-preview:large","max-video-preview":"max-video-preview:-1"},"canonical":"https:\/\/animefigurer.se\/en\/figurer\/demon-slayer-kimetsu-no-yaiba\/buzzmod-demon-slayerkimetsu-no-yaiba-giyu-tomioka-ver-2\/","og_locale":"en_GB","og_type":"article","og_title":"BUZZmod. Demon Slayer:Kimetsu no Yaiba Giyu Tomioka Ver. 2","og_description":"F\u00f6r Demon Slayer: Kimetsu no Yaiba-fans \u00e4r detta BUZZmod. Giyu Tomioka Ver. 2 en actionfigur som verkligen levererar! I 1\/12-skala och med gott om artikulationspunkter kan du skapa kraftfulla poser inspirerade av Giyus ikoniska stridstekniker. Figuren levereras med tre utbytbara ansiktsplattor inklusive seriens karakt\u00e4ristiska koncentrerade uttryck, nya Nichirin-sv\u00e4rdets blad, samt flera effektdelar som framh\u00e4ver hans [&hellip;]","og_url":"https:\/\/animefigurer.se\/en\/figurer\/demon-slayer-kimetsu-no-yaiba\/buzzmod-demon-slayerkimetsu-no-yaiba-giyu-tomioka-ver-2\/","og_site_name":"Animefigurer.se","article_publisher":"https:\/\/www.facebook.com\/profile.php?id=61581826539670","article_modified_time":"2026-02-20T23:41:47+00:00","og_image":[{"width":750,"height":1126,"url":"https:\/\/animefigurer.se\/wp-content\/uploads\/2026\/02\/aisePUxqFTZ1MRXyQp9Wdzc2m5BnJSN6.webp","type":"image\/webp"}],"twitter_card":"summary_large_image","twitter_misc":{"Estimated reading time":"1 minute"},"schema":{"@context":"https:\/\/schema.org","@graph":[{"@type":"WebPage","@id":"https:\/\/animefigurer.se\/figurer\/demon-slayer-kimetsu-no-yaiba\/buzzmod-demon-slayerkimetsu-no-yaiba-giyu-tomioka-ver-2\/","url":"https:\/\/animefigurer.se\/figurer\/demon-slayer-kimetsu-no-yaiba\/buzzmod-demon-slayerkimetsu-no-yaiba-giyu-tomioka-ver-2\/","name":"BUZZ mod. Demon Slayer: Kimetsu no Yaiba Giyu Tomioka Ver. 2 | Animefigurer.se","isPartOf":{"@id":"https:\/\/animefigurer.se\/#website"},"primaryImageOfPage":{"@id":"https:\/\/animefigurer.se\/figurer\/demon-slayer-kimetsu-no-yaiba\/buzzmod-demon-slayerkimetsu-no-yaiba-giyu-tomioka-ver-2\/#primaryimage"},"image":{"@id":"https:\/\/animefigurer.se\/figurer\/demon-slayer-kimetsu-no-yaiba\/buzzmod-demon-slayerkimetsu-no-yaiba-giyu-tomioka-ver-2\/#primaryimage"},"thumbnailUrl":"https:\/\/animefigurer.se\/wp-content\/uploads\/2026\/02\/aisePUxqFTZ1MRXyQp9Wdzc2m5BnJSN6.webp","datePublished":"2026-02-20T08:53:12+00:00","dateModified":"2026-02-20T23:41:47+00:00","breadcrumb":{"@id":"https:\/\/animefigurer.se\/figurer\/demon-slayer-kimetsu-no-yaiba\/buzzmod-demon-slayerkimetsu-no-yaiba-giyu-tomioka-ver-2\/#breadcrumb"},"inLanguage":"en-GB","potentialAction":[{"@type":"ReadAction","target":["https:\/\/animefigurer.se\/figurer\/demon-slayer-kimetsu-no-yaiba\/buzzmod-demon-slayerkimetsu-no-yaiba-giyu-tomioka-ver-2\/"]}]},{"@type":"ImageObject","inLanguage":"en-GB","@id":"https:\/\/animefigurer.se\/figurer\/demon-slayer-kimetsu-no-yaiba\/buzzmod-demon-slayerkimetsu-no-yaiba-giyu-tomioka-ver-2\/#primaryimage","url":"https:\/\/animefigurer.se\/wp-content\/uploads\/2026\/02\/aisePUxqFTZ1MRXyQp9Wdzc2m5BnJSN6.webp","contentUrl":"https:\/\/animefigurer.se\/wp-content\/uploads\/2026\/02\/aisePUxqFTZ1MRXyQp9Wdzc2m5BnJSN6.webp","width":750,"height":1126,"caption":"BUZZmod. Demon Slayer:Kimetsu no Yaiba Giyu Tomioka Ver. 2"},{"@type":"BreadcrumbList","@id":"https:\/\/animefigurer.se\/figurer\/demon-slayer-kimetsu-no-yaiba\/buzzmod-demon-slayerkimetsu-no-yaiba-giyu-tomioka-ver-2\/#breadcrumb","itemListElement":[{"@type":"ListItem","position":1,"name":"Home","item":"https:\/\/animefigurer.se\/"},{"@type":"ListItem","position":2,"name":"Butik","item":"https:\/\/animefigurer.se\/figurer\/"},{"@type":"ListItem","position":3,"name":"BUZZmod. Demon Slayer:Kimetsu no Yaiba Giyu Tomioka Ver. 2"}]},{"@type":"WebSite","@id":"https:\/\/animefigurer.se\/#website","url":"https:\/\/animefigurer.se\/","name":"Animefigurer.se","description":"Anime figures from over 300 different anime series with over 9000 products | Anime Shop","publisher":{"@id":"https:\/\/animefigurer.se\/#organization"},"potentialAction":[{"@type":"SearchAction","target":{"@type":"EntryPoint","urlTemplate":"https:\/\/animefigurer.se\/?s={search_term_string}"},"query-input":{"@type":"PropertyValueSpecification","valueRequired":true,"valueName":"search_term_string"}}],"inLanguage":"en-GB"},{"@type":"Organization","@id":"https:\/\/animefigurer.se\/#organization","name":"Animefigurer.se","alternateName":"Anime figurer | Anime shop","url":"https:\/\/animefigurer.se\/","logo":{"@type":"ImageObject","inLanguage":"en-GB","@id":"https:\/\/animefigurer.se\/#\/schema\/logo\/image\/","url":"https:\/\/animefigurer.se\/wp-content\/uploads\/2025\/12\/Animefigurer_logowhite.png","contentUrl":"https:\/\/animefigurer.se\/wp-content\/uploads\/2025\/12\/Animefigurer_logowhite.png","width":1890,"height":1417,"caption":"Animefigurer.se"},"image":{"@id":"https:\/\/animefigurer.se\/#\/schema\/logo\/image\/"},"sameAs":["https:\/\/www.facebook.com\/profile.php?id=61581826539670","https:\/\/www.instagram.com\/animefigurer.se\/"],"email":"info@animefigurer.se"}]}},"_links":{"self":[{"href":"https:\/\/animefigurer.se\/en\/wp-json\/wp\/v2\/product\/90501","targetHints":{"allow":["GET"]}}],"collection":[{"href":"https:\/\/animefigurer.se\/en\/wp-json\/wp\/v2\/product"}],"about":[{"href":"https:\/\/animefigurer.se\/en\/wp-json\/wp\/v2\/types\/product"}],"replies":[{"embeddable":true,"href":"https:\/\/animefigurer.se\/en\/wp-json\/wp\/v2\/comments?post=90501"}],"wp:featuredmedia":[{"embeddable":true,"href":"https:\/\/animefigurer.se\/en\/wp-json\/wp\/v2\/media\/90502"}],"wp:attachment":[{"href":"https:\/\/animefigurer.se\/en\/wp-json\/wp\/v2\/media?parent=90501"}],"wp:term":[{"taxonomy":"product_brand","embeddable":true,"href":"https:\/\/animefigurer.se\/en\/wp-json\/wp\/v2\/product_brand?post=90501"},{"taxonomy":"product_cat","embeddable":true,"href":"https:\/\/animefigurer.se\/en\/wp-json\/wp\/v2\/product_cat?post=90501"},{"taxonomy":"product_tag","embeddable":true,"href":"https:\/\/animefigurer.se\/en\/wp-json\/wp\/v2\/product_tag?post=90501"},{"taxonomy":"giftcard-category","embeddable":true,"href":"https:\/\/animefigurer.se\/en\/wp-json\/wp\/v2\/giftcard-category?post=90501"}],"curies":[{"name":"wp","href":"https:\/\/api.w.org\/{rel}","templated":true}]}}