{"id":90297,"date":"2026-02-16T19:55:25","date_gmt":"2026-02-16T18:55:25","guid":{"rendered":"https:\/\/animefigurer.se\/?post_type=product&#038;p=90297"},"modified":"2026-03-03T21:30:06","modified_gmt":"2026-03-03T20:30:06","slug":"one-piece-mystery-box-max-1st-kund","status":"publish","type":"product","link":"https:\/\/animefigurer.se\/en\/figurer\/okategoriserad\/one-piece-mystery-box-max-1st-kund\/","title":{"rendered":"One Piece Mystery Box (Max 1pc\/customer) Anime Figures Exclusive"},"content":{"rendered":"<p>One Piece Mystery Box \u2013<strong> The contents are valued at a minimum of 1500-2000:- SEK (The box is 35x35x35 cm)<\/strong><\/p>\n<p>Do you like One Piece and want a surprise? Then our Mystery Box is perfect. Each box contains a mix of <strong data-start=\"406\" data-end=\"459\">One Piece figures and officially inspired merch<\/strong> which can be anything from small collectibles to practical accessories, limited figures and other merch. The contents are secret until you open them \u2013 making them just as fun to give as they are to keep for yourself.<\/p>\n<p data-start=\"630\" data-end=\"663\"><strong data-start=\"630\" data-end=\"661\">This may be in the box:<\/strong><\/p>\n<ul data-start=\"664\" data-end=\"848\">\n<li data-start=\"664\" data-end=\"706\">\n<p data-start=\"666\" data-end=\"706\">At least 1x One Piece figure(s) or minifigure<\/p>\n<\/li>\n<li data-start=\"707\" data-end=\"786\">\n<p data-start=\"709\" data-end=\"786\">Merch such as key chains, pins, stickers, straps, cards, small accessories<\/p>\n<\/li>\n<li data-start=\"787\" data-end=\"848\">\n<p data-start=\"789\" data-end=\"848\">Sometimes you can find extra \u201cbonus items\u201d depending on the box level<\/p>\n<\/li>\n<li data-start=\"787\" data-end=\"848\">Other type of merch from the One-Piece series<\/li>\n<\/ul>\n<p data-start=\"850\" data-end=\"883\"><strong data-start=\"850\" data-end=\"881\">Why you&#039;ll love it:<\/strong><\/p>\n<ul data-start=\"884\" data-end=\"1053\">\n<li data-start=\"884\" data-end=\"942\">\n<p data-start=\"886\" data-end=\"942\">Perfect for collectors and fans of the Straw Hat crew<\/p>\n<\/li>\n<li data-start=\"943\" data-end=\"988\">\n<p data-start=\"945\" data-end=\"988\">Fun \u201cunboxing\u201d feeling \u2013 each box is unique<\/p>\n<\/li>\n<li data-start=\"989\" data-end=\"1053\">\n<p data-start=\"991\" data-end=\"1053\">Great gift for One Piece fans (birthday, Christmas, spontaneous gift)<\/p>\n<\/li>\n<\/ul>\n<p data-start=\"1055\" data-end=\"1074\"><strong data-start=\"1055\" data-end=\"1072\">Good to know:<\/strong><\/p>\n<ul data-start=\"1075\" data-end=\"1331\">\n<li data-start=\"1075\" data-end=\"1164\">\n<p data-start=\"1077\" data-end=\"1164\">Contents vary between boxes, no one gets the exact same figure, small merch may be the same in some cases<\/p>\n<\/li>\n<li data-start=\"1165\" data-end=\"1238\">\n<p data-start=\"1167\" data-end=\"1238\">Products may come in mixed sizes\/designs depending on stock.<\/p>\n<\/li>\n<\/ul>","protected":false},"excerpt":{"rendered":"<p>One Piece Mystery Box \u2013 Contents are valued at <strong>1500:- SEK<\/strong><br \/>\nDo you like One Piece and want a surprise? Then our Mystery Box is perfect. Each box contains a mix of <strong data-start=\"406\" data-end=\"459\">One Piece figures and officially inspired merch<\/strong> which can be anything from small collectibles to practical accessories. The contents are secret until you open them \u2013 making them just as fun to give as they are to keep for yourself.<\/p>\n<p data-start=\"630\" data-end=\"663\"><strong data-start=\"630\" data-end=\"661\">This may be in the box:<\/strong><\/p>\n<ul data-start=\"664\" data-end=\"848\">\n<li data-start=\"664\" data-end=\"706\">\n<p data-start=\"666\" data-end=\"706\">At least 1x One Piece figure(s) or minifigure<\/p>\n<\/li>\n<li data-start=\"707\" data-end=\"786\">\n<p data-start=\"709\" data-end=\"786\">Merch such as key chains, pins, stickers, straps, cards, small accessories<\/p>\n<\/li>\n<li data-start=\"787\" data-end=\"848\">\n<p data-start=\"789\" data-end=\"848\">Sometimes you can find extra \u201cbonus items\u201d<\/p>\n<\/li>\n<\/ul>","protected":false},"featured_media":90298,"comment_status":"open","ping_status":"closed","template":"","meta":{"_acf_changed":false,"_monsterinsights_skip_tracking":false,"_monsterinsights_sitenote_active":false,"_monsterinsights_sitenote_note":"","_monsterinsights_sitenote_category":0},"product_brand":[7512],"product_cat":[15,18],"product_tag":[25],"giftcard-category":[],"class_list":{"0":"post-90297","1":"product","2":"type-product","3":"status-publish","4":"has-post-thumbnail","6":"product_brand-animefigurer-se","7":"product_cat-okategoriserad","8":"product_cat-one-piece","9":"product_tag-i-lager","11":"first","12":"instock","13":"sold-individually","14":"taxable","15":"shipping-taxable","16":"purchasable","17":"product-type-simple"},"acf":[],"yoast_head":"<!-- This site is optimized with the Yoast SEO Premium plugin v24.6 (Yoast SEO v27.3) - https:\/\/yoast.com\/product\/yoast-seo-premium-wordpress\/ -->\n<title>One Piece Mystery Box (Max 1st\/kund) Animefigurer Exclusive | Animefigurer.se<\/title>\n<meta name=\"robots\" content=\"index, follow, max-snippet:-1, max-image-preview:large, max-video-preview:-1\" \/>\n<link rel=\"canonical\" href=\"https:\/\/animefigurer.se\/en\/figurer\/okategoriserad\/one-piece-mystery-box-max-1st-kund\/\" \/>\n<meta property=\"og:locale\" content=\"en_GB\" \/>\n<meta property=\"og:type\" content=\"article\" \/>\n<meta property=\"og:title\" content=\"One Piece Mystery Box (Max 1st\/kund) Animefigurer Exclusive\" \/>\n<meta property=\"og:description\" content=\"One Piece Mystery Box - \u00a0Inneh\u00e5llet \u00e4r v\u00e4rderat till 1500:- SEK Gillar du One Piece och vill ha en \u00f6verraskning? D\u00e5 \u00e4r v\u00e5r Mystery Box perfekt. Varje box inneh\u00e5ller en mix av One Piece-figurer och officiellt inspirerad merch som kan vara allt fr\u00e5n sm\u00e5 samlarprylar till praktiska accessoarer. Inneh\u00e5llet \u00e4r hemligt tills du \u00f6ppnar \u2013 vilket g\u00f6r den lika rolig att ge bort som att beh\u00e5lla sj\u00e4lv. Det h\u00e4r kan finnas i boxen:     Minst 1x One Piece-figur(er) eller minifigur    Merch som t.ex. nyckelringar, pins, stickers, straps, kort, sm\u00e5 accessoarer    Ibland kan du hitta extra \u201cbonus-items\u201d\" \/>\n<meta property=\"og:url\" content=\"https:\/\/animefigurer.se\/en\/figurer\/okategoriserad\/one-piece-mystery-box-max-1st-kund\/\" \/>\n<meta property=\"og:site_name\" content=\"Animefigurer.se\" \/>\n<meta property=\"article:publisher\" content=\"https:\/\/www.facebook.com\/profile.php?id=61581826539670\" \/>\n<meta property=\"article:modified_time\" content=\"2026-03-03T20:30:06+00:00\" \/>\n<meta property=\"og:image\" content=\"https:\/\/animefigurer.se\/wp-content\/uploads\/2026\/02\/mockup-5-1-1024x1024.png\" \/>\n\t<meta property=\"og:image:width\" content=\"1024\" \/>\n\t<meta property=\"og:image:height\" content=\"1024\" \/>\n\t<meta property=\"og:image:type\" content=\"image\/png\" \/>\n<meta name=\"twitter:card\" content=\"summary_large_image\" \/>\n<meta name=\"twitter:label1\" content=\"Estimated reading time\" \/>\n\t<meta name=\"twitter:data1\" content=\"2 minutes\" \/>\n<script type=\"application\/ld+json\" class=\"yoast-schema-graph\">{\"@context\":\"https:\\\/\\\/schema.org\",\"@graph\":[{\"@type\":\"WebPage\",\"@id\":\"https:\\\/\\\/animefigurer.se\\\/figurer\\\/okategoriserad\\\/one-piece-mystery-box-max-1st-kund\\\/\",\"url\":\"https:\\\/\\\/animefigurer.se\\\/figurer\\\/okategoriserad\\\/one-piece-mystery-box-max-1st-kund\\\/\",\"name\":\"One Piece Mystery Box (Max 1st\\\/kund) Animefigurer Exclusive | Animefigurer.se\",\"isPartOf\":{\"@id\":\"https:\\\/\\\/animefigurer.se\\\/#website\"},\"primaryImageOfPage\":{\"@id\":\"https:\\\/\\\/animefigurer.se\\\/figurer\\\/okategoriserad\\\/one-piece-mystery-box-max-1st-kund\\\/#primaryimage\"},\"image\":{\"@id\":\"https:\\\/\\\/animefigurer.se\\\/figurer\\\/okategoriserad\\\/one-piece-mystery-box-max-1st-kund\\\/#primaryimage\"},\"thumbnailUrl\":\"https:\\\/\\\/animefigurer.se\\\/wp-content\\\/uploads\\\/2026\\\/02\\\/mockup-5-1-scaled.png\",\"datePublished\":\"2026-02-16T18:55:25+00:00\",\"dateModified\":\"2026-03-03T20:30:06+00:00\",\"breadcrumb\":{\"@id\":\"https:\\\/\\\/animefigurer.se\\\/figurer\\\/okategoriserad\\\/one-piece-mystery-box-max-1st-kund\\\/#breadcrumb\"},\"inLanguage\":\"en-GB\",\"potentialAction\":[{\"@type\":\"ReadAction\",\"target\":[\"https:\\\/\\\/animefigurer.se\\\/figurer\\\/okategoriserad\\\/one-piece-mystery-box-max-1st-kund\\\/\"]}]},{\"@type\":\"ImageObject\",\"inLanguage\":\"en-GB\",\"@id\":\"https:\\\/\\\/animefigurer.se\\\/figurer\\\/okategoriserad\\\/one-piece-mystery-box-max-1st-kund\\\/#primaryimage\",\"url\":\"https:\\\/\\\/animefigurer.se\\\/wp-content\\\/uploads\\\/2026\\\/02\\\/mockup-5-1-scaled.png\",\"contentUrl\":\"https:\\\/\\\/animefigurer.se\\\/wp-content\\\/uploads\\\/2026\\\/02\\\/mockup-5-1-scaled.png\",\"width\":2560,\"height\":2560},{\"@type\":\"BreadcrumbList\",\"@id\":\"https:\\\/\\\/animefigurer.se\\\/figurer\\\/okategoriserad\\\/one-piece-mystery-box-max-1st-kund\\\/#breadcrumb\",\"itemListElement\":[{\"@type\":\"ListItem\",\"position\":1,\"name\":\"Home\",\"item\":\"https:\\\/\\\/animefigurer.se\\\/\"},{\"@type\":\"ListItem\",\"position\":2,\"name\":\"Butik\",\"item\":\"https:\\\/\\\/animefigurer.se\\\/figurer\\\/\"},{\"@type\":\"ListItem\",\"position\":3,\"name\":\"One Piece Mystery Box (Max 1st\\\/kund) Animefigurer Exclusive\"}]},{\"@type\":\"WebSite\",\"@id\":\"https:\\\/\\\/animefigurer.se\\\/#website\",\"url\":\"https:\\\/\\\/animefigurer.se\\\/\",\"name\":\"Animefigurer.se\",\"description\":\"Anime figurer fr\u00e5n \u00f6ver 300 olika anime serier med \u00f6ver 9000 produkter | Anime Shop\",\"publisher\":{\"@id\":\"https:\\\/\\\/animefigurer.se\\\/#organization\"},\"potentialAction\":[{\"@type\":\"SearchAction\",\"target\":{\"@type\":\"EntryPoint\",\"urlTemplate\":\"https:\\\/\\\/animefigurer.se\\\/?s={search_term_string}\"},\"query-input\":{\"@type\":\"PropertyValueSpecification\",\"valueRequired\":true,\"valueName\":\"search_term_string\"}}],\"inLanguage\":\"en-GB\"},{\"@type\":\"Organization\",\"@id\":\"https:\\\/\\\/animefigurer.se\\\/#organization\",\"name\":\"Animefigurer.se\",\"alternateName\":\"Anime figurer | Anime shop\",\"url\":\"https:\\\/\\\/animefigurer.se\\\/\",\"logo\":{\"@type\":\"ImageObject\",\"inLanguage\":\"en-GB\",\"@id\":\"https:\\\/\\\/animefigurer.se\\\/#\\\/schema\\\/logo\\\/image\\\/\",\"url\":\"https:\\\/\\\/animefigurer.se\\\/wp-content\\\/uploads\\\/2025\\\/12\\\/Animefigurer_logowhite.png\",\"contentUrl\":\"https:\\\/\\\/animefigurer.se\\\/wp-content\\\/uploads\\\/2025\\\/12\\\/Animefigurer_logowhite.png\",\"width\":1890,\"height\":1417,\"caption\":\"Animefigurer.se\"},\"image\":{\"@id\":\"https:\\\/\\\/animefigurer.se\\\/#\\\/schema\\\/logo\\\/image\\\/\"},\"sameAs\":[\"https:\\\/\\\/www.facebook.com\\\/profile.php?id=61581826539670\",\"https:\\\/\\\/www.instagram.com\\\/animefigurer.se\\\/\"],\"email\":\"info@animefigurer.se\"}]}<\/script>\n<!-- \/ Yoast SEO Premium plugin. -->","yoast_head_json":{"title":"One Piece Mystery Box (Max 1pc\/customer) Anime Figures Exclusive | Animefigurer.se","robots":{"index":"index","follow":"follow","max-snippet":"max-snippet:-1","max-image-preview":"max-image-preview:large","max-video-preview":"max-video-preview:-1"},"canonical":"https:\/\/animefigurer.se\/en\/figurer\/okategoriserad\/one-piece-mystery-box-max-1st-kund\/","og_locale":"en_GB","og_type":"article","og_title":"One Piece Mystery Box (Max 1st\/kund) Animefigurer Exclusive","og_description":"One Piece Mystery Box - \u00a0Inneh\u00e5llet \u00e4r v\u00e4rderat till 1500:- SEK Gillar du One Piece och vill ha en \u00f6verraskning? D\u00e5 \u00e4r v\u00e5r Mystery Box perfekt. Varje box inneh\u00e5ller en mix av One Piece-figurer och officiellt inspirerad merch som kan vara allt fr\u00e5n sm\u00e5 samlarprylar till praktiska accessoarer. Inneh\u00e5llet \u00e4r hemligt tills du \u00f6ppnar \u2013 vilket g\u00f6r den lika rolig att ge bort som att beh\u00e5lla sj\u00e4lv. Det h\u00e4r kan finnas i boxen:     Minst 1x One Piece-figur(er) eller minifigur    Merch som t.ex. nyckelringar, pins, stickers, straps, kort, sm\u00e5 accessoarer    Ibland kan du hitta extra \u201cbonus-items\u201d","og_url":"https:\/\/animefigurer.se\/en\/figurer\/okategoriserad\/one-piece-mystery-box-max-1st-kund\/","og_site_name":"Animefigurer.se","article_publisher":"https:\/\/www.facebook.com\/profile.php?id=61581826539670","article_modified_time":"2026-03-03T20:30:06+00:00","og_image":[{"width":1024,"height":1024,"url":"https:\/\/animefigurer.se\/wp-content\/uploads\/2026\/02\/mockup-5-1-1024x1024.png","type":"image\/png"}],"twitter_card":"summary_large_image","twitter_misc":{"Estimated reading time":"2 minutes"},"schema":{"@context":"https:\/\/schema.org","@graph":[{"@type":"WebPage","@id":"https:\/\/animefigurer.se\/figurer\/okategoriserad\/one-piece-mystery-box-max-1st-kund\/","url":"https:\/\/animefigurer.se\/figurer\/okategoriserad\/one-piece-mystery-box-max-1st-kund\/","name":"One Piece Mystery Box (Max 1pc\/customer) Anime Figures Exclusive | Animefigurer.se","isPartOf":{"@id":"https:\/\/animefigurer.se\/#website"},"primaryImageOfPage":{"@id":"https:\/\/animefigurer.se\/figurer\/okategoriserad\/one-piece-mystery-box-max-1st-kund\/#primaryimage"},"image":{"@id":"https:\/\/animefigurer.se\/figurer\/okategoriserad\/one-piece-mystery-box-max-1st-kund\/#primaryimage"},"thumbnailUrl":"https:\/\/animefigurer.se\/wp-content\/uploads\/2026\/02\/mockup-5-1-scaled.png","datePublished":"2026-02-16T18:55:25+00:00","dateModified":"2026-03-03T20:30:06+00:00","breadcrumb":{"@id":"https:\/\/animefigurer.se\/figurer\/okategoriserad\/one-piece-mystery-box-max-1st-kund\/#breadcrumb"},"inLanguage":"en-GB","potentialAction":[{"@type":"ReadAction","target":["https:\/\/animefigurer.se\/figurer\/okategoriserad\/one-piece-mystery-box-max-1st-kund\/"]}]},{"@type":"ImageObject","inLanguage":"en-GB","@id":"https:\/\/animefigurer.se\/figurer\/okategoriserad\/one-piece-mystery-box-max-1st-kund\/#primaryimage","url":"https:\/\/animefigurer.se\/wp-content\/uploads\/2026\/02\/mockup-5-1-scaled.png","contentUrl":"https:\/\/animefigurer.se\/wp-content\/uploads\/2026\/02\/mockup-5-1-scaled.png","width":2560,"height":2560},{"@type":"BreadcrumbList","@id":"https:\/\/animefigurer.se\/figurer\/okategoriserad\/one-piece-mystery-box-max-1st-kund\/#breadcrumb","itemListElement":[{"@type":"ListItem","position":1,"name":"Home","item":"https:\/\/animefigurer.se\/"},{"@type":"ListItem","position":2,"name":"Butik","item":"https:\/\/animefigurer.se\/figurer\/"},{"@type":"ListItem","position":3,"name":"One Piece Mystery Box (Max 1st\/kund) Animefigurer Exclusive"}]},{"@type":"WebSite","@id":"https:\/\/animefigurer.se\/#website","url":"https:\/\/animefigurer.se\/","name":"Animefigurer.se","description":"Anime figures from over 300 different anime series with over 9000 products | Anime Shop","publisher":{"@id":"https:\/\/animefigurer.se\/#organization"},"potentialAction":[{"@type":"SearchAction","target":{"@type":"EntryPoint","urlTemplate":"https:\/\/animefigurer.se\/?s={search_term_string}"},"query-input":{"@type":"PropertyValueSpecification","valueRequired":true,"valueName":"search_term_string"}}],"inLanguage":"en-GB"},{"@type":"Organization","@id":"https:\/\/animefigurer.se\/#organization","name":"Animefigurer.se","alternateName":"Anime figurer | Anime shop","url":"https:\/\/animefigurer.se\/","logo":{"@type":"ImageObject","inLanguage":"en-GB","@id":"https:\/\/animefigurer.se\/#\/schema\/logo\/image\/","url":"https:\/\/animefigurer.se\/wp-content\/uploads\/2025\/12\/Animefigurer_logowhite.png","contentUrl":"https:\/\/animefigurer.se\/wp-content\/uploads\/2025\/12\/Animefigurer_logowhite.png","width":1890,"height":1417,"caption":"Animefigurer.se"},"image":{"@id":"https:\/\/animefigurer.se\/#\/schema\/logo\/image\/"},"sameAs":["https:\/\/www.facebook.com\/profile.php?id=61581826539670","https:\/\/www.instagram.com\/animefigurer.se\/"],"email":"info@animefigurer.se"}]}},"_links":{"self":[{"href":"https:\/\/animefigurer.se\/en\/wp-json\/wp\/v2\/product\/90297","targetHints":{"allow":["GET"]}}],"collection":[{"href":"https:\/\/animefigurer.se\/en\/wp-json\/wp\/v2\/product"}],"about":[{"href":"https:\/\/animefigurer.se\/en\/wp-json\/wp\/v2\/types\/product"}],"replies":[{"embeddable":true,"href":"https:\/\/animefigurer.se\/en\/wp-json\/wp\/v2\/comments?post=90297"}],"wp:featuredmedia":[{"embeddable":true,"href":"https:\/\/animefigurer.se\/en\/wp-json\/wp\/v2\/media\/90298"}],"wp:attachment":[{"href":"https:\/\/animefigurer.se\/en\/wp-json\/wp\/v2\/media?parent=90297"}],"wp:term":[{"taxonomy":"product_brand","embeddable":true,"href":"https:\/\/animefigurer.se\/en\/wp-json\/wp\/v2\/product_brand?post=90297"},{"taxonomy":"product_cat","embeddable":true,"href":"https:\/\/animefigurer.se\/en\/wp-json\/wp\/v2\/product_cat?post=90297"},{"taxonomy":"product_tag","embeddable":true,"href":"https:\/\/animefigurer.se\/en\/wp-json\/wp\/v2\/product_tag?post=90297"},{"taxonomy":"giftcard-category","embeddable":true,"href":"https:\/\/animefigurer.se\/en\/wp-json\/wp\/v2\/giftcard-category?post=90297"}],"curies":[{"name":"wp","href":"https:\/\/api.w.org\/{rel}","templated":true}]}}