{"id":90106,"date":"2026-02-14T14:35:03","date_gmt":"2026-02-14T13:35:03","guid":{"rendered":"https:\/\/animefigurer.se\/?post_type=product&#038;p=90106"},"modified":"2026-02-14T14:35:03","modified_gmt":"2026-02-14T13:35:03","slug":"nendoroid-xiao-figure","status":"publish","type":"product","link":"https:\/\/animefigurer.se\/en\/figurer\/genshin-impact\/nendoroid-xiao-figure\/","title":{"rendered":"Nendoroid Xiao (Figure)"},"content":{"rendered":"<p data-start=\"55\" data-end=\"942\">is a charming and detailed Nendoroid collectible figure from the popular game <em data-start=\"136\" data-end=\"152\">Genshin Impact<\/em>, which represents the awe-inspiring <strong data-start=\"191\" data-end=\"210\">Guardian Yaksha<\/strong> \u2014 <strong data-start=\"213\" data-end=\"221\">Xiao<\/strong>. This figure in classic Nendoroid style comes with <strong data-start=\"273\" data-end=\"299\">three interchangeable faces<\/strong> (standard, intense gaze and battle face) so you can vary the expression and character of the display. The figure also includes iconic accessories such as <strong data-start=\"447\" data-end=\"479\">Primordial Jade Winged-Spear<\/strong>, <strong data-start=\"481\" data-end=\"491\">the mask<\/strong> and a small <strong data-start=\"506\" data-end=\"533\">almandine-tofu-accessory<\/strong>, giving more opportunities to create dynamic poses or calm scenarios. Made of painted plastic and supplied with a stand, this Nendoroid is <strong data-start=\"681\" data-end=\"701\">approximately 100 mm high<\/strong> \u2013 perfect for placing in your collection, on your shelf or desk. A must-have for <em data-start=\"784\" data-end=\"800\">Genshin Impact<\/em>-fans and collectors who want an expressive and versatile figure that captures Xiao&#039;s character and atmosphere.<\/p>","protected":false},"excerpt":{"rendered":"<p>\u00e4r en charmig och detaljerad Nendoroid-samlarfigur fr\u00e5n det popul\u00e4ra spelet Genshin Impact, som f\u00f6rest\u00e4ller den respektingivande Guardian Yaksha \u2014 Xiao. Denna figure i klassisk Nendoroid-stil kommer med tre utbytbara ansikten (standard, intensiv blick och stridsansikte) s\u00e5 att du kan variera displayens uttryck och karakt\u00e4r. Figuren inkluderar \u00e4ven ikoniska tillbeh\u00f6r som Primordial Jade Winged-Spear, masken samt [&hellip;]<\/p>\n","protected":false},"featured_media":90107,"comment_status":"open","ping_status":"closed","template":"","meta":{"_acf_changed":false,"_monsterinsights_skip_tracking":false,"_monsterinsights_sitenote_active":false,"_monsterinsights_sitenote_note":"","_monsterinsights_sitenote_category":0},"product_brand":[6890],"product_cat":[2424],"product_tag":[26],"giftcard-category":[],"class_list":{"0":"post-90106","1":"product","2":"type-product","3":"status-publish","4":"has-post-thumbnail","6":"product_brand-good-smile-company","7":"product_cat-genshin-impact","8":"product_tag-pre-order","9":"pa_franchise-genshin-impact","10":"pa_karaktar-xiao","11":"pa_material-plastic","12":"pa_produktserie-nendoroid","13":"pa_storlek-10-cm","15":"first","16":"instock","17":"taxable","18":"shipping-taxable","19":"purchasable","20":"product-type-simple"},"acf":[],"yoast_head":"<!-- This site is optimized with the Yoast SEO Premium plugin v24.6 (Yoast SEO v27.4) - https:\/\/yoast.com\/product\/yoast-seo-premium-wordpress\/ -->\n<title>Nendoroid Xiao (Figure) | Animefigurer.se<\/title>\n<meta name=\"robots\" content=\"index, follow, max-snippet:-1, max-image-preview:large, max-video-preview:-1\" \/>\n<link rel=\"canonical\" href=\"https:\/\/animefigurer.se\/en\/figurer\/genshin-impact\/nendoroid-xiao-figure\/\" \/>\n<meta property=\"og:locale\" content=\"en_GB\" \/>\n<meta property=\"og:type\" content=\"article\" \/>\n<meta property=\"og:title\" content=\"Nendoroid Xiao (Figure)\" \/>\n<meta property=\"og:description\" content=\"\u00e4r en charmig och detaljerad Nendoroid-samlarfigur fr\u00e5n det popul\u00e4ra spelet Genshin Impact, som f\u00f6rest\u00e4ller den respektingivande Guardian Yaksha \u2014 Xiao. Denna figure i klassisk Nendoroid-stil kommer med tre utbytbara ansikten (standard, intensiv blick och stridsansikte) s\u00e5 att du kan variera displayens uttryck och karakt\u00e4r. Figuren inkluderar \u00e4ven ikoniska tillbeh\u00f6r som Primordial Jade Winged-Spear, masken samt [&hellip;]\" \/>\n<meta property=\"og:url\" content=\"https:\/\/animefigurer.se\/en\/figurer\/genshin-impact\/nendoroid-xiao-figure\/\" \/>\n<meta property=\"og:site_name\" content=\"Animefigurer.se\" \/>\n<meta property=\"article:publisher\" content=\"https:\/\/www.facebook.com\/profile.php?id=61581826539670\" \/>\n<meta property=\"og:image\" content=\"https:\/\/animefigurer.se\/wp-content\/uploads\/2026\/02\/11339576a.webp\" \/>\n\t<meta property=\"og:image:width\" content=\"750\" \/>\n\t<meta property=\"og:image:height\" content=\"1000\" \/>\n\t<meta property=\"og:image:type\" content=\"image\/webp\" \/>\n<meta name=\"twitter:card\" content=\"summary_large_image\" \/>\n<meta name=\"twitter:label1\" content=\"Estimated reading time\" \/>\n\t<meta name=\"twitter:data1\" content=\"1 minute\" \/>\n<script type=\"application\/ld+json\" class=\"yoast-schema-graph\">{\"@context\":\"https:\\\/\\\/schema.org\",\"@graph\":[{\"@type\":\"WebPage\",\"@id\":\"https:\\\/\\\/animefigurer.se\\\/figurer\\\/genshin-impact\\\/nendoroid-xiao-figure\\\/\",\"url\":\"https:\\\/\\\/animefigurer.se\\\/figurer\\\/genshin-impact\\\/nendoroid-xiao-figure\\\/\",\"name\":\"Nendoroid Xiao (Figure) | Animefigurer.se\",\"isPartOf\":{\"@id\":\"https:\\\/\\\/animefigurer.se\\\/#website\"},\"primaryImageOfPage\":{\"@id\":\"https:\\\/\\\/animefigurer.se\\\/figurer\\\/genshin-impact\\\/nendoroid-xiao-figure\\\/#primaryimage\"},\"image\":{\"@id\":\"https:\\\/\\\/animefigurer.se\\\/figurer\\\/genshin-impact\\\/nendoroid-xiao-figure\\\/#primaryimage\"},\"thumbnailUrl\":\"https:\\\/\\\/animefigurer.se\\\/wp-content\\\/uploads\\\/2026\\\/02\\\/11339576a.webp\",\"datePublished\":\"2026-02-14T13:35:03+00:00\",\"breadcrumb\":{\"@id\":\"https:\\\/\\\/animefigurer.se\\\/figurer\\\/genshin-impact\\\/nendoroid-xiao-figure\\\/#breadcrumb\"},\"inLanguage\":\"en-GB\",\"potentialAction\":[{\"@type\":\"ReadAction\",\"target\":[\"https:\\\/\\\/animefigurer.se\\\/figurer\\\/genshin-impact\\\/nendoroid-xiao-figure\\\/\"]}]},{\"@type\":\"ImageObject\",\"inLanguage\":\"en-GB\",\"@id\":\"https:\\\/\\\/animefigurer.se\\\/figurer\\\/genshin-impact\\\/nendoroid-xiao-figure\\\/#primaryimage\",\"url\":\"https:\\\/\\\/animefigurer.se\\\/wp-content\\\/uploads\\\/2026\\\/02\\\/11339576a.webp\",\"contentUrl\":\"https:\\\/\\\/animefigurer.se\\\/wp-content\\\/uploads\\\/2026\\\/02\\\/11339576a.webp\",\"width\":750,\"height\":1000,\"caption\":\"Nendoroid Xiao (Figure)\"},{\"@type\":\"BreadcrumbList\",\"@id\":\"https:\\\/\\\/animefigurer.se\\\/figurer\\\/genshin-impact\\\/nendoroid-xiao-figure\\\/#breadcrumb\",\"itemListElement\":[{\"@type\":\"ListItem\",\"position\":1,\"name\":\"Home\",\"item\":\"https:\\\/\\\/animefigurer.se\\\/\"},{\"@type\":\"ListItem\",\"position\":2,\"name\":\"Butik\",\"item\":\"https:\\\/\\\/animefigurer.se\\\/figurer\\\/\"},{\"@type\":\"ListItem\",\"position\":3,\"name\":\"Nendoroid Xiao (Figure)\"}]},{\"@type\":\"WebSite\",\"@id\":\"https:\\\/\\\/animefigurer.se\\\/#website\",\"url\":\"https:\\\/\\\/animefigurer.se\\\/\",\"name\":\"Animefigurer.se\",\"description\":\"Anime figurer fr\u00e5n \u00f6ver 300 olika anime serier med \u00f6ver 9000 produkter | Anime Shop\",\"publisher\":{\"@id\":\"https:\\\/\\\/animefigurer.se\\\/#organization\"},\"potentialAction\":[{\"@type\":\"SearchAction\",\"target\":{\"@type\":\"EntryPoint\",\"urlTemplate\":\"https:\\\/\\\/animefigurer.se\\\/?s={search_term_string}\"},\"query-input\":{\"@type\":\"PropertyValueSpecification\",\"valueRequired\":true,\"valueName\":\"search_term_string\"}}],\"inLanguage\":\"en-GB\"},{\"@type\":\"Organization\",\"@id\":\"https:\\\/\\\/animefigurer.se\\\/#organization\",\"name\":\"Animefigurer.se\",\"alternateName\":\"Anime figurer | Anime shop\",\"url\":\"https:\\\/\\\/animefigurer.se\\\/\",\"logo\":{\"@type\":\"ImageObject\",\"inLanguage\":\"en-GB\",\"@id\":\"https:\\\/\\\/animefigurer.se\\\/#\\\/schema\\\/logo\\\/image\\\/\",\"url\":\"https:\\\/\\\/animefigurer.se\\\/wp-content\\\/uploads\\\/2025\\\/12\\\/Animefigurer_logowhite.png\",\"contentUrl\":\"https:\\\/\\\/animefigurer.se\\\/wp-content\\\/uploads\\\/2025\\\/12\\\/Animefigurer_logowhite.png\",\"width\":1890,\"height\":1417,\"caption\":\"Animefigurer.se\"},\"image\":{\"@id\":\"https:\\\/\\\/animefigurer.se\\\/#\\\/schema\\\/logo\\\/image\\\/\"},\"sameAs\":[\"https:\\\/\\\/www.facebook.com\\\/profile.php?id=61581826539670\",\"https:\\\/\\\/www.instagram.com\\\/animefigurer.se\\\/\"],\"email\":\"info@animefigurer.se\"}]}<\/script>\n<!-- \/ Yoast SEO Premium plugin. -->","yoast_head_json":{"title":"Nendoroid Xiao (Figure) | Animefigurer.se","robots":{"index":"index","follow":"follow","max-snippet":"max-snippet:-1","max-image-preview":"max-image-preview:large","max-video-preview":"max-video-preview:-1"},"canonical":"https:\/\/animefigurer.se\/en\/figurer\/genshin-impact\/nendoroid-xiao-figure\/","og_locale":"en_GB","og_type":"article","og_title":"Nendoroid Xiao (Figure)","og_description":"\u00e4r en charmig och detaljerad Nendoroid-samlarfigur fr\u00e5n det popul\u00e4ra spelet Genshin Impact, som f\u00f6rest\u00e4ller den respektingivande Guardian Yaksha \u2014 Xiao. Denna figure i klassisk Nendoroid-stil kommer med tre utbytbara ansikten (standard, intensiv blick och stridsansikte) s\u00e5 att du kan variera displayens uttryck och karakt\u00e4r. Figuren inkluderar \u00e4ven ikoniska tillbeh\u00f6r som Primordial Jade Winged-Spear, masken samt [&hellip;]","og_url":"https:\/\/animefigurer.se\/en\/figurer\/genshin-impact\/nendoroid-xiao-figure\/","og_site_name":"Animefigurer.se","article_publisher":"https:\/\/www.facebook.com\/profile.php?id=61581826539670","og_image":[{"width":750,"height":1000,"url":"https:\/\/animefigurer.se\/wp-content\/uploads\/2026\/02\/11339576a.webp","type":"image\/webp"}],"twitter_card":"summary_large_image","twitter_misc":{"Estimated reading time":"1 minute"},"schema":{"@context":"https:\/\/schema.org","@graph":[{"@type":"WebPage","@id":"https:\/\/animefigurer.se\/figurer\/genshin-impact\/nendoroid-xiao-figure\/","url":"https:\/\/animefigurer.se\/figurer\/genshin-impact\/nendoroid-xiao-figure\/","name":"Nendoroid Xiao (Figure) | Animefigurer.se","isPartOf":{"@id":"https:\/\/animefigurer.se\/#website"},"primaryImageOfPage":{"@id":"https:\/\/animefigurer.se\/figurer\/genshin-impact\/nendoroid-xiao-figure\/#primaryimage"},"image":{"@id":"https:\/\/animefigurer.se\/figurer\/genshin-impact\/nendoroid-xiao-figure\/#primaryimage"},"thumbnailUrl":"https:\/\/animefigurer.se\/wp-content\/uploads\/2026\/02\/11339576a.webp","datePublished":"2026-02-14T13:35:03+00:00","breadcrumb":{"@id":"https:\/\/animefigurer.se\/figurer\/genshin-impact\/nendoroid-xiao-figure\/#breadcrumb"},"inLanguage":"en-GB","potentialAction":[{"@type":"ReadAction","target":["https:\/\/animefigurer.se\/figurer\/genshin-impact\/nendoroid-xiao-figure\/"]}]},{"@type":"ImageObject","inLanguage":"en-GB","@id":"https:\/\/animefigurer.se\/figurer\/genshin-impact\/nendoroid-xiao-figure\/#primaryimage","url":"https:\/\/animefigurer.se\/wp-content\/uploads\/2026\/02\/11339576a.webp","contentUrl":"https:\/\/animefigurer.se\/wp-content\/uploads\/2026\/02\/11339576a.webp","width":750,"height":1000,"caption":"Nendoroid Xiao (Figure)"},{"@type":"BreadcrumbList","@id":"https:\/\/animefigurer.se\/figurer\/genshin-impact\/nendoroid-xiao-figure\/#breadcrumb","itemListElement":[{"@type":"ListItem","position":1,"name":"Home","item":"https:\/\/animefigurer.se\/"},{"@type":"ListItem","position":2,"name":"Butik","item":"https:\/\/animefigurer.se\/figurer\/"},{"@type":"ListItem","position":3,"name":"Nendoroid Xiao (Figure)"}]},{"@type":"WebSite","@id":"https:\/\/animefigurer.se\/#website","url":"https:\/\/animefigurer.se\/","name":"Animefigurer.se","description":"Anime figures from over 300 different anime series with over 9000 products | Anime Shop","publisher":{"@id":"https:\/\/animefigurer.se\/#organization"},"potentialAction":[{"@type":"SearchAction","target":{"@type":"EntryPoint","urlTemplate":"https:\/\/animefigurer.se\/?s={search_term_string}"},"query-input":{"@type":"PropertyValueSpecification","valueRequired":true,"valueName":"search_term_string"}}],"inLanguage":"en-GB"},{"@type":"Organization","@id":"https:\/\/animefigurer.se\/#organization","name":"Animefigurer.se","alternateName":"Anime figurer | Anime shop","url":"https:\/\/animefigurer.se\/","logo":{"@type":"ImageObject","inLanguage":"en-GB","@id":"https:\/\/animefigurer.se\/#\/schema\/logo\/image\/","url":"https:\/\/animefigurer.se\/wp-content\/uploads\/2025\/12\/Animefigurer_logowhite.png","contentUrl":"https:\/\/animefigurer.se\/wp-content\/uploads\/2025\/12\/Animefigurer_logowhite.png","width":1890,"height":1417,"caption":"Animefigurer.se"},"image":{"@id":"https:\/\/animefigurer.se\/#\/schema\/logo\/image\/"},"sameAs":["https:\/\/www.facebook.com\/profile.php?id=61581826539670","https:\/\/www.instagram.com\/animefigurer.se\/"],"email":"info@animefigurer.se"}]}},"_links":{"self":[{"href":"https:\/\/animefigurer.se\/en\/wp-json\/wp\/v2\/product\/90106","targetHints":{"allow":["GET"]}}],"collection":[{"href":"https:\/\/animefigurer.se\/en\/wp-json\/wp\/v2\/product"}],"about":[{"href":"https:\/\/animefigurer.se\/en\/wp-json\/wp\/v2\/types\/product"}],"replies":[{"embeddable":true,"href":"https:\/\/animefigurer.se\/en\/wp-json\/wp\/v2\/comments?post=90106"}],"wp:featuredmedia":[{"embeddable":true,"href":"https:\/\/animefigurer.se\/en\/wp-json\/wp\/v2\/media\/90107"}],"wp:attachment":[{"href":"https:\/\/animefigurer.se\/en\/wp-json\/wp\/v2\/media?parent=90106"}],"wp:term":[{"taxonomy":"product_brand","embeddable":true,"href":"https:\/\/animefigurer.se\/en\/wp-json\/wp\/v2\/product_brand?post=90106"},{"taxonomy":"product_cat","embeddable":true,"href":"https:\/\/animefigurer.se\/en\/wp-json\/wp\/v2\/product_cat?post=90106"},{"taxonomy":"product_tag","embeddable":true,"href":"https:\/\/animefigurer.se\/en\/wp-json\/wp\/v2\/product_tag?post=90106"},{"taxonomy":"giftcard-category","embeddable":true,"href":"https:\/\/animefigurer.se\/en\/wp-json\/wp\/v2\/giftcard-category?post=90106"}],"curies":[{"name":"wp","href":"https:\/\/api.w.org\/{rel}","templated":true}]}}